{"id":32522,"date":"2025-09-16T03:49:52","date_gmt":"2025-09-16T03:49:52","guid":{"rendered":"https:\/\/rollingringdrives.com\/?post_type=product&#038;p=32522"},"modified":"2025-09-20T08:50:12","modified_gmt":"2025-09-20T08:50:12","slug":"dual-axis-laser-diameter-gauge-for-wire-produce-line","status":"publish","type":"product","link":"https:\/\/rollingringdrives.com\/de\/produkt\/dual-axis-laser-diameter-gauge-for-wire-produce-line\/","title":{"rendered":"Zweiachsiges Laser-Durchmessermessger\u00e4t f\u00fcr Drahtproduktionslinie"},"content":{"rendered":"<p>Das Laser-Durchmessermessger\u00e4t ist ein professionelles, ber\u00fchrungsloses, dynamisches Durchmessermessger\u00e4t, das f\u00fcr die Messung des Durchmessers von Glasfaserkabeln, Dr\u00e4hten und Kabeln, Glasrohren, Kunststoffrohren, Lagern und anderen runden Werkst\u00fccken geeignet ist. Das Ger\u00e4t misst und zeigt nicht nur den Durchmesserwert und den Abweichungswert an, sondern kann auch automatisch den Durchmesser entsprechend den Anforderungen des Benutzers steuern, um die Konsistenz des Drahtdurchmessers zu erhalten.<\/p>\n<div id=\"footable_parent_32523\"\n         class=\"footable_parent ninja_table_wrapper loading_ninja_table wp_table_data_press_parent semantic_ui\">\n                <table data-ninja_table_instance=\"ninja_table_instance_0\" data-footable_id=\"32523\" data-filter-delay=\"1000\" aria-label=\"Laserdurchmessermessger\u00e4t\u9ad8\u901f\u53cc\u8f74\u5b98\u7f51.csv\"            id=\"footable_32523\"\n           data-unique_identifier=\"ninja_table_unique_id_870127436_32523\"\n           class=\"foo-table ninja_footable foo_table_32523 ninja_table_unique_id_870127436_32523 ui table  ninja_search_right nt_type_legacy_table selectable striped vertical_centered celled  footable-paging-right ninja_table_pro\">\n                <colgroup>\n                            <col class=\"ninja_column_0\">\n                            <col class=\"ninja_column_1\">\n                            <col class=\"ninja_column_2\">\n                            <col class=\"ninja_column_3\">\n                            <col class=\"ninja_column_4\">\n                            <col class=\"ninja_column_5\">\n                            <col class=\"ninja_column_6\">\n                    <\/colgroup>\n        <thead>\n<tr class=\"footable-header\">\n                                                                                                                        <th scope=\"col\"  class=\"ninja_column_0 ninja_clmn_nm_model\">Modell<\/th><th scope=\"col\"  class=\"ninja_column_1 ninja_clmn_nm_3xy\">3XY<\/th><th scope=\"col\"  class=\"ninja_column_2 ninja_clmn_nm_25xy\">25XY<\/th><th scope=\"col\"  class=\"ninja_column_3 ninja_clmn_nm_5xy\">50XY<\/th><th scope=\"col\"  class=\"ninja_column_4 ninja_clmn_nm_7xy\">70XY<\/th><th scope=\"col\"  class=\"ninja_column_5 ninja_clmn_nm_12xy\">120XY<\/th><th scope=\"col\"  class=\"ninja_column_6 ninja_clmn_nm_17xy\">170XY<\/th><\/tr>\n<\/thead>\n<tbody>\n\n        <tr data-row_id=\"1829\" class=\"ninja_table_row_0 nt_row_id_1829\">\n            <td>Nummer der Messachse<\/td><td>Doppel-Aixe<\/td><td>Doppel-Aixe<\/td><td>Doppel-Aixe<\/td><td>Doppel-Aixe<\/td><td>Doppel-Aixe<\/td><td>Doppel-Aixe<\/td>        <\/tr>\n            <tr data-row_id=\"1832\" class=\"ninja_table_row_1 nt_row_id_1832\">\n            <td>Abtastgeschwindigkeit des Durchmessermessger\u00e4ts<\/td><td>1400 Mal\/Sekunde<\/td><td>1400 Mal\/Sekunde<\/td><td>1400 Mal\/Sekunde<\/td><td>1400 Mal\/Sekunde<\/td><td>1400 Mal\/Sekunde<\/td><td>1400 Mal\/Sekunde<\/td>        <\/tr>\n            <tr data-row_id=\"1833\" class=\"ninja_table_row_2 nt_row_id_1833\">\n            <td>Aufl\u00f6sung<\/td><td>0,001 mm<\/td><td>0,001 mm<\/td><td>0,001 mm<\/td><td>0,001 mm<\/td><td>0,001 mm<\/td><td>0,001 mm<\/td>        <\/tr>\n            <tr data-row_id=\"1834\" class=\"ninja_table_row_3 nt_row_id_1834\">\n            <td>Versorgungsspannung<\/td><td>AC220V+10% 50HZ<\/td><td>AC220V+10% 50HZ<\/td><td>AC220V+10% 50HZ<\/td><td>AC220V+10% 50HZ<\/td><td>AC220V+10% 50HZ<\/td><td>AC220V+10% 50HZ<\/td>        <\/tr>\n            <tr data-row_id=\"1837\" class=\"ninja_table_row_4 nt_row_id_1837\">\n            <td>Optionales Zubeh\u00f6r<\/td><td>Halterung, serielle Leitung, Fernsteuerung, Fernanzeige<\/td><td>Halterung, serielle Leitung, Fernsteuerung, Fernanzeige<\/td><td>Halterung, serielle Leitung, Fernsteuerung, Fernanzeige<\/td><td>Halterung, serielle Leitung, Fernsteuerung, Fernanzeige<\/td><td>Halterung, serielle Leitung, Fernsteuerung, Fernanzeige<\/td><td>Halterung, serielle Leitung, Fernsteuerung, Fernanzeige<\/td>        <\/tr>\n            <tr data-row_id=\"1839\" class=\"ninja_table_row_5 nt_row_id_1839\">\n            <td>Gewicht<\/td><td>5kg<\/td><td>4,5 kg<\/td><td>8,5 kg<\/td><td>16KG<\/td><td>27kg<\/td><td>30kg<\/td>        <\/tr>\n    <\/tbody><!--ninja_tobody_rendering_done-->\n    <\/table>\n    \n    \n    \n<\/div>\n\n<p><strong>Laserdurchmesser Anwendbare Objekte und Anwendungen<\/strong><br \/>\n1. Zylindrische Objekte<br \/>\nWie z. B. Wellen, Rohre, Kabel und optische Fasern. Geeignet f\u00fcr eine Vielzahl von Materialien, einschlie\u00dflich Metallen und Kunststoffen, f\u00fcr hochpr\u00e4zise Durchmesser- und Formmessungen.<br \/>\n2. Drahtf\u00f6rmige Objekte<br \/>\nMetalldr\u00e4hte, optische Fasern und d\u00fcnne Dr\u00e4hte werden in der Draht- und Kabelindustrie sowie in der Glasfaserkommunikation eingesetzt.<br \/>\n3. Transparente und transluzente Objekte<br \/>\nKann transparente Materialien wie Glasrohre und transparente Kunststoffrohre messen, was f\u00fcr die Qualit\u00e4tskontrolle von Verpackungen und Rohrleitungen in der chemischen und pharmazeutischen Industrie entscheidend ist.<br \/>\n4. Rollende oder rotierende Objekte<br \/>\nUnterst\u00fctzt dynamische Messungen, z. B. an Walzwellen und rotierenden Stahlrohren in Produktionslinien, und erm\u00f6glicht so Echtzeit\u00fcberwachung und Qualit\u00e4tskontrolle.<br \/>\n5. Hochtemperatur-Objekte<br \/>\nUnterst\u00fctzt Messungen in Hochtemperaturumgebungen, wie z. B. bei warmgewalztem Stahl und Hochtemperaturmaterialien, die bei der Glasherstellung verwendet werden. Geeignet f\u00fcr industrielle Hochtemperaturanwendungen wie Metallurgie und Glasherstellung.<br \/>\n6. Flexible und leicht verformbare Objekte<br \/>\nWie z. B. Gummirohre und Kunststoffschl\u00e4uche. Durch die ber\u00fchrungslose Messung wird mechanischer Druck oder Verformung vermieden und die Messgenauigkeit gew\u00e4hrleistet.<\/p>","protected":false},"excerpt":{"rendered":"<p>Besonderheit<\/p>\n<p>1. ber\u00fchrungslos optisch<\/p>\n<p>2. mehrwinklige Anzeige auf dem Bedienfeld der Messung<\/p>\n<div>\n<p>3. langlebige Laser- oder LED-Lichtquelle<\/p>\n<p>4. fortschrittliche DSP-Verarbeitungstechnologie<\/p>\n<p>5. ausgezeichnete Staub- und Schmutzbarriere mit lP65,<\/p>\n<p>6.NEM A4S232\/485 Kommunikationsschnittstelle,<\/p>\n<p>7. vollautomatische Closed-Loop-Control-Technologie automatische Feedback-Kontrolle Drahtdurchmesser Messung Unabh\u00e4ngig von Geschwindigkeit und Vibration, Drahtdurchmesser \u00fcber die Differenz der automatischen Alarm<\/p>\n<p>8. 1400 Mal\/Sekunde Abtastgeschwindigkeit<\/p>\n<\/div>","protected":false},"featured_media":32525,"template":"","meta":{"site-sidebar-layout":"default","site-content-layout":"default","ast-global-header-display":"","ast-banner-title-visibility":"","ast-main-header-display":"","ast-hfb-above-header-display":"","ast-hfb-below-header-display":"","ast-hfb-mobile-header-display":"","site-post-title":"","ast-breadcrumbs-content":"","ast-featured-img":"","footer-sml-layout":"","theme-transparent-header-meta":"default","adv-header-id-meta":"","stick-header-meta":"","header-above-stick-meta":"","header-main-stick-meta":"","header-below-stick-meta":""},"product_brand":[],"product_cat":[148,142],"product_tag":[],"class_list":{"0":"post-32522","1":"product","2":"type-product","3":"status-publish","4":"has-post-thumbnail","6":"product_cat-laser-measurement","7":"product_cat-dual-aixs-laser-diameter-gauge","8":"desktop-align-left","9":"tablet-align-left","10":"mobile-align-left","12":"first","13":"instock","14":"shipping-taxable","15":"product-type-simple"},"yoast_head":"<!-- This site is optimized with the Yoast SEO Premium plugin v20.12 (Yoast SEO v26.0) - https:\/\/yoast.com\/wordpress\/plugins\/seo\/ -->\n<title>Dual Axis Laser Diameter Gauge for Wire Produce Line - QiPang<\/title>\n<meta name=\"robots\" content=\"index, follow, max-snippet:-1, max-image-preview:large, max-video-preview:-1\" \/>\n<link rel=\"canonical\" href=\"https:\/\/rollingringdrives.com\/de\/produkt\/dual-axis-laser-diameter-gauge-for-wire-produce-line\/\" \/>\n<meta property=\"og:locale\" content=\"de_DE\" \/>\n<meta property=\"og:type\" content=\"article\" \/>\n<meta property=\"og:title\" content=\"Dual Axis Laser Diameter Gauge for Wire Produce Line\" \/>\n<meta property=\"og:description\" content=\"Feature  1.Non-contact optical  2.Multi-angle display on the measurement operating panel   3.Laser or LED long-life light source  4.Advanced DSP processing technology  5.Excellent dust and dirt barrier design with lP65,  6.NEM A4S232\/485 communication interface,  7.Fully automatic closed-loop control technology automatic feedback control wire diameter measurement Independent of speed and vibration, wire diameter over the difference of the automatic alarm  8.Scanning speed 1400 times\/sec\" \/>\n<meta property=\"og:url\" content=\"https:\/\/rollingringdrives.com\/de\/produkt\/dual-axis-laser-diameter-gauge-for-wire-produce-line\/\" \/>\n<meta property=\"og:site_name\" content=\"QiPang\" \/>\n<meta property=\"article:modified_time\" content=\"2025-09-20T08:50:12+00:00\" \/>\n<meta property=\"og:image\" content=\"https:\/\/rollingringdrives.com\/wp-content\/uploads\/2025\/09\/dual-axis-Diameter-Laser-Gauge-tool-33.jpg\" \/>\n\t<meta property=\"og:image:width\" content=\"1000\" \/>\n\t<meta property=\"og:image:height\" content=\"1000\" \/>\n\t<meta property=\"og:image:type\" content=\"image\/jpeg\" \/>\n<meta name=\"twitter:card\" content=\"summary_large_image\" \/>\n<meta name=\"twitter:label1\" content=\"Gesch\u00e4tzte Lesezeit\" \/>\n\t<meta name=\"twitter:data1\" content=\"2\u00a0Minuten\" \/>\n<script type=\"application\/ld+json\" class=\"yoast-schema-graph\">{\"@context\":\"https:\/\/schema.org\",\"@graph\":[{\"@type\":\"WebPage\",\"@id\":\"https:\/\/rollingringdrives.com\/product\/dual-axis-laser-diameter-gauge-for-wire-produce-line\/\",\"url\":\"https:\/\/rollingringdrives.com\/product\/dual-axis-laser-diameter-gauge-for-wire-produce-line\/\",\"name\":\"Dual Axis Laser Diameter Gauge for Wire Produce Line - QiPang\",\"isPartOf\":{\"@id\":\"https:\/\/rollingringdrives.com\/#website\"},\"primaryImageOfPage\":{\"@id\":\"https:\/\/rollingringdrives.com\/product\/dual-axis-laser-diameter-gauge-for-wire-produce-line\/#primaryimage\"},\"image\":{\"@id\":\"https:\/\/rollingringdrives.com\/product\/dual-axis-laser-diameter-gauge-for-wire-produce-line\/#primaryimage\"},\"thumbnailUrl\":\"https:\/\/rollingringdrives.com\/wp-content\/uploads\/2025\/09\/dual-axis-Diameter-Laser-Gauge-tool-33.jpg\",\"datePublished\":\"2025-09-16T03:49:52+00:00\",\"dateModified\":\"2025-09-20T08:50:12+00:00\",\"breadcrumb\":{\"@id\":\"https:\/\/rollingringdrives.com\/product\/dual-axis-laser-diameter-gauge-for-wire-produce-line\/#breadcrumb\"},\"inLanguage\":\"de\",\"potentialAction\":[{\"@type\":\"ReadAction\",\"target\":[\"https:\/\/rollingringdrives.com\/product\/dual-axis-laser-diameter-gauge-for-wire-produce-line\/\"]}]},{\"@type\":\"ImageObject\",\"inLanguage\":\"de\",\"@id\":\"https:\/\/rollingringdrives.com\/product\/dual-axis-laser-diameter-gauge-for-wire-produce-line\/#primaryimage\",\"url\":\"https:\/\/rollingringdrives.com\/wp-content\/uploads\/2025\/09\/dual-axis-Diameter-Laser-Gauge-tool-33.jpg\",\"contentUrl\":\"https:\/\/rollingringdrives.com\/wp-content\/uploads\/2025\/09\/dual-axis-Diameter-Laser-Gauge-tool-33.jpg\",\"width\":1000,\"height\":1000,\"caption\":\"dual axis Diameter Laser Gauge tool\"},{\"@type\":\"BreadcrumbList\",\"@id\":\"https:\/\/rollingringdrives.com\/product\/dual-axis-laser-diameter-gauge-for-wire-produce-line\/#breadcrumb\",\"itemListElement\":[{\"@type\":\"ListItem\",\"position\":1,\"name\":\"Home\",\"item\":\"https:\/\/rollingringdrives.com\/\"},{\"@type\":\"ListItem\",\"position\":2,\"name\":\"Machines\",\"item\":\"https:\/\/rollingringdrives.com\/machines\/\"},{\"@type\":\"ListItem\",\"position\":3,\"name\":\"Dual Axis Laser Diameter Gauge for Wire Produce Line\"}]},{\"@type\":\"WebSite\",\"@id\":\"https:\/\/rollingringdrives.com\/#website\",\"url\":\"https:\/\/rollingringdrives.com\/\",\"name\":\"QiPang\",\"description\":\"QiPang Blog\",\"publisher\":{\"@id\":\"https:\/\/rollingringdrives.com\/#organization\"},\"potentialAction\":[{\"@type\":\"SearchAction\",\"target\":{\"@type\":\"EntryPoint\",\"urlTemplate\":\"https:\/\/rollingringdrives.com\/?s={search_term_string}\"},\"query-input\":{\"@type\":\"PropertyValueSpecification\",\"valueRequired\":true,\"valueName\":\"search_term_string\"}}],\"inLanguage\":\"de\"},{\"@type\":\"Organization\",\"@id\":\"https:\/\/rollingringdrives.com\/#organization\",\"name\":\"QiPang\",\"url\":\"https:\/\/rollingringdrives.com\/\",\"logo\":{\"@type\":\"ImageObject\",\"inLanguage\":\"de\",\"@id\":\"https:\/\/rollingringdrives.com\/#\/schema\/logo\/image\/\",\"url\":\"https:\/\/rollingringdrives.com\/wp-content\/uploads\/2023\/05\/cropped-\u672a\u547d\u540d\u7684\u8bbe\u8ba1.png\",\"contentUrl\":\"https:\/\/rollingringdrives.com\/wp-content\/uploads\/2023\/05\/cropped-\u672a\u547d\u540d\u7684\u8bbe\u8ba1.png\",\"width\":300,\"height\":191,\"caption\":\"QiPang\"},\"image\":{\"@id\":\"https:\/\/rollingringdrives.com\/#\/schema\/logo\/image\/\"}}]}<\/script>\n<!-- \/ Yoast SEO Premium plugin. -->","yoast_head_json":{"title":"Zweiachsiges Laser-Durchmessermessger\u00e4t f\u00fcr Drahtproduktionslinie - QiPang","robots":{"index":"index","follow":"follow","max-snippet":"max-snippet:-1","max-image-preview":"max-image-preview:large","max-video-preview":"max-video-preview:-1"},"canonical":"https:\/\/rollingringdrives.com\/de\/produkt\/dual-axis-laser-diameter-gauge-for-wire-produce-line\/","og_locale":"de_DE","og_type":"article","og_title":"Dual Axis Laser Diameter Gauge for Wire Produce Line","og_description":"Feature  1.Non-contact optical  2.Multi-angle display on the measurement operating panel   3.Laser or LED long-life light source  4.Advanced DSP processing technology  5.Excellent dust and dirt barrier design with lP65,  6.NEM A4S232\/485 communication interface,  7.Fully automatic closed-loop control technology automatic feedback control wire diameter measurement Independent of speed and vibration, wire diameter over the difference of the automatic alarm  8.Scanning speed 1400 times\/sec","og_url":"https:\/\/rollingringdrives.com\/de\/produkt\/dual-axis-laser-diameter-gauge-for-wire-produce-line\/","og_site_name":"QiPang","article_modified_time":"2025-09-20T08:50:12+00:00","og_image":[{"width":1000,"height":1000,"url":"https:\/\/rollingringdrives.com\/wp-content\/uploads\/2025\/09\/dual-axis-Diameter-Laser-Gauge-tool-33.jpg","type":"image\/jpeg"}],"twitter_card":"summary_large_image","twitter_misc":{"Gesch\u00e4tzte Lesezeit":"2\u00a0Minuten"},"schema":{"@context":"https:\/\/schema.org","@graph":[{"@type":"WebPage","@id":"https:\/\/rollingringdrives.com\/product\/dual-axis-laser-diameter-gauge-for-wire-produce-line\/","url":"https:\/\/rollingringdrives.com\/product\/dual-axis-laser-diameter-gauge-for-wire-produce-line\/","name":"Zweiachsiges Laser-Durchmessermessger\u00e4t f\u00fcr Drahtproduktionslinie - QiPang","isPartOf":{"@id":"https:\/\/rollingringdrives.com\/#website"},"primaryImageOfPage":{"@id":"https:\/\/rollingringdrives.com\/product\/dual-axis-laser-diameter-gauge-for-wire-produce-line\/#primaryimage"},"image":{"@id":"https:\/\/rollingringdrives.com\/product\/dual-axis-laser-diameter-gauge-for-wire-produce-line\/#primaryimage"},"thumbnailUrl":"https:\/\/rollingringdrives.com\/wp-content\/uploads\/2025\/09\/dual-axis-Diameter-Laser-Gauge-tool-33.jpg","datePublished":"2025-09-16T03:49:52+00:00","dateModified":"2025-09-20T08:50:12+00:00","breadcrumb":{"@id":"https:\/\/rollingringdrives.com\/product\/dual-axis-laser-diameter-gauge-for-wire-produce-line\/#breadcrumb"},"inLanguage":"de","potentialAction":[{"@type":"ReadAction","target":["https:\/\/rollingringdrives.com\/product\/dual-axis-laser-diameter-gauge-for-wire-produce-line\/"]}]},{"@type":"ImageObject","inLanguage":"de","@id":"https:\/\/rollingringdrives.com\/product\/dual-axis-laser-diameter-gauge-for-wire-produce-line\/#primaryimage","url":"https:\/\/rollingringdrives.com\/wp-content\/uploads\/2025\/09\/dual-axis-Diameter-Laser-Gauge-tool-33.jpg","contentUrl":"https:\/\/rollingringdrives.com\/wp-content\/uploads\/2025\/09\/dual-axis-Diameter-Laser-Gauge-tool-33.jpg","width":1000,"height":1000,"caption":"dual axis Diameter Laser Gauge tool"},{"@type":"BreadcrumbList","@id":"https:\/\/rollingringdrives.com\/product\/dual-axis-laser-diameter-gauge-for-wire-produce-line\/#breadcrumb","itemListElement":[{"@type":"ListItem","position":1,"name":"Home","item":"https:\/\/rollingringdrives.com\/"},{"@type":"ListItem","position":2,"name":"Machines","item":"https:\/\/rollingringdrives.com\/machines\/"},{"@type":"ListItem","position":3,"name":"Dual Axis Laser Diameter Gauge for Wire Produce Line"}]},{"@type":"WebSite","@id":"https:\/\/rollingringdrives.com\/#website","url":"https:\/\/rollingringdrives.com\/","name":"QiPang","description":"QiPang-Blog","publisher":{"@id":"https:\/\/rollingringdrives.com\/#organization"},"potentialAction":[{"@type":"SearchAction","target":{"@type":"EntryPoint","urlTemplate":"https:\/\/rollingringdrives.com\/?s={search_term_string}"},"query-input":{"@type":"PropertyValueSpecification","valueRequired":true,"valueName":"search_term_string"}}],"inLanguage":"de"},{"@type":"Organization","@id":"https:\/\/rollingringdrives.com\/#organization","name":"QiPang","url":"https:\/\/rollingringdrives.com\/","logo":{"@type":"ImageObject","inLanguage":"de","@id":"https:\/\/rollingringdrives.com\/#\/schema\/logo\/image\/","url":"https:\/\/rollingringdrives.com\/wp-content\/uploads\/2023\/05\/cropped-\u672a\u547d\u540d\u7684\u8bbe\u8ba1.png","contentUrl":"https:\/\/rollingringdrives.com\/wp-content\/uploads\/2023\/05\/cropped-\u672a\u547d\u540d\u7684\u8bbe\u8ba1.png","width":300,"height":191,"caption":"QiPang"},"image":{"@id":"https:\/\/rollingringdrives.com\/#\/schema\/logo\/image\/"}}]}},"_links":{"self":[{"href":"https:\/\/rollingringdrives.com\/de\/wp-json\/wp\/v2\/product\/32522","targetHints":{"allow":["GET"]}}],"collection":[{"href":"https:\/\/rollingringdrives.com\/de\/wp-json\/wp\/v2\/product"}],"about":[{"href":"https:\/\/rollingringdrives.com\/de\/wp-json\/wp\/v2\/types\/product"}],"version-history":[{"count":0,"href":"https:\/\/rollingringdrives.com\/de\/wp-json\/wp\/v2\/product\/32522\/revisions"}],"wp:featuredmedia":[{"embeddable":true,"href":"https:\/\/rollingringdrives.com\/de\/wp-json\/wp\/v2\/media\/32525"}],"wp:attachment":[{"href":"https:\/\/rollingringdrives.com\/de\/wp-json\/wp\/v2\/media?parent=32522"}],"wp:term":[{"taxonomy":"product_brand","embeddable":true,"href":"https:\/\/rollingringdrives.com\/de\/wp-json\/wp\/v2\/product_brand?post=32522"},{"taxonomy":"product_cat","embeddable":true,"href":"https:\/\/rollingringdrives.com\/de\/wp-json\/wp\/v2\/product_cat?post=32522"},{"taxonomy":"product_tag","embeddable":true,"href":"https:\/\/rollingringdrives.com\/de\/wp-json\/wp\/v2\/product_tag?post=32522"}],"curies":[{"name":"wp","href":"https:\/\/api.w.org\/{rel}","templated":true}]}}