{"id":32564,"date":"2025-09-20T08:00:06","date_gmt":"2025-09-20T08:00:06","guid":{"rendered":"https:\/\/rollingringdrives.com\/?post_type=product&#038;p=32564"},"modified":"2025-09-20T08:00:09","modified_gmt":"2025-09-20T08:00:09","slug":"0-1-to-25mm-single-axis-laser-gauge-diameter-measuring-instrument","status":"publish","type":"product","link":"https:\/\/rollingringdrives.com\/de\/produkt\/0-1-to-25mm-single-axis-laser-gauge-diameter-measuring-instrument\/","title":{"rendered":"0,1 bis 25mm Einachsiges Laser-Messger\u00e4t Durchmesser-Messger\u00e4t"},"content":{"rendered":"<p>Die Hauptproduktlinie von Shanghai Qipang umfasst:\u00a0<b>Hohe Geschwindigkeit Hochpr\u00e4zision<\/b>\u00a0<b>Laser-Durchmessermessger\u00e4t<\/b>Ber\u00fchrungsloses Gro\u00dfdisplay-Durchmessermessger\u00e4t, einachsige\/doppelachsige handgef\u00fchrte Laserscanner-Durchmessermaschine, Funkenmaschine, Meterz\u00e4hler, Pulverdurchlaufmaschine, Vorw\u00e4rmmaschine und ein umfassendes Angebot an verwandten Kabelherstellungsausr\u00fcstungen, die f\u00fcr die unterschiedlichsten Produktionsanforderungen entwickelt wurden. Geeignet f\u00fcr Runddraht, Flachdraht, elektronische Dr\u00e4hte, Stromkabel, geflochtene Dr\u00e4hte, Seile, Dr\u00e4hte f\u00fcr die Luft- und Raumfahrt, Stahldrahtseile, transparente Schl\u00e4uche, medizinische Schl\u00e4uche, Gummischl\u00e4uche, Extruder, Ziehmaschinen und eine Reihe von verwandten Kabelerkennungsger\u00e4ten.<\/p>\n<div id=\"footable_parent_32566\"\n         class=\"footable_parent ninja_table_wrapper loading_ninja_table wp_table_data_press_parent semantic_ui\">\n                <table data-ninja_table_instance=\"ninja_table_instance_0\" data-footable_id=\"32566\" data-filter-delay=\"1000\" aria-label=\"\u5927\u663e\u793a\u5c4f \u5b98\u7f51.csv\"            id=\"footable_32566\"\n           data-unique_identifier=\"ninja_table_unique_id_1571989137_32566\"\n           class=\"foo-table ninja_footable foo_table_32566 ninja_table_unique_id_1571989137_32566 ui table  nt_type_legacy_table selectable striped vertical_centered  footable-paging-right ninja_table_pro\">\n                <colgroup>\n                            <col class=\"ninja_column_0\">\n                            <col class=\"ninja_column_1\">\n                            <col class=\"ninja_column_2\">\n                    <\/colgroup>\n        <thead>\n<tr class=\"footable-header\">\n                                                        <th scope=\"col\"  class=\"ninja_column_0 ninja_clmn_nm_model\">Modell<\/th><th scope=\"col\"  class=\"ninja_column_1 ninja_clmn_nm_scr25ar\">SCR-25AR<\/th><th scope=\"col\"  class=\"ninja_column_2 ninja_clmn_nm_scr25br\">SCR-25BR<\/th><\/tr>\n<\/thead>\n<tbody>\n\n        <tr data-row_id=\"1854\" class=\"ninja_table_row_0 nt_row_id_1854\">\n            <td>Charakteristisch<\/td><td>Einzelne Achse<\/td><td>Doppelte Achse<\/td>        <\/tr>\n            <tr data-row_id=\"1855\" class=\"ninja_table_row_1 nt_row_id_1855\">\n            <td>Messbereich<\/td><td>0,1\u201325 mm<\/td><td>0,1\u201325 mm<\/td>        <\/tr>\n            <tr data-row_id=\"1856\" class=\"ninja_table_row_2 nt_row_id_1856\">\n            <td>Me\u00dfgenauigkeit<\/td><td>+0,002mm<\/td><td>+0,002mm<\/td>        <\/tr>\n            <tr data-row_id=\"1857\" class=\"ninja_table_row_3 nt_row_id_1857\">\n            <td>Scangeschwindigkeit<\/td><td>600-1000-mal\/s<\/td><td>600-1000-mal\/s<\/td>        <\/tr>\n            <tr data-row_id=\"1858\" class=\"ninja_table_row_4 nt_row_id_1858\">\n            <td>Entschlie\u00dfung<\/td><td>0,001 mm<\/td><td>0,001 mm<\/td>        <\/tr>\n            <tr data-row_id=\"1859\" class=\"ninja_table_row_5 nt_row_id_1859\">\n            <td>Kommunikationsschnittstelle<\/td><td>RS485 (unterst\u00fctzt Modbus RTU)<\/td><td>RS485 (unterst\u00fctzt Modbus RTU)<\/td>        <\/tr>\n            <tr data-row_id=\"1860\" class=\"ninja_table_row_6 nt_row_id_1860\">\n            <td>Packungsgr\u00f6\u00dfe(m)<\/td><td>290*66*170<\/td><td>320*60*280<\/td>        <\/tr>\n            <tr data-row_id=\"1861\" class=\"ninja_table_row_7 nt_row_id_1861\">\n            <td>Produktgewicht<\/td><td>5KG<\/td><td>6,5 kg<\/td>        <\/tr>\n    <\/tbody><!--ninja_tobody_rendering_done-->\n    <\/table>\n    \n    \n    \n<\/div>\n\n<p><strong>Besonderheit<\/strong><\/p>\n<p><b>1. echtzeitige Anzeige und \u00dcberwachung<\/b>: Das Durchmessermessger\u00e4t ist mit einem gro\u00dfen Display ausgestattet, das den Au\u00dfendurchmesser des gemessenen Materials in Echtzeit auf dem LCD-Monitor im Hauptkontrollraum anzeigt, so dass die Bediener schnell auf die Produktionsdaten zugreifen k\u00f6nnen.<\/p>\n<p><b>2. die Datenanalyse und -visualisierung:<\/b>\u00a0\u00dcber das Mess- und Steuerungssoftwaresystem k\u00f6nnen auf dem gro\u00dfen Display verschiedene Testdatendiagramme angezeigt werden, die eine intuitive Unterst\u00fctzung f\u00fcr die Analyse und Optimierung der industriellen Produktion bieten.<\/p>\n<p><b>3. hohe Pr\u00e4zision und Stabilit\u00e4t:<\/b>\u00a0Die fortschrittliche Lasererkennungstechnologie und die ber\u00fchrungslose Messung gew\u00e4hrleisten eine hohe Pr\u00e4zision und Stabilit\u00e4t, so dass sie sich f\u00fcr komplexe industrielle Umgebungen eignen.<\/p>\n<p><b>4. die Vielseitigkeit und Anpassungsf\u00e4higkeit: <\/b>Einige Modelle von Durchmessermessger\u00e4ten k\u00f6nnen den Durchmesser von transparenten Rohren, flachen Materialien und speziell geformten Materialien messen.<\/p>\n<p>&nbsp;<\/p>","protected":false},"excerpt":{"rendered":"<p>Das Laser-Durchmessermessger\u00e4t hat ein gro\u00dfes Display, ist einfach zu bedienen und kann zwischen Chinesisch und Englisch umgeschaltet werden. Alarmaufzeichnungen k\u00f6nnen \u00fcberpr\u00fcft werden<\/p>\n<p>Laser-Durchmessermessger\u00e4t, ein ber\u00fchrungsloses Messwerkzeug, bestimmt pr\u00e4zise zylindrische Objektdurchmesser im Bereich von 0,1 bis 25 mm. Dieses einachsige Durchmessermessger\u00e4t ist ideal f\u00fcr die Messung von Dr\u00e4hten, Kabeln, Rohren und St\u00e4ben.<\/p>","protected":false},"featured_media":32567,"template":"","meta":{"site-sidebar-layout":"default","site-content-layout":"default","ast-global-header-display":"","ast-banner-title-visibility":"","ast-main-header-display":"","ast-hfb-above-header-display":"","ast-hfb-below-header-display":"","ast-hfb-mobile-header-display":"","site-post-title":"","ast-breadcrumbs-content":"","ast-featured-img":"","footer-sml-layout":"","theme-transparent-header-meta":"default","adv-header-id-meta":"","stick-header-meta":"","header-above-stick-meta":"","header-main-stick-meta":"","header-below-stick-meta":""},"product_brand":[],"product_cat":[148,141],"product_tag":[],"class_list":{"0":"post-32564","1":"product","2":"type-product","3":"status-publish","4":"has-post-thumbnail","6":"product_cat-laser-measurement","7":"product_cat-single-axis-laser-diameter-gauge","8":"desktop-align-left","9":"tablet-align-left","10":"mobile-align-left","12":"first","13":"instock","14":"shipping-taxable","15":"product-type-simple"},"yoast_head":"<!-- This site is optimized with the Yoast SEO Premium plugin v20.12 (Yoast SEO v26.0) - https:\/\/yoast.com\/wordpress\/plugins\/seo\/ -->\n<title>0.1 to 25mm Single Axis Laser Gauge Diameter Measuring Instrument - QiPang<\/title>\n<meta name=\"robots\" content=\"index, follow, max-snippet:-1, max-image-preview:large, max-video-preview:-1\" \/>\n<link rel=\"canonical\" href=\"https:\/\/rollingringdrives.com\/de\/produkt\/0-1-to-25mm-single-axis-laser-gauge-diameter-measuring-instrument\/\" \/>\n<meta property=\"og:locale\" content=\"de_DE\" \/>\n<meta property=\"og:type\" content=\"article\" \/>\n<meta property=\"og:title\" content=\"0.1 to 25mm Single Axis Laser Gauge Diameter Measuring Instrument\" \/>\n<meta property=\"og:description\" content=\"The laser diameter gauge has a large display screen, easy to operate, and can be switched between Chinese and English. Alarm records can be checked  laser diameter gauge, a non-contact measurement tool, precisely determines cylindrical object diameters, ranging from 0.1 to 25mm. This single axis diameter gauge is ideal for measuring wires, cables, tubes, and rods.\" \/>\n<meta property=\"og:url\" content=\"https:\/\/rollingringdrives.com\/de\/produkt\/0-1-to-25mm-single-axis-laser-gauge-diameter-measuring-instrument\/\" \/>\n<meta property=\"og:site_name\" content=\"QiPang\" \/>\n<meta property=\"article:modified_time\" content=\"2025-09-20T08:00:09+00:00\" \/>\n<meta property=\"og:image\" content=\"https:\/\/rollingringdrives.com\/wp-content\/uploads\/2025\/09\/1-17.jpg\" \/>\n\t<meta property=\"og:image:width\" content=\"800\" \/>\n\t<meta property=\"og:image:height\" content=\"800\" \/>\n\t<meta property=\"og:image:type\" content=\"image\/jpeg\" \/>\n<meta name=\"twitter:card\" content=\"summary_large_image\" \/>\n<meta name=\"twitter:label1\" content=\"Gesch\u00e4tzte Lesezeit\" \/>\n\t<meta name=\"twitter:data1\" content=\"2\u00a0Minuten\" \/>\n<script type=\"application\/ld+json\" class=\"yoast-schema-graph\">{\"@context\":\"https:\/\/schema.org\",\"@graph\":[{\"@type\":\"WebPage\",\"@id\":\"https:\/\/rollingringdrives.com\/product\/0-1-to-25mm-single-axis-laser-gauge-diameter-measuring-instrument\/\",\"url\":\"https:\/\/rollingringdrives.com\/product\/0-1-to-25mm-single-axis-laser-gauge-diameter-measuring-instrument\/\",\"name\":\"0.1 to 25mm Single Axis Laser Gauge Diameter Measuring Instrument - QiPang\",\"isPartOf\":{\"@id\":\"https:\/\/rollingringdrives.com\/#website\"},\"primaryImageOfPage\":{\"@id\":\"https:\/\/rollingringdrives.com\/product\/0-1-to-25mm-single-axis-laser-gauge-diameter-measuring-instrument\/#primaryimage\"},\"image\":{\"@id\":\"https:\/\/rollingringdrives.com\/product\/0-1-to-25mm-single-axis-laser-gauge-diameter-measuring-instrument\/#primaryimage\"},\"thumbnailUrl\":\"https:\/\/rollingringdrives.com\/wp-content\/uploads\/2025\/09\/1-17.jpg\",\"datePublished\":\"2025-09-20T08:00:06+00:00\",\"dateModified\":\"2025-09-20T08:00:09+00:00\",\"breadcrumb\":{\"@id\":\"https:\/\/rollingringdrives.com\/product\/0-1-to-25mm-single-axis-laser-gauge-diameter-measuring-instrument\/#breadcrumb\"},\"inLanguage\":\"de\",\"potentialAction\":[{\"@type\":\"ReadAction\",\"target\":[\"https:\/\/rollingringdrives.com\/product\/0-1-to-25mm-single-axis-laser-gauge-diameter-measuring-instrument\/\"]}]},{\"@type\":\"ImageObject\",\"inLanguage\":\"de\",\"@id\":\"https:\/\/rollingringdrives.com\/product\/0-1-to-25mm-single-axis-laser-gauge-diameter-measuring-instrument\/#primaryimage\",\"url\":\"https:\/\/rollingringdrives.com\/wp-content\/uploads\/2025\/09\/1-17.jpg\",\"contentUrl\":\"https:\/\/rollingringdrives.com\/wp-content\/uploads\/2025\/09\/1-17.jpg\",\"width\":800,\"height\":800,\"caption\":\"Laser Gauge Diameter Measuring Instrument\"},{\"@type\":\"BreadcrumbList\",\"@id\":\"https:\/\/rollingringdrives.com\/product\/0-1-to-25mm-single-axis-laser-gauge-diameter-measuring-instrument\/#breadcrumb\",\"itemListElement\":[{\"@type\":\"ListItem\",\"position\":1,\"name\":\"Home\",\"item\":\"https:\/\/rollingringdrives.com\/\"},{\"@type\":\"ListItem\",\"position\":2,\"name\":\"Machines\",\"item\":\"https:\/\/rollingringdrives.com\/machines\/\"},{\"@type\":\"ListItem\",\"position\":3,\"name\":\"0.1 to 25mm Single Axis Laser Gauge Diameter Measuring Instrument\"}]},{\"@type\":\"WebSite\",\"@id\":\"https:\/\/rollingringdrives.com\/#website\",\"url\":\"https:\/\/rollingringdrives.com\/\",\"name\":\"QiPang\",\"description\":\"QiPang Blog\",\"publisher\":{\"@id\":\"https:\/\/rollingringdrives.com\/#organization\"},\"potentialAction\":[{\"@type\":\"SearchAction\",\"target\":{\"@type\":\"EntryPoint\",\"urlTemplate\":\"https:\/\/rollingringdrives.com\/?s={search_term_string}\"},\"query-input\":{\"@type\":\"PropertyValueSpecification\",\"valueRequired\":true,\"valueName\":\"search_term_string\"}}],\"inLanguage\":\"de\"},{\"@type\":\"Organization\",\"@id\":\"https:\/\/rollingringdrives.com\/#organization\",\"name\":\"QiPang\",\"url\":\"https:\/\/rollingringdrives.com\/\",\"logo\":{\"@type\":\"ImageObject\",\"inLanguage\":\"de\",\"@id\":\"https:\/\/rollingringdrives.com\/#\/schema\/logo\/image\/\",\"url\":\"https:\/\/rollingringdrives.com\/wp-content\/uploads\/2023\/05\/cropped-\u672a\u547d\u540d\u7684\u8bbe\u8ba1.png\",\"contentUrl\":\"https:\/\/rollingringdrives.com\/wp-content\/uploads\/2023\/05\/cropped-\u672a\u547d\u540d\u7684\u8bbe\u8ba1.png\",\"width\":300,\"height\":191,\"caption\":\"QiPang\"},\"image\":{\"@id\":\"https:\/\/rollingringdrives.com\/#\/schema\/logo\/image\/\"}}]}<\/script>\n<!-- \/ Yoast SEO Premium plugin. -->","yoast_head_json":{"title":"0,1 bis 25mm Einachsiges Laser-Messger\u00e4t Durchmesser-Messger\u00e4t - QiPang","robots":{"index":"index","follow":"follow","max-snippet":"max-snippet:-1","max-image-preview":"max-image-preview:large","max-video-preview":"max-video-preview:-1"},"canonical":"https:\/\/rollingringdrives.com\/de\/produkt\/0-1-to-25mm-single-axis-laser-gauge-diameter-measuring-instrument\/","og_locale":"de_DE","og_type":"article","og_title":"0.1 to 25mm Single Axis Laser Gauge Diameter Measuring Instrument","og_description":"The laser diameter gauge has a large display screen, easy to operate, and can be switched between Chinese and English. Alarm records can be checked  laser diameter gauge, a non-contact measurement tool, precisely determines cylindrical object diameters, ranging from 0.1 to 25mm. This single axis diameter gauge is ideal for measuring wires, cables, tubes, and rods.","og_url":"https:\/\/rollingringdrives.com\/de\/produkt\/0-1-to-25mm-single-axis-laser-gauge-diameter-measuring-instrument\/","og_site_name":"QiPang","article_modified_time":"2025-09-20T08:00:09+00:00","og_image":[{"width":800,"height":800,"url":"https:\/\/rollingringdrives.com\/wp-content\/uploads\/2025\/09\/1-17.jpg","type":"image\/jpeg"}],"twitter_card":"summary_large_image","twitter_misc":{"Gesch\u00e4tzte Lesezeit":"2\u00a0Minuten"},"schema":{"@context":"https:\/\/schema.org","@graph":[{"@type":"WebPage","@id":"https:\/\/rollingringdrives.com\/product\/0-1-to-25mm-single-axis-laser-gauge-diameter-measuring-instrument\/","url":"https:\/\/rollingringdrives.com\/product\/0-1-to-25mm-single-axis-laser-gauge-diameter-measuring-instrument\/","name":"0,1 bis 25mm Einachsiges Laser-Messger\u00e4t Durchmesser-Messger\u00e4t - QiPang","isPartOf":{"@id":"https:\/\/rollingringdrives.com\/#website"},"primaryImageOfPage":{"@id":"https:\/\/rollingringdrives.com\/product\/0-1-to-25mm-single-axis-laser-gauge-diameter-measuring-instrument\/#primaryimage"},"image":{"@id":"https:\/\/rollingringdrives.com\/product\/0-1-to-25mm-single-axis-laser-gauge-diameter-measuring-instrument\/#primaryimage"},"thumbnailUrl":"https:\/\/rollingringdrives.com\/wp-content\/uploads\/2025\/09\/1-17.jpg","datePublished":"2025-09-20T08:00:06+00:00","dateModified":"2025-09-20T08:00:09+00:00","breadcrumb":{"@id":"https:\/\/rollingringdrives.com\/product\/0-1-to-25mm-single-axis-laser-gauge-diameter-measuring-instrument\/#breadcrumb"},"inLanguage":"de","potentialAction":[{"@type":"ReadAction","target":["https:\/\/rollingringdrives.com\/product\/0-1-to-25mm-single-axis-laser-gauge-diameter-measuring-instrument\/"]}]},{"@type":"ImageObject","inLanguage":"de","@id":"https:\/\/rollingringdrives.com\/product\/0-1-to-25mm-single-axis-laser-gauge-diameter-measuring-instrument\/#primaryimage","url":"https:\/\/rollingringdrives.com\/wp-content\/uploads\/2025\/09\/1-17.jpg","contentUrl":"https:\/\/rollingringdrives.com\/wp-content\/uploads\/2025\/09\/1-17.jpg","width":800,"height":800,"caption":"Laser Gauge Diameter Measuring Instrument"},{"@type":"BreadcrumbList","@id":"https:\/\/rollingringdrives.com\/product\/0-1-to-25mm-single-axis-laser-gauge-diameter-measuring-instrument\/#breadcrumb","itemListElement":[{"@type":"ListItem","position":1,"name":"Home","item":"https:\/\/rollingringdrives.com\/"},{"@type":"ListItem","position":2,"name":"Machines","item":"https:\/\/rollingringdrives.com\/machines\/"},{"@type":"ListItem","position":3,"name":"0.1 to 25mm Single Axis Laser Gauge Diameter Measuring Instrument"}]},{"@type":"WebSite","@id":"https:\/\/rollingringdrives.com\/#website","url":"https:\/\/rollingringdrives.com\/","name":"QiPang","description":"QiPang-Blog","publisher":{"@id":"https:\/\/rollingringdrives.com\/#organization"},"potentialAction":[{"@type":"SearchAction","target":{"@type":"EntryPoint","urlTemplate":"https:\/\/rollingringdrives.com\/?s={search_term_string}"},"query-input":{"@type":"PropertyValueSpecification","valueRequired":true,"valueName":"search_term_string"}}],"inLanguage":"de"},{"@type":"Organization","@id":"https:\/\/rollingringdrives.com\/#organization","name":"QiPang","url":"https:\/\/rollingringdrives.com\/","logo":{"@type":"ImageObject","inLanguage":"de","@id":"https:\/\/rollingringdrives.com\/#\/schema\/logo\/image\/","url":"https:\/\/rollingringdrives.com\/wp-content\/uploads\/2023\/05\/cropped-\u672a\u547d\u540d\u7684\u8bbe\u8ba1.png","contentUrl":"https:\/\/rollingringdrives.com\/wp-content\/uploads\/2023\/05\/cropped-\u672a\u547d\u540d\u7684\u8bbe\u8ba1.png","width":300,"height":191,"caption":"QiPang"},"image":{"@id":"https:\/\/rollingringdrives.com\/#\/schema\/logo\/image\/"}}]}},"_links":{"self":[{"href":"https:\/\/rollingringdrives.com\/de\/wp-json\/wp\/v2\/product\/32564","targetHints":{"allow":["GET"]}}],"collection":[{"href":"https:\/\/rollingringdrives.com\/de\/wp-json\/wp\/v2\/product"}],"about":[{"href":"https:\/\/rollingringdrives.com\/de\/wp-json\/wp\/v2\/types\/product"}],"version-history":[{"count":0,"href":"https:\/\/rollingringdrives.com\/de\/wp-json\/wp\/v2\/product\/32564\/revisions"}],"wp:featuredmedia":[{"embeddable":true,"href":"https:\/\/rollingringdrives.com\/de\/wp-json\/wp\/v2\/media\/32567"}],"wp:attachment":[{"href":"https:\/\/rollingringdrives.com\/de\/wp-json\/wp\/v2\/media?parent=32564"}],"wp:term":[{"taxonomy":"product_brand","embeddable":true,"href":"https:\/\/rollingringdrives.com\/de\/wp-json\/wp\/v2\/product_brand?post=32564"},{"taxonomy":"product_cat","embeddable":true,"href":"https:\/\/rollingringdrives.com\/de\/wp-json\/wp\/v2\/product_cat?post=32564"},{"taxonomy":"product_tag","embeddable":true,"href":"https:\/\/rollingringdrives.com\/de\/wp-json\/wp\/v2\/product_tag?post=32564"}],"curies":[{"name":"wp","href":"https:\/\/api.w.org\/{rel}","templated":true}]}}