{"id":32582,"date":"2025-09-20T09:16:11","date_gmt":"2025-09-20T09:16:11","guid":{"rendered":"https:\/\/rollingringdrives.com\/?post_type=product&#038;p=32582"},"modified":"2025-09-20T09:16:12","modified_gmt":"2025-09-20T09:16:12","slug":"50xy-dual-aixs-laser-diameter-gauge-single-axis-0-1-50mm","status":"publish","type":"product","link":"https:\/\/rollingringdrives.com\/de\/produkt\/50xy-dual-aixs-laser-diameter-gauge-single-axis-0-1-50mm\/","title":{"rendered":"50XY dual aixs Laser-Durchmessermessger\u00e4t, einachsig, 0,1-50mm"},"content":{"rendered":"<p>Die Hauptproduktlinie von Shanghai Qipang umfasst:\u00a0<b>Hohe Geschwindigkeit Hochpr\u00e4zision<\/b>\u00a0<b>Laser-Durchmessermessger\u00e4t<\/b>Ber\u00fchrungsloses Gro\u00dfdisplay-Durchmessermessger\u00e4t, einachsige\/doppelachsige handgef\u00fchrte Laserscanner-Durchmessermaschine, Funkenmaschine, Meterz\u00e4hler, Pulverdurchlaufmaschine, Vorw\u00e4rmmaschine und ein umfassendes Angebot an verwandten Kabelherstellungsausr\u00fcstungen, die f\u00fcr die unterschiedlichsten Produktionsanforderungen entwickelt wurden. Geeignet f\u00fcr Runddraht, Flachdraht, elektronische Dr\u00e4hte, Stromkabel, geflochtene Dr\u00e4hte, Seile, Dr\u00e4hte f\u00fcr die Luft- und Raumfahrt, Stahldrahtseile, transparente Schl\u00e4uche, medizinische Schl\u00e4uche, Gummischl\u00e4uche, Extruder, Ziehmaschinen und eine Reihe von verwandten Kabelerkennungsger\u00e4ten.<\/p>\n<div><b>Vorteile:<\/b><\/div>\n<ul>\n<li>Scannen mit b\u00fcrstenlosem Hochgeschwindigkeitsmotor;<\/li>\n<li>Facettenreiches hochpr\u00e4zises Standardprisma;<\/li>\n<li>Hochgeschwindigkeits-Dual-DSP-Verarbeitungschip;<\/li>\n<li>Hervorragende Signalqualit\u00e4t, hohe Pr\u00e4zision, hohe Aufl\u00f6sung;<\/li>\n<li>Hat die F\u00e4higkeit, Durchmesser, Position, Schlag und mehrere Wurzeln zu messen;<\/li>\n<li>Konventioneller K\u00f6rper, Mikrok\u00f6rper, transparenter K\u00f6rper, allotrope Messung;<\/li>\n<li>Kommunikationsoptionen RS485, TCP\/IP, PROFINET;<\/li>\n<\/ul>\n<p>Parameter Laserdurchmessermessger\u00e4t<\/p>\n<div id=\"footable_parent_32523\"\n         class=\"footable_parent ninja_table_wrapper loading_ninja_table wp_table_data_press_parent semantic_ui\">\n                <table data-ninja_table_instance=\"ninja_table_instance_0\" data-footable_id=\"32523\" data-filter-delay=\"1000\" aria-label=\"Laserdurchmessermessger\u00e4t\u9ad8\u901f\u53cc\u8f74\u5b98\u7f51.csv\"            id=\"footable_32523\"\n           data-unique_identifier=\"ninja_table_unique_id_2056394190_32523\"\n           class=\"foo-table ninja_footable foo_table_32523 ninja_table_unique_id_2056394190_32523 ui table  ninja_search_right nt_type_legacy_table selectable striped vertical_centered celled  footable-paging-right ninja_table_pro\">\n                <colgroup>\n                            <col class=\"ninja_column_0\">\n                            <col class=\"ninja_column_1\">\n                            <col class=\"ninja_column_2\">\n                            <col class=\"ninja_column_3\">\n                            <col class=\"ninja_column_4\">\n                            <col class=\"ninja_column_5\">\n                            <col class=\"ninja_column_6\">\n                    <\/colgroup>\n        <thead>\n<tr class=\"footable-header\">\n                                                                                                                        <th scope=\"col\"  class=\"ninja_column_0 ninja_clmn_nm_model\">Modell<\/th><th scope=\"col\"  class=\"ninja_column_1 ninja_clmn_nm_3xy\">3XY<\/th><th scope=\"col\"  class=\"ninja_column_2 ninja_clmn_nm_25xy\">25XY<\/th><th scope=\"col\"  class=\"ninja_column_3 ninja_clmn_nm_5xy\">50XY<\/th><th scope=\"col\"  class=\"ninja_column_4 ninja_clmn_nm_7xy\">70XY<\/th><th scope=\"col\"  class=\"ninja_column_5 ninja_clmn_nm_12xy\">120XY<\/th><th scope=\"col\"  class=\"ninja_column_6 ninja_clmn_nm_17xy\">170XY<\/th><\/tr>\n<\/thead>\n<tbody>\n\n        <tr data-row_id=\"1829\" class=\"ninja_table_row_0 nt_row_id_1829\">\n            <td>Nummer der Messachse<\/td><td>Doppel-Aixe<\/td><td>Doppel-Aixe<\/td><td>Doppel-Aixe<\/td><td>Doppel-Aixe<\/td><td>Doppel-Aixe<\/td><td>Doppel-Aixe<\/td>        <\/tr>\n            <tr data-row_id=\"1832\" class=\"ninja_table_row_1 nt_row_id_1832\">\n            <td>Abtastgeschwindigkeit des Durchmessermessger\u00e4ts<\/td><td>1400 Mal\/Sekunde<\/td><td>1400 Mal\/Sekunde<\/td><td>1400 Mal\/Sekunde<\/td><td>1400 Mal\/Sekunde<\/td><td>1400 Mal\/Sekunde<\/td><td>1400 Mal\/Sekunde<\/td>        <\/tr>\n            <tr data-row_id=\"1833\" class=\"ninja_table_row_2 nt_row_id_1833\">\n            <td>Aufl\u00f6sung<\/td><td>0,001 mm<\/td><td>0,001 mm<\/td><td>0,001 mm<\/td><td>0,001 mm<\/td><td>0,001 mm<\/td><td>0,001 mm<\/td>        <\/tr>\n            <tr data-row_id=\"1834\" class=\"ninja_table_row_3 nt_row_id_1834\">\n            <td>Versorgungsspannung<\/td><td>AC220V+10% 50HZ<\/td><td>AC220V+10% 50HZ<\/td><td>AC220V+10% 50HZ<\/td><td>AC220V+10% 50HZ<\/td><td>AC220V+10% 50HZ<\/td><td>AC220V+10% 50HZ<\/td>        <\/tr>\n            <tr data-row_id=\"1837\" class=\"ninja_table_row_4 nt_row_id_1837\">\n            <td>Optionales Zubeh\u00f6r<\/td><td>Halterung, serielle Leitung, Fernsteuerung, Fernanzeige<\/td><td>Halterung, serielle Leitung, Fernsteuerung, Fernanzeige<\/td><td>Halterung, serielle Leitung, Fernsteuerung, Fernanzeige<\/td><td>Halterung, serielle Leitung, Fernsteuerung, Fernanzeige<\/td><td>Halterung, serielle Leitung, Fernsteuerung, Fernanzeige<\/td><td>Halterung, serielle Leitung, Fernsteuerung, Fernanzeige<\/td>        <\/tr>\n            <tr data-row_id=\"1839\" class=\"ninja_table_row_5 nt_row_id_1839\">\n            <td>Gewicht<\/td><td>5kg<\/td><td>4,5 kg<\/td><td>8,5 kg<\/td><td>16KG<\/td><td>27kg<\/td><td>30kg<\/td>        <\/tr>\n    <\/tbody><!--ninja_tobody_rendering_done-->\n    <\/table>\n    \n    \n    \n<\/div>\n\n<figure id=\"attachment_32583\" aria-describedby=\"caption-attachment-32583\" style=\"width: 820px\" class=\"wp-caption alignnone\"><img fetchpriority=\"high\" decoding=\"async\" class=\"size-full wp-image-32583\" src=\"https:\/\/rollingringdrives.com\/wp-content\/uploads\/2025\/09\/d9e59881-c13b-45cf-83cd-d750f5923cb6.png\" alt=\"0,1-50mm Laser-Durchmesser-Messger\u00e4t \" width=\"820\" height=\"525\" srcset=\"https:\/\/rollingringdrives.com\/wp-content\/uploads\/2025\/09\/d9e59881-c13b-45cf-83cd-d750f5923cb6.png 820w, https:\/\/rollingringdrives.com\/wp-content\/uploads\/2025\/09\/d9e59881-c13b-45cf-83cd-d750f5923cb6-300x192.png 300w, https:\/\/rollingringdrives.com\/wp-content\/uploads\/2025\/09\/d9e59881-c13b-45cf-83cd-d750f5923cb6-768x492.png 768w, https:\/\/rollingringdrives.com\/wp-content\/uploads\/2025\/09\/d9e59881-c13b-45cf-83cd-d750f5923cb6-18x12.png 18w, https:\/\/rollingringdrives.com\/wp-content\/uploads\/2025\/09\/d9e59881-c13b-45cf-83cd-d750f5923cb6-600x384.png 600w\" sizes=\"(max-width: 820px) 100vw, 820px\" \/><figcaption id=\"caption-attachment-32583\" class=\"wp-caption-text\"><br \/>Zu den h\u00e4ufigen Messfehlern und St\u00f6rungen von Laserdurchmessermessger\u00e4ten geh\u00f6ren vor allem die folgenden:<br \/><strong>Umweltfaktoren:<\/strong>\u00a0Umweltver\u00e4nderungen wie Temperatur, Luftfeuchtigkeit und Luftqualit\u00e4t beeinflussen den Ausbreitungsweg und die Stabilit\u00e4t des Lasers, was zu Messfehlern f\u00fchrt.<br \/><strong>Stabilit\u00e4t der Laserlichtquelle:\u00a0<\/strong>Die Schwankungen und die D\u00e4mpfung der Lichtquelle beeinflussen die Messgenauigkeit. Eine instabile Lichtquelle oder unzureichende Leistung kann zu ungenauen Messwerten f\u00fchren.<br \/><strong>Oberfl\u00e4cheneigenschaften des Messobjekts:<\/strong>\u00a0Die Reflexionseigenschaften, die Farbe und die Rauheit der Oberfl\u00e4che des Messobjekts beeinflussen die Intensit\u00e4t und die Genauigkeit des Laserreflexionsechos.<br \/><strong>Ausrichtungsfehler:<\/strong>\u00a0Wenn der Laserstrahl nicht genau auf den Mittelpunkt des Messobjekts ausgerichtet ist oder der Messwinkel abweicht, f\u00fchrt dies zu einer Abweichung der Messdaten.<br \/><strong>Elektronische St\u00f6rungen:<\/strong>\u00a0St\u00f6rungen durch elektronische Ger\u00e4te in der Umgebung k\u00f6nnen den Betrieb des Lasermessger\u00e4ts beeintr\u00e4chtigen und zu falschen Messwerten f\u00fchren.<br \/><strong>Kalibrierungsprobleme:\u00a0<\/strong>Ger\u00e4te, die nicht regelm\u00e4\u00dfig oder ungenau kalibriert werden, verursachen Messfehler.<br \/><strong>Mechanische Vibration:<\/strong>\u00a0Die Schwingungen des Durchmessermessger\u00e4ts oder des Messobjekts beeintr\u00e4chtigen die Stabilit\u00e4t und Genauigkeit der Messergebnisse.<br \/>Die Auswirkungen dieser Fehler und St\u00f6rungen lassen sich durch regelm\u00e4\u00dfige Wartung und Kalibrierung des Laserdurchmessermessger\u00e4ts und durch Verbesserung der Messumgebung wirksam verringern.<\/figcaption><\/figure>","protected":false},"excerpt":{"rendered":"<p>1. Versorgungsspannung des Ger\u00e4ts: AC 220V \u00b1 10% 50Hz;<br \/>\n2. Umgebungstemperatur: -5\u00b0C bis 40\u00b0C;<br \/>\n3. Messbereich: 1 bis 50 mm;<br \/>\n4. Aufl\u00f6sung: 0,001 mm;<br \/>\n5. Messgenauigkeit: \u00b10,0015 \u00b1 0,008%*Xz (Xz: Nenndurchmesser);<br \/>\n6. Durchmesser-Messger\u00e4t Scan-Geschwindigkeit: 1000-14000 Scans\/Sekunde\/Achse;<br \/>\n7. Kommunikationsschnittstelle: RS485 (unterst\u00fctzt Modbus RTU);<br \/>\n8. Leistungsaufnahme: \u226412W;<\/p>","protected":false},"featured_media":32584,"template":"","meta":{"site-sidebar-layout":"default","site-content-layout":"default","ast-global-header-display":"","ast-banner-title-visibility":"","ast-main-header-display":"","ast-hfb-above-header-display":"","ast-hfb-below-header-display":"","ast-hfb-mobile-header-display":"","site-post-title":"","ast-breadcrumbs-content":"","ast-featured-img":"","footer-sml-layout":"","theme-transparent-header-meta":"default","adv-header-id-meta":"","stick-header-meta":"","header-above-stick-meta":"","header-main-stick-meta":"","header-below-stick-meta":""},"product_brand":[],"product_cat":[148,142],"product_tag":[],"class_list":{"0":"post-32582","1":"product","2":"type-product","3":"status-publish","4":"has-post-thumbnail","6":"product_cat-laser-measurement","7":"product_cat-dual-aixs-laser-diameter-gauge","8":"desktop-align-left","9":"tablet-align-left","10":"mobile-align-left","12":"first","13":"instock","14":"shipping-taxable","15":"product-type-simple"},"yoast_head":"<!-- This site is optimized with the Yoast SEO Premium plugin v20.12 (Yoast SEO v26.0) - https:\/\/yoast.com\/wordpress\/plugins\/seo\/ -->\n<title>50XY dual aixs Laser Diameter Gauge, Single Axis, 0.1-50mm - QiPang<\/title>\n<meta name=\"robots\" content=\"index, follow, max-snippet:-1, max-image-preview:large, max-video-preview:-1\" \/>\n<link rel=\"canonical\" href=\"https:\/\/rollingringdrives.com\/de\/produkt\/50xy-dual-aixs-laser-diameter-gauge-single-axis-0-1-50mm\/\" \/>\n<meta property=\"og:locale\" content=\"de_DE\" \/>\n<meta property=\"og:type\" content=\"article\" \/>\n<meta property=\"og:title\" content=\"50XY dual aixs Laser Diameter Gauge, Single Axis, 0.1-50mm\" \/>\n<meta property=\"og:description\" content=\"1. Instrument power supply voltage: AC 220V \u00b1 10% 50Hz; 2. Ambient temperature: -5\u00b0C to 40\u00b0C; 3. Measuring range: 1 to 50mm; 4. Resolution: 0.001mm; 5. Measurement accuracy: \u00b10.0015 \u00b1 0.008%*Xz (Xz: nominal diameter); 6. Diameter gauge scanning speed: 1000-14000 scans\/second\/axis; 7. Communication interface: RS485 (supports Modbus RTU); 8. Power consumption: \u226412W;\" \/>\n<meta property=\"og:url\" content=\"https:\/\/rollingringdrives.com\/de\/produkt\/50xy-dual-aixs-laser-diameter-gauge-single-axis-0-1-50mm\/\" \/>\n<meta property=\"og:site_name\" content=\"QiPang\" \/>\n<meta property=\"article:modified_time\" content=\"2025-09-20T09:16:12+00:00\" \/>\n<meta property=\"og:image\" content=\"https:\/\/rollingringdrives.com\/wp-content\/uploads\/2025\/09\/laser-diameter-gauge-19.jpg\" \/>\n\t<meta property=\"og:image:width\" content=\"800\" \/>\n\t<meta property=\"og:image:height\" content=\"800\" \/>\n\t<meta property=\"og:image:type\" content=\"image\/jpeg\" \/>\n<meta name=\"twitter:card\" content=\"summary_large_image\" \/>\n<meta name=\"twitter:label1\" content=\"Gesch\u00e4tzte Lesezeit\" \/>\n\t<meta name=\"twitter:data1\" content=\"2\u00a0Minuten\" \/>\n<script type=\"application\/ld+json\" class=\"yoast-schema-graph\">{\"@context\":\"https:\/\/schema.org\",\"@graph\":[{\"@type\":\"WebPage\",\"@id\":\"https:\/\/rollingringdrives.com\/product\/50xy-dual-aixs-laser-diameter-gauge-single-axis-0-1-50mm\/\",\"url\":\"https:\/\/rollingringdrives.com\/product\/50xy-dual-aixs-laser-diameter-gauge-single-axis-0-1-50mm\/\",\"name\":\"50XY dual aixs Laser Diameter Gauge, Single Axis, 0.1-50mm - QiPang\",\"isPartOf\":{\"@id\":\"https:\/\/rollingringdrives.com\/#website\"},\"primaryImageOfPage\":{\"@id\":\"https:\/\/rollingringdrives.com\/product\/50xy-dual-aixs-laser-diameter-gauge-single-axis-0-1-50mm\/#primaryimage\"},\"image\":{\"@id\":\"https:\/\/rollingringdrives.com\/product\/50xy-dual-aixs-laser-diameter-gauge-single-axis-0-1-50mm\/#primaryimage\"},\"thumbnailUrl\":\"https:\/\/rollingringdrives.com\/wp-content\/uploads\/2025\/09\/laser-diameter-gauge-19.jpg\",\"datePublished\":\"2025-09-20T09:16:11+00:00\",\"dateModified\":\"2025-09-20T09:16:12+00:00\",\"breadcrumb\":{\"@id\":\"https:\/\/rollingringdrives.com\/product\/50xy-dual-aixs-laser-diameter-gauge-single-axis-0-1-50mm\/#breadcrumb\"},\"inLanguage\":\"de\",\"potentialAction\":[{\"@type\":\"ReadAction\",\"target\":[\"https:\/\/rollingringdrives.com\/product\/50xy-dual-aixs-laser-diameter-gauge-single-axis-0-1-50mm\/\"]}]},{\"@type\":\"ImageObject\",\"inLanguage\":\"de\",\"@id\":\"https:\/\/rollingringdrives.com\/product\/50xy-dual-aixs-laser-diameter-gauge-single-axis-0-1-50mm\/#primaryimage\",\"url\":\"https:\/\/rollingringdrives.com\/wp-content\/uploads\/2025\/09\/laser-diameter-gauge-19.jpg\",\"contentUrl\":\"https:\/\/rollingringdrives.com\/wp-content\/uploads\/2025\/09\/laser-diameter-gauge-19.jpg\",\"width\":800,\"height\":800,\"caption\":\"In-line diameter gauges, high accuracy,\"},{\"@type\":\"BreadcrumbList\",\"@id\":\"https:\/\/rollingringdrives.com\/product\/50xy-dual-aixs-laser-diameter-gauge-single-axis-0-1-50mm\/#breadcrumb\",\"itemListElement\":[{\"@type\":\"ListItem\",\"position\":1,\"name\":\"Home\",\"item\":\"https:\/\/rollingringdrives.com\/\"},{\"@type\":\"ListItem\",\"position\":2,\"name\":\"Machines\",\"item\":\"https:\/\/rollingringdrives.com\/machines\/\"},{\"@type\":\"ListItem\",\"position\":3,\"name\":\"50XY dual aixs Laser Diameter Gauge, Single Axis, 0.1-50mm\"}]},{\"@type\":\"WebSite\",\"@id\":\"https:\/\/rollingringdrives.com\/#website\",\"url\":\"https:\/\/rollingringdrives.com\/\",\"name\":\"QiPang\",\"description\":\"QiPang Blog\",\"publisher\":{\"@id\":\"https:\/\/rollingringdrives.com\/#organization\"},\"potentialAction\":[{\"@type\":\"SearchAction\",\"target\":{\"@type\":\"EntryPoint\",\"urlTemplate\":\"https:\/\/rollingringdrives.com\/?s={search_term_string}\"},\"query-input\":{\"@type\":\"PropertyValueSpecification\",\"valueRequired\":true,\"valueName\":\"search_term_string\"}}],\"inLanguage\":\"de\"},{\"@type\":\"Organization\",\"@id\":\"https:\/\/rollingringdrives.com\/#organization\",\"name\":\"QiPang\",\"url\":\"https:\/\/rollingringdrives.com\/\",\"logo\":{\"@type\":\"ImageObject\",\"inLanguage\":\"de\",\"@id\":\"https:\/\/rollingringdrives.com\/#\/schema\/logo\/image\/\",\"url\":\"https:\/\/rollingringdrives.com\/wp-content\/uploads\/2023\/05\/cropped-\u672a\u547d\u540d\u7684\u8bbe\u8ba1.png\",\"contentUrl\":\"https:\/\/rollingringdrives.com\/wp-content\/uploads\/2023\/05\/cropped-\u672a\u547d\u540d\u7684\u8bbe\u8ba1.png\",\"width\":300,\"height\":191,\"caption\":\"QiPang\"},\"image\":{\"@id\":\"https:\/\/rollingringdrives.com\/#\/schema\/logo\/image\/\"}}]}<\/script>\n<!-- \/ Yoast SEO Premium plugin. -->","yoast_head_json":{"title":"50XY dual aixs Laser-Durchmessermessger\u00e4t, einachsig, 0,1-50mm - QiPang","robots":{"index":"index","follow":"follow","max-snippet":"max-snippet:-1","max-image-preview":"max-image-preview:large","max-video-preview":"max-video-preview:-1"},"canonical":"https:\/\/rollingringdrives.com\/de\/produkt\/50xy-dual-aixs-laser-diameter-gauge-single-axis-0-1-50mm\/","og_locale":"de_DE","og_type":"article","og_title":"50XY dual aixs Laser Diameter Gauge, Single Axis, 0.1-50mm","og_description":"1. Instrument power supply voltage: AC 220V \u00b1 10% 50Hz; 2. Ambient temperature: -5\u00b0C to 40\u00b0C; 3. Measuring range: 1 to 50mm; 4. Resolution: 0.001mm; 5. Measurement accuracy: \u00b10.0015 \u00b1 0.008%*Xz (Xz: nominal diameter); 6. Diameter gauge scanning speed: 1000-14000 scans\/second\/axis; 7. Communication interface: RS485 (supports Modbus RTU); 8. Power consumption: \u226412W;","og_url":"https:\/\/rollingringdrives.com\/de\/produkt\/50xy-dual-aixs-laser-diameter-gauge-single-axis-0-1-50mm\/","og_site_name":"QiPang","article_modified_time":"2025-09-20T09:16:12+00:00","og_image":[{"width":800,"height":800,"url":"https:\/\/rollingringdrives.com\/wp-content\/uploads\/2025\/09\/laser-diameter-gauge-19.jpg","type":"image\/jpeg"}],"twitter_card":"summary_large_image","twitter_misc":{"Gesch\u00e4tzte Lesezeit":"2\u00a0Minuten"},"schema":{"@context":"https:\/\/schema.org","@graph":[{"@type":"WebPage","@id":"https:\/\/rollingringdrives.com\/product\/50xy-dual-aixs-laser-diameter-gauge-single-axis-0-1-50mm\/","url":"https:\/\/rollingringdrives.com\/product\/50xy-dual-aixs-laser-diameter-gauge-single-axis-0-1-50mm\/","name":"50XY dual aixs Laser-Durchmessermessger\u00e4t, einachsig, 0,1-50mm - QiPang","isPartOf":{"@id":"https:\/\/rollingringdrives.com\/#website"},"primaryImageOfPage":{"@id":"https:\/\/rollingringdrives.com\/product\/50xy-dual-aixs-laser-diameter-gauge-single-axis-0-1-50mm\/#primaryimage"},"image":{"@id":"https:\/\/rollingringdrives.com\/product\/50xy-dual-aixs-laser-diameter-gauge-single-axis-0-1-50mm\/#primaryimage"},"thumbnailUrl":"https:\/\/rollingringdrives.com\/wp-content\/uploads\/2025\/09\/laser-diameter-gauge-19.jpg","datePublished":"2025-09-20T09:16:11+00:00","dateModified":"2025-09-20T09:16:12+00:00","breadcrumb":{"@id":"https:\/\/rollingringdrives.com\/product\/50xy-dual-aixs-laser-diameter-gauge-single-axis-0-1-50mm\/#breadcrumb"},"inLanguage":"de","potentialAction":[{"@type":"ReadAction","target":["https:\/\/rollingringdrives.com\/product\/50xy-dual-aixs-laser-diameter-gauge-single-axis-0-1-50mm\/"]}]},{"@type":"ImageObject","inLanguage":"de","@id":"https:\/\/rollingringdrives.com\/product\/50xy-dual-aixs-laser-diameter-gauge-single-axis-0-1-50mm\/#primaryimage","url":"https:\/\/rollingringdrives.com\/wp-content\/uploads\/2025\/09\/laser-diameter-gauge-19.jpg","contentUrl":"https:\/\/rollingringdrives.com\/wp-content\/uploads\/2025\/09\/laser-diameter-gauge-19.jpg","width":800,"height":800,"caption":"In-line diameter gauges, high accuracy,"},{"@type":"BreadcrumbList","@id":"https:\/\/rollingringdrives.com\/product\/50xy-dual-aixs-laser-diameter-gauge-single-axis-0-1-50mm\/#breadcrumb","itemListElement":[{"@type":"ListItem","position":1,"name":"Home","item":"https:\/\/rollingringdrives.com\/"},{"@type":"ListItem","position":2,"name":"Machines","item":"https:\/\/rollingringdrives.com\/machines\/"},{"@type":"ListItem","position":3,"name":"50XY dual aixs Laser Diameter Gauge, Single Axis, 0.1-50mm"}]},{"@type":"WebSite","@id":"https:\/\/rollingringdrives.com\/#website","url":"https:\/\/rollingringdrives.com\/","name":"QiPang","description":"QiPang-Blog","publisher":{"@id":"https:\/\/rollingringdrives.com\/#organization"},"potentialAction":[{"@type":"SearchAction","target":{"@type":"EntryPoint","urlTemplate":"https:\/\/rollingringdrives.com\/?s={search_term_string}"},"query-input":{"@type":"PropertyValueSpecification","valueRequired":true,"valueName":"search_term_string"}}],"inLanguage":"de"},{"@type":"Organization","@id":"https:\/\/rollingringdrives.com\/#organization","name":"QiPang","url":"https:\/\/rollingringdrives.com\/","logo":{"@type":"ImageObject","inLanguage":"de","@id":"https:\/\/rollingringdrives.com\/#\/schema\/logo\/image\/","url":"https:\/\/rollingringdrives.com\/wp-content\/uploads\/2023\/05\/cropped-\u672a\u547d\u540d\u7684\u8bbe\u8ba1.png","contentUrl":"https:\/\/rollingringdrives.com\/wp-content\/uploads\/2023\/05\/cropped-\u672a\u547d\u540d\u7684\u8bbe\u8ba1.png","width":300,"height":191,"caption":"QiPang"},"image":{"@id":"https:\/\/rollingringdrives.com\/#\/schema\/logo\/image\/"}}]}},"_links":{"self":[{"href":"https:\/\/rollingringdrives.com\/de\/wp-json\/wp\/v2\/product\/32582","targetHints":{"allow":["GET"]}}],"collection":[{"href":"https:\/\/rollingringdrives.com\/de\/wp-json\/wp\/v2\/product"}],"about":[{"href":"https:\/\/rollingringdrives.com\/de\/wp-json\/wp\/v2\/types\/product"}],"version-history":[{"count":0,"href":"https:\/\/rollingringdrives.com\/de\/wp-json\/wp\/v2\/product\/32582\/revisions"}],"wp:featuredmedia":[{"embeddable":true,"href":"https:\/\/rollingringdrives.com\/de\/wp-json\/wp\/v2\/media\/32584"}],"wp:attachment":[{"href":"https:\/\/rollingringdrives.com\/de\/wp-json\/wp\/v2\/media?parent=32582"}],"wp:term":[{"taxonomy":"product_brand","embeddable":true,"href":"https:\/\/rollingringdrives.com\/de\/wp-json\/wp\/v2\/product_brand?post=32582"},{"taxonomy":"product_cat","embeddable":true,"href":"https:\/\/rollingringdrives.com\/de\/wp-json\/wp\/v2\/product_cat?post=32582"},{"taxonomy":"product_tag","embeddable":true,"href":"https:\/\/rollingringdrives.com\/de\/wp-json\/wp\/v2\/product_tag?post=32582"}],"curies":[{"name":"wp","href":"https:\/\/api.w.org\/{rel}","templated":true}]}}