{"id":32621,"date":"2025-10-18T02:29:02","date_gmt":"2025-10-18T02:29:02","guid":{"rendered":"https:\/\/rollingringdrives.com\/?post_type=product&#038;p=32621"},"modified":"2025-11-01T03:01:12","modified_gmt":"2025-11-01T03:01:12","slug":"1-130mm-wire-length-counter-meter-with-encoder","status":"publish","type":"product","link":"https:\/\/rollingringdrives.com\/de\/produkt\/1-130mm-wire-length-counter-meter-with-encoder\/","title":{"rendered":"1-130mm Kabel Draht Schlauch L\u00e4nge Z\u00e4hler Meter mit Encoder"},"content":{"rendered":"<h2 id=\"1-eael-table-of-content\" class=\"eael-heading-content\">Drahtl\u00e4ngenz\u00e4hler Beschreibung<\/h2>\n<p>Der\u00a0<strong class=\"markdown_strong_asterisk\">G\u00fcrteldrahtl\u00e4ngenz\u00e4hler<\/strong> <strong>Z\u00e4hler<\/strong> ist ein vielseitiges Z\u00e4hlger\u00e4t, das mit einem Raupenantrieb arbeitet und genaue Messungen erm\u00f6glicht. Es verf\u00fcgt \u00fcber einen Kompressionsmechanismus, eine Handkurbel und ein elektronisches Anzeigeger\u00e4t f\u00fcr pr\u00e4zise Messwerte, die leicht gespannt werden k\u00f6nnen. Dar\u00fcber hinaus verf\u00fcgt es \u00fcber eine einstellbare Spitzenh\u00f6he im Bereich von 900-1100 mm, mit vorderen und hinteren Rolleneinstellungen f\u00fcr eine reibungslose Drahtpositionierung. Dieses Z\u00e4hlger\u00e4t ist mit einem zuverl\u00e4ssigen Messrad und synchronen Radparametern f\u00fcr die pr\u00e4zise Messung von Draht und Kabel ausgestattet.<\/p>\n<h2 class=\"eael-heading-content\">\u00a0Parameter des Drahtl\u00e4ngenz\u00e4hlers<\/h2>\n<p>Das Drahtl\u00e4ngenmessger\u00e4t, oft auch \"Drahtz\u00e4hler\" oder \"digitales L\u00e4ngenmessger\u00e4t\" genannt, ist ein Ger\u00e4t, das die L\u00e4nge von linearen Materialien (wie Kabel, optische Kabel, Seile, Rohre usw.) durch mechanischen Kontakt genau misst. Es spielt eine wichtige Rolle bei der Herstellung, Verlegung und Abnahme von Kabeln.<\/p>\n<div id=\"footable_parent_32678\"\n         class=\"footable_parent ninja_table_wrapper loading_ninja_table wp_table_data_press_parent semantic_ui\">\n                <table data-ninja_table_instance=\"ninja_table_instance_0\" data-footable_id=\"32678\" data-filter-delay=\"1000\" aria-label=\"\u6c14\u7f38\u5c65\u5e26\u8ba1\u7c73\u5668.csv\"            id=\"footable_32678\"\n           data-unique_identifier=\"ninja_table_unique_id_152630418_32678\"\n           class=\"foo-table ninja_footable foo_table_32678 ninja_table_unique_id_152630418_32678 ui table  ninja_search_right nt_type_legacy_table selectable striped vertical_centered celled  footable-paging-right ninja_table_pro\">\n                <colgroup>\n                            <col class=\"ninja_column_0\">\n                            <col class=\"ninja_column_1\">\n                            <col class=\"ninja_column_2\">\n                            <col class=\"ninja_column_3\">\n                    <\/colgroup>\n        <thead>\n<tr class=\"footable-header\">\n                                                                        <th scope=\"col\"  class=\"ninja_column_0 ninja_clmn_nm_model\">Modell<\/th><th scope=\"col\"  class=\"ninja_column_1 ninja_clmn_nm_qp45l\">QP-45LKabelz\u00e4hler<\/th><th scope=\"col\"  class=\"ninja_column_2 ninja_clmn_nm_qp75l\">QP-75L Kabelmeterz\u00e4hler<\/th><th scope=\"col\"  class=\"ninja_column_3 ninja_clmn_nm_qp13l\">QP-140L Kabelmeterz\u00e4hler<\/th><\/tr>\n<\/thead>\n<tbody>\n\n        <tr data-row_id=\"2013\" class=\"ninja_table_row_0 nt_row_id_2013\">\n            <td>Anwendbarer Drahtdurchmesser<\/td><td>1 mm-45mm<\/td><td>5-75mm<\/td><td>5-140mm<\/td>        <\/tr>\n            <tr data-row_id=\"2014\" class=\"ninja_table_row_1 nt_row_id_2014\">\n            <td>Anwendbare lineare Geschwindigkeit<\/td><td>0-300M\/Min<\/td><td>0-200M\/Min<\/td><td>0-120M\/Min<\/td>        <\/tr>\n            <tr data-row_id=\"2015\" class=\"ninja_table_row_2 nt_row_id_2015\">\n            <td>Spitzenh\u00f6he<\/td><td>850-1050mm(Mittelh\u00f6he einstellbar)<\/td><td>850-1050mm(Mittelh\u00f6he einstellbar)<\/td><td>850-1050mm(Mittelh\u00f6he einstellbar)<\/td>        <\/tr>\n            <tr data-row_id=\"2016\" class=\"ninja_table_row_3 nt_row_id_2016\">\n            <td>Messl\u00e4nge Typ<\/td><td>Poly-v-Riemenantrieb - verschlei\u00dffest<\/td><td>Raupenantrieb - Flachriemen<\/td><td>Raupenantrieb - Flachriemen<\/td>        <\/tr>\n            <tr data-row_id=\"2017\" class=\"ninja_table_row_4 nt_row_id_2017\">\n            <td>Synchronradparameter<\/td><td>Zahnriemenscheibe Breite 51MM, OD 159.15MM<\/td><td>Zahnriemenscheibe Breite 51MM, OD 159.15MM<\/td><td>Zahnriemenscheibe Breite 51MM, OD 159.15MM<\/td>        <\/tr>\n            <tr data-row_id=\"2018\" class=\"ninja_table_row_5 nt_row_id_2018\">\n            <td>Genauigkeit des Messger\u00e4ts<\/td><td>Umspulen 2\u2030 verdrillter Draht 2\u2030Extrusion 1,5\u2030<\/td><td>Umspulen 2\u2030gewickelter Draht 2\u2030Extrusion 1,5\u2030<\/td><td>Umspulen 2\u2030gewickelter Draht 2\u2030Extrusion 1,5\u2030<\/td>        <\/tr>\n            <tr data-row_id=\"2019\" class=\"ninja_table_row_6 nt_row_id_2019\">\n            <td>Abz\u00e4hlbare L\u00e4nge<\/td><td>0-99999.9M<\/td><td>0-99999.9M<\/td><td>0-99999.9M<\/td>        <\/tr>\n            <tr data-row_id=\"2020\" class=\"ninja_table_row_7 nt_row_id_2020\">\n            <td>Kompressionsverfahren<\/td><td>Zylinder\/Handrad<\/td><td>Zylinder\/Handrad<\/td><td>Zylinder\/Handrad<\/td>        <\/tr>\n            <tr data-row_id=\"2021\" class=\"ninja_table_row_8 nt_row_id_2021\">\n            <td>Z\u00e4hlweise<\/td><td>Horizontale Kompression<\/td><td>Horizontale Kompression<\/td><td>Horizontale Kompression<\/td>        <\/tr>\n            <tr data-row_id=\"2022\" class=\"ninja_table_row_9 nt_row_id_2022\">\n            <td>Wiederanlauf bei<\/td><td>Encoder<\/td><td>Encoder<\/td><td>Encoder<\/td>        <\/tr>\n            <tr data-row_id=\"2023\" class=\"ninja_table_row_10 nt_row_id_2023\">\n            <td>Signalausgang<\/td><td>RS485(Optional)<\/td><td>RS485(Optional)<\/td><td>RS485(Optional)<\/td>        <\/tr>\n            <tr data-row_id=\"2024\" class=\"ninja_table_row_11 nt_row_id_2024\">\n            <td>Ger\u00e4t Farbe<\/td><td>5015 Blau (andere anpassbar)<\/td><td>5015 Blau (andere anpassbar)<\/td><td>5015 Blau (andere anpassbar)<\/td>        <\/tr>\n            <tr data-row_id=\"2025\" class=\"ninja_table_row_12 nt_row_id_2025\">\n            <td>Arbeitsspannung<\/td><td>220V AC<\/td><td>220V AC<\/td><td>220V AC<\/td>        <\/tr>\n            <tr data-row_id=\"2026\" class=\"ninja_table_row_13 nt_row_id_2026\">\n            <td>Gewicht der Ausr\u00fcstung<\/td><td>Messger\u00e4t Messmaschine 41KG+Unterst\u00fctzung 26.5KG<\/td><td>Messger\u00e4t Host-Maschine48KG+Stent23KG<\/td><td> Messger\u00e4t Host-Maschine 75KG+Support25KG<\/td>        <\/tr>\n            <tr data-row_id=\"2027\" class=\"ninja_table_row_14 nt_row_id_2027\">\n            <td>Abmessungen der Ausr\u00fcstung<\/td><td>L550mm* B520mm* H280mm Meter Mess Host Maschine L400mm* B400mm* H680mm Unterst\u00fctzung<\/td><td>L550mm* B520mm* H280mm Meter Mess Host Maschine L400mm* B400mm* H680mm Unterst\u00fctzung<\/td><td>L650mm* B600mm* H350mm Meter Messmaschine Host L650mm* B650mm* H720mm Unterst\u00fctzung<\/td>        <\/tr>\n            <tr data-row_id=\"2028\" class=\"ninja_table_row_15 nt_row_id_2028\">\n            <td>Optionales Zubeh\u00f6r<\/td><td>Elektronisches Anzeigeger\u00e4t\/Halterung<\/td><td>Elektronisches Anzeigeger\u00e4t\/Halterung<\/td><td>Elektronisches Anzeigeger\u00e4t\/Halterung<\/td>        <\/tr>\n    <\/tbody><!--ninja_tobody_rendering_done-->\n    <\/table>\n    \n    \n    \n<\/div>\n\n<h2 class=\"eael-heading-content\">Drahtl\u00e4ngenz\u00e4hler Arbeitsprinzip<\/h2>\n<p><strong>Kontakt und Rolling<\/strong>: Ein Messrad (Raupenrad) mit genau bekanntem Umfang wird mit einem bestimmten Druck auf die Kabeloberfl\u00e4che gedr\u00fcckt.<\/p>\n<p><strong>Synchronisierte Drehung<\/strong>: Wenn sich das Kabel bewegt, treibt es das Messrad an, sich synchron zu drehen, ohne (oder mit nur geringem) Schlupf zwischen ihnen.<\/p>\n<p><strong>Z\u00e4hlung und Umrechnung<\/strong>: Die Achse des Messrades ist mit einem hochpr\u00e4zisen Encoder oder einem mechanischen Z\u00e4hler verbunden. Bei jeder vollen Umdrehung des Rades registriert der Z\u00e4hler eine feste Anzahl von Impulsen.<\/p>\n<h2 id=\"4-eael-table-of-content\" class=\"eael-heading-content\">Q\uff06A \u00dcber Kabell\u00e4ngenz\u00e4hler<\/h2>\n<h4 id=\"5-eael-table-of-content\" class=\"eael-heading-content\" data-source-line=\"12\" data-source-line-display=\"true\"><\/h4>\n<h4 id=\"6-eael-table-of-content\" class=\"xsj_heading_hash xsj_heading xsj_heading_h4 eael-heading-content\" data-source-line=\"12\" data-source-line-display=\"true\"><span class=\"xsj_heading_content\">1. Was ist der Messbereich der Draht Meter Z\u00e4hler f\u00fcr die Wickelmaschine?<\/span><\/h4>\n<p class=\"xsj_paragraph xsj_paragraph_level_0\" data-source-line=\"14\" data-source-line-display=\"true\">Ans: Der Messbereich des Messger\u00e4ts kann von 1-130mm angepasst werden<\/p>\n<h4 id=\"7-eael-table-of-content\" class=\"xsj_heading_hash xsj_heading xsj_heading_h4 eael-heading-content\" data-source-line=\"16\" data-source-line-display=\"true\"><span class=\"xsj_heading_content\">2. Wie schnell kann der digitale L\u00e4ngenz\u00e4hler die Anzahl der Meter messen?<\/span><\/h4>\n<p class=\"xsj_paragraph xsj_paragraph_level_0\" data-source-line=\"18\" data-source-line-display=\"true\">Ans: Das Messger\u00e4t kann bis zu 300m\/min z\u00e4hlen<\/p>\n<h4 id=\"8-eael-table-of-content\" class=\"xsj_heading_hash xsj_heading xsj_heading_h4 eael-heading-content\" data-source-line=\"20\" data-source-line-display=\"true\"><span class=\"xsj_heading_content\">3. Verf\u00fcgt der Drahtz\u00e4hler \u00fcber ein Display zur Anzeige der Z\u00e4hlerst\u00e4nde?<\/span><\/h4>\n<p class=\"xsj_paragraph xsj_paragraph_level_0\" data-source-line=\"22\" data-source-line-display=\"true\">Antwort: Das Messger\u00e4t verf\u00fcgt \u00fcber eine elektronische Digitalanzeige f\u00fcr eine genaue Anzeige.<\/p>\n<h4 id=\"9-eael-table-of-content\" class=\"xsj_heading_hash xsj_heading xsj_heading_h4 eael-heading-content\" data-source-line=\"28\" data-source-line-display=\"true\"><span class=\"xsj_heading_content\">4. Kann die Messmethode des Messger\u00e4ts individuell angepasst werden?<\/span><\/h4>\n<p class=\"xsj_paragraph xsj_paragraph_level_0\" data-source-line=\"30\" data-source-line-display=\"true\">Antwort: Das Messger\u00e4t kann an die Encoder- oder Induktionsmessmethode angepasst werden.<\/p>","protected":false},"excerpt":{"rendered":"<p>Kabell\u00e4ngenz\u00e4hler Merkmal<\/p>\n<ul>\n<li><strong>Hohe Pr\u00e4zision:<\/strong>\u00a0Unter idealen Bedingungen kann die Messgenauigkeit \u00b10,1% oder sogar noch h\u00f6her sein und \u00fcbertrifft damit die manuelle Bandmessung bei weitem.<\/li>\n<li><strong>Hoher Wirkungsgrad:<\/strong>\u00a0Es erm\u00f6glicht automatisierte, kontinuierliche Messungen ohne manuelle Eingriffe und steigert so die Effizienz der Produktion erheblich.<\/li>\n<li><strong>Echtzeit &amp; Intuitive Anzeige:<\/strong>\u00a0Die L\u00e4ngenangaben werden in Echtzeit angezeigt, was eine einfache Prozess\u00fcberwachung und Qualit\u00e4tskontrolle erm\u00f6glicht.<\/li>\n<li><strong>Hohe Langlebigkeit:<\/strong>\u00a0Dank seiner robusten Bauweise kann er auch in rauen Industrieumgebungen eingesetzt werden.<\/li>\n<li><strong>Vielseitige Funktionalit\u00e4t:<\/strong>\u00a0Elektronische Modelle verf\u00fcgen \u00fcber mehrere Funktionen, wie z. B. L\u00e4ngenvorwahl, Z\u00e4hlen, Geschwindigkeitsanzeige und Datenausgabe.<\/li>\n<\/ul>","protected":false},"featured_media":32624,"template":"","meta":{"site-sidebar-layout":"default","site-content-layout":"default","ast-global-header-display":"","ast-banner-title-visibility":"","ast-main-header-display":"","ast-hfb-above-header-display":"","ast-hfb-below-header-display":"","ast-hfb-mobile-header-display":"","site-post-title":"","ast-breadcrumbs-content":"","ast-featured-img":"","footer-sml-layout":"","theme-transparent-header-meta":"default","adv-header-id-meta":"","stick-header-meta":"","header-above-stick-meta":"","header-main-stick-meta":"","header-below-stick-meta":""},"product_brand":[],"product_cat":[59],"product_tag":[],"class_list":{"0":"post-32621","1":"product","2":"type-product","3":"status-publish","4":"has-post-thumbnail","6":"product_cat-length-measuring-instrument","7":"desktop-align-left","8":"tablet-align-left","9":"mobile-align-left","11":"first","12":"instock","13":"shipping-taxable","14":"product-type-simple"},"yoast_head":"<!-- This site is optimized with the Yoast SEO Premium plugin v20.12 (Yoast SEO v26.0) - https:\/\/yoast.com\/wordpress\/plugins\/seo\/ -->\n<title>1-130mm Cable Wire Tubing Length Counter Meter With Encoder - QiPang<\/title>\n<meta name=\"robots\" content=\"index, follow, max-snippet:-1, max-image-preview:large, max-video-preview:-1\" \/>\n<link rel=\"canonical\" href=\"https:\/\/rollingringdrives.com\/de\/produkt\/1-130mm-wire-length-counter-meter-with-encoder\/\" \/>\n<meta property=\"og:locale\" content=\"de_DE\" \/>\n<meta property=\"og:type\" content=\"article\" \/>\n<meta property=\"og:title\" content=\"1-130mm Cable Wire Tubing Length Counter Meter With Encoder\" \/>\n<meta property=\"og:description\" content=\"Cable Length Meter Counter Feature   High Precision:\u00a0Under ideal conditions, the measurement accuracy can reach \u00b10.1% or even higher, far surpassing manual tape measurements.  High Efficiency:\u00a0It enables automated, continuous measurement without manual intervention, significantly boosting production efficiency.  Real-time &amp; Intuitive Display:\u00a0Length data is displayed in real time, facilitating easy process monitoring and quality control.  High Durability:\u00a0With its robust construction, it can withstand harsh industrial environments.  Versatile Functionality:\u00a0Electronic models feature multiple functions, such as preset length, counting, speed display, and data output.\" \/>\n<meta property=\"og:url\" content=\"https:\/\/rollingringdrives.com\/de\/produkt\/1-130mm-wire-length-counter-meter-with-encoder\/\" \/>\n<meta property=\"og:site_name\" content=\"QiPang\" \/>\n<meta property=\"article:modified_time\" content=\"2025-11-01T03:01:12+00:00\" \/>\n<meta name=\"twitter:card\" content=\"summary_large_image\" \/>\n<meta name=\"twitter:label1\" content=\"Gesch\u00e4tzte Lesezeit\" \/>\n\t<meta name=\"twitter:data1\" content=\"2\u00a0Minuten\" \/>\n<script type=\"application\/ld+json\" class=\"yoast-schema-graph\">{\"@context\":\"https:\/\/schema.org\",\"@graph\":[{\"@type\":\"WebPage\",\"@id\":\"https:\/\/rollingringdrives.com\/product\/1-130mm-wire-length-counter-meter-with-encoder\/\",\"url\":\"https:\/\/rollingringdrives.com\/product\/1-130mm-wire-length-counter-meter-with-encoder\/\",\"name\":\"1-130mm Cable Wire Tubing Length Counter Meter With Encoder - QiPang\",\"isPartOf\":{\"@id\":\"https:\/\/rollingringdrives.com\/#website\"},\"primaryImageOfPage\":{\"@id\":\"https:\/\/rollingringdrives.com\/product\/1-130mm-wire-length-counter-meter-with-encoder\/#primaryimage\"},\"image\":{\"@id\":\"https:\/\/rollingringdrives.com\/product\/1-130mm-wire-length-counter-meter-with-encoder\/#primaryimage\"},\"thumbnailUrl\":\"https:\/\/rollingringdrives.com\/wp-content\/uploads\/2025\/10\/wire-length-meter-counter.avif\",\"datePublished\":\"2025-10-18T02:29:02+00:00\",\"dateModified\":\"2025-11-01T03:01:12+00:00\",\"breadcrumb\":{\"@id\":\"https:\/\/rollingringdrives.com\/product\/1-130mm-wire-length-counter-meter-with-encoder\/#breadcrumb\"},\"inLanguage\":\"de\",\"potentialAction\":[{\"@type\":\"ReadAction\",\"target\":[\"https:\/\/rollingringdrives.com\/product\/1-130mm-wire-length-counter-meter-with-encoder\/\"]}]},{\"@type\":\"ImageObject\",\"inLanguage\":\"de\",\"@id\":\"https:\/\/rollingringdrives.com\/product\/1-130mm-wire-length-counter-meter-with-encoder\/#primaryimage\",\"url\":\"https:\/\/rollingringdrives.com\/wp-content\/uploads\/2025\/10\/wire-length-meter-counter.avif\",\"contentUrl\":\"https:\/\/rollingringdrives.com\/wp-content\/uploads\/2025\/10\/wire-length-meter-counter.avif\",\"width\":2048,\"height\":2048,\"caption\":\"wire length meter counter\"},{\"@type\":\"BreadcrumbList\",\"@id\":\"https:\/\/rollingringdrives.com\/product\/1-130mm-wire-length-counter-meter-with-encoder\/#breadcrumb\",\"itemListElement\":[{\"@type\":\"ListItem\",\"position\":1,\"name\":\"Home\",\"item\":\"https:\/\/rollingringdrives.com\/\"},{\"@type\":\"ListItem\",\"position\":2,\"name\":\"Machines\",\"item\":\"https:\/\/rollingringdrives.com\/machines\/\"},{\"@type\":\"ListItem\",\"position\":3,\"name\":\"1-130mm Cable Wire Tubing Length Counter Meter With Encoder\"}]},{\"@type\":\"WebSite\",\"@id\":\"https:\/\/rollingringdrives.com\/#website\",\"url\":\"https:\/\/rollingringdrives.com\/\",\"name\":\"QiPang\",\"description\":\"QiPang Blog\",\"publisher\":{\"@id\":\"https:\/\/rollingringdrives.com\/#organization\"},\"potentialAction\":[{\"@type\":\"SearchAction\",\"target\":{\"@type\":\"EntryPoint\",\"urlTemplate\":\"https:\/\/rollingringdrives.com\/?s={search_term_string}\"},\"query-input\":{\"@type\":\"PropertyValueSpecification\",\"valueRequired\":true,\"valueName\":\"search_term_string\"}}],\"inLanguage\":\"de\"},{\"@type\":\"Organization\",\"@id\":\"https:\/\/rollingringdrives.com\/#organization\",\"name\":\"QiPang\",\"url\":\"https:\/\/rollingringdrives.com\/\",\"logo\":{\"@type\":\"ImageObject\",\"inLanguage\":\"de\",\"@id\":\"https:\/\/rollingringdrives.com\/#\/schema\/logo\/image\/\",\"url\":\"https:\/\/rollingringdrives.com\/wp-content\/uploads\/2023\/05\/cropped-\u672a\u547d\u540d\u7684\u8bbe\u8ba1.png\",\"contentUrl\":\"https:\/\/rollingringdrives.com\/wp-content\/uploads\/2023\/05\/cropped-\u672a\u547d\u540d\u7684\u8bbe\u8ba1.png\",\"width\":300,\"height\":191,\"caption\":\"QiPang\"},\"image\":{\"@id\":\"https:\/\/rollingringdrives.com\/#\/schema\/logo\/image\/\"}}]}<\/script>\n<!-- \/ Yoast SEO Premium plugin. -->","yoast_head_json":{"title":"1-130mm Kabel Draht Rohr L\u00e4nge Z\u00e4hler Meter mit Encoder - QiPang","robots":{"index":"index","follow":"follow","max-snippet":"max-snippet:-1","max-image-preview":"max-image-preview:large","max-video-preview":"max-video-preview:-1"},"canonical":"https:\/\/rollingringdrives.com\/de\/produkt\/1-130mm-wire-length-counter-meter-with-encoder\/","og_locale":"de_DE","og_type":"article","og_title":"1-130mm Cable Wire Tubing Length Counter Meter With Encoder","og_description":"Cable Length Meter Counter Feature   High Precision:\u00a0Under ideal conditions, the measurement accuracy can reach \u00b10.1% or even higher, far surpassing manual tape measurements.  High Efficiency:\u00a0It enables automated, continuous measurement without manual intervention, significantly boosting production efficiency.  Real-time &amp; Intuitive Display:\u00a0Length data is displayed in real time, facilitating easy process monitoring and quality control.  High Durability:\u00a0With its robust construction, it can withstand harsh industrial environments.  Versatile Functionality:\u00a0Electronic models feature multiple functions, such as preset length, counting, speed display, and data output.","og_url":"https:\/\/rollingringdrives.com\/de\/produkt\/1-130mm-wire-length-counter-meter-with-encoder\/","og_site_name":"QiPang","article_modified_time":"2025-11-01T03:01:12+00:00","twitter_card":"summary_large_image","twitter_misc":{"Gesch\u00e4tzte Lesezeit":"2\u00a0Minuten"},"schema":{"@context":"https:\/\/schema.org","@graph":[{"@type":"WebPage","@id":"https:\/\/rollingringdrives.com\/product\/1-130mm-wire-length-counter-meter-with-encoder\/","url":"https:\/\/rollingringdrives.com\/product\/1-130mm-wire-length-counter-meter-with-encoder\/","name":"1-130mm Kabel Draht Rohr L\u00e4nge Z\u00e4hler Meter mit Encoder - QiPang","isPartOf":{"@id":"https:\/\/rollingringdrives.com\/#website"},"primaryImageOfPage":{"@id":"https:\/\/rollingringdrives.com\/product\/1-130mm-wire-length-counter-meter-with-encoder\/#primaryimage"},"image":{"@id":"https:\/\/rollingringdrives.com\/product\/1-130mm-wire-length-counter-meter-with-encoder\/#primaryimage"},"thumbnailUrl":"https:\/\/rollingringdrives.com\/wp-content\/uploads\/2025\/10\/wire-length-meter-counter.avif","datePublished":"2025-10-18T02:29:02+00:00","dateModified":"2025-11-01T03:01:12+00:00","breadcrumb":{"@id":"https:\/\/rollingringdrives.com\/product\/1-130mm-wire-length-counter-meter-with-encoder\/#breadcrumb"},"inLanguage":"de","potentialAction":[{"@type":"ReadAction","target":["https:\/\/rollingringdrives.com\/product\/1-130mm-wire-length-counter-meter-with-encoder\/"]}]},{"@type":"ImageObject","inLanguage":"de","@id":"https:\/\/rollingringdrives.com\/product\/1-130mm-wire-length-counter-meter-with-encoder\/#primaryimage","url":"https:\/\/rollingringdrives.com\/wp-content\/uploads\/2025\/10\/wire-length-meter-counter.avif","contentUrl":"https:\/\/rollingringdrives.com\/wp-content\/uploads\/2025\/10\/wire-length-meter-counter.avif","width":2048,"height":2048,"caption":"wire length meter counter"},{"@type":"BreadcrumbList","@id":"https:\/\/rollingringdrives.com\/product\/1-130mm-wire-length-counter-meter-with-encoder\/#breadcrumb","itemListElement":[{"@type":"ListItem","position":1,"name":"Home","item":"https:\/\/rollingringdrives.com\/"},{"@type":"ListItem","position":2,"name":"Machines","item":"https:\/\/rollingringdrives.com\/machines\/"},{"@type":"ListItem","position":3,"name":"1-130mm Cable Wire Tubing Length Counter Meter With Encoder"}]},{"@type":"WebSite","@id":"https:\/\/rollingringdrives.com\/#website","url":"https:\/\/rollingringdrives.com\/","name":"QiPang","description":"QiPang-Blog","publisher":{"@id":"https:\/\/rollingringdrives.com\/#organization"},"potentialAction":[{"@type":"SearchAction","target":{"@type":"EntryPoint","urlTemplate":"https:\/\/rollingringdrives.com\/?s={search_term_string}"},"query-input":{"@type":"PropertyValueSpecification","valueRequired":true,"valueName":"search_term_string"}}],"inLanguage":"de"},{"@type":"Organization","@id":"https:\/\/rollingringdrives.com\/#organization","name":"QiPang","url":"https:\/\/rollingringdrives.com\/","logo":{"@type":"ImageObject","inLanguage":"de","@id":"https:\/\/rollingringdrives.com\/#\/schema\/logo\/image\/","url":"https:\/\/rollingringdrives.com\/wp-content\/uploads\/2023\/05\/cropped-\u672a\u547d\u540d\u7684\u8bbe\u8ba1.png","contentUrl":"https:\/\/rollingringdrives.com\/wp-content\/uploads\/2023\/05\/cropped-\u672a\u547d\u540d\u7684\u8bbe\u8ba1.png","width":300,"height":191,"caption":"QiPang"},"image":{"@id":"https:\/\/rollingringdrives.com\/#\/schema\/logo\/image\/"}}]}},"_links":{"self":[{"href":"https:\/\/rollingringdrives.com\/de\/wp-json\/wp\/v2\/product\/32621","targetHints":{"allow":["GET"]}}],"collection":[{"href":"https:\/\/rollingringdrives.com\/de\/wp-json\/wp\/v2\/product"}],"about":[{"href":"https:\/\/rollingringdrives.com\/de\/wp-json\/wp\/v2\/types\/product"}],"version-history":[{"count":0,"href":"https:\/\/rollingringdrives.com\/de\/wp-json\/wp\/v2\/product\/32621\/revisions"}],"wp:featuredmedia":[{"embeddable":true,"href":"https:\/\/rollingringdrives.com\/de\/wp-json\/wp\/v2\/media\/32624"}],"wp:attachment":[{"href":"https:\/\/rollingringdrives.com\/de\/wp-json\/wp\/v2\/media?parent=32621"}],"wp:term":[{"taxonomy":"product_brand","embeddable":true,"href":"https:\/\/rollingringdrives.com\/de\/wp-json\/wp\/v2\/product_brand?post=32621"},{"taxonomy":"product_cat","embeddable":true,"href":"https:\/\/rollingringdrives.com\/de\/wp-json\/wp\/v2\/product_cat?post=32621"},{"taxonomy":"product_tag","embeddable":true,"href":"https:\/\/rollingringdrives.com\/de\/wp-json\/wp\/v2\/product_tag?post=32621"}],"curies":[{"name":"wp","href":"https:\/\/api.w.org\/{rel}","templated":true}]}}