{"id":32686,"date":"2025-11-01T03:22:08","date_gmt":"2025-11-01T03:22:08","guid":{"rendered":"https:\/\/rollingringdrives.com\/?post_type=product&#038;p=32686"},"modified":"2025-11-01T03:22:09","modified_gmt":"2025-11-01T03:22:09","slug":"1-30mm-wire-length-measurement-for-coiling-and-packing-machine","status":"publish","type":"product","link":"https:\/\/rollingringdrives.com\/de\/produkt\/1-30mm-wire-length-measurement-for-coiling-and-packing-machine\/","title":{"rendered":"1-30mm Drahtl\u00e4ngenmessung f\u00fcr Wickel- und Verpackungsmaschinen"},"content":{"rendered":"<p>Der Kurbeltyp <strong>Drahtl\u00e4ngenmessger\u00e4t<\/strong>\u00a0auch mechanisches Messger\u00e4t, Handkurbelmessger\u00e4t oder L\u00e4ngenmessger\u00e4t genannt, ist ein Ger\u00e4t, das die L\u00e4nge von linearen, bandf\u00f6rmigen oder rohrf\u00f6rmigen Materialien durch mechanische Kraft\u00fcbertragung misst und anzeigt.<\/p>\n<h2>das Merkmal Kabell\u00e4ngenz\u00e4hler ist:<\/h2>\n<p><strong>Stromquelle<\/strong>: Das Messrad wird durch manuelles Drehen des Griffs gedreht.<br \/>\n<strong>Messmethode<\/strong>: Das Messrad befindet sich in engem Kontakt mit dem zu messenden Material. Es rollt mit der Bewegung des Materials oder der Drehung des Griffs mit.<br \/>\n<strong>Anzeige der Daten<\/strong>: Der L\u00e4ngenwert kann direkt am mechanischen Zeiger oder am Digitalrad auf dem Zifferblatt abgelesen werden, normalerweise in der Einheit \"Meter\".<\/p>\n<h2>L\u00e4ngenmessz\u00e4hler Parameter<\/h2>\n<div id=\"footable_parent_32665\"\n         class=\"footable_parent ninja_table_wrapper loading_ninja_table wp_table_data_press_parent semantic_ui\">\n                <table data-ninja_table_instance=\"ninja_table_instance_0\" data-footable_id=\"32665\" data-filter-delay=\"1000\" aria-label=\"\u7535\u5b50\u8ba1\u7c73\u5668Kabelz\u00e4hlerstand.csv\"            id=\"footable_32665\"\n           data-unique_identifier=\"ninja_table_unique_id_810459272_32665\"\n           class=\"foo-table ninja_footable foo_table_32665 ninja_table_unique_id_810459272_32665 ui table  nt_type_legacy_table selectable striped vertical_centered  footable-paging-right ninja_table_pro\">\n                <colgroup>\n                            <col class=\"ninja_column_0\">\n                            <col class=\"ninja_column_1\">\n                    <\/colgroup>\n        <thead>\n<tr class=\"footable-header\">\n                                        <th scope=\"col\"  class=\"ninja_column_0 ninja_clmn_nm_model\">Modell<\/th><th scope=\"col\"  class=\"ninja_column_1 ninja_clmn_nm_qp3ls\">QP-30LS<\/th><\/tr>\n<\/thead>\n<tbody>\n\n        <tr data-row_id=\"1981\" class=\"ninja_table_row_0 nt_row_id_1981\">\n            <td>Anwendbarer Drahtdurchmesser<\/td><td>1-30mm<\/td>        <\/tr>\n            <tr data-row_id=\"1982\" class=\"ninja_table_row_1 nt_row_id_1982\">\n            <td>Anwendbare lineare Geschwindigkeit<\/td><td>0-200M\/Min<\/td>        <\/tr>\n            <tr data-row_id=\"1983\" class=\"ninja_table_row_2 nt_row_id_1983\">\n            <td>Spitzenh\u00f6he<\/td><td>1000mm(Mittenh\u00f6he einstellbar)<\/td>        <\/tr>\n            <tr data-row_id=\"1984\" class=\"ninja_table_row_3 nt_row_id_1984\">\n            <td>Material des Messrades<\/td><td>Stahlwerkstoff 45#<\/td>        <\/tr>\n            <tr data-row_id=\"1985\" class=\"ninja_table_row_4 nt_row_id_1985\">\n            <td><\/td><td><\/td>        <\/tr>\n            <tr data-row_id=\"1986\" class=\"ninja_table_row_5 nt_row_id_1986\">\n            <td><\/td><td><\/td>        <\/tr>\n            <tr data-row_id=\"1987\" class=\"ninja_table_row_6 nt_row_id_1987\">\n            <td>Abz\u00e4hlbare L\u00e4nge<\/td><td>0-99999.9M<\/td>        <\/tr>\n            <tr data-row_id=\"1988\" class=\"ninja_table_row_7 nt_row_id_1988\">\n            <td>Kompressionsverfahren<\/td><td>Manuelles Verschrauben oder handgehaltenes Niederdr\u00fccken<\/td>        <\/tr>\n            <tr data-row_id=\"1989\" class=\"ninja_table_row_8 nt_row_id_1989\">\n            <td>Produktmix<\/td><td>Vertikale Kompression<\/td>        <\/tr>\n            <tr data-row_id=\"1990\" class=\"ninja_table_row_9 nt_row_id_1990\">\n            <td>Wiederanlauf bei<\/td><td>Sensor (einstellbarer Z\u00e4hlerkoeffizient) oder optionaler Encoder<\/td>        <\/tr>\n            <tr data-row_id=\"1991\" class=\"ninja_table_row_10 nt_row_id_1991\">\n            <td>OUTPUT<\/td><td>RS485(Optional)<\/td>        <\/tr>\n            <tr data-row_id=\"1992\" class=\"ninja_table_row_11 nt_row_id_1992\">\n            <td>Ger\u00e4t Farbe<\/td><td>5015 Blau (andere anpassbar)<\/td>        <\/tr>\n            <tr data-row_id=\"1993\" class=\"ninja_table_row_12 nt_row_id_1993\">\n            <td>Arbeitsspannung<\/td><td>220V AC<\/td>        <\/tr>\n            <tr data-row_id=\"1994\" class=\"ninja_table_row_13 nt_row_id_1994\">\n            <td><\/td><td><\/td>        <\/tr>\n            <tr data-row_id=\"1995\" class=\"ninja_table_row_14 nt_row_id_1995\">\n            <td><\/td><td><\/td>        <\/tr>\n            <tr data-row_id=\"1996\" class=\"ninja_table_row_15 nt_row_id_1996\">\n            <td>Optionales Zubeh\u00f6r<\/td><td>Elektronisches Anzeigeger\u00e4t\/Halterung<\/td>        <\/tr>\n    <\/tbody><!--ninja_tobody_rendering_done-->\n    <\/table>\n    \n    \n    \n<\/div>\n\n<figure id=\"attachment_32687\" aria-describedby=\"caption-attachment-32687\" style=\"width: 681px\" class=\"wp-caption alignnone\"><img fetchpriority=\"high\" decoding=\"async\" class=\"size-full wp-image-32687\" src=\"https:\/\/rollingringdrives.com\/wp-content\/uploads\/2025\/11\/Cable-length-counter.png\" alt=\"Kabell\u00e4ngenz\u00e4hler\" width=\"681\" height=\"580\" srcset=\"https:\/\/rollingringdrives.com\/wp-content\/uploads\/2025\/11\/Cable-length-counter.png 681w, https:\/\/rollingringdrives.com\/wp-content\/uploads\/2025\/11\/Cable-length-counter-300x256.png 300w, https:\/\/rollingringdrives.com\/wp-content\/uploads\/2025\/11\/Cable-length-counter-14x12.png 14w, https:\/\/rollingringdrives.com\/wp-content\/uploads\/2025\/11\/Cable-length-counter-600x511.png 600w\" sizes=\"(max-width: 681px) 100vw, 681px\" \/><figcaption id=\"caption-attachment-32687\" class=\"wp-caption-text\">Kabell\u00e4ngenz\u00e4hler<\/figcaption><\/figure>\n<h2>Kabell\u00e4ngenz\u00e4hler Hauptanwendungsszenarien<\/h2>\n<p><strong>Draht- und Kabelindustrie:<\/strong> Die Messung der L\u00e4nge von gerollten Kabeln ist ein wesentliches Instrument f\u00fcr die Lagerverwaltung und die Verkaufslieferung.<br \/>\n<strong>Industrie f\u00fcr Textilgewebe:<\/strong> Wird zum Messen der L\u00e4nge von Stoffen, Teppichen, Leder usw. in Rollen verwendet.<br \/>\n<strong>Bau und Technik:<\/strong> Messen der L\u00e4nge von Materialien wie Wasserrohren, Stahlseilen, Feuerwehrgurten usw. auf Baustellen.<br \/>\n<strong>Herstellung von Seilen:<\/strong> Messung der L\u00e4nge von Produkten wie Hanfseilen, Nylonseilen, Kabeln usw.<br \/>\n<strong>Druck und Papierherstellung:<\/strong> Messen der L\u00e4nge von gerolltem Papier, Folien usw.<br \/>\n<strong>Land- und Forstwirtschaft:<\/strong> Vermessung von Bew\u00e4sserungsrohren, Zaunlinien usw.<\/p>\n<h2 id=\"4-eael-table-of-content\" class=\"xsj_heading_hash xsj_heading xsj_heading_h2 eael-heading-content\" data-source-line=\"2\" data-source-line-display=\"true\"><span class=\"xsj_heading_content\">Kabelmeterz\u00e4hler\u00a0<\/span><span class=\"xsj_heading_content\">FAQs:<\/span><\/h2>\n<div class=\"xiaoshujiang_element xsj_anchor\"><a class=\"blank_anchor_name\" name=\"120what20is20the20measuring20range20of20the20digital20electronic20counter20meter20for20winding20machine_4\"><\/a><a id=\"120what20is20the20measuring20range20of20the20digital20electronic20counter20meter20for20winding20machine_4\" class=\"blank_anchor_id\"><\/a><a class=\"blank_anchor_name\" name=\"1-what-is-the-measuring-range-of-the-digital-electronic-counter-meter-for-winding-machine\"><\/a><a id=\"1-what-is-the-measuring-range-of-the-digital-electronic-counter-meter-for-winding-machine\" class=\"blank_anchor_id\"><\/a><\/div>\n<h4 id=\"5-eael-table-of-content\" class=\"xsj_heading_hash xsj_heading xsj_heading_h4 eael-heading-content\" data-source-line=\"12\" data-source-line-display=\"true\"><span class=\"xsj_heading_content\">1. Was ist der Messbereich des digitalen elektronischen Z\u00e4hlers f\u00fcr die Wickelmaschine?<\/span><\/h4>\n<p class=\"xsj_paragraph xsj_paragraph_level_0\" data-source-line=\"14\" data-source-line-display=\"true\">Antwort: Der Messbereich des Messger\u00e4ts kann von 1 bis 30 mm angepasst werden.<\/p>\n<div class=\"xiaoshujiang_element xsj_anchor\"><a class=\"blank_anchor_name\" name=\"220how20fast20can20the20meter20count20the20number20of20meters_5\"><\/a><a id=\"220how20fast20can20the20meter20count20the20number20of20meters_5\" class=\"blank_anchor_id\"><\/a><a class=\"blank_anchor_name\" name=\"2-how-fast-can-the-meter-count-the-number-of-meters\"><\/a><a id=\"2-how-fast-can-the-meter-count-the-number-of-meters\" class=\"blank_anchor_id\"><\/a><\/div>\n<h4 id=\"6-eael-table-of-content\" class=\"xsj_heading_hash xsj_heading xsj_heading_h4 eael-heading-content\" data-source-line=\"16\" data-source-line-display=\"true\"><span class=\"xsj_heading_content\">2. Wie schnell kann der Z\u00e4hler die Anzahl der Meter z\u00e4hlen?<\/span><\/h4>\n<p class=\"xsj_paragraph xsj_paragraph_level_0\" data-source-line=\"18\" data-source-line-display=\"true\">Antwort: Das Messger\u00e4t kann bis zu 200 m\/min z\u00e4hlen.<\/p>\n<div class=\"xiaoshujiang_element xsj_anchor\"><a class=\"blank_anchor_name\" name=\"320does20the20meter20come20with20a20display20for20meter20readings_6\"><\/a><a id=\"320does20the20meter20come20with20a20display20for20meter20readings_6\" class=\"blank_anchor_id\"><\/a><a class=\"blank_anchor_name\" name=\"3-does-the-meter-come-with-a-display-for-meter-readings\"><\/a><a id=\"3-does-the-meter-come-with-a-display-for-meter-readings\" class=\"blank_anchor_id\"><\/a><\/div>\n<h4 id=\"7-eael-table-of-content\" class=\"xsj_heading_hash xsj_heading xsj_heading_h4 eael-heading-content\" data-source-line=\"20\" data-source-line-display=\"true\"><span class=\"xsj_heading_content\">3. Verf\u00fcgt das Messger\u00e4t \u00fcber eine Anzeige f\u00fcr den Z\u00e4hlerstand?<\/span><\/h4>\n<p class=\"xsj_paragraph xsj_paragraph_level_0\" data-source-line=\"22\" data-source-line-display=\"true\">Antwort: Das Messger\u00e4t verf\u00fcgt \u00fcber eine elektronische Digitalanzeige f\u00fcr eine genaue Anzeige.<\/p>\n<div class=\"xiaoshujiang_element xsj_anchor\"><a class=\"blank_anchor_name\" name=\"420what20is20the20weight20of20the20digital20electronic20counter20meter20for20winding20machine_7\"><\/a><a id=\"420what20is20the20weight20of20the20digital20electronic20counter20meter20for20winding20machine_7\" class=\"blank_anchor_id\"><\/a><a class=\"blank_anchor_name\" name=\"4-what-is-the-weight-of-the-digital-electronic-counter-meter-for-winding-machine\"><\/a><a id=\"4-what-is-the-weight-of-the-digital-electronic-counter-meter-for-winding-machine\" class=\"blank_anchor_id\"><\/a><\/div>\n<h4 id=\"8-eael-table-of-content\" class=\"xsj_heading_hash xsj_heading xsj_heading_h4 eael-heading-content\" data-source-line=\"24\" data-source-line-display=\"true\"><span class=\"xsj_heading_content\">4. Wie schwer ist das digitale elektronische Z\u00e4hlwerk f\u00fcr die Wickelmaschine?<\/span><\/h4>\n<p class=\"xsj_paragraph xsj_paragraph_level_0\" data-source-line=\"26\" data-source-line-display=\"true\">Ans: Der Z\u00e4hler wiegt 25 kg.<\/p>\n<div class=\"xiaoshujiang_element xsj_anchor\"><a class=\"blank_anchor_name\" name=\"520can20the20measurement20method20of20the20meter20be20customized_8\"><\/a><a id=\"520can20the20measurement20method20of20the20meter20be20customized_8\" class=\"blank_anchor_id\"><\/a><a class=\"blank_anchor_name\" name=\"5-can-the-measurement-method-of-the-meter-be-customized\"><\/a><a id=\"5-can-the-measurement-method-of-the-meter-be-customized\" class=\"blank_anchor_id\"><\/a><\/div>\n<h4 id=\"9-eael-table-of-content\" class=\"xsj_heading_hash xsj_heading xsj_heading_h4 eael-heading-content\" data-source-line=\"28\" data-source-line-display=\"true\"><span class=\"xsj_heading_content\">5. Kann die Messmethode des Messger\u00e4ts individuell angepasst werden?<\/span><\/h4>\n<p class=\"xsj_paragraph xsj_paragraph_level_0\" data-source-line=\"30\" data-source-line-display=\"true\">Antwort: Das Messger\u00e4t kann an die Encoder- oder Induktionsmessmethode angepasst werden.<\/p>","protected":false},"excerpt":{"rendered":"<p>Hauptmerkmale und Vorteile:<br \/>\n<strong>Einfache Struktur, langlebig und robust:<\/strong> Haupts\u00e4chlich aus Metallen (z. B. Aluminiumlegierung, Gusseisen), mit pr\u00e4zisen mechanischen Zahnr\u00e4dern im Inneren, ohne komplexe elektronische Komponenten. Es ist sehr widerstandsf\u00e4hig gegen St\u00f6\u00dfe und Vibrationen und nicht anf\u00e4llig f\u00fcr Sch\u00e4den.<\/p>\n<p><strong>Hohe Zuverl\u00e4ssigkeit, keine Stromversorgung erforderlich:<\/strong> Rein mechanischer Aufbau, keine Beeintr\u00e4chtigung durch elektromagnetische St\u00f6rungen, ben\u00f6tigt keine Batterien oder externe Stromversorgung. Es kann in jeder Umgebung stabil arbeiten (nass, staubig, im Freien).<\/p>\n<p><strong>Geringe Wartungskosten:<\/strong> Sie m\u00fcssen nur regelm\u00e4\u00dfig gereinigt und geschmiert werden, um langfristig eingesetzt werden zu k\u00f6nnen, und haben fast keine Ausfallrate.<\/p>\n<p><strong>Deutliches Lesen:<\/strong> Die Ablesung auf dem mechanischen Zifferblatt ist klar und verst\u00e4ndlich und auf einen Blick zu erkennen.<\/p>","protected":false},"featured_media":32687,"template":"","meta":{"site-sidebar-layout":"default","site-content-layout":"default","ast-global-header-display":"","ast-banner-title-visibility":"","ast-main-header-display":"","ast-hfb-above-header-display":"","ast-hfb-below-header-display":"","ast-hfb-mobile-header-display":"","site-post-title":"","ast-breadcrumbs-content":"","ast-featured-img":"","footer-sml-layout":"","theme-transparent-header-meta":"default","adv-header-id-meta":"","stick-header-meta":"","header-above-stick-meta":"","header-main-stick-meta":"","header-below-stick-meta":""},"product_brand":[],"product_cat":[59],"product_tag":[],"class_list":{"0":"post-32686","1":"product","2":"type-product","3":"status-publish","4":"has-post-thumbnail","6":"product_cat-length-measuring-instrument","7":"desktop-align-left","8":"tablet-align-left","9":"mobile-align-left","11":"first","12":"instock","13":"shipping-taxable","14":"product-type-simple"},"yoast_head":"<!-- This site is optimized with the Yoast SEO Premium plugin v20.12 (Yoast SEO v26.0) - https:\/\/yoast.com\/wordpress\/plugins\/seo\/ -->\n<title>1-30mm Wire Length Measurement For Coiling And Packing Machine - QiPang<\/title>\n<meta name=\"robots\" content=\"index, follow, max-snippet:-1, max-image-preview:large, max-video-preview:-1\" \/>\n<link rel=\"canonical\" href=\"https:\/\/rollingringdrives.com\/de\/produkt\/1-30mm-wire-length-measurement-for-coiling-and-packing-machine\/\" \/>\n<meta property=\"og:locale\" content=\"de_DE\" \/>\n<meta property=\"og:type\" content=\"article\" \/>\n<meta property=\"og:title\" content=\"1-30mm Wire Length Measurement For Coiling And Packing Machine\" \/>\n<meta property=\"og:description\" content=\"Main features and advantages: Simple structure, durable and sturdy: Mainly made of metals (such as aluminum alloy, cast iron), with precise mechanical gears inside, without complex electronic components. It has strong resistance to impact and vibration, and is not prone to damage.  High reliability, no need for power supply: Pure mechanical structure, not affected by electromagnetic interference, also does not require batteries or external power supply. It can work stably in any environment (wet, dusty, outdoors).  Low maintenance cost: Only need to clean and lubricate regularly for long-term use, with almost no failure rate.  Clear reading: The reading on the mechanical dial is clear and understandable, easily discernible at a glance.\" \/>\n<meta property=\"og:url\" content=\"https:\/\/rollingringdrives.com\/de\/produkt\/1-30mm-wire-length-measurement-for-coiling-and-packing-machine\/\" \/>\n<meta property=\"og:site_name\" content=\"QiPang\" \/>\n<meta property=\"article:modified_time\" content=\"2025-11-01T03:22:09+00:00\" \/>\n<meta property=\"og:image\" content=\"https:\/\/rollingringdrives.com\/wp-content\/uploads\/2025\/11\/Cable-length-counter.png\" \/>\n\t<meta property=\"og:image:width\" content=\"681\" \/>\n\t<meta property=\"og:image:height\" content=\"580\" \/>\n\t<meta property=\"og:image:type\" content=\"image\/png\" \/>\n<meta name=\"twitter:card\" content=\"summary_large_image\" \/>\n<meta name=\"twitter:label1\" content=\"Gesch\u00e4tzte Lesezeit\" \/>\n\t<meta name=\"twitter:data1\" content=\"2\u00a0Minuten\" \/>\n<script type=\"application\/ld+json\" class=\"yoast-schema-graph\">{\"@context\":\"https:\/\/schema.org\",\"@graph\":[{\"@type\":\"WebPage\",\"@id\":\"https:\/\/rollingringdrives.com\/product\/1-30mm-wire-length-measurement-for-coiling-and-packing-machine\/\",\"url\":\"https:\/\/rollingringdrives.com\/product\/1-30mm-wire-length-measurement-for-coiling-and-packing-machine\/\",\"name\":\"1-30mm Wire Length Measurement For Coiling And Packing Machine - QiPang\",\"isPartOf\":{\"@id\":\"https:\/\/rollingringdrives.com\/#website\"},\"primaryImageOfPage\":{\"@id\":\"https:\/\/rollingringdrives.com\/product\/1-30mm-wire-length-measurement-for-coiling-and-packing-machine\/#primaryimage\"},\"image\":{\"@id\":\"https:\/\/rollingringdrives.com\/product\/1-30mm-wire-length-measurement-for-coiling-and-packing-machine\/#primaryimage\"},\"thumbnailUrl\":\"https:\/\/rollingringdrives.com\/wp-content\/uploads\/2025\/11\/Cable-length-counter.png\",\"datePublished\":\"2025-11-01T03:22:08+00:00\",\"dateModified\":\"2025-11-01T03:22:09+00:00\",\"breadcrumb\":{\"@id\":\"https:\/\/rollingringdrives.com\/product\/1-30mm-wire-length-measurement-for-coiling-and-packing-machine\/#breadcrumb\"},\"inLanguage\":\"de\",\"potentialAction\":[{\"@type\":\"ReadAction\",\"target\":[\"https:\/\/rollingringdrives.com\/product\/1-30mm-wire-length-measurement-for-coiling-and-packing-machine\/\"]}]},{\"@type\":\"ImageObject\",\"inLanguage\":\"de\",\"@id\":\"https:\/\/rollingringdrives.com\/product\/1-30mm-wire-length-measurement-for-coiling-and-packing-machine\/#primaryimage\",\"url\":\"https:\/\/rollingringdrives.com\/wp-content\/uploads\/2025\/11\/Cable-length-counter.png\",\"contentUrl\":\"https:\/\/rollingringdrives.com\/wp-content\/uploads\/2025\/11\/Cable-length-counter.png\",\"width\":681,\"height\":580,\"caption\":\"Cable length counter\"},{\"@type\":\"BreadcrumbList\",\"@id\":\"https:\/\/rollingringdrives.com\/product\/1-30mm-wire-length-measurement-for-coiling-and-packing-machine\/#breadcrumb\",\"itemListElement\":[{\"@type\":\"ListItem\",\"position\":1,\"name\":\"Home\",\"item\":\"https:\/\/rollingringdrives.com\/\"},{\"@type\":\"ListItem\",\"position\":2,\"name\":\"Machines\",\"item\":\"https:\/\/rollingringdrives.com\/machines\/\"},{\"@type\":\"ListItem\",\"position\":3,\"name\":\"1-30mm Wire Length Measurement For Coiling And Packing Machine\"}]},{\"@type\":\"WebSite\",\"@id\":\"https:\/\/rollingringdrives.com\/#website\",\"url\":\"https:\/\/rollingringdrives.com\/\",\"name\":\"QiPang\",\"description\":\"QiPang Blog\",\"publisher\":{\"@id\":\"https:\/\/rollingringdrives.com\/#organization\"},\"potentialAction\":[{\"@type\":\"SearchAction\",\"target\":{\"@type\":\"EntryPoint\",\"urlTemplate\":\"https:\/\/rollingringdrives.com\/?s={search_term_string}\"},\"query-input\":{\"@type\":\"PropertyValueSpecification\",\"valueRequired\":true,\"valueName\":\"search_term_string\"}}],\"inLanguage\":\"de\"},{\"@type\":\"Organization\",\"@id\":\"https:\/\/rollingringdrives.com\/#organization\",\"name\":\"QiPang\",\"url\":\"https:\/\/rollingringdrives.com\/\",\"logo\":{\"@type\":\"ImageObject\",\"inLanguage\":\"de\",\"@id\":\"https:\/\/rollingringdrives.com\/#\/schema\/logo\/image\/\",\"url\":\"https:\/\/rollingringdrives.com\/wp-content\/uploads\/2023\/05\/cropped-\u672a\u547d\u540d\u7684\u8bbe\u8ba1.png\",\"contentUrl\":\"https:\/\/rollingringdrives.com\/wp-content\/uploads\/2023\/05\/cropped-\u672a\u547d\u540d\u7684\u8bbe\u8ba1.png\",\"width\":300,\"height\":191,\"caption\":\"QiPang\"},\"image\":{\"@id\":\"https:\/\/rollingringdrives.com\/#\/schema\/logo\/image\/\"}}]}<\/script>\n<!-- \/ Yoast SEO Premium plugin. -->","yoast_head_json":{"title":"1-30mm Drahtl\u00e4ngenmessung f\u00fcr Wickel- und Verpackungsmaschinen - QiPang","robots":{"index":"index","follow":"follow","max-snippet":"max-snippet:-1","max-image-preview":"max-image-preview:large","max-video-preview":"max-video-preview:-1"},"canonical":"https:\/\/rollingringdrives.com\/de\/produkt\/1-30mm-wire-length-measurement-for-coiling-and-packing-machine\/","og_locale":"de_DE","og_type":"article","og_title":"1-30mm Wire Length Measurement For Coiling And Packing Machine","og_description":"Main features and advantages: Simple structure, durable and sturdy: Mainly made of metals (such as aluminum alloy, cast iron), with precise mechanical gears inside, without complex electronic components. It has strong resistance to impact and vibration, and is not prone to damage.  High reliability, no need for power supply: Pure mechanical structure, not affected by electromagnetic interference, also does not require batteries or external power supply. It can work stably in any environment (wet, dusty, outdoors).  Low maintenance cost: Only need to clean and lubricate regularly for long-term use, with almost no failure rate.  Clear reading: The reading on the mechanical dial is clear and understandable, easily discernible at a glance.","og_url":"https:\/\/rollingringdrives.com\/de\/produkt\/1-30mm-wire-length-measurement-for-coiling-and-packing-machine\/","og_site_name":"QiPang","article_modified_time":"2025-11-01T03:22:09+00:00","og_image":[{"width":681,"height":580,"url":"https:\/\/rollingringdrives.com\/wp-content\/uploads\/2025\/11\/Cable-length-counter.png","type":"image\/png"}],"twitter_card":"summary_large_image","twitter_misc":{"Gesch\u00e4tzte Lesezeit":"2\u00a0Minuten"},"schema":{"@context":"https:\/\/schema.org","@graph":[{"@type":"WebPage","@id":"https:\/\/rollingringdrives.com\/product\/1-30mm-wire-length-measurement-for-coiling-and-packing-machine\/","url":"https:\/\/rollingringdrives.com\/product\/1-30mm-wire-length-measurement-for-coiling-and-packing-machine\/","name":"1-30mm Drahtl\u00e4ngenmessung f\u00fcr Wickel- und Verpackungsmaschinen - QiPang","isPartOf":{"@id":"https:\/\/rollingringdrives.com\/#website"},"primaryImageOfPage":{"@id":"https:\/\/rollingringdrives.com\/product\/1-30mm-wire-length-measurement-for-coiling-and-packing-machine\/#primaryimage"},"image":{"@id":"https:\/\/rollingringdrives.com\/product\/1-30mm-wire-length-measurement-for-coiling-and-packing-machine\/#primaryimage"},"thumbnailUrl":"https:\/\/rollingringdrives.com\/wp-content\/uploads\/2025\/11\/Cable-length-counter.png","datePublished":"2025-11-01T03:22:08+00:00","dateModified":"2025-11-01T03:22:09+00:00","breadcrumb":{"@id":"https:\/\/rollingringdrives.com\/product\/1-30mm-wire-length-measurement-for-coiling-and-packing-machine\/#breadcrumb"},"inLanguage":"de","potentialAction":[{"@type":"ReadAction","target":["https:\/\/rollingringdrives.com\/product\/1-30mm-wire-length-measurement-for-coiling-and-packing-machine\/"]}]},{"@type":"ImageObject","inLanguage":"de","@id":"https:\/\/rollingringdrives.com\/product\/1-30mm-wire-length-measurement-for-coiling-and-packing-machine\/#primaryimage","url":"https:\/\/rollingringdrives.com\/wp-content\/uploads\/2025\/11\/Cable-length-counter.png","contentUrl":"https:\/\/rollingringdrives.com\/wp-content\/uploads\/2025\/11\/Cable-length-counter.png","width":681,"height":580,"caption":"Cable length counter"},{"@type":"BreadcrumbList","@id":"https:\/\/rollingringdrives.com\/product\/1-30mm-wire-length-measurement-for-coiling-and-packing-machine\/#breadcrumb","itemListElement":[{"@type":"ListItem","position":1,"name":"Home","item":"https:\/\/rollingringdrives.com\/"},{"@type":"ListItem","position":2,"name":"Machines","item":"https:\/\/rollingringdrives.com\/machines\/"},{"@type":"ListItem","position":3,"name":"1-30mm Wire Length Measurement For Coiling And Packing Machine"}]},{"@type":"WebSite","@id":"https:\/\/rollingringdrives.com\/#website","url":"https:\/\/rollingringdrives.com\/","name":"QiPang","description":"QiPang-Blog","publisher":{"@id":"https:\/\/rollingringdrives.com\/#organization"},"potentialAction":[{"@type":"SearchAction","target":{"@type":"EntryPoint","urlTemplate":"https:\/\/rollingringdrives.com\/?s={search_term_string}"},"query-input":{"@type":"PropertyValueSpecification","valueRequired":true,"valueName":"search_term_string"}}],"inLanguage":"de"},{"@type":"Organization","@id":"https:\/\/rollingringdrives.com\/#organization","name":"QiPang","url":"https:\/\/rollingringdrives.com\/","logo":{"@type":"ImageObject","inLanguage":"de","@id":"https:\/\/rollingringdrives.com\/#\/schema\/logo\/image\/","url":"https:\/\/rollingringdrives.com\/wp-content\/uploads\/2023\/05\/cropped-\u672a\u547d\u540d\u7684\u8bbe\u8ba1.png","contentUrl":"https:\/\/rollingringdrives.com\/wp-content\/uploads\/2023\/05\/cropped-\u672a\u547d\u540d\u7684\u8bbe\u8ba1.png","width":300,"height":191,"caption":"QiPang"},"image":{"@id":"https:\/\/rollingringdrives.com\/#\/schema\/logo\/image\/"}}]}},"_links":{"self":[{"href":"https:\/\/rollingringdrives.com\/de\/wp-json\/wp\/v2\/product\/32686","targetHints":{"allow":["GET"]}}],"collection":[{"href":"https:\/\/rollingringdrives.com\/de\/wp-json\/wp\/v2\/product"}],"about":[{"href":"https:\/\/rollingringdrives.com\/de\/wp-json\/wp\/v2\/types\/product"}],"version-history":[{"count":0,"href":"https:\/\/rollingringdrives.com\/de\/wp-json\/wp\/v2\/product\/32686\/revisions"}],"wp:featuredmedia":[{"embeddable":true,"href":"https:\/\/rollingringdrives.com\/de\/wp-json\/wp\/v2\/media\/32687"}],"wp:attachment":[{"href":"https:\/\/rollingringdrives.com\/de\/wp-json\/wp\/v2\/media?parent=32686"}],"wp:term":[{"taxonomy":"product_brand","embeddable":true,"href":"https:\/\/rollingringdrives.com\/de\/wp-json\/wp\/v2\/product_brand?post=32686"},{"taxonomy":"product_cat","embeddable":true,"href":"https:\/\/rollingringdrives.com\/de\/wp-json\/wp\/v2\/product_cat?post=32686"},{"taxonomy":"product_tag","embeddable":true,"href":"https:\/\/rollingringdrives.com\/de\/wp-json\/wp\/v2\/product_tag?post=32686"}],"curies":[{"name":"wp","href":"https:\/\/api.w.org\/{rel}","templated":true}]}}