{"id":32690,"date":"2025-11-29T06:12:03","date_gmt":"2025-11-29T06:12:03","guid":{"rendered":"https:\/\/rollingringdrives.com\/?post_type=product&#038;p=32690"},"modified":"2025-12-25T10:59:53","modified_gmt":"2025-12-25T10:59:53","slug":"240mm-inner-diameetr-cable-winding-machine-for-cable-warehouse","status":"publish","type":"product","link":"https:\/\/rollingringdrives.com\/de\/produkt\/240mm-inner-diameetr-cable-winding-machine-for-cable-warehouse\/","title":{"rendered":"Manuelle Kabellager-Mess- und Wickelmaschine"},"content":{"rendered":"<p>Shanghai Qipang ist ein f\u00fchrendes Unternehmen, das sich auf die Forschung, das Design, die Herstellung und den Verkauf von <strong>Draht- und Kabelaufwickelger\u00e4te<\/strong>. Unser <strong>Kabellager-Mess- und Wickelmaschine<\/strong>\u00a0ist speziell daf\u00fcr ausgelegt, Materialien wie Dr\u00e4hte, Kabel, Kupferdr\u00e4hte, Flachb\u00e4nder, Seile usw. effizient zu sauberen Hohlspulen zu wickeln. Dies reduziert das Transportvolumen erheblich, senkt die Logistikkosten und steigert den Gesamtwert des Produkts. Langlebig und einfach zu bedienen, ist er ein unverzichtbarer Bestandteil Ihrer modernen Produktionslinie.<\/p>\n<p>Optimieren Sie Ihre Produktionslinie mit unserem hochmodernen<strong> Kabellager-Wickelmaschine<\/strong>Diese Maschine wurde von Experten entwickelt, um lange Materialien wie Kabel, Dr\u00e4hte, Seile und Schl\u00e4uche in perfekt gleichm\u00e4\u00dfige, hohle Spulen zu verwandeln. Diese Maschine ist die ultimative L\u00f6sung f\u00fcr Hersteller, die die Verpackungseffizienz erh\u00f6hen, die Produktpr\u00e4sentation verbessern und die Lagerung und den Transport vereinfachen m\u00f6chten.<\/p>\n<h2><strong>Kabel<\/strong> W<strong>arehouse <\/strong>Parameter der Spulenwickelmaschine<\/h2>\n<div id=\"footable_parent_32723\"\n         class=\"footable_parent ninja_table_wrapper loading_ninja_table wp_table_data_press_parent semantic_ui\">\n                <table data-ninja_table_instance=\"ninja_table_instance_0\" data-footable_id=\"32723\" data-filter-delay=\"1000\" aria-label=\"Spulenmaschinenparameter.csv\"            id=\"footable_32723\"\n           data-unique_identifier=\"ninja_table_unique_id_1017199649_32723\"\n           class=\"foo-table ninja_footable foo_table_32723 ninja_table_unique_id_1017199649_32723 ui table  ninja_search_right nt_type_legacy_table selectable striped vertical_centered  footable-paging-right ninja_table_pro\">\n                <colgroup>\n                            <col class=\"ninja_column_0\">\n                            <col class=\"ninja_column_1\">\n                            <col class=\"ninja_column_2\">\n                            <col class=\"ninja_column_3\">\n                            <col class=\"ninja_column_4\">\n                    <\/colgroup>\n        <thead>\n<tr class=\"footable-header\">\n                                                                                        <th scope=\"col\"  class=\"ninja_column_0 ninja_clmn_nm_model\">Modell<\/th><th scope=\"col\"  class=\"ninja_column_1 ninja_clmn_nm_qp6m\">QP-600M<\/th><th scope=\"col\"  class=\"ninja_column_2 ninja_clmn_nm_qp9m\">QP-900M<\/th><th scope=\"col\"  class=\"ninja_column_3 ninja_clmn_nm_qpa6\">QPA-600<\/th><th scope=\"col\"  class=\"ninja_column_4 ninja_clmn_nm_qpa9\">QPA-900<\/th><\/tr>\n<\/thead>\n<tbody>\n\n        <tr data-row_id=\"2095\" class=\"ninja_table_row_0 nt_row_id_2095\">\n            <td>Kabeldurchmesser<\/td><td>3-50MM<\/td><td>3-50MM<\/td><td>3-60 MM<\/td><td>3-60 MM<\/td>        <\/tr>\n            <tr data-row_id=\"2096\" class=\"ninja_table_row_1 nt_row_id_2096\">\n            <td>Maximale Belastung<\/td><td>200kg<\/td><td>200kg<\/td><td>200kg<\/td><td>200kg<\/td>        <\/tr>\n            <tr data-row_id=\"2097\" class=\"ninja_table_row_2 nt_row_id_2097\">\n            <td>Spulengr\u00f6\u00dfe (mm)<\/td><td>Id:245mm OD:600mm Breite:50-200mm<\/td><td>Id:245mmOD:900mm width:100-400mm<\/td><td>Id:245mm OD:600mm Breite:50-200mm<\/td><td>Id:245mmOD:900mm width:100-400mm<\/td>        <\/tr>\n            <tr data-row_id=\"2098\" class=\"ninja_table_row_3 nt_row_id_2098\">\n            <td>Spulengr\u00f6\u00dfe (Zoll)<\/td><td>Id:9.65\"OD:23.62\" width:1.97\"-7.87\"<\/td><td>Id:9.65\"OD:35.43\" width:3.94-15.75\"<\/td><td>Id:9.65\"OD:23.62\" width:1.97-7.87\"<\/td><td>Id:9.65\"OD:35.43\" width:3.94-15.75\"<\/td>        <\/tr>\n            <tr data-row_id=\"2099\" class=\"ninja_table_row_4 nt_row_id_2099\">\n            <td>Motor<\/td><td>2,2 kW<\/td><td>2,2 kW<\/td><td>2,2 kW<\/td><td>2,2 kW<\/td>        <\/tr>\n            <tr data-row_id=\"2100\" class=\"ninja_table_row_5 nt_row_id_2100\">\n            <td>Modell der Verdrahtung<\/td><td>Manuelle Verdrahtung<\/td><td>Manuelle Verdrahtung<\/td><td>Verkabelung der Traverseneinheit<\/td><td>Verkabelung der Traverseneinheit<\/td>        <\/tr>\n            <tr data-row_id=\"2101\" class=\"ninja_table_row_6 nt_row_id_2101\">\n            <td>Bremse<\/td><td>Federkupplungsbremse<\/td><td>Federkupplungsbremse<\/td><td>Federkupplungsbremse<\/td><td>Federkupplungsbremse<\/td>        <\/tr>\n            <tr data-row_id=\"2102\" class=\"ninja_table_row_7 nt_row_id_2102\">\n            <td>Vorteil<\/td><td>Mit Fu\u00dfschalter<\/td><td>Mit Fu\u00dfschalter<\/td><td>Mit Fu\u00dfschalter, variable Geschwindigkeitsregelung<\/td><td>Mit Fu\u00dfschalter, variable Geschwindigkeitsregelung<\/td>        <\/tr>\n            <tr data-row_id=\"2103\" class=\"ninja_table_row_8 nt_row_id_2103\">\n            <td>Stromversorgung<\/td><td>380V\/220v dreiphasig 50hz<\/td><td>380V\/220v dreiphasig 50hz<\/td><td>380V\/220v dreiphasig 50hz<\/td><td>380V\/220v dreiphasig 50hz<\/td>        <\/tr>\n            <tr data-row_id=\"2104\" class=\"ninja_table_row_9 nt_row_id_2104\">\n            <td>Optional<\/td><td>bewegliche R\u00e4der<\/td><td>bewegliche R\u00e4der<\/td><td>1.bewegliche R\u00e4der 2.Meterz\u00e4hlerfunktion<\/td><td>1.bewegliche R\u00e4der 2.Meterz\u00e4hlerfunktion<\/td>        <\/tr>\n    <\/tbody><!--ninja_tobody_rendering_done-->\n    <\/table>\n    \n    \n    \n<\/div>\n\n<h2><strong>Warum sollten Sie unsere Wickelmaschine w\u00e4hlen?<\/strong><\/h2>\n<p>Eine Investition in unsere Wickelmaschine bedeutet eine Investition in Effizienz, Qualit\u00e4t und Professionalit\u00e4t. Sie beschleunigt nicht nur Ihren Verpackungsprozess, sondern sch\u00fctzt Ihre Produkte auch vor Verknotung und Besch\u00e4digung, wodurch Sie letztendlich Zeit sparen und den Materialabfall reduzieren. Liefern Sie Ihren Kunden perfekt gewickelte Produkte und st\u00e4rken Sie so den Ruf Ihrer Marke f\u00fcr Qualit\u00e4t.<\/p>\n<div class=\"ast-oembed-container\" style=\"height: 100%;\"><iframe title=\"Wie man unsere Spulenwickelmaschine benutzt\" width=\"422\" height=\"750\" src=\"https:\/\/www.youtube.com\/embed\/3N413sEvshY?feature=oembed\" frameborder=\"0\" allow=\"accelerometer; autoplay; clipboard-write; encrypted-media; gyroscope; picture-in-picture; web-share\" referrerpolicy=\"strict-origin-when-cross-origin\" allowfullscreen><\/iframe><\/div>\n<h2><strong>Kabel<\/strong> W<strong>arehouse <\/strong>Spulenwickeln FAQS<\/h2>\n<div class=\"xiaoshujiang_element xsj_anchor\"><a class=\"blank_anchor_name\" name=\"120what20is20the20weight20capacity20of20the20anti-slip20device20at20the20top20of20the20machine_3\"><\/a><a id=\"120what20is20the20weight20capacity20of20the20anti-slip20device20at20the20top20of20the20machine_3\" class=\"blank_anchor_id\"><\/a><a class=\"blank_anchor_name\" name=\"1-what-is-the-weight-capacity-of-the-anti-slip-device-at-the-top-of-the-machine\"><\/a><a id=\"1-what-is-the-weight-capacity-of-the-anti-slip-device-at-the-top-of-the-machine\" class=\"blank_anchor_id\"><\/a><\/div>\n<h4 class=\"xsj_heading_hash xsj_heading xsj_heading_h4 eael-heading-content\" data-source-line=\"8\" data-source-line-display=\"true\"><span class=\"xsj_heading_content\">1. Was ist die Gewichtskapazit\u00e4t von\u00a0<\/span><strong>Kabel<\/strong> W<strong>arehouse <\/strong>Wicklung der Spule<span class=\"xsj_heading_content\">?<\/span><\/h4>\n<p class=\"xsj_paragraph xsj_paragraph_level_0\" data-source-line=\"10\" data-source-line-display=\"true\">Die Drahtwickelmaschine kann bis zu 200 kg tragen.<\/p>\n<div class=\"xiaoshujiang_element xsj_anchor\"><a class=\"blank_anchor_name\" name=\"220what20is20the20adjustable20speed20of20the20machine_4\"><\/a><a id=\"220what20is20the20adjustable20speed20of20the20machine_4\" class=\"blank_anchor_id\"><\/a><a class=\"blank_anchor_name\" name=\"2-what-is-the-adjustable-speed-of-the-machine\"><\/a><a id=\"2-what-is-the-adjustable-speed-of-the-machine\" class=\"blank_anchor_id\"><\/a><\/div>\n<h4 class=\"xsj_heading_hash xsj_heading xsj_heading_h4 eael-heading-content\" data-source-line=\"12\" data-source-line-display=\"true\"><span class=\"xsj_heading_content\">2. Kann <\/span><strong>Kabel<\/strong> W<strong>arehouse <\/strong>Wicklung der Spule <span class=\"xsj_heading_content\">Die Gr\u00f6\u00dfe und das Gewicht der Spule anpassen?<\/span><\/h4>\n<p class=\"xsj_paragraph xsj_paragraph_level_0\" data-source-line=\"14\" data-source-line-display=\"true\">Ja, das ist durchaus m\u00f6glich. Der Durchmesser, die Breite und die Drahtdichte der Coils der Maschine k\u00f6nnen flexibel an Ihre Produktionsanforderungen angepasst werden. Egal, ob es sich um ein kleines Coil oder eine gro\u00dfe Industrierolle handelt, es l\u00e4sst sich leicht realisieren.<\/p>\n<div class=\"xiaoshujiang_element xsj_anchor\"><a class=\"blank_anchor_name\" name=\"320what20kind20of20industries20can20use20this20machine_5\"><\/a><a id=\"320what20kind20of20industries20can20use20this20machine_5\" class=\"blank_anchor_id\"><\/a><a class=\"blank_anchor_name\" name=\"3-what-kind-of-industries-can-use-this-machine\"><\/a><a id=\"3-what-kind-of-industries-can-use-this-machine\" class=\"blank_anchor_id\"><\/a><\/div>\n<h4 id=\"4-eael-table-of-content\" class=\"xsj_heading_hash xsj_heading xsj_heading_h4 eael-heading-content\" data-source-line=\"16\" data-source-line-display=\"true\"><span class=\"xsj_heading_content\">3. k\u00f6nnen Sie ma\u00dfgeschneiderte Dienstleistungen anbieten?<\/span><\/h4>\n<h4 class=\"xsj_heading_hash xsj_heading xsj_heading_h4 eael-heading-content\" data-source-line=\"16\" data-source-line-display=\"true\"><\/h4>\n<p>Nat\u00fcrlich k\u00f6nnen wir das. Wir sind uns bewusst, dass die Produktionslinie eines jeden Kunden einzigartig ist. Wir k\u00f6nnen ma\u00dfgeschneiderte L\u00f6sungen anbieten, die auf Ihren spezifischen Anforderungen basieren, wie z. B. Materialeigenschaften, Standortbeschr\u00e4nkungen, Automatisierungsanforderungen usw.<\/p>\n<div class=\"xiaoshujiang_element xsj_anchor\"><a class=\"blank_anchor_name\" name=\"420does20the20machine20come20with20a20power20distribution20cabinet_6\"><\/a><a id=\"420does20the20machine20come20with20a20power20distribution20cabinet_6\" class=\"blank_anchor_id\"><\/a><a class=\"blank_anchor_name\" name=\"4-does-the-machine-come-with-a-power-distribution-cabinet\"><\/a><a id=\"4-does-the-machine-come-with-a-power-distribution-cabinet\" class=\"blank_anchor_id\"><\/a><\/div>\n<h4 id=\"5-eael-table-of-content\" class=\"xsj_heading_hash xsj_heading xsj_heading_h4 eael-heading-content\" data-source-line=\"20\" data-source-line-display=\"true\"><span class=\"xsj_heading_content\">4. Wenn das Ger\u00e4t ausf\u00e4llt, welche Art von technischer Unterst\u00fctzung bieten Sie an?<\/span><\/h4>\n<p class=\"xsj_paragraph xsj_paragraph_level_0\" data-source-line=\"22\" data-source-line-display=\"true\">Wir bieten umfassende technische Unterst\u00fctzungsdienste an. Zun\u00e4chst k\u00f6nnen wir eine Ferndiagnose und Beratung per Videoanruf durchf\u00fchren. Wenn das Problem nicht aus der Ferne gel\u00f6st werden kann, organisieren wir den Einsatz von Technikern vor Ort (die genauen Bedingungen m\u00fcssen ausgehandelt werden).<\/p>\n<div class=\"xiaoshujiang_element xsj_anchor\"><a class=\"blank_anchor_name\" name=\"520are20there20any20additional20features20i20can20add20to20the20machine_7\"><\/a><a id=\"520are20there20any20additional20features20i20can20add20to20the20machine_7\" class=\"blank_anchor_id\"><\/a><a class=\"blank_anchor_name\" name=\"5-are-there-any-additional-features-i-can-add-to-the-machine\"><\/a><a id=\"5-are-there-any-additional-features-i-can-add-to-the-machine\" class=\"blank_anchor_id\"><\/a><\/div>\n<h4 id=\"6-eael-table-of-content\" class=\"xsj_heading_hash xsj_heading xsj_heading_h4 eael-heading-content\" data-source-line=\"24\" data-source-line-display=\"true\"><span class=\"xsj_heading_content\">5. Gibt es zus\u00e4tzliche Funktionen, die ich dem Ger\u00e4t hinzuf\u00fcgen kann?<\/span><\/h4>\n<p class=\"xsj_paragraph xsj_paragraph_level_0\" data-source-line=\"26\" data-source-line-display=\"true\">Ja, Sie k\u00f6nnen einen Meterz\u00e4hler hinzuf\u00fcgen, um die Anzahl der Meter einzustellen, die angehalten und alarmiert werden sollen, sowie eine magnetische Pulverspannungsvorrichtung passend zur Produktionslinie, um eine konstante Geschwindigkeit sicherzustellen und eine \u00dcberlastung des Drahtes zu verhindern.<\/p>\n<p>.<\/p>","protected":false},"excerpt":{"rendered":"<p><strong>Vorteile und Bedeutung<\/strong><\/p>\n<ul>\n<li><strong>Kabelspulenkopf<\/strong>.it verwendet ein Spannprinzip, das das Entfernen der Hohlspule erleichtert.<\/li>\n<li><strong>Fu\u00dfschalter.<\/strong> Er steuert das Starten und Stoppen der Maschine und macht sie einfach zu bedienen.<\/li>\n<li><strong>Elektrischer Schrank<\/strong>. Es hat einen Frequenzumrichter und die Geschwindigkeit ist einstellbar.<\/li>\n<li><strong>Kosteneinsparungen:<\/strong>\u00a0Das senkt die Arbeitskosten, und durch die Hohlspulenbauweise wird auch Rollenmaterial eingespart.<\/li>\n<li><strong>Verbesserte Arbeitsumgebung:<\/strong>\u00a0Sie ersetzt repetitive, hochintensive manuelle Arbeit und verringert so die k\u00f6rperliche Belastung der Arbeitnehmer.<\/li>\n<\/ul>","protected":false},"featured_media":32693,"template":"","meta":{"site-sidebar-layout":"default","site-content-layout":"default","ast-global-header-display":"","ast-banner-title-visibility":"","ast-main-header-display":"","ast-hfb-above-header-display":"","ast-hfb-below-header-display":"","ast-hfb-mobile-header-display":"","site-post-title":"","ast-breadcrumbs-content":"","ast-featured-img":"","footer-sml-layout":"","theme-transparent-header-meta":"default","adv-header-id-meta":"","stick-header-meta":"","header-above-stick-meta":"","header-main-stick-meta":"","header-below-stick-meta":""},"product_brand":[],"product_cat":[136,137],"product_tag":[],"class_list":{"0":"post-32690","1":"product","2":"type-product","3":"status-publish","4":"has-post-thumbnail","6":"product_cat-coiling-machine","7":"product_cat-coiling-and-reeling-machine","8":"desktop-align-left","9":"tablet-align-left","10":"mobile-align-left","12":"first","13":"instock","14":"shipping-taxable","15":"product-type-simple"},"yoast_head":"<!-- This site is optimized with the Yoast SEO Premium plugin v20.12 (Yoast SEO v26.0) - https:\/\/yoast.com\/wordpress\/plugins\/seo\/ -->\n<title>Manual Cable Warehouse Measuring and Coiling Machine - QiPang<\/title>\n<meta name=\"robots\" content=\"index, follow, max-snippet:-1, max-image-preview:large, max-video-preview:-1\" \/>\n<link rel=\"canonical\" href=\"https:\/\/rollingringdrives.com\/de\/produkt\/240mm-inner-diameetr-cable-winding-machine-for-cable-warehouse\/\" \/>\n<meta property=\"og:locale\" content=\"de_DE\" \/>\n<meta property=\"og:type\" content=\"article\" \/>\n<meta property=\"og:title\" content=\"Manual Cable Warehouse Measuring and Coiling Machine\" \/>\n<meta property=\"og:description\" content=\"Advantages and Importance   Cable coil head.lt uses a tensioning principle,making it easy to remove the hollow coil.  Foot switch. it controls the start and stop of the machine,making it easy to operate.  Electrical cabinet. It has a frequency converterand the speed is adjustable.  Cost Savings:\u00a0It reduces labor costs, while the hollow coil design also saves on reel material.  Improved Working Environment:\u00a0It replaces repetitive, high-intensity manual labor, lowering the physical strain on workers.\" \/>\n<meta property=\"og:url\" content=\"https:\/\/rollingringdrives.com\/de\/produkt\/240mm-inner-diameetr-cable-winding-machine-for-cable-warehouse\/\" \/>\n<meta property=\"og:site_name\" content=\"QiPang\" \/>\n<meta property=\"article:modified_time\" content=\"2025-12-25T10:59:53+00:00\" \/>\n<meta property=\"og:image\" content=\"https:\/\/rollingringdrives.com\/wp-content\/uploads\/2025\/11\/cable-coiling-machine-7.jpg\" \/>\n\t<meta property=\"og:image:width\" content=\"1000\" \/>\n\t<meta property=\"og:image:height\" content=\"1000\" \/>\n\t<meta property=\"og:image:type\" content=\"image\/jpeg\" \/>\n<meta name=\"twitter:card\" content=\"summary_large_image\" \/>\n<meta name=\"twitter:label1\" content=\"Gesch\u00e4tzte Lesezeit\" \/>\n\t<meta name=\"twitter:data1\" content=\"3\u00a0Minuten\" \/>\n<script type=\"application\/ld+json\" class=\"yoast-schema-graph\">{\"@context\":\"https:\/\/schema.org\",\"@graph\":[{\"@type\":\"WebPage\",\"@id\":\"https:\/\/rollingringdrives.com\/product\/240mm-inner-diameetr-cable-winding-machine-for-cable-warehouse\/\",\"url\":\"https:\/\/rollingringdrives.com\/product\/240mm-inner-diameetr-cable-winding-machine-for-cable-warehouse\/\",\"name\":\"Manual Cable Warehouse Measuring and Coiling Machine - QiPang\",\"isPartOf\":{\"@id\":\"https:\/\/rollingringdrives.com\/#website\"},\"primaryImageOfPage\":{\"@id\":\"https:\/\/rollingringdrives.com\/product\/240mm-inner-diameetr-cable-winding-machine-for-cable-warehouse\/#primaryimage\"},\"image\":{\"@id\":\"https:\/\/rollingringdrives.com\/product\/240mm-inner-diameetr-cable-winding-machine-for-cable-warehouse\/#primaryimage\"},\"thumbnailUrl\":\"https:\/\/rollingringdrives.com\/wp-content\/uploads\/2025\/11\/cable-coiling-machine-7.jpg\",\"datePublished\":\"2025-11-29T06:12:03+00:00\",\"dateModified\":\"2025-12-25T10:59:53+00:00\",\"breadcrumb\":{\"@id\":\"https:\/\/rollingringdrives.com\/product\/240mm-inner-diameetr-cable-winding-machine-for-cable-warehouse\/#breadcrumb\"},\"inLanguage\":\"de\",\"potentialAction\":[{\"@type\":\"ReadAction\",\"target\":[\"https:\/\/rollingringdrives.com\/product\/240mm-inner-diameetr-cable-winding-machine-for-cable-warehouse\/\"]}]},{\"@type\":\"ImageObject\",\"inLanguage\":\"de\",\"@id\":\"https:\/\/rollingringdrives.com\/product\/240mm-inner-diameetr-cable-winding-machine-for-cable-warehouse\/#primaryimage\",\"url\":\"https:\/\/rollingringdrives.com\/wp-content\/uploads\/2025\/11\/cable-coiling-machine-7.jpg\",\"contentUrl\":\"https:\/\/rollingringdrives.com\/wp-content\/uploads\/2025\/11\/cable-coiling-machine-7.jpg\",\"width\":1000,\"height\":1000,\"caption\":\"Cable Warehouse Measuring and Coiling Machine\"},{\"@type\":\"BreadcrumbList\",\"@id\":\"https:\/\/rollingringdrives.com\/product\/240mm-inner-diameetr-cable-winding-machine-for-cable-warehouse\/#breadcrumb\",\"itemListElement\":[{\"@type\":\"ListItem\",\"position\":1,\"name\":\"Home\",\"item\":\"https:\/\/rollingringdrives.com\/\"},{\"@type\":\"ListItem\",\"position\":2,\"name\":\"Machines\",\"item\":\"https:\/\/rollingringdrives.com\/machines\/\"},{\"@type\":\"ListItem\",\"position\":3,\"name\":\"Manual Cable Warehouse Measuring and Coiling Machine\"}]},{\"@type\":\"WebSite\",\"@id\":\"https:\/\/rollingringdrives.com\/#website\",\"url\":\"https:\/\/rollingringdrives.com\/\",\"name\":\"QiPang\",\"description\":\"QiPang Blog\",\"publisher\":{\"@id\":\"https:\/\/rollingringdrives.com\/#organization\"},\"potentialAction\":[{\"@type\":\"SearchAction\",\"target\":{\"@type\":\"EntryPoint\",\"urlTemplate\":\"https:\/\/rollingringdrives.com\/?s={search_term_string}\"},\"query-input\":{\"@type\":\"PropertyValueSpecification\",\"valueRequired\":true,\"valueName\":\"search_term_string\"}}],\"inLanguage\":\"de\"},{\"@type\":\"Organization\",\"@id\":\"https:\/\/rollingringdrives.com\/#organization\",\"name\":\"QiPang\",\"url\":\"https:\/\/rollingringdrives.com\/\",\"logo\":{\"@type\":\"ImageObject\",\"inLanguage\":\"de\",\"@id\":\"https:\/\/rollingringdrives.com\/#\/schema\/logo\/image\/\",\"url\":\"https:\/\/rollingringdrives.com\/wp-content\/uploads\/2023\/05\/cropped-\u672a\u547d\u540d\u7684\u8bbe\u8ba1.png\",\"contentUrl\":\"https:\/\/rollingringdrives.com\/wp-content\/uploads\/2023\/05\/cropped-\u672a\u547d\u540d\u7684\u8bbe\u8ba1.png\",\"width\":300,\"height\":191,\"caption\":\"QiPang\"},\"image\":{\"@id\":\"https:\/\/rollingringdrives.com\/#\/schema\/logo\/image\/\"}}]}<\/script>\n<!-- \/ Yoast SEO Premium plugin. -->","yoast_head_json":{"title":"Manuelle Kabellager-Mess- und Wickelmaschine - QiPang","robots":{"index":"index","follow":"follow","max-snippet":"max-snippet:-1","max-image-preview":"max-image-preview:large","max-video-preview":"max-video-preview:-1"},"canonical":"https:\/\/rollingringdrives.com\/de\/produkt\/240mm-inner-diameetr-cable-winding-machine-for-cable-warehouse\/","og_locale":"de_DE","og_type":"article","og_title":"Manual Cable Warehouse Measuring and Coiling Machine","og_description":"Advantages and Importance   Cable coil head.lt uses a tensioning principle,making it easy to remove the hollow coil.  Foot switch. it controls the start and stop of the machine,making it easy to operate.  Electrical cabinet. It has a frequency converterand the speed is adjustable.  Cost Savings:\u00a0It reduces labor costs, while the hollow coil design also saves on reel material.  Improved Working Environment:\u00a0It replaces repetitive, high-intensity manual labor, lowering the physical strain on workers.","og_url":"https:\/\/rollingringdrives.com\/de\/produkt\/240mm-inner-diameetr-cable-winding-machine-for-cable-warehouse\/","og_site_name":"QiPang","article_modified_time":"2025-12-25T10:59:53+00:00","og_image":[{"width":1000,"height":1000,"url":"https:\/\/rollingringdrives.com\/wp-content\/uploads\/2025\/11\/cable-coiling-machine-7.jpg","type":"image\/jpeg"}],"twitter_card":"summary_large_image","twitter_misc":{"Gesch\u00e4tzte Lesezeit":"3\u00a0Minuten"},"schema":{"@context":"https:\/\/schema.org","@graph":[{"@type":"WebPage","@id":"https:\/\/rollingringdrives.com\/product\/240mm-inner-diameetr-cable-winding-machine-for-cable-warehouse\/","url":"https:\/\/rollingringdrives.com\/product\/240mm-inner-diameetr-cable-winding-machine-for-cable-warehouse\/","name":"Manuelle Kabellager-Mess- und Wickelmaschine - QiPang","isPartOf":{"@id":"https:\/\/rollingringdrives.com\/#website"},"primaryImageOfPage":{"@id":"https:\/\/rollingringdrives.com\/product\/240mm-inner-diameetr-cable-winding-machine-for-cable-warehouse\/#primaryimage"},"image":{"@id":"https:\/\/rollingringdrives.com\/product\/240mm-inner-diameetr-cable-winding-machine-for-cable-warehouse\/#primaryimage"},"thumbnailUrl":"https:\/\/rollingringdrives.com\/wp-content\/uploads\/2025\/11\/cable-coiling-machine-7.jpg","datePublished":"2025-11-29T06:12:03+00:00","dateModified":"2025-12-25T10:59:53+00:00","breadcrumb":{"@id":"https:\/\/rollingringdrives.com\/product\/240mm-inner-diameetr-cable-winding-machine-for-cable-warehouse\/#breadcrumb"},"inLanguage":"de","potentialAction":[{"@type":"ReadAction","target":["https:\/\/rollingringdrives.com\/product\/240mm-inner-diameetr-cable-winding-machine-for-cable-warehouse\/"]}]},{"@type":"ImageObject","inLanguage":"de","@id":"https:\/\/rollingringdrives.com\/product\/240mm-inner-diameetr-cable-winding-machine-for-cable-warehouse\/#primaryimage","url":"https:\/\/rollingringdrives.com\/wp-content\/uploads\/2025\/11\/cable-coiling-machine-7.jpg","contentUrl":"https:\/\/rollingringdrives.com\/wp-content\/uploads\/2025\/11\/cable-coiling-machine-7.jpg","width":1000,"height":1000,"caption":"Cable Warehouse Measuring and Coiling Machine"},{"@type":"BreadcrumbList","@id":"https:\/\/rollingringdrives.com\/product\/240mm-inner-diameetr-cable-winding-machine-for-cable-warehouse\/#breadcrumb","itemListElement":[{"@type":"ListItem","position":1,"name":"Home","item":"https:\/\/rollingringdrives.com\/"},{"@type":"ListItem","position":2,"name":"Machines","item":"https:\/\/rollingringdrives.com\/machines\/"},{"@type":"ListItem","position":3,"name":"Manual Cable Warehouse Measuring and Coiling Machine"}]},{"@type":"WebSite","@id":"https:\/\/rollingringdrives.com\/#website","url":"https:\/\/rollingringdrives.com\/","name":"QiPang","description":"QiPang-Blog","publisher":{"@id":"https:\/\/rollingringdrives.com\/#organization"},"potentialAction":[{"@type":"SearchAction","target":{"@type":"EntryPoint","urlTemplate":"https:\/\/rollingringdrives.com\/?s={search_term_string}"},"query-input":{"@type":"PropertyValueSpecification","valueRequired":true,"valueName":"search_term_string"}}],"inLanguage":"de"},{"@type":"Organization","@id":"https:\/\/rollingringdrives.com\/#organization","name":"QiPang","url":"https:\/\/rollingringdrives.com\/","logo":{"@type":"ImageObject","inLanguage":"de","@id":"https:\/\/rollingringdrives.com\/#\/schema\/logo\/image\/","url":"https:\/\/rollingringdrives.com\/wp-content\/uploads\/2023\/05\/cropped-\u672a\u547d\u540d\u7684\u8bbe\u8ba1.png","contentUrl":"https:\/\/rollingringdrives.com\/wp-content\/uploads\/2023\/05\/cropped-\u672a\u547d\u540d\u7684\u8bbe\u8ba1.png","width":300,"height":191,"caption":"QiPang"},"image":{"@id":"https:\/\/rollingringdrives.com\/#\/schema\/logo\/image\/"}}]}},"_links":{"self":[{"href":"https:\/\/rollingringdrives.com\/de\/wp-json\/wp\/v2\/product\/32690","targetHints":{"allow":["GET"]}}],"collection":[{"href":"https:\/\/rollingringdrives.com\/de\/wp-json\/wp\/v2\/product"}],"about":[{"href":"https:\/\/rollingringdrives.com\/de\/wp-json\/wp\/v2\/types\/product"}],"version-history":[{"count":0,"href":"https:\/\/rollingringdrives.com\/de\/wp-json\/wp\/v2\/product\/32690\/revisions"}],"wp:featuredmedia":[{"embeddable":true,"href":"https:\/\/rollingringdrives.com\/de\/wp-json\/wp\/v2\/media\/32693"}],"wp:attachment":[{"href":"https:\/\/rollingringdrives.com\/de\/wp-json\/wp\/v2\/media?parent=32690"}],"wp:term":[{"taxonomy":"product_brand","embeddable":true,"href":"https:\/\/rollingringdrives.com\/de\/wp-json\/wp\/v2\/product_brand?post=32690"},{"taxonomy":"product_cat","embeddable":true,"href":"https:\/\/rollingringdrives.com\/de\/wp-json\/wp\/v2\/product_cat?post=32690"},{"taxonomy":"product_tag","embeddable":true,"href":"https:\/\/rollingringdrives.com\/de\/wp-json\/wp\/v2\/product_tag?post=32690"}],"curies":[{"name":"wp","href":"https:\/\/api.w.org\/{rel}","templated":true}]}}