{"id":32897,"date":"2026-01-24T03:07:38","date_gmt":"2026-01-24T03:07:38","guid":{"rendered":"https:\/\/rollingringdrives.com\/?post_type=product&#038;p=32897"},"modified":"2026-01-24T03:07:39","modified_gmt":"2026-01-24T03:07:39","slug":"automatic-cable-winding-and-cutting-line-machine","status":"publish","type":"product","link":"https:\/\/rollingringdrives.com\/de\/produkt\/automatic-cable-winding-and-cutting-line-machine\/","title":{"rendered":"Automatische Kabelwickel- und Schneideanlage"},"content":{"rendered":"<p>Shanghai Qipang ist auf die Herstellung von Wickel- und Schneidanlagen f\u00fcr Kabel mit fester L\u00e4nge spezialisiert. Das Unternehmen kann professionelle L\u00f6sungen f\u00fcr die verschiedenen Trommelgr\u00f6\u00dfen, Kabeltypen und die von den Kunden gew\u00fcnschten unterschiedlichen L\u00e4ngen anbieten.<\/p>\n<p>Unser <strong>Produktionslinie zum Wickeln und Schneiden von Kabeln fester L\u00e4nge<\/strong> integriert fortschrittliche Wickeltechnik mit pr\u00e4zisen Schneidsystemen. Sie kann problemlos und schnell verschiedene Arten und Spezifikationen von Kabeln von gro\u00dfen Standardspulen auf benutzerdefinierte kleine Spulen wickeln und sie pr\u00e4zise nach den voreingestellten Metern schneiden, wodurch der Automatisierungsgrad und die Produktionseffizienz der nachfolgenden Kabelverarbeitungsschritte erheblich gesteigert werden.<\/p>\n<figure id=\"attachment_32898\" aria-describedby=\"caption-attachment-32898\" style=\"width: 705px\" class=\"wp-caption alignnone\"><img fetchpriority=\"high\" decoding=\"async\" class=\"size-full wp-image-32898\" src=\"https:\/\/rollingringdrives.com\/wp-content\/uploads\/2026\/01\/8f807ad1-b0ff-40b2-b6fb-d7d109b0afbd.avif\" alt=\"Kabelwickel- und Schneidanlage \" width=\"705\" height=\"510\" srcset=\"https:\/\/rollingringdrives.com\/wp-content\/uploads\/2026\/01\/8f807ad1-b0ff-40b2-b6fb-d7d109b0afbd.avif 705w, https:\/\/rollingringdrives.com\/wp-content\/uploads\/2026\/01\/8f807ad1-b0ff-40b2-b6fb-d7d109b0afbd-300x217.avif 300w, https:\/\/rollingringdrives.com\/wp-content\/uploads\/2026\/01\/8f807ad1-b0ff-40b2-b6fb-d7d109b0afbd-18x12.avif 18w, https:\/\/rollingringdrives.com\/wp-content\/uploads\/2026\/01\/8f807ad1-b0ff-40b2-b6fb-d7d109b0afbd-600x434.avif 600w\" sizes=\"(max-width: 705px) 100vw, 705px\" \/><figcaption id=\"caption-attachment-32898\" class=\"wp-caption-text\">Kabelwickel- und Schneidanlage<\/figcaption><\/figure>\n<h2>Parameter der Kabelwickel- und Schneidanlage<\/h2>\n<div id=\"footable_parent_32899\"\n         class=\"footable_parent ninja_table_wrapper loading_ninja_table wp_table_data_press_parent semantic_ui\">\n                <table data-ninja_table_instance=\"ninja_table_instance_0\" data-footable_id=\"32899\" data-filter-delay=\"1000\" aria-label=\"\u5149\u7f06\u5207\u5272\u673a.csv\"            id=\"footable_32899\"\n           data-unique_identifier=\"ninja_table_unique_id_916211310_32899\"\n           class=\"foo-table ninja_footable foo_table_32899 ninja_table_unique_id_916211310_32899 ui table  ninja_search_right nt_type_legacy_table selectable celled striped vertical_centered  footable-paging-right ninja_table_pro\">\n                <colgroup>\n                            <col class=\"ninja_column_0\">\n                            <col class=\"ninja_column_1\">\n                    <\/colgroup>\n        <thead>\n<tr class=\"footable-header\">\n                                        <th scope=\"col\"  class=\"ninja_column_0 ninja_clmn_nm_model\">Modell<\/th><th scope=\"col\"  class=\"ninja_column_1 ninja_clmn_nm_qp46\">QP460<\/th><\/tr>\n<\/thead>\n<tbody>\n\n        <tr data-row_id=\"2186\" class=\"ninja_table_row_0 nt_row_id_2186\">\n            <td> Drahtdurchmesser<\/td><td>2-16mm Kabel<\/td>        <\/tr>\n            <tr data-row_id=\"2187\" class=\"ninja_table_row_1 nt_row_id_2187\">\n            <td>Gr\u00f6\u00dfe der Abwickelspule <\/td><td>0D630\/800mm<\/td>        <\/tr>\n            <tr data-row_id=\"2188\" class=\"ninja_table_row_2 nt_row_id_2188\">\n            <td>Auszahlungsmethode<\/td><td>Automatische Zugentlastung mit oder ohne Welle<\/td>        <\/tr>\n            <tr data-row_id=\"2189\" class=\"ninja_table_row_3 nt_row_id_2189\">\n            <td>Traversentyp aufnehmen <\/td><td>Rollringantrieb\/PLC-Servo<\/td>        <\/tr>\n            <tr data-row_id=\"2190\" class=\"ninja_table_row_4 nt_row_id_2190\">\n            <td>Aufnahmef\u00e4higkeit der Last<\/td><td>200KG Einzelwelle<\/td>        <\/tr>\n            <tr data-row_id=\"2191\" class=\"ninja_table_row_5 nt_row_id_2191\">\n            <td>Methode der Linie <\/td><td>Automatische Verdrahtung<\/td>        <\/tr>\n            <tr data-row_id=\"2192\" class=\"ninja_table_row_6 nt_row_id_2192\">\n            <td>Maschinengeschwindigkeit<\/td><td>0-500 U\/min, anpassbar<\/td>        <\/tr>\n            <tr data-row_id=\"2193\" class=\"ninja_table_row_7 nt_row_id_2193\">\n            <td>Au\u00dfendurchmesser des Kabelbinders <\/td><td>\u03c6310\/400\/450mm<\/td>        <\/tr>\n            <tr data-row_id=\"2194\" class=\"ninja_table_row_8 nt_row_id_2194\">\n            <td>Anzahl der Schlitze f\u00fcr Kabelbinder<\/td><td>3 Steckpl\u00e4tze<\/td>        <\/tr>\n            <tr data-row_id=\"2195\" class=\"ninja_table_row_9 nt_row_id_2195\">\n            <td>Motorleistung<\/td><td>2.2\/4KW+ Getriebemotor <\/td>        <\/tr>\n            <tr data-row_id=\"2196\" class=\"ninja_table_row_10 nt_row_id_2196\">\n            <td>Innendurchmesser des Kabelbinders<\/td><td>\u03c6140\/160\/180mm<\/td>        <\/tr>\n            <tr data-row_id=\"2197\" class=\"ninja_table_row_11 nt_row_id_2197\">\n            <td>H\u00f6he der Kabelbinder<\/td><td>30-200mm, anpassbar<\/td>        <\/tr>\n            <tr data-row_id=\"2198\" class=\"ninja_table_row_12 nt_row_id_2198\">\n            <td>Maschinenfarbe<\/td><td>RAL5015 blau, Anpassbar<\/td>        <\/tr>\n            <tr data-row_id=\"2199\" class=\"ninja_table_row_13 nt_row_id_2199\">\n            <td>Leistung pro Schicht<\/td><td>Rund 700 Spulen (7 Stunden)<\/td>        <\/tr>\n            <tr data-row_id=\"2200\" class=\"ninja_table_row_14 nt_row_id_2200\">\n            <td>Stromversorgung<\/td><td>380V 50HZ dreiphasig oder anpassbar<\/td>        <\/tr>\n    <\/tbody><!--ninja_tobody_rendering_done-->\n    <\/table>\n    \n    \n    \n<\/div>\n\n<div class=\"ast-oembed-container\" style=\"height: 100%;\"><iframe title=\"Automatische Kabelwickel- und Schneideanlage\" width=\"422\" height=\"750\" src=\"https:\/\/www.youtube.com\/embed\/PYcvcMHXHuc?feature=oembed\" frameborder=\"0\" allow=\"accelerometer; autoplay; clipboard-write; encrypted-media; gyroscope; picture-in-picture; web-share\" referrerpolicy=\"strict-origin-when-cross-origin\" allowfullscreen><\/iframe><\/div>\n<h2>Kabelwickel- und Schneidlinie Merkmal<\/h2>\n<h4><strong>Wickelsystem:<\/strong><\/h4>\n<p>Es gibt verschiedene Arten von Wickelmaschinen, darunter freitragende oder wellenf\u00f6rmige Aufwickelmaschinen. Die Maschinengr\u00f6\u00dfe kann an verschiedene Arten und Gr\u00f6\u00dfen von Spulen f\u00fcr Kunden angepasst werden. Die Verdrahtung Abschnitt kann entweder Rollring Antrieb Verdrahtung Ger\u00e4t oder Servo-Plc-Verdrahtung w\u00e4hlen. Die Verdrahtungsbreite kann entsprechend der Breite der Spule angepasst werden.<\/p>\n<h4>Schneidesystem mit fester L\u00e4nge<\/h4>\n<p>Pr\u00e4zise Messung: Der mit hochpr\u00e4zisen Encodern ausgestattete Meterz\u00e4hler gew\u00e4hrleistet die Genauigkeit der Kabelwickell\u00e4nge mit einer Fehlerregelung von 1\/1000 bis 1\/3000.<br \/>\nSchnelles Schneiden: Durch den Einsatz leistungsf\u00e4higer Schneidevorrichtungen (z. B. pneumatisches oder hydraulisches Schneiden je nach Kabelmaterial) ist die Schnittfl\u00e4che glatt und gratfrei, und die Geschwindigkeit ist perfekt auf das Wickelsystem abgestimmt.<br \/>\nFlexible Einstellung: Die Bedienung ist einfach, und verschiedene Wickell\u00e4ngen und -mengen k\u00f6nnen je nach Produktionsanforderungen schnell eingestellt werden.<\/p>\n<h4>Aktiver Abrechnungsautomat<\/h4>\n<p>Die Abwickelmaschine wird von einem unabh\u00e4ngigen Motor angetrieben, anstatt passiv gezogen zu werden. Die Maschine ist mit einem Speichergestell ausgestattet, das die Spannung des Kabels in Echtzeit \u00fcberwacht und die Spulgeschwindigkeit dynamisch anpasst, um eine konstante Spannung zu gew\u00e4hrleisten und zu verhindern, dass das Kabel zu d\u00fcnn gezogen oder gedehnt wird oder sich die Spule aufdreht.<\/p>\n<p>Ob es sich um Stromkabel, Kommunikationskabel, Steuerkabel oder andere spezielle Kabeltypen handelt, unsere Produktionslinie kann eine stabile und zuverl\u00e4ssige Leistung bieten. Sie ist die ideale Wahl f\u00fcr Draht- und Kabelhersteller, Kabelverteiler und verwandte Verarbeitungsunternehmen. Sie vereinfacht nicht nur den Produktionsprozess, reduziert Fehler und die Arbeitsintensit\u00e4t, die durch menschliches Eingreifen verursacht werden, sondern sorgt auch f\u00fcr eine gleichbleibende Produktqualit\u00e4t und hilft Ihnen, sich im harten Marktwettbewerb zu behaupten.<\/p>","protected":false},"excerpt":{"rendered":"<p>Die Produktionslinie zum Wickeln und Schneiden von Kabeln kann die Kabel von gro\u00dfformatigen Rollen mit konstanter Spannung und gleichm\u00e4\u00dfigem Verlauf an die Wickeleinheit \u00fcbergeben und sie entsprechend der voreingestellten L\u00e4nge pr\u00e4zise auf kleine Rollen aufwickeln und dann automatisch abschneiden. Ob Energiekabel, Kommunikationskabel oder Spezialkabel, w\u00e4hrend des Wickelvorgangs kann die Dehnung und Verformung der Kabel beim Abwickeln so weit wie m\u00f6glich minimiert werden, so dass die physikalischen Eigenschaften der fertigen Kabel nicht beeintr\u00e4chtigt werden. Dies ist nicht nur ein effizientes Mittel zur Verbesserung der Produktionseffizienz, sondern auch eine ideale Wahl, um die Qualit\u00e4t von hochwertigen Kabeln zu gew\u00e4hrleisten.<\/p>","protected":false},"featured_media":32902,"template":"","meta":{"site-sidebar-layout":"default","site-content-layout":"default","ast-global-header-display":"","ast-banner-title-visibility":"","ast-main-header-display":"","ast-hfb-above-header-display":"","ast-hfb-below-header-display":"","ast-hfb-mobile-header-display":"","site-post-title":"","ast-breadcrumbs-content":"","ast-featured-img":"","footer-sml-layout":"","theme-transparent-header-meta":"default","adv-header-id-meta":"","stick-header-meta":"","header-above-stick-meta":"","header-main-stick-meta":"","header-below-stick-meta":""},"product_brand":[],"product_cat":[136,137],"product_tag":[],"class_list":{"0":"post-32897","1":"product","2":"type-product","3":"status-publish","4":"has-post-thumbnail","6":"product_cat-coiling-machine","7":"product_cat-coiling-and-reeling-machine","8":"desktop-align-left","9":"tablet-align-left","10":"mobile-align-left","12":"first","13":"instock","14":"shipping-taxable","15":"product-type-simple"},"yoast_head":"<!-- This site is optimized with the Yoast SEO Premium plugin v20.12 (Yoast SEO v26.0) - https:\/\/yoast.com\/wordpress\/plugins\/seo\/ -->\n<title>Automatic Cable Winding and Cutting Line Machine - QiPang<\/title>\n<meta name=\"robots\" content=\"index, follow, max-snippet:-1, max-image-preview:large, max-video-preview:-1\" \/>\n<link rel=\"canonical\" href=\"https:\/\/rollingringdrives.com\/de\/produkt\/automatic-cable-winding-and-cutting-line-machine\/\" \/>\n<meta property=\"og:locale\" content=\"de_DE\" \/>\n<meta property=\"og:type\" content=\"article\" \/>\n<meta property=\"og:title\" content=\"Automatic Cable Winding and Cutting Line Machine\" \/>\n<meta property=\"og:description\" content=\"The cable winding and cutting production line can transfer the cables from large-sized reels to the winding unit with constant tension and smoothness, and precisely wind them onto small reels according to the preset length and then automatically cut them off. Whether it is power cables, communication cables or special cables, during the winding process, the stretching and deformation of the cables during unwinding can be minimized as much as possible, ensuring that the physical properties of the finished cables are not affected. This is not only an efficient tool for improving production efficiency, but also an ideal choice for ensuring the quality of high-end cables.\" \/>\n<meta property=\"og:url\" content=\"https:\/\/rollingringdrives.com\/de\/produkt\/automatic-cable-winding-and-cutting-line-machine\/\" \/>\n<meta property=\"og:site_name\" content=\"QiPang\" \/>\n<meta property=\"article:modified_time\" content=\"2026-01-24T03:07:39+00:00\" \/>\n<meta name=\"twitter:card\" content=\"summary_large_image\" \/>\n<meta name=\"twitter:label1\" content=\"Gesch\u00e4tzte Lesezeit\" \/>\n\t<meta name=\"twitter:data1\" content=\"3\u00a0Minuten\" \/>\n<script type=\"application\/ld+json\" class=\"yoast-schema-graph\">{\"@context\":\"https:\/\/schema.org\",\"@graph\":[{\"@type\":\"WebPage\",\"@id\":\"https:\/\/rollingringdrives.com\/product\/automatic-cable-winding-and-cutting-line-machine\/\",\"url\":\"https:\/\/rollingringdrives.com\/product\/automatic-cable-winding-and-cutting-line-machine\/\",\"name\":\"Automatic Cable Winding and Cutting Line Machine - QiPang\",\"isPartOf\":{\"@id\":\"https:\/\/rollingringdrives.com\/#website\"},\"primaryImageOfPage\":{\"@id\":\"https:\/\/rollingringdrives.com\/product\/automatic-cable-winding-and-cutting-line-machine\/#primaryimage\"},\"image\":{\"@id\":\"https:\/\/rollingringdrives.com\/product\/automatic-cable-winding-and-cutting-line-machine\/#primaryimage\"},\"thumbnailUrl\":\"https:\/\/rollingringdrives.com\/wp-content\/uploads\/2026\/01\/take-up-machine.avif\",\"datePublished\":\"2026-01-24T03:07:38+00:00\",\"dateModified\":\"2026-01-24T03:07:39+00:00\",\"breadcrumb\":{\"@id\":\"https:\/\/rollingringdrives.com\/product\/automatic-cable-winding-and-cutting-line-machine\/#breadcrumb\"},\"inLanguage\":\"de\",\"potentialAction\":[{\"@type\":\"ReadAction\",\"target\":[\"https:\/\/rollingringdrives.com\/product\/automatic-cable-winding-and-cutting-line-machine\/\"]}]},{\"@type\":\"ImageObject\",\"inLanguage\":\"de\",\"@id\":\"https:\/\/rollingringdrives.com\/product\/automatic-cable-winding-and-cutting-line-machine\/#primaryimage\",\"url\":\"https:\/\/rollingringdrives.com\/wp-content\/uploads\/2026\/01\/take-up-machine.avif\",\"contentUrl\":\"https:\/\/rollingringdrives.com\/wp-content\/uploads\/2026\/01\/take-up-machine.avif\",\"width\":960,\"height\":960,\"caption\":\"cable winding and cutting machine\"},{\"@type\":\"BreadcrumbList\",\"@id\":\"https:\/\/rollingringdrives.com\/product\/automatic-cable-winding-and-cutting-line-machine\/#breadcrumb\",\"itemListElement\":[{\"@type\":\"ListItem\",\"position\":1,\"name\":\"Home\",\"item\":\"https:\/\/rollingringdrives.com\/\"},{\"@type\":\"ListItem\",\"position\":2,\"name\":\"Machines\",\"item\":\"https:\/\/rollingringdrives.com\/machines\/\"},{\"@type\":\"ListItem\",\"position\":3,\"name\":\"Automatic Cable Winding and Cutting Line Machine\"}]},{\"@type\":\"WebSite\",\"@id\":\"https:\/\/rollingringdrives.com\/#website\",\"url\":\"https:\/\/rollingringdrives.com\/\",\"name\":\"QiPang\",\"description\":\"QiPang Blog\",\"publisher\":{\"@id\":\"https:\/\/rollingringdrives.com\/#organization\"},\"potentialAction\":[{\"@type\":\"SearchAction\",\"target\":{\"@type\":\"EntryPoint\",\"urlTemplate\":\"https:\/\/rollingringdrives.com\/?s={search_term_string}\"},\"query-input\":{\"@type\":\"PropertyValueSpecification\",\"valueRequired\":true,\"valueName\":\"search_term_string\"}}],\"inLanguage\":\"de\"},{\"@type\":\"Organization\",\"@id\":\"https:\/\/rollingringdrives.com\/#organization\",\"name\":\"QiPang\",\"url\":\"https:\/\/rollingringdrives.com\/\",\"logo\":{\"@type\":\"ImageObject\",\"inLanguage\":\"de\",\"@id\":\"https:\/\/rollingringdrives.com\/#\/schema\/logo\/image\/\",\"url\":\"https:\/\/rollingringdrives.com\/wp-content\/uploads\/2023\/05\/cropped-\u672a\u547d\u540d\u7684\u8bbe\u8ba1.png\",\"contentUrl\":\"https:\/\/rollingringdrives.com\/wp-content\/uploads\/2023\/05\/cropped-\u672a\u547d\u540d\u7684\u8bbe\u8ba1.png\",\"width\":300,\"height\":191,\"caption\":\"QiPang\"},\"image\":{\"@id\":\"https:\/\/rollingringdrives.com\/#\/schema\/logo\/image\/\"}}]}<\/script>\n<!-- \/ Yoast SEO Premium plugin. -->","yoast_head_json":{"title":"Automatische Kabelwickel- und Schneideanlage - QiPang","robots":{"index":"index","follow":"follow","max-snippet":"max-snippet:-1","max-image-preview":"max-image-preview:large","max-video-preview":"max-video-preview:-1"},"canonical":"https:\/\/rollingringdrives.com\/de\/produkt\/automatic-cable-winding-and-cutting-line-machine\/","og_locale":"de_DE","og_type":"article","og_title":"Automatic Cable Winding and Cutting Line Machine","og_description":"The cable winding and cutting production line can transfer the cables from large-sized reels to the winding unit with constant tension and smoothness, and precisely wind them onto small reels according to the preset length and then automatically cut them off. Whether it is power cables, communication cables or special cables, during the winding process, the stretching and deformation of the cables during unwinding can be minimized as much as possible, ensuring that the physical properties of the finished cables are not affected. This is not only an efficient tool for improving production efficiency, but also an ideal choice for ensuring the quality of high-end cables.","og_url":"https:\/\/rollingringdrives.com\/de\/produkt\/automatic-cable-winding-and-cutting-line-machine\/","og_site_name":"QiPang","article_modified_time":"2026-01-24T03:07:39+00:00","twitter_card":"summary_large_image","twitter_misc":{"Gesch\u00e4tzte Lesezeit":"3\u00a0Minuten"},"schema":{"@context":"https:\/\/schema.org","@graph":[{"@type":"WebPage","@id":"https:\/\/rollingringdrives.com\/product\/automatic-cable-winding-and-cutting-line-machine\/","url":"https:\/\/rollingringdrives.com\/product\/automatic-cable-winding-and-cutting-line-machine\/","name":"Automatische Kabelwickel- und Schneideanlage - QiPang","isPartOf":{"@id":"https:\/\/rollingringdrives.com\/#website"},"primaryImageOfPage":{"@id":"https:\/\/rollingringdrives.com\/product\/automatic-cable-winding-and-cutting-line-machine\/#primaryimage"},"image":{"@id":"https:\/\/rollingringdrives.com\/product\/automatic-cable-winding-and-cutting-line-machine\/#primaryimage"},"thumbnailUrl":"https:\/\/rollingringdrives.com\/wp-content\/uploads\/2026\/01\/take-up-machine.avif","datePublished":"2026-01-24T03:07:38+00:00","dateModified":"2026-01-24T03:07:39+00:00","breadcrumb":{"@id":"https:\/\/rollingringdrives.com\/product\/automatic-cable-winding-and-cutting-line-machine\/#breadcrumb"},"inLanguage":"de","potentialAction":[{"@type":"ReadAction","target":["https:\/\/rollingringdrives.com\/product\/automatic-cable-winding-and-cutting-line-machine\/"]}]},{"@type":"ImageObject","inLanguage":"de","@id":"https:\/\/rollingringdrives.com\/product\/automatic-cable-winding-and-cutting-line-machine\/#primaryimage","url":"https:\/\/rollingringdrives.com\/wp-content\/uploads\/2026\/01\/take-up-machine.avif","contentUrl":"https:\/\/rollingringdrives.com\/wp-content\/uploads\/2026\/01\/take-up-machine.avif","width":960,"height":960,"caption":"cable winding and cutting machine"},{"@type":"BreadcrumbList","@id":"https:\/\/rollingringdrives.com\/product\/automatic-cable-winding-and-cutting-line-machine\/#breadcrumb","itemListElement":[{"@type":"ListItem","position":1,"name":"Home","item":"https:\/\/rollingringdrives.com\/"},{"@type":"ListItem","position":2,"name":"Machines","item":"https:\/\/rollingringdrives.com\/machines\/"},{"@type":"ListItem","position":3,"name":"Automatic Cable Winding and Cutting Line Machine"}]},{"@type":"WebSite","@id":"https:\/\/rollingringdrives.com\/#website","url":"https:\/\/rollingringdrives.com\/","name":"QiPang","description":"QiPang-Blog","publisher":{"@id":"https:\/\/rollingringdrives.com\/#organization"},"potentialAction":[{"@type":"SearchAction","target":{"@type":"EntryPoint","urlTemplate":"https:\/\/rollingringdrives.com\/?s={search_term_string}"},"query-input":{"@type":"PropertyValueSpecification","valueRequired":true,"valueName":"search_term_string"}}],"inLanguage":"de"},{"@type":"Organization","@id":"https:\/\/rollingringdrives.com\/#organization","name":"QiPang","url":"https:\/\/rollingringdrives.com\/","logo":{"@type":"ImageObject","inLanguage":"de","@id":"https:\/\/rollingringdrives.com\/#\/schema\/logo\/image\/","url":"https:\/\/rollingringdrives.com\/wp-content\/uploads\/2023\/05\/cropped-\u672a\u547d\u540d\u7684\u8bbe\u8ba1.png","contentUrl":"https:\/\/rollingringdrives.com\/wp-content\/uploads\/2023\/05\/cropped-\u672a\u547d\u540d\u7684\u8bbe\u8ba1.png","width":300,"height":191,"caption":"QiPang"},"image":{"@id":"https:\/\/rollingringdrives.com\/#\/schema\/logo\/image\/"}}]}},"_links":{"self":[{"href":"https:\/\/rollingringdrives.com\/de\/wp-json\/wp\/v2\/product\/32897","targetHints":{"allow":["GET"]}}],"collection":[{"href":"https:\/\/rollingringdrives.com\/de\/wp-json\/wp\/v2\/product"}],"about":[{"href":"https:\/\/rollingringdrives.com\/de\/wp-json\/wp\/v2\/types\/product"}],"version-history":[{"count":0,"href":"https:\/\/rollingringdrives.com\/de\/wp-json\/wp\/v2\/product\/32897\/revisions"}],"wp:featuredmedia":[{"embeddable":true,"href":"https:\/\/rollingringdrives.com\/de\/wp-json\/wp\/v2\/media\/32902"}],"wp:attachment":[{"href":"https:\/\/rollingringdrives.com\/de\/wp-json\/wp\/v2\/media?parent=32897"}],"wp:term":[{"taxonomy":"product_brand","embeddable":true,"href":"https:\/\/rollingringdrives.com\/de\/wp-json\/wp\/v2\/product_brand?post=32897"},{"taxonomy":"product_cat","embeddable":true,"href":"https:\/\/rollingringdrives.com\/de\/wp-json\/wp\/v2\/product_cat?post=32897"},{"taxonomy":"product_tag","embeddable":true,"href":"https:\/\/rollingringdrives.com\/de\/wp-json\/wp\/v2\/product_tag?post=32897"}],"curies":[{"name":"wp","href":"https:\/\/api.w.org\/{rel}","templated":true}]}}