{"id":32944,"date":"2026-04-18T02:53:12","date_gmt":"2026-04-18T02:53:12","guid":{"rendered":"https:\/\/rollingringdrives.com\/?post_type=product&#038;p=32944"},"modified":"2026-04-18T02:53:13","modified_gmt":"2026-04-18T02:53:13","slug":"15xy-dual-axis-laser-diameter-gauge-for-a-1-75mm-3d-filament-line","status":"publish","type":"product","link":"https:\/\/rollingringdrives.com\/de\/produkt\/15xy-dual-axis-laser-diameter-gauge-for-a-1-75mm-3d-filament-line\/","title":{"rendered":"15XY Zwei-Achsen-Laser-Durchmessermessger\u00e4t f\u00fcr eine 1,75 mm 3D-Filamentlinie"},"content":{"rendered":"<p>Das Laser-Durchmessermessger\u00e4t 15XY arbeitet mit einem zweidimensionalen Messmodus, und das zweidimensionale Laser-Durchmessermessger\u00e4t misst den Durchmesser des Werkst\u00fccks in zwei Richtungen. Seine Struktur ist kompakt, und es hat die gleiche Betriebsfunktion und Ausgangsschnittstelle. Es besteht aus einem Lasermesskopf, einem Bedienfeld und einer Fernsteuerung und kann zum Anschluss verschiedener Gr\u00f6\u00dfen von Fernanzeigen erweitert werden, wie in der folgenden Abbildung dargestellt.<\/p>\n<div id=\"footable_parent_32945\"\n         class=\"footable_parent ninja_table_wrapper loading_ninja_table wp_table_data_press_parent semantic_ui\">\n                <table data-ninja_table_instance=\"ninja_table_instance_0\" data-footable_id=\"32945\" data-filter-delay=\"1000\" aria-label=\"15xy.csv\"            id=\"footable_32945\"\n           data-unique_identifier=\"ninja_table_unique_id_82093595_32945\"\n           class=\"foo-table ninja_footable foo_table_32945 ninja_table_unique_id_82093595_32945 ui table  ninja_search_right nt_type_legacy_table selectable celled striped vertical_centered  footable-paging-right ninja_table_pro\">\n                <colgroup>\n                            <col class=\"ninja_column_0\">\n                            <col class=\"ninja_column_1\">\n                            <col class=\"ninja_column_2\">\n                            <col class=\"ninja_column_3\">\n                            <col class=\"ninja_column_4\">\n                            <col class=\"ninja_column_5\">\n                    <\/colgroup>\n        <thead>\n<tr class=\"footable-header\">\n                                                                                                        <th scope=\"col\"  class=\"ninja_column_0 ninja_clmn_nm_model\">Modell<\/th><th scope=\"col\"  class=\"ninja_column_1 ninja_clmn_nm_noofaxis\">Anzahl der Achsen<\/th><th scope=\"col\"  class=\"ninja_column_2 ninja_clmn_nm_resolution\">Aufl\u00f6sung<\/th><th scope=\"col\"  class=\"ninja_column_3 ninja_clmn_nm_measuringrange\">Messbereich<\/th><th scope=\"col\"  class=\"ninja_column_4 ninja_clmn_nm_measuringaccuracy\">Messgenauigkeit<\/th><th scope=\"col\"  class=\"ninja_column_5 ninja_clmn_nm_ninja_column_6\">Verbrauchte Leistung<\/th><\/tr>\n<\/thead>\n<tbody>\n\n        <tr data-row_id=\"2212\" class=\"ninja_table_row_0 nt_row_id_2212\">\n            <td>3X<\/td><td>Einzeln<\/td><td>0,0001 um<\/td><td>0,05-3mm<\/td><td>\u00b10,5\u03bcm<\/td><td>\u226410W<\/td>        <\/tr>\n            <tr data-row_id=\"2213\" class=\"ninja_table_row_1 nt_row_id_2213\">\n            <td>25X<\/td><td>Einzeln<\/td><td>0,001 mm<\/td><td>0,1\u201325 mm<\/td><td>\u00b11\u03bcm<\/td><td>\u226410W<\/td>        <\/tr>\n            <tr data-row_id=\"2214\" class=\"ninja_table_row_2 nt_row_id_2214\">\n            <td>40X<\/td><td>Einzeln<\/td><td>0,001 mm<\/td><td>1-40mm<\/td><td>\u00b11\u03bcm<\/td><td>\u226410W<\/td>        <\/tr>\n            <tr data-row_id=\"2215\" class=\"ninja_table_row_3 nt_row_id_2215\">\n            <td>50X<\/td><td>Einzeln<\/td><td>0,001 mm<\/td><td>1-50mm<\/td><td>\u00b13\u03bcm<\/td><td>\u226410W<\/td>        <\/tr>\n            <tr data-row_id=\"2216\" class=\"ninja_table_row_4 nt_row_id_2216\">\n            <td>70X<\/td><td>Einzeln<\/td><td>0,01 mm<\/td><td>1-0mm<\/td><td>\u00b110\u03bcm<\/td><td>\u226410W<\/td>        <\/tr>\n            <tr data-row_id=\"2217\" class=\"ninja_table_row_5 nt_row_id_2217\">\n            <td>100X<\/td><td>Einzeln<\/td><td>0,01 mm<\/td><td>1-100mm<\/td><td>\u00b110\u03bcm<\/td><td>\u226410W<\/td>        <\/tr>\n            <tr data-row_id=\"2218\" class=\"ninja_table_row_6 nt_row_id_2218\">\n            <td>15XY<\/td><td>Dual<\/td><td>0,001 mm<\/td><td>0,1-15 mm<\/td><td>\u00b11\u03bcm<\/td><td>\u226410W<\/td>        <\/tr>\n            <tr data-row_id=\"2219\" class=\"ninja_table_row_7 nt_row_id_2219\">\n            <td>25XY<\/td><td>Dual<\/td><td>0,001 mm<\/td><td>0,1\u201325 mm<\/td><td>\u00b11\u03bcm<\/td><td>\u226410W<\/td>        <\/tr>\n            <tr data-row_id=\"2220\" class=\"ninja_table_row_8 nt_row_id_2220\">\n            <td>50XY<\/td><td>Dual<\/td><td>0,001 mm<\/td><td>1-50mm<\/td><td>\u00b13\u03bcm<\/td><td>\u226410W<\/td>        <\/tr>\n            <tr data-row_id=\"2221\" class=\"ninja_table_row_9 nt_row_id_2221\">\n            <td>70XY<\/td><td>Dual<\/td><td>0,01 mm<\/td><td>1-70mm<\/td><td>\u00b110\u03bcm<\/td><td>\u226410W<\/td>        <\/tr>\n            <tr data-row_id=\"2222\" class=\"ninja_table_row_10 nt_row_id_2222\">\n            <td>100XY<\/td><td>Dual<\/td><td>0,01 mm<\/td><td>1-100mm<\/td><td>\u00b110\u03bcm<\/td><td>\u226410W<\/td>        <\/tr>\n    <\/tbody><!--ninja_tobody_rendering_done-->\n    <\/table>\n    \n    \n    \n<\/div>\n\n<div class=\"ast-oembed-container\" style=\"height: 100%;\"><iframe title=\"15XY Zweiachsiges Laser-Durchmessermessger\u00e4t\" width=\"422\" height=\"750\" src=\"https:\/\/www.youtube.com\/embed\/ndfTwRXl6Gc?feature=oembed\" frameborder=\"0\" allow=\"accelerometer; autoplay; clipboard-write; encrypted-media; gyroscope; picture-in-picture; web-share\" referrerpolicy=\"strict-origin-when-cross-origin\" allowfullscreen><\/iframe><\/div>\n<h3><strong>Laserdurchmesser Anwendbarer Vorteil<\/strong><\/h3>\n<p>1. <strong>\u00dcberwindung der Grenzen der \u201cBlindpr\u00fcfung\u201d: Erreichen einer echten 100%-Vollpr\u00fcfung<\/strong><br \/>\nDie Messungen werden gleichzeitig w\u00e4hrend der Produktion in der Extrusionslinie vorgenommen und decken 100% der gesamten Rolle mit Verbrauchsmaterial ab. Jede abrupte \u00c4nderung oder jeder allm\u00e4hliche \u00dcbergang des Durchmessers wird genau erkannt, wodurch verhindert wird, dass fehlerhafte Produkte auf den Markt kommen.<\/p>\n<p><strong>2. \u00c4u\u00dferst hohe Pr\u00e4zision und Aufl\u00f6sung<\/strong><br \/>\nDie Genauigkeit von Durchmessermessger\u00e4ten liegt in der Regel im Bereich von \u00b10,001 mm bis \u00b10,003 mm, mit einer Aufl\u00f6sung von 0,0001 mm. Diese Messgenauigkeit im Mikrometerbereich ist f\u00fcr handgef\u00fchrte Werkzeuge absolut unm\u00f6glich zu erreichen.<\/p>\n<p>3.<strong>Verkettete Extruder zur gemeinsamen Nutzung<\/strong><br \/>\nDas Durchmessermessger\u00e4t kann \u00fcber Kommunikationsprotokolle (RS485\/Modbus) direkt an die SPS des Extruders oder den Frequenzumrichter der Zugmaschine angeschlossen werden. Wenn das Messger\u00e4t einen zu gro\u00dfen Durchmesser feststellt, nimmt es automatisch eine Feinabstimmung vor und erh\u00f6ht die Fahrgeschwindigkeit; wenn es einen zu kleinen Durchmesser feststellt, verringert es automatisch die Fahrgeschwindigkeit.<\/p>\n<p>4. <strong>\u201cDie \u201dber\u00fchrungslose\" Messung sch\u00fctzt Verbrauchsmaterialien und Ger\u00e4te.<\/strong><br \/>\nBei der Laserabtastung m\u00fcssen die Verbrauchsmaterialien nicht mit mechanischen Teilen in Ber\u00fchrung kommen. Dadurch werden Kratzer auf der Oberfl\u00e4che des Verbrauchsmaterials (zum Schutz seines Glanzes) vermieden und die Messergebnisse nicht durch Spannung oder Reibung beeintr\u00e4chtigt.<\/p>","protected":false},"excerpt":{"rendered":"<div>\n<p>Die Maschine verf\u00fcgt \u00fcber eine Alarmfunktion. Sie k\u00f6nnen einen Bereich festlegen, und wenn dieser Bereich \u00fcberschritten wird (\u00b1 Toleranz), ert\u00f6nt ein Alarm, der das Produktionsteam auf die Anomalie aufmerksam macht. Die Echtzeitwerte werden an den Extruder oder die Zugmaschine zur\u00fcckgemeldet, die dann automatisch ihre Geschwindigkeit anpassen. Ist der gemessene Durchmesser zu gro\u00df, wird die Extrudergeschwindigkeit automatisch erh\u00f6ht; ist der gemessene Durchmesser zu klein, wird die Extrudergeschwindigkeit automatisch verringert. Das System kann auch so eingestellt werden, dass es automatisch stoppt, wenn der Abweichungswert \u00fcberschritten wird.<\/p>\n<\/div>","protected":false},"featured_media":32946,"template":"","meta":{"site-sidebar-layout":"default","site-content-layout":"default","ast-global-header-display":"","ast-banner-title-visibility":"","ast-main-header-display":"","ast-hfb-above-header-display":"","ast-hfb-below-header-display":"","ast-hfb-mobile-header-display":"","site-post-title":"","ast-breadcrumbs-content":"","ast-featured-img":"","footer-sml-layout":"","theme-transparent-header-meta":"default","adv-header-id-meta":"","stick-header-meta":"","header-above-stick-meta":"","header-main-stick-meta":"","header-below-stick-meta":""},"product_brand":[],"product_cat":[148,142],"product_tag":[],"class_list":{"0":"post-32944","1":"product","2":"type-product","3":"status-publish","4":"has-post-thumbnail","6":"product_cat-laser-measurement","7":"product_cat-dual-aixs-laser-diameter-gauge","8":"desktop-align-left","9":"tablet-align-left","10":"mobile-align-left","12":"first","13":"instock","14":"shipping-taxable","15":"product-type-simple"},"yoast_head":"<!-- This site is optimized with the Yoast SEO Premium plugin v20.12 (Yoast SEO v26.0) - https:\/\/yoast.com\/wordpress\/plugins\/seo\/ -->\n<title>15XY Dual-Axis Laser Diameter Gauge For A 1.75mm 3D Filament Line - QiPang<\/title>\n<meta name=\"robots\" content=\"index, follow, max-snippet:-1, max-image-preview:large, max-video-preview:-1\" \/>\n<link rel=\"canonical\" href=\"https:\/\/rollingringdrives.com\/de\/produkt\/15xy-dual-axis-laser-diameter-gauge-for-a-1-75mm-3d-filament-line\/\" \/>\n<meta property=\"og:locale\" content=\"de_DE\" \/>\n<meta property=\"og:type\" content=\"article\" \/>\n<meta property=\"og:title\" content=\"15XY Dual-Axis Laser Diameter Gauge For A 1.75mm 3D Filament Line\" \/>\n<meta property=\"og:description\" content=\"The machine has an alarm function. You can set a range, and if the range is exceeded (\u00b1 tolerance), an alarm will sound, alerting the production team to the abnormality. Real-time values \u200b\u200bare fed back to the extruder or traction machine, which will automatically adjust its speed. If the measured diameter is too high, the extruder speed will automatically increase; if the measured diameter is too low, the extruder speed will automatically decrease. It can also be set to automatically stop when the deviation value is exceeded.\" \/>\n<meta property=\"og:url\" content=\"https:\/\/rollingringdrives.com\/de\/produkt\/15xy-dual-axis-laser-diameter-gauge-for-a-1-75mm-3d-filament-line\/\" \/>\n<meta property=\"og:site_name\" content=\"QiPang\" \/>\n<meta property=\"article:modified_time\" content=\"2026-04-18T02:53:13+00:00\" \/>\n<meta name=\"twitter:card\" content=\"summary_large_image\" \/>\n<meta name=\"twitter:label1\" content=\"Gesch\u00e4tzte Lesezeit\" \/>\n\t<meta name=\"twitter:data1\" content=\"2\u00a0Minuten\" \/>\n<script type=\"application\/ld+json\" class=\"yoast-schema-graph\">{\"@context\":\"https:\/\/schema.org\",\"@graph\":[{\"@type\":\"WebPage\",\"@id\":\"https:\/\/rollingringdrives.com\/product\/15xy-dual-axis-laser-diameter-gauge-for-a-1-75mm-3d-filament-line\/\",\"url\":\"https:\/\/rollingringdrives.com\/product\/15xy-dual-axis-laser-diameter-gauge-for-a-1-75mm-3d-filament-line\/\",\"name\":\"15XY Dual-Axis Laser Diameter Gauge For A 1.75mm 3D Filament Line - QiPang\",\"isPartOf\":{\"@id\":\"https:\/\/rollingringdrives.com\/#website\"},\"primaryImageOfPage\":{\"@id\":\"https:\/\/rollingringdrives.com\/product\/15xy-dual-axis-laser-diameter-gauge-for-a-1-75mm-3d-filament-line\/#primaryimage\"},\"image\":{\"@id\":\"https:\/\/rollingringdrives.com\/product\/15xy-dual-axis-laser-diameter-gauge-for-a-1-75mm-3d-filament-line\/#primaryimage\"},\"thumbnailUrl\":\"https:\/\/rollingringdrives.com\/wp-content\/uploads\/2026\/04\/laser-diameter-gauge.avif\",\"datePublished\":\"2026-04-18T02:53:12+00:00\",\"dateModified\":\"2026-04-18T02:53:13+00:00\",\"breadcrumb\":{\"@id\":\"https:\/\/rollingringdrives.com\/product\/15xy-dual-axis-laser-diameter-gauge-for-a-1-75mm-3d-filament-line\/#breadcrumb\"},\"inLanguage\":\"de\",\"potentialAction\":[{\"@type\":\"ReadAction\",\"target\":[\"https:\/\/rollingringdrives.com\/product\/15xy-dual-axis-laser-diameter-gauge-for-a-1-75mm-3d-filament-line\/\"]}]},{\"@type\":\"ImageObject\",\"inLanguage\":\"de\",\"@id\":\"https:\/\/rollingringdrives.com\/product\/15xy-dual-axis-laser-diameter-gauge-for-a-1-75mm-3d-filament-line\/#primaryimage\",\"url\":\"https:\/\/rollingringdrives.com\/wp-content\/uploads\/2026\/04\/laser-diameter-gauge.avif\",\"contentUrl\":\"https:\/\/rollingringdrives.com\/wp-content\/uploads\/2026\/04\/laser-diameter-gauge.avif\",\"width\":1000,\"height\":1000,\"caption\":\"laser diameter gauge\"},{\"@type\":\"BreadcrumbList\",\"@id\":\"https:\/\/rollingringdrives.com\/product\/15xy-dual-axis-laser-diameter-gauge-for-a-1-75mm-3d-filament-line\/#breadcrumb\",\"itemListElement\":[{\"@type\":\"ListItem\",\"position\":1,\"name\":\"Home\",\"item\":\"https:\/\/rollingringdrives.com\/\"},{\"@type\":\"ListItem\",\"position\":2,\"name\":\"Machines\",\"item\":\"https:\/\/rollingringdrives.com\/machines\/\"},{\"@type\":\"ListItem\",\"position\":3,\"name\":\"15XY Dual-Axis Laser Diameter Gauge For A 1.75mm 3D Filament Line\"}]},{\"@type\":\"WebSite\",\"@id\":\"https:\/\/rollingringdrives.com\/#website\",\"url\":\"https:\/\/rollingringdrives.com\/\",\"name\":\"QiPang\",\"description\":\"QiPang Blog\",\"publisher\":{\"@id\":\"https:\/\/rollingringdrives.com\/#organization\"},\"potentialAction\":[{\"@type\":\"SearchAction\",\"target\":{\"@type\":\"EntryPoint\",\"urlTemplate\":\"https:\/\/rollingringdrives.com\/?s={search_term_string}\"},\"query-input\":{\"@type\":\"PropertyValueSpecification\",\"valueRequired\":true,\"valueName\":\"search_term_string\"}}],\"inLanguage\":\"de\"},{\"@type\":\"Organization\",\"@id\":\"https:\/\/rollingringdrives.com\/#organization\",\"name\":\"QiPang\",\"url\":\"https:\/\/rollingringdrives.com\/\",\"logo\":{\"@type\":\"ImageObject\",\"inLanguage\":\"de\",\"@id\":\"https:\/\/rollingringdrives.com\/#\/schema\/logo\/image\/\",\"url\":\"https:\/\/rollingringdrives.com\/wp-content\/uploads\/2023\/05\/cropped-\u672a\u547d\u540d\u7684\u8bbe\u8ba1.png\",\"contentUrl\":\"https:\/\/rollingringdrives.com\/wp-content\/uploads\/2023\/05\/cropped-\u672a\u547d\u540d\u7684\u8bbe\u8ba1.png\",\"width\":300,\"height\":191,\"caption\":\"QiPang\"},\"image\":{\"@id\":\"https:\/\/rollingringdrives.com\/#\/schema\/logo\/image\/\"}}]}<\/script>\n<!-- \/ Yoast SEO Premium plugin. -->","yoast_head_json":{"title":"15XY Zwei-Achsen-Laser-Durchmesser-Messger\u00e4t f\u00fcr eine 1,75mm 3D-Filament-Linie - QiPang","robots":{"index":"index","follow":"follow","max-snippet":"max-snippet:-1","max-image-preview":"max-image-preview:large","max-video-preview":"max-video-preview:-1"},"canonical":"https:\/\/rollingringdrives.com\/de\/produkt\/15xy-dual-axis-laser-diameter-gauge-for-a-1-75mm-3d-filament-line\/","og_locale":"de_DE","og_type":"article","og_title":"15XY Dual-Axis Laser Diameter Gauge For A 1.75mm 3D Filament Line","og_description":"The machine has an alarm function. You can set a range, and if the range is exceeded (\u00b1 tolerance), an alarm will sound, alerting the production team to the abnormality. Real-time values \u200b\u200bare fed back to the extruder or traction machine, which will automatically adjust its speed. If the measured diameter is too high, the extruder speed will automatically increase; if the measured diameter is too low, the extruder speed will automatically decrease. It can also be set to automatically stop when the deviation value is exceeded.","og_url":"https:\/\/rollingringdrives.com\/de\/produkt\/15xy-dual-axis-laser-diameter-gauge-for-a-1-75mm-3d-filament-line\/","og_site_name":"QiPang","article_modified_time":"2026-04-18T02:53:13+00:00","twitter_card":"summary_large_image","twitter_misc":{"Gesch\u00e4tzte Lesezeit":"2\u00a0Minuten"},"schema":{"@context":"https:\/\/schema.org","@graph":[{"@type":"WebPage","@id":"https:\/\/rollingringdrives.com\/product\/15xy-dual-axis-laser-diameter-gauge-for-a-1-75mm-3d-filament-line\/","url":"https:\/\/rollingringdrives.com\/product\/15xy-dual-axis-laser-diameter-gauge-for-a-1-75mm-3d-filament-line\/","name":"15XY Zwei-Achsen-Laser-Durchmesser-Messger\u00e4t f\u00fcr eine 1,75mm 3D-Filament-Linie - QiPang","isPartOf":{"@id":"https:\/\/rollingringdrives.com\/#website"},"primaryImageOfPage":{"@id":"https:\/\/rollingringdrives.com\/product\/15xy-dual-axis-laser-diameter-gauge-for-a-1-75mm-3d-filament-line\/#primaryimage"},"image":{"@id":"https:\/\/rollingringdrives.com\/product\/15xy-dual-axis-laser-diameter-gauge-for-a-1-75mm-3d-filament-line\/#primaryimage"},"thumbnailUrl":"https:\/\/rollingringdrives.com\/wp-content\/uploads\/2026\/04\/laser-diameter-gauge.avif","datePublished":"2026-04-18T02:53:12+00:00","dateModified":"2026-04-18T02:53:13+00:00","breadcrumb":{"@id":"https:\/\/rollingringdrives.com\/product\/15xy-dual-axis-laser-diameter-gauge-for-a-1-75mm-3d-filament-line\/#breadcrumb"},"inLanguage":"de","potentialAction":[{"@type":"ReadAction","target":["https:\/\/rollingringdrives.com\/product\/15xy-dual-axis-laser-diameter-gauge-for-a-1-75mm-3d-filament-line\/"]}]},{"@type":"ImageObject","inLanguage":"de","@id":"https:\/\/rollingringdrives.com\/product\/15xy-dual-axis-laser-diameter-gauge-for-a-1-75mm-3d-filament-line\/#primaryimage","url":"https:\/\/rollingringdrives.com\/wp-content\/uploads\/2026\/04\/laser-diameter-gauge.avif","contentUrl":"https:\/\/rollingringdrives.com\/wp-content\/uploads\/2026\/04\/laser-diameter-gauge.avif","width":1000,"height":1000,"caption":"laser diameter gauge"},{"@type":"BreadcrumbList","@id":"https:\/\/rollingringdrives.com\/product\/15xy-dual-axis-laser-diameter-gauge-for-a-1-75mm-3d-filament-line\/#breadcrumb","itemListElement":[{"@type":"ListItem","position":1,"name":"Home","item":"https:\/\/rollingringdrives.com\/"},{"@type":"ListItem","position":2,"name":"Machines","item":"https:\/\/rollingringdrives.com\/machines\/"},{"@type":"ListItem","position":3,"name":"15XY Dual-Axis Laser Diameter Gauge For A 1.75mm 3D Filament Line"}]},{"@type":"WebSite","@id":"https:\/\/rollingringdrives.com\/#website","url":"https:\/\/rollingringdrives.com\/","name":"QiPang","description":"QiPang-Blog","publisher":{"@id":"https:\/\/rollingringdrives.com\/#organization"},"potentialAction":[{"@type":"SearchAction","target":{"@type":"EntryPoint","urlTemplate":"https:\/\/rollingringdrives.com\/?s={search_term_string}"},"query-input":{"@type":"PropertyValueSpecification","valueRequired":true,"valueName":"search_term_string"}}],"inLanguage":"de"},{"@type":"Organization","@id":"https:\/\/rollingringdrives.com\/#organization","name":"QiPang","url":"https:\/\/rollingringdrives.com\/","logo":{"@type":"ImageObject","inLanguage":"de","@id":"https:\/\/rollingringdrives.com\/#\/schema\/logo\/image\/","url":"https:\/\/rollingringdrives.com\/wp-content\/uploads\/2023\/05\/cropped-\u672a\u547d\u540d\u7684\u8bbe\u8ba1.png","contentUrl":"https:\/\/rollingringdrives.com\/wp-content\/uploads\/2023\/05\/cropped-\u672a\u547d\u540d\u7684\u8bbe\u8ba1.png","width":300,"height":191,"caption":"QiPang"},"image":{"@id":"https:\/\/rollingringdrives.com\/#\/schema\/logo\/image\/"}}]}},"_links":{"self":[{"href":"https:\/\/rollingringdrives.com\/de\/wp-json\/wp\/v2\/product\/32944","targetHints":{"allow":["GET"]}}],"collection":[{"href":"https:\/\/rollingringdrives.com\/de\/wp-json\/wp\/v2\/product"}],"about":[{"href":"https:\/\/rollingringdrives.com\/de\/wp-json\/wp\/v2\/types\/product"}],"version-history":[{"count":0,"href":"https:\/\/rollingringdrives.com\/de\/wp-json\/wp\/v2\/product\/32944\/revisions"}],"wp:featuredmedia":[{"embeddable":true,"href":"https:\/\/rollingringdrives.com\/de\/wp-json\/wp\/v2\/media\/32946"}],"wp:attachment":[{"href":"https:\/\/rollingringdrives.com\/de\/wp-json\/wp\/v2\/media?parent=32944"}],"wp:term":[{"taxonomy":"product_brand","embeddable":true,"href":"https:\/\/rollingringdrives.com\/de\/wp-json\/wp\/v2\/product_brand?post=32944"},{"taxonomy":"product_cat","embeddable":true,"href":"https:\/\/rollingringdrives.com\/de\/wp-json\/wp\/v2\/product_cat?post=32944"},{"taxonomy":"product_tag","embeddable":true,"href":"https:\/\/rollingringdrives.com\/de\/wp-json\/wp\/v2\/product_tag?post=32944"}],"curies":[{"name":"wp","href":"https:\/\/api.w.org\/{rel}","templated":true}]}}