{"id":25289,"date":"2023-05-15T03:52:06","date_gmt":"2023-05-15T03:52:06","guid":{"rendered":"https:\/\/rollingringdrives.com\/?post_type=product&#038;p=25289"},"modified":"2024-07-23T10:42:24","modified_gmt":"2024-07-23T10:42:24","slug":"rolling-ring-drive-for-15mm-diameter-shaft-model-gp3-15-gp15","status":"publish","type":"product","link":"https:\/\/rollingringdrives.com\/es\/producto\/accionamiento-de-anillo-rodante-para-eje-de-15mm-de-diametro-modelo-gp3-15-gp15\/","title":{"rendered":"Accionamiento de anillo rodante para eje de 15 mm de di\u00e1metro modelo GP3-15\/GP15"},"content":{"rendered":"<h2>Unidad transversal modelo GP3-15\/GP15<\/h2>\n<p>El <strong>Unidad de anillo rodante<\/strong> est\u00e1 dise\u00f1ado para proporcionar movimiento lineal a un <strong>eje de 15 mm de di\u00e1metro<\/strong>. Este accionamiento puede ofrecer un movimiento lineal eficiente y preciso con un empuje lateral m\u00e1ximo de 9 kg y un paso m\u00e1ximo de 10 mm. El producto ha sido construido con materiales de calidad para garantizar su durabilidad y fiabilidad.<\/p>\n<div id=\"footable_parent_25293\"\n         class=\"footable_parent ninja_table_wrapper loading_ninja_table wp_table_data_press_parent semantic_ui\">\n                <table data-ninja_table_instance=\"ninja_table_instance_0\" data-footable_id=\"25293\" data-filter-delay=\"1000\" aria-label=\"1 archivo XLSX22 \u5de5\u4f5c\u8868 (2).csv\"            id=\"footable_25293\"\n           data-unique_identifier=\"ninja_table_unique_id_798547630_25293\"\n           class=\"foo-table ninja_footable foo_table_25293 ninja_table_unique_id_798547630_25293 ui table  nt_type_legacy_table selectable striped vertical_centered  footable-paging-right ninja_table_search_disabled ninja_table_pro\">\n                <colgroup>\n                            <col class=\"ninja_column_0\">\n                            <col class=\"ninja_column_1\">\n                    <\/colgroup>\n        <thead>\n<tr class=\"footable-header\">\n                                        <th scope=\"col\"  class=\"ninja_column_0 ninja_clmn_nm_specification\">Especificaci\u00f3n<\/th><th scope=\"col\"  class=\"ninja_column_1 ninja_clmn_nm_value\">Valor<\/th><\/tr>\n<\/thead>\n<tbody>\n\n        <tr data-row_id=\"1\" class=\"ninja_table_row_0 nt_row_id_1\">\n            <td>N\u00famero de anillos rodantes<\/td><td>3<\/td>        <\/tr>\n            <tr data-row_id=\"2\" class=\"ninja_table_row_1 nt_row_id_2\">\n            <td>Empuje lateral m\u00e1ximo<\/td><td>9Kg \/ 90N<\/td>        <\/tr>\n            <tr data-row_id=\"3\" class=\"ninja_table_row_2 nt_row_id_3\">\n            <td>Paso m\u00e1ximo<\/td><td>10mm<\/td>        <\/tr>\n            <tr data-row_id=\"4\" class=\"ninja_table_row_3 nt_row_id_4\">\n            <td>Velocidad m\u00e1xima del eje<\/td><td>2000 RPM<\/td>        <\/tr>\n            <tr data-row_id=\"5\" class=\"ninja_table_row_4 nt_row_id_5\">\n            <td>Velocidad lineal m\u00e1xima<\/td><td>19 metros \/ minuto<\/td>        <\/tr>\n            <tr data-row_id=\"6\" class=\"ninja_table_row_5 nt_row_id_6\">\n            <td>Peso<\/td><td>0,9 kg<\/td>        <\/tr>\n            <tr data-row_id=\"7\" class=\"ninja_table_row_6 nt_row_id_7\">\n            <td>Par motor<\/td><td>0,3 kg cm<\/td>        <\/tr>\n    <\/tbody><!--ninja_tobody_rendering_done-->\n    <\/table>\n    \n    \n    \n<\/div>\n\n<figure id=\"attachment_27219\" aria-describedby=\"caption-attachment-27219\" style=\"width: 1024px\" class=\"wp-caption alignnone\"><img fetchpriority=\"high\" decoding=\"async\" class=\"wp-image-27219 size-large\" src=\"https:\/\/rollingringdrives.com\/wp-content\/uploads\/2023\/05\/15\u5916\u5f62\u5c3a\u5bf8_00-1024x724.png\" alt=\"Dibujo dimensional de la unidad transversal modelo GP3-15\/GP15\" width=\"1024\" height=\"724\" srcset=\"https:\/\/rollingringdrives.com\/wp-content\/uploads\/2023\/05\/15\u5916\u5f62\u5c3a\u5bf8_00-1024x724.png 1024w, https:\/\/rollingringdrives.com\/wp-content\/uploads\/2023\/05\/15\u5916\u5f62\u5c3a\u5bf8_00-300x212.png 300w, https:\/\/rollingringdrives.com\/wp-content\/uploads\/2023\/05\/15\u5916\u5f62\u5c3a\u5bf8_00-768x543.png 768w, https:\/\/rollingringdrives.com\/wp-content\/uploads\/2023\/05\/15\u5916\u5f62\u5c3a\u5bf8_00-1536x1086.png 1536w, https:\/\/rollingringdrives.com\/wp-content\/uploads\/2023\/05\/15\u5916\u5f62\u5c3a\u5bf8_00-2048x1448.png 2048w, https:\/\/rollingringdrives.com\/wp-content\/uploads\/2023\/05\/15\u5916\u5f62\u5c3a\u5bf8_00-600x424.png 600w\" sizes=\"(max-width: 1024px) 100vw, 1024px\" \/><figcaption id=\"caption-attachment-27219\" class=\"wp-caption-text\">Dibujo dimensional de la unidad transversal modelo GP3-15\/GP15<\/figcaption><\/figure>\n<p><a href=\"https:\/\/rollingringdrives.com\/wp-content\/uploads\/2023\/05\/Instruction-manual.pdf\" target=\"_blank\" rel=\"noopener\">Descargar manual\u2193<\/a><br \/>\n<a name=\"applications_1\"><\/a><a id=\"applications_1\"><\/a><a name=\"applications\"><\/a><\/p>\n<h2 id=\"applications_1\" data-source-line=\"2\" data-source-line-display=\"true\">Aplicaciones:<\/h2>\n<p data-source-line=\"4\" data-source-line-display=\"true\">El Rolling Ring Drive es una soluci\u00f3n ideal para muchas aplicaciones de movimiento lineal. Se puede utilizar en equipos m\u00e9dicos y de laboratorio, maquinaria de embalaje, maquinaria de impresi\u00f3n y otros equipos industriales que requieren un movimiento lineal preciso.<\/p>\n<p><a name=\"faqs_2\"><\/a><a id=\"faqs_2\"><\/a><a name=\"faqs\"><\/a><a id=\"faqs\"><\/a><\/p>\n<h2 id=\"faqs_2\" data-source-line=\"6\" data-source-line-display=\"true\">Preguntas frecuentes:<\/h2>\n<p data-source-line=\"8\" data-source-line-display=\"true\"><strong>1. \u00bfCu\u00e1l es el paso m\u00e1ximo de la unidad transversal?<\/strong><br \/>\nEl paso m\u00e1ximo de la unidad transversal del anillo rodante es de 10 mm.<\/p>\n<p data-source-line=\"11\" data-source-line-display=\"true\"><strong>2. \u00bfPuede la unidad de anillo rodante funcionar con un eje de menos de 15 mm de di\u00e1metro?<\/strong><br \/>\nNo, la unidad transversal de anillo rodante est\u00e1 dise\u00f1ada espec\u00edficamente para usarse con un eje de 15 mm de di\u00e1metro.<\/p>\n<p data-source-line=\"14\" data-source-line-display=\"true\"><strong>3. \u00bfCu\u00e1l es el empuje lateral m\u00e1ximo de la unidad transversal del anillo rodante?<\/strong><br \/>\nEl empuje lateral m\u00e1ximo de la Unidad transversal es de 9 kg.<\/p>\n<p data-source-line=\"17\" data-source-line-display=\"true\"><strong>4. \u00bfCu\u00e1l es la velocidad lineal m\u00e1xima del mecanismo de anillo rodante?<\/strong><br \/>\nLa velocidad lineal m\u00e1xima del Rolling Ring Drive es de 19 metros por minuto.<\/p>\n<p data-source-line=\"20\" data-source-line-display=\"true\"><strong>5. \u00bfCu\u00e1l es el peso de la unidad transversal?<\/strong><br \/>\nEl pesa s\u00f3lo 0,9 Kg.<\/p>","protected":false},"excerpt":{"rendered":"<h2 id=\"features_2\" class=\"xsj_heading_hash xsj_heading xsj_heading_h2\" data-source-line=\"6\" data-source-line-display=\"true\"><span class=\"xsj_heading_content\">Caracter\u00edsticas:<\/span><\/h2>\n<ol>\n<li class=\"xsj_paragraph xsj_paragraph_level_0\" data-source-line=\"8\" data-source-line-display=\"true\">Tres anillos de rodadura para mayor estabilidad y precisi\u00f3n en el movimiento lineal;<\/li>\n<li class=\"xsj_paragraph xsj_paragraph_level_0\" data-source-line=\"10\" data-source-line-display=\"true\">Empuje lateral m\u00e1ximo de 9 Kg y paso m\u00e1ximo de 10 mm;<\/li>\n<li class=\"xsj_paragraph xsj_paragraph_level_0\" data-source-line=\"12\" data-source-line-display=\"true\">Capaz de generar movimiento lineal a una velocidad m\u00e1xima de 19 metros por minuto;<\/li>\n<li class=\"xsj_paragraph xsj_paragraph_level_0\" data-source-line=\"14\" data-source-line-display=\"true\">Par motor de 0,3 Kg Cm;<\/li>\n<li class=\"xsj_paragraph xsj_paragraph_level_0\" data-source-line=\"16\" data-source-line-display=\"true\">Dise\u00f1o liviano, con un peso de solo 0,9 Kg;<\/li>\n<\/ol>","protected":false},"featured_media":31596,"template":"","meta":{"site-sidebar-layout":"no-sidebar","site-content-layout":"page-builder","ast-global-header-display":"","ast-banner-title-visibility":"","ast-main-header-display":"","ast-hfb-above-header-display":"","ast-hfb-below-header-display":"","ast-hfb-mobile-header-display":"","site-post-title":"disabled","ast-breadcrumbs-content":"","ast-featured-img":"disabled","footer-sml-layout":"","theme-transparent-header-meta":"default","adv-header-id-meta":"","stick-header-meta":"","header-above-stick-meta":"","header-main-stick-meta":"","header-below-stick-meta":""},"product_brand":[],"product_cat":[34,35],"product_tag":[],"class_list":{"0":"post-25289","1":"product","2":"type-product","3":"status-publish","4":"has-post-thumbnail","6":"product_cat-rolling-ring-drive","7":"product_cat-a-type","8":"desktop-align-left","9":"tablet-align-left","10":"mobile-align-left","12":"first","13":"instock","14":"shipping-taxable","15":"product-type-simple"},"yoast_head":"<!-- This site is optimized with the Yoast SEO Premium plugin v20.12 (Yoast SEO v26.0) - https:\/\/yoast.com\/wordpress\/plugins\/seo\/ -->\n<title>Rolling Ring Drive for 15mm Diameter Shaft Model GP3-15\/GP15 - QiPang<\/title>\n<meta name=\"description\" content=\"Upgrade your linear motion system with our highly efficient Rolling Ring Drive for a 15mm Diameter Shaft. Get yours today!\" \/>\n<meta name=\"robots\" content=\"index, follow, max-snippet:-1, max-image-preview:large, max-video-preview:-1\" \/>\n<link rel=\"canonical\" href=\"https:\/\/rollingringdrives.com\/es\/producto\/accionamiento-de-anillo-rodante-para-eje-de-15mm-de-diametro-modelo-gp3-15-gp15\/\" \/>\n<meta property=\"og:locale\" content=\"es_MX\" \/>\n<meta property=\"og:type\" content=\"article\" \/>\n<meta property=\"og:title\" content=\"Rolling Ring Drive for 15mm Diameter Shaft Model GP3-15\/GP15\" \/>\n<meta property=\"og:description\" content=\"Upgrade your linear motion system with our highly efficient Rolling Ring Drive for a 15mm Diameter Shaft. Get yours today!\" \/>\n<meta property=\"og:url\" content=\"https:\/\/rollingringdrives.com\/es\/producto\/accionamiento-de-anillo-rodante-para-eje-de-15mm-de-diametro-modelo-gp3-15-gp15\/\" \/>\n<meta property=\"og:site_name\" content=\"QiPang\" \/>\n<meta property=\"article:modified_time\" content=\"2024-07-23T10:42:24+00:00\" \/>\n<meta property=\"og:image\" content=\"https:\/\/rollingringdrives.com\/wp-content\/uploads\/2023\/05\/600\u56fe.png\" \/>\n\t<meta property=\"og:image:width\" content=\"600\" \/>\n\t<meta property=\"og:image:height\" content=\"600\" \/>\n\t<meta property=\"og:image:type\" content=\"image\/png\" \/>\n<meta name=\"twitter:card\" content=\"summary_large_image\" \/>\n<meta name=\"twitter:label1\" content=\"Tiempo de lectura\" \/>\n\t<meta name=\"twitter:data1\" content=\"2 minutos\" \/>\n<script type=\"application\/ld+json\" class=\"yoast-schema-graph\">{\"@context\":\"https:\/\/schema.org\",\"@graph\":[{\"@type\":\"WebPage\",\"@id\":\"https:\/\/rollingringdrives.com\/product\/rolling-ring-drive-for-15mm-diameter-shaft-model-gp3-15-gp15\/\",\"url\":\"https:\/\/rollingringdrives.com\/product\/rolling-ring-drive-for-15mm-diameter-shaft-model-gp3-15-gp15\/\",\"name\":\"Rolling Ring Drive for 15mm Diameter Shaft Model GP3-15\/GP15 - QiPang\",\"isPartOf\":{\"@id\":\"https:\/\/rollingringdrives.com\/#website\"},\"primaryImageOfPage\":{\"@id\":\"https:\/\/rollingringdrives.com\/product\/rolling-ring-drive-for-15mm-diameter-shaft-model-gp3-15-gp15\/#primaryimage\"},\"image\":{\"@id\":\"https:\/\/rollingringdrives.com\/product\/rolling-ring-drive-for-15mm-diameter-shaft-model-gp3-15-gp15\/#primaryimage\"},\"thumbnailUrl\":\"https:\/\/rollingringdrives.com\/wp-content\/uploads\/2023\/05\/600\u56fe.png\",\"datePublished\":\"2023-05-15T03:52:06+00:00\",\"dateModified\":\"2024-07-23T10:42:24+00:00\",\"description\":\"Upgrade your linear motion system with our highly efficient Rolling Ring Drive for a 15mm Diameter Shaft. Get yours today!\",\"breadcrumb\":{\"@id\":\"https:\/\/rollingringdrives.com\/product\/rolling-ring-drive-for-15mm-diameter-shaft-model-gp3-15-gp15\/#breadcrumb\"},\"inLanguage\":\"es\",\"potentialAction\":[{\"@type\":\"ReadAction\",\"target\":[\"https:\/\/rollingringdrives.com\/product\/rolling-ring-drive-for-15mm-diameter-shaft-model-gp3-15-gp15\/\"]}]},{\"@type\":\"ImageObject\",\"inLanguage\":\"es\",\"@id\":\"https:\/\/rollingringdrives.com\/product\/rolling-ring-drive-for-15mm-diameter-shaft-model-gp3-15-gp15\/#primaryimage\",\"url\":\"https:\/\/rollingringdrives.com\/wp-content\/uploads\/2023\/05\/600\u56fe.png\",\"contentUrl\":\"https:\/\/rollingringdrives.com\/wp-content\/uploads\/2023\/05\/600\u56fe.png\",\"width\":600,\"height\":600},{\"@type\":\"BreadcrumbList\",\"@id\":\"https:\/\/rollingringdrives.com\/product\/rolling-ring-drive-for-15mm-diameter-shaft-model-gp3-15-gp15\/#breadcrumb\",\"itemListElement\":[{\"@type\":\"ListItem\",\"position\":1,\"name\":\"Home\",\"item\":\"https:\/\/rollingringdrives.com\/\"},{\"@type\":\"ListItem\",\"position\":2,\"name\":\"Machines\",\"item\":\"https:\/\/rollingringdrives.com\/machines\/\"},{\"@type\":\"ListItem\",\"position\":3,\"name\":\"Rolling Ring Drive for 15mm Diameter Shaft Model GP3-15\/GP15\"}]},{\"@type\":\"WebSite\",\"@id\":\"https:\/\/rollingringdrives.com\/#website\",\"url\":\"https:\/\/rollingringdrives.com\/\",\"name\":\"QiPang\",\"description\":\"QiPang Blog\",\"publisher\":{\"@id\":\"https:\/\/rollingringdrives.com\/#organization\"},\"potentialAction\":[{\"@type\":\"SearchAction\",\"target\":{\"@type\":\"EntryPoint\",\"urlTemplate\":\"https:\/\/rollingringdrives.com\/?s={search_term_string}\"},\"query-input\":{\"@type\":\"PropertyValueSpecification\",\"valueRequired\":true,\"valueName\":\"search_term_string\"}}],\"inLanguage\":\"es\"},{\"@type\":\"Organization\",\"@id\":\"https:\/\/rollingringdrives.com\/#organization\",\"name\":\"QiPang\",\"url\":\"https:\/\/rollingringdrives.com\/\",\"logo\":{\"@type\":\"ImageObject\",\"inLanguage\":\"es\",\"@id\":\"https:\/\/rollingringdrives.com\/#\/schema\/logo\/image\/\",\"url\":\"https:\/\/rollingringdrives.com\/wp-content\/uploads\/2023\/05\/cropped-\u672a\u547d\u540d\u7684\u8bbe\u8ba1.png\",\"contentUrl\":\"https:\/\/rollingringdrives.com\/wp-content\/uploads\/2023\/05\/cropped-\u672a\u547d\u540d\u7684\u8bbe\u8ba1.png\",\"width\":300,\"height\":191,\"caption\":\"QiPang\"},\"image\":{\"@id\":\"https:\/\/rollingringdrives.com\/#\/schema\/logo\/image\/\"}}]}<\/script>\n<!-- \/ Yoast SEO Premium plugin. -->","yoast_head_json":{"title":"Unidad de anillo rodante para eje de 15 mm de di\u00e1metro modelo GP3-15\/GP15 - QiPang","description":"Actualice su sistema de movimiento lineal con nuestra unidad de anillo rodante altamente eficiente para un eje de 15 mm de di\u00e1metro. \u00a1Consigue el tuyo hoy!","robots":{"index":"index","follow":"follow","max-snippet":"max-snippet:-1","max-image-preview":"max-image-preview:large","max-video-preview":"max-video-preview:-1"},"canonical":"https:\/\/rollingringdrives.com\/es\/producto\/accionamiento-de-anillo-rodante-para-eje-de-15mm-de-diametro-modelo-gp3-15-gp15\/","og_locale":"es_MX","og_type":"article","og_title":"Rolling Ring Drive for 15mm Diameter Shaft Model GP3-15\/GP15","og_description":"Upgrade your linear motion system with our highly efficient Rolling Ring Drive for a 15mm Diameter Shaft. Get yours today!","og_url":"https:\/\/rollingringdrives.com\/es\/producto\/accionamiento-de-anillo-rodante-para-eje-de-15mm-de-diametro-modelo-gp3-15-gp15\/","og_site_name":"QiPang","article_modified_time":"2024-07-23T10:42:24+00:00","og_image":[{"width":600,"height":600,"url":"https:\/\/rollingringdrives.com\/wp-content\/uploads\/2023\/05\/600\u56fe.png","type":"image\/png"}],"twitter_card":"summary_large_image","twitter_misc":{"Tiempo de lectura":"2 minutos"},"schema":{"@context":"https:\/\/schema.org","@graph":[{"@type":"WebPage","@id":"https:\/\/rollingringdrives.com\/product\/rolling-ring-drive-for-15mm-diameter-shaft-model-gp3-15-gp15\/","url":"https:\/\/rollingringdrives.com\/product\/rolling-ring-drive-for-15mm-diameter-shaft-model-gp3-15-gp15\/","name":"Unidad de anillo rodante para eje de 15 mm de di\u00e1metro modelo GP3-15\/GP15 - QiPang","isPartOf":{"@id":"https:\/\/rollingringdrives.com\/#website"},"primaryImageOfPage":{"@id":"https:\/\/rollingringdrives.com\/product\/rolling-ring-drive-for-15mm-diameter-shaft-model-gp3-15-gp15\/#primaryimage"},"image":{"@id":"https:\/\/rollingringdrives.com\/product\/rolling-ring-drive-for-15mm-diameter-shaft-model-gp3-15-gp15\/#primaryimage"},"thumbnailUrl":"https:\/\/rollingringdrives.com\/wp-content\/uploads\/2023\/05\/600\u56fe.png","datePublished":"2023-05-15T03:52:06+00:00","dateModified":"2024-07-23T10:42:24+00:00","description":"Actualice su sistema de movimiento lineal con nuestra unidad de anillo rodante altamente eficiente para un eje de 15 mm de di\u00e1metro. \u00a1Consigue el tuyo hoy!","breadcrumb":{"@id":"https:\/\/rollingringdrives.com\/product\/rolling-ring-drive-for-15mm-diameter-shaft-model-gp3-15-gp15\/#breadcrumb"},"inLanguage":"es","potentialAction":[{"@type":"ReadAction","target":["https:\/\/rollingringdrives.com\/product\/rolling-ring-drive-for-15mm-diameter-shaft-model-gp3-15-gp15\/"]}]},{"@type":"ImageObject","inLanguage":"es","@id":"https:\/\/rollingringdrives.com\/product\/rolling-ring-drive-for-15mm-diameter-shaft-model-gp3-15-gp15\/#primaryimage","url":"https:\/\/rollingringdrives.com\/wp-content\/uploads\/2023\/05\/600\u56fe.png","contentUrl":"https:\/\/rollingringdrives.com\/wp-content\/uploads\/2023\/05\/600\u56fe.png","width":600,"height":600},{"@type":"BreadcrumbList","@id":"https:\/\/rollingringdrives.com\/product\/rolling-ring-drive-for-15mm-diameter-shaft-model-gp3-15-gp15\/#breadcrumb","itemListElement":[{"@type":"ListItem","position":1,"name":"Home","item":"https:\/\/rollingringdrives.com\/"},{"@type":"ListItem","position":2,"name":"Machines","item":"https:\/\/rollingringdrives.com\/machines\/"},{"@type":"ListItem","position":3,"name":"Rolling Ring Drive for 15mm Diameter Shaft Model GP3-15\/GP15"}]},{"@type":"WebSite","@id":"https:\/\/rollingringdrives.com\/#website","url":"https:\/\/rollingringdrives.com\/","name":"Qi Pang","description":"Blog QiPang","publisher":{"@id":"https:\/\/rollingringdrives.com\/#organization"},"potentialAction":[{"@type":"SearchAction","target":{"@type":"EntryPoint","urlTemplate":"https:\/\/rollingringdrives.com\/?s={search_term_string}"},"query-input":{"@type":"PropertyValueSpecification","valueRequired":true,"valueName":"search_term_string"}}],"inLanguage":"es"},{"@type":"Organization","@id":"https:\/\/rollingringdrives.com\/#organization","name":"Qi Pang","url":"https:\/\/rollingringdrives.com\/","logo":{"@type":"ImageObject","inLanguage":"es","@id":"https:\/\/rollingringdrives.com\/#\/schema\/logo\/image\/","url":"https:\/\/rollingringdrives.com\/wp-content\/uploads\/2023\/05\/cropped-\u672a\u547d\u540d\u7684\u8bbe\u8ba1.png","contentUrl":"https:\/\/rollingringdrives.com\/wp-content\/uploads\/2023\/05\/cropped-\u672a\u547d\u540d\u7684\u8bbe\u8ba1.png","width":300,"height":191,"caption":"QiPang"},"image":{"@id":"https:\/\/rollingringdrives.com\/#\/schema\/logo\/image\/"}}]}},"_links":{"self":[{"href":"https:\/\/rollingringdrives.com\/es\/wp-json\/wp\/v2\/product\/25289","targetHints":{"allow":["GET"]}}],"collection":[{"href":"https:\/\/rollingringdrives.com\/es\/wp-json\/wp\/v2\/product"}],"about":[{"href":"https:\/\/rollingringdrives.com\/es\/wp-json\/wp\/v2\/types\/product"}],"version-history":[{"count":0,"href":"https:\/\/rollingringdrives.com\/es\/wp-json\/wp\/v2\/product\/25289\/revisions"}],"wp:featuredmedia":[{"embeddable":true,"href":"https:\/\/rollingringdrives.com\/es\/wp-json\/wp\/v2\/media\/31596"}],"wp:attachment":[{"href":"https:\/\/rollingringdrives.com\/es\/wp-json\/wp\/v2\/media?parent=25289"}],"wp:term":[{"taxonomy":"product_brand","embeddable":true,"href":"https:\/\/rollingringdrives.com\/es\/wp-json\/wp\/v2\/product_brand?post=25289"},{"taxonomy":"product_cat","embeddable":true,"href":"https:\/\/rollingringdrives.com\/es\/wp-json\/wp\/v2\/product_cat?post=25289"},{"taxonomy":"product_tag","embeddable":true,"href":"https:\/\/rollingringdrives.com\/es\/wp-json\/wp\/v2\/product_tag?post=25289"}],"curies":[{"name":"wp","href":"https:\/\/api.w.org\/{rel}","templated":true}]}}