{"id":25383,"date":"2023-05-15T08:15:18","date_gmt":"2023-05-15T08:15:18","guid":{"rendered":"https:\/\/rollingringdrives.com\/?post_type=product&#038;p=25383"},"modified":"2024-07-24T02:03:32","modified_gmt":"2024-07-24T02:03:32","slug":"rolling-ring-drive-for-25mm-diameter-shaft-model-gp3-25-gp25","status":"publish","type":"product","link":"https:\/\/rollingringdrives.com\/es\/producto\/accionamiento-de-anillo-rodante-para-eje-de-25mm-de-diametro-modelo-gp3-25-gp25\/","title":{"rendered":"Accionamiento de anillo rodante para eje de 25 mm de di\u00e1metro modelo GP3-25\/GP25"},"content":{"rendered":"<div class=\"xiaoshujiang_element xsj_anchor\"><\/div>\n<h2 id=\"traverse20unit20model20rg3-25-2mcrfpx25_2\" class=\"xsj_heading_hash xsj_heading xsj_heading_h2\" data-source-line=\"2\" data-source-line-display=\"true\"><span class=\"xsj_heading_content\">Unidad transversal <span style=\"text-decoration: underline;\">Modelo GP3-25\/GP25<\/span><\/span><\/h2>\n<p class=\"xsj_paragraph xsj_paragraph_level_0\" data-source-line=\"4\" data-source-line-display=\"true\">El <strong>Unidad de anillo rodante para un eje de 25 mm de di\u00e1metro<\/strong> \u2013 una m\u00e1quina herramienta vers\u00e1til y eficiente dise\u00f1ada para el control de movimiento lineal y rotacional de alta velocidad. Con tres anillos de rodadura, un empuje lateral m\u00e1ximo de 26 kg y un paso completo de 26 mm, esta unidad ofrece un movimiento lineal preciso para una rotaci\u00f3n del eje en el ajuste 10 del dial mientras alcanza una velocidad m\u00e1xima de 1000 RPM y un movimiento lineal. velocidad de 24 metros por minuto. El dispositivo pesa solo 2,6 kg, pero tiene un gran impacto con su impresionante par motor de 1,2 kg cm.<\/p>\n<p data-source-line=\"4\" data-source-line-display=\"true\"><div id=\"footable_parent_25385\"\n         class=\"footable_parent ninja_table_wrapper loading_ninja_table wp_table_data_press_parent semantic_ui\">\n                <table data-ninja_table_instance=\"ninja_table_instance_0\" data-footable_id=\"25385\" data-filter-delay=\"1000\" aria-label=\"44\u65b0\u5efa XLSX22 \u5de5\u4f5c\u8868 (2).csv\"            id=\"footable_25385\"\n           data-unique_identifier=\"ninja_table_unique_id_1740872999_25385\"\n           class=\"foo-table ninja_footable foo_table_25385 ninja_table_unique_id_1740872999_25385 ui table  nt_type_legacy_table selectable striped vertical_centered  footable-paging-right ninja_table_search_disabled ninja_table_pro\">\n                <colgroup>\n                            <col class=\"ninja_column_0\">\n                            <col class=\"ninja_column_1\">\n                    <\/colgroup>\n        <thead>\n<tr class=\"footable-header\">\n                                        <th scope=\"col\"  class=\"ninja_column_0 ninja_clmn_nm_specification\">Especificaci\u00f3n<\/th><th scope=\"col\"  class=\"ninja_column_1 ninja_clmn_nm_value\">Valor<\/th><\/tr>\n<\/thead>\n<tbody>\n\n        <tr data-row_id=\"22\" class=\"ninja_table_row_0 nt_row_id_22\">\n            <td>N\u00famero de anillos rodantes<\/td><td>3<\/td>        <\/tr>\n            <tr data-row_id=\"23\" class=\"ninja_table_row_1 nt_row_id_23\">\n            <td>Empuje lateral m\u00e1ximo<\/td><td>26 kg<\/td>        <\/tr>\n            <tr data-row_id=\"24\" class=\"ninja_table_row_2 nt_row_id_24\">\n            <td>Paso m\u00e1ximo<\/td><td>26mm<\/td>        <\/tr>\n            <tr data-row_id=\"25\" class=\"ninja_table_row_3 nt_row_id_25\">\n            <td>Velocidad m\u00e1xima del eje<\/td><td>1000 RPM<\/td>        <\/tr>\n            <tr data-row_id=\"26\" class=\"ninja_table_row_4 nt_row_id_26\">\n            <td>Velocidad lineal m\u00e1xima<\/td><td>24 metros \/ minuto<\/td>        <\/tr>\n            <tr data-row_id=\"27\" class=\"ninja_table_row_5 nt_row_id_27\">\n            <td>Peso<\/td><td>2,6 kg<\/td>        <\/tr>\n            <tr data-row_id=\"28\" class=\"ninja_table_row_6 nt_row_id_28\">\n            <td>Par motor<\/td><td>1,2 kg cm<\/td>        <\/tr>\n    <\/tbody><!--ninja_tobody_rendering_done-->\n    <\/table>\n    \n    \n    \n<\/div>\n<\/p>\n<div class=\"xiaoshujiang_element xsj_anchor\"><a class=\"blank_anchor_name\" name=\"applications_3\"><\/a><a id=\"applications_3\" class=\"blank_anchor_id\"><\/a><a class=\"blank_anchor_name\" name=\"applications\"><\/a><a id=\"applications\" class=\"blank_anchor_id\"><\/a><\/div>\n<figure id=\"attachment_27237\" aria-describedby=\"caption-attachment-27237\" style=\"width: 1024px\" class=\"wp-caption alignnone\"><img fetchpriority=\"high\" decoding=\"async\" class=\"wp-image-27237 size-large\" src=\"https:\/\/rollingringdrives.com\/wp-content\/uploads\/2023\/05\/30\u5916\u5f62\u56fe_00-1-1024x724.png\" alt=\"Dibujo dimensional de la unidad transversal modelo GP3-25\/GP25\" width=\"1024\" height=\"724\" srcset=\"https:\/\/rollingringdrives.com\/wp-content\/uploads\/2023\/05\/30\u5916\u5f62\u56fe_00-1-1024x724.png 1024w, https:\/\/rollingringdrives.com\/wp-content\/uploads\/2023\/05\/30\u5916\u5f62\u56fe_00-1-300x212.png 300w, https:\/\/rollingringdrives.com\/wp-content\/uploads\/2023\/05\/30\u5916\u5f62\u56fe_00-1-768x543.png 768w, https:\/\/rollingringdrives.com\/wp-content\/uploads\/2023\/05\/30\u5916\u5f62\u56fe_00-1-1536x1086.png 1536w, https:\/\/rollingringdrives.com\/wp-content\/uploads\/2023\/05\/30\u5916\u5f62\u56fe_00-1-2048x1449.png 2048w, https:\/\/rollingringdrives.com\/wp-content\/uploads\/2023\/05\/30\u5916\u5f62\u56fe_00-1-600x424.png 600w\" sizes=\"(max-width: 1024px) 100vw, 1024px\" \/><figcaption id=\"caption-attachment-27237\" class=\"wp-caption-text\">Dibujo dimensional de la unidad transversal modelo GP3-25\/GP25<\/figcaption><\/figure>\n<p><a href=\"https:\/\/rollingringdrives.com\/wp-content\/uploads\/2023\/05\/Instruction-manual.pdf\" target=\"_blank\" rel=\"noopener\">Descargar manual\u2193<\/a><\/p>\n<h2 id=\"applications_3\" class=\"xsj_heading_hash xsj_heading xsj_heading_h2\" data-source-line=\"6\" data-source-line-display=\"true\"><span class=\"xsj_heading_content\">Aplicaciones:<\/span><\/h2>\n<p class=\"xsj_paragraph xsj_paragraph_level_0\" data-source-line=\"8\" data-source-line-display=\"true\">La transmisi\u00f3n de anillo rodante para un eje de 25 mm de di\u00e1metro es adecuada para diversas industrias y aplicaciones, que incluyen:<\/p>\n<ol>\n<li class=\"xsj_paragraph xsj_paragraph_level_0\" data-source-line=\"8\" data-source-line-display=\"true\">Control de movimiento de precisi\u00f3n en fabricaci\u00f3n y automatizaci\u00f3n.<\/li>\n<li class=\"xsj_paragraph xsj_paragraph_level_0\" data-source-line=\"8\" data-source-line-display=\"true\">Equipos de manipulaci\u00f3n y embalaje de materiales.<\/li>\n<li class=\"xsj_paragraph xsj_paragraph_level_0\" data-source-line=\"8\" data-source-line-display=\"true\">M\u00e1quinas de impresi\u00f3n y etiquetado.<\/li>\n<li class=\"xsj_paragraph xsj_paragraph_level_0\" data-source-line=\"8\" data-source-line-display=\"true\">Posicionamiento preciso de c\u00e1maras y \u00f3pticas.<\/li>\n<li class=\"xsj_paragraph xsj_paragraph_level_0\" data-source-line=\"8\" data-source-line-display=\"true\">Equipos de medida y ensayo.<\/li>\n<\/ol>\n<div class=\"xiaoshujiang_element xsj_anchor\"><a class=\"blank_anchor_name\" name=\"faqs_4\"><\/a><a id=\"faqs_4\" class=\"blank_anchor_id\"><\/a><a class=\"blank_anchor_name\" name=\"faqs\"><\/a><a id=\"faqs\" class=\"blank_anchor_id\"><\/a><\/div>\n<h2 id=\"faqs_4\" class=\"xsj_heading_hash xsj_heading xsj_heading_h2\" data-source-line=\"16\" data-source-line-display=\"true\"><span class=\"xsj_heading_content\">Preguntas frecuentes:<\/span><\/h2>\n<p class=\"xsj_paragraph xsj_paragraph_level_0\" data-source-line=\"18\" data-source-line-display=\"true\"><strong class=\"markdown_strong_asterisk\">1. \u00bfCu\u00e1l es el empuje lateral m\u00e1ximo del anillo rodante para un eje de 25 mm de di\u00e1metro?<\/strong><br \/>\nR: La unidad puede manejar un empuje lateral m\u00e1ximo de 26 kg para aplicaciones de servicio pesado.<\/p>\n<p class=\"xsj_paragraph xsj_paragraph_level_0\" data-source-line=\"21\" data-source-line-display=\"true\"><strong class=\"markdown_strong_asterisk\">2. \u00bfQu\u00e9 paso m\u00e1ximo puede ofrecer para una rotaci\u00f3n del eje en el ajuste 10 del dial?<\/strong><br \/>\nR: El dispositivo puede ofrecer un paso m\u00e1ximo de 26 mm para un movimiento lineal preciso.<\/p>\n<p class=\"xsj_paragraph xsj_paragraph_level_0\" data-source-line=\"24\" data-source-line-display=\"true\"><strong class=\"markdown_strong_asterisk\">3. \u00bfQu\u00e9 tan r\u00e1pido puede girar el anillo rodante para un eje de 25 mm de di\u00e1metro?<\/strong><br \/>\nR: La unidad puede alcanzar una velocidad m\u00e1xima de 1000 RPM para operaciones eficientes.<\/p>\n<p class=\"xsj_paragraph xsj_paragraph_level_0\" data-source-line=\"27\" data-source-line-display=\"true\"><strong class=\"markdown_strong_asterisk\">4. \u00bfCu\u00e1l es la velocidad lineal m\u00e1xima del dispositivo?<\/strong><br \/>\nR: El dispositivo puede alcanzar una velocidad lineal m\u00e1xima de 24 metros por minuto para aplicaciones de alta velocidad.<\/p>\n<p class=\"xsj_paragraph xsj_paragraph_level_0\" data-source-line=\"30\" data-source-line-display=\"true\"><strong class=\"markdown_strong_asterisk\">5. \u00bfEs pesado el anillo rodante para un eje de 25 mm de di\u00e1metro?<\/strong><br \/>\nR: No, el dispositivo tiene un dise\u00f1o liviano de solo 2,6 kg para un f\u00e1cil manejo.<\/p>","protected":false},"excerpt":{"rendered":"<h2 id=\"features_3\" class=\"xsj_heading_hash xsj_heading xsj_heading_h2\" data-source-line=\"6\" data-source-line-display=\"true\"><span class=\"xsj_heading_content\">Caracter\u00edsticas:<\/span><\/h2>\n<ol>\n<li class=\"xsj_paragraph xsj_paragraph_level_0\" data-source-line=\"8\" data-source-line-display=\"true\">Tres anillos rodantes para un control preciso del movimiento lineal y giratorio.<\/li>\n<li class=\"xsj_paragraph xsj_paragraph_level_0\" data-source-line=\"8\" data-source-line-display=\"true\">Empuje lateral m\u00e1ximo de 26 Kg para aplicaciones pesadas.<\/li>\n<li class=\"xsj_paragraph xsj_paragraph_level_0\" data-source-line=\"8\" data-source-line-display=\"true\">Movimiento lineal de 26 mm para una rotaci\u00f3n del eje en el ajuste 10 del dial.<\/li>\n<li class=\"xsj_paragraph xsj_paragraph_level_0\" data-source-line=\"8\" data-source-line-display=\"true\">La velocidad m\u00e1xima de 1000 RPM para operaciones r\u00e1pidas y eficientes.<\/li>\n<li class=\"xsj_paragraph xsj_paragraph_level_0\" data-source-line=\"8\" data-source-line-display=\"true\">Velocidad lineal m\u00e1xima de 24 metros por minuto para aplicaciones de alta velocidad.<\/li>\n<li class=\"xsj_paragraph xsj_paragraph_level_0\" data-source-line=\"8\" data-source-line-display=\"true\">El dise\u00f1o ligero de 2,6 Kg para un f\u00e1cil manejo.<\/li>\n<li class=\"xsj_paragraph xsj_paragraph_level_0\" data-source-line=\"8\" data-source-line-display=\"true\">Potente par motor de 1,2 Kg Cm para un rendimiento fiable.<\/li>\n<\/ol>","protected":false},"featured_media":31598,"template":"","meta":{"site-sidebar-layout":"default","site-content-layout":"default","ast-global-header-display":"","ast-banner-title-visibility":"","ast-main-header-display":"","ast-hfb-above-header-display":"","ast-hfb-below-header-display":"","ast-hfb-mobile-header-display":"","site-post-title":"","ast-breadcrumbs-content":"","ast-featured-img":"","footer-sml-layout":"","theme-transparent-header-meta":"default","adv-header-id-meta":"","stick-header-meta":"","header-above-stick-meta":"","header-main-stick-meta":"","header-below-stick-meta":""},"product_brand":[],"product_cat":[34,35],"product_tag":[],"class_list":{"0":"post-25383","1":"product","2":"type-product","3":"status-publish","4":"has-post-thumbnail","6":"product_cat-rolling-ring-drive","7":"product_cat-a-type","8":"desktop-align-left","9":"tablet-align-left","10":"mobile-align-left","12":"first","13":"instock","14":"shipping-taxable","15":"product-type-simple"},"yoast_head":"<!-- This site is optimized with the Yoast SEO Premium plugin v20.12 (Yoast SEO v26.0) - https:\/\/yoast.com\/wordpress\/plugins\/seo\/ -->\n<title>Rolling Ring Drive for 25mm Diameter Shaft Model GP3-25\/GP25 - QiPang<\/title>\n<meta name=\"description\" content=\"Experience high-speed and precise linear motion with our Rolling Ring Drive for 25mm Diameter Shaft. Get yours now and enjoy 1.2 kg Cm drive torque!\" \/>\n<meta name=\"robots\" content=\"index, follow, max-snippet:-1, max-image-preview:large, max-video-preview:-1\" \/>\n<link rel=\"canonical\" href=\"https:\/\/rollingringdrives.com\/es\/producto\/accionamiento-de-anillo-rodante-para-eje-de-25mm-de-diametro-modelo-gp3-25-gp25\/\" \/>\n<meta property=\"og:locale\" content=\"es_MX\" \/>\n<meta property=\"og:type\" content=\"article\" \/>\n<meta property=\"og:title\" content=\"Rolling Ring Drive for 25mm Diameter Shaft Model GP3-25\/GP25\" \/>\n<meta property=\"og:description\" content=\"Experience high-speed and precise linear motion with our Rolling Ring Drive for 25mm Diameter Shaft. Get yours now and enjoy 1.2 kg Cm drive torque!\" \/>\n<meta property=\"og:url\" content=\"https:\/\/rollingringdrives.com\/es\/producto\/accionamiento-de-anillo-rodante-para-eje-de-25mm-de-diametro-modelo-gp3-25-gp25\/\" \/>\n<meta property=\"og:site_name\" content=\"QiPang\" \/>\n<meta property=\"article:modified_time\" content=\"2024-07-24T02:03:32+00:00\" \/>\n<meta property=\"og:image\" content=\"https:\/\/rollingringdrives.com\/wp-content\/uploads\/2023\/05\/800\u56fe.jpg\" \/>\n\t<meta property=\"og:image:width\" content=\"800\" \/>\n\t<meta property=\"og:image:height\" content=\"800\" \/>\n\t<meta property=\"og:image:type\" content=\"image\/jpeg\" \/>\n<meta name=\"twitter:card\" content=\"summary_large_image\" \/>\n<meta name=\"twitter:label1\" content=\"Tiempo de lectura\" \/>\n\t<meta name=\"twitter:data1\" content=\"2 minutos\" \/>\n<script type=\"application\/ld+json\" class=\"yoast-schema-graph\">{\"@context\":\"https:\/\/schema.org\",\"@graph\":[{\"@type\":\"WebPage\",\"@id\":\"https:\/\/rollingringdrives.com\/product\/rolling-ring-drive-for-25mm-diameter-shaft-model-gp3-25-gp25\/\",\"url\":\"https:\/\/rollingringdrives.com\/product\/rolling-ring-drive-for-25mm-diameter-shaft-model-gp3-25-gp25\/\",\"name\":\"Rolling Ring Drive for 25mm Diameter Shaft Model GP3-25\/GP25 - QiPang\",\"isPartOf\":{\"@id\":\"https:\/\/rollingringdrives.com\/#website\"},\"primaryImageOfPage\":{\"@id\":\"https:\/\/rollingringdrives.com\/product\/rolling-ring-drive-for-25mm-diameter-shaft-model-gp3-25-gp25\/#primaryimage\"},\"image\":{\"@id\":\"https:\/\/rollingringdrives.com\/product\/rolling-ring-drive-for-25mm-diameter-shaft-model-gp3-25-gp25\/#primaryimage\"},\"thumbnailUrl\":\"https:\/\/rollingringdrives.com\/wp-content\/uploads\/2023\/05\/800\u56fe.jpg\",\"datePublished\":\"2023-05-15T08:15:18+00:00\",\"dateModified\":\"2024-07-24T02:03:32+00:00\",\"description\":\"Experience high-speed and precise linear motion with our Rolling Ring Drive for 25mm Diameter Shaft. Get yours now and enjoy 1.2 kg Cm drive torque!\",\"breadcrumb\":{\"@id\":\"https:\/\/rollingringdrives.com\/product\/rolling-ring-drive-for-25mm-diameter-shaft-model-gp3-25-gp25\/#breadcrumb\"},\"inLanguage\":\"es\",\"potentialAction\":[{\"@type\":\"ReadAction\",\"target\":[\"https:\/\/rollingringdrives.com\/product\/rolling-ring-drive-for-25mm-diameter-shaft-model-gp3-25-gp25\/\"]}]},{\"@type\":\"ImageObject\",\"inLanguage\":\"es\",\"@id\":\"https:\/\/rollingringdrives.com\/product\/rolling-ring-drive-for-25mm-diameter-shaft-model-gp3-25-gp25\/#primaryimage\",\"url\":\"https:\/\/rollingringdrives.com\/wp-content\/uploads\/2023\/05\/800\u56fe.jpg\",\"contentUrl\":\"https:\/\/rollingringdrives.com\/wp-content\/uploads\/2023\/05\/800\u56fe.jpg\",\"width\":800,\"height\":800},{\"@type\":\"BreadcrumbList\",\"@id\":\"https:\/\/rollingringdrives.com\/product\/rolling-ring-drive-for-25mm-diameter-shaft-model-gp3-25-gp25\/#breadcrumb\",\"itemListElement\":[{\"@type\":\"ListItem\",\"position\":1,\"name\":\"Home\",\"item\":\"https:\/\/rollingringdrives.com\/\"},{\"@type\":\"ListItem\",\"position\":2,\"name\":\"Machines\",\"item\":\"https:\/\/rollingringdrives.com\/machines\/\"},{\"@type\":\"ListItem\",\"position\":3,\"name\":\"Rolling Ring Drive for 25mm Diameter Shaft Model GP3-25\/GP25\"}]},{\"@type\":\"WebSite\",\"@id\":\"https:\/\/rollingringdrives.com\/#website\",\"url\":\"https:\/\/rollingringdrives.com\/\",\"name\":\"QiPang\",\"description\":\"QiPang Blog\",\"publisher\":{\"@id\":\"https:\/\/rollingringdrives.com\/#organization\"},\"potentialAction\":[{\"@type\":\"SearchAction\",\"target\":{\"@type\":\"EntryPoint\",\"urlTemplate\":\"https:\/\/rollingringdrives.com\/?s={search_term_string}\"},\"query-input\":{\"@type\":\"PropertyValueSpecification\",\"valueRequired\":true,\"valueName\":\"search_term_string\"}}],\"inLanguage\":\"es\"},{\"@type\":\"Organization\",\"@id\":\"https:\/\/rollingringdrives.com\/#organization\",\"name\":\"QiPang\",\"url\":\"https:\/\/rollingringdrives.com\/\",\"logo\":{\"@type\":\"ImageObject\",\"inLanguage\":\"es\",\"@id\":\"https:\/\/rollingringdrives.com\/#\/schema\/logo\/image\/\",\"url\":\"https:\/\/rollingringdrives.com\/wp-content\/uploads\/2023\/05\/cropped-\u672a\u547d\u540d\u7684\u8bbe\u8ba1.png\",\"contentUrl\":\"https:\/\/rollingringdrives.com\/wp-content\/uploads\/2023\/05\/cropped-\u672a\u547d\u540d\u7684\u8bbe\u8ba1.png\",\"width\":300,\"height\":191,\"caption\":\"QiPang\"},\"image\":{\"@id\":\"https:\/\/rollingringdrives.com\/#\/schema\/logo\/image\/\"}}]}<\/script>\n<!-- \/ Yoast SEO Premium plugin. -->","yoast_head_json":{"title":"Unidad de anillo rodante para eje de 25 mm de di\u00e1metro modelo GP3-25\/GP25 - QiPang","description":"Experimente un movimiento lineal preciso y de alta velocidad con nuestra unidad de anillo rodante para eje de 25 mm de di\u00e1metro. \u00a1Consigue el tuyo ahora y disfruta de un par motor de 1,2 kg Cm!","robots":{"index":"index","follow":"follow","max-snippet":"max-snippet:-1","max-image-preview":"max-image-preview:large","max-video-preview":"max-video-preview:-1"},"canonical":"https:\/\/rollingringdrives.com\/es\/producto\/accionamiento-de-anillo-rodante-para-eje-de-25mm-de-diametro-modelo-gp3-25-gp25\/","og_locale":"es_MX","og_type":"article","og_title":"Rolling Ring Drive for 25mm Diameter Shaft Model GP3-25\/GP25","og_description":"Experience high-speed and precise linear motion with our Rolling Ring Drive for 25mm Diameter Shaft. Get yours now and enjoy 1.2 kg Cm drive torque!","og_url":"https:\/\/rollingringdrives.com\/es\/producto\/accionamiento-de-anillo-rodante-para-eje-de-25mm-de-diametro-modelo-gp3-25-gp25\/","og_site_name":"QiPang","article_modified_time":"2024-07-24T02:03:32+00:00","og_image":[{"width":800,"height":800,"url":"https:\/\/rollingringdrives.com\/wp-content\/uploads\/2023\/05\/800\u56fe.jpg","type":"image\/jpeg"}],"twitter_card":"summary_large_image","twitter_misc":{"Tiempo de lectura":"2 minutos"},"schema":{"@context":"https:\/\/schema.org","@graph":[{"@type":"WebPage","@id":"https:\/\/rollingringdrives.com\/product\/rolling-ring-drive-for-25mm-diameter-shaft-model-gp3-25-gp25\/","url":"https:\/\/rollingringdrives.com\/product\/rolling-ring-drive-for-25mm-diameter-shaft-model-gp3-25-gp25\/","name":"Unidad de anillo rodante para eje de 25 mm de di\u00e1metro modelo GP3-25\/GP25 - QiPang","isPartOf":{"@id":"https:\/\/rollingringdrives.com\/#website"},"primaryImageOfPage":{"@id":"https:\/\/rollingringdrives.com\/product\/rolling-ring-drive-for-25mm-diameter-shaft-model-gp3-25-gp25\/#primaryimage"},"image":{"@id":"https:\/\/rollingringdrives.com\/product\/rolling-ring-drive-for-25mm-diameter-shaft-model-gp3-25-gp25\/#primaryimage"},"thumbnailUrl":"https:\/\/rollingringdrives.com\/wp-content\/uploads\/2023\/05\/800\u56fe.jpg","datePublished":"2023-05-15T08:15:18+00:00","dateModified":"2024-07-24T02:03:32+00:00","description":"Experimente un movimiento lineal preciso y de alta velocidad con nuestra unidad de anillo rodante para eje de 25 mm de di\u00e1metro. \u00a1Consigue el tuyo ahora y disfruta de un par motor de 1,2 kg Cm!","breadcrumb":{"@id":"https:\/\/rollingringdrives.com\/product\/rolling-ring-drive-for-25mm-diameter-shaft-model-gp3-25-gp25\/#breadcrumb"},"inLanguage":"es","potentialAction":[{"@type":"ReadAction","target":["https:\/\/rollingringdrives.com\/product\/rolling-ring-drive-for-25mm-diameter-shaft-model-gp3-25-gp25\/"]}]},{"@type":"ImageObject","inLanguage":"es","@id":"https:\/\/rollingringdrives.com\/product\/rolling-ring-drive-for-25mm-diameter-shaft-model-gp3-25-gp25\/#primaryimage","url":"https:\/\/rollingringdrives.com\/wp-content\/uploads\/2023\/05\/800\u56fe.jpg","contentUrl":"https:\/\/rollingringdrives.com\/wp-content\/uploads\/2023\/05\/800\u56fe.jpg","width":800,"height":800},{"@type":"BreadcrumbList","@id":"https:\/\/rollingringdrives.com\/product\/rolling-ring-drive-for-25mm-diameter-shaft-model-gp3-25-gp25\/#breadcrumb","itemListElement":[{"@type":"ListItem","position":1,"name":"Home","item":"https:\/\/rollingringdrives.com\/"},{"@type":"ListItem","position":2,"name":"Machines","item":"https:\/\/rollingringdrives.com\/machines\/"},{"@type":"ListItem","position":3,"name":"Rolling Ring Drive for 25mm Diameter Shaft Model GP3-25\/GP25"}]},{"@type":"WebSite","@id":"https:\/\/rollingringdrives.com\/#website","url":"https:\/\/rollingringdrives.com\/","name":"Qi Pang","description":"Blog QiPang","publisher":{"@id":"https:\/\/rollingringdrives.com\/#organization"},"potentialAction":[{"@type":"SearchAction","target":{"@type":"EntryPoint","urlTemplate":"https:\/\/rollingringdrives.com\/?s={search_term_string}"},"query-input":{"@type":"PropertyValueSpecification","valueRequired":true,"valueName":"search_term_string"}}],"inLanguage":"es"},{"@type":"Organization","@id":"https:\/\/rollingringdrives.com\/#organization","name":"Qi Pang","url":"https:\/\/rollingringdrives.com\/","logo":{"@type":"ImageObject","inLanguage":"es","@id":"https:\/\/rollingringdrives.com\/#\/schema\/logo\/image\/","url":"https:\/\/rollingringdrives.com\/wp-content\/uploads\/2023\/05\/cropped-\u672a\u547d\u540d\u7684\u8bbe\u8ba1.png","contentUrl":"https:\/\/rollingringdrives.com\/wp-content\/uploads\/2023\/05\/cropped-\u672a\u547d\u540d\u7684\u8bbe\u8ba1.png","width":300,"height":191,"caption":"QiPang"},"image":{"@id":"https:\/\/rollingringdrives.com\/#\/schema\/logo\/image\/"}}]}},"_links":{"self":[{"href":"https:\/\/rollingringdrives.com\/es\/wp-json\/wp\/v2\/product\/25383","targetHints":{"allow":["GET"]}}],"collection":[{"href":"https:\/\/rollingringdrives.com\/es\/wp-json\/wp\/v2\/product"}],"about":[{"href":"https:\/\/rollingringdrives.com\/es\/wp-json\/wp\/v2\/types\/product"}],"version-history":[{"count":0,"href":"https:\/\/rollingringdrives.com\/es\/wp-json\/wp\/v2\/product\/25383\/revisions"}],"wp:featuredmedia":[{"embeddable":true,"href":"https:\/\/rollingringdrives.com\/es\/wp-json\/wp\/v2\/media\/31598"}],"wp:attachment":[{"href":"https:\/\/rollingringdrives.com\/es\/wp-json\/wp\/v2\/media?parent=25383"}],"wp:term":[{"taxonomy":"product_brand","embeddable":true,"href":"https:\/\/rollingringdrives.com\/es\/wp-json\/wp\/v2\/product_brand?post=25383"},{"taxonomy":"product_cat","embeddable":true,"href":"https:\/\/rollingringdrives.com\/es\/wp-json\/wp\/v2\/product_cat?post=25383"},{"taxonomy":"product_tag","embeddable":true,"href":"https:\/\/rollingringdrives.com\/es\/wp-json\/wp\/v2\/product_tag?post=25383"}],"curies":[{"name":"wp","href":"https:\/\/api.w.org\/{rel}","templated":true}]}}