{"id":25403,"date":"2023-05-15T08:42:06","date_gmt":"2023-05-15T08:42:06","guid":{"rendered":"https:\/\/rollingringdrives.com\/?post_type=product&#038;p=25403"},"modified":"2023-05-31T03:01:38","modified_gmt":"2023-05-31T03:01:38","slug":"rolling-ring-drive-for-30mm-diameter-shaft-model-gp3-30-gp30","status":"publish","type":"product","link":"https:\/\/rollingringdrives.com\/es\/producto\/accionamiento-de-anillo-rodante-para-eje-de-30mm-de-diametro-modelo-gp3-30-gp30\/","title":{"rendered":"Accionamiento de anillo rodante para eje de 30 mm de di\u00e1metro modelo GP3-30\/GP30"},"content":{"rendered":"<h2 id=\"traverse20unit20model20rg3-30-2mcrfpx30_2\" class=\"xsj_heading_hash xsj_heading xsj_heading_h2\" data-source-line=\"2\" data-source-line-display=\"true\"><span class=\"xsj_heading_content\">Unidad transversal <span style=\"text-decoration: underline;\">Modelo GP3-30\/GP30<\/span><\/span><\/h2>\n<p class=\"xsj_paragraph xsj_paragraph_level_0\" data-source-line=\"4\" data-source-line-display=\"true\">El <strong>Unidad transversal modelo RG3-30-2MCRF\/PX30<\/strong> es un sistema de transmisi\u00f3n de anillo rodante de alta precisi\u00f3n dise\u00f1ado para usar con un <strong>eje de 30 mm de di\u00e1metro<\/strong>. Se compone de tres Anillos Rodantes, cada uno capaz de generar un empuje lateral m\u00e1ximo de hasta 26 Kg y un par motor de 1,2 Kg Cm. Esta unidad es ideal para aplicaciones de movimiento lineal de alta precisi\u00f3n con una velocidad lineal m\u00e1xima de 24 metros por minuto y una velocidad m\u00e1xima del eje de 1000 RPM.<\/p>\n<p data-source-line=\"4\" data-source-line-display=\"true\"><div id=\"footable_parent_25405\"\n         class=\"footable_parent ninja_table_wrapper loading_ninja_table wp_table_data_press_parent semantic_ui\">\n                <table data-ninja_table_instance=\"ninja_table_instance_0\" data-footable_id=\"25405\" data-filter-delay=\"1000\" aria-label=\"55\u65b0\u5efa XLSX22 \u5de5\u4f5c\u8868 (2).csv\"            id=\"footable_25405\"\n           data-unique_identifier=\"ninja_table_unique_id_690330324_25405\"\n           class=\"foo-table ninja_footable foo_table_25405 ninja_table_unique_id_690330324_25405 ui table  nt_type_legacy_table selectable striped vertical_centered  footable-paging-right ninja_table_search_disabled ninja_table_pro\">\n                <colgroup>\n                            <col class=\"ninja_column_0\">\n                            <col class=\"ninja_column_1\">\n                    <\/colgroup>\n        <thead>\n<tr class=\"footable-header\">\n                                        <th scope=\"col\"  class=\"ninja_column_0 ninja_clmn_nm_specification\">Especificaci\u00f3n<\/th><th scope=\"col\"  class=\"ninja_column_1 ninja_clmn_nm_value\">Valor<\/th><\/tr>\n<\/thead>\n<tbody>\n\n        <tr data-row_id=\"29\" class=\"ninja_table_row_0 nt_row_id_29\">\n            <td>N\u00famero de anillos rodantes<\/td><td>3<\/td>        <\/tr>\n            <tr data-row_id=\"30\" class=\"ninja_table_row_1 nt_row_id_30\">\n            <td>Empuje lateral m\u00e1ximo<\/td><td>26 kg<\/td>        <\/tr>\n            <tr data-row_id=\"31\" class=\"ninja_table_row_2 nt_row_id_31\">\n            <td>Paso m\u00e1ximo<\/td><td>26mm<\/td>        <\/tr>\n            <tr data-row_id=\"32\" class=\"ninja_table_row_3 nt_row_id_32\">\n            <td>Velocidad m\u00e1xima del eje<\/td><td>1000 RPM<\/td>        <\/tr>\n            <tr data-row_id=\"33\" class=\"ninja_table_row_4 nt_row_id_33\">\n            <td>Velocidad lineal m\u00e1xima<\/td><td>24 metros \/ minuto<\/td>        <\/tr>\n            <tr data-row_id=\"34\" class=\"ninja_table_row_5 nt_row_id_34\">\n            <td>Peso<\/td><td>2,6 kg<\/td>        <\/tr>\n            <tr data-row_id=\"35\" class=\"ninja_table_row_6 nt_row_id_35\">\n            <td>Par motor<\/td><td>1,2 kg cm<\/td>        <\/tr>\n    <\/tbody><!--ninja_tobody_rendering_done-->\n    <\/table>\n    \n    \n    \n<\/div>\n<\/p>\n<figure id=\"attachment_27221\" aria-describedby=\"caption-attachment-27221\" style=\"width: 1024px\" class=\"wp-caption alignnone\"><img fetchpriority=\"high\" decoding=\"async\" class=\"wp-image-27221 size-large\" src=\"https:\/\/rollingringdrives.com\/wp-content\/uploads\/2023\/05\/30\u5916\u5f62\u56fe_00-1024x724.png\" alt=\"Dibujo dimensional del modelo de unidad transversal GP3-30\/GP30\" width=\"1024\" height=\"724\" srcset=\"https:\/\/rollingringdrives.com\/wp-content\/uploads\/2023\/05\/30\u5916\u5f62\u56fe_00-1024x724.png 1024w, https:\/\/rollingringdrives.com\/wp-content\/uploads\/2023\/05\/30\u5916\u5f62\u56fe_00-300x212.png 300w, https:\/\/rollingringdrives.com\/wp-content\/uploads\/2023\/05\/30\u5916\u5f62\u56fe_00-768x543.png 768w, https:\/\/rollingringdrives.com\/wp-content\/uploads\/2023\/05\/30\u5916\u5f62\u56fe_00-1536x1086.png 1536w, https:\/\/rollingringdrives.com\/wp-content\/uploads\/2023\/05\/30\u5916\u5f62\u56fe_00-2048x1449.png 2048w, https:\/\/rollingringdrives.com\/wp-content\/uploads\/2023\/05\/30\u5916\u5f62\u56fe_00-600x424.png 600w\" sizes=\"(max-width: 1024px) 100vw, 1024px\" \/><figcaption id=\"caption-attachment-27221\" class=\"wp-caption-text\">Dibujo dimensional del modelo de unidad transversal GP3-30\/GP30<\/figcaption><\/figure>\n<div class=\"xiaoshujiang_element xsj_anchor\"><a href=\"https:\/\/rollingringdrives.com\/wp-content\/uploads\/2023\/05\/Instruction-manual.pdf\" target=\"_blank\" rel=\"noopener\">Descargar manual\u2193<\/a><\/div>\n<div class=\"xiaoshujiang_element xsj_anchor\"><a class=\"blank_anchor_name\" name=\"applications_4\"><\/a><a id=\"applications_4\" class=\"blank_anchor_id\"><\/a><a class=\"blank_anchor_name\" name=\"applications\"><\/a><a id=\"applications\" class=\"blank_anchor_id\"><\/a><\/div>\n<h2 id=\"applications_4\" class=\"xsj_heading_hash xsj_heading xsj_heading_h2\" data-source-line=\"23\" data-source-line-display=\"true\"><span class=\"xsj_heading_content\">Aplicaciones:<\/span><\/h2>\n<p class=\"xsj_paragraph xsj_paragraph_level_0\" data-source-line=\"25\" data-source-line-display=\"true\">El impulsor de anillo rodante RG3-30-2MCRF\/PX30 se adapta bien a una variedad de aplicaciones, que incluyen:<\/p>\n<ol>\n<li class=\"xsj_paragraph xsj_paragraph_level_0\" data-source-line=\"27\" data-source-line-display=\"true\">Sistemas de control de movimiento lineal de alta precisi\u00f3n.<\/li>\n<li class=\"xsj_paragraph xsj_paragraph_level_0\" data-source-line=\"29\" data-source-line-display=\"true\">Maquinaria CNC.<\/li>\n<li class=\"xsj_paragraph xsj_paragraph_level_0\" data-source-line=\"31\" data-source-line-display=\"true\">Rob\u00f3tica y sistemas de automatizaci\u00f3n.<\/li>\n<li class=\"xsj_paragraph xsj_paragraph_level_0\" data-source-line=\"33\" data-source-line-display=\"true\">Equipo de laboratorio.<\/li>\n<li class=\"xsj_paragraph xsj_paragraph_level_0\" data-source-line=\"35\" data-source-line-display=\"true\">Procesos de fabricaci\u00f3n de precisi\u00f3n.<\/li>\n<\/ol>\n<div class=\"xiaoshujiang_element xsj_anchor\"><a class=\"blank_anchor_name\" name=\"faqs_5\"><\/a><a id=\"faqs_5\" class=\"blank_anchor_id\"><\/a><a class=\"blank_anchor_name\" name=\"faqs\"><\/a><a id=\"faqs\" class=\"blank_anchor_id\"><\/a><\/div>\n<h2 id=\"faqs_5\" class=\"xsj_heading_hash xsj_heading xsj_heading_h2\" data-source-line=\"38\" data-source-line-display=\"true\"><span class=\"xsj_heading_content\">Preguntas frecuentes:<\/span><\/h2>\n<p class=\"xsj_paragraph xsj_paragraph_level_0\" data-source-line=\"40\" data-source-line-display=\"true\"><strong class=\"markdown_strong_asterisk\">1. \u00bfQu\u00e9 es una unidad de anillo rodante?<\/strong><br \/>\nUn Rolling Ring Drive es un mecanismo de precisi\u00f3n que convierte el movimiento giratorio en movimiento lineal. Se compone de un conjunto de tres anillos, que pueden moverse independientemente unos de otros a lo largo de un eje central.<br \/>\n<strong class=\"markdown_strong_asterisk\">2. \u00bfCu\u00e1l es el empuje lateral m\u00e1ximo de la unidad de anillo rodante RG3-30-2MCRF\/PX30?<\/strong><br \/>\nEl empuje lateral m\u00e1ximo de esta unidad es de 26 Kg.<br \/>\n<strong class=\"markdown_strong_asterisk\">3. \u00bfEl accionamiento de anillo rodante RG3-30-2MCRF\/PX30 es adecuado para usar con un eje de 30 mm de di\u00e1metro?<\/strong><br \/>\nS\u00ed, esta unidad est\u00e1 dise\u00f1ada para usarse con un eje de 30 mm de di\u00e1metro.<br \/>\n<strong class=\"markdown_strong_asterisk\">4. \u00bfCu\u00e1l es la velocidad lineal m\u00e1xima de esta unidad?<\/strong><br \/>\nLa velocidad lineal m\u00e1xima del accionamiento de anillo rodante RG3-30-2MCRF\/PX30 es de 24 metros por minuto.<br \/>\n<strong class=\"markdown_strong_asterisk\">5. \u00bfSe puede utilizar esta unidad en procesos de fabricaci\u00f3n de alta precisi\u00f3n?<\/strong><br \/>\nEsta unidad de anillo rodante es altamente precisa y confiable, lo que la hace ideal para procesos de fabricaci\u00f3n de precisi\u00f3n.<\/p>","protected":false},"excerpt":{"rendered":"<h2 id=\"features_3\" class=\"xsj_heading_hash xsj_heading xsj_heading_h2\" data-source-line=\"6\" data-source-line-display=\"true\"><span class=\"xsj_heading_content\">Caracter\u00edsticas:<\/span><\/h2>\n<ol>\n<li class=\"xsj_paragraph xsj_paragraph_level_0\" data-source-line=\"7\" data-source-line-display=\"true\">Tres anillos rodantes para un empuje lateral m\u00e1ximo.<\/li>\n<li class=\"xsj_paragraph xsj_paragraph_level_0\" data-source-line=\"9\" data-source-line-display=\"true\">Empuje lateral m\u00e1ximo de 26 Kg.<\/li>\n<li class=\"xsj_paragraph xsj_paragraph_level_0\" data-source-line=\"11\" data-source-line-display=\"true\">El paso m\u00e1ximo de 26 mm para el movimiento lineal.<\/li>\n<li class=\"xsj_paragraph xsj_paragraph_level_0\" data-source-line=\"13\" data-source-line-display=\"true\">Velocidad m\u00e1xima del eje de 1000 RPM.<\/li>\n<li class=\"xsj_paragraph xsj_paragraph_level_0\" data-source-line=\"15\" data-source-line-display=\"true\">Velocidad lineal m\u00e1xima de 24 metros por minuto.<\/li>\n<li class=\"xsj_paragraph xsj_paragraph_level_0\" data-source-line=\"17\" data-source-line-display=\"true\">Adecuado para usar con un eje de 30 mm de di\u00e1metro.<\/li>\n<li class=\"xsj_paragraph xsj_paragraph_level_0\" data-source-line=\"19\" data-source-line-display=\"true\">Par de accionamiento de 1,2 Kg Cm.<\/li>\n<li class=\"xsj_paragraph xsj_paragraph_level_0\" data-source-line=\"21\" data-source-line-display=\"true\">Altamente preciso y confiable.<\/li>\n<\/ol>","protected":false},"featured_media":25409,"template":"","meta":{"site-sidebar-layout":"default","site-content-layout":"default","ast-global-header-display":"","ast-banner-title-visibility":"","ast-main-header-display":"","ast-hfb-above-header-display":"","ast-hfb-below-header-display":"","ast-hfb-mobile-header-display":"","site-post-title":"","ast-breadcrumbs-content":"","ast-featured-img":"","footer-sml-layout":"","theme-transparent-header-meta":"default","adv-header-id-meta":"","stick-header-meta":"","header-above-stick-meta":"","header-main-stick-meta":"","header-below-stick-meta":""},"product_brand":[],"product_cat":[34,35],"product_tag":[],"class_list":{"0":"post-25403","1":"product","2":"type-product","3":"status-publish","4":"has-post-thumbnail","6":"product_cat-rolling-ring-drive","7":"product_cat-a-type","8":"desktop-align-left","9":"tablet-align-left","10":"mobile-align-left","12":"first","13":"instock","14":"shipping-taxable","15":"product-type-simple"},"yoast_head":"<!-- This site is optimized with the Yoast SEO Premium plugin v20.12 (Yoast SEO v26.0) - https:\/\/yoast.com\/wordpress\/plugins\/seo\/ -->\n<title>Rolling Ring Drive for 30mm Diameter Shaft Model GP3-30\/GP30 - QiPang<\/title>\n<meta name=\"description\" content=\"Upgrade your high-precision linear movement game with our Traverse Unit Model GP3-30\/GP30 Rolling Ring Drive for a 30mm Diameter Shaft. Order now!\" \/>\n<meta name=\"robots\" content=\"index, follow, max-snippet:-1, max-image-preview:large, max-video-preview:-1\" \/>\n<link rel=\"canonical\" href=\"https:\/\/rollingringdrives.com\/es\/producto\/accionamiento-de-anillo-rodante-para-eje-de-30mm-de-diametro-modelo-gp3-30-gp30\/\" \/>\n<meta property=\"og:locale\" content=\"es_MX\" \/>\n<meta property=\"og:type\" content=\"article\" \/>\n<meta property=\"og:title\" content=\"Rolling Ring Drive for 30mm Diameter Shaft Model GP3-30\/GP30\" \/>\n<meta property=\"og:description\" content=\"Upgrade your high-precision linear movement game with our Traverse Unit Model GP3-30\/GP30 Rolling Ring Drive for a 30mm Diameter Shaft. Order now!\" \/>\n<meta property=\"og:url\" content=\"https:\/\/rollingringdrives.com\/es\/producto\/accionamiento-de-anillo-rodante-para-eje-de-30mm-de-diametro-modelo-gp3-30-gp30\/\" \/>\n<meta property=\"og:site_name\" content=\"QiPang\" \/>\n<meta property=\"article:modified_time\" content=\"2023-05-31T03:01:38+00:00\" \/>\n<meta property=\"og:image\" content=\"https:\/\/rollingringdrives.com\/wp-content\/uploads\/2023\/05\/\u5fae\u4fe1\u56fe\u7247_2022052318205611.jpg\" \/>\n\t<meta property=\"og:image:width\" content=\"600\" \/>\n\t<meta property=\"og:image:height\" content=\"600\" \/>\n\t<meta property=\"og:image:type\" content=\"image\/jpeg\" \/>\n<meta name=\"twitter:card\" content=\"summary_large_image\" \/>\n<meta name=\"twitter:label1\" content=\"Tiempo de lectura\" \/>\n\t<meta name=\"twitter:data1\" content=\"2 minutos\" \/>\n<script type=\"application\/ld+json\" class=\"yoast-schema-graph\">{\"@context\":\"https:\/\/schema.org\",\"@graph\":[{\"@type\":\"WebPage\",\"@id\":\"https:\/\/rollingringdrives.com\/product\/rolling-ring-drive-for-30mm-diameter-shaft-model-gp3-30-gp30\/\",\"url\":\"https:\/\/rollingringdrives.com\/product\/rolling-ring-drive-for-30mm-diameter-shaft-model-gp3-30-gp30\/\",\"name\":\"Rolling Ring Drive for 30mm Diameter Shaft Model GP3-30\/GP30 - QiPang\",\"isPartOf\":{\"@id\":\"https:\/\/rollingringdrives.com\/#website\"},\"primaryImageOfPage\":{\"@id\":\"https:\/\/rollingringdrives.com\/product\/rolling-ring-drive-for-30mm-diameter-shaft-model-gp3-30-gp30\/#primaryimage\"},\"image\":{\"@id\":\"https:\/\/rollingringdrives.com\/product\/rolling-ring-drive-for-30mm-diameter-shaft-model-gp3-30-gp30\/#primaryimage\"},\"thumbnailUrl\":\"https:\/\/rollingringdrives.com\/wp-content\/uploads\/2023\/05\/\u5fae\u4fe1\u56fe\u7247_2022052318205611.jpg\",\"datePublished\":\"2023-05-15T08:42:06+00:00\",\"dateModified\":\"2023-05-31T03:01:38+00:00\",\"description\":\"Upgrade your high-precision linear movement game with our Traverse Unit Model GP3-30\/GP30 Rolling Ring Drive for a 30mm Diameter Shaft. Order now!\",\"breadcrumb\":{\"@id\":\"https:\/\/rollingringdrives.com\/product\/rolling-ring-drive-for-30mm-diameter-shaft-model-gp3-30-gp30\/#breadcrumb\"},\"inLanguage\":\"es\",\"potentialAction\":[{\"@type\":\"ReadAction\",\"target\":[\"https:\/\/rollingringdrives.com\/product\/rolling-ring-drive-for-30mm-diameter-shaft-model-gp3-30-gp30\/\"]}]},{\"@type\":\"ImageObject\",\"inLanguage\":\"es\",\"@id\":\"https:\/\/rollingringdrives.com\/product\/rolling-ring-drive-for-30mm-diameter-shaft-model-gp3-30-gp30\/#primaryimage\",\"url\":\"https:\/\/rollingringdrives.com\/wp-content\/uploads\/2023\/05\/\u5fae\u4fe1\u56fe\u7247_2022052318205611.jpg\",\"contentUrl\":\"https:\/\/rollingringdrives.com\/wp-content\/uploads\/2023\/05\/\u5fae\u4fe1\u56fe\u7247_2022052318205611.jpg\",\"width\":600,\"height\":600,\"caption\":\"Rolling Ring Drive for 30mm Diameter Shaft Model GP3-30\/GP30\"},{\"@type\":\"BreadcrumbList\",\"@id\":\"https:\/\/rollingringdrives.com\/product\/rolling-ring-drive-for-30mm-diameter-shaft-model-gp3-30-gp30\/#breadcrumb\",\"itemListElement\":[{\"@type\":\"ListItem\",\"position\":1,\"name\":\"Home\",\"item\":\"https:\/\/rollingringdrives.com\/\"},{\"@type\":\"ListItem\",\"position\":2,\"name\":\"Machines\",\"item\":\"https:\/\/rollingringdrives.com\/machines\/\"},{\"@type\":\"ListItem\",\"position\":3,\"name\":\"Rolling Ring Drive for 30mm Diameter Shaft Model GP3-30\/GP30\"}]},{\"@type\":\"WebSite\",\"@id\":\"https:\/\/rollingringdrives.com\/#website\",\"url\":\"https:\/\/rollingringdrives.com\/\",\"name\":\"QiPang\",\"description\":\"QiPang Blog\",\"publisher\":{\"@id\":\"https:\/\/rollingringdrives.com\/#organization\"},\"potentialAction\":[{\"@type\":\"SearchAction\",\"target\":{\"@type\":\"EntryPoint\",\"urlTemplate\":\"https:\/\/rollingringdrives.com\/?s={search_term_string}\"},\"query-input\":{\"@type\":\"PropertyValueSpecification\",\"valueRequired\":true,\"valueName\":\"search_term_string\"}}],\"inLanguage\":\"es\"},{\"@type\":\"Organization\",\"@id\":\"https:\/\/rollingringdrives.com\/#organization\",\"name\":\"QiPang\",\"url\":\"https:\/\/rollingringdrives.com\/\",\"logo\":{\"@type\":\"ImageObject\",\"inLanguage\":\"es\",\"@id\":\"https:\/\/rollingringdrives.com\/#\/schema\/logo\/image\/\",\"url\":\"https:\/\/rollingringdrives.com\/wp-content\/uploads\/2023\/05\/cropped-\u672a\u547d\u540d\u7684\u8bbe\u8ba1.png\",\"contentUrl\":\"https:\/\/rollingringdrives.com\/wp-content\/uploads\/2023\/05\/cropped-\u672a\u547d\u540d\u7684\u8bbe\u8ba1.png\",\"width\":300,\"height\":191,\"caption\":\"QiPang\"},\"image\":{\"@id\":\"https:\/\/rollingringdrives.com\/#\/schema\/logo\/image\/\"}}]}<\/script>\n<!-- \/ Yoast SEO Premium plugin. -->","yoast_head_json":{"title":"Unidad de anillo rodante para eje de 30 mm de di\u00e1metro modelo GP3-30\/GP30 - QiPang","description":"Actualice su juego de movimiento lineal de alta precisi\u00f3n con nuestra unidad transversal Modelo GP3-30\/GP30 Unidad de anillo rodante para un eje de 30 mm de di\u00e1metro. \u00a1Ordenar ahora!","robots":{"index":"index","follow":"follow","max-snippet":"max-snippet:-1","max-image-preview":"max-image-preview:large","max-video-preview":"max-video-preview:-1"},"canonical":"https:\/\/rollingringdrives.com\/es\/producto\/accionamiento-de-anillo-rodante-para-eje-de-30mm-de-diametro-modelo-gp3-30-gp30\/","og_locale":"es_MX","og_type":"article","og_title":"Rolling Ring Drive for 30mm Diameter Shaft Model GP3-30\/GP30","og_description":"Upgrade your high-precision linear movement game with our Traverse Unit Model GP3-30\/GP30 Rolling Ring Drive for a 30mm Diameter Shaft. Order now!","og_url":"https:\/\/rollingringdrives.com\/es\/producto\/accionamiento-de-anillo-rodante-para-eje-de-30mm-de-diametro-modelo-gp3-30-gp30\/","og_site_name":"QiPang","article_modified_time":"2023-05-31T03:01:38+00:00","og_image":[{"width":600,"height":600,"url":"https:\/\/rollingringdrives.com\/wp-content\/uploads\/2023\/05\/\u5fae\u4fe1\u56fe\u7247_2022052318205611.jpg","type":"image\/jpeg"}],"twitter_card":"summary_large_image","twitter_misc":{"Tiempo de lectura":"2 minutos"},"schema":{"@context":"https:\/\/schema.org","@graph":[{"@type":"WebPage","@id":"https:\/\/rollingringdrives.com\/product\/rolling-ring-drive-for-30mm-diameter-shaft-model-gp3-30-gp30\/","url":"https:\/\/rollingringdrives.com\/product\/rolling-ring-drive-for-30mm-diameter-shaft-model-gp3-30-gp30\/","name":"Unidad de anillo rodante para eje de 30 mm de di\u00e1metro modelo GP3-30\/GP30 - QiPang","isPartOf":{"@id":"https:\/\/rollingringdrives.com\/#website"},"primaryImageOfPage":{"@id":"https:\/\/rollingringdrives.com\/product\/rolling-ring-drive-for-30mm-diameter-shaft-model-gp3-30-gp30\/#primaryimage"},"image":{"@id":"https:\/\/rollingringdrives.com\/product\/rolling-ring-drive-for-30mm-diameter-shaft-model-gp3-30-gp30\/#primaryimage"},"thumbnailUrl":"https:\/\/rollingringdrives.com\/wp-content\/uploads\/2023\/05\/\u5fae\u4fe1\u56fe\u7247_2022052318205611.jpg","datePublished":"2023-05-15T08:42:06+00:00","dateModified":"2023-05-31T03:01:38+00:00","description":"Actualice su juego de movimiento lineal de alta precisi\u00f3n con nuestra unidad transversal Modelo GP3-30\/GP30 Unidad de anillo rodante para un eje de 30 mm de di\u00e1metro. \u00a1Ordenar ahora!","breadcrumb":{"@id":"https:\/\/rollingringdrives.com\/product\/rolling-ring-drive-for-30mm-diameter-shaft-model-gp3-30-gp30\/#breadcrumb"},"inLanguage":"es","potentialAction":[{"@type":"ReadAction","target":["https:\/\/rollingringdrives.com\/product\/rolling-ring-drive-for-30mm-diameter-shaft-model-gp3-30-gp30\/"]}]},{"@type":"ImageObject","inLanguage":"es","@id":"https:\/\/rollingringdrives.com\/product\/rolling-ring-drive-for-30mm-diameter-shaft-model-gp3-30-gp30\/#primaryimage","url":"https:\/\/rollingringdrives.com\/wp-content\/uploads\/2023\/05\/\u5fae\u4fe1\u56fe\u7247_2022052318205611.jpg","contentUrl":"https:\/\/rollingringdrives.com\/wp-content\/uploads\/2023\/05\/\u5fae\u4fe1\u56fe\u7247_2022052318205611.jpg","width":600,"height":600,"caption":"Rolling Ring Drive for 30mm Diameter Shaft Model GP3-30\/GP30"},{"@type":"BreadcrumbList","@id":"https:\/\/rollingringdrives.com\/product\/rolling-ring-drive-for-30mm-diameter-shaft-model-gp3-30-gp30\/#breadcrumb","itemListElement":[{"@type":"ListItem","position":1,"name":"Home","item":"https:\/\/rollingringdrives.com\/"},{"@type":"ListItem","position":2,"name":"Machines","item":"https:\/\/rollingringdrives.com\/machines\/"},{"@type":"ListItem","position":3,"name":"Rolling Ring Drive for 30mm Diameter Shaft Model GP3-30\/GP30"}]},{"@type":"WebSite","@id":"https:\/\/rollingringdrives.com\/#website","url":"https:\/\/rollingringdrives.com\/","name":"Qi Pang","description":"Blog QiPang","publisher":{"@id":"https:\/\/rollingringdrives.com\/#organization"},"potentialAction":[{"@type":"SearchAction","target":{"@type":"EntryPoint","urlTemplate":"https:\/\/rollingringdrives.com\/?s={search_term_string}"},"query-input":{"@type":"PropertyValueSpecification","valueRequired":true,"valueName":"search_term_string"}}],"inLanguage":"es"},{"@type":"Organization","@id":"https:\/\/rollingringdrives.com\/#organization","name":"Qi Pang","url":"https:\/\/rollingringdrives.com\/","logo":{"@type":"ImageObject","inLanguage":"es","@id":"https:\/\/rollingringdrives.com\/#\/schema\/logo\/image\/","url":"https:\/\/rollingringdrives.com\/wp-content\/uploads\/2023\/05\/cropped-\u672a\u547d\u540d\u7684\u8bbe\u8ba1.png","contentUrl":"https:\/\/rollingringdrives.com\/wp-content\/uploads\/2023\/05\/cropped-\u672a\u547d\u540d\u7684\u8bbe\u8ba1.png","width":300,"height":191,"caption":"QiPang"},"image":{"@id":"https:\/\/rollingringdrives.com\/#\/schema\/logo\/image\/"}}]}},"_links":{"self":[{"href":"https:\/\/rollingringdrives.com\/es\/wp-json\/wp\/v2\/product\/25403","targetHints":{"allow":["GET"]}}],"collection":[{"href":"https:\/\/rollingringdrives.com\/es\/wp-json\/wp\/v2\/product"}],"about":[{"href":"https:\/\/rollingringdrives.com\/es\/wp-json\/wp\/v2\/types\/product"}],"version-history":[{"count":0,"href":"https:\/\/rollingringdrives.com\/es\/wp-json\/wp\/v2\/product\/25403\/revisions"}],"wp:featuredmedia":[{"embeddable":true,"href":"https:\/\/rollingringdrives.com\/es\/wp-json\/wp\/v2\/media\/25409"}],"wp:attachment":[{"href":"https:\/\/rollingringdrives.com\/es\/wp-json\/wp\/v2\/media?parent=25403"}],"wp:term":[{"taxonomy":"product_brand","embeddable":true,"href":"https:\/\/rollingringdrives.com\/es\/wp-json\/wp\/v2\/product_brand?post=25403"},{"taxonomy":"product_cat","embeddable":true,"href":"https:\/\/rollingringdrives.com\/es\/wp-json\/wp\/v2\/product_cat?post=25403"},{"taxonomy":"product_tag","embeddable":true,"href":"https:\/\/rollingringdrives.com\/es\/wp-json\/wp\/v2\/product_tag?post=25403"}],"curies":[{"name":"wp","href":"https:\/\/api.w.org\/{rel}","templated":true}]}}