{"id":25512,"date":"2023-05-16T06:39:22","date_gmt":"2023-05-16T06:39:22","guid":{"rendered":"https:\/\/rollingringdrives.com\/?post_type=product&#038;p=25512"},"modified":"2025-07-07T05:55:10","modified_gmt":"2025-07-07T05:55:10","slug":"rolling-ring-drive-for-50mm-diameter-shaft-model-gp50","status":"publish","type":"product","link":"https:\/\/rollingringdrives.com\/es\/producto\/accionamiento-de-anillo-rodante-para-eje-de-50mm-de-diametro-modelo-gp50\/","title":{"rendered":"Unidad de anillo rodante para eje de 50 mm de di\u00e1metro Modelo GP4-50 4JPX50"},"content":{"rendered":"<div class=\"xiaoshujiang_element xsj_anchor\"><\/div>\n<h2 id=\"traverse20unit20model20rg4-50-2mcrfgp50_2\" class=\"xsj_heading_hash xsj_heading xsj_heading_h2\" data-source-line=\"2\" data-source-line-display=\"true\"><span class=\"xsj_heading_content\">Unidad transversal <span style=\"text-decoration: underline;\">Modelo GP4-50\/4JPX50<\/span><\/span><\/h2>\n<p class=\"xsj_paragraph xsj_paragraph_level_0\" data-source-line=\"4\" data-source-line-display=\"true\">El <strong>Unidad transversal modelo GP4-50\/4JPX50<\/strong> es un accionamiento de anillo rodante dise\u00f1ado para un <strong>eje de 50 mm de di\u00e1metro<\/strong>. Tiene <strong>4 anillos rodantes<\/strong> y est\u00e1 construido con ingenier\u00eda de precisi\u00f3n y construcci\u00f3n duradera, lo que lo convierte en una soluci\u00f3n ideal para cualquier sistema automatizado que requiera un movimiento lineal confiable. Su dise\u00f1o sofisticado est\u00e1 optimizado para una alta eficiencia y precisi\u00f3n, brindando resultados precisos con cada rotaci\u00f3n del eje. Con un empuje lateral m\u00e1ximo de 136 kg, un paso m\u00e1ximo de 40 mm y una velocidad m\u00e1xima del eje de 500 RPM, esta unidad de anillo rodante ofrece una gama de caracter\u00edsticas de alto rendimiento. Adem\u00e1s, con un peso de solo 18 kg y un dise\u00f1o compacto, es una soluci\u00f3n que ahorra espacio para integrar varios sistemas de equipos y maquinaria.<\/p>\n<h2 data-source-line=\"4\" data-source-line-display=\"true\">Par\u00e1metros:<\/h2>\n<p data-source-line=\"4\" data-source-line-display=\"true\"><div id=\"footable_parent_25514\"\n         class=\"footable_parent ninja_table_wrapper loading_ninja_table wp_table_data_press_parent semantic_ui\">\n                <table data-ninja_table_instance=\"ninja_table_instance_0\" data-footable_id=\"25514\" data-filter-delay=\"1000\" aria-label=\"5\u65b0\u5efa X3sLSX \u5de5\u4f5c\u8868 (2).csv\"            id=\"footable_25514\"\n           data-unique_identifier=\"ninja_table_unique_id_1821404875_25514\"\n           class=\"foo-table ninja_footable foo_table_25514 ninja_table_unique_id_1821404875_25514 ui table  nt_type_legacy_table selectable striped vertical_centered  footable-paging-right ninja_table_search_disabled ninja_table_pro\">\n                <colgroup>\n                            <col class=\"ninja_column_0\">\n                            <col class=\"ninja_column_1\">\n                    <\/colgroup>\n        <thead>\n<tr class=\"footable-header\">\n                                        <th scope=\"col\"  class=\"ninja_column_0 ninja_clmn_nm_parameter\">Par\u00e1metro<\/th><th scope=\"col\"  class=\"ninja_column_1 ninja_clmn_nm_value\">Valor<\/th><\/tr>\n<\/thead>\n<tbody>\n\n        <tr data-row_id=\"84\" class=\"ninja_table_row_0 nt_row_id_84\">\n            <td>N\u00famero de anillos rodantes<\/td><td>4<\/td>        <\/tr>\n            <tr data-row_id=\"85\" class=\"ninja_table_row_1 nt_row_id_85\">\n            <td>Empuje lateral m\u00e1ximo<\/td><td>136 kg<\/td>        <\/tr>\n            <tr data-row_id=\"86\" class=\"ninja_table_row_2 nt_row_id_86\">\n            <td>Paso m\u00e1ximo<\/td><td>40 mm<\/td>        <\/tr>\n            <tr data-row_id=\"87\" class=\"ninja_table_row_3 nt_row_id_87\">\n            <td>Velocidad m\u00e1xima del eje<\/td><td>500 RPM<\/td>        <\/tr>\n            <tr data-row_id=\"88\" class=\"ninja_table_row_4 nt_row_id_88\">\n            <td>Velocidad lineal m\u00e1xima<\/td><td>18 metros \/ minuto<\/td>        <\/tr>\n            <tr data-row_id=\"89\" class=\"ninja_table_row_5 nt_row_id_89\">\n            <td>Peso<\/td><td>18 kg<\/td>        <\/tr>\n            <tr data-row_id=\"90\" class=\"ninja_table_row_6 nt_row_id_90\">\n            <td>Par motor<\/td><td>13 kilos cm<\/td>        <\/tr>\n    <\/tbody><!--ninja_tobody_rendering_done-->\n    <\/table>\n    \n    \n    \n<\/div>\n<\/p>\n<div class=\"xiaoshujiang_element xsj_anchor\"><a class=\"blank_anchor_name\" name=\"applications_3\"><\/a><a id=\"applications_3\" class=\"blank_anchor_id\"><\/a><a class=\"blank_anchor_name\" name=\"applications\"><\/a><a id=\"applications\" class=\"blank_anchor_id\"><\/a><\/div>\n<h2 id=\"applications_3\" class=\"xsj_heading_hash xsj_heading xsj_heading_h2\" data-source-line=\"6\" data-source-line-display=\"true\"><span class=\"xsj_heading_content\">Aplicaciones:<\/span><\/h2>\n<p class=\"xsj_paragraph xsj_paragraph_level_0\" data-source-line=\"8\" data-source-line-display=\"true\">El Rolling Ring Drive est\u00e1 dise\u00f1ado para diversas aplicaciones dentro de los sistemas automatizados, que incluyen:<\/p>\n<ol class=\"markdown_ol\" data-source-line=\"10\">\n<li data-source-line=\"10\">Automatizaci\u00f3n industrial.<\/li>\n<li data-source-line=\"11\">Automatizaci\u00f3n industrial.<\/li>\n<li data-source-line=\"12\">Sistemas de movimiento lineal de precisi\u00f3n.<\/li>\n<li data-source-line=\"13\">Rob\u00f3tica.<\/li>\n<li data-source-line=\"14\">Sistemas de manejo de materiales.<\/li>\n<li data-source-line=\"15\">Maquinaria de paqueteria.<\/li>\n<li data-source-line=\"16\">M\u00e1quinas de impresi\u00f3n y etiquetado.<\/li>\n<li data-source-line=\"17\">Equipos farmac\u00e9uticos y m\u00e9dicos.<\/li>\n<li data-source-line=\"18\">Transportadores y otras aplicaciones de servicio pesado.<\/li>\n<\/ol>\n<div class=\"xiaoshujiang_element xsj_anchor\"><a class=\"blank_anchor_name\" name=\"faqs_4\"><\/a><a id=\"faqs_4\" class=\"blank_anchor_id\"><\/a><a class=\"blank_anchor_name\" name=\"faqs\"><\/a><a id=\"faqs\" class=\"blank_anchor_id\"><\/a><\/div>\n<h2 id=\"faqs_4\" class=\"xsj_heading_hash xsj_heading xsj_heading_h2\" data-source-line=\"20\" data-source-line-display=\"true\"><span class=\"xsj_heading_content\">Preguntas frecuentes:<\/span><\/h2>\n<p class=\"xsj_paragraph xsj_paragraph_level_0\" data-source-line=\"22\" data-source-line-display=\"true\"><strong class=\"markdown_strong_asterisk\">1. \u00bfQu\u00e9 es una unidad de anillo rodante?<\/strong><br \/>\nUn Rolling Ring Drive es un dispositivo mec\u00e1nico que traduce el movimiento giratorio en movimiento lineal. Consiste en un eje de orificio pasante equipado con una serie de anillos de rodadura que se conectan con un eje roscado.<\/p>\n<p class=\"xsj_paragraph xsj_paragraph_level_0\" data-source-line=\"25\" data-source-line-display=\"true\"><strong class=\"markdown_strong_asterisk\">2. \u00bfCu\u00e1l es el empuje lateral m\u00e1ximo del <strong>GP4-50\/4JPX50<\/strong> \u00bfAccionamiento de anillo rodante?<\/strong><br \/>\nEl empuje lateral m\u00e1ximo del <strong>GP4-50\/4JPX50<\/strong> Rolling Ring Drive es de 136 kg, lo que garantiza que pueda transferir fuerza de manera eficiente a otros componentes en su sistema automatizado.<\/p>\n<p class=\"xsj_paragraph xsj_paragraph_level_0\" data-source-line=\"28\" data-source-line-display=\"true\"><strong class=\"markdown_strong_asterisk\">3. \u00bfCu\u00e1l es el tono m\u00e1ximo de la <strong>GP4-50\/4JPX50<\/strong> \u00bfAccionamiento de anillo rodante?<\/strong><br \/>\nEl tono m\u00e1ximo de la <strong>GP4-50\/4JPX50<\/strong> La transmisi\u00f3n del anillo rodante es de 40 mm, lo que significa que se mueve linealmente 40 mm para una rotaci\u00f3n del eje en el ajuste diez en el dial.<\/p>\n<p class=\"xsj_paragraph xsj_paragraph_level_0\" data-source-line=\"31\" data-source-line-display=\"true\"><strong class=\"markdown_strong_asterisk\">4. \u00bfCu\u00e1l es la velocidad lineal m\u00e1xima del <strong>GP4-50\/4JPX50<\/strong> \u00bfAccionamiento de anillo rodante?<\/strong><br \/>\nLa velocidad lineal m\u00e1xima del accionamiento de anillo rodante RG4-50-2MCRF\/GP50 es de 18 metros\/minuto, lo que lo hace perfecto para aplicaciones que requieren un movimiento lineal r\u00e1pido y confiable.<\/p>\n<p class=\"xsj_paragraph xsj_paragraph_level_0\" data-source-line=\"34\" data-source-line-display=\"true\"><strong class=\"markdown_strong_asterisk\">5. \u00bfCu\u00e1l es el peso de la <strong>GP4-50\/4JPX50<\/strong> \u00bfAccionamiento de anillo rodante?<\/strong><br \/>\nEl accionamiento de anillo rodante RG4-50-2MCRF\/GP50 pesa solo 18 kg, lo que facilita su integraci\u00f3n en varios sistemas automatizados sin agregar peso ni volumen sustanciales.<\/p>","protected":false},"excerpt":{"rendered":"<h2 id=\"features_3\" class=\"xsj_heading_hash xsj_heading xsj_heading_h2\" data-source-line=\"6\" data-source-line-display=\"true\"><span class=\"xsj_heading_content\">Caracter\u00edsticas:<\/span><\/h2>\n<ol class=\"markdown_ol\" data-source-line=\"8\">\n<li data-source-line=\"8\">Cuatro configuraciones de anillos rodantes.<\/li>\n<li data-source-line=\"9\">Empuje lateral m\u00e1ximo de 136 kg.<\/li>\n<li data-source-line=\"10\">El paso m\u00e1ximo de 40 mm.<\/li>\n<li data-source-line=\"11\">Velocidad m\u00e1xima del eje de 500 RPM.<\/li>\n<li data-source-line=\"12\">Velocidad lineal m\u00e1xima de 18 metros\/minuto.<\/li>\n<li data-source-line=\"13\">Dise\u00f1o compacto: solo 18 kg.<\/li>\n<li data-source-line=\"14\">Rendimiento fiable y eficiente.<\/li>\n<li data-source-line=\"15\">Construcci\u00f3n duradera y confiabilidad duradera.<\/li>\n<li data-source-line=\"16\">F\u00e1cil instalaci\u00f3n y mantenimiento.<\/li>\n<\/ol>","protected":false},"featured_media":25884,"template":"","meta":{"site-sidebar-layout":"default","site-content-layout":"default","ast-global-header-display":"","ast-banner-title-visibility":"","ast-main-header-display":"","ast-hfb-above-header-display":"","ast-hfb-below-header-display":"","ast-hfb-mobile-header-display":"","site-post-title":"","ast-breadcrumbs-content":"","ast-featured-img":"","footer-sml-layout":"","theme-transparent-header-meta":"default","adv-header-id-meta":"","stick-header-meta":"","header-above-stick-meta":"","header-main-stick-meta":"","header-below-stick-meta":""},"product_brand":[],"product_cat":[34,38],"product_tag":[],"class_list":{"0":"post-25512","1":"product","2":"type-product","3":"status-publish","4":"has-post-thumbnail","6":"product_cat-rolling-ring-drive","7":"product_cat-gp4-type","8":"desktop-align-left","9":"tablet-align-left","10":"mobile-align-left","12":"first","13":"instock","14":"shipping-taxable","15":"product-type-simple"},"yoast_head":"<!-- This site is optimized with the Yoast SEO Premium plugin v20.12 (Yoast SEO v26.0) - https:\/\/yoast.com\/wordpress\/plugins\/seo\/ -->\n<title>Rolling Ring Drive for 50mm Diameter Shaft Model GP4-50 4JPX50 - QiPang<\/title>\n<meta name=\"description\" content=\"Elevate your machinery with our 4 Rolling Ring Drive for 50mm Diameter Shaft. Achieve a maximum linear speed of 18 m\/min and drive torque of 13 Kg Cm.\" \/>\n<meta name=\"robots\" content=\"index, follow, max-snippet:-1, max-image-preview:large, max-video-preview:-1\" \/>\n<link rel=\"canonical\" href=\"https:\/\/rollingringdrives.com\/es\/producto\/accionamiento-de-anillo-rodante-para-eje-de-50mm-de-diametro-modelo-gp50\/\" \/>\n<meta property=\"og:locale\" content=\"es_MX\" \/>\n<meta property=\"og:type\" content=\"article\" \/>\n<meta property=\"og:title\" content=\"Rolling Ring Drive for 50mm Diameter Shaft Model GP4-50 4JPX50\" \/>\n<meta property=\"og:description\" content=\"Elevate your machinery with our 4 Rolling Ring Drive for 50mm Diameter Shaft. Achieve a maximum linear speed of 18 m\/min and drive torque of 13 Kg Cm.\" \/>\n<meta property=\"og:url\" content=\"https:\/\/rollingringdrives.com\/es\/producto\/accionamiento-de-anillo-rodante-para-eje-de-50mm-de-diametro-modelo-gp50\/\" \/>\n<meta property=\"og:site_name\" content=\"QiPang\" \/>\n<meta property=\"article:modified_time\" content=\"2025-07-07T05:55:10+00:00\" \/>\n<meta property=\"og:image\" content=\"https:\/\/rollingringdrives.com\/wp-content\/uploads\/2023\/05\/\u65b0\u566850\u6392\u7ebf\u56684\u73af\u7684-3.jpg\" \/>\n\t<meta property=\"og:image:width\" content=\"1440\" \/>\n\t<meta property=\"og:image:height\" content=\"1080\" \/>\n\t<meta property=\"og:image:type\" content=\"image\/jpeg\" \/>\n<meta name=\"twitter:card\" content=\"summary_large_image\" \/>\n<meta name=\"twitter:label1\" content=\"Tiempo de lectura\" \/>\n\t<meta name=\"twitter:data1\" content=\"2 minutos\" \/>\n<script type=\"application\/ld+json\" class=\"yoast-schema-graph\">{\"@context\":\"https:\/\/schema.org\",\"@graph\":[{\"@type\":\"WebPage\",\"@id\":\"https:\/\/rollingringdrives.com\/product\/rolling-ring-drive-for-50mm-diameter-shaft-model-gp50\/\",\"url\":\"https:\/\/rollingringdrives.com\/product\/rolling-ring-drive-for-50mm-diameter-shaft-model-gp50\/\",\"name\":\"Rolling Ring Drive for 50mm Diameter Shaft Model GP4-50 4JPX50 - QiPang\",\"isPartOf\":{\"@id\":\"https:\/\/rollingringdrives.com\/#website\"},\"primaryImageOfPage\":{\"@id\":\"https:\/\/rollingringdrives.com\/product\/rolling-ring-drive-for-50mm-diameter-shaft-model-gp50\/#primaryimage\"},\"image\":{\"@id\":\"https:\/\/rollingringdrives.com\/product\/rolling-ring-drive-for-50mm-diameter-shaft-model-gp50\/#primaryimage\"},\"thumbnailUrl\":\"https:\/\/rollingringdrives.com\/wp-content\/uploads\/2023\/05\/\u65b0\u566850\u6392\u7ebf\u56684\u73af\u7684-3.jpg\",\"datePublished\":\"2023-05-16T06:39:22+00:00\",\"dateModified\":\"2025-07-07T05:55:10+00:00\",\"description\":\"Elevate your machinery with our 4 Rolling Ring Drive for 50mm Diameter Shaft. Achieve a maximum linear speed of 18 m\/min and drive torque of 13 Kg Cm.\",\"breadcrumb\":{\"@id\":\"https:\/\/rollingringdrives.com\/product\/rolling-ring-drive-for-50mm-diameter-shaft-model-gp50\/#breadcrumb\"},\"inLanguage\":\"es\",\"potentialAction\":[{\"@type\":\"ReadAction\",\"target\":[\"https:\/\/rollingringdrives.com\/product\/rolling-ring-drive-for-50mm-diameter-shaft-model-gp50\/\"]}]},{\"@type\":\"ImageObject\",\"inLanguage\":\"es\",\"@id\":\"https:\/\/rollingringdrives.com\/product\/rolling-ring-drive-for-50mm-diameter-shaft-model-gp50\/#primaryimage\",\"url\":\"https:\/\/rollingringdrives.com\/wp-content\/uploads\/2023\/05\/\u65b0\u566850\u6392\u7ebf\u56684\u73af\u7684-3.jpg\",\"contentUrl\":\"https:\/\/rollingringdrives.com\/wp-content\/uploads\/2023\/05\/\u65b0\u566850\u6392\u7ebf\u56684\u73af\u7684-3.jpg\",\"width\":1440,\"height\":1080,\"caption\":\"Rolling Ring Drive for 50mm Diameter Shaft Model GP4-50 4JPX50\"},{\"@type\":\"BreadcrumbList\",\"@id\":\"https:\/\/rollingringdrives.com\/product\/rolling-ring-drive-for-50mm-diameter-shaft-model-gp50\/#breadcrumb\",\"itemListElement\":[{\"@type\":\"ListItem\",\"position\":1,\"name\":\"Home\",\"item\":\"https:\/\/rollingringdrives.com\/\"},{\"@type\":\"ListItem\",\"position\":2,\"name\":\"Machines\",\"item\":\"https:\/\/rollingringdrives.com\/machines\/\"},{\"@type\":\"ListItem\",\"position\":3,\"name\":\"Rolling Ring Drive for 50mm Diameter Shaft Model GP4-50 4JPX50\"}]},{\"@type\":\"WebSite\",\"@id\":\"https:\/\/rollingringdrives.com\/#website\",\"url\":\"https:\/\/rollingringdrives.com\/\",\"name\":\"QiPang\",\"description\":\"QiPang Blog\",\"publisher\":{\"@id\":\"https:\/\/rollingringdrives.com\/#organization\"},\"potentialAction\":[{\"@type\":\"SearchAction\",\"target\":{\"@type\":\"EntryPoint\",\"urlTemplate\":\"https:\/\/rollingringdrives.com\/?s={search_term_string}\"},\"query-input\":{\"@type\":\"PropertyValueSpecification\",\"valueRequired\":true,\"valueName\":\"search_term_string\"}}],\"inLanguage\":\"es\"},{\"@type\":\"Organization\",\"@id\":\"https:\/\/rollingringdrives.com\/#organization\",\"name\":\"QiPang\",\"url\":\"https:\/\/rollingringdrives.com\/\",\"logo\":{\"@type\":\"ImageObject\",\"inLanguage\":\"es\",\"@id\":\"https:\/\/rollingringdrives.com\/#\/schema\/logo\/image\/\",\"url\":\"https:\/\/rollingringdrives.com\/wp-content\/uploads\/2023\/05\/cropped-\u672a\u547d\u540d\u7684\u8bbe\u8ba1.png\",\"contentUrl\":\"https:\/\/rollingringdrives.com\/wp-content\/uploads\/2023\/05\/cropped-\u672a\u547d\u540d\u7684\u8bbe\u8ba1.png\",\"width\":300,\"height\":191,\"caption\":\"QiPang\"},\"image\":{\"@id\":\"https:\/\/rollingringdrives.com\/#\/schema\/logo\/image\/\"}}]}<\/script>\n<!-- \/ Yoast SEO Premium plugin. -->","yoast_head_json":{"title":"Unidad de anillo rodante para eje de 50 mm de di\u00e1metro Modelo GP4-50 4JPX50 - QiPang","description":"Eleve su maquinaria con nuestra transmisi\u00f3n de 4 anillos rodantes para eje de 50 mm de di\u00e1metro. Consigue una velocidad lineal m\u00e1xima de 18 m\/min y un par motor de 13 Kg Cm.","robots":{"index":"index","follow":"follow","max-snippet":"max-snippet:-1","max-image-preview":"max-image-preview:large","max-video-preview":"max-video-preview:-1"},"canonical":"https:\/\/rollingringdrives.com\/es\/producto\/accionamiento-de-anillo-rodante-para-eje-de-50mm-de-diametro-modelo-gp50\/","og_locale":"es_MX","og_type":"article","og_title":"Rolling Ring Drive for 50mm Diameter Shaft Model GP4-50 4JPX50","og_description":"Elevate your machinery with our 4 Rolling Ring Drive for 50mm Diameter Shaft. Achieve a maximum linear speed of 18 m\/min and drive torque of 13 Kg Cm.","og_url":"https:\/\/rollingringdrives.com\/es\/producto\/accionamiento-de-anillo-rodante-para-eje-de-50mm-de-diametro-modelo-gp50\/","og_site_name":"QiPang","article_modified_time":"2025-07-07T05:55:10+00:00","og_image":[{"width":1440,"height":1080,"url":"https:\/\/rollingringdrives.com\/wp-content\/uploads\/2023\/05\/\u65b0\u566850\u6392\u7ebf\u56684\u73af\u7684-3.jpg","type":"image\/jpeg"}],"twitter_card":"summary_large_image","twitter_misc":{"Tiempo de lectura":"2 minutos"},"schema":{"@context":"https:\/\/schema.org","@graph":[{"@type":"WebPage","@id":"https:\/\/rollingringdrives.com\/product\/rolling-ring-drive-for-50mm-diameter-shaft-model-gp50\/","url":"https:\/\/rollingringdrives.com\/product\/rolling-ring-drive-for-50mm-diameter-shaft-model-gp50\/","name":"Unidad de anillo rodante para eje de 50 mm de di\u00e1metro Modelo GP4-50 4JPX50 - QiPang","isPartOf":{"@id":"https:\/\/rollingringdrives.com\/#website"},"primaryImageOfPage":{"@id":"https:\/\/rollingringdrives.com\/product\/rolling-ring-drive-for-50mm-diameter-shaft-model-gp50\/#primaryimage"},"image":{"@id":"https:\/\/rollingringdrives.com\/product\/rolling-ring-drive-for-50mm-diameter-shaft-model-gp50\/#primaryimage"},"thumbnailUrl":"https:\/\/rollingringdrives.com\/wp-content\/uploads\/2023\/05\/\u65b0\u566850\u6392\u7ebf\u56684\u73af\u7684-3.jpg","datePublished":"2023-05-16T06:39:22+00:00","dateModified":"2025-07-07T05:55:10+00:00","description":"Eleve su maquinaria con nuestra transmisi\u00f3n de 4 anillos rodantes para eje de 50 mm de di\u00e1metro. Consigue una velocidad lineal m\u00e1xima de 18 m\/min y un par motor de 13 Kg Cm.","breadcrumb":{"@id":"https:\/\/rollingringdrives.com\/product\/rolling-ring-drive-for-50mm-diameter-shaft-model-gp50\/#breadcrumb"},"inLanguage":"es","potentialAction":[{"@type":"ReadAction","target":["https:\/\/rollingringdrives.com\/product\/rolling-ring-drive-for-50mm-diameter-shaft-model-gp50\/"]}]},{"@type":"ImageObject","inLanguage":"es","@id":"https:\/\/rollingringdrives.com\/product\/rolling-ring-drive-for-50mm-diameter-shaft-model-gp50\/#primaryimage","url":"https:\/\/rollingringdrives.com\/wp-content\/uploads\/2023\/05\/\u65b0\u566850\u6392\u7ebf\u56684\u73af\u7684-3.jpg","contentUrl":"https:\/\/rollingringdrives.com\/wp-content\/uploads\/2023\/05\/\u65b0\u566850\u6392\u7ebf\u56684\u73af\u7684-3.jpg","width":1440,"height":1080,"caption":"Rolling Ring Drive for 50mm Diameter Shaft Model GP4-50 4JPX50"},{"@type":"BreadcrumbList","@id":"https:\/\/rollingringdrives.com\/product\/rolling-ring-drive-for-50mm-diameter-shaft-model-gp50\/#breadcrumb","itemListElement":[{"@type":"ListItem","position":1,"name":"Home","item":"https:\/\/rollingringdrives.com\/"},{"@type":"ListItem","position":2,"name":"Machines","item":"https:\/\/rollingringdrives.com\/machines\/"},{"@type":"ListItem","position":3,"name":"Rolling Ring Drive for 50mm Diameter Shaft Model GP4-50 4JPX50"}]},{"@type":"WebSite","@id":"https:\/\/rollingringdrives.com\/#website","url":"https:\/\/rollingringdrives.com\/","name":"Qi Pang","description":"Blog QiPang","publisher":{"@id":"https:\/\/rollingringdrives.com\/#organization"},"potentialAction":[{"@type":"SearchAction","target":{"@type":"EntryPoint","urlTemplate":"https:\/\/rollingringdrives.com\/?s={search_term_string}"},"query-input":{"@type":"PropertyValueSpecification","valueRequired":true,"valueName":"search_term_string"}}],"inLanguage":"es"},{"@type":"Organization","@id":"https:\/\/rollingringdrives.com\/#organization","name":"Qi Pang","url":"https:\/\/rollingringdrives.com\/","logo":{"@type":"ImageObject","inLanguage":"es","@id":"https:\/\/rollingringdrives.com\/#\/schema\/logo\/image\/","url":"https:\/\/rollingringdrives.com\/wp-content\/uploads\/2023\/05\/cropped-\u672a\u547d\u540d\u7684\u8bbe\u8ba1.png","contentUrl":"https:\/\/rollingringdrives.com\/wp-content\/uploads\/2023\/05\/cropped-\u672a\u547d\u540d\u7684\u8bbe\u8ba1.png","width":300,"height":191,"caption":"QiPang"},"image":{"@id":"https:\/\/rollingringdrives.com\/#\/schema\/logo\/image\/"}}]}},"_links":{"self":[{"href":"https:\/\/rollingringdrives.com\/es\/wp-json\/wp\/v2\/product\/25512","targetHints":{"allow":["GET"]}}],"collection":[{"href":"https:\/\/rollingringdrives.com\/es\/wp-json\/wp\/v2\/product"}],"about":[{"href":"https:\/\/rollingringdrives.com\/es\/wp-json\/wp\/v2\/types\/product"}],"version-history":[{"count":0,"href":"https:\/\/rollingringdrives.com\/es\/wp-json\/wp\/v2\/product\/25512\/revisions"}],"wp:featuredmedia":[{"embeddable":true,"href":"https:\/\/rollingringdrives.com\/es\/wp-json\/wp\/v2\/media\/25884"}],"wp:attachment":[{"href":"https:\/\/rollingringdrives.com\/es\/wp-json\/wp\/v2\/media?parent=25512"}],"wp:term":[{"taxonomy":"product_brand","embeddable":true,"href":"https:\/\/rollingringdrives.com\/es\/wp-json\/wp\/v2\/product_brand?post=25512"},{"taxonomy":"product_cat","embeddable":true,"href":"https:\/\/rollingringdrives.com\/es\/wp-json\/wp\/v2\/product_cat?post=25512"},{"taxonomy":"product_tag","embeddable":true,"href":"https:\/\/rollingringdrives.com\/es\/wp-json\/wp\/v2\/product_tag?post=25512"}],"curies":[{"name":"wp","href":"https:\/\/api.w.org\/{rel}","templated":true}]}}