{"id":25525,"date":"2023-05-16T08:45:59","date_gmt":"2023-05-16T08:45:59","guid":{"rendered":"https:\/\/rollingringdrives.com\/?post_type=product&#038;p=25525"},"modified":"2023-05-31T02:46:06","modified_gmt":"2023-05-31T02:46:06","slug":"rolling-ring-drive-similar-to-uhing-rg3-15-2mcrf-for-15mm-diameter-shaft","status":"publish","type":"product","link":"https:\/\/rollingringdrives.com\/es\/producto\/transmision-de-anillo-rodante-similar-a-uhing-rg3-15-2mcrf-para-eje-de-15mm-de-diametro\/","title":{"rendered":"Unidad de anillo rodante similar a RG3-15-2MCRF para eje de 15 mm de di\u00e1metro"},"content":{"rendered":"<div class=\"xiaoshujiang_element xsj_anchor\"><\/div>\n<h2 id=\"traverse20units20model20rg3-15-2mcrfpx15_2\" class=\"xsj_heading_hash xsj_heading xsj_heading_h2\" data-source-line=\"2\" data-source-line-display=\"true\"><span class=\"xsj_heading_content\">Unidades transversales <span style=\"text-decoration: underline;\"><strong>Modelo RG3-15-2MCRF\/PX15<\/strong><\/span><\/span><\/h2>\n<p class=\"xsj_paragraph xsj_paragraph_level_0\" data-source-line=\"4\" data-source-line-display=\"true\">El <strong>Unidad de anillo rodante RG3-15-2MCRF\/PX15<\/strong> es un sistema de accionamiento vers\u00e1til y fiable que utiliza <strong>Similar a Unidades transversales Uhing<\/strong> para un rendimiento superior. Con <strong>3 anillos rodantes<\/strong>, este sistema de propulsi\u00f3n puede alcanzar un empuje lateral m\u00e1ximo de hasta 9 kg o 90N. Tambi\u00e9n tiene un paso m\u00e1ximo de 10 mm, lo que permite un movimiento lineal con una rotaci\u00f3n del eje en el ajuste diez de la esfera. A 2000 RPM, este sistema de transmisi\u00f3n puede alcanzar una velocidad m\u00e1xima del eje con una velocidad lineal m\u00e1xima de 19 metros por minuto. Este modelo est\u00e1 dise\u00f1ado para un <strong>eje de 15 mm de di\u00e1metro<\/strong> y pesa solo 0,9 kg, lo que lo hace perfecto para diversas aplicaciones.<\/p>\n<p data-source-line=\"4\" data-source-line-display=\"true\"><div id=\"footable_parent_25531\"\n         class=\"footable_parent ninja_table_wrapper loading_ninja_table wp_table_data_press_parent semantic_ui\">\n                <table data-ninja_table_instance=\"ninja_table_instance_0\" data-footable_id=\"25531\" data-filter-delay=\"1000\" aria-label=\"7\u65b0\u5efa X3sLSX \u5de5\u4f5c\u8868 (2).csv\"            id=\"footable_25531\"\n           data-unique_identifier=\"ninja_table_unique_id_1466511980_25531\"\n           class=\"foo-table ninja_footable foo_table_25531 ninja_table_unique_id_1466511980_25531 ui table  nt_type_legacy_table selectable striped vertical_centered  footable-paging-right ninja_table_search_disabled ninja_table_pro\">\n                <colgroup>\n                            <col class=\"ninja_column_0\">\n                            <col class=\"ninja_column_1\">\n                    <\/colgroup>\n        <thead>\n<tr class=\"footable-header\">\n                                        <th scope=\"col\"  class=\"ninja_column_0 ninja_clmn_nm_parameter\">Par\u00e1metro<\/th><th scope=\"col\"  class=\"ninja_column_1 ninja_clmn_nm_value\">Valor<\/th><\/tr>\n<\/thead>\n<tbody>\n\n        <tr data-row_id=\"98\" class=\"ninja_table_row_0 nt_row_id_98\">\n            <td>N\u00famero de anillo rodante<\/td><td>3<\/td>        <\/tr>\n            <tr data-row_id=\"99\" class=\"ninja_table_row_1 nt_row_id_99\">\n            <td>Empuje lateral m\u00e1ximo<\/td><td>9Kg \/ 90N<\/td>        <\/tr>\n            <tr data-row_id=\"100\" class=\"ninja_table_row_2 nt_row_id_100\">\n            <td>Paso m\u00e1ximo<\/td><td>10 mm (movimiento lineal para una rotaci\u00f3n del eje en el ajuste 10 del dial)<\/td>        <\/tr>\n            <tr data-row_id=\"101\" class=\"ninja_table_row_3 nt_row_id_101\">\n            <td>Velocidad m\u00e1xima del eje<\/td><td>2000 RPM<\/td>        <\/tr>\n            <tr data-row_id=\"102\" class=\"ninja_table_row_4 nt_row_id_102\">\n            <td>Velocidad lineal m\u00e1xima<\/td><td>19 metros \/ minuto<\/td>        <\/tr>\n            <tr data-row_id=\"103\" class=\"ninja_table_row_5 nt_row_id_103\">\n            <td>Peso<\/td><td>0,9 kg<\/td>        <\/tr>\n            <tr data-row_id=\"104\" class=\"ninja_table_row_6 nt_row_id_104\">\n            <td>Par motor<\/td><td>0,3 kg cm<\/td>        <\/tr>\n    <\/tbody><!--ninja_tobody_rendering_done-->\n    <\/table>\n    \n    \n    \n<\/div>\n<\/p>\n<figure id=\"attachment_27213\" aria-describedby=\"caption-attachment-27213\" style=\"width: 1024px\" class=\"wp-caption alignnone\"><img fetchpriority=\"high\" decoding=\"async\" class=\"wp-image-27213 size-large\" src=\"https:\/\/rollingringdrives.com\/wp-content\/uploads\/2023\/05\/\u5fb7\u56fd15\u5916\u5f62\u5c3a\u5bf8_00-1024x724.png\" alt=\"Alemania RG3-15-2MCRF dibujo dimensional\" width=\"1024\" height=\"724\" srcset=\"https:\/\/rollingringdrives.com\/wp-content\/uploads\/2023\/05\/\u5fb7\u56fd15\u5916\u5f62\u5c3a\u5bf8_00-1024x724.png 1024w, https:\/\/rollingringdrives.com\/wp-content\/uploads\/2023\/05\/\u5fb7\u56fd15\u5916\u5f62\u5c3a\u5bf8_00-300x212.png 300w, https:\/\/rollingringdrives.com\/wp-content\/uploads\/2023\/05\/\u5fb7\u56fd15\u5916\u5f62\u5c3a\u5bf8_00-768x543.png 768w, https:\/\/rollingringdrives.com\/wp-content\/uploads\/2023\/05\/\u5fb7\u56fd15\u5916\u5f62\u5c3a\u5bf8_00-1536x1086.png 1536w, https:\/\/rollingringdrives.com\/wp-content\/uploads\/2023\/05\/\u5fb7\u56fd15\u5916\u5f62\u5c3a\u5bf8_00-2048x1448.png 2048w, https:\/\/rollingringdrives.com\/wp-content\/uploads\/2023\/05\/\u5fb7\u56fd15\u5916\u5f62\u5c3a\u5bf8_00-600x424.png 600w\" sizes=\"(max-width: 1024px) 100vw, 1024px\" \/><figcaption id=\"caption-attachment-27213\" class=\"wp-caption-text\">Alemania RG3-15-2MCRF dibujo dimensional<\/figcaption><\/figure>\n<div class=\"xiaoshujiang_element xsj_anchor\"><a href=\"https:\/\/rollingringdrives.com\/wp-content\/uploads\/2023\/05\/Instruction-manual.pdf\" target=\"_blank\" rel=\"noopener\">Descargar manual\u2193<\/a><a class=\"blank_anchor_name\" name=\"applications_3\"><\/a><a id=\"applications_3\" class=\"blank_anchor_id\"><\/a><a class=\"blank_anchor_name\" name=\"applications\"><\/a><a id=\"applications\" class=\"blank_anchor_id\"><\/a><\/div>\n<div><\/div>\n<h2 id=\"applications_3\" class=\"xsj_heading_hash xsj_heading xsj_heading_h2\" data-source-line=\"6\" data-source-line-display=\"true\"><span class=\"xsj_heading_content\">Aplicaciones:<\/span><\/h2>\n<p class=\"xsj_paragraph xsj_paragraph_level_0\" data-source-line=\"8\" data-source-line-display=\"true\">El accionamiento de anillo rodante RG3-15-2MCRF\/PX15 es perfecto para una variedad de aplicaciones, que incluyen:<\/p>\n<ol>\n<li class=\"xsj_paragraph xsj_paragraph_level_0\" data-source-line=\"10\" data-source-line-display=\"true\">Aplicaciones de bobinado y desenrollado.<\/li>\n<li class=\"xsj_paragraph xsj_paragraph_level_0\" data-source-line=\"12\" data-source-line-display=\"true\">Sistemas transportadores.<\/li>\n<li class=\"xsj_paragraph xsj_paragraph_level_0\" data-source-line=\"14\" data-source-line-display=\"true\">Sistemas de manejo de materiales.<\/li>\n<li class=\"xsj_paragraph xsj_paragraph_level_0\" data-source-line=\"16\" data-source-line-display=\"true\">M\u00e1quinas bobinadoras y bobinadoras.<\/li>\n<li class=\"xsj_paragraph xsj_paragraph_level_0\" data-source-line=\"18\" data-source-line-display=\"true\">M\u00e1quinas de procesamiento de pel\u00edculas y l\u00e1minas.<\/li>\n<li class=\"xsj_paragraph xsj_paragraph_level_0\" data-source-line=\"20\" data-source-line-display=\"true\">Maquinaria de paqueteria.<\/li>\n<li class=\"xsj_paragraph xsj_paragraph_level_0\" data-source-line=\"22\" data-source-line-display=\"true\">M\u00e1quinas de impresi\u00f3n y etiquetado.<\/li>\n<li class=\"xsj_paragraph xsj_paragraph_level_0\" data-source-line=\"24\" data-source-line-display=\"true\">Maquinaria textil.<\/li>\n<\/ol>\n<h2 class=\"xsj_heading_hash xsj_heading xsj_heading_h2\" data-source-line=\"27\" data-source-line-display=\"true\"><span class=\"xsj_heading_content\">preguntas frecuentes para <\/span><span class=\"xsj_heading_content\">Uhing RG3-15-2mcrf<\/span><span class=\"xsj_heading_content\">:<\/span><\/h2>\n<p class=\"xsj_paragraph xsj_paragraph_level_0\" data-source-line=\"29\" data-source-line-display=\"true\"><strong class=\"markdown_strong_asterisk\">1. \u00bfCu\u00e1l es el empuje lateral m\u00e1ximo de la unidad de anillo rodante Uhing RG3-15-2mcrf?<\/strong><br \/>\nEl empuje lateral m\u00e1ximo es de hasta 9 kg o 90N.<\/p>\n<p class=\"xsj_paragraph xsj_paragraph_level_0\" data-source-line=\"32\" data-source-line-display=\"true\"><strong class=\"markdown_strong_asterisk\">2. \u00bfCu\u00e1l es el paso m\u00e1ximo de la unidad de anillo rodante RG3-15-2MCRF\/PX15?<\/strong><br \/>\nEl paso m\u00e1ximo es de 10 mm, lo que permite un movimiento lineal con una rotaci\u00f3n del eje en el ajuste diez del dial.<\/p>\n<p class=\"xsj_paragraph xsj_paragraph_level_0\" data-source-line=\"35\" data-source-line-display=\"true\"><strong class=\"markdown_strong_asterisk\">3. \u00bfCu\u00e1l es la velocidad m\u00e1xima del eje del impulsor de anillo rodante RG3-15-2MCRF\/PX15?<\/strong><br \/>\nLa velocidad m\u00e1xima del eje es de 2000 RPM.<\/p>\n<p class=\"xsj_paragraph xsj_paragraph_level_0\" data-source-line=\"38\" data-source-line-display=\"true\"><strong class=\"markdown_strong_asterisk\">4. \u00bfCu\u00e1l es la velocidad lineal m\u00e1xima del accionamiento de anillo rodante RG3-15-2MCRF\/PX15?<\/strong><br \/>\nLa velocidad lineal m\u00e1xima es de 19 metros por minuto.<\/p>\n<p class=\"xsj_paragraph xsj_paragraph_level_0\" data-source-line=\"41\" data-source-line-display=\"true\"><strong class=\"markdown_strong_asterisk\">5. \u00bfPara qu\u00e9 aplicaciones es adecuado el accionamiento de anillo rodante RG3-15-2MCRF\/PX15?<\/strong><br \/>\nEl accionamiento de anillo rodante RG3-15-2MCRF\/PX15 es adecuado para una amplia gama de aplicaciones, que incluyen bobinado y desenrollado, sistemas de transporte, manipulaci\u00f3n de materiales, bobinado y enrollado, procesamiento de pel\u00edculas y l\u00e1minas, embalaje, impresi\u00f3n y etiquetado, y maquinaria textil.<\/p>","protected":false},"excerpt":{"rendered":"<h2 id=\"features_3\" class=\"xsj_heading_hash xsj_heading xsj_heading_h2\" data-source-line=\"6\" data-source-line-display=\"true\"><span class=\"xsj_heading_content\">Caracter\u00edsticas:<\/span><\/h2>\n<ol>\n<li class=\"xsj_paragraph xsj_paragraph_level_0\" data-source-line=\"8\" data-source-line-display=\"true\">Utiliza unidades transversales Uhing para un rendimiento superior.<\/li>\n<li class=\"xsj_paragraph xsj_paragraph_level_0\" data-source-line=\"10\" data-source-line-display=\"true\">Tres anillos de rodadura para empuje lateral m\u00e1ximo de hasta 9 kg o 90N.<\/li>\n<li class=\"xsj_paragraph xsj_paragraph_level_0\" data-source-line=\"12\" data-source-line-display=\"true\">El paso m\u00e1ximo es de 10 mm para movimiento lineal con una rotaci\u00f3n del eje en el ajuste diez del dial.<\/li>\n<li class=\"xsj_paragraph xsj_paragraph_level_0\" data-source-line=\"14\" data-source-line-display=\"true\">Velocidad m\u00e1xima del eje de 2000 RPM.<\/li>\n<li class=\"xsj_paragraph xsj_paragraph_level_0\" data-source-line=\"16\" data-source-line-display=\"true\">Velocidad lineal m\u00e1xima de 19 metros por minuto.<\/li>\n<li class=\"xsj_paragraph xsj_paragraph_level_0\" data-source-line=\"18\" data-source-line-display=\"true\">Dise\u00f1ado espec\u00edficamente para un eje de 15 mm de di\u00e1metro.<\/li>\n<li class=\"xsj_paragraph xsj_paragraph_level_0\" data-source-line=\"20\" data-source-line-display=\"true\">Dise\u00f1o ligero, con un peso de s\u00f3lo 0,9 kg.<\/li>\n<\/ol>","protected":false},"featured_media":26130,"template":"","meta":{"site-sidebar-layout":"default","site-content-layout":"default","ast-global-header-display":"","ast-banner-title-visibility":"","ast-main-header-display":"","ast-hfb-above-header-display":"","ast-hfb-below-header-display":"","ast-hfb-mobile-header-display":"","site-post-title":"","ast-breadcrumbs-content":"","ast-featured-img":"","footer-sml-layout":"","theme-transparent-header-meta":"default","adv-header-id-meta":"","stick-header-meta":"","header-above-stick-meta":"","header-main-stick-meta":"","header-below-stick-meta":""},"product_brand":[],"product_cat":[34,45],"product_tag":[],"class_list":{"0":"post-25525","1":"product","2":"type-product","3":"status-publish","4":"has-post-thumbnail","6":"product_cat-rolling-ring-drive","7":"product_cat-similar-to-uhing-rolling-ring-drive","8":"desktop-align-left","9":"tablet-align-left","10":"mobile-align-left","12":"first","13":"instock","14":"shipping-taxable","15":"product-type-simple"},"yoast_head":"<!-- This site is optimized with the Yoast SEO Premium plugin v20.12 (Yoast SEO v26.0) - https:\/\/yoast.com\/wordpress\/plugins\/seo\/ -->\n<title>Rolling Ring Drive Similar To RG3-15-2MCRF for 15mm Diameter Shaft - QiPang<\/title>\n<meta name=\"description\" content=\"Looking for a high-performance rolling ring? Check out our product similar to Uhing RG3-15-2mcrf. Contact us for more information!\" \/>\n<meta name=\"robots\" content=\"index, follow, max-snippet:-1, max-image-preview:large, max-video-preview:-1\" \/>\n<link rel=\"canonical\" href=\"https:\/\/rollingringdrives.com\/es\/producto\/transmision-de-anillo-rodante-similar-a-uhing-rg3-15-2mcrf-para-eje-de-15mm-de-diametro\/\" \/>\n<meta property=\"og:locale\" content=\"es_MX\" \/>\n<meta property=\"og:type\" content=\"article\" \/>\n<meta property=\"og:title\" content=\"Rolling Ring Drive Similar To RG3-15-2MCRF for 15mm Diameter Shaft\" \/>\n<meta property=\"og:description\" content=\"Looking for a high-performance rolling ring? Check out our product similar to Uhing RG3-15-2mcrf. Contact us for more information!\" \/>\n<meta property=\"og:url\" content=\"https:\/\/rollingringdrives.com\/es\/producto\/transmision-de-anillo-rodante-similar-a-uhing-rg3-15-2mcrf-para-eje-de-15mm-de-diametro\/\" \/>\n<meta property=\"og:site_name\" content=\"QiPang\" \/>\n<meta property=\"article:modified_time\" content=\"2023-05-31T02:46:06+00:00\" \/>\n<meta property=\"og:image\" content=\"https:\/\/rollingringdrives.com\/wp-content\/uploads\/2023\/05\/\u672a\u547d\u540d\u7684\u8bbe\u8ba1-2.png\" \/>\n\t<meta property=\"og:image:width\" content=\"500\" \/>\n\t<meta property=\"og:image:height\" content=\"500\" \/>\n\t<meta property=\"og:image:type\" content=\"image\/png\" \/>\n<meta name=\"twitter:card\" content=\"summary_large_image\" \/>\n<meta name=\"twitter:label1\" content=\"Tiempo de lectura\" \/>\n\t<meta name=\"twitter:data1\" content=\"2 minutos\" \/>\n<script type=\"application\/ld+json\" class=\"yoast-schema-graph\">{\"@context\":\"https:\/\/schema.org\",\"@graph\":[{\"@type\":\"WebPage\",\"@id\":\"https:\/\/rollingringdrives.com\/product\/rolling-ring-drive-similar-to-uhing-rg3-15-2mcrf-for-15mm-diameter-shaft\/\",\"url\":\"https:\/\/rollingringdrives.com\/product\/rolling-ring-drive-similar-to-uhing-rg3-15-2mcrf-for-15mm-diameter-shaft\/\",\"name\":\"Rolling Ring Drive Similar To RG3-15-2MCRF for 15mm Diameter Shaft - QiPang\",\"isPartOf\":{\"@id\":\"https:\/\/rollingringdrives.com\/#website\"},\"primaryImageOfPage\":{\"@id\":\"https:\/\/rollingringdrives.com\/product\/rolling-ring-drive-similar-to-uhing-rg3-15-2mcrf-for-15mm-diameter-shaft\/#primaryimage\"},\"image\":{\"@id\":\"https:\/\/rollingringdrives.com\/product\/rolling-ring-drive-similar-to-uhing-rg3-15-2mcrf-for-15mm-diameter-shaft\/#primaryimage\"},\"thumbnailUrl\":\"https:\/\/rollingringdrives.com\/wp-content\/uploads\/2023\/05\/\u672a\u547d\u540d\u7684\u8bbe\u8ba1-2.png\",\"datePublished\":\"2023-05-16T08:45:59+00:00\",\"dateModified\":\"2023-05-31T02:46:06+00:00\",\"description\":\"Looking for a high-performance rolling ring? Check out our product similar to Uhing RG3-15-2mcrf. Contact us for more information!\",\"breadcrumb\":{\"@id\":\"https:\/\/rollingringdrives.com\/product\/rolling-ring-drive-similar-to-uhing-rg3-15-2mcrf-for-15mm-diameter-shaft\/#breadcrumb\"},\"inLanguage\":\"es\",\"potentialAction\":[{\"@type\":\"ReadAction\",\"target\":[\"https:\/\/rollingringdrives.com\/product\/rolling-ring-drive-similar-to-uhing-rg3-15-2mcrf-for-15mm-diameter-shaft\/\"]}]},{\"@type\":\"ImageObject\",\"inLanguage\":\"es\",\"@id\":\"https:\/\/rollingringdrives.com\/product\/rolling-ring-drive-similar-to-uhing-rg3-15-2mcrf-for-15mm-diameter-shaft\/#primaryimage\",\"url\":\"https:\/\/rollingringdrives.com\/wp-content\/uploads\/2023\/05\/\u672a\u547d\u540d\u7684\u8bbe\u8ba1-2.png\",\"contentUrl\":\"https:\/\/rollingringdrives.com\/wp-content\/uploads\/2023\/05\/\u672a\u547d\u540d\u7684\u8bbe\u8ba1-2.png\",\"width\":500,\"height\":500,\"caption\":\"Rolling Ring Drive Similar To RG3-15-2MCRF for 15mm Diameter Shaft\"},{\"@type\":\"BreadcrumbList\",\"@id\":\"https:\/\/rollingringdrives.com\/product\/rolling-ring-drive-similar-to-uhing-rg3-15-2mcrf-for-15mm-diameter-shaft\/#breadcrumb\",\"itemListElement\":[{\"@type\":\"ListItem\",\"position\":1,\"name\":\"Home\",\"item\":\"https:\/\/rollingringdrives.com\/\"},{\"@type\":\"ListItem\",\"position\":2,\"name\":\"Machines\",\"item\":\"https:\/\/rollingringdrives.com\/machines\/\"},{\"@type\":\"ListItem\",\"position\":3,\"name\":\"Rolling Ring Drive Similar To RG3-15-2MCRF for 15mm Diameter Shaft\"}]},{\"@type\":\"WebSite\",\"@id\":\"https:\/\/rollingringdrives.com\/#website\",\"url\":\"https:\/\/rollingringdrives.com\/\",\"name\":\"QiPang\",\"description\":\"QiPang Blog\",\"publisher\":{\"@id\":\"https:\/\/rollingringdrives.com\/#organization\"},\"potentialAction\":[{\"@type\":\"SearchAction\",\"target\":{\"@type\":\"EntryPoint\",\"urlTemplate\":\"https:\/\/rollingringdrives.com\/?s={search_term_string}\"},\"query-input\":{\"@type\":\"PropertyValueSpecification\",\"valueRequired\":true,\"valueName\":\"search_term_string\"}}],\"inLanguage\":\"es\"},{\"@type\":\"Organization\",\"@id\":\"https:\/\/rollingringdrives.com\/#organization\",\"name\":\"QiPang\",\"url\":\"https:\/\/rollingringdrives.com\/\",\"logo\":{\"@type\":\"ImageObject\",\"inLanguage\":\"es\",\"@id\":\"https:\/\/rollingringdrives.com\/#\/schema\/logo\/image\/\",\"url\":\"https:\/\/rollingringdrives.com\/wp-content\/uploads\/2023\/05\/cropped-\u672a\u547d\u540d\u7684\u8bbe\u8ba1.png\",\"contentUrl\":\"https:\/\/rollingringdrives.com\/wp-content\/uploads\/2023\/05\/cropped-\u672a\u547d\u540d\u7684\u8bbe\u8ba1.png\",\"width\":300,\"height\":191,\"caption\":\"QiPang\"},\"image\":{\"@id\":\"https:\/\/rollingringdrives.com\/#\/schema\/logo\/image\/\"}}]}<\/script>\n<!-- \/ Yoast SEO Premium plugin. -->","yoast_head_json":{"title":"Unidad de anillo rodante similar a RG3-15-2MCRF para eje de 15 mm de di\u00e1metro - QiPang","description":"\u00bfBusca un anillo rodante de alto rendimiento? Echa un vistazo a nuestro producto similar a Uhing RG3-15-2mcrf. \u00a1Cont\u00e1ctenos para m\u00e1s informaci\u00f3n!","robots":{"index":"index","follow":"follow","max-snippet":"max-snippet:-1","max-image-preview":"max-image-preview:large","max-video-preview":"max-video-preview:-1"},"canonical":"https:\/\/rollingringdrives.com\/es\/producto\/transmision-de-anillo-rodante-similar-a-uhing-rg3-15-2mcrf-para-eje-de-15mm-de-diametro\/","og_locale":"es_MX","og_type":"article","og_title":"Rolling Ring Drive Similar To RG3-15-2MCRF for 15mm Diameter Shaft","og_description":"Looking for a high-performance rolling ring? Check out our product similar to Uhing RG3-15-2mcrf. Contact us for more information!","og_url":"https:\/\/rollingringdrives.com\/es\/producto\/transmision-de-anillo-rodante-similar-a-uhing-rg3-15-2mcrf-para-eje-de-15mm-de-diametro\/","og_site_name":"QiPang","article_modified_time":"2023-05-31T02:46:06+00:00","og_image":[{"width":500,"height":500,"url":"https:\/\/rollingringdrives.com\/wp-content\/uploads\/2023\/05\/\u672a\u547d\u540d\u7684\u8bbe\u8ba1-2.png","type":"image\/png"}],"twitter_card":"summary_large_image","twitter_misc":{"Tiempo de lectura":"2 minutos"},"schema":{"@context":"https:\/\/schema.org","@graph":[{"@type":"WebPage","@id":"https:\/\/rollingringdrives.com\/product\/rolling-ring-drive-similar-to-uhing-rg3-15-2mcrf-for-15mm-diameter-shaft\/","url":"https:\/\/rollingringdrives.com\/product\/rolling-ring-drive-similar-to-uhing-rg3-15-2mcrf-for-15mm-diameter-shaft\/","name":"Unidad de anillo rodante similar a RG3-15-2MCRF para eje de 15 mm de di\u00e1metro - QiPang","isPartOf":{"@id":"https:\/\/rollingringdrives.com\/#website"},"primaryImageOfPage":{"@id":"https:\/\/rollingringdrives.com\/product\/rolling-ring-drive-similar-to-uhing-rg3-15-2mcrf-for-15mm-diameter-shaft\/#primaryimage"},"image":{"@id":"https:\/\/rollingringdrives.com\/product\/rolling-ring-drive-similar-to-uhing-rg3-15-2mcrf-for-15mm-diameter-shaft\/#primaryimage"},"thumbnailUrl":"https:\/\/rollingringdrives.com\/wp-content\/uploads\/2023\/05\/\u672a\u547d\u540d\u7684\u8bbe\u8ba1-2.png","datePublished":"2023-05-16T08:45:59+00:00","dateModified":"2023-05-31T02:46:06+00:00","description":"\u00bfBusca un anillo rodante de alto rendimiento? Echa un vistazo a nuestro producto similar a Uhing RG3-15-2mcrf. \u00a1Cont\u00e1ctenos para m\u00e1s informaci\u00f3n!","breadcrumb":{"@id":"https:\/\/rollingringdrives.com\/product\/rolling-ring-drive-similar-to-uhing-rg3-15-2mcrf-for-15mm-diameter-shaft\/#breadcrumb"},"inLanguage":"es","potentialAction":[{"@type":"ReadAction","target":["https:\/\/rollingringdrives.com\/product\/rolling-ring-drive-similar-to-uhing-rg3-15-2mcrf-for-15mm-diameter-shaft\/"]}]},{"@type":"ImageObject","inLanguage":"es","@id":"https:\/\/rollingringdrives.com\/product\/rolling-ring-drive-similar-to-uhing-rg3-15-2mcrf-for-15mm-diameter-shaft\/#primaryimage","url":"https:\/\/rollingringdrives.com\/wp-content\/uploads\/2023\/05\/\u672a\u547d\u540d\u7684\u8bbe\u8ba1-2.png","contentUrl":"https:\/\/rollingringdrives.com\/wp-content\/uploads\/2023\/05\/\u672a\u547d\u540d\u7684\u8bbe\u8ba1-2.png","width":500,"height":500,"caption":"Rolling Ring Drive Similar To RG3-15-2MCRF for 15mm Diameter Shaft"},{"@type":"BreadcrumbList","@id":"https:\/\/rollingringdrives.com\/product\/rolling-ring-drive-similar-to-uhing-rg3-15-2mcrf-for-15mm-diameter-shaft\/#breadcrumb","itemListElement":[{"@type":"ListItem","position":1,"name":"Home","item":"https:\/\/rollingringdrives.com\/"},{"@type":"ListItem","position":2,"name":"Machines","item":"https:\/\/rollingringdrives.com\/machines\/"},{"@type":"ListItem","position":3,"name":"Rolling Ring Drive Similar To RG3-15-2MCRF for 15mm Diameter Shaft"}]},{"@type":"WebSite","@id":"https:\/\/rollingringdrives.com\/#website","url":"https:\/\/rollingringdrives.com\/","name":"Qi Pang","description":"Blog QiPang","publisher":{"@id":"https:\/\/rollingringdrives.com\/#organization"},"potentialAction":[{"@type":"SearchAction","target":{"@type":"EntryPoint","urlTemplate":"https:\/\/rollingringdrives.com\/?s={search_term_string}"},"query-input":{"@type":"PropertyValueSpecification","valueRequired":true,"valueName":"search_term_string"}}],"inLanguage":"es"},{"@type":"Organization","@id":"https:\/\/rollingringdrives.com\/#organization","name":"Qi Pang","url":"https:\/\/rollingringdrives.com\/","logo":{"@type":"ImageObject","inLanguage":"es","@id":"https:\/\/rollingringdrives.com\/#\/schema\/logo\/image\/","url":"https:\/\/rollingringdrives.com\/wp-content\/uploads\/2023\/05\/cropped-\u672a\u547d\u540d\u7684\u8bbe\u8ba1.png","contentUrl":"https:\/\/rollingringdrives.com\/wp-content\/uploads\/2023\/05\/cropped-\u672a\u547d\u540d\u7684\u8bbe\u8ba1.png","width":300,"height":191,"caption":"QiPang"},"image":{"@id":"https:\/\/rollingringdrives.com\/#\/schema\/logo\/image\/"}}]}},"_links":{"self":[{"href":"https:\/\/rollingringdrives.com\/es\/wp-json\/wp\/v2\/product\/25525","targetHints":{"allow":["GET"]}}],"collection":[{"href":"https:\/\/rollingringdrives.com\/es\/wp-json\/wp\/v2\/product"}],"about":[{"href":"https:\/\/rollingringdrives.com\/es\/wp-json\/wp\/v2\/types\/product"}],"version-history":[{"count":0,"href":"https:\/\/rollingringdrives.com\/es\/wp-json\/wp\/v2\/product\/25525\/revisions"}],"wp:featuredmedia":[{"embeddable":true,"href":"https:\/\/rollingringdrives.com\/es\/wp-json\/wp\/v2\/media\/26130"}],"wp:attachment":[{"href":"https:\/\/rollingringdrives.com\/es\/wp-json\/wp\/v2\/media?parent=25525"}],"wp:term":[{"taxonomy":"product_brand","embeddable":true,"href":"https:\/\/rollingringdrives.com\/es\/wp-json\/wp\/v2\/product_brand?post=25525"},{"taxonomy":"product_cat","embeddable":true,"href":"https:\/\/rollingringdrives.com\/es\/wp-json\/wp\/v2\/product_cat?post=25525"},{"taxonomy":"product_tag","embeddable":true,"href":"https:\/\/rollingringdrives.com\/es\/wp-json\/wp\/v2\/product_tag?post=25525"}],"curies":[{"name":"wp","href":"https:\/\/api.w.org\/{rel}","templated":true}]}}