{"id":25537,"date":"2023-05-16T08:58:14","date_gmt":"2023-05-16T08:58:14","guid":{"rendered":"https:\/\/rollingringdrives.com\/?post_type=product&#038;p=25537"},"modified":"2023-05-31T02:44:00","modified_gmt":"2023-05-31T02:44:00","slug":"rolling-ring-drive-similar-to-uhing-rg3-20-2mcrf-for-20mm-diameter-shaft","status":"publish","type":"product","link":"https:\/\/rollingringdrives.com\/es\/producto\/accionamiento-de-anillo-rodante-similar-a-uhing-rg3-20-2mcrf-para-eje-de-20mm-de-diametro\/","title":{"rendered":"Unidad de anillo rodante similar a RG3-20-2MCRF para eje de 20 mm de di\u00e1metro"},"content":{"rendered":"<h2 id=\"traverse20units20model20rg3-20-2mcrfpx20_3\" class=\"xsj_heading_hash xsj_heading xsj_heading_h2\" data-source-line=\"6\" data-source-line-display=\"true\"><span class=\"xsj_heading_content\">Unidades transversales <span style=\"text-decoration: underline;\">Modelo RG3-20-2MCRF\/PX20<\/span><\/span><\/h2>\n<p class=\"xsj_paragraph xsj_paragraph_level_0\" data-source-line=\"4\" data-source-line-display=\"true\">El <strong>RG3-20-2MCRF\/PX20<\/strong> es una unidad de anillo rodante <strong>similar a las Unidades transversales Uhing<\/strong>, dise\u00f1ado expl\u00edcitamente para un <strong>eje de 20 mm de di\u00e1metro<\/strong>. Con su <strong>3 anillos rodantes<\/strong>, este variador ofrece control y movimiento precisos sobre el movimiento lineal, lo que lo hace adecuado para diversas aplicaciones industriales y de fabricaci\u00f3n. Con un peso de 1,8 kg, esta unidad ofrece hasta 16 kg de empuje lateral m\u00e1ximo y puede alcanzar una velocidad lineal de hasta 27 metros por minuto. El par motor de 0,3 Kg Cm garantiza un movimiento suave y preciso, mientras que la velocidad m\u00e1xima del eje de 1500 RPM proporciona un rendimiento \u00f3ptimo en diversos entornos de trabajo.<\/p>\n<p data-source-line=\"4\" data-source-line-display=\"true\"><div id=\"footable_parent_25546\"\n         class=\"footable_parent ninja_table_wrapper loading_ninja_table wp_table_data_press_parent semantic_ui\">\n                <table data-ninja_table_instance=\"ninja_table_instance_0\" data-footable_id=\"25546\" data-filter-delay=\"1000\" aria-label=\"8\u65b0\u5efa X3sLSX \u5de5\u4f5c\u8868 (2).csv\"            id=\"footable_25546\"\n           data-unique_identifier=\"ninja_table_unique_id_661171838_25546\"\n           class=\"foo-table ninja_footable foo_table_25546 ninja_table_unique_id_661171838_25546 ui table  nt_type_legacy_table selectable striped vertical_centered  footable-paging-right ninja_table_search_disabled ninja_table_pro\">\n                <colgroup>\n                            <col class=\"ninja_column_0\">\n                            <col class=\"ninja_column_1\">\n                    <\/colgroup>\n        <thead>\n<tr class=\"footable-header\">\n                                        <th scope=\"col\"  class=\"ninja_column_0 ninja_clmn_nm_parameter\">Par\u00e1metro<\/th><th scope=\"col\"  class=\"ninja_column_1 ninja_clmn_nm_value\">Valor<\/th><\/tr>\n<\/thead>\n<tbody>\n\n        <tr data-row_id=\"105\" class=\"ninja_table_row_0 nt_row_id_105\">\n            <td>N\u00famero de anillos rodantes<\/td><td>3<\/td>        <\/tr>\n            <tr data-row_id=\"106\" class=\"ninja_table_row_1 nt_row_id_106\">\n            <td>Empuje lateral m\u00e1ximo<\/td><td>16Kg 160N<\/td>        <\/tr>\n            <tr data-row_id=\"107\" class=\"ninja_table_row_2 nt_row_id_107\">\n            <td>Paso m\u00e1ximo<\/td><td>16mm<\/td>        <\/tr>\n            <tr data-row_id=\"108\" class=\"ninja_table_row_3 nt_row_id_108\">\n            <td>Velocidad m\u00e1xima del eje<\/td><td>1500 RPM<\/td>        <\/tr>\n            <tr data-row_id=\"109\" class=\"ninja_table_row_4 nt_row_id_109\">\n            <td>Velocidad lineal m\u00e1xima<\/td><td>27 metros \/ minuto<\/td>        <\/tr>\n            <tr data-row_id=\"110\" class=\"ninja_table_row_5 nt_row_id_110\">\n            <td>Peso<\/td><td>1,8 kg<\/td>        <\/tr>\n            <tr data-row_id=\"111\" class=\"ninja_table_row_6 nt_row_id_111\">\n            <td>Par motor<\/td><td>0,3 kg cm<\/td>        <\/tr>\n    <\/tbody><!--ninja_tobody_rendering_done-->\n    <\/table>\n    \n    \n    \n<\/div>\n<\/p>\n<figure id=\"attachment_27214\" aria-describedby=\"caption-attachment-27214\" style=\"width: 1024px\" class=\"wp-caption alignnone\"><img fetchpriority=\"high\" decoding=\"async\" class=\"wp-image-27214 size-large\" src=\"https:\/\/rollingringdrives.com\/wp-content\/uploads\/2023\/05\/\u5fb7\u56fd20_00-1024x724.png\" alt=\"Alemania RG3-20-2MCRF dibujo dimensional\" width=\"1024\" height=\"724\" srcset=\"https:\/\/rollingringdrives.com\/wp-content\/uploads\/2023\/05\/\u5fb7\u56fd20_00-1024x724.png 1024w, https:\/\/rollingringdrives.com\/wp-content\/uploads\/2023\/05\/\u5fb7\u56fd20_00-300x212.png 300w, https:\/\/rollingringdrives.com\/wp-content\/uploads\/2023\/05\/\u5fb7\u56fd20_00-768x543.png 768w, https:\/\/rollingringdrives.com\/wp-content\/uploads\/2023\/05\/\u5fb7\u56fd20_00-1536x1086.png 1536w, https:\/\/rollingringdrives.com\/wp-content\/uploads\/2023\/05\/\u5fb7\u56fd20_00-2048x1449.png 2048w, https:\/\/rollingringdrives.com\/wp-content\/uploads\/2023\/05\/\u5fb7\u56fd20_00-600x424.png 600w\" sizes=\"(max-width: 1024px) 100vw, 1024px\" \/><figcaption id=\"caption-attachment-27214\" class=\"wp-caption-text\">Alemania RG3-20-2MCRF dibujo dimensional<\/figcaption><\/figure>\n<p data-source-line=\"4\" data-source-line-display=\"true\"><a href=\"https:\/\/rollingringdrives.com\/wp-content\/uploads\/2023\/05\/Instruction-manual.pdf\" target=\"_blank\" rel=\"noopener\">Descargar manual\u2193<\/a><\/p>\n<div class=\"xiaoshujiang_element xsj_anchor\"><a class=\"blank_anchor_name\" name=\"applications_3\"><\/a><a id=\"applications_3\" class=\"blank_anchor_id\"><\/a><a class=\"blank_anchor_name\" name=\"applications\"><\/a><a id=\"applications\" class=\"blank_anchor_id\"><\/a><\/div>\n<h2 id=\"applications_3\" class=\"xsj_heading_hash xsj_heading xsj_heading_h2\" data-source-line=\"7\" data-source-line-display=\"true\"><span class=\"xsj_heading_content\">Aplicaciones:<\/span><\/h2>\n<p class=\"xsj_paragraph xsj_paragraph_level_0\" data-source-line=\"9\" data-source-line-display=\"true\">El accionamiento de anillo rodante RG3-20-2MCRF\/PX20 es adecuado para una amplia gama de entornos industriales y de fabricaci\u00f3n, que incluyen:<\/p>\n<ol>\n<li class=\"xsj_paragraph xsj_paragraph_level_0\" data-source-line=\"11\" data-source-line-display=\"true\">Aplicaciones de bobinado y desenrollado de precisi\u00f3n.<\/li>\n<li class=\"xsj_paragraph xsj_paragraph_level_0\" data-source-line=\"13\" data-source-line-display=\"true\">Enrollado y desenrollado de cables y alambres.<\/li>\n<li class=\"xsj_paragraph xsj_paragraph_level_0\" data-source-line=\"15\" data-source-line-display=\"true\">Fabricaci\u00f3n y embalaje de fibra \u00f3ptica.<\/li>\n<li class=\"xsj_paragraph xsj_paragraph_level_0\" data-source-line=\"17\" data-source-line-display=\"true\">Industrias de impresi\u00f3n y embalaje.<\/li>\n<li class=\"xsj_paragraph xsj_paragraph_level_0\" data-source-line=\"19\" data-source-line-display=\"true\">Maquinaria textil.<\/li>\n<li class=\"xsj_paragraph xsj_paragraph_level_0\" data-source-line=\"21\" data-source-line-display=\"true\">Aplicaciones de automatizaci\u00f3n industrial.<\/li>\n<\/ol>\n<div class=\"xiaoshujiang_element xsj_anchor\"><a class=\"blank_anchor_name\" name=\"faqs_4\"><\/a><a id=\"faqs_4\" class=\"blank_anchor_id\"><\/a><a class=\"blank_anchor_name\" name=\"faqs\"><\/a><a id=\"faqs\" class=\"blank_anchor_id\"><\/a><\/div>\n<h2 id=\"faqs_4\" class=\"xsj_heading_hash xsj_heading xsj_heading_h2\" data-source-line=\"24\" data-source-line-display=\"true\"><span class=\"xsj_heading_content\">Preguntas frecuentes sobre RG3-20-2mcrf:<\/span><\/h2>\n<p class=\"xsj_paragraph xsj_paragraph_level_0\" data-source-line=\"26\" data-source-line-display=\"true\"><strong class=\"markdown_strong_asterisk\">1. \u00bfQu\u00e9 es una unidad de anillo rodante?<\/strong><br \/>\nUna unidad de anillo rodante es un dispositivo mec\u00e1nico que convierte el movimiento giratorio en movimiento lineal a trav\u00e9s de tres anillos entrelazados. Ofrece un control preciso y eficiente sobre el movimiento lineal.<\/p>\n<p class=\"xsj_paragraph xsj_paragraph_level_0\" data-source-line=\"29\" data-source-line-display=\"true\"><strong class=\"markdown_strong_asterisk\">2. \u00bfCu\u00e1l es el empuje lateral m\u00e1ximo del Uhing RG3-20-2MCRF\/PX20?<\/strong><br \/>\nEl empuje lateral m\u00e1ximo del RG3-20-2MCRF\/PX20 es de 16 kg, lo que proporciona un movimiento estable y preciso.<\/p>\n<p class=\"xsj_paragraph xsj_paragraph_level_0\" data-source-line=\"32\" data-source-line-display=\"true\"><strong class=\"markdown_strong_asterisk\">3. \u00bfQu\u00e9 tono m\u00e1ximo puede alcanzar el RG3-20-2MCRF\/PX20?<\/strong><br \/>\nEl RG3-20-2MCRF\/PX20 puede lograr un paso m\u00e1ximo de 16 mm con el ajuste diez en el dial.<\/p>\n<p class=\"xsj_paragraph xsj_paragraph_level_0\" data-source-line=\"35\" data-source-line-display=\"true\"><strong class=\"markdown_strong_asterisk\">4. \u00bfCu\u00e1l es la velocidad lineal m\u00e1xima del RG3-20-2MCRF\/PX20?<\/strong><br \/>\nEl RG3-20-2MCRF\/PX20 puede alcanzar una velocidad lineal m\u00e1xima de 27 metros por minuto, lo que garantiza un rendimiento eficiente y eficaz.<\/p>\n<p class=\"xsj_paragraph xsj_paragraph_level_0\" data-source-line=\"38\" data-source-line-display=\"true\"><strong class=\"markdown_strong_asterisk\">5. \u00bfCu\u00e1l es el peso del RG3-20-2MCRF\/PX20?<\/strong><br \/>\nEl RG3-20-2MCRF\/PX20 pesa solo 1,8 kg, lo que lo convierte en un dispositivo liviano y f\u00e1cil de transportar para usar en diversas aplicaciones industriales y de fabricaci\u00f3n.<\/p>","protected":false},"excerpt":{"rendered":"<h2 id=\"traverse20units20model20rg3-20-2mcrfpx20_3\" class=\"xsj_heading_hash xsj_heading xsj_heading_h2\" data-source-line=\"6\" data-source-line-display=\"true\">Caracter\u00edsticas:<\/h2>\n<ol>\n<li class=\"xsj_paragraph xsj_paragraph_level_0\" data-source-line=\"8\" data-source-line-display=\"true\">Control preciso y eficiente del movimiento lineal.<\/li>\n<li class=\"xsj_paragraph xsj_paragraph_level_0\" data-source-line=\"10\" data-source-line-display=\"true\">Tres anillos rodantes para mayor estabilidad y precisi\u00f3n.<\/li>\n<li class=\"xsj_paragraph xsj_paragraph_level_0\" data-source-line=\"12\" data-source-line-display=\"true\">Dise\u00f1o compacto y ligero, con un peso de tan solo 1,8 kg.<\/li>\n<li class=\"xsj_paragraph xsj_paragraph_level_0\" data-source-line=\"14\" data-source-line-display=\"true\">Empuje lateral m\u00e1ximo de 16kg y velocidad lineal de 27 metros por minuto.<\/li>\n<li class=\"xsj_paragraph xsj_paragraph_level_0\" data-source-line=\"16\" data-source-line-display=\"true\">Par de accionamiento de 0,3 Kg Cm para un movimiento suave y preciso.<\/li>\n<li class=\"xsj_paragraph xsj_paragraph_level_0\" data-source-line=\"18\" data-source-line-display=\"true\">Puede alcanzar un paso m\u00e1ximo de 16 mm con el ajuste diez en el dial.<\/li>\n<li class=\"xsj_paragraph xsj_paragraph_level_0\" data-source-line=\"20\" data-source-line-display=\"true\">Est\u00e1 equipado con un eje de 20 mm de di\u00e1metro, lo que lo hace compatible con varios dispositivos.<\/li>\n<\/ol>","protected":false},"featured_media":25902,"template":"","meta":{"site-sidebar-layout":"default","site-content-layout":"default","ast-global-header-display":"","ast-banner-title-visibility":"","ast-main-header-display":"","ast-hfb-above-header-display":"","ast-hfb-below-header-display":"","ast-hfb-mobile-header-display":"","site-post-title":"","ast-breadcrumbs-content":"","ast-featured-img":"","footer-sml-layout":"","theme-transparent-header-meta":"default","adv-header-id-meta":"","stick-header-meta":"","header-above-stick-meta":"","header-main-stick-meta":"","header-below-stick-meta":""},"product_brand":[],"product_cat":[34,45],"product_tag":[],"class_list":{"0":"post-25537","1":"product","2":"type-product","3":"status-publish","4":"has-post-thumbnail","6":"product_cat-rolling-ring-drive","7":"product_cat-similar-to-uhing-rolling-ring-drive","8":"desktop-align-left","9":"tablet-align-left","10":"mobile-align-left","12":"first","13":"instock","14":"shipping-taxable","15":"product-type-simple"},"yoast_head":"<!-- This site is optimized with the Yoast SEO Premium plugin v20.12 (Yoast SEO v26.0) - https:\/\/yoast.com\/wordpress\/plugins\/seo\/ -->\n<title>Rolling Ring Drive Similar To RG3-20-2MCRF for 20mm Diameter Shaft - QiPang<\/title>\n<meta name=\"description\" content=\"Upgrade your machinery with the Uhing RG3-20-2mcrf rolling ring! Get a max linear speed of 27 m\/min and 16 Kg side thrust. Contact us for more information.\" \/>\n<meta name=\"robots\" content=\"index, follow, max-snippet:-1, max-image-preview:large, max-video-preview:-1\" \/>\n<link rel=\"canonical\" href=\"https:\/\/rollingringdrives.com\/es\/producto\/accionamiento-de-anillo-rodante-similar-a-uhing-rg3-20-2mcrf-para-eje-de-20mm-de-diametro\/\" \/>\n<meta property=\"og:locale\" content=\"es_MX\" \/>\n<meta property=\"og:type\" content=\"article\" \/>\n<meta property=\"og:title\" content=\"Rolling Ring Drive Similar To RG3-20-2MCRF for 20mm Diameter Shaft\" \/>\n<meta property=\"og:description\" content=\"Upgrade your machinery with the Uhing RG3-20-2mcrf rolling ring! Get a max linear speed of 27 m\/min and 16 Kg side thrust. Contact us for more information.\" \/>\n<meta property=\"og:url\" content=\"https:\/\/rollingringdrives.com\/es\/producto\/accionamiento-de-anillo-rodante-similar-a-uhing-rg3-20-2mcrf-para-eje-de-20mm-de-diametro\/\" \/>\n<meta property=\"og:site_name\" content=\"QiPang\" \/>\n<meta property=\"article:modified_time\" content=\"2023-05-31T02:44:00+00:00\" \/>\n<meta property=\"og:image\" content=\"https:\/\/rollingringdrives.com\/wp-content\/uploads\/2023\/05\/\u5fae\u4fe1\u56fe\u7247_202205231820561-2.jpg\" \/>\n\t<meta property=\"og:image:width\" content=\"1072\" \/>\n\t<meta property=\"og:image:height\" content=\"1072\" \/>\n\t<meta property=\"og:image:type\" content=\"image\/jpeg\" \/>\n<meta name=\"twitter:card\" content=\"summary_large_image\" \/>\n<meta name=\"twitter:label1\" content=\"Tiempo de lectura\" \/>\n\t<meta name=\"twitter:data1\" content=\"2 minutos\" \/>\n<script type=\"application\/ld+json\" class=\"yoast-schema-graph\">{\"@context\":\"https:\/\/schema.org\",\"@graph\":[{\"@type\":\"WebPage\",\"@id\":\"https:\/\/rollingringdrives.com\/product\/rolling-ring-drive-similar-to-uhing-rg3-20-2mcrf-for-20mm-diameter-shaft\/\",\"url\":\"https:\/\/rollingringdrives.com\/product\/rolling-ring-drive-similar-to-uhing-rg3-20-2mcrf-for-20mm-diameter-shaft\/\",\"name\":\"Rolling Ring Drive Similar To RG3-20-2MCRF for 20mm Diameter Shaft - QiPang\",\"isPartOf\":{\"@id\":\"https:\/\/rollingringdrives.com\/#website\"},\"primaryImageOfPage\":{\"@id\":\"https:\/\/rollingringdrives.com\/product\/rolling-ring-drive-similar-to-uhing-rg3-20-2mcrf-for-20mm-diameter-shaft\/#primaryimage\"},\"image\":{\"@id\":\"https:\/\/rollingringdrives.com\/product\/rolling-ring-drive-similar-to-uhing-rg3-20-2mcrf-for-20mm-diameter-shaft\/#primaryimage\"},\"thumbnailUrl\":\"https:\/\/rollingringdrives.com\/wp-content\/uploads\/2023\/05\/\u5fae\u4fe1\u56fe\u7247_202205231820561-2.jpg\",\"datePublished\":\"2023-05-16T08:58:14+00:00\",\"dateModified\":\"2023-05-31T02:44:00+00:00\",\"description\":\"Upgrade your machinery with the Uhing RG3-20-2mcrf rolling ring! Get a max linear speed of 27 m\/min and 16 Kg side thrust. Contact us for more information.\",\"breadcrumb\":{\"@id\":\"https:\/\/rollingringdrives.com\/product\/rolling-ring-drive-similar-to-uhing-rg3-20-2mcrf-for-20mm-diameter-shaft\/#breadcrumb\"},\"inLanguage\":\"es\",\"potentialAction\":[{\"@type\":\"ReadAction\",\"target\":[\"https:\/\/rollingringdrives.com\/product\/rolling-ring-drive-similar-to-uhing-rg3-20-2mcrf-for-20mm-diameter-shaft\/\"]}]},{\"@type\":\"ImageObject\",\"inLanguage\":\"es\",\"@id\":\"https:\/\/rollingringdrives.com\/product\/rolling-ring-drive-similar-to-uhing-rg3-20-2mcrf-for-20mm-diameter-shaft\/#primaryimage\",\"url\":\"https:\/\/rollingringdrives.com\/wp-content\/uploads\/2023\/05\/\u5fae\u4fe1\u56fe\u7247_202205231820561-2.jpg\",\"contentUrl\":\"https:\/\/rollingringdrives.com\/wp-content\/uploads\/2023\/05\/\u5fae\u4fe1\u56fe\u7247_202205231820561-2.jpg\",\"width\":1072,\"height\":1072,\"caption\":\"Rolling Ring Drive Similar To Uhing RG3-30-2mcrf for 30mm Diameter Shaft\"},{\"@type\":\"BreadcrumbList\",\"@id\":\"https:\/\/rollingringdrives.com\/product\/rolling-ring-drive-similar-to-uhing-rg3-20-2mcrf-for-20mm-diameter-shaft\/#breadcrumb\",\"itemListElement\":[{\"@type\":\"ListItem\",\"position\":1,\"name\":\"Home\",\"item\":\"https:\/\/rollingringdrives.com\/\"},{\"@type\":\"ListItem\",\"position\":2,\"name\":\"Machines\",\"item\":\"https:\/\/rollingringdrives.com\/machines\/\"},{\"@type\":\"ListItem\",\"position\":3,\"name\":\"Rolling Ring Drive Similar To RG3-20-2MCRF for 20mm Diameter Shaft\"}]},{\"@type\":\"WebSite\",\"@id\":\"https:\/\/rollingringdrives.com\/#website\",\"url\":\"https:\/\/rollingringdrives.com\/\",\"name\":\"QiPang\",\"description\":\"QiPang Blog\",\"publisher\":{\"@id\":\"https:\/\/rollingringdrives.com\/#organization\"},\"potentialAction\":[{\"@type\":\"SearchAction\",\"target\":{\"@type\":\"EntryPoint\",\"urlTemplate\":\"https:\/\/rollingringdrives.com\/?s={search_term_string}\"},\"query-input\":{\"@type\":\"PropertyValueSpecification\",\"valueRequired\":true,\"valueName\":\"search_term_string\"}}],\"inLanguage\":\"es\"},{\"@type\":\"Organization\",\"@id\":\"https:\/\/rollingringdrives.com\/#organization\",\"name\":\"QiPang\",\"url\":\"https:\/\/rollingringdrives.com\/\",\"logo\":{\"@type\":\"ImageObject\",\"inLanguage\":\"es\",\"@id\":\"https:\/\/rollingringdrives.com\/#\/schema\/logo\/image\/\",\"url\":\"https:\/\/rollingringdrives.com\/wp-content\/uploads\/2023\/05\/cropped-\u672a\u547d\u540d\u7684\u8bbe\u8ba1.png\",\"contentUrl\":\"https:\/\/rollingringdrives.com\/wp-content\/uploads\/2023\/05\/cropped-\u672a\u547d\u540d\u7684\u8bbe\u8ba1.png\",\"width\":300,\"height\":191,\"caption\":\"QiPang\"},\"image\":{\"@id\":\"https:\/\/rollingringdrives.com\/#\/schema\/logo\/image\/\"}}]}<\/script>\n<!-- \/ Yoast SEO Premium plugin. -->","yoast_head_json":{"title":"Unidad de anillo rodante similar a RG3-20-2MCRF para eje de 20 mm de di\u00e1metro - QiPang","description":"\u00a1Actualice su maquinaria con el anillo rodante Uhing RG3-20-2mcrf! Consigue una velocidad lineal m\u00e1xima de 27 m\/min y un empuje lateral de 16 Kg. Cont\u00e1ctenos para m\u00e1s informaci\u00f3n.","robots":{"index":"index","follow":"follow","max-snippet":"max-snippet:-1","max-image-preview":"max-image-preview:large","max-video-preview":"max-video-preview:-1"},"canonical":"https:\/\/rollingringdrives.com\/es\/producto\/accionamiento-de-anillo-rodante-similar-a-uhing-rg3-20-2mcrf-para-eje-de-20mm-de-diametro\/","og_locale":"es_MX","og_type":"article","og_title":"Rolling Ring Drive Similar To RG3-20-2MCRF for 20mm Diameter Shaft","og_description":"Upgrade your machinery with the Uhing RG3-20-2mcrf rolling ring! Get a max linear speed of 27 m\/min and 16 Kg side thrust. Contact us for more information.","og_url":"https:\/\/rollingringdrives.com\/es\/producto\/accionamiento-de-anillo-rodante-similar-a-uhing-rg3-20-2mcrf-para-eje-de-20mm-de-diametro\/","og_site_name":"QiPang","article_modified_time":"2023-05-31T02:44:00+00:00","og_image":[{"width":1072,"height":1072,"url":"https:\/\/rollingringdrives.com\/wp-content\/uploads\/2023\/05\/\u5fae\u4fe1\u56fe\u7247_202205231820561-2.jpg","type":"image\/jpeg"}],"twitter_card":"summary_large_image","twitter_misc":{"Tiempo de lectura":"2 minutos"},"schema":{"@context":"https:\/\/schema.org","@graph":[{"@type":"WebPage","@id":"https:\/\/rollingringdrives.com\/product\/rolling-ring-drive-similar-to-uhing-rg3-20-2mcrf-for-20mm-diameter-shaft\/","url":"https:\/\/rollingringdrives.com\/product\/rolling-ring-drive-similar-to-uhing-rg3-20-2mcrf-for-20mm-diameter-shaft\/","name":"Unidad de anillo rodante similar a RG3-20-2MCRF para eje de 20 mm de di\u00e1metro - QiPang","isPartOf":{"@id":"https:\/\/rollingringdrives.com\/#website"},"primaryImageOfPage":{"@id":"https:\/\/rollingringdrives.com\/product\/rolling-ring-drive-similar-to-uhing-rg3-20-2mcrf-for-20mm-diameter-shaft\/#primaryimage"},"image":{"@id":"https:\/\/rollingringdrives.com\/product\/rolling-ring-drive-similar-to-uhing-rg3-20-2mcrf-for-20mm-diameter-shaft\/#primaryimage"},"thumbnailUrl":"https:\/\/rollingringdrives.com\/wp-content\/uploads\/2023\/05\/\u5fae\u4fe1\u56fe\u7247_202205231820561-2.jpg","datePublished":"2023-05-16T08:58:14+00:00","dateModified":"2023-05-31T02:44:00+00:00","description":"\u00a1Actualice su maquinaria con el anillo rodante Uhing RG3-20-2mcrf! Consigue una velocidad lineal m\u00e1xima de 27 m\/min y un empuje lateral de 16 Kg. Cont\u00e1ctenos para m\u00e1s informaci\u00f3n.","breadcrumb":{"@id":"https:\/\/rollingringdrives.com\/product\/rolling-ring-drive-similar-to-uhing-rg3-20-2mcrf-for-20mm-diameter-shaft\/#breadcrumb"},"inLanguage":"es","potentialAction":[{"@type":"ReadAction","target":["https:\/\/rollingringdrives.com\/product\/rolling-ring-drive-similar-to-uhing-rg3-20-2mcrf-for-20mm-diameter-shaft\/"]}]},{"@type":"ImageObject","inLanguage":"es","@id":"https:\/\/rollingringdrives.com\/product\/rolling-ring-drive-similar-to-uhing-rg3-20-2mcrf-for-20mm-diameter-shaft\/#primaryimage","url":"https:\/\/rollingringdrives.com\/wp-content\/uploads\/2023\/05\/\u5fae\u4fe1\u56fe\u7247_202205231820561-2.jpg","contentUrl":"https:\/\/rollingringdrives.com\/wp-content\/uploads\/2023\/05\/\u5fae\u4fe1\u56fe\u7247_202205231820561-2.jpg","width":1072,"height":1072,"caption":"Rolling Ring Drive Similar To Uhing RG3-30-2mcrf for 30mm Diameter Shaft"},{"@type":"BreadcrumbList","@id":"https:\/\/rollingringdrives.com\/product\/rolling-ring-drive-similar-to-uhing-rg3-20-2mcrf-for-20mm-diameter-shaft\/#breadcrumb","itemListElement":[{"@type":"ListItem","position":1,"name":"Home","item":"https:\/\/rollingringdrives.com\/"},{"@type":"ListItem","position":2,"name":"Machines","item":"https:\/\/rollingringdrives.com\/machines\/"},{"@type":"ListItem","position":3,"name":"Rolling Ring Drive Similar To RG3-20-2MCRF for 20mm Diameter Shaft"}]},{"@type":"WebSite","@id":"https:\/\/rollingringdrives.com\/#website","url":"https:\/\/rollingringdrives.com\/","name":"Qi Pang","description":"Blog QiPang","publisher":{"@id":"https:\/\/rollingringdrives.com\/#organization"},"potentialAction":[{"@type":"SearchAction","target":{"@type":"EntryPoint","urlTemplate":"https:\/\/rollingringdrives.com\/?s={search_term_string}"},"query-input":{"@type":"PropertyValueSpecification","valueRequired":true,"valueName":"search_term_string"}}],"inLanguage":"es"},{"@type":"Organization","@id":"https:\/\/rollingringdrives.com\/#organization","name":"Qi Pang","url":"https:\/\/rollingringdrives.com\/","logo":{"@type":"ImageObject","inLanguage":"es","@id":"https:\/\/rollingringdrives.com\/#\/schema\/logo\/image\/","url":"https:\/\/rollingringdrives.com\/wp-content\/uploads\/2023\/05\/cropped-\u672a\u547d\u540d\u7684\u8bbe\u8ba1.png","contentUrl":"https:\/\/rollingringdrives.com\/wp-content\/uploads\/2023\/05\/cropped-\u672a\u547d\u540d\u7684\u8bbe\u8ba1.png","width":300,"height":191,"caption":"QiPang"},"image":{"@id":"https:\/\/rollingringdrives.com\/#\/schema\/logo\/image\/"}}]}},"_links":{"self":[{"href":"https:\/\/rollingringdrives.com\/es\/wp-json\/wp\/v2\/product\/25537","targetHints":{"allow":["GET"]}}],"collection":[{"href":"https:\/\/rollingringdrives.com\/es\/wp-json\/wp\/v2\/product"}],"about":[{"href":"https:\/\/rollingringdrives.com\/es\/wp-json\/wp\/v2\/types\/product"}],"version-history":[{"count":0,"href":"https:\/\/rollingringdrives.com\/es\/wp-json\/wp\/v2\/product\/25537\/revisions"}],"wp:featuredmedia":[{"embeddable":true,"href":"https:\/\/rollingringdrives.com\/es\/wp-json\/wp\/v2\/media\/25902"}],"wp:attachment":[{"href":"https:\/\/rollingringdrives.com\/es\/wp-json\/wp\/v2\/media?parent=25537"}],"wp:term":[{"taxonomy":"product_brand","embeddable":true,"href":"https:\/\/rollingringdrives.com\/es\/wp-json\/wp\/v2\/product_brand?post=25537"},{"taxonomy":"product_cat","embeddable":true,"href":"https:\/\/rollingringdrives.com\/es\/wp-json\/wp\/v2\/product_cat?post=25537"},{"taxonomy":"product_tag","embeddable":true,"href":"https:\/\/rollingringdrives.com\/es\/wp-json\/wp\/v2\/product_tag?post=25537"}],"curies":[{"name":"wp","href":"https:\/\/api.w.org\/{rel}","templated":true}]}}