{"id":25549,"date":"2023-05-16T09:09:05","date_gmt":"2023-05-16T09:09:05","guid":{"rendered":"https:\/\/rollingringdrives.com\/?post_type=product&#038;p=25549"},"modified":"2023-05-31T02:44:31","modified_gmt":"2023-05-31T02:44:31","slug":"rolling-ring-drive-similar-to-uhing-rg3-30-2mcrf-for-30mm-diameter-shaft","status":"publish","type":"product","link":"https:\/\/rollingringdrives.com\/es\/producto\/transmision-de-anillo-rodante-similar-a-uhing-rg3-30-2mcrf-para-eje-de-30mm-de-diametro-2\/","title":{"rendered":"Unidad de anillo rodante similar a RG3-30-2MCRF para eje de 30 mm de di\u00e1metro"},"content":{"rendered":"<h2 class=\"xsj_paragraph xsj_paragraph_level_0\" data-source-line=\"4\" data-source-line-display=\"true\">Unidades transversales <span style=\"text-decoration: underline;\">Modelo RG3-30-2MCRF\/PX30 <\/span><\/h2>\n<p class=\"xsj_paragraph xsj_paragraph_level_0\" data-source-line=\"4\" data-source-line-display=\"true\">El\u00a0<strong class=\"markdown_strong_asterisk\">Uhing RG3-30-2MCRF\/PX30<\/strong> es una unidad de accionamiento de anillo rodante de alta precisi\u00f3n para\u00a0<strong class=\"markdown_strong_asterisk\">ejes de 30 mm de di\u00e1metro<\/strong>. Esta traves\u00eda presenta\u00a0<strong class=\"markdown_strong_asterisk\">3 anillos rodantes<\/strong>, que proporcionan movimiento lineal y rotacional de precisi\u00f3n para diversas aplicaciones. El equipo es compatible con Uhing Traverse Units. Ofrece un empuje lateral m\u00e1ximo de 26 Kg, un paso completo de 26 mm, una velocidad lineal completa de 24 metros por minuto y una velocidad m\u00e1xima del eje de 1000 RPM. Esta unidad pesa 2,6 Kg y tiene un par motor de 1,2 Kg Cm.<\/p>\n<p data-source-line=\"4\" data-source-line-display=\"true\"><div id=\"footable_parent_25551\"\n         class=\"footable_parent ninja_table_wrapper loading_ninja_table wp_table_data_press_parent semantic_ui\">\n                <table data-ninja_table_instance=\"ninja_table_instance_0\" data-footable_id=\"25551\" data-filter-delay=\"1000\" aria-label=\"9\u65b0\u5efa X3sLSX \u5de5\u4f5c\u8868 (2).csv\"            id=\"footable_25551\"\n           data-unique_identifier=\"ninja_table_unique_id_549633943_25551\"\n           class=\"foo-table ninja_footable foo_table_25551 ninja_table_unique_id_549633943_25551 ui table  nt_type_legacy_table selectable striped vertical_centered  footable-paging-right ninja_table_search_disabled ninja_table_pro\">\n                <colgroup>\n                            <col class=\"ninja_column_0\">\n                            <col class=\"ninja_column_1\">\n                    <\/colgroup>\n        <thead>\n<tr class=\"footable-header\">\n                                        <th scope=\"col\"  class=\"ninja_column_0 ninja_clmn_nm_parameter\">Par\u00e1metro<\/th><th scope=\"col\"  class=\"ninja_column_1 ninja_clmn_nm_value\">Valor<\/th><\/tr>\n<\/thead>\n<tbody>\n\n        <tr data-row_id=\"112\" class=\"ninja_table_row_0 nt_row_id_112\">\n            <td>N\u00famero de anillos rodantes<\/td><td>3<\/td>        <\/tr>\n            <tr data-row_id=\"113\" class=\"ninja_table_row_1 nt_row_id_113\">\n            <td>Empuje lateral m\u00e1ximo<\/td><td>26 kg<\/td>        <\/tr>\n            <tr data-row_id=\"114\" class=\"ninja_table_row_2 nt_row_id_114\">\n            <td>Paso m\u00e1ximo<\/td><td>26mm<\/td>        <\/tr>\n            <tr data-row_id=\"115\" class=\"ninja_table_row_3 nt_row_id_115\">\n            <td>Velocidad m\u00e1xima del eje<\/td><td>1000 RPM<\/td>        <\/tr>\n            <tr data-row_id=\"116\" class=\"ninja_table_row_4 nt_row_id_116\">\n            <td>Velocidad lineal m\u00e1xima<\/td><td>24 metros \/ minuto<\/td>        <\/tr>\n            <tr data-row_id=\"117\" class=\"ninja_table_row_5 nt_row_id_117\">\n            <td>Peso<\/td><td>2,6 kg<\/td>        <\/tr>\n            <tr data-row_id=\"118\" class=\"ninja_table_row_6 nt_row_id_118\">\n            <td>Par motor<\/td><td>1,2 kg cm<\/td>        <\/tr>\n    <\/tbody><!--ninja_tobody_rendering_done-->\n    <\/table>\n    \n    \n    \n<\/div>\n<\/p>\n<figure id=\"attachment_27215\" aria-describedby=\"caption-attachment-27215\" style=\"width: 1024px\" class=\"wp-caption alignnone\"><img fetchpriority=\"high\" decoding=\"async\" class=\"wp-image-27215 size-large\" src=\"https:\/\/rollingringdrives.com\/wp-content\/uploads\/2023\/05\/\u5fb7\u56fd30_00-1024x724.png\" alt=\"Alemania RG3-30-2MCRF dibujo dimensional\" width=\"1024\" height=\"724\" srcset=\"https:\/\/rollingringdrives.com\/wp-content\/uploads\/2023\/05\/\u5fb7\u56fd30_00-1024x724.png 1024w, https:\/\/rollingringdrives.com\/wp-content\/uploads\/2023\/05\/\u5fb7\u56fd30_00-300x212.png 300w, https:\/\/rollingringdrives.com\/wp-content\/uploads\/2023\/05\/\u5fb7\u56fd30_00-768x543.png 768w, https:\/\/rollingringdrives.com\/wp-content\/uploads\/2023\/05\/\u5fb7\u56fd30_00-1536x1086.png 1536w, https:\/\/rollingringdrives.com\/wp-content\/uploads\/2023\/05\/\u5fb7\u56fd30_00-2048x1449.png 2048w, https:\/\/rollingringdrives.com\/wp-content\/uploads\/2023\/05\/\u5fb7\u56fd30_00-600x424.png 600w\" sizes=\"(max-width: 1024px) 100vw, 1024px\" \/><figcaption id=\"caption-attachment-27215\" class=\"wp-caption-text\">Alemania RG3-30-2MCRF dibujo dimensional<\/figcaption><\/figure>\n<p data-source-line=\"4\" data-source-line-display=\"true\"><a href=\"https:\/\/rollingringdrives.com\/wp-content\/uploads\/2023\/05\/Instruction-manual.pdf\" target=\"_blank\" rel=\"noopener\">Descargar manual\u2193<\/a><\/p>\n<div class=\"xiaoshujiang_element xsj_anchor\"><a class=\"blank_anchor_name\" name=\"applications_3\"><\/a><a id=\"applications_3\" class=\"blank_anchor_id\"><\/a><a class=\"blank_anchor_name\" name=\"applications\"><\/a><a id=\"applications\" class=\"blank_anchor_id\"><\/a><\/div>\n<h2 id=\"applications_3\" class=\"xsj_heading_hash xsj_heading xsj_heading_h2\" data-source-line=\"7\" data-source-line-display=\"true\"><span class=\"xsj_heading_content\">Aplicaciones:<\/span><\/h2>\n<p class=\"xsj_paragraph xsj_paragraph_level_0\" data-source-line=\"9\" data-source-line-display=\"true\">El impulsor de anillo rodante RG3-30-2MCRF\/PX30 es ideal para una variedad de aplicaciones, que incluyen:<\/p>\n<ol>\n<li class=\"xsj_paragraph xsj_paragraph_level_0\" data-source-line=\"11\" data-source-line-display=\"true\">Movimiento lineal y rotacional de precisi\u00f3n.<\/li>\n<li class=\"xsj_paragraph xsj_paragraph_level_0\" data-source-line=\"13\" data-source-line-display=\"true\">Metalmec\u00e1nica y procesamiento de alambre.<\/li>\n<li class=\"xsj_paragraph xsj_paragraph_level_0\" data-source-line=\"15\" data-source-line-display=\"true\">Embalaje y etiquetado.<\/li>\n<li class=\"xsj_paragraph xsj_paragraph_level_0\" data-source-line=\"17\" data-source-line-display=\"true\">Maquinaria textil.<\/li>\n<li class=\"xsj_paragraph xsj_paragraph_level_0\" data-source-line=\"19\" data-source-line-display=\"true\">Impresi\u00f3n y procesamiento de papel.<\/li>\n<\/ol>\n<div class=\"xiaoshujiang_element xsj_anchor\"><a class=\"blank_anchor_name\" name=\"faqs_4\"><\/a><a id=\"faqs_4\" class=\"blank_anchor_id\"><\/a><a class=\"blank_anchor_name\" name=\"faqs\"><\/a><a id=\"faqs\" class=\"blank_anchor_id\"><\/a><\/div>\n<h2 id=\"faqs_4\" class=\"xsj_heading_hash xsj_heading xsj_heading_h2\" data-source-line=\"22\" data-source-line-display=\"true\"><span class=\"xsj_heading_content\">\u00a0 Preguntas frecuentes sobre RG3-30-2mcrf:<\/span><\/h2>\n<p class=\"xsj_paragraph xsj_paragraph_level_0\" data-source-line=\"24\" data-source-line-display=\"true\"><strong class=\"markdown_strong_asterisk\">1. \u00bfQu\u00e9 es una unidad de anillo rodante?<\/strong><br \/>\nUna unidad de anillo rodante utiliza tres anillos rodantes para proporcionar un movimiento lineal y rotacional preciso para diversas aplicaciones.<\/p>\n<p class=\"xsj_paragraph xsj_paragraph_level_0\" data-source-line=\"27\" data-source-line-display=\"true\"><strong class=\"markdown_strong_asterisk\">2. \u00bfQu\u00e9 son las unidades poligonales Uhing?<\/strong><br \/>\nUhing Traverse Units es una gu\u00eda de movimiento lineal que funciona con unidades de anillo rodante para proporcionar un movimiento lineal y rotacional de alta precisi\u00f3n.<\/p>\n<p class=\"xsj_paragraph xsj_paragraph_level_0\" data-source-line=\"30\" data-source-line-display=\"true\"><strong class=\"markdown_strong_asterisk\">3. \u00bfCu\u00e1l es el empuje lateral m\u00e1ximo de la unidad de anillo rodante RG3-30-2MCRF\/PX30?<\/strong><br \/>\nEl empuje lateral m\u00e1ximo del accionamiento de anillo rodante RG3-30-2MCRF\/PX30 es de 26 kg.<\/p>\n<p class=\"xsj_paragraph xsj_paragraph_level_0\" data-source-line=\"33\" data-source-line-display=\"true\"><strong class=\"markdown_strong_asterisk\">4. \u00bfCu\u00e1l es el paso m\u00e1ximo de la unidad de anillo rodante RG3-30-2MCRF\/PX30?<\/strong><br \/>\nEl paso m\u00e1ximo de la unidad de anillo rodante RG3-30-2MCRF\/PX30 es de 26 mm.<\/p>\n<p class=\"xsj_paragraph xsj_paragraph_level_0\" data-source-line=\"36\" data-source-line-display=\"true\"><strong class=\"markdown_strong_asterisk\">5. \u00bfCu\u00e1les son algunas de las aplicaciones del controlador de anillo rodante RG3-30-2MCRF\/PX30?<\/strong><br \/>\nEl accionamiento de anillo rodante RG3-30-2MCRF\/PX30 es ideal para el movimiento rotacional y lineal de precisi\u00f3n en la metalurgia, el procesamiento de alambres, el embalaje, el etiquetado, la maquinaria textil y la impresi\u00f3n y el procesamiento de papel.<\/p>","protected":false},"excerpt":{"rendered":"<h2>Caracter\u00edsticas:<\/h2>\n<ol>\n<li>3 anillos giratorios proporcionan un movimiento lineal y giratorio de precisi\u00f3n.<\/li>\n<li>Compatible con unidades transversales Uhing.<\/li>\n<li>Ofrece un empuje lateral m\u00e1ximo de 26 Kg y un paso m\u00e1ximo de 26 mm.<\/li>\n<li>Velocidad lineal m\u00e1xima de 24 metros por minuto y velocidad m\u00e1xima del eje de 1000 RPM.<\/li>\n<li>Dise\u00f1o ligero y de alta precisi\u00f3n.<\/li>\n<\/ol>","protected":false},"featured_media":25902,"template":"","meta":{"site-sidebar-layout":"default","site-content-layout":"default","ast-global-header-display":"","ast-banner-title-visibility":"","ast-main-header-display":"","ast-hfb-above-header-display":"","ast-hfb-below-header-display":"","ast-hfb-mobile-header-display":"","site-post-title":"","ast-breadcrumbs-content":"","ast-featured-img":"","footer-sml-layout":"","theme-transparent-header-meta":"default","adv-header-id-meta":"","stick-header-meta":"","header-above-stick-meta":"","header-main-stick-meta":"","header-below-stick-meta":""},"product_brand":[],"product_cat":[34,45],"product_tag":[],"class_list":{"0":"post-25549","1":"product","2":"type-product","3":"status-publish","4":"has-post-thumbnail","6":"product_cat-rolling-ring-drive","7":"product_cat-similar-to-uhing-rolling-ring-drive","8":"desktop-align-left","9":"tablet-align-left","10":"mobile-align-left","12":"first","13":"instock","14":"shipping-taxable","15":"product-type-simple"},"yoast_head":"<!-- This site is optimized with the Yoast SEO Premium plugin v20.12 (Yoast SEO v26.0) - https:\/\/yoast.com\/wordpress\/plugins\/seo\/ -->\n<title>Rolling Ring Drive Similar To RG3-30-2MCRF for 30mm Diameter Shaft - QiPang<\/title>\n<meta name=\"description\" content=\"Improve your equipment&#039;s performance with Uhing RG3-30-2mcrf rolling ring. Get a max linear speed of 24 m\/min and 26 Kg side thrust.\" \/>\n<meta name=\"robots\" content=\"index, follow, max-snippet:-1, max-image-preview:large, max-video-preview:-1\" \/>\n<link rel=\"canonical\" href=\"https:\/\/rollingringdrives.com\/es\/producto\/transmision-de-anillo-rodante-similar-a-uhing-rg3-30-2mcrf-para-eje-de-30mm-de-diametro-2\/\" \/>\n<meta property=\"og:locale\" content=\"es_MX\" \/>\n<meta property=\"og:type\" content=\"article\" \/>\n<meta property=\"og:title\" content=\"Rolling Ring Drive Similar To RG3-30-2MCRF for 30mm Diameter Shaft\" \/>\n<meta property=\"og:description\" content=\"Improve your equipment&#039;s performance with Uhing RG3-30-2mcrf rolling ring. Get a max linear speed of 24 m\/min and 26 Kg side thrust.\" \/>\n<meta property=\"og:url\" content=\"https:\/\/rollingringdrives.com\/es\/producto\/transmision-de-anillo-rodante-similar-a-uhing-rg3-30-2mcrf-para-eje-de-30mm-de-diametro-2\/\" \/>\n<meta property=\"og:site_name\" content=\"QiPang\" \/>\n<meta property=\"article:modified_time\" content=\"2023-05-31T02:44:31+00:00\" \/>\n<meta property=\"og:image\" content=\"https:\/\/rollingringdrives.com\/wp-content\/uploads\/2023\/05\/\u5fae\u4fe1\u56fe\u7247_202205231820561-2.jpg\" \/>\n\t<meta property=\"og:image:width\" content=\"1072\" \/>\n\t<meta property=\"og:image:height\" content=\"1072\" \/>\n\t<meta property=\"og:image:type\" content=\"image\/jpeg\" \/>\n<meta name=\"twitter:card\" content=\"summary_large_image\" \/>\n<meta name=\"twitter:label1\" content=\"Tiempo de lectura\" \/>\n\t<meta name=\"twitter:data1\" content=\"2 minutos\" \/>\n<script type=\"application\/ld+json\" class=\"yoast-schema-graph\">{\"@context\":\"https:\/\/schema.org\",\"@graph\":[{\"@type\":\"WebPage\",\"@id\":\"https:\/\/rollingringdrives.com\/product\/rolling-ring-drive-similar-to-uhing-rg3-30-2mcrf-for-30mm-diameter-shaft\/\",\"url\":\"https:\/\/rollingringdrives.com\/product\/rolling-ring-drive-similar-to-uhing-rg3-30-2mcrf-for-30mm-diameter-shaft\/\",\"name\":\"Rolling Ring Drive Similar To RG3-30-2MCRF for 30mm Diameter Shaft - QiPang\",\"isPartOf\":{\"@id\":\"https:\/\/rollingringdrives.com\/#website\"},\"primaryImageOfPage\":{\"@id\":\"https:\/\/rollingringdrives.com\/product\/rolling-ring-drive-similar-to-uhing-rg3-30-2mcrf-for-30mm-diameter-shaft\/#primaryimage\"},\"image\":{\"@id\":\"https:\/\/rollingringdrives.com\/product\/rolling-ring-drive-similar-to-uhing-rg3-30-2mcrf-for-30mm-diameter-shaft\/#primaryimage\"},\"thumbnailUrl\":\"https:\/\/rollingringdrives.com\/wp-content\/uploads\/2023\/05\/\u5fae\u4fe1\u56fe\u7247_202205231820561-2.jpg\",\"datePublished\":\"2023-05-16T09:09:05+00:00\",\"dateModified\":\"2023-05-31T02:44:31+00:00\",\"description\":\"Improve your equipment's performance with Uhing RG3-30-2mcrf rolling ring. Get a max linear speed of 24 m\/min and 26 Kg side thrust.\",\"breadcrumb\":{\"@id\":\"https:\/\/rollingringdrives.com\/product\/rolling-ring-drive-similar-to-uhing-rg3-30-2mcrf-for-30mm-diameter-shaft\/#breadcrumb\"},\"inLanguage\":\"es\",\"potentialAction\":[{\"@type\":\"ReadAction\",\"target\":[\"https:\/\/rollingringdrives.com\/product\/rolling-ring-drive-similar-to-uhing-rg3-30-2mcrf-for-30mm-diameter-shaft\/\"]}]},{\"@type\":\"ImageObject\",\"inLanguage\":\"es\",\"@id\":\"https:\/\/rollingringdrives.com\/product\/rolling-ring-drive-similar-to-uhing-rg3-30-2mcrf-for-30mm-diameter-shaft\/#primaryimage\",\"url\":\"https:\/\/rollingringdrives.com\/wp-content\/uploads\/2023\/05\/\u5fae\u4fe1\u56fe\u7247_202205231820561-2.jpg\",\"contentUrl\":\"https:\/\/rollingringdrives.com\/wp-content\/uploads\/2023\/05\/\u5fae\u4fe1\u56fe\u7247_202205231820561-2.jpg\",\"width\":1072,\"height\":1072,\"caption\":\"Rolling Ring Drive Similar To Uhing RG3-30-2mcrf for 30mm Diameter Shaft\"},{\"@type\":\"BreadcrumbList\",\"@id\":\"https:\/\/rollingringdrives.com\/product\/rolling-ring-drive-similar-to-uhing-rg3-30-2mcrf-for-30mm-diameter-shaft\/#breadcrumb\",\"itemListElement\":[{\"@type\":\"ListItem\",\"position\":1,\"name\":\"Home\",\"item\":\"https:\/\/rollingringdrives.com\/\"},{\"@type\":\"ListItem\",\"position\":2,\"name\":\"Machines\",\"item\":\"https:\/\/rollingringdrives.com\/machines\/\"},{\"@type\":\"ListItem\",\"position\":3,\"name\":\"Rolling Ring Drive Similar To RG3-30-2MCRF for 30mm Diameter Shaft\"}]},{\"@type\":\"WebSite\",\"@id\":\"https:\/\/rollingringdrives.com\/#website\",\"url\":\"https:\/\/rollingringdrives.com\/\",\"name\":\"QiPang\",\"description\":\"QiPang Blog\",\"publisher\":{\"@id\":\"https:\/\/rollingringdrives.com\/#organization\"},\"potentialAction\":[{\"@type\":\"SearchAction\",\"target\":{\"@type\":\"EntryPoint\",\"urlTemplate\":\"https:\/\/rollingringdrives.com\/?s={search_term_string}\"},\"query-input\":{\"@type\":\"PropertyValueSpecification\",\"valueRequired\":true,\"valueName\":\"search_term_string\"}}],\"inLanguage\":\"es\"},{\"@type\":\"Organization\",\"@id\":\"https:\/\/rollingringdrives.com\/#organization\",\"name\":\"QiPang\",\"url\":\"https:\/\/rollingringdrives.com\/\",\"logo\":{\"@type\":\"ImageObject\",\"inLanguage\":\"es\",\"@id\":\"https:\/\/rollingringdrives.com\/#\/schema\/logo\/image\/\",\"url\":\"https:\/\/rollingringdrives.com\/wp-content\/uploads\/2023\/05\/cropped-\u672a\u547d\u540d\u7684\u8bbe\u8ba1.png\",\"contentUrl\":\"https:\/\/rollingringdrives.com\/wp-content\/uploads\/2023\/05\/cropped-\u672a\u547d\u540d\u7684\u8bbe\u8ba1.png\",\"width\":300,\"height\":191,\"caption\":\"QiPang\"},\"image\":{\"@id\":\"https:\/\/rollingringdrives.com\/#\/schema\/logo\/image\/\"}}]}<\/script>\n<!-- \/ Yoast SEO Premium plugin. -->","yoast_head_json":{"title":"Unidad de anillo rodante similar a RG3-30-2MCRF para eje de 30 mm de di\u00e1metro - QiPang","description":"Mejore el rendimiento de su equipo con el anillo rodante Uhing RG3-30-2mcrf. Consigue una velocidad lineal m\u00e1xima de 24 m\/min y un empuje lateral de 26 Kg.","robots":{"index":"index","follow":"follow","max-snippet":"max-snippet:-1","max-image-preview":"max-image-preview:large","max-video-preview":"max-video-preview:-1"},"canonical":"https:\/\/rollingringdrives.com\/es\/producto\/transmision-de-anillo-rodante-similar-a-uhing-rg3-30-2mcrf-para-eje-de-30mm-de-diametro-2\/","og_locale":"es_MX","og_type":"article","og_title":"Rolling Ring Drive Similar To RG3-30-2MCRF for 30mm Diameter Shaft","og_description":"Improve your equipment's performance with Uhing RG3-30-2mcrf rolling ring. Get a max linear speed of 24 m\/min and 26 Kg side thrust.","og_url":"https:\/\/rollingringdrives.com\/es\/producto\/transmision-de-anillo-rodante-similar-a-uhing-rg3-30-2mcrf-para-eje-de-30mm-de-diametro-2\/","og_site_name":"QiPang","article_modified_time":"2023-05-31T02:44:31+00:00","og_image":[{"width":1072,"height":1072,"url":"https:\/\/rollingringdrives.com\/wp-content\/uploads\/2023\/05\/\u5fae\u4fe1\u56fe\u7247_202205231820561-2.jpg","type":"image\/jpeg"}],"twitter_card":"summary_large_image","twitter_misc":{"Tiempo de lectura":"2 minutos"},"schema":{"@context":"https:\/\/schema.org","@graph":[{"@type":"WebPage","@id":"https:\/\/rollingringdrives.com\/product\/rolling-ring-drive-similar-to-uhing-rg3-30-2mcrf-for-30mm-diameter-shaft\/","url":"https:\/\/rollingringdrives.com\/product\/rolling-ring-drive-similar-to-uhing-rg3-30-2mcrf-for-30mm-diameter-shaft\/","name":"Unidad de anillo rodante similar a RG3-30-2MCRF para eje de 30 mm de di\u00e1metro - QiPang","isPartOf":{"@id":"https:\/\/rollingringdrives.com\/#website"},"primaryImageOfPage":{"@id":"https:\/\/rollingringdrives.com\/product\/rolling-ring-drive-similar-to-uhing-rg3-30-2mcrf-for-30mm-diameter-shaft\/#primaryimage"},"image":{"@id":"https:\/\/rollingringdrives.com\/product\/rolling-ring-drive-similar-to-uhing-rg3-30-2mcrf-for-30mm-diameter-shaft\/#primaryimage"},"thumbnailUrl":"https:\/\/rollingringdrives.com\/wp-content\/uploads\/2023\/05\/\u5fae\u4fe1\u56fe\u7247_202205231820561-2.jpg","datePublished":"2023-05-16T09:09:05+00:00","dateModified":"2023-05-31T02:44:31+00:00","description":"Mejore el rendimiento de su equipo con el anillo rodante Uhing RG3-30-2mcrf. Consigue una velocidad lineal m\u00e1xima de 24 m\/min y un empuje lateral de 26 Kg.","breadcrumb":{"@id":"https:\/\/rollingringdrives.com\/product\/rolling-ring-drive-similar-to-uhing-rg3-30-2mcrf-for-30mm-diameter-shaft\/#breadcrumb"},"inLanguage":"es","potentialAction":[{"@type":"ReadAction","target":["https:\/\/rollingringdrives.com\/product\/rolling-ring-drive-similar-to-uhing-rg3-30-2mcrf-for-30mm-diameter-shaft\/"]}]},{"@type":"ImageObject","inLanguage":"es","@id":"https:\/\/rollingringdrives.com\/product\/rolling-ring-drive-similar-to-uhing-rg3-30-2mcrf-for-30mm-diameter-shaft\/#primaryimage","url":"https:\/\/rollingringdrives.com\/wp-content\/uploads\/2023\/05\/\u5fae\u4fe1\u56fe\u7247_202205231820561-2.jpg","contentUrl":"https:\/\/rollingringdrives.com\/wp-content\/uploads\/2023\/05\/\u5fae\u4fe1\u56fe\u7247_202205231820561-2.jpg","width":1072,"height":1072,"caption":"Rolling Ring Drive Similar To Uhing RG3-30-2mcrf for 30mm Diameter Shaft"},{"@type":"BreadcrumbList","@id":"https:\/\/rollingringdrives.com\/product\/rolling-ring-drive-similar-to-uhing-rg3-30-2mcrf-for-30mm-diameter-shaft\/#breadcrumb","itemListElement":[{"@type":"ListItem","position":1,"name":"Home","item":"https:\/\/rollingringdrives.com\/"},{"@type":"ListItem","position":2,"name":"Machines","item":"https:\/\/rollingringdrives.com\/machines\/"},{"@type":"ListItem","position":3,"name":"Rolling Ring Drive Similar To RG3-30-2MCRF for 30mm Diameter Shaft"}]},{"@type":"WebSite","@id":"https:\/\/rollingringdrives.com\/#website","url":"https:\/\/rollingringdrives.com\/","name":"Qi Pang","description":"Blog QiPang","publisher":{"@id":"https:\/\/rollingringdrives.com\/#organization"},"potentialAction":[{"@type":"SearchAction","target":{"@type":"EntryPoint","urlTemplate":"https:\/\/rollingringdrives.com\/?s={search_term_string}"},"query-input":{"@type":"PropertyValueSpecification","valueRequired":true,"valueName":"search_term_string"}}],"inLanguage":"es"},{"@type":"Organization","@id":"https:\/\/rollingringdrives.com\/#organization","name":"Qi Pang","url":"https:\/\/rollingringdrives.com\/","logo":{"@type":"ImageObject","inLanguage":"es","@id":"https:\/\/rollingringdrives.com\/#\/schema\/logo\/image\/","url":"https:\/\/rollingringdrives.com\/wp-content\/uploads\/2023\/05\/cropped-\u672a\u547d\u540d\u7684\u8bbe\u8ba1.png","contentUrl":"https:\/\/rollingringdrives.com\/wp-content\/uploads\/2023\/05\/cropped-\u672a\u547d\u540d\u7684\u8bbe\u8ba1.png","width":300,"height":191,"caption":"QiPang"},"image":{"@id":"https:\/\/rollingringdrives.com\/#\/schema\/logo\/image\/"}}]}},"_links":{"self":[{"href":"https:\/\/rollingringdrives.com\/es\/wp-json\/wp\/v2\/product\/25549","targetHints":{"allow":["GET"]}}],"collection":[{"href":"https:\/\/rollingringdrives.com\/es\/wp-json\/wp\/v2\/product"}],"about":[{"href":"https:\/\/rollingringdrives.com\/es\/wp-json\/wp\/v2\/types\/product"}],"version-history":[{"count":0,"href":"https:\/\/rollingringdrives.com\/es\/wp-json\/wp\/v2\/product\/25549\/revisions"}],"wp:featuredmedia":[{"embeddable":true,"href":"https:\/\/rollingringdrives.com\/es\/wp-json\/wp\/v2\/media\/25902"}],"wp:attachment":[{"href":"https:\/\/rollingringdrives.com\/es\/wp-json\/wp\/v2\/media?parent=25549"}],"wp:term":[{"taxonomy":"product_brand","embeddable":true,"href":"https:\/\/rollingringdrives.com\/es\/wp-json\/wp\/v2\/product_brand?post=25549"},{"taxonomy":"product_cat","embeddable":true,"href":"https:\/\/rollingringdrives.com\/es\/wp-json\/wp\/v2\/product_cat?post=25549"},{"taxonomy":"product_tag","embeddable":true,"href":"https:\/\/rollingringdrives.com\/es\/wp-json\/wp\/v2\/product_tag?post=25549"}],"curies":[{"name":"wp","href":"https:\/\/api.w.org\/{rel}","templated":true}]}}