{"id":25570,"date":"2023-05-16T09:44:56","date_gmt":"2023-05-16T09:44:56","guid":{"rendered":"https:\/\/rollingringdrives.com\/?post_type=product&#038;p=25570"},"modified":"2023-05-16T10:27:50","modified_gmt":"2023-05-16T10:27:50","slug":"rolling-ring-drive-similar-to-uhing-rg3-50-2mcrf-for-50mm-diameter-shaft","status":"publish","type":"product","link":"https:\/\/rollingringdrives.com\/es\/producto\/transmision-de-anillo-rodante-similar-a-uhing-rg3-50-2mcrf-para-eje-de-50mm-de-diametro\/","title":{"rendered":"Unidad de anillo rodante similar a Uhing RG3-50-2mcrf para eje de 50 mm de di\u00e1metro"},"content":{"rendered":"<h2 data-source-line=\"4\" data-source-line-display=\"true\">Unidades transversales <span style=\"text-decoration: underline;\">Modelo RG3-50-2MCRF\/PX50<\/span><\/h2>\n<p class=\"xsj_paragraph xsj_paragraph_level_0\" data-source-line=\"4\" data-source-line-display=\"true\">La unidad de anillo rodante, <strong class=\"markdown_strong_asterisk\">Similar a Uhing RG3-50-2MCRF<\/strong>\u00a0para\u00a0<strong class=\"markdown_strong_asterisk\">Eje de 50 mm de di\u00e1metro<\/strong> Modelo, es una unidad transversal de alto rendimiento dise\u00f1ada para satisfacer las necesidades de diversas aplicaciones industriales. La unidad se basa en la tecnolog\u00eda innovadora de las unidades transversales Uhing y cuenta con tres anillos rodantes para un movimiento lineal preciso del eje.<\/p>\n<p class=\"xsj_paragraph xsj_paragraph_level_0\" data-source-line=\"4\" data-source-line-display=\"true\">El modelo RG3-50-2MCRF\/PX50 ofrece caracter\u00edsticas excepcionales, que incluyen un empuje lateral m\u00e1ximo de 68 kg, un paso m\u00e1ximo de 40 mm para una rotaci\u00f3n del eje en el ajuste diez del dial, una velocidad m\u00e1xima del eje de 500 RPM, un m\u00e1ximo velocidad lineal de 18 metros\/minuto, peso de 16 kg y par motor de 7,5 kg-cm.<\/p>\n<p class=\"xsj_paragraph xsj_paragraph_level_0\" data-source-line=\"7\" data-source-line-display=\"true\"><div id=\"footable_parent_25572\"\n         class=\"footable_parent ninja_table_wrapper loading_ninja_table wp_table_data_press_parent semantic_ui\">\n                <table data-ninja_table_instance=\"ninja_table_instance_0\" data-footable_id=\"25572\" data-filter-delay=\"1000\" aria-label=\"11\u65b0\u5efa X3sLSX \u5de5\u4f5c\u8868 (2).csv\"            id=\"footable_25572\"\n           data-unique_identifier=\"ninja_table_unique_id_395086524_25572\"\n           class=\"foo-table ninja_footable foo_table_25572 ninja_table_unique_id_395086524_25572 ui table  nt_type_legacy_table selectable striped vertical_centered  footable-paging-right ninja_table_search_disabled ninja_table_pro\">\n                <colgroup>\n                            <col class=\"ninja_column_0\">\n                            <col class=\"ninja_column_1\">\n                    <\/colgroup>\n        <thead>\n<tr class=\"footable-header\">\n                                        <th scope=\"col\"  class=\"ninja_column_0 ninja_clmn_nm_parameter\">Par\u00e1metro<\/th><th scope=\"col\"  class=\"ninja_column_1 ninja_clmn_nm_value\">Valor<\/th><\/tr>\n<\/thead>\n<tbody>\n\n        <tr data-row_id=\"126\" class=\"ninja_table_row_0 nt_row_id_126\">\n            <td>N\u00famero de anillos rodantes<\/td><td>3<\/td>        <\/tr>\n            <tr data-row_id=\"127\" class=\"ninja_table_row_1 nt_row_id_127\">\n            <td>Empuje lateral m\u00e1ximo<\/td><td>68 kg<\/td>        <\/tr>\n            <tr data-row_id=\"128\" class=\"ninja_table_row_2 nt_row_id_128\">\n            <td>Paso m\u00e1ximo<\/td><td>40mm<\/td>        <\/tr>\n            <tr data-row_id=\"129\" class=\"ninja_table_row_3 nt_row_id_129\">\n            <td>Velocidad m\u00e1xima del eje<\/td><td>500 RPM<\/td>        <\/tr>\n            <tr data-row_id=\"130\" class=\"ninja_table_row_4 nt_row_id_130\">\n            <td>Velocidad lineal m\u00e1xima<\/td><td>18 metros \/ minuto<\/td>        <\/tr>\n            <tr data-row_id=\"131\" class=\"ninja_table_row_5 nt_row_id_131\">\n            <td>Peso<\/td><td>16 kg<\/td>        <\/tr>\n            <tr data-row_id=\"132\" class=\"ninja_table_row_6 nt_row_id_132\">\n            <td>Par motor<\/td><td>7,5 kg cm<\/td>        <\/tr>\n    <\/tbody><!--ninja_tobody_rendering_done-->\n    <\/table>\n    \n    \n    \n<\/div>\n<\/p>\n<div class=\"xiaoshujiang_element xsj_anchor\"><a class=\"blank_anchor_name\" name=\"applications_3\"><\/a><a id=\"applications_3\" class=\"blank_anchor_id\"><\/a><a class=\"blank_anchor_name\" name=\"applications\"><\/a><a id=\"applications\" class=\"blank_anchor_id\"><\/a><\/div>\n<h2 id=\"applications_3\" class=\"xsj_heading_hash xsj_heading xsj_heading_h2\" data-source-line=\"9\" data-source-line-display=\"true\"><span class=\"xsj_heading_content\">Aplicaciones:<\/span><\/h2>\n<p class=\"xsj_paragraph xsj_paragraph_level_0\" data-source-line=\"11\" data-source-line-display=\"true\">La unidad de anillo rodante, similar a Uhing RG3-50-2MCRF para un modelo de eje de 50 mm de di\u00e1metro, es ideal para diversas aplicaciones industriales. Se puede usar en empaques, textiles, alambres y cables, impresi\u00f3n y muchas otras aplicaciones. Esta unidad transversal altamente vers\u00e1til puede proporcionar un rendimiento excepcional para varios procesos industriales.<\/p>\n<div class=\"xiaoshujiang_element xsj_anchor\"><a class=\"blank_anchor_name\" name=\"faqs_4\"><\/a><a id=\"faqs_4\" class=\"blank_anchor_id\"><\/a><a class=\"blank_anchor_name\" name=\"faqs\"><\/a><a id=\"faqs\" class=\"blank_anchor_id\"><\/a><\/div>\n<h2 id=\"faqs_4\" class=\"xsj_heading_hash xsj_heading xsj_heading_h2\" data-source-line=\"13\" data-source-line-display=\"true\"><span class=\"xsj_heading_content\">Preguntas frecuentes:<\/span><\/h2>\n<p class=\"xsj_paragraph xsj_paragraph_level_0\" data-source-line=\"15\" data-source-line-display=\"true\"><strong class=\"markdown_strong_asterisk\">1. \u00bfCu\u00e1l es el empuje lateral m\u00e1ximo para la unidad de anillo rodante similar a Uhing RG3-50-2MCRF para un modelo de eje de 50 mm de di\u00e1metro?<\/strong><br \/>\nEl empuje lateral m\u00e1ximo de la unidad es de 68 kg, lo que la hace ideal para una amplia gama de aplicaciones industriales.<\/p>\n<p class=\"xsj_paragraph xsj_paragraph_level_0\" data-source-line=\"18\" data-source-line-display=\"true\"><strong class=\"markdown_strong_asterisk\">2. \u00bfPuede operar el mecanismo de anillo rodante a altas velocidades?<\/strong><br \/>\nS\u00ed, la unidad puede operar a una velocidad m\u00e1xima del eje de 500 RPM, lo que la hace altamente eficiente y confiable.<\/p>\n<p class=\"xsj_paragraph xsj_paragraph_level_0\" data-source-line=\"21\" data-source-line-display=\"true\"><strong class=\"markdown_strong_asterisk\">3. \u00bfEl Rolling Ring Drive es liviano y f\u00e1cil de manejar?<\/strong><br \/>\nS\u00ed, la unidad tiene un peso de 16 kg, lo que la hace liviana y f\u00e1cil de manejar.<\/p>\n<p class=\"xsj_paragraph xsj_paragraph_level_0\" data-source-line=\"24\" data-source-line-display=\"true\"><strong class=\"markdown_strong_asterisk\">4. \u00bfCu\u00e1l es la velocidad lineal m\u00e1xima del mecanismo de anillo rodante?<\/strong><br \/>\nLa unidad tiene una velocidad lineal m\u00e1xima de 18 metros\/minuto, lo que la hace ideal para diversas aplicaciones industriales.<\/p>\n<p class=\"xsj_paragraph xsj_paragraph_level_0\" data-source-line=\"27\" data-source-line-display=\"true\"><strong class=\"markdown_strong_asterisk\">5. \u00bfPara qu\u00e9 tipos de aplicaciones industriales es adecuado el accionamiento de anillo rodante?<\/strong><br \/>\nLa unidad de anillo rodante, similar a Uhing RG3-50-2MCRF para un modelo de eje de 50 mm de di\u00e1metro, es ideal para diversas aplicaciones industriales, que incluyen empaques, textiles, alambres y cables, impresi\u00f3n y muchas otras.<\/p>","protected":false},"excerpt":{"rendered":"<h2 class=\"xsj_paragraph xsj_paragraph_level_0\" data-source-line=\"9\" data-source-line-display=\"true\">Caracter\u00edsticas:<\/h2>\n<ol class=\"markdown_ol\" data-source-line=\"12\">\n<li data-source-line=\"12\"><strong>Tres anillos rodantes<\/strong> para movimientos lineales y rotacionales de precisi\u00f3n.<\/li>\n<li data-source-line=\"13\">Empuje lateral m\u00e1ximo de 68 Kg.<\/li>\n<li data-source-line=\"14\">El paso m\u00e1ximo es de 40 mm para una rotaci\u00f3n del eje en el ajuste diez del dial.<\/li>\n<li data-source-line=\"15\">Velocidad m\u00e1xima del eje de 500 RPM.<\/li>\n<li data-source-line=\"16\">Velocidad lineal m\u00e1xima de 18 metros por minuto.<\/li>\n<li data-source-line=\"17\">Construcci\u00f3n robusta para una mayor durabilidad.<\/li>\n<li data-source-line=\"18\">Par de accionamiento de 7,5 Kg Cm.<\/li>\n<li data-source-line=\"19\">Dise\u00f1o ligero con un peso de tan solo 16 Kg.<\/li>\n<li data-source-line=\"20\">Compatible con unidades transversales Uhing.<\/li>\n<li data-source-line=\"21\">Facil de instalar y manejar.<\/li>\n<\/ol>","protected":false},"featured_media":25576,"template":"","meta":{"site-sidebar-layout":"default","site-content-layout":"default","ast-global-header-display":"","ast-banner-title-visibility":"","ast-main-header-display":"","ast-hfb-above-header-display":"","ast-hfb-below-header-display":"","ast-hfb-mobile-header-display":"","site-post-title":"","ast-breadcrumbs-content":"","ast-featured-img":"","footer-sml-layout":"","theme-transparent-header-meta":"default","adv-header-id-meta":"","stick-header-meta":"","header-above-stick-meta":"","header-main-stick-meta":"","header-below-stick-meta":""},"product_brand":[],"product_cat":[34,45],"product_tag":[],"class_list":{"0":"post-25570","1":"product","2":"type-product","3":"status-publish","4":"has-post-thumbnail","6":"product_cat-rolling-ring-drive","7":"product_cat-similar-to-uhing-rolling-ring-drive","8":"desktop-align-left","9":"tablet-align-left","10":"mobile-align-left","12":"first","13":"instock","14":"shipping-taxable","15":"product-type-simple"},"yoast_head":"<!-- This site is optimized with the Yoast SEO Premium plugin v20.12 (Yoast SEO v26.0) - https:\/\/yoast.com\/wordpress\/plugins\/seo\/ -->\n<title>Rolling Ring Drive Similar To Uhing RG3-50-2mcrf for 50mm Diameter Shaft - QiPang<\/title>\n<meta name=\"description\" content=\"Looking a high-performance rolling ring? Check out Uhing RG3-50-2mcrf! Enjoy 68 Kg side thrust and 18 m\/min linear speed. Contact us to learn more.\" \/>\n<meta name=\"robots\" content=\"index, follow, max-snippet:-1, max-image-preview:large, max-video-preview:-1\" \/>\n<link rel=\"canonical\" href=\"https:\/\/rollingringdrives.com\/es\/producto\/transmision-de-anillo-rodante-similar-a-uhing-rg3-50-2mcrf-para-eje-de-50mm-de-diametro\/\" \/>\n<meta property=\"og:locale\" content=\"es_MX\" \/>\n<meta property=\"og:type\" content=\"article\" \/>\n<meta property=\"og:title\" content=\"Rolling Ring Drive Similar To Uhing RG3-50-2mcrf for 50mm Diameter Shaft\" \/>\n<meta property=\"og:description\" content=\"Looking a high-performance rolling ring? Check out Uhing RG3-50-2mcrf! Enjoy 68 Kg side thrust and 18 m\/min linear speed. Contact us to learn more.\" \/>\n<meta property=\"og:url\" content=\"https:\/\/rollingringdrives.com\/es\/producto\/transmision-de-anillo-rodante-similar-a-uhing-rg3-50-2mcrf-para-eje-de-50mm-de-diametro\/\" \/>\n<meta property=\"og:site_name\" content=\"QiPang\" \/>\n<meta property=\"article:modified_time\" content=\"2023-05-16T10:27:50+00:00\" \/>\n<meta property=\"og:image\" content=\"https:\/\/rollingringdrives.com\/wp-content\/uploads\/2023\/05\/4-8.jpg\" \/>\n\t<meta property=\"og:image:width\" content=\"600\" \/>\n\t<meta property=\"og:image:height\" content=\"600\" \/>\n\t<meta property=\"og:image:type\" content=\"image\/jpeg\" \/>\n<meta name=\"twitter:card\" content=\"summary_large_image\" \/>\n<meta name=\"twitter:label1\" content=\"Tiempo de lectura\" \/>\n\t<meta name=\"twitter:data1\" content=\"2 minutos\" \/>\n<script type=\"application\/ld+json\" class=\"yoast-schema-graph\">{\"@context\":\"https:\/\/schema.org\",\"@graph\":[{\"@type\":\"WebPage\",\"@id\":\"https:\/\/rollingringdrives.com\/product\/rolling-ring-drive-similar-to-uhing-rg3-50-2mcrf-for-50mm-diameter-shaft\/\",\"url\":\"https:\/\/rollingringdrives.com\/product\/rolling-ring-drive-similar-to-uhing-rg3-50-2mcrf-for-50mm-diameter-shaft\/\",\"name\":\"Rolling Ring Drive Similar To Uhing RG3-50-2mcrf for 50mm Diameter Shaft - QiPang\",\"isPartOf\":{\"@id\":\"https:\/\/rollingringdrives.com\/#website\"},\"primaryImageOfPage\":{\"@id\":\"https:\/\/rollingringdrives.com\/product\/rolling-ring-drive-similar-to-uhing-rg3-50-2mcrf-for-50mm-diameter-shaft\/#primaryimage\"},\"image\":{\"@id\":\"https:\/\/rollingringdrives.com\/product\/rolling-ring-drive-similar-to-uhing-rg3-50-2mcrf-for-50mm-diameter-shaft\/#primaryimage\"},\"thumbnailUrl\":\"https:\/\/rollingringdrives.com\/wp-content\/uploads\/2023\/05\/4-8.jpg\",\"datePublished\":\"2023-05-16T09:44:56+00:00\",\"dateModified\":\"2023-05-16T10:27:50+00:00\",\"description\":\"Looking a high-performance rolling ring? Check out Uhing RG3-50-2mcrf! Enjoy 68 Kg side thrust and 18 m\/min linear speed. Contact us to learn more.\",\"breadcrumb\":{\"@id\":\"https:\/\/rollingringdrives.com\/product\/rolling-ring-drive-similar-to-uhing-rg3-50-2mcrf-for-50mm-diameter-shaft\/#breadcrumb\"},\"inLanguage\":\"es\",\"potentialAction\":[{\"@type\":\"ReadAction\",\"target\":[\"https:\/\/rollingringdrives.com\/product\/rolling-ring-drive-similar-to-uhing-rg3-50-2mcrf-for-50mm-diameter-shaft\/\"]}]},{\"@type\":\"ImageObject\",\"inLanguage\":\"es\",\"@id\":\"https:\/\/rollingringdrives.com\/product\/rolling-ring-drive-similar-to-uhing-rg3-50-2mcrf-for-50mm-diameter-shaft\/#primaryimage\",\"url\":\"https:\/\/rollingringdrives.com\/wp-content\/uploads\/2023\/05\/4-8.jpg\",\"contentUrl\":\"https:\/\/rollingringdrives.com\/wp-content\/uploads\/2023\/05\/4-8.jpg\",\"width\":600,\"height\":600,\"caption\":\"Rolling Ring Drive Similar To Uhing RG3-50-2mcrf for 50mm Diameter Shaft\"},{\"@type\":\"BreadcrumbList\",\"@id\":\"https:\/\/rollingringdrives.com\/product\/rolling-ring-drive-similar-to-uhing-rg3-50-2mcrf-for-50mm-diameter-shaft\/#breadcrumb\",\"itemListElement\":[{\"@type\":\"ListItem\",\"position\":1,\"name\":\"Home\",\"item\":\"https:\/\/rollingringdrives.com\/\"},{\"@type\":\"ListItem\",\"position\":2,\"name\":\"Machines\",\"item\":\"https:\/\/rollingringdrives.com\/machines\/\"},{\"@type\":\"ListItem\",\"position\":3,\"name\":\"Rolling Ring Drive Similar To Uhing RG3-50-2mcrf for 50mm Diameter Shaft\"}]},{\"@type\":\"WebSite\",\"@id\":\"https:\/\/rollingringdrives.com\/#website\",\"url\":\"https:\/\/rollingringdrives.com\/\",\"name\":\"QiPang\",\"description\":\"QiPang Blog\",\"publisher\":{\"@id\":\"https:\/\/rollingringdrives.com\/#organization\"},\"potentialAction\":[{\"@type\":\"SearchAction\",\"target\":{\"@type\":\"EntryPoint\",\"urlTemplate\":\"https:\/\/rollingringdrives.com\/?s={search_term_string}\"},\"query-input\":{\"@type\":\"PropertyValueSpecification\",\"valueRequired\":true,\"valueName\":\"search_term_string\"}}],\"inLanguage\":\"es\"},{\"@type\":\"Organization\",\"@id\":\"https:\/\/rollingringdrives.com\/#organization\",\"name\":\"QiPang\",\"url\":\"https:\/\/rollingringdrives.com\/\",\"logo\":{\"@type\":\"ImageObject\",\"inLanguage\":\"es\",\"@id\":\"https:\/\/rollingringdrives.com\/#\/schema\/logo\/image\/\",\"url\":\"https:\/\/rollingringdrives.com\/wp-content\/uploads\/2023\/05\/cropped-\u672a\u547d\u540d\u7684\u8bbe\u8ba1.png\",\"contentUrl\":\"https:\/\/rollingringdrives.com\/wp-content\/uploads\/2023\/05\/cropped-\u672a\u547d\u540d\u7684\u8bbe\u8ba1.png\",\"width\":300,\"height\":191,\"caption\":\"QiPang\"},\"image\":{\"@id\":\"https:\/\/rollingringdrives.com\/#\/schema\/logo\/image\/\"}}]}<\/script>\n<!-- \/ Yoast SEO Premium plugin. -->","yoast_head_json":{"title":"Unidad de anillo rodante similar a Uhing RG3-50-2mcrf para eje de 50 mm de di\u00e1metro - QiPang","description":"\u00bfBusca un anillo rodante de alto rendimiento? \u00a1Echa un vistazo a Uhing RG3-50-2mcrf! Disfruta de un empuje lateral de 68 Kg y una velocidad lineal de 18 m\/min. P\u00f3ngase en contacto con nosotros para obtener m\u00e1s informaci\u00f3n.","robots":{"index":"index","follow":"follow","max-snippet":"max-snippet:-1","max-image-preview":"max-image-preview:large","max-video-preview":"max-video-preview:-1"},"canonical":"https:\/\/rollingringdrives.com\/es\/producto\/transmision-de-anillo-rodante-similar-a-uhing-rg3-50-2mcrf-para-eje-de-50mm-de-diametro\/","og_locale":"es_MX","og_type":"article","og_title":"Rolling Ring Drive Similar To Uhing RG3-50-2mcrf for 50mm Diameter Shaft","og_description":"Looking a high-performance rolling ring? Check out Uhing RG3-50-2mcrf! Enjoy 68 Kg side thrust and 18 m\/min linear speed. Contact us to learn more.","og_url":"https:\/\/rollingringdrives.com\/es\/producto\/transmision-de-anillo-rodante-similar-a-uhing-rg3-50-2mcrf-para-eje-de-50mm-de-diametro\/","og_site_name":"QiPang","article_modified_time":"2023-05-16T10:27:50+00:00","og_image":[{"width":600,"height":600,"url":"https:\/\/rollingringdrives.com\/wp-content\/uploads\/2023\/05\/4-8.jpg","type":"image\/jpeg"}],"twitter_card":"summary_large_image","twitter_misc":{"Tiempo de lectura":"2 minutos"},"schema":{"@context":"https:\/\/schema.org","@graph":[{"@type":"WebPage","@id":"https:\/\/rollingringdrives.com\/product\/rolling-ring-drive-similar-to-uhing-rg3-50-2mcrf-for-50mm-diameter-shaft\/","url":"https:\/\/rollingringdrives.com\/product\/rolling-ring-drive-similar-to-uhing-rg3-50-2mcrf-for-50mm-diameter-shaft\/","name":"Unidad de anillo rodante similar a Uhing RG3-50-2mcrf para eje de 50 mm de di\u00e1metro - QiPang","isPartOf":{"@id":"https:\/\/rollingringdrives.com\/#website"},"primaryImageOfPage":{"@id":"https:\/\/rollingringdrives.com\/product\/rolling-ring-drive-similar-to-uhing-rg3-50-2mcrf-for-50mm-diameter-shaft\/#primaryimage"},"image":{"@id":"https:\/\/rollingringdrives.com\/product\/rolling-ring-drive-similar-to-uhing-rg3-50-2mcrf-for-50mm-diameter-shaft\/#primaryimage"},"thumbnailUrl":"https:\/\/rollingringdrives.com\/wp-content\/uploads\/2023\/05\/4-8.jpg","datePublished":"2023-05-16T09:44:56+00:00","dateModified":"2023-05-16T10:27:50+00:00","description":"\u00bfBusca un anillo rodante de alto rendimiento? \u00a1Echa un vistazo a Uhing RG3-50-2mcrf! Disfruta de un empuje lateral de 68 Kg y una velocidad lineal de 18 m\/min. P\u00f3ngase en contacto con nosotros para obtener m\u00e1s informaci\u00f3n.","breadcrumb":{"@id":"https:\/\/rollingringdrives.com\/product\/rolling-ring-drive-similar-to-uhing-rg3-50-2mcrf-for-50mm-diameter-shaft\/#breadcrumb"},"inLanguage":"es","potentialAction":[{"@type":"ReadAction","target":["https:\/\/rollingringdrives.com\/product\/rolling-ring-drive-similar-to-uhing-rg3-50-2mcrf-for-50mm-diameter-shaft\/"]}]},{"@type":"ImageObject","inLanguage":"es","@id":"https:\/\/rollingringdrives.com\/product\/rolling-ring-drive-similar-to-uhing-rg3-50-2mcrf-for-50mm-diameter-shaft\/#primaryimage","url":"https:\/\/rollingringdrives.com\/wp-content\/uploads\/2023\/05\/4-8.jpg","contentUrl":"https:\/\/rollingringdrives.com\/wp-content\/uploads\/2023\/05\/4-8.jpg","width":600,"height":600,"caption":"Rolling Ring Drive Similar To Uhing RG3-50-2mcrf for 50mm Diameter Shaft"},{"@type":"BreadcrumbList","@id":"https:\/\/rollingringdrives.com\/product\/rolling-ring-drive-similar-to-uhing-rg3-50-2mcrf-for-50mm-diameter-shaft\/#breadcrumb","itemListElement":[{"@type":"ListItem","position":1,"name":"Home","item":"https:\/\/rollingringdrives.com\/"},{"@type":"ListItem","position":2,"name":"Machines","item":"https:\/\/rollingringdrives.com\/machines\/"},{"@type":"ListItem","position":3,"name":"Rolling Ring Drive Similar To Uhing RG3-50-2mcrf for 50mm Diameter Shaft"}]},{"@type":"WebSite","@id":"https:\/\/rollingringdrives.com\/#website","url":"https:\/\/rollingringdrives.com\/","name":"Qi Pang","description":"Blog QiPang","publisher":{"@id":"https:\/\/rollingringdrives.com\/#organization"},"potentialAction":[{"@type":"SearchAction","target":{"@type":"EntryPoint","urlTemplate":"https:\/\/rollingringdrives.com\/?s={search_term_string}"},"query-input":{"@type":"PropertyValueSpecification","valueRequired":true,"valueName":"search_term_string"}}],"inLanguage":"es"},{"@type":"Organization","@id":"https:\/\/rollingringdrives.com\/#organization","name":"Qi Pang","url":"https:\/\/rollingringdrives.com\/","logo":{"@type":"ImageObject","inLanguage":"es","@id":"https:\/\/rollingringdrives.com\/#\/schema\/logo\/image\/","url":"https:\/\/rollingringdrives.com\/wp-content\/uploads\/2023\/05\/cropped-\u672a\u547d\u540d\u7684\u8bbe\u8ba1.png","contentUrl":"https:\/\/rollingringdrives.com\/wp-content\/uploads\/2023\/05\/cropped-\u672a\u547d\u540d\u7684\u8bbe\u8ba1.png","width":300,"height":191,"caption":"QiPang"},"image":{"@id":"https:\/\/rollingringdrives.com\/#\/schema\/logo\/image\/"}}]}},"_links":{"self":[{"href":"https:\/\/rollingringdrives.com\/es\/wp-json\/wp\/v2\/product\/25570","targetHints":{"allow":["GET"]}}],"collection":[{"href":"https:\/\/rollingringdrives.com\/es\/wp-json\/wp\/v2\/product"}],"about":[{"href":"https:\/\/rollingringdrives.com\/es\/wp-json\/wp\/v2\/types\/product"}],"version-history":[{"count":0,"href":"https:\/\/rollingringdrives.com\/es\/wp-json\/wp\/v2\/product\/25570\/revisions"}],"wp:featuredmedia":[{"embeddable":true,"href":"https:\/\/rollingringdrives.com\/es\/wp-json\/wp\/v2\/media\/25576"}],"wp:attachment":[{"href":"https:\/\/rollingringdrives.com\/es\/wp-json\/wp\/v2\/media?parent=25570"}],"wp:term":[{"taxonomy":"product_brand","embeddable":true,"href":"https:\/\/rollingringdrives.com\/es\/wp-json\/wp\/v2\/product_brand?post=25570"},{"taxonomy":"product_cat","embeddable":true,"href":"https:\/\/rollingringdrives.com\/es\/wp-json\/wp\/v2\/product_cat?post=25570"},{"taxonomy":"product_tag","embeddable":true,"href":"https:\/\/rollingringdrives.com\/es\/wp-json\/wp\/v2\/product_tag?post=25570"}],"curies":[{"name":"wp","href":"https:\/\/api.w.org\/{rel}","templated":true}]}}