{"id":25808,"date":"2023-05-19T08:35:06","date_gmt":"2023-05-19T08:35:06","guid":{"rendered":"https:\/\/rollingringdrives.com\/?post_type=product&#038;p=25808"},"modified":"2025-07-07T07:31:26","modified_gmt":"2025-07-07T07:31:26","slug":"complete-set-of-accessories-for-wire-stranding-machine","status":"publish","type":"product","link":"https:\/\/rollingringdrives.com\/es\/producto\/juego-completo-de-accesorios-para-trenzadora-de-alambres\/","title":{"rendered":"Juego completo de accesorios para m\u00e1quina de encalladura de alambre"},"content":{"rendered":"<p class=\"xsj_paragraph xsj_paragraph_level_0\" data-source-line=\"2\" data-source-line-display=\"true\">La m\u00e1quina para encalladura de alambre es una pieza crucial del equipo en la industria de alambres y cables. Se necesita un conjunto completo de accesorios para la m\u00e1quina de encalladura de alambre para mejorar su rendimiento y funcionalidad. Este conjunto incluye componentes como una pistola de tensi\u00f3n, un marco desenrollador, un asiento de cojinete, un asiento de fijaci\u00f3n, un eje desenrollador y una m\u00e1quina trenzadora de cobre.<\/p>\n<p data-source-line=\"2\" data-source-line-display=\"true\"><div id=\"footable_parent_25786\"\n         class=\"footable_parent ninja_table_wrapper loading_ninja_table wp_table_data_press_parent semantic_ui\">\n                <table data-ninja_table_instance=\"ninja_table_instance_0\" data-footable_id=\"25786\" data-filter-delay=\"1000\" aria-label=\"\u5f39\u7c27\u5f20\u529b\u67aa (2).csv\"            id=\"footable_25786\"\n           data-unique_identifier=\"ninja_table_unique_id_750740093_25786\"\n           class=\"foo-table ninja_footable foo_table_25786 ninja_table_unique_id_750740093_25786 ui table  nt_type_legacy_table selectable striped vertical_centered  footable-paging-right ninja_table_search_disabled ninja_table_pro\">\n                <colgroup>\n                            <col class=\"ninja_column_0\">\n                            <col class=\"ninja_column_1\">\n                            <col class=\"ninja_column_2\">\n                            <col class=\"ninja_column_3\">\n                    <\/colgroup>\n        <thead>\n<tr class=\"footable-header\">\n                                                                        <th scope=\"col\"  class=\"ninja_column_0 ninja_clmn_nm_payoffdiscplate\">Disco\/Placa de compensaci\u00f3n<\/th><th scope=\"col\"  class=\"ninja_column_1 ninja_clmn_nm_wirediameterrange\">Rango de di\u00e1metro de alambre<\/th><th scope=\"col\"  class=\"ninja_column_2 ninja_clmn_nm_springtype\">Tipo de resorte<\/th><th scope=\"col\"  class=\"ninja_column_3 ninja_clmn_nm_discplatesize\">Tama\u00f1o de disco\/placa<\/th><\/tr>\n<\/thead>\n<tbody>\n\n        <tr data-row_id=\"223\" class=\"ninja_table_row_0 nt_row_id_223\">\n            <td>disco de 3-5 pulgadas<\/td><td>0.03-0.15<\/td><td>1.3,1.6,1.8<\/td><td>-<\/td>        <\/tr>\n            <tr data-row_id=\"224\" class=\"ninja_table_row_1 nt_row_id_224\">\n            <td>disco de 5-8-10 pulgadas<\/td><td>0.10-0.30<\/td><td>2.5-2.8<\/td><td>5-8-10 pulgadas<\/td>        <\/tr>\n            <tr data-row_id=\"225\" class=\"ninja_table_row_2 nt_row_id_225\">\n            <td>placa de 300-630 mm<\/td><td>0.2-0.40<\/td><td>3.5<\/td><td>Resorte doble<\/td>        <\/tr>\n            <tr data-row_id=\"226\" class=\"ninja_table_row_3 nt_row_id_226\">\n            <td>placa de 300-630 mm<\/td><td>0.2-0.80<\/td><td>3.5<\/td><td>Tres resortes<\/td>        <\/tr>\n    <\/tbody><!--ninja_tobody_rendering_done-->\n    <\/table>\n    \n    \n    \n<\/div>\n<\/p>\n<div class=\"xiaoshujiang_element xsj_anchor\"><a class=\"blank_anchor_name\" name=\"main20accessories_1\"><\/a><a id=\"main20accessories_1\" class=\"blank_anchor_id\"><\/a><a class=\"blank_anchor_name\" name=\"main-accessories\"><\/a><a id=\"main-accessories\" class=\"blank_anchor_id\"><\/a><\/div>\n<h2 id=\"main20accessories_1\" class=\"xsj_heading_hash xsj_heading xsj_heading_h2\" data-source-line=\"4\" data-source-line-display=\"true\"><span class=\"xsj_heading_content\">Accesorios principales:<\/span><\/h2>\n<p class=\"xsj_paragraph xsj_paragraph_level_0\" data-source-line=\"6\" data-source-line-display=\"true\">El <strong class=\"markdown_strong_asterisk\">accesorios para estanter\u00edas de pago<\/strong> son una parte vital del conjunto entre estos componentes. Los accesorios requieren dos rodamientos 6004 y una pieza de 20 circlips exteriores. El asiento del cojinete y la polea son de hierro fundido, mientras que el eje es de acero 45#. Los clientes pueden elegir la longitud del eje de un rango opcional de 370 mm, 400 mm y 430 mm. La tuerca roscada tambi\u00e9n est\u00e1 hecha de acero 45#.<\/p>\n<p class=\"xsj_paragraph xsj_paragraph_level_0\" data-source-line=\"8\" data-source-line-display=\"true\">El\u00a0<strong class=\"markdown_strong_asterisk\">asiento de cojinete<\/strong> es un componente esencial de los accesorios de la estanter\u00eda de pago. Est\u00e1 hecho de hierro fundido, lo que asegura su durabilidad y resistencia. La polea, tambi\u00e9n de hierro fundido, ayuda a guiar el cable durante el proceso de trenzado. El eje, hecho de acero 45#, es lo suficientemente resistente para soportar el peso de la bobina de alambre. Los clientes pueden elegir la longitud del eje seg\u00fan sus requisitos.<\/p>\n<p class=\"xsj_paragraph xsj_paragraph_level_0\" data-source-line=\"10\" data-source-line-display=\"true\">El\u00a0<strong class=\"markdown_strong_asterisk\">tuerca de tornillo<\/strong> es otro componente vital que ayuda a asegurar los accesorios del estante de pago. Est\u00e1 hecho de acero 45# para mayor resistencia y durabilidad.<\/p>\n<p class=\"xsj_paragraph xsj_paragraph_level_0\" data-source-line=\"12\" data-source-line-display=\"true\">En conclusi\u00f3n, un juego completo de accesorios para una m\u00e1quina para encalladura de alambre es esencial en la industria de alambres y cables. Se compone de diferentes componentes, incluidos los accesorios de la caja desenrolladora, cruciales en el proceso de cableado. Los accesorios requieren varios materiales, como hierro fundido y acero 45#, para garantizar su durabilidad y resistencia. Los clientes tienen la flexibilidad de elegir la longitud del eje de acuerdo con sus requisitos. En general, este conjunto de accesorios mejorar\u00e1 el rendimiento y la funcionalidad de la m\u00e1quina para encalladura de alambre.<\/p>","protected":false},"excerpt":{"rendered":"<p class=\"xsj_paragraph xsj_paragraph_level_0\" data-source-line=\"0\" data-source-line-display=\"true\"><strong>Usos<\/strong>: accesorios del marco de desenrollado de la pistola de tensi\u00f3n de la m\u00e1quina de encalladura de alambre, eje de desenrollado del asiento de fijaci\u00f3n del asiento del cojinete, m\u00e1quina de encalladura de cobre.<\/p>\n<p class=\"xsj_paragraph xsj_paragraph_level_0\" data-source-line=\"2\" data-source-line-display=\"true\"><strong>Accesorios de cajas desenrolladoras<\/strong>: partido 2 piezas 6004 rodamientos, 1 pieza 20 circlip exterior<\/p>\n<div class=\"xiaoshujiang_element xsj_anchor\"><a class=\"blank_anchor_name\" name=\"material_1\"><\/a><a id=\"material_1\" class=\"blank_anchor_id\"><\/a><a class=\"blank_anchor_name\" name=\"material\"><\/a><a id=\"material\" class=\"blank_anchor_id\"><\/a><\/div>\n<h2 id=\"material_1\" class=\"xsj_heading_hash xsj_heading xsj_heading_h2\" data-source-line=\"4\" data-source-line-display=\"true\"><span class=\"xsj_heading_content\">Material:<\/span><\/h2>\n<ol class=\"markdown_ol\" data-source-line=\"6\">\n<li data-source-line=\"6\">Asiento del cojinete: hierro fundido,<\/li>\n<li data-source-line=\"7\">Polea \u2013 hierro fundido,<\/li>\n<li data-source-line=\"8\">Eje: acero 45#, longitud del eje opcional (370 mm, 400 mm, 430 mm),<\/li>\n<li data-source-line=\"9\">Tuerca roscada \u2013 acero 45#<\/li>\n<\/ol>","protected":false},"featured_media":25810,"template":"","meta":{"site-sidebar-layout":"default","site-content-layout":"default","ast-global-header-display":"","ast-banner-title-visibility":"","ast-main-header-display":"","ast-hfb-above-header-display":"","ast-hfb-below-header-display":"","ast-hfb-mobile-header-display":"","site-post-title":"","ast-breadcrumbs-content":"","ast-featured-img":"","footer-sml-layout":"","theme-transparent-header-meta":"default","adv-header-id-meta":"","stick-header-meta":"","header-above-stick-meta":"","header-main-stick-meta":"","header-below-stick-meta":""},"product_brand":[],"product_cat":[48,49],"product_tag":[],"class_list":{"0":"post-25808","1":"product","2":"type-product","3":"status-publish","4":"has-post-thumbnail","6":"product_cat-wire-payoff-machine","7":"product_cat-accessories-wire-payoff-machinery","8":"desktop-align-left","9":"tablet-align-left","10":"mobile-align-left","12":"first","13":"instock","14":"shipping-taxable","15":"product-type-simple"},"yoast_head":"<!-- This site is optimized with the Yoast SEO Premium plugin v20.12 (Yoast SEO v26.0) - https:\/\/yoast.com\/wordpress\/plugins\/seo\/ -->\n<title>Complete Set Of Accessories for Wire Stranding Machine - QiPang<\/title>\n<meta name=\"description\" content=\"Enhance your wire stranding machine&#039;s performance with a Complete Set Of Accessories. Our set includes a tension gun, pay-off frame, bearing seat, fixing seat, pay-off shaft, and copper stranding machine.\" \/>\n<meta name=\"robots\" content=\"index, follow, max-snippet:-1, max-image-preview:large, max-video-preview:-1\" \/>\n<link rel=\"canonical\" href=\"https:\/\/rollingringdrives.com\/es\/producto\/juego-completo-de-accesorios-para-trenzadora-de-alambres\/\" \/>\n<meta property=\"og:locale\" content=\"es_MX\" \/>\n<meta property=\"og:type\" content=\"article\" \/>\n<meta property=\"og:title\" content=\"Complete Set Of Accessories for Wire Stranding Machine\" \/>\n<meta property=\"og:description\" content=\"Enhance your wire stranding machine&#039;s performance with a Complete Set Of Accessories. Our set includes a tension gun, pay-off frame, bearing seat, fixing seat, pay-off shaft, and copper stranding machine.\" \/>\n<meta property=\"og:url\" content=\"https:\/\/rollingringdrives.com\/es\/producto\/juego-completo-de-accesorios-para-trenzadora-de-alambres\/\" \/>\n<meta property=\"og:site_name\" content=\"QiPang\" \/>\n<meta property=\"article:modified_time\" content=\"2025-07-07T07:31:26+00:00\" \/>\n<meta property=\"og:image\" content=\"https:\/\/rollingringdrives.com\/wp-content\/uploads\/2023\/05\/1-16.jpg\" \/>\n\t<meta property=\"og:image:width\" content=\"600\" \/>\n\t<meta property=\"og:image:height\" content=\"600\" \/>\n\t<meta property=\"og:image:type\" content=\"image\/jpeg\" \/>\n<meta name=\"twitter:card\" content=\"summary_large_image\" \/>\n<meta name=\"twitter:label1\" content=\"Tiempo de lectura\" \/>\n\t<meta name=\"twitter:data1\" content=\"2 minutos\" \/>\n<script type=\"application\/ld+json\" class=\"yoast-schema-graph\">{\"@context\":\"https:\/\/schema.org\",\"@graph\":[{\"@type\":\"WebPage\",\"@id\":\"https:\/\/rollingringdrives.com\/product\/complete-set-of-accessories-for-wire-stranding-machine\/\",\"url\":\"https:\/\/rollingringdrives.com\/product\/complete-set-of-accessories-for-wire-stranding-machine\/\",\"name\":\"Complete Set Of Accessories for Wire Stranding Machine - QiPang\",\"isPartOf\":{\"@id\":\"https:\/\/rollingringdrives.com\/#website\"},\"primaryImageOfPage\":{\"@id\":\"https:\/\/rollingringdrives.com\/product\/complete-set-of-accessories-for-wire-stranding-machine\/#primaryimage\"},\"image\":{\"@id\":\"https:\/\/rollingringdrives.com\/product\/complete-set-of-accessories-for-wire-stranding-machine\/#primaryimage\"},\"thumbnailUrl\":\"https:\/\/rollingringdrives.com\/wp-content\/uploads\/2023\/05\/1-16.jpg\",\"datePublished\":\"2023-05-19T08:35:06+00:00\",\"dateModified\":\"2025-07-07T07:31:26+00:00\",\"description\":\"Enhance your wire stranding machine's performance with a Complete Set Of Accessories. Our set includes a tension gun, pay-off frame, bearing seat, fixing seat, pay-off shaft, and copper stranding machine.\",\"breadcrumb\":{\"@id\":\"https:\/\/rollingringdrives.com\/product\/complete-set-of-accessories-for-wire-stranding-machine\/#breadcrumb\"},\"inLanguage\":\"es\",\"potentialAction\":[{\"@type\":\"ReadAction\",\"target\":[\"https:\/\/rollingringdrives.com\/product\/complete-set-of-accessories-for-wire-stranding-machine\/\"]}]},{\"@type\":\"ImageObject\",\"inLanguage\":\"es\",\"@id\":\"https:\/\/rollingringdrives.com\/product\/complete-set-of-accessories-for-wire-stranding-machine\/#primaryimage\",\"url\":\"https:\/\/rollingringdrives.com\/wp-content\/uploads\/2023\/05\/1-16.jpg\",\"contentUrl\":\"https:\/\/rollingringdrives.com\/wp-content\/uploads\/2023\/05\/1-16.jpg\",\"width\":600,\"height\":600,\"caption\":\"Complete Set Of Accessories for Wire Stranding Machine\"},{\"@type\":\"BreadcrumbList\",\"@id\":\"https:\/\/rollingringdrives.com\/product\/complete-set-of-accessories-for-wire-stranding-machine\/#breadcrumb\",\"itemListElement\":[{\"@type\":\"ListItem\",\"position\":1,\"name\":\"Home\",\"item\":\"https:\/\/rollingringdrives.com\/\"},{\"@type\":\"ListItem\",\"position\":2,\"name\":\"Machines\",\"item\":\"https:\/\/rollingringdrives.com\/machines\/\"},{\"@type\":\"ListItem\",\"position\":3,\"name\":\"Complete Set Of Accessories for Wire Stranding Machine\"}]},{\"@type\":\"WebSite\",\"@id\":\"https:\/\/rollingringdrives.com\/#website\",\"url\":\"https:\/\/rollingringdrives.com\/\",\"name\":\"QiPang\",\"description\":\"QiPang Blog\",\"publisher\":{\"@id\":\"https:\/\/rollingringdrives.com\/#organization\"},\"potentialAction\":[{\"@type\":\"SearchAction\",\"target\":{\"@type\":\"EntryPoint\",\"urlTemplate\":\"https:\/\/rollingringdrives.com\/?s={search_term_string}\"},\"query-input\":{\"@type\":\"PropertyValueSpecification\",\"valueRequired\":true,\"valueName\":\"search_term_string\"}}],\"inLanguage\":\"es\"},{\"@type\":\"Organization\",\"@id\":\"https:\/\/rollingringdrives.com\/#organization\",\"name\":\"QiPang\",\"url\":\"https:\/\/rollingringdrives.com\/\",\"logo\":{\"@type\":\"ImageObject\",\"inLanguage\":\"es\",\"@id\":\"https:\/\/rollingringdrives.com\/#\/schema\/logo\/image\/\",\"url\":\"https:\/\/rollingringdrives.com\/wp-content\/uploads\/2023\/05\/cropped-\u672a\u547d\u540d\u7684\u8bbe\u8ba1.png\",\"contentUrl\":\"https:\/\/rollingringdrives.com\/wp-content\/uploads\/2023\/05\/cropped-\u672a\u547d\u540d\u7684\u8bbe\u8ba1.png\",\"width\":300,\"height\":191,\"caption\":\"QiPang\"},\"image\":{\"@id\":\"https:\/\/rollingringdrives.com\/#\/schema\/logo\/image\/\"}}]}<\/script>\n<!-- \/ Yoast SEO Premium plugin. -->","yoast_head_json":{"title":"Juego completo de accesorios para m\u00e1quina de encalladura de alambre - QiPang","description":"Mejore el rendimiento de su m\u00e1quina de encalladura de alambre con un juego completo de accesorios. Nuestro juego incluye una pistola de tensi\u00f3n, un marco desenrollador, un asiento de cojinete, un asiento de fijaci\u00f3n, un eje desenrollador y una m\u00e1quina de trenzado de cobre.","robots":{"index":"index","follow":"follow","max-snippet":"max-snippet:-1","max-image-preview":"max-image-preview:large","max-video-preview":"max-video-preview:-1"},"canonical":"https:\/\/rollingringdrives.com\/es\/producto\/juego-completo-de-accesorios-para-trenzadora-de-alambres\/","og_locale":"es_MX","og_type":"article","og_title":"Complete Set Of Accessories for Wire Stranding Machine","og_description":"Enhance your wire stranding machine's performance with a Complete Set Of Accessories. Our set includes a tension gun, pay-off frame, bearing seat, fixing seat, pay-off shaft, and copper stranding machine.","og_url":"https:\/\/rollingringdrives.com\/es\/producto\/juego-completo-de-accesorios-para-trenzadora-de-alambres\/","og_site_name":"QiPang","article_modified_time":"2025-07-07T07:31:26+00:00","og_image":[{"width":600,"height":600,"url":"https:\/\/rollingringdrives.com\/wp-content\/uploads\/2023\/05\/1-16.jpg","type":"image\/jpeg"}],"twitter_card":"summary_large_image","twitter_misc":{"Tiempo de lectura":"2 minutos"},"schema":{"@context":"https:\/\/schema.org","@graph":[{"@type":"WebPage","@id":"https:\/\/rollingringdrives.com\/product\/complete-set-of-accessories-for-wire-stranding-machine\/","url":"https:\/\/rollingringdrives.com\/product\/complete-set-of-accessories-for-wire-stranding-machine\/","name":"Juego completo de accesorios para m\u00e1quina de encalladura de alambre - QiPang","isPartOf":{"@id":"https:\/\/rollingringdrives.com\/#website"},"primaryImageOfPage":{"@id":"https:\/\/rollingringdrives.com\/product\/complete-set-of-accessories-for-wire-stranding-machine\/#primaryimage"},"image":{"@id":"https:\/\/rollingringdrives.com\/product\/complete-set-of-accessories-for-wire-stranding-machine\/#primaryimage"},"thumbnailUrl":"https:\/\/rollingringdrives.com\/wp-content\/uploads\/2023\/05\/1-16.jpg","datePublished":"2023-05-19T08:35:06+00:00","dateModified":"2025-07-07T07:31:26+00:00","description":"Mejore el rendimiento de su m\u00e1quina de encalladura de alambre con un juego completo de accesorios. Nuestro juego incluye una pistola de tensi\u00f3n, un marco desenrollador, un asiento de cojinete, un asiento de fijaci\u00f3n, un eje desenrollador y una m\u00e1quina de trenzado de cobre.","breadcrumb":{"@id":"https:\/\/rollingringdrives.com\/product\/complete-set-of-accessories-for-wire-stranding-machine\/#breadcrumb"},"inLanguage":"es","potentialAction":[{"@type":"ReadAction","target":["https:\/\/rollingringdrives.com\/product\/complete-set-of-accessories-for-wire-stranding-machine\/"]}]},{"@type":"ImageObject","inLanguage":"es","@id":"https:\/\/rollingringdrives.com\/product\/complete-set-of-accessories-for-wire-stranding-machine\/#primaryimage","url":"https:\/\/rollingringdrives.com\/wp-content\/uploads\/2023\/05\/1-16.jpg","contentUrl":"https:\/\/rollingringdrives.com\/wp-content\/uploads\/2023\/05\/1-16.jpg","width":600,"height":600,"caption":"Complete Set Of Accessories for Wire Stranding Machine"},{"@type":"BreadcrumbList","@id":"https:\/\/rollingringdrives.com\/product\/complete-set-of-accessories-for-wire-stranding-machine\/#breadcrumb","itemListElement":[{"@type":"ListItem","position":1,"name":"Home","item":"https:\/\/rollingringdrives.com\/"},{"@type":"ListItem","position":2,"name":"Machines","item":"https:\/\/rollingringdrives.com\/machines\/"},{"@type":"ListItem","position":3,"name":"Complete Set Of Accessories for Wire Stranding Machine"}]},{"@type":"WebSite","@id":"https:\/\/rollingringdrives.com\/#website","url":"https:\/\/rollingringdrives.com\/","name":"Qi Pang","description":"Blog QiPang","publisher":{"@id":"https:\/\/rollingringdrives.com\/#organization"},"potentialAction":[{"@type":"SearchAction","target":{"@type":"EntryPoint","urlTemplate":"https:\/\/rollingringdrives.com\/?s={search_term_string}"},"query-input":{"@type":"PropertyValueSpecification","valueRequired":true,"valueName":"search_term_string"}}],"inLanguage":"es"},{"@type":"Organization","@id":"https:\/\/rollingringdrives.com\/#organization","name":"Qi Pang","url":"https:\/\/rollingringdrives.com\/","logo":{"@type":"ImageObject","inLanguage":"es","@id":"https:\/\/rollingringdrives.com\/#\/schema\/logo\/image\/","url":"https:\/\/rollingringdrives.com\/wp-content\/uploads\/2023\/05\/cropped-\u672a\u547d\u540d\u7684\u8bbe\u8ba1.png","contentUrl":"https:\/\/rollingringdrives.com\/wp-content\/uploads\/2023\/05\/cropped-\u672a\u547d\u540d\u7684\u8bbe\u8ba1.png","width":300,"height":191,"caption":"QiPang"},"image":{"@id":"https:\/\/rollingringdrives.com\/#\/schema\/logo\/image\/"}}]}},"_links":{"self":[{"href":"https:\/\/rollingringdrives.com\/es\/wp-json\/wp\/v2\/product\/25808","targetHints":{"allow":["GET"]}}],"collection":[{"href":"https:\/\/rollingringdrives.com\/es\/wp-json\/wp\/v2\/product"}],"about":[{"href":"https:\/\/rollingringdrives.com\/es\/wp-json\/wp\/v2\/types\/product"}],"version-history":[{"count":0,"href":"https:\/\/rollingringdrives.com\/es\/wp-json\/wp\/v2\/product\/25808\/revisions"}],"wp:featuredmedia":[{"embeddable":true,"href":"https:\/\/rollingringdrives.com\/es\/wp-json\/wp\/v2\/media\/25810"}],"wp:attachment":[{"href":"https:\/\/rollingringdrives.com\/es\/wp-json\/wp\/v2\/media?parent=25808"}],"wp:term":[{"taxonomy":"product_brand","embeddable":true,"href":"https:\/\/rollingringdrives.com\/es\/wp-json\/wp\/v2\/product_brand?post=25808"},{"taxonomy":"product_cat","embeddable":true,"href":"https:\/\/rollingringdrives.com\/es\/wp-json\/wp\/v2\/product_cat?post=25808"},{"taxonomy":"product_tag","embeddable":true,"href":"https:\/\/rollingringdrives.com\/es\/wp-json\/wp\/v2\/product_tag?post=25808"}],"curies":[{"name":"wp","href":"https:\/\/api.w.org\/{rel}","templated":true}]}}