{"id":25923,"date":"2023-05-20T08:43:53","date_gmt":"2023-05-20T08:43:53","guid":{"rendered":"https:\/\/rollingringdrives.com\/?post_type=product&#038;p=25923"},"modified":"2023-05-31T02:32:17","modified_gmt":"2023-05-31T02:32:17","slug":"rolling-ring-drive-for-30mm-diameter-shaft-model-gp4-30-4jpx30","status":"publish","type":"product","link":"https:\/\/rollingringdrives.com\/es\/producto\/accionamiento-de-anillo-rodante-para-eje-de-30-mm-de-diametro-modelo-gp4-30-4jpx30\/","title":{"rendered":"Unidad de anillo rodante para eje de 30 mm de di\u00e1metro Modelo GP4-30 4JPX30"},"content":{"rendered":"<h2 id=\"traverse20unit20model20rg4-40-2mcrfgp40_2\" class=\"xsj_heading_hash xsj_heading xsj_heading_h2\" data-source-line=\"2\" data-source-line-display=\"true\"><span class=\"xsj_heading_content\">Unidad transversal <span style=\"text-decoration: underline;\">Modelo GP4-30\/4JPX30<\/span><\/span><\/h2>\n<p class=\"xsj_paragraph xsj_paragraph_level_0\" data-source-line=\"4\" data-source-line-display=\"true\">El\u00a0<strong class=\"markdown_strong_asterisk\">Unidad transversal modelo GP4-30\/4JPX30 <\/strong><span class=\"xsj_heading_content\"><span style=\"text-decoration: underline;\">Modelo <\/span><\/span>es un accionamiento de anillo rodante de alto rendimiento para un <strong class=\"markdown_strong_asterisk\">eje de 30 mm de di\u00e1metro<\/strong>. Con\u00a0<strong class=\"markdown_strong_asterisk\">4 anillos rodantes<\/strong>, un empuje lateral m\u00e1ximo de 52 kg y un paso completo de 26 mm, esta unidad ofrece una precisi\u00f3n y exactitud sin precedentes en el movimiento lineal. La velocidad m\u00e1xima del eje es de 1000 RPM y la velocidad lineal total es de 24 metros por minuto. Con un peso de 3,5 kg y un par de accionamiento de 2,5 kg\u00b7cm, este accionamiento de anillo rodante es robusto pero ligero.<\/p>\n<p data-source-line=\"4\" data-source-line-display=\"true\"><div id=\"footable_parent_26102\"\n         class=\"footable_parent ninja_table_wrapper loading_ninja_table wp_table_data_press_parent semantic_ui\">\n                <table data-ninja_table_instance=\"ninja_table_instance_0\" data-footable_id=\"26102\" data-filter-delay=\"1000\" aria-label=\"4\u65b0\u5efa X3sLSX \u5de5\u4f5c\u8868 (2).csv (duplicado)\"            id=\"footable_26102\"\n           data-unique_identifier=\"ninja_table_unique_id_1818172803_26102\"\n           class=\"foo-table ninja_footable foo_table_26102 ninja_table_unique_id_1818172803_26102 ui table  nt_type_legacy_table selectable striped vertical_centered  footable-paging-right ninja_table_search_disabled ninja_table_pro\">\n                <colgroup>\n                            <col class=\"ninja_column_0\">\n                            <col class=\"ninja_column_1\">\n                    <\/colgroup>\n        <thead>\n<tr class=\"footable-header\">\n                                        <th scope=\"col\"  class=\"ninja_column_0 ninja_clmn_nm_specification\">Especificaci\u00f3n<\/th><th scope=\"col\"  class=\"ninja_column_1 ninja_clmn_nm_value\">Valor<\/th><\/tr>\n<\/thead>\n<tbody>\n\n        <tr data-row_id=\"241\" class=\"ninja_table_row_0 nt_row_id_241\">\n            <td>N\u00famero de anillos rodantes<\/td><td>4<\/td>        <\/tr>\n            <tr data-row_id=\"242\" class=\"ninja_table_row_1 nt_row_id_242\">\n            <td>Empuje lateral m\u00e1ximo<\/td><td>52 kg<\/td>        <\/tr>\n            <tr data-row_id=\"243\" class=\"ninja_table_row_2 nt_row_id_243\">\n            <td>Paso m\u00e1ximo<\/td><td>26mm<\/td>        <\/tr>\n            <tr data-row_id=\"244\" class=\"ninja_table_row_3 nt_row_id_244\">\n            <td>Velocidad m\u00e1xima del eje<\/td><td>1000 RPN<\/td>        <\/tr>\n            <tr data-row_id=\"245\" class=\"ninja_table_row_4 nt_row_id_245\">\n            <td>Velocidad lineal m\u00e1xima<\/td><td>24 metros \/ minuto<\/td>        <\/tr>\n            <tr data-row_id=\"246\" class=\"ninja_table_row_5 nt_row_id_246\">\n            <td>Peso<\/td><td>3,5 kg<\/td>        <\/tr>\n            <tr data-row_id=\"247\" class=\"ninja_table_row_6 nt_row_id_247\">\n            <td>Par motor<\/td><td>2,5 kg cm<\/td>        <\/tr>\n    <\/tbody><!--ninja_tobody_rendering_done-->\n    <\/table>\n    \n    \n    \n<\/div>\n<\/p>\n<figure id=\"attachment_27207\" aria-describedby=\"caption-attachment-27207\" style=\"width: 1024px\" class=\"wp-caption alignnone\"><img fetchpriority=\"high\" decoding=\"async\" class=\"wp-image-27207 size-large\" src=\"https:\/\/rollingringdrives.com\/wp-content\/uploads\/2023\/05\/4JPX30\u5916\u5f62\u56fe_00-1024x724.png\" alt=\"Dibujo dimensional 4JP30\" width=\"1024\" height=\"724\" srcset=\"https:\/\/rollingringdrives.com\/wp-content\/uploads\/2023\/05\/4JPX30\u5916\u5f62\u56fe_00-1024x724.png 1024w, https:\/\/rollingringdrives.com\/wp-content\/uploads\/2023\/05\/4JPX30\u5916\u5f62\u56fe_00-300x212.png 300w, https:\/\/rollingringdrives.com\/wp-content\/uploads\/2023\/05\/4JPX30\u5916\u5f62\u56fe_00-768x543.png 768w, https:\/\/rollingringdrives.com\/wp-content\/uploads\/2023\/05\/4JPX30\u5916\u5f62\u56fe_00-1536x1086.png 1536w, https:\/\/rollingringdrives.com\/wp-content\/uploads\/2023\/05\/4JPX30\u5916\u5f62\u56fe_00-2048x1449.png 2048w, https:\/\/rollingringdrives.com\/wp-content\/uploads\/2023\/05\/4JPX30\u5916\u5f62\u56fe_00-600x424.png 600w\" sizes=\"(max-width: 1024px) 100vw, 1024px\" \/><figcaption id=\"caption-attachment-27207\" class=\"wp-caption-text\">Dibujo dimensional 4JP30<\/figcaption><\/figure>\n<p data-source-line=\"4\" data-source-line-display=\"true\"><a href=\"https:\/\/rollingringdrives.com\/wp-content\/uploads\/2023\/05\/Instruction-manual.pdf\" target=\"_blank\" rel=\"noopener\">Descargar manual\u2193<\/a><\/p>\n<div class=\"xiaoshujiang_element xsj_anchor\"><a class=\"blank_anchor_name\" name=\"applications_3\"><\/a><a id=\"applications_3\" class=\"blank_anchor_id\"><\/a><a class=\"blank_anchor_name\" name=\"applications\"><\/a><a id=\"applications\" class=\"blank_anchor_id\"><\/a><\/div>\n<h2 id=\"applications_3\" class=\"xsj_heading_hash xsj_heading xsj_heading_h2\" data-source-line=\"6\" data-source-line-display=\"true\"><span class=\"xsj_heading_content\">Aplicaciones:<\/span><\/h2>\n<p class=\"xsj_paragraph xsj_paragraph_level_0\" data-source-line=\"8\" data-source-line-display=\"true\">Esta unidad de anillo rodante es ideal para una amplia gama de aplicaciones que requieren alta precisi\u00f3n y exactitud en el movimiento lineal. Algunos ejemplos incluyen:<\/p>\n<ol class=\"markdown_ol\" data-source-line=\"10\">\n<li data-source-line=\"10\">Sistemas de automatizaci\u00f3n industrial<\/li>\n<li data-source-line=\"11\">Rob\u00f3tica y sistemas de fabricaci\u00f3n.<\/li>\n<li data-source-line=\"12\">maquinas CNC<\/li>\n<li data-source-line=\"13\">Maquinaria de paqueteria<\/li>\n<li data-source-line=\"14\">Maquinaria textil<\/li>\n<li data-source-line=\"15\">Prensas de impresi\u00f3n<\/li>\n<li data-source-line=\"16\">Equipo medico<\/li>\n<\/ol>\n<div class=\"xiaoshujiang_element xsj_anchor\"><a class=\"blank_anchor_name\" name=\"faqs_4\"><\/a><a id=\"faqs_4\" class=\"blank_anchor_id\"><\/a><a class=\"blank_anchor_name\" name=\"faqs\"><\/a><a id=\"faqs\" class=\"blank_anchor_id\"><\/a><\/div>\n<h2 id=\"faqs_4\" class=\"xsj_heading_hash xsj_heading xsj_heading_h2\" data-source-line=\"18\" data-source-line-display=\"true\"><span class=\"xsj_heading_content\">Preguntas frecuentes:<\/span><\/h2>\n<p class=\"xsj_paragraph xsj_paragraph_level_0\" data-source-line=\"20\" data-source-line-display=\"true\"><strong class=\"markdown_strong_asterisk\">1. \u00bfQu\u00e9 es una unidad de anillo rodante?<\/strong><br \/>\nUna unidad de anillo rodante es un tipo de unidad de movimiento lineal que utiliza anillos rodantes para impulsar un eje en un movimiento lineal.<\/p>\n<p class=\"xsj_paragraph xsj_paragraph_level_0\" data-source-line=\"23\" data-source-line-display=\"true\"><strong class=\"markdown_strong_asterisk\">2. \u00bfCu\u00e1l es la velocidad m\u00e1xima de la transmisi\u00f3n del anillo rodante para un eje de 30 mm de di\u00e1metro?<\/strong><strong class=\"markdown_strong_asterisk\">?<\/strong><br \/>\nLa velocidad m\u00e1xima es de 1000 RPM.<\/p>\n<p class=\"xsj_paragraph xsj_paragraph_level_0\" data-source-line=\"26\" data-source-line-display=\"true\"><strong class=\"markdown_strong_asterisk\">3. \u00bfCu\u00e1l es la velocidad lineal m\u00e1xima de la GP4-30\/4JPX30?<\/strong><br \/>\nLa velocidad lineal m\u00e1xima es de 24 metros por minuto.<\/p>\n<p class=\"xsj_paragraph xsj_paragraph_level_0\" data-source-line=\"29\" data-source-line-display=\"true\"><strong class=\"markdown_strong_asterisk\">4. \u00bfCu\u00e1l es el empuje lateral m\u00e1ximo del GP4-30\/4JPX30?<\/strong><br \/>\nEl <strong class=\"markdown_strong_asterisk\">GP4-30\/4JPX30<\/strong> tiene un empuje lateral m\u00e1ximo de 52 kg.<\/p>\n<p class=\"xsj_paragraph xsj_paragraph_level_0\" data-source-line=\"32\" data-source-line-display=\"true\"><strong class=\"markdown_strong_asterisk\">5. \u00bfPara qu\u00e9 aplicaciones es adecuado el GP4-30\/4JPX30?<\/strong><br \/>\nEl <strong class=\"markdown_strong_asterisk\">GP4-30\/4JPX30<\/strong> es adecuado para diversas aplicaciones, incluidos los sistemas de automatizaci\u00f3n industrial, la rob\u00f3tica y los sistemas de fabricaci\u00f3n, las m\u00e1quinas CNC, la maquinaria de embalaje, la maquinaria textil, las imprentas y los equipos m\u00e9dicos.<\/p>","protected":false},"excerpt":{"rendered":"<p>Unidad transversal modelo GP4-30\/4JPX30 La unidad transversal modelo GP4-30\/4JPX30 es una unidad de anillo rodante de alto rendimiento para un eje de 30 mm de di\u00e1metro. Con 4 anillos rodantes, un empuje lateral m\u00e1ximo de 52 kg y un paso completo de 26 mm, esta transmisi\u00f3n ofrece precisi\u00f3n y exactitud incomparables en el movimiento lineal. La velocidad m\u00e1xima del eje es de 1000 RPM y...<\/p>\n<p class=\"read-more\"> <a class=\"\" href=\"https:\/\/rollingringdrives.com\/es\/producto\/accionamiento-de-anillo-rodante-para-eje-de-30-mm-de-diametro-modelo-gp4-30-4jpx30\/\"> <span class=\"screen-reader-text\">Unidad de anillo rodante para eje de 30 mm de di\u00e1metro Modelo GP4-30 4JPX30<\/span> Leer m\u00e1s \u00bb<\/a><\/p>","protected":false},"featured_media":25926,"template":"","meta":{"site-sidebar-layout":"default","site-content-layout":"default","ast-global-header-display":"","ast-banner-title-visibility":"","ast-main-header-display":"","ast-hfb-above-header-display":"","ast-hfb-below-header-display":"","ast-hfb-mobile-header-display":"","site-post-title":"","ast-breadcrumbs-content":"","ast-featured-img":"","footer-sml-layout":"","theme-transparent-header-meta":"default","adv-header-id-meta":"","stick-header-meta":"","header-above-stick-meta":"","header-main-stick-meta":"","header-below-stick-meta":""},"product_brand":[],"product_cat":[34,38],"product_tag":[],"class_list":{"0":"post-25923","1":"product","2":"type-product","3":"status-publish","4":"has-post-thumbnail","6":"product_cat-rolling-ring-drive","7":"product_cat-gp4-type","8":"desktop-align-left","9":"tablet-align-left","10":"mobile-align-left","12":"first","13":"instock","14":"shipping-taxable","15":"product-type-simple"},"yoast_head":"<!-- This site is optimized with the Yoast SEO Premium plugin v20.12 (Yoast SEO v26.0) - https:\/\/yoast.com\/wordpress\/plugins\/seo\/ -->\n<title>Rolling Ring Drive for 30mm Diameter Shaft Model GP4-30 4JPX30 - QiPang<\/title>\n<meta name=\"robots\" content=\"index, follow, max-snippet:-1, max-image-preview:large, max-video-preview:-1\" \/>\n<link rel=\"canonical\" href=\"https:\/\/rollingringdrives.com\/es\/producto\/accionamiento-de-anillo-rodante-para-eje-de-30-mm-de-diametro-modelo-gp4-30-4jpx30\/\" \/>\n<meta property=\"og:locale\" content=\"es_MX\" \/>\n<meta property=\"og:type\" content=\"article\" \/>\n<meta property=\"og:title\" content=\"Rolling Ring Drive for 30mm Diameter Shaft Model GP4-30 4JPX30\" \/>\n<meta property=\"og:description\" content=\"Traverse Unit Model GP4-30\/4JPX30 The\u00a0Traverse Unit Model GP4-30\/4JPX30 Model is a high-performance rolling ring drive for a 30mm diameter shaft. With\u00a04 rolling rings, a maximum side thrust of 52 kg, and a full pitch of 26 mm, this drive delivers unparalleled precision and accuracy in linear movement. The top shaft speed is 1000 RPM, and &hellip; Rolling Ring Drive for 30mm Diameter Shaft Model GP4-30 4JPX30 Leer m\u00e1s &raquo;\" \/>\n<meta property=\"og:url\" content=\"https:\/\/rollingringdrives.com\/es\/producto\/accionamiento-de-anillo-rodante-para-eje-de-30-mm-de-diametro-modelo-gp4-30-4jpx30\/\" \/>\n<meta property=\"og:site_name\" content=\"QiPang\" \/>\n<meta property=\"article:modified_time\" content=\"2023-05-31T02:32:17+00:00\" \/>\n<meta property=\"og:image\" content=\"https:\/\/rollingringdrives.com\/wp-content\/uploads\/2023\/05\/TB25Qd9v4XlpuFjSsphXXbJOXXa_3190830586.jpg\" \/>\n\t<meta property=\"og:image:width\" content=\"768\" \/>\n\t<meta property=\"og:image:height\" content=\"433\" \/>\n\t<meta property=\"og:image:type\" content=\"image\/jpeg\" \/>\n<meta name=\"twitter:card\" content=\"summary_large_image\" \/>\n<meta name=\"twitter:label1\" content=\"Tiempo de lectura\" \/>\n\t<meta name=\"twitter:data1\" content=\"2 minutos\" \/>\n<script type=\"application\/ld+json\" class=\"yoast-schema-graph\">{\"@context\":\"https:\/\/schema.org\",\"@graph\":[{\"@type\":\"WebPage\",\"@id\":\"https:\/\/rollingringdrives.com\/product\/rolling-ring-drive-for-30mm-diameter-shaft-model-gp4-30-4jpx30\/\",\"url\":\"https:\/\/rollingringdrives.com\/product\/rolling-ring-drive-for-30mm-diameter-shaft-model-gp4-30-4jpx30\/\",\"name\":\"Rolling Ring Drive for 30mm Diameter Shaft Model GP4-30 4JPX30 - QiPang\",\"isPartOf\":{\"@id\":\"https:\/\/rollingringdrives.com\/#website\"},\"primaryImageOfPage\":{\"@id\":\"https:\/\/rollingringdrives.com\/product\/rolling-ring-drive-for-30mm-diameter-shaft-model-gp4-30-4jpx30\/#primaryimage\"},\"image\":{\"@id\":\"https:\/\/rollingringdrives.com\/product\/rolling-ring-drive-for-30mm-diameter-shaft-model-gp4-30-4jpx30\/#primaryimage\"},\"thumbnailUrl\":\"https:\/\/rollingringdrives.com\/wp-content\/uploads\/2023\/05\/TB25Qd9v4XlpuFjSsphXXbJOXXa_3190830586.jpg\",\"datePublished\":\"2023-05-20T08:43:53+00:00\",\"dateModified\":\"2023-05-31T02:32:17+00:00\",\"breadcrumb\":{\"@id\":\"https:\/\/rollingringdrives.com\/product\/rolling-ring-drive-for-30mm-diameter-shaft-model-gp4-30-4jpx30\/#breadcrumb\"},\"inLanguage\":\"es\",\"potentialAction\":[{\"@type\":\"ReadAction\",\"target\":[\"https:\/\/rollingringdrives.com\/product\/rolling-ring-drive-for-30mm-diameter-shaft-model-gp4-30-4jpx30\/\"]}]},{\"@type\":\"ImageObject\",\"inLanguage\":\"es\",\"@id\":\"https:\/\/rollingringdrives.com\/product\/rolling-ring-drive-for-30mm-diameter-shaft-model-gp4-30-4jpx30\/#primaryimage\",\"url\":\"https:\/\/rollingringdrives.com\/wp-content\/uploads\/2023\/05\/TB25Qd9v4XlpuFjSsphXXbJOXXa_3190830586.jpg\",\"contentUrl\":\"https:\/\/rollingringdrives.com\/wp-content\/uploads\/2023\/05\/TB25Qd9v4XlpuFjSsphXXbJOXXa_3190830586.jpg\",\"width\":768,\"height\":433,\"caption\":\"Rolling Ring Drive for 30mm Diameter Shaft Model GP4-30 4JPX30\"},{\"@type\":\"BreadcrumbList\",\"@id\":\"https:\/\/rollingringdrives.com\/product\/rolling-ring-drive-for-30mm-diameter-shaft-model-gp4-30-4jpx30\/#breadcrumb\",\"itemListElement\":[{\"@type\":\"ListItem\",\"position\":1,\"name\":\"Home\",\"item\":\"https:\/\/rollingringdrives.com\/\"},{\"@type\":\"ListItem\",\"position\":2,\"name\":\"Machines\",\"item\":\"https:\/\/rollingringdrives.com\/machines\/\"},{\"@type\":\"ListItem\",\"position\":3,\"name\":\"Rolling Ring Drive for 30mm Diameter Shaft Model GP4-30 4JPX30\"}]},{\"@type\":\"WebSite\",\"@id\":\"https:\/\/rollingringdrives.com\/#website\",\"url\":\"https:\/\/rollingringdrives.com\/\",\"name\":\"QiPang\",\"description\":\"QiPang Blog\",\"publisher\":{\"@id\":\"https:\/\/rollingringdrives.com\/#organization\"},\"potentialAction\":[{\"@type\":\"SearchAction\",\"target\":{\"@type\":\"EntryPoint\",\"urlTemplate\":\"https:\/\/rollingringdrives.com\/?s={search_term_string}\"},\"query-input\":{\"@type\":\"PropertyValueSpecification\",\"valueRequired\":true,\"valueName\":\"search_term_string\"}}],\"inLanguage\":\"es\"},{\"@type\":\"Organization\",\"@id\":\"https:\/\/rollingringdrives.com\/#organization\",\"name\":\"QiPang\",\"url\":\"https:\/\/rollingringdrives.com\/\",\"logo\":{\"@type\":\"ImageObject\",\"inLanguage\":\"es\",\"@id\":\"https:\/\/rollingringdrives.com\/#\/schema\/logo\/image\/\",\"url\":\"https:\/\/rollingringdrives.com\/wp-content\/uploads\/2023\/05\/cropped-\u672a\u547d\u540d\u7684\u8bbe\u8ba1.png\",\"contentUrl\":\"https:\/\/rollingringdrives.com\/wp-content\/uploads\/2023\/05\/cropped-\u672a\u547d\u540d\u7684\u8bbe\u8ba1.png\",\"width\":300,\"height\":191,\"caption\":\"QiPang\"},\"image\":{\"@id\":\"https:\/\/rollingringdrives.com\/#\/schema\/logo\/image\/\"}}]}<\/script>\n<!-- \/ Yoast SEO Premium plugin. -->","yoast_head_json":{"title":"Unidad de anillo rodante para eje de 30 mm de di\u00e1metro Modelo GP4-30 4JPX30 - QiPang","robots":{"index":"index","follow":"follow","max-snippet":"max-snippet:-1","max-image-preview":"max-image-preview:large","max-video-preview":"max-video-preview:-1"},"canonical":"https:\/\/rollingringdrives.com\/es\/producto\/accionamiento-de-anillo-rodante-para-eje-de-30-mm-de-diametro-modelo-gp4-30-4jpx30\/","og_locale":"es_MX","og_type":"article","og_title":"Rolling Ring Drive for 30mm Diameter Shaft Model GP4-30 4JPX30","og_description":"Traverse Unit Model GP4-30\/4JPX30 The\u00a0Traverse Unit Model GP4-30\/4JPX30 Model is a high-performance rolling ring drive for a 30mm diameter shaft. With\u00a04 rolling rings, a maximum side thrust of 52 kg, and a full pitch of 26 mm, this drive delivers unparalleled precision and accuracy in linear movement. The top shaft speed is 1000 RPM, and &hellip; Rolling Ring Drive for 30mm Diameter Shaft Model GP4-30 4JPX30 Leer m\u00e1s &raquo;","og_url":"https:\/\/rollingringdrives.com\/es\/producto\/accionamiento-de-anillo-rodante-para-eje-de-30-mm-de-diametro-modelo-gp4-30-4jpx30\/","og_site_name":"QiPang","article_modified_time":"2023-05-31T02:32:17+00:00","og_image":[{"width":768,"height":433,"url":"https:\/\/rollingringdrives.com\/wp-content\/uploads\/2023\/05\/TB25Qd9v4XlpuFjSsphXXbJOXXa_3190830586.jpg","type":"image\/jpeg"}],"twitter_card":"summary_large_image","twitter_misc":{"Tiempo de lectura":"2 minutos"},"schema":{"@context":"https:\/\/schema.org","@graph":[{"@type":"WebPage","@id":"https:\/\/rollingringdrives.com\/product\/rolling-ring-drive-for-30mm-diameter-shaft-model-gp4-30-4jpx30\/","url":"https:\/\/rollingringdrives.com\/product\/rolling-ring-drive-for-30mm-diameter-shaft-model-gp4-30-4jpx30\/","name":"Unidad de anillo rodante para eje de 30 mm de di\u00e1metro Modelo GP4-30 4JPX30 - QiPang","isPartOf":{"@id":"https:\/\/rollingringdrives.com\/#website"},"primaryImageOfPage":{"@id":"https:\/\/rollingringdrives.com\/product\/rolling-ring-drive-for-30mm-diameter-shaft-model-gp4-30-4jpx30\/#primaryimage"},"image":{"@id":"https:\/\/rollingringdrives.com\/product\/rolling-ring-drive-for-30mm-diameter-shaft-model-gp4-30-4jpx30\/#primaryimage"},"thumbnailUrl":"https:\/\/rollingringdrives.com\/wp-content\/uploads\/2023\/05\/TB25Qd9v4XlpuFjSsphXXbJOXXa_3190830586.jpg","datePublished":"2023-05-20T08:43:53+00:00","dateModified":"2023-05-31T02:32:17+00:00","breadcrumb":{"@id":"https:\/\/rollingringdrives.com\/product\/rolling-ring-drive-for-30mm-diameter-shaft-model-gp4-30-4jpx30\/#breadcrumb"},"inLanguage":"es","potentialAction":[{"@type":"ReadAction","target":["https:\/\/rollingringdrives.com\/product\/rolling-ring-drive-for-30mm-diameter-shaft-model-gp4-30-4jpx30\/"]}]},{"@type":"ImageObject","inLanguage":"es","@id":"https:\/\/rollingringdrives.com\/product\/rolling-ring-drive-for-30mm-diameter-shaft-model-gp4-30-4jpx30\/#primaryimage","url":"https:\/\/rollingringdrives.com\/wp-content\/uploads\/2023\/05\/TB25Qd9v4XlpuFjSsphXXbJOXXa_3190830586.jpg","contentUrl":"https:\/\/rollingringdrives.com\/wp-content\/uploads\/2023\/05\/TB25Qd9v4XlpuFjSsphXXbJOXXa_3190830586.jpg","width":768,"height":433,"caption":"Rolling Ring Drive for 30mm Diameter Shaft Model GP4-30 4JPX30"},{"@type":"BreadcrumbList","@id":"https:\/\/rollingringdrives.com\/product\/rolling-ring-drive-for-30mm-diameter-shaft-model-gp4-30-4jpx30\/#breadcrumb","itemListElement":[{"@type":"ListItem","position":1,"name":"Home","item":"https:\/\/rollingringdrives.com\/"},{"@type":"ListItem","position":2,"name":"Machines","item":"https:\/\/rollingringdrives.com\/machines\/"},{"@type":"ListItem","position":3,"name":"Rolling Ring Drive for 30mm Diameter Shaft Model GP4-30 4JPX30"}]},{"@type":"WebSite","@id":"https:\/\/rollingringdrives.com\/#website","url":"https:\/\/rollingringdrives.com\/","name":"Qi Pang","description":"Blog QiPang","publisher":{"@id":"https:\/\/rollingringdrives.com\/#organization"},"potentialAction":[{"@type":"SearchAction","target":{"@type":"EntryPoint","urlTemplate":"https:\/\/rollingringdrives.com\/?s={search_term_string}"},"query-input":{"@type":"PropertyValueSpecification","valueRequired":true,"valueName":"search_term_string"}}],"inLanguage":"es"},{"@type":"Organization","@id":"https:\/\/rollingringdrives.com\/#organization","name":"Qi Pang","url":"https:\/\/rollingringdrives.com\/","logo":{"@type":"ImageObject","inLanguage":"es","@id":"https:\/\/rollingringdrives.com\/#\/schema\/logo\/image\/","url":"https:\/\/rollingringdrives.com\/wp-content\/uploads\/2023\/05\/cropped-\u672a\u547d\u540d\u7684\u8bbe\u8ba1.png","contentUrl":"https:\/\/rollingringdrives.com\/wp-content\/uploads\/2023\/05\/cropped-\u672a\u547d\u540d\u7684\u8bbe\u8ba1.png","width":300,"height":191,"caption":"QiPang"},"image":{"@id":"https:\/\/rollingringdrives.com\/#\/schema\/logo\/image\/"}}]}},"_links":{"self":[{"href":"https:\/\/rollingringdrives.com\/es\/wp-json\/wp\/v2\/product\/25923","targetHints":{"allow":["GET"]}}],"collection":[{"href":"https:\/\/rollingringdrives.com\/es\/wp-json\/wp\/v2\/product"}],"about":[{"href":"https:\/\/rollingringdrives.com\/es\/wp-json\/wp\/v2\/types\/product"}],"version-history":[{"count":0,"href":"https:\/\/rollingringdrives.com\/es\/wp-json\/wp\/v2\/product\/25923\/revisions"}],"wp:featuredmedia":[{"embeddable":true,"href":"https:\/\/rollingringdrives.com\/es\/wp-json\/wp\/v2\/media\/25926"}],"wp:attachment":[{"href":"https:\/\/rollingringdrives.com\/es\/wp-json\/wp\/v2\/media?parent=25923"}],"wp:term":[{"taxonomy":"product_brand","embeddable":true,"href":"https:\/\/rollingringdrives.com\/es\/wp-json\/wp\/v2\/product_brand?post=25923"},{"taxonomy":"product_cat","embeddable":true,"href":"https:\/\/rollingringdrives.com\/es\/wp-json\/wp\/v2\/product_cat?post=25923"},{"taxonomy":"product_tag","embeddable":true,"href":"https:\/\/rollingringdrives.com\/es\/wp-json\/wp\/v2\/product_tag?post=25923"}],"curies":[{"name":"wp","href":"https:\/\/api.w.org\/{rel}","templated":true}]}}