{"id":26246,"date":"2023-05-23T02:30:17","date_gmt":"2023-05-23T02:30:17","guid":{"rendered":"https:\/\/rollingringdrives.com\/?post_type=product&#038;p=26246"},"modified":"2025-07-22T03:39:39","modified_gmt":"2025-07-22T03:39:39","slug":"qp800-1600-end-shaft-type-wire-take-up-machine","status":"publish","type":"product","link":"https:\/\/rollingringdrives.com\/es\/producto\/qp800-1600-end-shaft-type-wire-take-up-machine\/","title":{"rendered":"QP800-1600 M\u00e1quina tensadora de alambre tipo eje final"},"content":{"rendered":"<p class=\"xsj_paragraph xsj_paragraph_level_0\" data-source-line=\"0\" data-source-line-display=\"true\">El\u00a0<strong class=\"markdown_strong_asterisk\">QP800-1600 Extremo, M\u00e1quina tensora de alambre tipo eje,<\/strong> es la soluci\u00f3n ideal para la recogida eficiente de cables. Esta m\u00e1quina est\u00e1 dise\u00f1ada para atender bobinas de PN800 a PN1600 y tiene un rango de di\u00e1metro de bobina de \u03a6800 a \u03a61600 mm. El dispositivo puede manejar f\u00e1cilmente una amplia gama de di\u00e1metros de cable, que van desde \u03a63 a \u03a660 mm. La m\u00e1quina tiene todas las caracter\u00edsticas necesarias, como un motor de sujeci\u00f3n, potencia de elevaci\u00f3n, motor de cable y motor de torque para garantizar que funcione de manera eficiente.<\/p>\n<p data-source-line=\"0\" data-source-line-display=\"true\"><div id=\"footable_parent_32404\"\n         class=\"footable_parent ninja_table_wrapper loading_ninja_table wp_table_data_press_parent semantic_ui\">\n                <table data-ninja_table_instance=\"ninja_table_instance_0\" data-footable_id=\"32404\" data-filter-delay=\"1000\" aria-label=\"\u5b89\u5e86\u8c22\u603b\u7aef\u8f74\u6536\u6392\u53c2\u6570.csv\"            id=\"footable_32404\"\n           data-unique_identifier=\"ninja_table_unique_id_1952055806_32404\"\n           class=\"foo-table ninja_footable foo_table_32404 ninja_table_unique_id_1952055806_32404 ui table  nt_type_legacy_table selectable striped vertical_centered  footable-paging-right ninja_table_pro\">\n                <colgroup>\n                            <col class=\"ninja_column_0\">\n                            <col class=\"ninja_column_1\">\n                            <col class=\"ninja_column_2\">\n                            <col class=\"ninja_column_3\">\n                            <col class=\"ninja_column_4\">\n                            <col class=\"ninja_column_5\">\n                    <\/colgroup>\n        <thead>\n<tr class=\"footable-header\">\n                                                                                                        <th scope=\"col\"  class=\"ninja_column_0 ninja_clmn_nm_model\">Modelo<\/th><th scope=\"col\"  class=\"ninja_column_1 ninja_clmn_nm_qp125\">QP1250<\/th><th scope=\"col\"  class=\"ninja_column_2 ninja_clmn_nm_qp16\">QP1600<\/th><th scope=\"col\"  class=\"ninja_column_3 ninja_clmn_nm_qp2\">QP2000<\/th><th scope=\"col\"  class=\"ninja_column_4 ninja_clmn_nm_qp25\">QP2500<\/th><th scope=\"col\"  class=\"ninja_column_5 ninja_clmn_nm_qp315\">QP3150<\/th><\/tr>\n<\/thead>\n<tbody>\n\n        <tr data-row_id=\"1784\" class=\"ninja_table_row_0 nt_row_id_1784\">\n            <td><\/td><td><\/td><td><\/td><td><\/td><td><\/td><td><\/td>        <\/tr>\n            <tr data-row_id=\"1785\" class=\"ninja_table_row_1 nt_row_id_1785\">\n            <td>Di\u00e1metro de material adecuado<\/td><td>3-60 mm<\/td><td>3-60 mm<\/td><td>3-80 mm<\/td><td>3-100 mm<\/td><td>3-100 mm<\/td>        <\/tr>\n            <tr data-row_id=\"1786\" class=\"ninja_table_row_2 nt_row_id_1786\">\n            <td><\/td><td><\/td><td><\/td><td><\/td><td><\/td><td><\/td>        <\/tr>\n            <tr data-row_id=\"1787\" class=\"ninja_table_row_3 nt_row_id_1787\">\n            <td>Motor de sujeci\u00f3n:<\/td><td>Motor de CA de 0,55 kW + reductor cicloide (2 juegos)<\/td><td>Motor de CA de 0,55 kW\/960 rpm (2 juegos) + reductor cicloide<\/td><td>Motor de CA de 0,75 kW\/960 rpm (2 juegos) + reductor cicloide<\/td><td>Motor de CA de 0,75 kW\/960 rpm (2 juegos) + reductor cicloide<\/td><td>BWY10-23-1.1KW<\/td>        <\/tr>\n            <tr data-row_id=\"1788\" class=\"ninja_table_row_4 nt_row_id_1788\">\n            <td>Motor de elevaci\u00f3n de carrete<\/td><td>Motor de CA de 0,75 Kw + reductor cicloide (2 juegos)<\/td><td>Motor de CA de 0,75 Kw + reductor cicloide (2 juegos)<\/td><td>Motor de CA de 1,5 Kw + reductor cicloide (2 juegos)<\/td><td>Motor de CA de 1,5 Kw + reductor cicloide (2 juegos)<\/td><td>BLY10-29-2.2KW<\/td>        <\/tr>\n            <tr data-row_id=\"1789\" class=\"ninja_table_row_5 nt_row_id_1789\">\n            <td><\/td><td><\/td><td><\/td><td><\/td><td><\/td><td><\/td>        <\/tr>\n            <tr data-row_id=\"1790\" class=\"ninja_table_row_6 nt_row_id_1790\">\n            <td>Motor principal para m\u00e1quina recogedora<\/td><td>Motor de par JLJ160-40-4 o motor de frecuencia variable.<\/td><td>Motor de torsi\u00f3n JLJ160-60-6 (motor de frecuencia variable de CA de 5,5 kw)<\/td><td>Motor de torque JLJ160-80-6 (motor de frecuencia variable de CA de 7.5kw)<\/td><td>YLJ160L-60N.m-4 (motor de frecuencia variable de CA de 7,5 kW)<\/td><td>YLJ160L-100N.m-6<\/td>        <\/tr>\n            <tr data-row_id=\"1791\" class=\"ninja_table_row_7 nt_row_id_1791\">\n            <td>Fuente de alimentaci\u00f3n<\/td><td>380 V, trif\u00e1sico, 50 Hz o personalizar<\/td><td>380 V, trif\u00e1sico, 50 Hz o personalizar<\/td><td>380 V, trif\u00e1sico, 50 Hz o personalizar<\/td><td>380 V, trif\u00e1sico, 50 Hz o personalizar<\/td><td>380 V, trif\u00e1sico, 50 Hz o personalizar<\/td>        <\/tr>\n            <tr data-row_id=\"1792\" class=\"ninja_table_row_8 nt_row_id_1792\">\n            <td>Color del equipo<\/td><td>Azul RAL5015<\/td><td>Azul RAL5015<\/td><td>Azul RAL5015<\/td><td>Azul RAL5015<\/td><td>Azul RAL5015<\/td>        <\/tr>\n    <\/tbody><!--ninja_tobody_rendering_done-->\n    <\/table>\n    \n    \n    \n<\/div>\n<\/p>\n<div class=\"ast-oembed-container\" style=\"height: 100%;\"><iframe title=\"QP800-1600 M\u00e1quina tensadora de alambre tipo eje final\" width=\"500\" height=\"281\" src=\"https:\/\/www.youtube.com\/embed\/aEMxhtHwVY8?feature=oembed\" frameborder=\"0\" allow=\"accelerometer; autoplay; clipboard-write; encrypted-media; gyroscope; picture-in-picture; web-share\" referrerpolicy=\"strict-origin-when-cross-origin\" allowfullscreen><\/iframe><\/div>\n<div class=\"xiaoshujiang_element xsj_anchor\"><a class=\"blank_anchor_name\" name=\"features_1\"><\/a><a id=\"features_1\" class=\"blank_anchor_id\"><\/a><a class=\"blank_anchor_name\" name=\"features\"><\/a><a id=\"features\" class=\"blank_anchor_id\"><\/a><\/div>\n<h2 id=\"features_1\" class=\"xsj_heading_hash xsj_heading xsj_heading_h2\" data-source-line=\"2\" data-source-line-display=\"true\"><span class=\"xsj_heading_content\">Caracter\u00edsticas:<\/span><\/h2>\n<ol class=\"markdown_ol\" data-source-line=\"4\">\n<li data-source-line=\"4\">\n<p class=\"xsj_paragraph xsj_paragraph_level_2\">F\u00e1cil instalaci\u00f3n: la m\u00e1quina tensadora de alambre tipo eje con extremo QP800-1600 es f\u00e1cil de instalar, gracias a sus opciones de instalaci\u00f3n de base y tornillo de expansi\u00f3n.<\/p>\n<\/li>\n<li data-source-line=\"6\">\n<p class=\"xsj_paragraph xsj_paragraph_level_2\">Amplia gama de di\u00e1metros de cable: la m\u00e1quina tiene una capacidad impresionante para manejar una amplia gama de di\u00e1metros de cable, lo que la convierte en una soluci\u00f3n vers\u00e1til.<\/p>\n<\/li>\n<li data-source-line=\"8\">\n<p class=\"xsj_paragraph xsj_paragraph_level_2\">Dise\u00f1o duradero: la m\u00e1quina est\u00e1 dise\u00f1ada para ser lo suficientemente robusta como para manejar carretes de hasta 6T (m\u00e1x.).<\/p>\n<\/li>\n<li data-source-line=\"10\">\n<p class=\"xsj_paragraph xsj_paragraph_level_2\">Operaci\u00f3n eficiente: la m\u00e1quina viene con un motor central para la recogida, un motor de sujeci\u00f3n, potencia de elevaci\u00f3n y un motor de cable, lo que garantiza que funcione de manera eficiente.<\/p>\n<\/li>\n<li data-source-line=\"12\">\n<p class=\"xsj_paragraph xsj_paragraph_level_2\">Alta precisi\u00f3n: con una velocidad m\u00e1xima de recogida de 120 m\/min, la m\u00e1quina garantiza una recogida precisa y exacta de los cables.<\/p>\n<\/li>\n<\/ol>\n<div class=\"xiaoshujiang_element xsj_anchor\"><a class=\"blank_anchor_name\" name=\"faqs_2\"><\/a><a id=\"faqs_2\" class=\"blank_anchor_id\"><\/a><a class=\"blank_anchor_name\" name=\"faqs\"><\/a><a id=\"faqs\" class=\"blank_anchor_id\"><\/a><\/div>\n<h2 id=\"faqs_2\" class=\"xsj_heading_hash xsj_heading xsj_heading_h2\" data-source-line=\"14\" data-source-line-display=\"true\"><span class=\"xsj_heading_content\">Preguntas frecuentes:<\/span><\/h2>\n<p class=\"xsj_paragraph xsj_paragraph_level_0\" data-source-line=\"16\" data-source-line-display=\"true\"><strong class=\"markdown_strong_asterisk\">1. \u00bfQu\u00e9 di\u00e1metro m\u00e1ximo de carrete puede acomodar la m\u00e1quina de enrollado de alambre tipo eje final QP800-1600?<\/strong><br \/>\nLa m\u00e1quina puede acomodar bobinas de hasta \u03a61600 mm.<\/p>\n<p class=\"xsj_paragraph xsj_paragraph_level_0\" data-source-line=\"19\" data-source-line-display=\"true\"><strong class=\"markdown_strong_asterisk\">2. \u00bfCu\u00e1l es el di\u00e1metro m\u00e1ximo de cable que puede manejar la m\u00e1quina?<\/strong><br \/>\nLa m\u00e1quina puede manejar cables con un di\u00e1metro de hasta \u03a660 mm.<\/p>\n<p class=\"xsj_paragraph xsj_paragraph_level_0\" data-source-line=\"22\" data-source-line-display=\"true\"><strong class=\"markdown_strong_asterisk\">3. \u00bfCu\u00e1l es la velocidad m\u00e1xima de recogida de la m\u00e1quina?<\/strong><br \/>\nLa m\u00e1quina tiene una velocidad m\u00e1xima de recogida de 120 m\/min.<\/p>\n<p class=\"xsj_paragraph xsj_paragraph_level_0\" data-source-line=\"25\" data-source-line-display=\"true\"><strong class=\"markdown_strong_asterisk\">4. \u00bfC\u00f3mo se instala la m\u00e1quina?<\/strong><br \/>\nDependiendo de las condiciones del suelo, la m\u00e1quina se puede instalar utilizando dos opciones: un tipo de base o un tipo est\u00e1ndar.<\/p>\n<p class=\"xsj_paragraph xsj_paragraph_level_0\" data-source-line=\"28\" data-source-line-display=\"true\"><strong class=\"markdown_strong_asterisk\">5. \u00bfCu\u00e1l es la capacidad m\u00e1xima de carga de la m\u00e1quina?<\/strong><br \/>\nLa m\u00e1quina tiene una capacidad de carga m\u00e1xima de 6T.<\/p>","protected":false},"excerpt":{"rendered":"<h2 id=\"features_1\" class=\"xsj_heading_hash xsj_heading xsj_heading_h2\" data-source-line=\"2\" data-source-line-display=\"true\"><span class=\"xsj_heading_content\">Caracter\u00edsticas:<\/span><\/h2>\n<ol class=\"markdown_ol\" data-source-line=\"4\">\n<li data-source-line=\"4\">F\u00e1cil instalaci\u00f3n.<\/li>\n<li data-source-line=\"5\">Amplia gama de di\u00e1metros de cable.<\/li>\n<li data-source-line=\"6\">Dise\u00f1o duradero.<\/li>\n<li data-source-line=\"7\">Operaci\u00f3n eficiente.<\/li>\n<li data-source-line=\"8\">Alta precisi\u00f3n.<\/li>\n<\/ol>","protected":false},"featured_media":26249,"template":"","meta":{"site-sidebar-layout":"default","site-content-layout":"default","ast-global-header-display":"","ast-banner-title-visibility":"","ast-main-header-display":"","ast-hfb-above-header-display":"","ast-hfb-below-header-display":"","ast-hfb-mobile-header-display":"","site-post-title":"","ast-breadcrumbs-content":"","ast-featured-img":"","footer-sml-layout":"","theme-transparent-header-meta":"default","adv-header-id-meta":"","stick-header-meta":"","header-above-stick-meta":"","header-main-stick-meta":"","header-below-stick-meta":""},"product_brand":[],"product_cat":[51,128],"product_tag":[],"class_list":{"0":"post-26246","1":"product","2":"type-product","3":"status-publish","4":"has-post-thumbnail","6":"product_cat-wire-take-up-machine","7":"product_cat-end-shaft-type-take-up-machine","8":"desktop-align-left","9":"tablet-align-left","10":"mobile-align-left","12":"first","13":"instock","14":"shipping-taxable","15":"product-type-simple"},"yoast_head":"<!-- This site is optimized with the Yoast SEO Premium plugin v20.12 (Yoast SEO v26.0) - https:\/\/yoast.com\/wordpress\/plugins\/seo\/ -->\n<title>QP800-1600 End Shaft Type Wire Take-Up Machine - QiPang<\/title>\n<meta name=\"description\" content=\"Maximize your cable take-up efficiency with our QP800-1600 End Shaft Type Wire Take-Up Machine. Designed for PN800 to PN1600 reels with a diameter range of \u03a6800 to \u03a61600mm\" \/>\n<meta name=\"robots\" content=\"index, follow, max-snippet:-1, max-image-preview:large, max-video-preview:-1\" \/>\n<link rel=\"canonical\" href=\"https:\/\/rollingringdrives.com\/es\/producto\/qp800-1600-end-shaft-type-wire-take-up-machine\/\" \/>\n<meta property=\"og:locale\" content=\"es_MX\" \/>\n<meta property=\"og:type\" content=\"article\" \/>\n<meta property=\"og:title\" content=\"QP800-1600 End Shaft Type Wire Take-Up Machine\" \/>\n<meta property=\"og:description\" content=\"Maximize your cable take-up efficiency with our QP800-1600 End Shaft Type Wire Take-Up Machine. Designed for PN800 to PN1600 reels with a diameter range of \u03a6800 to \u03a61600mm\" \/>\n<meta property=\"og:url\" content=\"https:\/\/rollingringdrives.com\/es\/producto\/qp800-1600-end-shaft-type-wire-take-up-machine\/\" \/>\n<meta property=\"og:site_name\" content=\"QiPang\" \/>\n<meta property=\"article:modified_time\" content=\"2025-07-22T03:39:39+00:00\" \/>\n<meta property=\"og:image\" content=\"https:\/\/rollingringdrives.com\/wp-content\/uploads\/2023\/05\/2-19.jpg\" \/>\n\t<meta property=\"og:image:width\" content=\"600\" \/>\n\t<meta property=\"og:image:height\" content=\"600\" \/>\n\t<meta property=\"og:image:type\" content=\"image\/jpeg\" \/>\n<meta name=\"twitter:card\" content=\"summary_large_image\" \/>\n<meta name=\"twitter:label1\" content=\"Tiempo de lectura\" \/>\n\t<meta name=\"twitter:data1\" content=\"2 minutos\" \/>\n<script type=\"application\/ld+json\" class=\"yoast-schema-graph\">{\"@context\":\"https:\/\/schema.org\",\"@graph\":[{\"@type\":\"WebPage\",\"@id\":\"https:\/\/rollingringdrives.com\/product\/qp800-1600-end-shaft-type-wire-take-up-machine\/\",\"url\":\"https:\/\/rollingringdrives.com\/product\/qp800-1600-end-shaft-type-wire-take-up-machine\/\",\"name\":\"QP800-1600 End Shaft Type Wire Take-Up Machine - QiPang\",\"isPartOf\":{\"@id\":\"https:\/\/rollingringdrives.com\/#website\"},\"primaryImageOfPage\":{\"@id\":\"https:\/\/rollingringdrives.com\/product\/qp800-1600-end-shaft-type-wire-take-up-machine\/#primaryimage\"},\"image\":{\"@id\":\"https:\/\/rollingringdrives.com\/product\/qp800-1600-end-shaft-type-wire-take-up-machine\/#primaryimage\"},\"thumbnailUrl\":\"https:\/\/rollingringdrives.com\/wp-content\/uploads\/2023\/05\/2-19.jpg\",\"datePublished\":\"2023-05-23T02:30:17+00:00\",\"dateModified\":\"2025-07-22T03:39:39+00:00\",\"description\":\"Maximize your cable take-up efficiency with our QP800-1600 End Shaft Type Wire Take-Up Machine. Designed for PN800 to PN1600 reels with a diameter range of \u03a6800 to \u03a61600mm\",\"breadcrumb\":{\"@id\":\"https:\/\/rollingringdrives.com\/product\/qp800-1600-end-shaft-type-wire-take-up-machine\/#breadcrumb\"},\"inLanguage\":\"es\",\"potentialAction\":[{\"@type\":\"ReadAction\",\"target\":[\"https:\/\/rollingringdrives.com\/product\/qp800-1600-end-shaft-type-wire-take-up-machine\/\"]}]},{\"@type\":\"ImageObject\",\"inLanguage\":\"es\",\"@id\":\"https:\/\/rollingringdrives.com\/product\/qp800-1600-end-shaft-type-wire-take-up-machine\/#primaryimage\",\"url\":\"https:\/\/rollingringdrives.com\/wp-content\/uploads\/2023\/05\/2-19.jpg\",\"contentUrl\":\"https:\/\/rollingringdrives.com\/wp-content\/uploads\/2023\/05\/2-19.jpg\",\"width\":600,\"height\":600,\"caption\":\"QP800-1600 End Shaft Type Wire Take-Up Machine\"},{\"@type\":\"BreadcrumbList\",\"@id\":\"https:\/\/rollingringdrives.com\/product\/qp800-1600-end-shaft-type-wire-take-up-machine\/#breadcrumb\",\"itemListElement\":[{\"@type\":\"ListItem\",\"position\":1,\"name\":\"Home\",\"item\":\"https:\/\/rollingringdrives.com\/\"},{\"@type\":\"ListItem\",\"position\":2,\"name\":\"Machines\",\"item\":\"https:\/\/rollingringdrives.com\/machines\/\"},{\"@type\":\"ListItem\",\"position\":3,\"name\":\"QP800-1600 End Shaft Type Wire Take-Up Machine\"}]},{\"@type\":\"WebSite\",\"@id\":\"https:\/\/rollingringdrives.com\/#website\",\"url\":\"https:\/\/rollingringdrives.com\/\",\"name\":\"QiPang\",\"description\":\"QiPang Blog\",\"publisher\":{\"@id\":\"https:\/\/rollingringdrives.com\/#organization\"},\"potentialAction\":[{\"@type\":\"SearchAction\",\"target\":{\"@type\":\"EntryPoint\",\"urlTemplate\":\"https:\/\/rollingringdrives.com\/?s={search_term_string}\"},\"query-input\":{\"@type\":\"PropertyValueSpecification\",\"valueRequired\":true,\"valueName\":\"search_term_string\"}}],\"inLanguage\":\"es\"},{\"@type\":\"Organization\",\"@id\":\"https:\/\/rollingringdrives.com\/#organization\",\"name\":\"QiPang\",\"url\":\"https:\/\/rollingringdrives.com\/\",\"logo\":{\"@type\":\"ImageObject\",\"inLanguage\":\"es\",\"@id\":\"https:\/\/rollingringdrives.com\/#\/schema\/logo\/image\/\",\"url\":\"https:\/\/rollingringdrives.com\/wp-content\/uploads\/2023\/05\/cropped-\u672a\u547d\u540d\u7684\u8bbe\u8ba1.png\",\"contentUrl\":\"https:\/\/rollingringdrives.com\/wp-content\/uploads\/2023\/05\/cropped-\u672a\u547d\u540d\u7684\u8bbe\u8ba1.png\",\"width\":300,\"height\":191,\"caption\":\"QiPang\"},\"image\":{\"@id\":\"https:\/\/rollingringdrives.com\/#\/schema\/logo\/image\/\"}}]}<\/script>\n<!-- \/ Yoast SEO Premium plugin. -->","yoast_head_json":{"title":"QP800-1600 M\u00e1quina tensadora de alambre tipo eje final - QiPang","description":"Maximice su eficiencia de enrollado de cable con nuestra m\u00e1quina enrolladora de alambre tipo eje final QP800-1600. Dise\u00f1ado para carretes PN800 a PN1600 con un rango de di\u00e1metro de \u03a6800 a \u03a61600 mm","robots":{"index":"index","follow":"follow","max-snippet":"max-snippet:-1","max-image-preview":"max-image-preview:large","max-video-preview":"max-video-preview:-1"},"canonical":"https:\/\/rollingringdrives.com\/es\/producto\/qp800-1600-end-shaft-type-wire-take-up-machine\/","og_locale":"es_MX","og_type":"article","og_title":"QP800-1600 End Shaft Type Wire Take-Up Machine","og_description":"Maximize your cable take-up efficiency with our QP800-1600 End Shaft Type Wire Take-Up Machine. Designed for PN800 to PN1600 reels with a diameter range of \u03a6800 to \u03a61600mm","og_url":"https:\/\/rollingringdrives.com\/es\/producto\/qp800-1600-end-shaft-type-wire-take-up-machine\/","og_site_name":"QiPang","article_modified_time":"2025-07-22T03:39:39+00:00","og_image":[{"width":600,"height":600,"url":"https:\/\/rollingringdrives.com\/wp-content\/uploads\/2023\/05\/2-19.jpg","type":"image\/jpeg"}],"twitter_card":"summary_large_image","twitter_misc":{"Tiempo de lectura":"2 minutos"},"schema":{"@context":"https:\/\/schema.org","@graph":[{"@type":"WebPage","@id":"https:\/\/rollingringdrives.com\/product\/qp800-1600-end-shaft-type-wire-take-up-machine\/","url":"https:\/\/rollingringdrives.com\/product\/qp800-1600-end-shaft-type-wire-take-up-machine\/","name":"QP800-1600 M\u00e1quina tensadora de alambre tipo eje final - QiPang","isPartOf":{"@id":"https:\/\/rollingringdrives.com\/#website"},"primaryImageOfPage":{"@id":"https:\/\/rollingringdrives.com\/product\/qp800-1600-end-shaft-type-wire-take-up-machine\/#primaryimage"},"image":{"@id":"https:\/\/rollingringdrives.com\/product\/qp800-1600-end-shaft-type-wire-take-up-machine\/#primaryimage"},"thumbnailUrl":"https:\/\/rollingringdrives.com\/wp-content\/uploads\/2023\/05\/2-19.jpg","datePublished":"2023-05-23T02:30:17+00:00","dateModified":"2025-07-22T03:39:39+00:00","description":"Maximice su eficiencia de enrollado de cable con nuestra m\u00e1quina enrolladora de alambre tipo eje final QP800-1600. Dise\u00f1ado para carretes PN800 a PN1600 con un rango de di\u00e1metro de \u03a6800 a \u03a61600 mm","breadcrumb":{"@id":"https:\/\/rollingringdrives.com\/product\/qp800-1600-end-shaft-type-wire-take-up-machine\/#breadcrumb"},"inLanguage":"es","potentialAction":[{"@type":"ReadAction","target":["https:\/\/rollingringdrives.com\/product\/qp800-1600-end-shaft-type-wire-take-up-machine\/"]}]},{"@type":"ImageObject","inLanguage":"es","@id":"https:\/\/rollingringdrives.com\/product\/qp800-1600-end-shaft-type-wire-take-up-machine\/#primaryimage","url":"https:\/\/rollingringdrives.com\/wp-content\/uploads\/2023\/05\/2-19.jpg","contentUrl":"https:\/\/rollingringdrives.com\/wp-content\/uploads\/2023\/05\/2-19.jpg","width":600,"height":600,"caption":"QP800-1600 End Shaft Type Wire Take-Up Machine"},{"@type":"BreadcrumbList","@id":"https:\/\/rollingringdrives.com\/product\/qp800-1600-end-shaft-type-wire-take-up-machine\/#breadcrumb","itemListElement":[{"@type":"ListItem","position":1,"name":"Home","item":"https:\/\/rollingringdrives.com\/"},{"@type":"ListItem","position":2,"name":"Machines","item":"https:\/\/rollingringdrives.com\/machines\/"},{"@type":"ListItem","position":3,"name":"QP800-1600 End Shaft Type Wire Take-Up Machine"}]},{"@type":"WebSite","@id":"https:\/\/rollingringdrives.com\/#website","url":"https:\/\/rollingringdrives.com\/","name":"Qi Pang","description":"Blog QiPang","publisher":{"@id":"https:\/\/rollingringdrives.com\/#organization"},"potentialAction":[{"@type":"SearchAction","target":{"@type":"EntryPoint","urlTemplate":"https:\/\/rollingringdrives.com\/?s={search_term_string}"},"query-input":{"@type":"PropertyValueSpecification","valueRequired":true,"valueName":"search_term_string"}}],"inLanguage":"es"},{"@type":"Organization","@id":"https:\/\/rollingringdrives.com\/#organization","name":"Qi Pang","url":"https:\/\/rollingringdrives.com\/","logo":{"@type":"ImageObject","inLanguage":"es","@id":"https:\/\/rollingringdrives.com\/#\/schema\/logo\/image\/","url":"https:\/\/rollingringdrives.com\/wp-content\/uploads\/2023\/05\/cropped-\u672a\u547d\u540d\u7684\u8bbe\u8ba1.png","contentUrl":"https:\/\/rollingringdrives.com\/wp-content\/uploads\/2023\/05\/cropped-\u672a\u547d\u540d\u7684\u8bbe\u8ba1.png","width":300,"height":191,"caption":"QiPang"},"image":{"@id":"https:\/\/rollingringdrives.com\/#\/schema\/logo\/image\/"}}]}},"_links":{"self":[{"href":"https:\/\/rollingringdrives.com\/es\/wp-json\/wp\/v2\/product\/26246","targetHints":{"allow":["GET"]}}],"collection":[{"href":"https:\/\/rollingringdrives.com\/es\/wp-json\/wp\/v2\/product"}],"about":[{"href":"https:\/\/rollingringdrives.com\/es\/wp-json\/wp\/v2\/types\/product"}],"version-history":[{"count":0,"href":"https:\/\/rollingringdrives.com\/es\/wp-json\/wp\/v2\/product\/26246\/revisions"}],"wp:featuredmedia":[{"embeddable":true,"href":"https:\/\/rollingringdrives.com\/es\/wp-json\/wp\/v2\/media\/26249"}],"wp:attachment":[{"href":"https:\/\/rollingringdrives.com\/es\/wp-json\/wp\/v2\/media?parent=26246"}],"wp:term":[{"taxonomy":"product_brand","embeddable":true,"href":"https:\/\/rollingringdrives.com\/es\/wp-json\/wp\/v2\/product_brand?post=26246"},{"taxonomy":"product_cat","embeddable":true,"href":"https:\/\/rollingringdrives.com\/es\/wp-json\/wp\/v2\/product_cat?post=26246"},{"taxonomy":"product_tag","embeddable":true,"href":"https:\/\/rollingringdrives.com\/es\/wp-json\/wp\/v2\/product_tag?post=26246"}],"curies":[{"name":"wp","href":"https:\/\/api.w.org\/{rel}","templated":true}]}}