{"id":26259,"date":"2023-05-23T02:49:17","date_gmt":"2023-05-23T02:49:17","guid":{"rendered":"https:\/\/rollingringdrives.com\/?post_type=product&#038;p=26259"},"modified":"2024-10-28T08:45:26","modified_gmt":"2024-10-28T08:45:26","slug":"qp1250-2500-end-shaft-type-cable-take-up-frame","status":"publish","type":"product","link":"https:\/\/rollingringdrives.com\/es\/producto\/qp1250-2500-end-shaft-type-cable-take-up-frame\/","title":{"rendered":"QP1250-2500 Marco tensor de cable tipo eje final"},"content":{"rendered":"<p class=\"xsj_paragraph xsj_paragraph_level_0\" data-source-line=\"0\" data-source-line-display=\"true\">El\u00a0<strong class=\"markdown_strong_asterisk\">QP1250-2500 Marco tensor de cable tipo eje final<\/strong>\u00a0es una m\u00e1quina enrolladora de cable altamente eficiente y confiable adecuada para carretes PN1600\u2014PN2500. Esta m\u00e1quina puede acomodar di\u00e1metros de cable que van desde \u03a63-\u03a6100 mm (m\u00e1x.) con una velocidad m\u00e1xima de recogida de 60 m\/min. Tiene una potencia de elevaci\u00f3n de motor de CA de 1,5 Kw + reductor cicloide, 2 juegos de motor de sujeci\u00f3n de motor de CA de 1,1 kw\/960 rpm + reductor cicloide y un motor de cable de 0,75 kw\/1500 rpm (motor de CA) + reductor cicloide con cable de tornillo . La capacidad m\u00e1xima de carga de esta m\u00e1quina es de 8T.<\/p>\n<p data-source-line=\"0\" data-source-line-display=\"true\"><div id=\"footable_parent_26261\"\n         class=\"footable_parent ninja_table_wrapper loading_ninja_table wp_table_data_press_parent semantic_ui\">\n                <table data-ninja_table_instance=\"ninja_table_instance_0\" data-footable_id=\"26261\" data-filter-delay=\"1000\" aria-label=\"4\u65b0\u5efa XL2dSX \u5de5\u4f5c\u8868 (2).csv\"            id=\"footable_26261\"\n           data-unique_identifier=\"ninja_table_unique_id_1973824373_26261\"\n           class=\"foo-table ninja_footable foo_table_26261 ninja_table_unique_id_1973824373_26261 ui table  nt_type_legacy_table selectable striped vertical_centered  footable-paging-right ninja_table_search_disabled ninja_table_pro\">\n                <colgroup>\n                            <col class=\"ninja_column_0\">\n                            <col class=\"ninja_column_1\">\n                    <\/colgroup>\n        <thead>\n<tr class=\"footable-header\">\n                                        <th scope=\"col\"  class=\"ninja_column_0 ninja_clmn_nm_technicalparameters\">Par\u00e1metros t\u00e9cnicos<\/th><th scope=\"col\"  class=\"ninja_column_1 ninja_clmn_nm_specifications\">Especificaciones<\/th><\/tr>\n<\/thead>\n<tbody>\n\n        <tr data-row_id=\"288\" class=\"ninja_table_row_0 nt_row_id_288\">\n            <td>Carretes aplicables<\/td><td>PN1600\u2014PN2500 (GB4004-84, DIN46391, 46395)<\/td>        <\/tr>\n            <tr data-row_id=\"289\" class=\"ninja_table_row_1 nt_row_id_289\">\n            <td>Rango de di\u00e1metro del carrete<\/td><td>\u03a61250\uff5e\u03a62500mm<\/td>        <\/tr>\n            <tr data-row_id=\"290\" class=\"ninja_table_row_2 nt_row_id_290\">\n            <td>Ancho de bobina aplicable<\/td><td>950~1900mm<\/td>        <\/tr>\n            <tr data-row_id=\"291\" class=\"ninja_table_row_3 nt_row_id_291\">\n            <td>Di\u00e1metro de cable aplicable<\/td><td>\u03a63-\u03a6100mm (m\u00e1x.)<\/td>        <\/tr>\n            <tr data-row_id=\"292\" class=\"ninja_table_row_4 nt_row_id_292\">\n            <td>Motor principal para recogida<\/td><td>Motor de torque JLJ160-80-6 (motor de frecuencia variable de CA de 7.5kw)<\/td>        <\/tr>\n            <tr data-row_id=\"293\" class=\"ninja_table_row_5 nt_row_id_293\">\n            <td>Velocidad de recogida<\/td><td>60 m\/min (m\u00e1x.)<\/td>        <\/tr>\n            <tr data-row_id=\"294\" class=\"ninja_table_row_6 nt_row_id_294\">\n            <td>Poder de elevaci\u00f3n<\/td><td>Motor de CA de 1,5 Kw + reductor cicloide (2 juegos)<\/td>        <\/tr>\n            <tr data-row_id=\"295\" class=\"ninja_table_row_7 nt_row_id_295\">\n            <td>Motor de sujeci\u00f3n<\/td><td>Motor de CA de 1,1 kw\/960 rpm (2 juegos) + reductor cicloide<\/td>        <\/tr>\n            <tr data-row_id=\"296\" class=\"ninja_table_row_8 nt_row_id_296\">\n            <td>motor de cable<\/td><td>0,75 kw\/1500 rpm (motor de CA) + reductor cicloide, cable de tornillo<\/td>        <\/tr>\n            <tr data-row_id=\"297\" class=\"ninja_table_row_9 nt_row_id_297\">\n            <td>Carga<\/td><td>8T (m\u00e1x.)<\/td>        <\/tr>\n    <\/tbody><!--ninja_tobody_rendering_done-->\n    <\/table>\n    \n    \n    \n<\/div>\n<\/p>\n<div class=\"xiaoshujiang_element xsj_anchor\"><a class=\"blank_anchor_name\" name=\"features_1\"><\/a><a id=\"features_1\" class=\"blank_anchor_id\"><\/a><a class=\"blank_anchor_name\" name=\"features\"><\/a><a id=\"features\" class=\"blank_anchor_id\"><\/a><\/div>\n<h2 id=\"features_1\" class=\"xsj_heading_hash xsj_heading xsj_heading_h2\" data-source-line=\"2\" data-source-line-display=\"true\"><span class=\"xsj_heading_content\">Caracter\u00edsticas:<\/span><\/h2>\n<ol class=\"markdown_ol\" data-source-line=\"4\">\n<li data-source-line=\"4\">\n<p class=\"xsj_paragraph xsj_paragraph_level_2\">Vers\u00e1til: el marco tensor de cable tipo eje final QP1250-2500 es adecuado para carretes PN1600\u2014PN2500 con un rango de di\u00e1metros de cable de \u03a63-\u03a6100 mm (m\u00e1x.).<\/p>\n<\/li>\n<li data-source-line=\"6\">\n<p class=\"xsj_paragraph xsj_paragraph_level_2\">Alta eficiencia: tiene una velocidad m\u00e1xima de recogida de 60 m\/min para un enrollado de cable r\u00e1pido y eficaz.<\/p>\n<\/li>\n<li data-source-line=\"8\">\n<p class=\"xsj_paragraph xsj_paragraph_level_2\">F\u00e1cil de usar: esta m\u00e1quina est\u00e1 equipada con potencia de elevaci\u00f3n, un motor de sujeci\u00f3n y un motor de cable, lo que facilita su operaci\u00f3n.<\/p>\n<\/li>\n<li data-source-line=\"10\">\n<p class=\"xsj_paragraph xsj_paragraph_level_2\">Duradero y resistente: cuenta con una estructura y construcci\u00f3n s\u00f3lidas con una capacidad de carga m\u00e1xima de 8T.<\/p>\n<\/li>\n<li data-source-line=\"12\">\n<p class=\"xsj_paragraph xsj_paragraph_level_2\">F\u00e1cil de instalar: el marco tensor de cable tipo eje final QP1250-2500 se puede instalar de dos maneras: tipo base y tipo est\u00e1ndar.<\/p>\n<\/li>\n<\/ol>\n<div class=\"xiaoshujiang_element xsj_anchor\"><a class=\"blank_anchor_name\" name=\"faqs_2\"><\/a><a id=\"faqs_2\" class=\"blank_anchor_id\"><\/a><a class=\"blank_anchor_name\" name=\"faqs\"><\/a><a id=\"faqs\" class=\"blank_anchor_id\"><\/a><\/div>\n<h2 id=\"faqs_2\" class=\"xsj_heading_hash xsj_heading xsj_heading_h2\" data-source-line=\"15\" data-source-line-display=\"true\"><span class=\"xsj_heading_content\">Preguntas frecuentes:<\/span><\/h2>\n<p class=\"xsj_paragraph xsj_paragraph_level_0\" data-source-line=\"17\" data-source-line-display=\"true\"><strong class=\"markdown_strong_asterisk\">Q1. \u00bfCu\u00e1l es la capacidad de carga m\u00e1xima del marco tensor de cable tipo eje final QP1250-2500?<\/strong><\/p>\n<p class=\"xsj_paragraph xsj_paragraph_level_0\" data-source-line=\"19\" data-source-line-display=\"true\">A. La capacidad de carga m\u00e1xima de esta m\u00e1quina es 8T.<\/p>\n<p class=\"xsj_paragraph xsj_paragraph_level_0\" data-source-line=\"21\" data-source-line-display=\"true\"><strong class=\"markdown_strong_asterisk\">Q2. \u00bfCu\u00e1les son los di\u00e1metros de cable que puede acomodar?<\/strong><\/p>\n<p class=\"xsj_paragraph xsj_paragraph_level_0\" data-source-line=\"23\" data-source-line-display=\"true\">A. Puede acomodar di\u00e1metros de cable que van desde \u03a63-\u03a6100 mm (m\u00e1x.).<\/p>\n<p class=\"xsj_paragraph xsj_paragraph_level_0\" data-source-line=\"25\" data-source-line-display=\"true\"><strong class=\"markdown_strong_asterisk\">Q3. \u00bfCu\u00e1l es la velocidad m\u00e1xima de recogida de esta m\u00e1quina?<\/strong><\/p>\n<p class=\"xsj_paragraph xsj_paragraph_level_0\" data-source-line=\"27\" data-source-line-display=\"true\">A. La velocidad m\u00e1xima de recogida del marco de recogida de cable tipo eje final QP1250-2500 es de 60 m\/min.<\/p>\n<p class=\"xsj_paragraph xsj_paragraph_level_0\" data-source-line=\"29\" data-source-line-display=\"true\"><strong class=\"markdown_strong_asterisk\">Q4. \u00bfEsta m\u00e1quina enrolladora de cable es f\u00e1cil de usar?<\/strong><\/p>\n<p class=\"xsj_paragraph xsj_paragraph_level_0\" data-source-line=\"31\" data-source-line-display=\"true\">A. es f\u00e1cil de usar con fuerza de elevaci\u00f3n, sujeci\u00f3n y motores de cable, por lo que es f\u00e1cil de operar.<\/p>\n<p class=\"xsj_paragraph xsj_paragraph_level_0\" data-source-line=\"33\" data-source-line-display=\"true\"><strong class=\"markdown_strong_asterisk\">P5. \u00bfQu\u00e9 tipo de m\u00e9todos de instalaci\u00f3n est\u00e1n disponibles para esta m\u00e1quina enrolladora de cables?<\/strong><\/p>\n<p class=\"xsj_paragraph xsj_paragraph_level_0\" data-source-line=\"35\" data-source-line-display=\"true\">A. El marco tensor de cables tipo eje final QP1250-2500 se puede instalar de dos maneras: tipo base y tipo est\u00e1ndar. El tipo de cimentaci\u00f3n implica elevar el fondo, lo que requiere cavar una cimentaci\u00f3n durante la instalaci\u00f3n, mientras que el tipo est\u00e1ndar se puede fijar al suelo mediante tornillos de expansi\u00f3n.<\/p>","protected":false},"excerpt":{"rendered":"<h2 id=\"features_1\" class=\"xsj_heading_hash xsj_heading xsj_heading_h2\" data-source-line=\"2\" data-source-line-display=\"true\"><span class=\"xsj_heading_content\">Caracter\u00edsticas:<\/span><\/h2>\n<ol class=\"markdown_ol\" data-source-line=\"3\">\n<li data-source-line=\"3\">Vers\u00e1til.<\/li>\n<li data-source-line=\"4\">Alta eficiencia.<\/li>\n<li data-source-line=\"5\">F\u00e1cil de usar.<\/li>\n<li data-source-line=\"6\">Duradero y resistente.<\/li>\n<li data-source-line=\"7\">F\u00e1cil de instalar.<\/li>\n<\/ol>","protected":false},"featured_media":31850,"template":"","meta":{"site-sidebar-layout":"default","site-content-layout":"default","ast-global-header-display":"","ast-banner-title-visibility":"","ast-main-header-display":"","ast-hfb-above-header-display":"","ast-hfb-below-header-display":"","ast-hfb-mobile-header-display":"","site-post-title":"","ast-breadcrumbs-content":"","ast-featured-img":"","footer-sml-layout":"","theme-transparent-header-meta":"default","adv-header-id-meta":"","stick-header-meta":"","header-above-stick-meta":"","header-main-stick-meta":"","header-below-stick-meta":""},"product_brand":[],"product_cat":[51],"product_tag":[],"class_list":{"0":"post-26259","1":"product","2":"type-product","3":"status-publish","4":"has-post-thumbnail","6":"product_cat-wire-take-up-machine","7":"desktop-align-left","8":"tablet-align-left","9":"mobile-align-left","11":"first","12":"instock","13":"shipping-taxable","14":"product-type-simple"},"yoast_head":"<!-- This site is optimized with the Yoast SEO Premium plugin v20.12 (Yoast SEO v26.0) - https:\/\/yoast.com\/wordpress\/plugins\/seo\/ -->\n<title>QP1250-2500 End Shaft Type Cable Take-Up Frame - QiPang<\/title>\n<meta name=\"description\" content=\"Looking for a reliable cable take-up machine? Our QP1250-2500 End Shaft Type Cable Take-Up Frame With compatibility with a cable diameter range of \u03a63-\u03a6100mm (max), this machine is perfect for any cable management needs.\" \/>\n<meta name=\"robots\" content=\"index, follow, max-snippet:-1, max-image-preview:large, max-video-preview:-1\" \/>\n<link rel=\"canonical\" href=\"https:\/\/rollingringdrives.com\/es\/producto\/qp1250-2500-end-shaft-type-cable-take-up-frame\/\" \/>\n<meta property=\"og:locale\" content=\"es_MX\" \/>\n<meta property=\"og:type\" content=\"article\" \/>\n<meta property=\"og:title\" content=\"QP1250-2500 End Shaft Type Cable Take-Up Frame\" \/>\n<meta property=\"og:description\" content=\"Looking for a reliable cable take-up machine? Our QP1250-2500 End Shaft Type Cable Take-Up Frame With compatibility with a cable diameter range of \u03a63-\u03a6100mm (max), this machine is perfect for any cable management needs.\" \/>\n<meta property=\"og:url\" content=\"https:\/\/rollingringdrives.com\/es\/producto\/qp1250-2500-end-shaft-type-cable-take-up-frame\/\" \/>\n<meta property=\"og:site_name\" content=\"QiPang\" \/>\n<meta property=\"article:modified_time\" content=\"2024-10-28T08:45:26+00:00\" \/>\n<meta property=\"og:image\" content=\"https:\/\/rollingringdrives.com\/wp-content\/uploads\/2023\/05\/3-42.jpg\" \/>\n\t<meta property=\"og:image:width\" content=\"1000\" \/>\n\t<meta property=\"og:image:height\" content=\"1000\" \/>\n\t<meta property=\"og:image:type\" content=\"image\/jpeg\" \/>\n<meta name=\"twitter:card\" content=\"summary_large_image\" \/>\n<meta name=\"twitter:label1\" content=\"Tiempo de lectura\" \/>\n\t<meta name=\"twitter:data1\" content=\"2 minutos\" \/>\n<script type=\"application\/ld+json\" class=\"yoast-schema-graph\">{\"@context\":\"https:\/\/schema.org\",\"@graph\":[{\"@type\":\"WebPage\",\"@id\":\"https:\/\/rollingringdrives.com\/product\/qp1250-2500-end-shaft-type-cable-take-up-frame\/\",\"url\":\"https:\/\/rollingringdrives.com\/product\/qp1250-2500-end-shaft-type-cable-take-up-frame\/\",\"name\":\"QP1250-2500 End Shaft Type Cable Take-Up Frame - QiPang\",\"isPartOf\":{\"@id\":\"https:\/\/rollingringdrives.com\/#website\"},\"primaryImageOfPage\":{\"@id\":\"https:\/\/rollingringdrives.com\/product\/qp1250-2500-end-shaft-type-cable-take-up-frame\/#primaryimage\"},\"image\":{\"@id\":\"https:\/\/rollingringdrives.com\/product\/qp1250-2500-end-shaft-type-cable-take-up-frame\/#primaryimage\"},\"thumbnailUrl\":\"https:\/\/rollingringdrives.com\/wp-content\/uploads\/2023\/05\/3-42.jpg\",\"datePublished\":\"2023-05-23T02:49:17+00:00\",\"dateModified\":\"2024-10-28T08:45:26+00:00\",\"description\":\"Looking for a reliable cable take-up machine? Our QP1250-2500 End Shaft Type Cable Take-Up Frame With compatibility with a cable diameter range of \u03a63-\u03a6100mm (max), this machine is perfect for any cable management needs.\",\"breadcrumb\":{\"@id\":\"https:\/\/rollingringdrives.com\/product\/qp1250-2500-end-shaft-type-cable-take-up-frame\/#breadcrumb\"},\"inLanguage\":\"es\",\"potentialAction\":[{\"@type\":\"ReadAction\",\"target\":[\"https:\/\/rollingringdrives.com\/product\/qp1250-2500-end-shaft-type-cable-take-up-frame\/\"]}]},{\"@type\":\"ImageObject\",\"inLanguage\":\"es\",\"@id\":\"https:\/\/rollingringdrives.com\/product\/qp1250-2500-end-shaft-type-cable-take-up-frame\/#primaryimage\",\"url\":\"https:\/\/rollingringdrives.com\/wp-content\/uploads\/2023\/05\/3-42.jpg\",\"contentUrl\":\"https:\/\/rollingringdrives.com\/wp-content\/uploads\/2023\/05\/3-42.jpg\",\"width\":1000,\"height\":1000,\"caption\":\"Shaft-less Type take-up\/Pay-off machine\"},{\"@type\":\"BreadcrumbList\",\"@id\":\"https:\/\/rollingringdrives.com\/product\/qp1250-2500-end-shaft-type-cable-take-up-frame\/#breadcrumb\",\"itemListElement\":[{\"@type\":\"ListItem\",\"position\":1,\"name\":\"Home\",\"item\":\"https:\/\/rollingringdrives.com\/\"},{\"@type\":\"ListItem\",\"position\":2,\"name\":\"Machines\",\"item\":\"https:\/\/rollingringdrives.com\/machines\/\"},{\"@type\":\"ListItem\",\"position\":3,\"name\":\"QP1250-2500 End Shaft Type Cable Take-Up Frame\"}]},{\"@type\":\"WebSite\",\"@id\":\"https:\/\/rollingringdrives.com\/#website\",\"url\":\"https:\/\/rollingringdrives.com\/\",\"name\":\"QiPang\",\"description\":\"QiPang Blog\",\"publisher\":{\"@id\":\"https:\/\/rollingringdrives.com\/#organization\"},\"potentialAction\":[{\"@type\":\"SearchAction\",\"target\":{\"@type\":\"EntryPoint\",\"urlTemplate\":\"https:\/\/rollingringdrives.com\/?s={search_term_string}\"},\"query-input\":{\"@type\":\"PropertyValueSpecification\",\"valueRequired\":true,\"valueName\":\"search_term_string\"}}],\"inLanguage\":\"es\"},{\"@type\":\"Organization\",\"@id\":\"https:\/\/rollingringdrives.com\/#organization\",\"name\":\"QiPang\",\"url\":\"https:\/\/rollingringdrives.com\/\",\"logo\":{\"@type\":\"ImageObject\",\"inLanguage\":\"es\",\"@id\":\"https:\/\/rollingringdrives.com\/#\/schema\/logo\/image\/\",\"url\":\"https:\/\/rollingringdrives.com\/wp-content\/uploads\/2023\/05\/cropped-\u672a\u547d\u540d\u7684\u8bbe\u8ba1.png\",\"contentUrl\":\"https:\/\/rollingringdrives.com\/wp-content\/uploads\/2023\/05\/cropped-\u672a\u547d\u540d\u7684\u8bbe\u8ba1.png\",\"width\":300,\"height\":191,\"caption\":\"QiPang\"},\"image\":{\"@id\":\"https:\/\/rollingringdrives.com\/#\/schema\/logo\/image\/\"}}]}<\/script>\n<!-- \/ Yoast SEO Premium plugin. -->","yoast_head_json":{"title":"QP1250-2500 Marco tensor de cable tipo eje final - QiPang","description":"\u00bfBusca una m\u00e1quina enrolladora de cable fiable? Nuestro bastidor tensor de cable tipo eje final QP1250-2500 Con compatibilidad con un rango de di\u00e1metro de cable de \u03a63-\u03a6100 mm (m\u00e1x.), esta m\u00e1quina es perfecta para cualquier necesidad de administraci\u00f3n de cables.","robots":{"index":"index","follow":"follow","max-snippet":"max-snippet:-1","max-image-preview":"max-image-preview:large","max-video-preview":"max-video-preview:-1"},"canonical":"https:\/\/rollingringdrives.com\/es\/producto\/qp1250-2500-end-shaft-type-cable-take-up-frame\/","og_locale":"es_MX","og_type":"article","og_title":"QP1250-2500 End Shaft Type Cable Take-Up Frame","og_description":"Looking for a reliable cable take-up machine? Our QP1250-2500 End Shaft Type Cable Take-Up Frame With compatibility with a cable diameter range of \u03a63-\u03a6100mm (max), this machine is perfect for any cable management needs.","og_url":"https:\/\/rollingringdrives.com\/es\/producto\/qp1250-2500-end-shaft-type-cable-take-up-frame\/","og_site_name":"QiPang","article_modified_time":"2024-10-28T08:45:26+00:00","og_image":[{"width":1000,"height":1000,"url":"https:\/\/rollingringdrives.com\/wp-content\/uploads\/2023\/05\/3-42.jpg","type":"image\/jpeg"}],"twitter_card":"summary_large_image","twitter_misc":{"Tiempo de lectura":"2 minutos"},"schema":{"@context":"https:\/\/schema.org","@graph":[{"@type":"WebPage","@id":"https:\/\/rollingringdrives.com\/product\/qp1250-2500-end-shaft-type-cable-take-up-frame\/","url":"https:\/\/rollingringdrives.com\/product\/qp1250-2500-end-shaft-type-cable-take-up-frame\/","name":"QP1250-2500 Marco tensor de cable tipo eje final - QiPang","isPartOf":{"@id":"https:\/\/rollingringdrives.com\/#website"},"primaryImageOfPage":{"@id":"https:\/\/rollingringdrives.com\/product\/qp1250-2500-end-shaft-type-cable-take-up-frame\/#primaryimage"},"image":{"@id":"https:\/\/rollingringdrives.com\/product\/qp1250-2500-end-shaft-type-cable-take-up-frame\/#primaryimage"},"thumbnailUrl":"https:\/\/rollingringdrives.com\/wp-content\/uploads\/2023\/05\/3-42.jpg","datePublished":"2023-05-23T02:49:17+00:00","dateModified":"2024-10-28T08:45:26+00:00","description":"\u00bfBusca una m\u00e1quina enrolladora de cable fiable? Nuestro bastidor tensor de cable tipo eje final QP1250-2500 Con compatibilidad con un rango de di\u00e1metro de cable de \u03a63-\u03a6100 mm (m\u00e1x.), esta m\u00e1quina es perfecta para cualquier necesidad de administraci\u00f3n de cables.","breadcrumb":{"@id":"https:\/\/rollingringdrives.com\/product\/qp1250-2500-end-shaft-type-cable-take-up-frame\/#breadcrumb"},"inLanguage":"es","potentialAction":[{"@type":"ReadAction","target":["https:\/\/rollingringdrives.com\/product\/qp1250-2500-end-shaft-type-cable-take-up-frame\/"]}]},{"@type":"ImageObject","inLanguage":"es","@id":"https:\/\/rollingringdrives.com\/product\/qp1250-2500-end-shaft-type-cable-take-up-frame\/#primaryimage","url":"https:\/\/rollingringdrives.com\/wp-content\/uploads\/2023\/05\/3-42.jpg","contentUrl":"https:\/\/rollingringdrives.com\/wp-content\/uploads\/2023\/05\/3-42.jpg","width":1000,"height":1000,"caption":"Shaft-less Type take-up\/Pay-off machine"},{"@type":"BreadcrumbList","@id":"https:\/\/rollingringdrives.com\/product\/qp1250-2500-end-shaft-type-cable-take-up-frame\/#breadcrumb","itemListElement":[{"@type":"ListItem","position":1,"name":"Home","item":"https:\/\/rollingringdrives.com\/"},{"@type":"ListItem","position":2,"name":"Machines","item":"https:\/\/rollingringdrives.com\/machines\/"},{"@type":"ListItem","position":3,"name":"QP1250-2500 End Shaft Type Cable Take-Up Frame"}]},{"@type":"WebSite","@id":"https:\/\/rollingringdrives.com\/#website","url":"https:\/\/rollingringdrives.com\/","name":"Qi Pang","description":"Blog QiPang","publisher":{"@id":"https:\/\/rollingringdrives.com\/#organization"},"potentialAction":[{"@type":"SearchAction","target":{"@type":"EntryPoint","urlTemplate":"https:\/\/rollingringdrives.com\/?s={search_term_string}"},"query-input":{"@type":"PropertyValueSpecification","valueRequired":true,"valueName":"search_term_string"}}],"inLanguage":"es"},{"@type":"Organization","@id":"https:\/\/rollingringdrives.com\/#organization","name":"Qi Pang","url":"https:\/\/rollingringdrives.com\/","logo":{"@type":"ImageObject","inLanguage":"es","@id":"https:\/\/rollingringdrives.com\/#\/schema\/logo\/image\/","url":"https:\/\/rollingringdrives.com\/wp-content\/uploads\/2023\/05\/cropped-\u672a\u547d\u540d\u7684\u8bbe\u8ba1.png","contentUrl":"https:\/\/rollingringdrives.com\/wp-content\/uploads\/2023\/05\/cropped-\u672a\u547d\u540d\u7684\u8bbe\u8ba1.png","width":300,"height":191,"caption":"QiPang"},"image":{"@id":"https:\/\/rollingringdrives.com\/#\/schema\/logo\/image\/"}}]}},"_links":{"self":[{"href":"https:\/\/rollingringdrives.com\/es\/wp-json\/wp\/v2\/product\/26259","targetHints":{"allow":["GET"]}}],"collection":[{"href":"https:\/\/rollingringdrives.com\/es\/wp-json\/wp\/v2\/product"}],"about":[{"href":"https:\/\/rollingringdrives.com\/es\/wp-json\/wp\/v2\/types\/product"}],"version-history":[{"count":0,"href":"https:\/\/rollingringdrives.com\/es\/wp-json\/wp\/v2\/product\/26259\/revisions"}],"wp:featuredmedia":[{"embeddable":true,"href":"https:\/\/rollingringdrives.com\/es\/wp-json\/wp\/v2\/media\/31850"}],"wp:attachment":[{"href":"https:\/\/rollingringdrives.com\/es\/wp-json\/wp\/v2\/media?parent=26259"}],"wp:term":[{"taxonomy":"product_brand","embeddable":true,"href":"https:\/\/rollingringdrives.com\/es\/wp-json\/wp\/v2\/product_brand?post=26259"},{"taxonomy":"product_cat","embeddable":true,"href":"https:\/\/rollingringdrives.com\/es\/wp-json\/wp\/v2\/product_cat?post=26259"},{"taxonomy":"product_tag","embeddable":true,"href":"https:\/\/rollingringdrives.com\/es\/wp-json\/wp\/v2\/product_tag?post=26259"}],"curies":[{"name":"wp","href":"https:\/\/api.w.org\/{rel}","templated":true}]}}