{"id":26267,"date":"2023-05-23T05:56:39","date_gmt":"2023-05-23T05:56:39","guid":{"rendered":"https:\/\/rollingringdrives.com\/?post_type=product&#038;p=26267"},"modified":"2025-07-07T07:42:11","modified_gmt":"2025-07-07T07:42:11","slug":"400-simple-wire-pay-off-racks","status":"publish","type":"product","link":"https:\/\/rollingringdrives.com\/es\/producto\/racks-de-pago-de-400-cables-simples\/","title":{"rendered":"400 estantes de pago de alambre simple"},"content":{"rendered":"<p class=\"xsj_paragraph xsj_paragraph_level_0\" data-source-line=\"0\" data-source-line-display=\"true\">El\u00a0<strong class=\"markdown_strong_asterisk\">Rack de pago de alambre simple 400<\/strong> es un carrete desenrollador resistente y vers\u00e1til que puede personalizarse para adaptarse a sus requisitos espec\u00edficos. Este producto ha sido dise\u00f1ado para adaptarse a di\u00e1metros de alambre que van desde alambre met\u00e1lico de 0,1 a 5 mm hasta correas de 1 a 20 mm, lo que lo hace ideal para diversas aplicaciones. Tambi\u00e9n es compatible con m\u00faltiples tipos de cables trenzados, incluidos BVR, alambre de cobre esmaltado y desnudo. El bastidor de desenrollado de alambre simple 400 est\u00e1 construido teniendo en cuenta la durabilidad y la estabilidad, y cuenta con cuatro ojales para tornillos de fijaci\u00f3n que brindan un nivel adicional de soporte y confiabilidad.<\/p>\n<p data-source-line=\"0\" data-source-line-display=\"true\"><div id=\"footable_parent_26269\"\n         class=\"footable_parent ninja_table_wrapper loading_ninja_table wp_table_data_press_parent semantic_ui\">\n                <table data-ninja_table_instance=\"ninja_table_instance_0\" data-footable_id=\"26269\" data-filter-delay=\"1000\" aria-label=\"5\u65b0\u5efa XL2dSX \u5de5\u4f5c\u8868 (2).csv\"            id=\"footable_26269\"\n           data-unique_identifier=\"ninja_table_unique_id_228544278_26269\"\n           class=\"foo-table ninja_footable foo_table_26269 ninja_table_unique_id_228544278_26269 ui table  nt_type_legacy_table selectable striped vertical_centered  footable-paging-right ninja_table_search_disabled ninja_table_pro\">\n                <colgroup>\n                            <col class=\"ninja_column_0\">\n                            <col class=\"ninja_column_1\">\n                    <\/colgroup>\n        <thead>\n<tr class=\"footable-header\">\n                                        <th scope=\"col\"  class=\"ninja_column_0 ninja_clmn_nm_technicalparameter\">Par\u00e1metro t\u00e9cnico<\/th><th scope=\"col\"  class=\"ninja_column_1 ninja_clmn_nm_value\">Valor<\/th><\/tr>\n<\/thead>\n<tbody>\n\n        <tr data-row_id=\"298\" class=\"ninja_table_row_0 nt_row_id_298\">\n            <td>Carrete de pago<\/td><td>200-400MM (personalizable)<\/td>        <\/tr>\n            <tr data-row_id=\"299\" class=\"ninja_table_row_1 nt_row_id_299\">\n            <td>Rango de di\u00e1metro de alambre<\/td><td>0,1-5MM (alambre met\u00e1lico)<br>1-20MM (cintur\u00f3n)<\/td>        <\/tr>\n            <tr data-row_id=\"300\" class=\"ninja_table_row_2 nt_row_id_300\">\n            <td>Tipo de cable trenzado<\/td><td>Alambre BVR, alambre esmaltado, alambre de cobre desnudo<\/td>        <\/tr>\n            <tr data-row_id=\"301\" class=\"ninja_table_row_3 nt_row_id_301\">\n            <td>Estabilidad<\/td><td>Bien<\/td>        <\/tr>\n            <tr data-row_id=\"302\" class=\"ninja_table_row_4 nt_row_id_302\">\n            <td>Ojos de tornillo de fijaci\u00f3n<\/td><td>4<\/td>        <\/tr>\n    <\/tbody><!--ninja_tobody_rendering_done-->\n    <\/table>\n    \n    \n    \n<\/div>\n<\/p>\n<div class=\"xiaoshujiang_element xsj_anchor\"><a class=\"blank_anchor_name\" name=\"applications_1\"><\/a><a id=\"applications_1\" class=\"blank_anchor_id\"><\/a><a class=\"blank_anchor_name\" name=\"applications\"><\/a><a id=\"applications\" class=\"blank_anchor_id\"><\/a><\/div>\n<h2 id=\"applications_1\" class=\"xsj_heading_hash xsj_heading xsj_heading_h2\" data-source-line=\"2\" data-source-line-display=\"true\"><span class=\"xsj_heading_content\">Aplicaciones:<\/span><\/h2>\n<p class=\"xsj_paragraph xsj_paragraph_level_0\" data-source-line=\"4\" data-source-line-display=\"true\">El bastidor de desenrollado de alambre simple 400 es ideal para diversas industrias que requieren procesos de producci\u00f3n de alambres y cables. Algunas de las aplicaciones incluyen:<\/p>\n<ol class=\"markdown_ol\" data-source-line=\"6\">\n<li data-source-line=\"6\">Industria el\u00e9ctrica y electr\u00f3nica<\/li>\n<li data-source-line=\"7\">industria de las telecomunicaciones<\/li>\n<li data-source-line=\"8\">Industria automotriz<\/li>\n<li data-source-line=\"9\">Industria aeron\u00e1utica y aeroespacial<\/li>\n<li data-source-line=\"10\">Industria de construccion<\/li>\n<\/ol>\n<div class=\"xiaoshujiang_element xsj_anchor\"><a class=\"blank_anchor_name\" name=\"faqs_2\"><\/a><a id=\"faqs_2\" class=\"blank_anchor_id\"><\/a><a class=\"blank_anchor_name\" name=\"faqs\"><\/a><a id=\"faqs\" class=\"blank_anchor_id\"><\/a><\/div>\n<h2 id=\"faqs_2\" class=\"xsj_heading_hash xsj_heading xsj_heading_h2\" data-source-line=\"12\" data-source-line-display=\"true\"><span class=\"xsj_heading_content\">Preguntas frecuentes sobre bastidores de pago de alambre:<\/span><\/h2>\n<p class=\"xsj_paragraph xsj_paragraph_level_0\" data-source-line=\"14\" data-source-line-display=\"true\"><strong class=\"markdown_strong_asterisk\">1. \u00bfCu\u00e1l es la capacidad m\u00e1xima de peso para el 400 Simple Wire Pay-Off?<\/strong><br \/>\nRespuesta: La capacidad m\u00e1xima de peso de este carrete desenrollador es de 400 mm.<\/p>\n<p class=\"xsj_paragraph xsj_paragraph_level_0\" data-source-line=\"17\" data-source-line-display=\"true\"><strong class=\"markdown_strong_asterisk\">2. \u00bfSe pueden personalizar los bastidores de desenrollado de alambre simple 400 para que se ajusten a mis necesidades espec\u00edficas de di\u00e1metro de alambre?<\/strong><br \/>\nRespuesta: Este producto se puede personalizar para adaptarse a sus necesidades espec\u00edficas de di\u00e1metro de alambre.<\/p>\n<p class=\"xsj_paragraph xsj_paragraph_level_0\" data-source-line=\"20\" data-source-line-display=\"true\"><strong class=\"markdown_strong_asterisk\">3. \u00bfLos bastidores de desenrollado de alambre simple 400 son compatibles con todos los tipos de alambre trenzado?<\/strong><br \/>\nRespuesta: Este carrete desenrollador es compatible con varios tipos de cables trenzados, incluido el cable BVR, el cable esmaltado y el cable de cobre desnudo.<\/p>\n<p class=\"xsj_paragraph xsj_paragraph_level_0\" data-source-line=\"23\" data-source-line-display=\"true\"><strong class=\"markdown_strong_asterisk\">4. \u00bfLos bastidores de desenrollado de alambre simple 400 tienen funciones de soporte adicionales?<\/strong><br \/>\nRespuesta: Este producto cuenta con cuatro argollas para tornillos de fijaci\u00f3n que brindan soporte y estabilidad adicionales.<\/p>\n<p class=\"xsj_paragraph xsj_paragraph_level_0\" data-source-line=\"26\" data-source-line-display=\"true\"><strong class=\"markdown_strong_asterisk\">5. \u00bfPara qu\u00e9 industrias o aplicaciones son ideales los bastidores de desenrollado de alambre simple 400?<\/strong><br \/>\nRespuesta: El bastidor de desenrollado de alambre simple 400 es adecuado para diversas aplicaciones industriales y dom\u00e9sticas, lo que lo convierte en una opci\u00f3n vers\u00e1til y confiable para las necesidades de manejo de alambre.<\/p>","protected":false},"excerpt":{"rendered":"<h2 id=\"features_1\" class=\"xsj_heading_hash xsj_heading xsj_heading_h2\" data-source-line=\"2\" data-source-line-display=\"true\"><span class=\"xsj_heading_content\">Caracter\u00edsticas:<\/span><\/h2>\n<ol class=\"markdown_ol\" data-source-line=\"4\">\n<li data-source-line=\"4\">Carrete de pago vers\u00e1til personalizable seg\u00fan sus requisitos espec\u00edficos.<\/li>\n<li data-source-line=\"5\">Puede acomodar di\u00e1metros de alambre que van desde alambre met\u00e1lico de 0,1 a 5 mm hasta correas de 1 a 20 mm.<\/li>\n<li data-source-line=\"6\">Compatible con varios tipos de cables trenzados, incluido el cable BVR, el cable esmaltado y el cable de cobre desnudo.<\/li>\n<li data-source-line=\"7\">Construcci\u00f3n robusta y duradera con cuatro argollas de fijaci\u00f3n para mayor estabilidad.<\/li>\n<li data-source-line=\"8\">Ideal para una amplia gama de aplicaciones, incluido el uso industrial y dom\u00e9stico.<\/li>\n<\/ol>","protected":false},"featured_media":26272,"template":"","meta":{"site-sidebar-layout":"default","site-content-layout":"default","ast-global-header-display":"","ast-banner-title-visibility":"","ast-main-header-display":"","ast-hfb-above-header-display":"","ast-hfb-below-header-display":"","ast-hfb-mobile-header-display":"","site-post-title":"","ast-breadcrumbs-content":"","ast-featured-img":"","footer-sml-layout":"","theme-transparent-header-meta":"default","adv-header-id-meta":"","stick-header-meta":"","header-above-stick-meta":"","header-main-stick-meta":"","header-below-stick-meta":""},"product_brand":[],"product_cat":[48,131],"product_tag":[],"class_list":{"0":"post-26267","1":"product","2":"type-product","3":"status-publish","4":"has-post-thumbnail","6":"product_cat-wire-payoff-machine","7":"product_cat-tension-pay-off-rack","8":"desktop-align-left","9":"tablet-align-left","10":"mobile-align-left","12":"first","13":"instock","14":"shipping-taxable","15":"product-type-simple"},"yoast_head":"<!-- This site is optimized with the Yoast SEO Premium plugin v20.12 (Yoast SEO v26.0) - https:\/\/yoast.com\/wordpress\/plugins\/seo\/ -->\n<title>400 Simple Wire Pay-Off Racks - QiPang<\/title>\n<meta name=\"description\" content=\"Looking for a sturdy and versatile pay-off reel? Check out our 400 Wire Pay-Off Racks! Designed to fit your specific requirements, accommodating wire diameters from 0.1-5mm to 1-20mm belt. Order now!\" \/>\n<meta name=\"robots\" content=\"index, follow, max-snippet:-1, max-image-preview:large, max-video-preview:-1\" \/>\n<link rel=\"canonical\" href=\"https:\/\/rollingringdrives.com\/es\/producto\/racks-de-pago-de-400-cables-simples\/\" \/>\n<meta property=\"og:locale\" content=\"es_MX\" \/>\n<meta property=\"og:type\" content=\"article\" \/>\n<meta property=\"og:title\" content=\"400 Simple Wire Pay-Off Racks\" \/>\n<meta property=\"og:description\" content=\"Looking for a sturdy and versatile pay-off reel? Check out our 400 Wire Pay-Off Racks! Designed to fit your specific requirements, accommodating wire diameters from 0.1-5mm to 1-20mm belt. Order now!\" \/>\n<meta property=\"og:url\" content=\"https:\/\/rollingringdrives.com\/es\/producto\/racks-de-pago-de-400-cables-simples\/\" \/>\n<meta property=\"og:site_name\" content=\"QiPang\" \/>\n<meta property=\"article:modified_time\" content=\"2025-07-07T07:42:11+00:00\" \/>\n<meta property=\"og:image\" content=\"https:\/\/rollingringdrives.com\/wp-content\/uploads\/2023\/05\/3-16.jpg\" \/>\n\t<meta property=\"og:image:width\" content=\"600\" \/>\n\t<meta property=\"og:image:height\" content=\"600\" \/>\n\t<meta property=\"og:image:type\" content=\"image\/jpeg\" \/>\n<meta name=\"twitter:card\" content=\"summary_large_image\" \/>\n<meta name=\"twitter:label1\" content=\"Tiempo de lectura\" \/>\n\t<meta name=\"twitter:data1\" content=\"2 minutos\" \/>\n<script type=\"application\/ld+json\" class=\"yoast-schema-graph\">{\"@context\":\"https:\/\/schema.org\",\"@graph\":[{\"@type\":\"WebPage\",\"@id\":\"https:\/\/rollingringdrives.com\/product\/400-simple-wire-pay-off-racks\/\",\"url\":\"https:\/\/rollingringdrives.com\/product\/400-simple-wire-pay-off-racks\/\",\"name\":\"400 Simple Wire Pay-Off Racks - QiPang\",\"isPartOf\":{\"@id\":\"https:\/\/rollingringdrives.com\/#website\"},\"primaryImageOfPage\":{\"@id\":\"https:\/\/rollingringdrives.com\/product\/400-simple-wire-pay-off-racks\/#primaryimage\"},\"image\":{\"@id\":\"https:\/\/rollingringdrives.com\/product\/400-simple-wire-pay-off-racks\/#primaryimage\"},\"thumbnailUrl\":\"https:\/\/rollingringdrives.com\/wp-content\/uploads\/2023\/05\/3-16.jpg\",\"datePublished\":\"2023-05-23T05:56:39+00:00\",\"dateModified\":\"2025-07-07T07:42:11+00:00\",\"description\":\"Looking for a sturdy and versatile pay-off reel? Check out our 400 Wire Pay-Off Racks! Designed to fit your specific requirements, accommodating wire diameters from 0.1-5mm to 1-20mm belt. Order now!\",\"breadcrumb\":{\"@id\":\"https:\/\/rollingringdrives.com\/product\/400-simple-wire-pay-off-racks\/#breadcrumb\"},\"inLanguage\":\"es\",\"potentialAction\":[{\"@type\":\"ReadAction\",\"target\":[\"https:\/\/rollingringdrives.com\/product\/400-simple-wire-pay-off-racks\/\"]}]},{\"@type\":\"ImageObject\",\"inLanguage\":\"es\",\"@id\":\"https:\/\/rollingringdrives.com\/product\/400-simple-wire-pay-off-racks\/#primaryimage\",\"url\":\"https:\/\/rollingringdrives.com\/wp-content\/uploads\/2023\/05\/3-16.jpg\",\"contentUrl\":\"https:\/\/rollingringdrives.com\/wp-content\/uploads\/2023\/05\/3-16.jpg\",\"width\":600,\"height\":600,\"caption\":\"400 Simple Wire Pay-Off Racks\"},{\"@type\":\"BreadcrumbList\",\"@id\":\"https:\/\/rollingringdrives.com\/product\/400-simple-wire-pay-off-racks\/#breadcrumb\",\"itemListElement\":[{\"@type\":\"ListItem\",\"position\":1,\"name\":\"Home\",\"item\":\"https:\/\/rollingringdrives.com\/\"},{\"@type\":\"ListItem\",\"position\":2,\"name\":\"Machines\",\"item\":\"https:\/\/rollingringdrives.com\/machines\/\"},{\"@type\":\"ListItem\",\"position\":3,\"name\":\"400 Simple Wire Pay-Off Racks\"}]},{\"@type\":\"WebSite\",\"@id\":\"https:\/\/rollingringdrives.com\/#website\",\"url\":\"https:\/\/rollingringdrives.com\/\",\"name\":\"QiPang\",\"description\":\"QiPang Blog\",\"publisher\":{\"@id\":\"https:\/\/rollingringdrives.com\/#organization\"},\"potentialAction\":[{\"@type\":\"SearchAction\",\"target\":{\"@type\":\"EntryPoint\",\"urlTemplate\":\"https:\/\/rollingringdrives.com\/?s={search_term_string}\"},\"query-input\":{\"@type\":\"PropertyValueSpecification\",\"valueRequired\":true,\"valueName\":\"search_term_string\"}}],\"inLanguage\":\"es\"},{\"@type\":\"Organization\",\"@id\":\"https:\/\/rollingringdrives.com\/#organization\",\"name\":\"QiPang\",\"url\":\"https:\/\/rollingringdrives.com\/\",\"logo\":{\"@type\":\"ImageObject\",\"inLanguage\":\"es\",\"@id\":\"https:\/\/rollingringdrives.com\/#\/schema\/logo\/image\/\",\"url\":\"https:\/\/rollingringdrives.com\/wp-content\/uploads\/2023\/05\/cropped-\u672a\u547d\u540d\u7684\u8bbe\u8ba1.png\",\"contentUrl\":\"https:\/\/rollingringdrives.com\/wp-content\/uploads\/2023\/05\/cropped-\u672a\u547d\u540d\u7684\u8bbe\u8ba1.png\",\"width\":300,\"height\":191,\"caption\":\"QiPang\"},\"image\":{\"@id\":\"https:\/\/rollingringdrives.com\/#\/schema\/logo\/image\/\"}}]}<\/script>\n<!-- \/ Yoast SEO Premium plugin. -->","yoast_head_json":{"title":"Racks de desenrollado de alambre simple 400 - QiPang","description":"\u00bfBusca un carrete desenrollador resistente y vers\u00e1til? \u00a1Vea nuestros bastidores de pago de 400 alambres! Dise\u00f1ado para adaptarse a sus requisitos espec\u00edficos, con capacidad para di\u00e1metros de cable de 0,1-5 mm a 1-20 mm de correa. \u00a1Ordenar ahora!","robots":{"index":"index","follow":"follow","max-snippet":"max-snippet:-1","max-image-preview":"max-image-preview:large","max-video-preview":"max-video-preview:-1"},"canonical":"https:\/\/rollingringdrives.com\/es\/producto\/racks-de-pago-de-400-cables-simples\/","og_locale":"es_MX","og_type":"article","og_title":"400 Simple Wire Pay-Off Racks","og_description":"Looking for a sturdy and versatile pay-off reel? Check out our 400 Wire Pay-Off Racks! Designed to fit your specific requirements, accommodating wire diameters from 0.1-5mm to 1-20mm belt. Order now!","og_url":"https:\/\/rollingringdrives.com\/es\/producto\/racks-de-pago-de-400-cables-simples\/","og_site_name":"QiPang","article_modified_time":"2025-07-07T07:42:11+00:00","og_image":[{"width":600,"height":600,"url":"https:\/\/rollingringdrives.com\/wp-content\/uploads\/2023\/05\/3-16.jpg","type":"image\/jpeg"}],"twitter_card":"summary_large_image","twitter_misc":{"Tiempo de lectura":"2 minutos"},"schema":{"@context":"https:\/\/schema.org","@graph":[{"@type":"WebPage","@id":"https:\/\/rollingringdrives.com\/product\/400-simple-wire-pay-off-racks\/","url":"https:\/\/rollingringdrives.com\/product\/400-simple-wire-pay-off-racks\/","name":"Racks de desenrollado de alambre simple 400 - QiPang","isPartOf":{"@id":"https:\/\/rollingringdrives.com\/#website"},"primaryImageOfPage":{"@id":"https:\/\/rollingringdrives.com\/product\/400-simple-wire-pay-off-racks\/#primaryimage"},"image":{"@id":"https:\/\/rollingringdrives.com\/product\/400-simple-wire-pay-off-racks\/#primaryimage"},"thumbnailUrl":"https:\/\/rollingringdrives.com\/wp-content\/uploads\/2023\/05\/3-16.jpg","datePublished":"2023-05-23T05:56:39+00:00","dateModified":"2025-07-07T07:42:11+00:00","description":"\u00bfBusca un carrete desenrollador resistente y vers\u00e1til? \u00a1Vea nuestros bastidores de pago de 400 alambres! Dise\u00f1ado para adaptarse a sus requisitos espec\u00edficos, con capacidad para di\u00e1metros de cable de 0,1-5 mm a 1-20 mm de correa. \u00a1Ordenar ahora!","breadcrumb":{"@id":"https:\/\/rollingringdrives.com\/product\/400-simple-wire-pay-off-racks\/#breadcrumb"},"inLanguage":"es","potentialAction":[{"@type":"ReadAction","target":["https:\/\/rollingringdrives.com\/product\/400-simple-wire-pay-off-racks\/"]}]},{"@type":"ImageObject","inLanguage":"es","@id":"https:\/\/rollingringdrives.com\/product\/400-simple-wire-pay-off-racks\/#primaryimage","url":"https:\/\/rollingringdrives.com\/wp-content\/uploads\/2023\/05\/3-16.jpg","contentUrl":"https:\/\/rollingringdrives.com\/wp-content\/uploads\/2023\/05\/3-16.jpg","width":600,"height":600,"caption":"400 Simple Wire Pay-Off Racks"},{"@type":"BreadcrumbList","@id":"https:\/\/rollingringdrives.com\/product\/400-simple-wire-pay-off-racks\/#breadcrumb","itemListElement":[{"@type":"ListItem","position":1,"name":"Home","item":"https:\/\/rollingringdrives.com\/"},{"@type":"ListItem","position":2,"name":"Machines","item":"https:\/\/rollingringdrives.com\/machines\/"},{"@type":"ListItem","position":3,"name":"400 Simple Wire Pay-Off Racks"}]},{"@type":"WebSite","@id":"https:\/\/rollingringdrives.com\/#website","url":"https:\/\/rollingringdrives.com\/","name":"Qi Pang","description":"Blog QiPang","publisher":{"@id":"https:\/\/rollingringdrives.com\/#organization"},"potentialAction":[{"@type":"SearchAction","target":{"@type":"EntryPoint","urlTemplate":"https:\/\/rollingringdrives.com\/?s={search_term_string}"},"query-input":{"@type":"PropertyValueSpecification","valueRequired":true,"valueName":"search_term_string"}}],"inLanguage":"es"},{"@type":"Organization","@id":"https:\/\/rollingringdrives.com\/#organization","name":"Qi Pang","url":"https:\/\/rollingringdrives.com\/","logo":{"@type":"ImageObject","inLanguage":"es","@id":"https:\/\/rollingringdrives.com\/#\/schema\/logo\/image\/","url":"https:\/\/rollingringdrives.com\/wp-content\/uploads\/2023\/05\/cropped-\u672a\u547d\u540d\u7684\u8bbe\u8ba1.png","contentUrl":"https:\/\/rollingringdrives.com\/wp-content\/uploads\/2023\/05\/cropped-\u672a\u547d\u540d\u7684\u8bbe\u8ba1.png","width":300,"height":191,"caption":"QiPang"},"image":{"@id":"https:\/\/rollingringdrives.com\/#\/schema\/logo\/image\/"}}]}},"_links":{"self":[{"href":"https:\/\/rollingringdrives.com\/es\/wp-json\/wp\/v2\/product\/26267","targetHints":{"allow":["GET"]}}],"collection":[{"href":"https:\/\/rollingringdrives.com\/es\/wp-json\/wp\/v2\/product"}],"about":[{"href":"https:\/\/rollingringdrives.com\/es\/wp-json\/wp\/v2\/types\/product"}],"version-history":[{"count":0,"href":"https:\/\/rollingringdrives.com\/es\/wp-json\/wp\/v2\/product\/26267\/revisions"}],"wp:featuredmedia":[{"embeddable":true,"href":"https:\/\/rollingringdrives.com\/es\/wp-json\/wp\/v2\/media\/26272"}],"wp:attachment":[{"href":"https:\/\/rollingringdrives.com\/es\/wp-json\/wp\/v2\/media?parent=26267"}],"wp:term":[{"taxonomy":"product_brand","embeddable":true,"href":"https:\/\/rollingringdrives.com\/es\/wp-json\/wp\/v2\/product_brand?post=26267"},{"taxonomy":"product_cat","embeddable":true,"href":"https:\/\/rollingringdrives.com\/es\/wp-json\/wp\/v2\/product_cat?post=26267"},{"taxonomy":"product_tag","embeddable":true,"href":"https:\/\/rollingringdrives.com\/es\/wp-json\/wp\/v2\/product_tag?post=26267"}],"curies":[{"name":"wp","href":"https:\/\/api.w.org\/{rel}","templated":true}]}}