{"id":26275,"date":"2023-05-23T06:20:36","date_gmt":"2023-05-23T06:20:36","guid":{"rendered":"https:\/\/rollingringdrives.com\/?post_type=product&#038;p=26275"},"modified":"2025-07-07T07:41:51","modified_gmt":"2025-07-07T07:41:51","slug":"630-japanese-style-magnetic-powder-tension-wire-pay-off-rack","status":"publish","type":"product","link":"https:\/\/rollingringdrives.com\/es\/producto\/630-estilo-japones-polvo-magnetico-cable-de-tension-estante-de-pago\/","title":{"rendered":"630 Rack de desenrollado de alambre de tensi\u00f3n de polvo magn\u00e9tico estilo japon\u00e9s"},"content":{"rendered":"<p class=\"xsj_paragraph xsj_paragraph_level_0\" data-source-line=\"0\" data-source-line-display=\"true\">El\u00a0<strong class=\"markdown_strong_asterisk\">630 Racks de desenrollado de alambre de tensi\u00f3n de polvo magn\u00e9tico estilo japon\u00e9s<\/strong> son una soluci\u00f3n de alimentaci\u00f3n de alambre duradera y vers\u00e1til que puede acomodar bobinas de alambre de hasta 630 mm. Tienen una apertura est\u00e1ndar de 56 mm, pero se pueden personalizar para satisfacer sus necesidades. Estos bastidores de desenrollado de alambre tienen un sistema de freno de polvo magn\u00e9tico que proporciona un control de tensi\u00f3n constante y confiable para la alimentaci\u00f3n de alambre.<\/p>\n<p data-source-line=\"0\" data-source-line-display=\"true\"><div id=\"footable_parent_26277\"\n         class=\"footable_parent ninja_table_wrapper loading_ninja_table wp_table_data_press_parent semantic_ui\">\n                <table data-ninja_table_instance=\"ninja_table_instance_0\" data-footable_id=\"26277\" data-filter-delay=\"1000\" aria-label=\"6\u65b0\u5efa XL2dSX \u5de5\u4f5c\u8868 (2).csv\"            id=\"footable_26277\"\n           data-unique_identifier=\"ninja_table_unique_id_1033280689_26277\"\n           class=\"foo-table ninja_footable foo_table_26277 ninja_table_unique_id_1033280689_26277 ui table  nt_type_legacy_table selectable striped vertical_centered  footable-paging-right ninja_table_search_disabled ninja_table_pro\">\n                <colgroup>\n                            <col class=\"ninja_column_0\">\n                            <col class=\"ninja_column_1\">\n                    <\/colgroup>\n        <thead>\n<tr class=\"footable-header\">\n                                        <th scope=\"col\"  class=\"ninja_column_0 ninja_clmn_nm_technicalparameter\">Par\u00e1metro t\u00e9cnico<\/th><th scope=\"col\"  class=\"ninja_column_1 ninja_clmn_nm_value\">Valor<\/th><\/tr>\n<\/thead>\n<tbody>\n\n        <tr data-row_id=\"303\" class=\"ninja_table_row_0 nt_row_id_303\">\n            <td>Carrete de alambre aplicable<\/td><td>400-630 mm<\/td>        <\/tr>\n            <tr data-row_id=\"304\" class=\"ninja_table_row_1 nt_row_id_304\">\n            <td>Apertura est\u00e1ndar<\/td><td>56 mm (personalizable)<\/td>        <\/tr>\n            <tr data-row_id=\"305\" class=\"ninja_table_row_2 nt_row_id_305\">\n            <td>Freno<\/td><td>Polvo magn\u00e9tico 5KG + controlador de freno<\/td>        <\/tr>\n            <tr data-row_id=\"306\" class=\"ninja_table_row_3 nt_row_id_306\">\n            <td>Pistola de tensi\u00f3n<\/td><td>mantener la tensi\u00f3n<\/td>        <\/tr>\n            <tr data-row_id=\"307\" class=\"ninja_table_row_4 nt_row_id_307\">\n            <td>Cargar los portes<\/td><td>200kg<\/td>        <\/tr>\n            <tr data-row_id=\"308\" class=\"ninja_table_row_5 nt_row_id_308\">\n            <td>Tama\u00f1o<\/td><td>1.0001E+11<\/td>        <\/tr>\n            <tr data-row_id=\"309\" class=\"ninja_table_row_6 nt_row_id_309\">\n            <td>Rango de di\u00e1metro de alambre<\/td><td>0,3-2,8 mm<\/td>        <\/tr>\n            <tr data-row_id=\"310\" class=\"ninja_table_row_7 nt_row_id_310\">\n            <td>Tipo de cable trenzado<\/td><td>Alambre esmaltado, alambre BVR, alambre de cobre desnudo<\/td>        <\/tr>\n            <tr data-row_id=\"311\" class=\"ninja_table_row_8 nt_row_id_311\">\n            <td>N\u00famero de cabezas<\/td><td>Cabeza simple, cabeza doble<\/td>        <\/tr>\n            <tr data-row_id=\"312\" class=\"ninja_table_row_9 nt_row_id_312\">\n            <td>Control<\/td><td>Control electrost\u00e1tico, freno autom\u00e1tico de engranajes<\/td>        <\/tr>\n    <\/tbody><!--ninja_tobody_rendering_done-->\n    <\/table>\n    \n    \n    \n<\/div>\n<\/p>\n<div class=\"xiaoshujiang_element xsj_anchor\"><a class=\"blank_anchor_name\" name=\"features_1\"><\/a><a id=\"features_1\" class=\"blank_anchor_id\"><\/a><a class=\"blank_anchor_name\" name=\"features\"><\/a><a id=\"features\" class=\"blank_anchor_id\"><\/a><\/div>\n<h2 id=\"features_1\" class=\"xsj_heading_hash xsj_heading xsj_heading_h2\" data-source-line=\"2\" data-source-line-display=\"true\"><span class=\"xsj_heading_content\">Caracter\u00edsticas<\/span><\/h2>\n<ol class=\"markdown_ol\" data-source-line=\"4\">\n<li data-source-line=\"4\">Freno de polvo magn\u00e9tico: Los estantes desenrolladores de alambre de tensi\u00f3n de polvo magn\u00e9tico de estilo japon\u00e9s 630 tienen un sistema de freno de polvo magn\u00e9tico que garantiza un control de tensi\u00f3n de alimentaci\u00f3n de alambre consistente y confiable.<\/li>\n<li data-source-line=\"5\">Pistola de tensi\u00f3n de mantenimiento: estos bastidores de desenrollado de alambre cuentan con una pistola de tensi\u00f3n de mantenimiento que le permite mantener una tensi\u00f3n constante en el alambre a medida que se alimenta a trav\u00e9s del marco.<\/li>\n<li data-source-line=\"6\">Capacidad de carga: Los bastidores de desenrollado de alambre de tensi\u00f3n de polvo magn\u00e9tico 630 de estilo japon\u00e9s pueden soportar una capacidad de peso m\u00e1xima de 200 kg.<\/li>\n<li data-source-line=\"7\">Compatibilidad con varios tipos de cables: estos bastidores de desenrollado de cables est\u00e1n dise\u00f1ados para ser compatibles con varios tipos de cables trenzados, incluido el cable esmaltado, el cable BVR y el cable de cobre desnudo.<\/li>\n<li data-source-line=\"8\">Configuraci\u00f3n de cabezal \u00fanico o cabezal doble: Los bastidores de desenrollado de alambre de tensi\u00f3n de polvo magn\u00e9tico de estilo japon\u00e9s 630 est\u00e1n disponibles en configuraciones de cabezal \u00fanico y cabezal doble, lo que le permite elegir la opci\u00f3n que mejor se adapte a las necesidades de su aplicaci\u00f3n.<\/li>\n<\/ol>\n<div class=\"xiaoshujiang_element xsj_anchor\"><a class=\"blank_anchor_name\" name=\"applications_2\"><\/a><a id=\"applications_2\" class=\"blank_anchor_id\"><\/a><a class=\"blank_anchor_name\" name=\"applications\"><\/a><a id=\"applications\" class=\"blank_anchor_id\"><\/a><\/div>\n<h2 id=\"applications_2\" class=\"xsj_heading_hash xsj_heading xsj_heading_h2\" data-source-line=\"10\" data-source-line-display=\"true\"><span class=\"xsj_heading_content\">Aplicaciones<\/span><\/h2>\n<p class=\"xsj_paragraph xsj_paragraph_level_0\" data-source-line=\"12\" data-source-line-display=\"true\">Los bastidores de desenrollado de alambre de tensi\u00f3n de polvo magn\u00e9tico 630 de estilo japon\u00e9s se adaptan a varias aplicaciones de alimentaci\u00f3n de alambre. Se utilizan com\u00fanmente para fabricar componentes el\u00e9ctricos y electr\u00f3nicos, como motores, transformadores y placas de circuito. Tambi\u00e9n son ideales para la producci\u00f3n de cables y mazos de cables y son adecuados para varios tipos de cables, incluido el BVR esmaltado y el cable de cobre desnudo.<\/p>\n<div class=\"xiaoshujiang_element xsj_anchor\"><a class=\"blank_anchor_name\" name=\"faqs_3\"><\/a><a id=\"faqs_3\" class=\"blank_anchor_id\"><\/a><a class=\"blank_anchor_name\" name=\"faqs\"><\/a><a id=\"faqs\" class=\"blank_anchor_id\"><\/a><\/div>\n<h2 id=\"faqs_3\" class=\"xsj_heading_hash xsj_heading xsj_heading_h2\" data-source-line=\"14\" data-source-line-display=\"true\"><span class=\"xsj_heading_content\">preguntas frecuentes<\/span><\/h2>\n<p class=\"xsj_paragraph xsj_paragraph_level_0\" data-source-line=\"16\" data-source-line-display=\"true\"><strong class=\"markdown_strong_asterisk\">1. \u00bfQu\u00e9 tama\u00f1os de carretes de alambre pueden acomodar los bastidores de desenrollado de alambre 630?<\/strong><br \/>\nLos bastidores de desenrollado de alambre de tensi\u00f3n de polvo magn\u00e9tico 630 de estilo japon\u00e9s pueden acomodar carretes de alambre de hasta 630 mm de tama\u00f1o.<\/p>\n<p class=\"xsj_paragraph xsj_paragraph_level_0\" data-source-line=\"19\" data-source-line-display=\"true\"><strong class=\"markdown_strong_asterisk\">2. \u00bfQu\u00e9 tipo de sistema de frenos tienen estas rejillas desenrolladoras de alambre?<\/strong><br \/>\nLos bastidores de desenrollado de alambre de tensi\u00f3n de polvo magn\u00e9tico 630 de estilo japon\u00e9s tienen un sistema de freno de polvo magn\u00e9tico que proporciona un control de tensi\u00f3n de alimentaci\u00f3n de alambre consistente y confiable.<\/p>\n<p class=\"xsj_paragraph xsj_paragraph_level_0\" data-source-line=\"22\" data-source-line-display=\"true\"><strong class=\"markdown_strong_asterisk\">3. \u00bfCu\u00e1l es la capacidad de carga m\u00e1xima de estos bastidores de desenrollado de alambre?<\/strong><br \/>\nEstos bastidores desenrolladores de alambre pueden soportar una capacidad de peso m\u00e1xima de 200 kg.<\/p>\n<p class=\"xsj_paragraph xsj_paragraph_level_0\" data-source-line=\"25\" data-source-line-display=\"true\"><strong class=\"markdown_strong_asterisk\">4. \u00bfSe pueden configurar estos bastidores de desenrollado de alambre para acomodar diferentes tipos de alambre?<\/strong><br \/>\nS\u00ed, los bastidores de desenrollado de alambre de estilo japon\u00e9s 630 est\u00e1n dise\u00f1ados para ser compatibles con varios tipos de alambre trenzado, incluido el alambre esmaltado, el alambre BVR y el alambre de cobre desnudo.<\/p>\n<p class=\"xsj_paragraph xsj_paragraph_level_0\" data-source-line=\"28\" data-source-line-display=\"true\"><strong class=\"markdown_strong_asterisk\">5. \u00bfEstas estanter\u00edas de desenrollado de alambre est\u00e1n disponibles en diferentes configuraciones?<\/strong><br \/>\nS\u00ed, los bastidores de desenrollado de tensi\u00f3n de polvo magn\u00e9tico de estilo japon\u00e9s 630 est\u00e1n disponibles en configuraciones de cabezal \u00fanico y cabezal doble, lo que le permite elegir la opci\u00f3n que mejor se adapte a las necesidades de su aplicaci\u00f3n.<\/p>","protected":false},"excerpt":{"rendered":"<h2 id=\"features_1\" class=\"xsj_heading_hash xsj_heading xsj_heading_h2\" data-source-line=\"2\" data-source-line-display=\"true\"><span class=\"xsj_heading_content\">Caracter\u00edsticas<\/span><\/h2>\n<ol class=\"markdown_ol\" data-source-line=\"4\">\n<li data-source-line=\"4\">Freno de polvo magn\u00e9tico.<\/li>\n<li data-source-line=\"5\">Mantenga la tensi\u00f3n de la pistola.<\/li>\n<li data-source-line=\"6\">Capacidad de carga.<\/li>\n<li data-source-line=\"7\">Compatibilidad con varios tipos de cables.<\/li>\n<li data-source-line=\"8\">Configuraci\u00f3n de cabezal \u00fanico o cabezal doble.<\/li>\n<\/ol>","protected":false},"featured_media":26278,"template":"","meta":{"site-sidebar-layout":"default","site-content-layout":"default","ast-global-header-display":"","ast-banner-title-visibility":"","ast-main-header-display":"","ast-hfb-above-header-display":"","ast-hfb-below-header-display":"","ast-hfb-mobile-header-display":"","site-post-title":"","ast-breadcrumbs-content":"","ast-featured-img":"","footer-sml-layout":"","theme-transparent-header-meta":"default","adv-header-id-meta":"","stick-header-meta":"","header-above-stick-meta":"","header-main-stick-meta":"","header-below-stick-meta":""},"product_brand":[],"product_cat":[48,131],"product_tag":[],"class_list":{"0":"post-26275","1":"product","2":"type-product","3":"status-publish","4":"has-post-thumbnail","6":"product_cat-wire-payoff-machine","7":"product_cat-tension-pay-off-rack","8":"desktop-align-left","9":"tablet-align-left","10":"mobile-align-left","12":"first","13":"instock","14":"shipping-taxable","15":"product-type-simple"},"yoast_head":"<!-- This site is optimized with the Yoast SEO Premium plugin v20.12 (Yoast SEO v26.0) - https:\/\/yoast.com\/wordpress\/plugins\/seo\/ -->\n<title>630 Japanese-Style Magnetic Powder Tension Wire Pay-Off Rack - QiPang<\/title>\n<meta name=\"description\" content=\"Looking for a durable and versatile wire-feeding solution? Check out our Japanese-Style Wire Pay-Off. Our 630 Magnetic Powder Tension Wire Pay-Off Racks can accommodate wire reels of up to 630mm. Order now for seamless wire feeding!\" \/>\n<meta name=\"robots\" content=\"index, follow, max-snippet:-1, max-image-preview:large, max-video-preview:-1\" \/>\n<link rel=\"canonical\" href=\"https:\/\/rollingringdrives.com\/es\/producto\/630-estilo-japones-polvo-magnetico-cable-de-tension-estante-de-pago\/\" \/>\n<meta property=\"og:locale\" content=\"es_MX\" \/>\n<meta property=\"og:type\" content=\"article\" \/>\n<meta property=\"og:title\" content=\"630 Japanese-Style Magnetic Powder Tension Wire Pay-Off Rack\" \/>\n<meta property=\"og:description\" content=\"Looking for a durable and versatile wire-feeding solution? Check out our Japanese-Style Wire Pay-Off. Our 630 Magnetic Powder Tension Wire Pay-Off Racks can accommodate wire reels of up to 630mm. Order now for seamless wire feeding!\" \/>\n<meta property=\"og:url\" content=\"https:\/\/rollingringdrives.com\/es\/producto\/630-estilo-japones-polvo-magnetico-cable-de-tension-estante-de-pago\/\" \/>\n<meta property=\"og:site_name\" content=\"QiPang\" \/>\n<meta property=\"article:modified_time\" content=\"2025-07-07T07:41:51+00:00\" \/>\n<meta property=\"og:image\" content=\"https:\/\/rollingringdrives.com\/wp-content\/uploads\/2023\/05\/1-20.jpg\" \/>\n\t<meta property=\"og:image:width\" content=\"600\" \/>\n\t<meta property=\"og:image:height\" content=\"600\" \/>\n\t<meta property=\"og:image:type\" content=\"image\/jpeg\" \/>\n<meta name=\"twitter:card\" content=\"summary_large_image\" \/>\n<meta name=\"twitter:label1\" content=\"Tiempo de lectura\" \/>\n\t<meta name=\"twitter:data1\" content=\"2 minutos\" \/>\n<script type=\"application\/ld+json\" class=\"yoast-schema-graph\">{\"@context\":\"https:\/\/schema.org\",\"@graph\":[{\"@type\":\"WebPage\",\"@id\":\"https:\/\/rollingringdrives.com\/product\/630-japanese-style-magnetic-powder-tension-wire-pay-off-rack\/\",\"url\":\"https:\/\/rollingringdrives.com\/product\/630-japanese-style-magnetic-powder-tension-wire-pay-off-rack\/\",\"name\":\"630 Japanese-Style Magnetic Powder Tension Wire Pay-Off Rack - QiPang\",\"isPartOf\":{\"@id\":\"https:\/\/rollingringdrives.com\/#website\"},\"primaryImageOfPage\":{\"@id\":\"https:\/\/rollingringdrives.com\/product\/630-japanese-style-magnetic-powder-tension-wire-pay-off-rack\/#primaryimage\"},\"image\":{\"@id\":\"https:\/\/rollingringdrives.com\/product\/630-japanese-style-magnetic-powder-tension-wire-pay-off-rack\/#primaryimage\"},\"thumbnailUrl\":\"https:\/\/rollingringdrives.com\/wp-content\/uploads\/2023\/05\/1-20.jpg\",\"datePublished\":\"2023-05-23T06:20:36+00:00\",\"dateModified\":\"2025-07-07T07:41:51+00:00\",\"description\":\"Looking for a durable and versatile wire-feeding solution? Check out our Japanese-Style Wire Pay-Off. Our 630 Magnetic Powder Tension Wire Pay-Off Racks can accommodate wire reels of up to 630mm. Order now for seamless wire feeding!\",\"breadcrumb\":{\"@id\":\"https:\/\/rollingringdrives.com\/product\/630-japanese-style-magnetic-powder-tension-wire-pay-off-rack\/#breadcrumb\"},\"inLanguage\":\"es\",\"potentialAction\":[{\"@type\":\"ReadAction\",\"target\":[\"https:\/\/rollingringdrives.com\/product\/630-japanese-style-magnetic-powder-tension-wire-pay-off-rack\/\"]}]},{\"@type\":\"ImageObject\",\"inLanguage\":\"es\",\"@id\":\"https:\/\/rollingringdrives.com\/product\/630-japanese-style-magnetic-powder-tension-wire-pay-off-rack\/#primaryimage\",\"url\":\"https:\/\/rollingringdrives.com\/wp-content\/uploads\/2023\/05\/1-20.jpg\",\"contentUrl\":\"https:\/\/rollingringdrives.com\/wp-content\/uploads\/2023\/05\/1-20.jpg\",\"width\":600,\"height\":600,\"caption\":\"630 Japanese-Style Magnetic Powder Tension Wire Pay-Off Rack\"},{\"@type\":\"BreadcrumbList\",\"@id\":\"https:\/\/rollingringdrives.com\/product\/630-japanese-style-magnetic-powder-tension-wire-pay-off-rack\/#breadcrumb\",\"itemListElement\":[{\"@type\":\"ListItem\",\"position\":1,\"name\":\"Home\",\"item\":\"https:\/\/rollingringdrives.com\/\"},{\"@type\":\"ListItem\",\"position\":2,\"name\":\"Machines\",\"item\":\"https:\/\/rollingringdrives.com\/machines\/\"},{\"@type\":\"ListItem\",\"position\":3,\"name\":\"630 Japanese-Style Magnetic Powder Tension Wire Pay-Off Rack\"}]},{\"@type\":\"WebSite\",\"@id\":\"https:\/\/rollingringdrives.com\/#website\",\"url\":\"https:\/\/rollingringdrives.com\/\",\"name\":\"QiPang\",\"description\":\"QiPang Blog\",\"publisher\":{\"@id\":\"https:\/\/rollingringdrives.com\/#organization\"},\"potentialAction\":[{\"@type\":\"SearchAction\",\"target\":{\"@type\":\"EntryPoint\",\"urlTemplate\":\"https:\/\/rollingringdrives.com\/?s={search_term_string}\"},\"query-input\":{\"@type\":\"PropertyValueSpecification\",\"valueRequired\":true,\"valueName\":\"search_term_string\"}}],\"inLanguage\":\"es\"},{\"@type\":\"Organization\",\"@id\":\"https:\/\/rollingringdrives.com\/#organization\",\"name\":\"QiPang\",\"url\":\"https:\/\/rollingringdrives.com\/\",\"logo\":{\"@type\":\"ImageObject\",\"inLanguage\":\"es\",\"@id\":\"https:\/\/rollingringdrives.com\/#\/schema\/logo\/image\/\",\"url\":\"https:\/\/rollingringdrives.com\/wp-content\/uploads\/2023\/05\/cropped-\u672a\u547d\u540d\u7684\u8bbe\u8ba1.png\",\"contentUrl\":\"https:\/\/rollingringdrives.com\/wp-content\/uploads\/2023\/05\/cropped-\u672a\u547d\u540d\u7684\u8bbe\u8ba1.png\",\"width\":300,\"height\":191,\"caption\":\"QiPang\"},\"image\":{\"@id\":\"https:\/\/rollingringdrives.com\/#\/schema\/logo\/image\/\"}}]}<\/script>\n<!-- \/ Yoast SEO Premium plugin. -->","yoast_head_json":{"title":"630 Rack de desenrollado de alambre de tensi\u00f3n de polvo magn\u00e9tico de estilo japon\u00e9s - QiPang","description":"\u00bfBusca una soluci\u00f3n de alimentaci\u00f3n de alambre duradera y vers\u00e1til? Echa un vistazo a nuestro Pago de alambre de estilo japon\u00e9s. Nuestros bastidores de desenrollado de alambre de tensi\u00f3n de polvo magn\u00e9tico 630 pueden acomodar carretes de alambre de hasta 630 mm. \u00a1Ordene ahora para la alimentaci\u00f3n de alambre sin costuras!","robots":{"index":"index","follow":"follow","max-snippet":"max-snippet:-1","max-image-preview":"max-image-preview:large","max-video-preview":"max-video-preview:-1"},"canonical":"https:\/\/rollingringdrives.com\/es\/producto\/630-estilo-japones-polvo-magnetico-cable-de-tension-estante-de-pago\/","og_locale":"es_MX","og_type":"article","og_title":"630 Japanese-Style Magnetic Powder Tension Wire Pay-Off Rack","og_description":"Looking for a durable and versatile wire-feeding solution? Check out our Japanese-Style Wire Pay-Off. Our 630 Magnetic Powder Tension Wire Pay-Off Racks can accommodate wire reels of up to 630mm. Order now for seamless wire feeding!","og_url":"https:\/\/rollingringdrives.com\/es\/producto\/630-estilo-japones-polvo-magnetico-cable-de-tension-estante-de-pago\/","og_site_name":"QiPang","article_modified_time":"2025-07-07T07:41:51+00:00","og_image":[{"width":600,"height":600,"url":"https:\/\/rollingringdrives.com\/wp-content\/uploads\/2023\/05\/1-20.jpg","type":"image\/jpeg"}],"twitter_card":"summary_large_image","twitter_misc":{"Tiempo de lectura":"2 minutos"},"schema":{"@context":"https:\/\/schema.org","@graph":[{"@type":"WebPage","@id":"https:\/\/rollingringdrives.com\/product\/630-japanese-style-magnetic-powder-tension-wire-pay-off-rack\/","url":"https:\/\/rollingringdrives.com\/product\/630-japanese-style-magnetic-powder-tension-wire-pay-off-rack\/","name":"630 Rack de desenrollado de alambre de tensi\u00f3n de polvo magn\u00e9tico de estilo japon\u00e9s - QiPang","isPartOf":{"@id":"https:\/\/rollingringdrives.com\/#website"},"primaryImageOfPage":{"@id":"https:\/\/rollingringdrives.com\/product\/630-japanese-style-magnetic-powder-tension-wire-pay-off-rack\/#primaryimage"},"image":{"@id":"https:\/\/rollingringdrives.com\/product\/630-japanese-style-magnetic-powder-tension-wire-pay-off-rack\/#primaryimage"},"thumbnailUrl":"https:\/\/rollingringdrives.com\/wp-content\/uploads\/2023\/05\/1-20.jpg","datePublished":"2023-05-23T06:20:36+00:00","dateModified":"2025-07-07T07:41:51+00:00","description":"\u00bfBusca una soluci\u00f3n de alimentaci\u00f3n de alambre duradera y vers\u00e1til? Echa un vistazo a nuestro Pago de alambre de estilo japon\u00e9s. Nuestros bastidores de desenrollado de alambre de tensi\u00f3n de polvo magn\u00e9tico 630 pueden acomodar carretes de alambre de hasta 630 mm. \u00a1Ordene ahora para la alimentaci\u00f3n de alambre sin costuras!","breadcrumb":{"@id":"https:\/\/rollingringdrives.com\/product\/630-japanese-style-magnetic-powder-tension-wire-pay-off-rack\/#breadcrumb"},"inLanguage":"es","potentialAction":[{"@type":"ReadAction","target":["https:\/\/rollingringdrives.com\/product\/630-japanese-style-magnetic-powder-tension-wire-pay-off-rack\/"]}]},{"@type":"ImageObject","inLanguage":"es","@id":"https:\/\/rollingringdrives.com\/product\/630-japanese-style-magnetic-powder-tension-wire-pay-off-rack\/#primaryimage","url":"https:\/\/rollingringdrives.com\/wp-content\/uploads\/2023\/05\/1-20.jpg","contentUrl":"https:\/\/rollingringdrives.com\/wp-content\/uploads\/2023\/05\/1-20.jpg","width":600,"height":600,"caption":"630 Japanese-Style Magnetic Powder Tension Wire Pay-Off Rack"},{"@type":"BreadcrumbList","@id":"https:\/\/rollingringdrives.com\/product\/630-japanese-style-magnetic-powder-tension-wire-pay-off-rack\/#breadcrumb","itemListElement":[{"@type":"ListItem","position":1,"name":"Home","item":"https:\/\/rollingringdrives.com\/"},{"@type":"ListItem","position":2,"name":"Machines","item":"https:\/\/rollingringdrives.com\/machines\/"},{"@type":"ListItem","position":3,"name":"630 Japanese-Style Magnetic Powder Tension Wire Pay-Off Rack"}]},{"@type":"WebSite","@id":"https:\/\/rollingringdrives.com\/#website","url":"https:\/\/rollingringdrives.com\/","name":"Qi Pang","description":"Blog QiPang","publisher":{"@id":"https:\/\/rollingringdrives.com\/#organization"},"potentialAction":[{"@type":"SearchAction","target":{"@type":"EntryPoint","urlTemplate":"https:\/\/rollingringdrives.com\/?s={search_term_string}"},"query-input":{"@type":"PropertyValueSpecification","valueRequired":true,"valueName":"search_term_string"}}],"inLanguage":"es"},{"@type":"Organization","@id":"https:\/\/rollingringdrives.com\/#organization","name":"Qi Pang","url":"https:\/\/rollingringdrives.com\/","logo":{"@type":"ImageObject","inLanguage":"es","@id":"https:\/\/rollingringdrives.com\/#\/schema\/logo\/image\/","url":"https:\/\/rollingringdrives.com\/wp-content\/uploads\/2023\/05\/cropped-\u672a\u547d\u540d\u7684\u8bbe\u8ba1.png","contentUrl":"https:\/\/rollingringdrives.com\/wp-content\/uploads\/2023\/05\/cropped-\u672a\u547d\u540d\u7684\u8bbe\u8ba1.png","width":300,"height":191,"caption":"QiPang"},"image":{"@id":"https:\/\/rollingringdrives.com\/#\/schema\/logo\/image\/"}}]}},"_links":{"self":[{"href":"https:\/\/rollingringdrives.com\/es\/wp-json\/wp\/v2\/product\/26275","targetHints":{"allow":["GET"]}}],"collection":[{"href":"https:\/\/rollingringdrives.com\/es\/wp-json\/wp\/v2\/product"}],"about":[{"href":"https:\/\/rollingringdrives.com\/es\/wp-json\/wp\/v2\/types\/product"}],"version-history":[{"count":0,"href":"https:\/\/rollingringdrives.com\/es\/wp-json\/wp\/v2\/product\/26275\/revisions"}],"wp:featuredmedia":[{"embeddable":true,"href":"https:\/\/rollingringdrives.com\/es\/wp-json\/wp\/v2\/media\/26278"}],"wp:attachment":[{"href":"https:\/\/rollingringdrives.com\/es\/wp-json\/wp\/v2\/media?parent=26275"}],"wp:term":[{"taxonomy":"product_brand","embeddable":true,"href":"https:\/\/rollingringdrives.com\/es\/wp-json\/wp\/v2\/product_brand?post=26275"},{"taxonomy":"product_cat","embeddable":true,"href":"https:\/\/rollingringdrives.com\/es\/wp-json\/wp\/v2\/product_cat?post=26275"},{"taxonomy":"product_tag","embeddable":true,"href":"https:\/\/rollingringdrives.com\/es\/wp-json\/wp\/v2\/product_tag?post=26275"}],"curies":[{"name":"wp","href":"https:\/\/api.w.org\/{rel}","templated":true}]}}