{"id":26295,"date":"2023-05-23T07:16:28","date_gmt":"2023-05-23T07:16:28","guid":{"rendered":"https:\/\/rollingringdrives.com\/?post_type=product&#038;p=26295"},"modified":"2025-07-07T07:41:12","modified_gmt":"2025-07-07T07:41:12","slug":"tension-wire-pay-off-stand-for-spooling","status":"publish","type":"product","link":"https:\/\/rollingringdrives.com\/es\/producto\/soporte-para-bobinado-de-bobinado-de-alambre-de-tension\/","title":{"rendered":"Soporte de pago de alambre de tensi\u00f3n para bobinado"},"content":{"rendered":"<p class=\"xsj_paragraph xsj_paragraph_level_0\" data-source-line=\"0\" data-source-line-display=\"true\">Nuestro\u00a0<strong class=\"markdown_strong_asterisk\">Soporte de desenrollado de alambre de tensi\u00f3n para bobinado<\/strong> es un dispositivo confiable de alta calidad dise\u00f1ado para sostener y enrollar varios cables trenzados, incluidos los cables de cobre desnudo, esta\u00f1ados, esmaltados, plateados y de aleaci\u00f3n. Viene con un carrete de pago que puede acomodar hasta 220 giros y se puede personalizar para satisfacer las necesidades y requisitos espec\u00edficos de los clientes. El soporte tiene un mecanismo de control de tensi\u00f3n que permite un ajuste preciso de la tensi\u00f3n del alambre, mientras que el mecanismo de frenado autom\u00e1tico garantiza un enrollado seguro y eficiente del alambre.<\/p>\n<p data-source-line=\"0\" data-source-line-display=\"true\"><div id=\"footable_parent_26297\"\n         class=\"footable_parent ninja_table_wrapper loading_ninja_table wp_table_data_press_parent semantic_ui\">\n                <table data-ninja_table_instance=\"ninja_table_instance_0\" data-footable_id=\"26297\" data-filter-delay=\"1000\" aria-label=\"8\u65b0\u5efa XL2dSX \u5de5\u4f5c\u8868 (2).csv\"            id=\"footable_26297\"\n           data-unique_identifier=\"ninja_table_unique_id_294464196_26297\"\n           class=\"foo-table ninja_footable foo_table_26297 ninja_table_unique_id_294464196_26297 ui table  nt_type_legacy_table selectable striped vertical_centered  footable-paging-right ninja_table_search_disabled ninja_table_pro\">\n                <colgroup>\n                            <col class=\"ninja_column_0\">\n                            <col class=\"ninja_column_1\">\n                    <\/colgroup>\n        <thead>\n<tr class=\"footable-header\">\n                                        <th scope=\"col\"  class=\"ninja_column_0 ninja_clmn_nm_technicalparameter\">Par\u00e1metro t\u00e9cnico<\/th><th scope=\"col\"  class=\"ninja_column_1 ninja_clmn_nm_value\">Valor<\/th><\/tr>\n<\/thead>\n<tbody>\n\n        <tr data-row_id=\"323\" class=\"ninja_table_row_0 nt_row_id_323\">\n            <td>Especificaciones del carrete de pago<\/td><td>Apto para 220 carretes (personalizable)<\/td>        <\/tr>\n            <tr data-row_id=\"324\" class=\"ninja_table_row_1 nt_row_id_324\">\n            <td>Alambres trenzados<\/td><td>Alambres de cobre desnudo, alambres esta\u00f1ados, alambres esmaltados, alambres plateados, alambres de aleaci\u00f3n, etc.<\/td>        <\/tr>\n            <tr data-row_id=\"325\" class=\"ninja_table_row_2 nt_row_id_325\">\n            <td>Rango de di\u00e1metro de alambre<\/td><td>Dividido en 1-2 archivos<br>Di\u00e1metro del cable: 0,3-0,68 mm<\/td>        <\/tr>\n            <tr data-row_id=\"326\" class=\"ninja_table_row_3 nt_row_id_326\">\n            <td>Control de tensi\u00f3n<\/td><td>Controlado ajustando el di\u00e1metro del alambre el\u00e1stico<\/td>        <\/tr>\n            <tr data-row_id=\"327\" class=\"ninja_table_row_4 nt_row_id_327\">\n            <td>Frenado<\/td><td>Frenado autom\u00e1tico por inducci\u00f3n electrost\u00e1tica, correa rota<\/td>        <\/tr>\n            <tr data-row_id=\"328\" class=\"ninja_table_row_5 nt_row_id_328\">\n            <td>Eje<\/td><td>Varillas chapadas 20*480 con buena concentricidad, equipadas con rodamientos importados<\/td>        <\/tr>\n            <tr data-row_id=\"329\" class=\"ninja_table_row_6 nt_row_id_329\">\n            <td>Disco del freno<\/td><td>Hecho de hierro fundido 160 despu\u00e9s del acabado.<\/td>        <\/tr>\n            <tr data-row_id=\"330\" class=\"ninja_table_row_7 nt_row_id_330\">\n            <td>cabeza de bloqueo<\/td><td>Utiliza 20 tuercas para mayor comodidad y simplicidad.<\/td>        <\/tr>\n            <tr data-row_id=\"331\" class=\"ninja_table_row_8 nt_row_id_331\">\n            <td>Marco<\/td><td>Soldado con acero cuadrado 60+2,5, superficie pulida e ionizada<\/td>        <\/tr>\n            <tr data-row_id=\"332\" class=\"ninja_table_row_9 nt_row_id_332\">\n            <td>Pistola de tensi\u00f3n<\/td><td>Nueva pistola de tensi\u00f3n de resorte simple ampliada 3.5 con rueda gu\u00eda 1007-B06U y rodamientos importados<\/td>        <\/tr>\n            <tr data-row_id=\"333\" class=\"ninja_table_row_10 nt_row_id_333\">\n            <td>Asiento de rodamiento<\/td><td>Tubo sin soldadura P54*120 utilizado para mecanizado de precisi\u00f3n, con rodamientos de marcas nacionales (renben), superficie galvanizada<\/td>        <\/tr>\n            <tr data-row_id=\"334\" class=\"ninja_table_row_11 nt_row_id_334\">\n            <td>Freno<\/td><td>Utiliza conector (juego de dos piezas) y cintur\u00f3n antideslizante<\/td>        <\/tr>\n            <tr data-row_id=\"335\" class=\"ninja_table_row_12 nt_row_id_335\">\n            <td>Soporte<\/td><td>Bloqueado por conexi\u00f3n derecha de tornillo de ranura a juego de placa plana<\/td>        <\/tr>\n            <tr data-row_id=\"336\" class=\"ninja_table_row_13 nt_row_id_336\">\n            <td>Color<\/td><td>Azul<\/td>        <\/tr>\n    <\/tbody><!--ninja_tobody_rendering_done-->\n    <\/table>\n    \n    \n    \n<\/div>\n<\/p>\n<div class=\"xiaoshujiang_element xsj_anchor\"><a class=\"blank_anchor_name\" name=\"applications_1\"><\/a><a id=\"applications_1\" class=\"blank_anchor_id\"><\/a><a class=\"blank_anchor_name\" name=\"applications\"><\/a><a id=\"applications\" class=\"blank_anchor_id\"><\/a><\/div>\n<h2 id=\"applications_1\" class=\"xsj_heading_hash xsj_heading xsj_heading_h2\" data-source-line=\"2\" data-source-line-display=\"true\"><span class=\"xsj_heading_content\">Aplicaciones:<\/span><\/h2>\n<p class=\"xsj_paragraph xsj_paragraph_level_0\" data-source-line=\"4\" data-source-line-display=\"true\">Nuestro soporte de bobinado de alambre de tensi\u00f3n para bobinado es ampliamente utilizado en varias industrias que requieren bobinado de alambre, como la industria electr\u00f3nica, la industria automotriz, la industria de telecomunicaciones y m\u00e1s. Es ideal para bobinar alambres desnudos de cobre, esta\u00f1ados, esmaltados, plateados y de aleaci\u00f3n.<\/p>\n<div class=\"xiaoshujiang_element xsj_anchor\"><a class=\"blank_anchor_name\" name=\"faqs_2\"><\/a><a id=\"faqs_2\" class=\"blank_anchor_id\"><\/a><a class=\"blank_anchor_name\" name=\"faqs\"><\/a><a id=\"faqs\" class=\"blank_anchor_id\"><\/a><\/div>\n<h2 id=\"faqs_2\" class=\"xsj_heading_hash xsj_heading xsj_heading_h2\" data-source-line=\"6\" data-source-line-display=\"true\"><span class=\"xsj_heading_content\">Preguntas frecuentes:<\/span><\/h2>\n<div class=\"xiaoshujiang_element xsj_anchor\"><a class=\"blank_anchor_name\" name=\"120what20is20the20maximum20wire20diameter20that20can20be20used20with20the20tension20pay20off20stand_3\"><\/a><a id=\"120what20is20the20maximum20wire20diameter20that20can20be20used20with20the20tension20pay20off20stand_3\" class=\"blank_anchor_id\"><\/a><a class=\"blank_anchor_name\" name=\"1-what-is-the-maximum-wire-diameter-that-can-be-used-with-the-tension-pay-off-stand\"><\/a><a id=\"1-what-is-the-maximum-wire-diameter-that-can-be-used-with-the-tension-pay-off-stand\" class=\"blank_anchor_id\"><\/a><\/div>\n<h4 id=\"120what20is20the20maximum20wire20diameter20that20can20be20used20with20the20tension20pay20off20stand_3\" class=\"xsj_heading_hash xsj_heading xsj_heading_h4\" data-source-line=\"8\" data-source-line-display=\"true\"><span class=\"xsj_heading_content\">1. \u00bfQu\u00e9 di\u00e1metro m\u00e1ximo de alambre puede usar el soporte de compensaci\u00f3n de tensi\u00f3n?<\/span><\/h4>\n<p class=\"xsj_paragraph xsj_paragraph_level_0\" data-source-line=\"10\" data-source-line-display=\"true\">Respuesta: El soporte puede manejar di\u00e1metros de alambre de 0,3 a 0,68 mm, divididos en 1 o 2 archivos.<\/p>\n<div class=\"xiaoshujiang_element xsj_anchor\"><a class=\"blank_anchor_name\" name=\"220how20is20the20wire20tension20controlled_4\"><\/a><a id=\"220how20is20the20wire20tension20controlled_4\" class=\"blank_anchor_id\"><\/a><a class=\"blank_anchor_name\" name=\"2-how-is-the-wire-tension-controlled\"><\/a><a id=\"2-how-is-the-wire-tension-controlled\" class=\"blank_anchor_id\"><\/a><\/div>\n<h4 id=\"220how20is20the20wire20tension20controlled_4\" class=\"xsj_heading_hash xsj_heading xsj_heading_h4\" data-source-line=\"12\" data-source-line-display=\"true\"><span class=\"xsj_heading_content\">2. \u00bfC\u00f3mo se controla la tensi\u00f3n del cable?<\/span><\/h4>\n<p class=\"xsj_paragraph xsj_paragraph_level_0\" data-source-line=\"14\" data-source-line-display=\"true\">Respuesta: La tensi\u00f3n del alambre se controla ajustando el di\u00e1metro del alambre el\u00e1stico.<\/p>\n<div class=\"xiaoshujiang_element xsj_anchor\"><a class=\"blank_anchor_name\" name=\"320what20is20the20automatic20braking20mechanism_5\"><\/a><a id=\"320what20is20the20automatic20braking20mechanism_5\" class=\"blank_anchor_id\"><\/a><a class=\"blank_anchor_name\" name=\"3-what-is-the-automatic-braking-mechanism\"><\/a><a id=\"3-what-is-the-automatic-braking-mechanism\" class=\"blank_anchor_id\"><\/a><\/div>\n<h4 id=\"320what20is20the20automatic20braking20mechanism_5\" class=\"xsj_heading_hash xsj_heading xsj_heading_h4\" data-source-line=\"16\" data-source-line-display=\"true\"><span class=\"xsj_heading_content\">3. \u00bfQu\u00e9 es el mecanismo de frenado autom\u00e1tico?<\/span><\/h4>\n<p class=\"xsj_paragraph xsj_paragraph_level_0\" data-source-line=\"18\" data-source-line-display=\"true\">Respuesta: El mecanismo de frenado autom\u00e1tico usa inducci\u00f3n electrost\u00e1tica y una correa rota para un enrollado de alambre seguro y eficiente.<\/p>\n<div class=\"xiaoshujiang_element xsj_anchor\"><a class=\"blank_anchor_name\" name=\"420are20there20any20specific20color20options20available_6\"><\/a><a id=\"420are20there20any20specific20color20options20available_6\" class=\"blank_anchor_id\"><\/a><a class=\"blank_anchor_name\" name=\"4-are-there-any-specific-color-options-available\"><\/a><a id=\"4-are-there-any-specific-color-options-available\" class=\"blank_anchor_id\"><\/a><\/div>\n<h4 id=\"420are20there20any20specific20color20options20available_6\" class=\"xsj_heading_hash xsj_heading xsj_heading_h4\" data-source-line=\"20\" data-source-line-display=\"true\"><span class=\"xsj_heading_content\">4. \u00bfHay alguna opci\u00f3n de color espec\u00edfica disponible?<\/span><\/h4>\n<p class=\"xsj_paragraph xsj_paragraph_level_0\" data-source-line=\"22\" data-source-line-display=\"true\">Respuesta: Nuestro soporte de desenrollado de alambre de tensi\u00f3n para bobinado viene en azul como est\u00e1ndar, pero tambi\u00e9n podemos ofrecer opciones de personalizaci\u00f3n a pedido.<\/p>\n<div class=\"xiaoshujiang_element xsj_anchor\"><a class=\"blank_anchor_name\" name=\"520what20bearing20seat20is20used20in20the20stand_7\"><\/a><a id=\"520what20bearing20seat20is20used20in20the20stand_7\" class=\"blank_anchor_id\"><\/a><a class=\"blank_anchor_name\" name=\"5-what-bearing-seat-is-used-in-the-stand\"><\/a><a id=\"5-what-bearing-seat-is-used-in-the-stand\" class=\"blank_anchor_id\"><\/a><\/div>\n<h4 id=\"520what20bearing20seat20is20used20in20the20stand_7\" class=\"xsj_heading_hash xsj_heading xsj_heading_h4\" data-source-line=\"24\" data-source-line-display=\"true\"><span class=\"xsj_heading_content\">5. \u00bfQu\u00e9 asiento de rodamiento se usa en el soporte?<\/span><\/h4>\n<p class=\"xsj_paragraph xsj_paragraph_level_0\" data-source-line=\"26\" data-source-line-display=\"true\">Respuesta: Utilizamos tubo sin soldadura P54* 120, mecanizado preciso y rodamientos de marca nacional (Reuben) para el asiento del rodamiento, enchapado con una superficie met\u00e1lica.<\/p>","protected":false},"excerpt":{"rendered":"<h2 id=\"features_1\" class=\"xsj_heading_hash xsj_heading xsj_heading_h2\" data-source-line=\"2\" data-source-line-display=\"true\"><span class=\"xsj_heading_content\">Caracter\u00edsticas:<\/span><\/h2>\n<ol class=\"markdown_ol\" data-source-line=\"4\">\n<li data-source-line=\"4\">Puede sostener y enrollar hasta 220 carretes de alambre trenzado.<\/li>\n<li data-source-line=\"5\">Se puede personalizar de acuerdo a las necesidades y requerimientos de los clientes.<\/li>\n<li data-source-line=\"6\">El mecanismo de control de tensi\u00f3n permite un ajuste preciso de la tensi\u00f3n del alambre.<\/li>\n<li data-source-line=\"7\">El mecanismo de frenado autom\u00e1tico garantiza un bobinado de alambre seguro y eficiente.<\/li>\n<li data-source-line=\"8\">Hecho de materiales de alta calidad para mayor durabilidad y longevidad.<\/li>\n<\/ol>","protected":false},"featured_media":26298,"template":"","meta":{"site-sidebar-layout":"default","site-content-layout":"default","ast-global-header-display":"","ast-banner-title-visibility":"","ast-main-header-display":"","ast-hfb-above-header-display":"","ast-hfb-below-header-display":"","ast-hfb-mobile-header-display":"","site-post-title":"","ast-breadcrumbs-content":"","ast-featured-img":"","footer-sml-layout":"","theme-transparent-header-meta":"default","adv-header-id-meta":"","stick-header-meta":"","header-above-stick-meta":"","header-main-stick-meta":"","header-below-stick-meta":""},"product_brand":[],"product_cat":[48,131],"product_tag":[],"class_list":{"0":"post-26295","1":"product","2":"type-product","3":"status-publish","4":"has-post-thumbnail","6":"product_cat-wire-payoff-machine","7":"product_cat-tension-pay-off-rack","8":"desktop-align-left","9":"tablet-align-left","10":"mobile-align-left","12":"first","13":"instock","14":"shipping-taxable","15":"product-type-simple"},"yoast_head":"<!-- This site is optimized with the Yoast SEO Premium plugin v20.12 (Yoast SEO v26.0) - https:\/\/yoast.com\/wordpress\/plugins\/seo\/ -->\n<title>Tension Wire Pay Off Stand For Spooling - QiPang<\/title>\n<meta name=\"description\" content=\"Looking for a high-quality wire spooling solution? Check out our Wire Pay Off Stand For Spooling! Designed to hold and spool various stranded wires.\" \/>\n<meta name=\"robots\" content=\"index, follow, max-snippet:-1, max-image-preview:large, max-video-preview:-1\" \/>\n<link rel=\"canonical\" href=\"https:\/\/rollingringdrives.com\/es\/producto\/soporte-para-bobinado-de-bobinado-de-alambre-de-tension\/\" \/>\n<meta property=\"og:locale\" content=\"es_MX\" \/>\n<meta property=\"og:type\" content=\"article\" \/>\n<meta property=\"og:title\" content=\"Tension Wire Pay Off Stand For Spooling\" \/>\n<meta property=\"og:description\" content=\"Looking for a high-quality wire spooling solution? Check out our Wire Pay Off Stand For Spooling! Designed to hold and spool various stranded wires.\" \/>\n<meta property=\"og:url\" content=\"https:\/\/rollingringdrives.com\/es\/producto\/soporte-para-bobinado-de-bobinado-de-alambre-de-tension\/\" \/>\n<meta property=\"og:site_name\" content=\"QiPang\" \/>\n<meta property=\"article:modified_time\" content=\"2025-07-07T07:41:12+00:00\" \/>\n<meta property=\"og:image\" content=\"https:\/\/rollingringdrives.com\/wp-content\/uploads\/2023\/05\/1-22.jpg\" \/>\n\t<meta property=\"og:image:width\" content=\"600\" \/>\n\t<meta property=\"og:image:height\" content=\"600\" \/>\n\t<meta property=\"og:image:type\" content=\"image\/jpeg\" \/>\n<meta name=\"twitter:card\" content=\"summary_large_image\" \/>\n<meta name=\"twitter:label1\" content=\"Tiempo de lectura\" \/>\n\t<meta name=\"twitter:data1\" content=\"2 minutos\" \/>\n<script type=\"application\/ld+json\" class=\"yoast-schema-graph\">{\"@context\":\"https:\/\/schema.org\",\"@graph\":[{\"@type\":\"WebPage\",\"@id\":\"https:\/\/rollingringdrives.com\/product\/tension-wire-pay-off-stand-for-spooling\/\",\"url\":\"https:\/\/rollingringdrives.com\/product\/tension-wire-pay-off-stand-for-spooling\/\",\"name\":\"Tension Wire Pay Off Stand For Spooling - QiPang\",\"isPartOf\":{\"@id\":\"https:\/\/rollingringdrives.com\/#website\"},\"primaryImageOfPage\":{\"@id\":\"https:\/\/rollingringdrives.com\/product\/tension-wire-pay-off-stand-for-spooling\/#primaryimage\"},\"image\":{\"@id\":\"https:\/\/rollingringdrives.com\/product\/tension-wire-pay-off-stand-for-spooling\/#primaryimage\"},\"thumbnailUrl\":\"https:\/\/rollingringdrives.com\/wp-content\/uploads\/2023\/05\/1-22.jpg\",\"datePublished\":\"2023-05-23T07:16:28+00:00\",\"dateModified\":\"2025-07-07T07:41:12+00:00\",\"description\":\"Looking for a high-quality wire spooling solution? Check out our Wire Pay Off Stand For Spooling! Designed to hold and spool various stranded wires.\",\"breadcrumb\":{\"@id\":\"https:\/\/rollingringdrives.com\/product\/tension-wire-pay-off-stand-for-spooling\/#breadcrumb\"},\"inLanguage\":\"es\",\"potentialAction\":[{\"@type\":\"ReadAction\",\"target\":[\"https:\/\/rollingringdrives.com\/product\/tension-wire-pay-off-stand-for-spooling\/\"]}]},{\"@type\":\"ImageObject\",\"inLanguage\":\"es\",\"@id\":\"https:\/\/rollingringdrives.com\/product\/tension-wire-pay-off-stand-for-spooling\/#primaryimage\",\"url\":\"https:\/\/rollingringdrives.com\/wp-content\/uploads\/2023\/05\/1-22.jpg\",\"contentUrl\":\"https:\/\/rollingringdrives.com\/wp-content\/uploads\/2023\/05\/1-22.jpg\",\"width\":600,\"height\":600,\"caption\":\"Tension Wire Pay Off Stand For Spooling\"},{\"@type\":\"BreadcrumbList\",\"@id\":\"https:\/\/rollingringdrives.com\/product\/tension-wire-pay-off-stand-for-spooling\/#breadcrumb\",\"itemListElement\":[{\"@type\":\"ListItem\",\"position\":1,\"name\":\"Home\",\"item\":\"https:\/\/rollingringdrives.com\/\"},{\"@type\":\"ListItem\",\"position\":2,\"name\":\"Machines\",\"item\":\"https:\/\/rollingringdrives.com\/machines\/\"},{\"@type\":\"ListItem\",\"position\":3,\"name\":\"Tension Wire Pay Off Stand For Spooling\"}]},{\"@type\":\"WebSite\",\"@id\":\"https:\/\/rollingringdrives.com\/#website\",\"url\":\"https:\/\/rollingringdrives.com\/\",\"name\":\"QiPang\",\"description\":\"QiPang Blog\",\"publisher\":{\"@id\":\"https:\/\/rollingringdrives.com\/#organization\"},\"potentialAction\":[{\"@type\":\"SearchAction\",\"target\":{\"@type\":\"EntryPoint\",\"urlTemplate\":\"https:\/\/rollingringdrives.com\/?s={search_term_string}\"},\"query-input\":{\"@type\":\"PropertyValueSpecification\",\"valueRequired\":true,\"valueName\":\"search_term_string\"}}],\"inLanguage\":\"es\"},{\"@type\":\"Organization\",\"@id\":\"https:\/\/rollingringdrives.com\/#organization\",\"name\":\"QiPang\",\"url\":\"https:\/\/rollingringdrives.com\/\",\"logo\":{\"@type\":\"ImageObject\",\"inLanguage\":\"es\",\"@id\":\"https:\/\/rollingringdrives.com\/#\/schema\/logo\/image\/\",\"url\":\"https:\/\/rollingringdrives.com\/wp-content\/uploads\/2023\/05\/cropped-\u672a\u547d\u540d\u7684\u8bbe\u8ba1.png\",\"contentUrl\":\"https:\/\/rollingringdrives.com\/wp-content\/uploads\/2023\/05\/cropped-\u672a\u547d\u540d\u7684\u8bbe\u8ba1.png\",\"width\":300,\"height\":191,\"caption\":\"QiPang\"},\"image\":{\"@id\":\"https:\/\/rollingringdrives.com\/#\/schema\/logo\/image\/\"}}]}<\/script>\n<!-- \/ Yoast SEO Premium plugin. -->","yoast_head_json":{"title":"Soporte de bobinado de alambre de tensi\u00f3n para bobinado - QiPang","description":"\u00bfBusca una soluci\u00f3n de bobinado de alambre de alta calidad? \u00a1Echa un vistazo a nuestro soporte de desenrollado de alambre para bobinado! Dise\u00f1ado para sostener y enrollar varios cables trenzados.","robots":{"index":"index","follow":"follow","max-snippet":"max-snippet:-1","max-image-preview":"max-image-preview:large","max-video-preview":"max-video-preview:-1"},"canonical":"https:\/\/rollingringdrives.com\/es\/producto\/soporte-para-bobinado-de-bobinado-de-alambre-de-tension\/","og_locale":"es_MX","og_type":"article","og_title":"Tension Wire Pay Off Stand For Spooling","og_description":"Looking for a high-quality wire spooling solution? Check out our Wire Pay Off Stand For Spooling! Designed to hold and spool various stranded wires.","og_url":"https:\/\/rollingringdrives.com\/es\/producto\/soporte-para-bobinado-de-bobinado-de-alambre-de-tension\/","og_site_name":"QiPang","article_modified_time":"2025-07-07T07:41:12+00:00","og_image":[{"width":600,"height":600,"url":"https:\/\/rollingringdrives.com\/wp-content\/uploads\/2023\/05\/1-22.jpg","type":"image\/jpeg"}],"twitter_card":"summary_large_image","twitter_misc":{"Tiempo de lectura":"2 minutos"},"schema":{"@context":"https:\/\/schema.org","@graph":[{"@type":"WebPage","@id":"https:\/\/rollingringdrives.com\/product\/tension-wire-pay-off-stand-for-spooling\/","url":"https:\/\/rollingringdrives.com\/product\/tension-wire-pay-off-stand-for-spooling\/","name":"Soporte de bobinado de alambre de tensi\u00f3n para bobinado - QiPang","isPartOf":{"@id":"https:\/\/rollingringdrives.com\/#website"},"primaryImageOfPage":{"@id":"https:\/\/rollingringdrives.com\/product\/tension-wire-pay-off-stand-for-spooling\/#primaryimage"},"image":{"@id":"https:\/\/rollingringdrives.com\/product\/tension-wire-pay-off-stand-for-spooling\/#primaryimage"},"thumbnailUrl":"https:\/\/rollingringdrives.com\/wp-content\/uploads\/2023\/05\/1-22.jpg","datePublished":"2023-05-23T07:16:28+00:00","dateModified":"2025-07-07T07:41:12+00:00","description":"\u00bfBusca una soluci\u00f3n de bobinado de alambre de alta calidad? \u00a1Echa un vistazo a nuestro soporte de desenrollado de alambre para bobinado! Dise\u00f1ado para sostener y enrollar varios cables trenzados.","breadcrumb":{"@id":"https:\/\/rollingringdrives.com\/product\/tension-wire-pay-off-stand-for-spooling\/#breadcrumb"},"inLanguage":"es","potentialAction":[{"@type":"ReadAction","target":["https:\/\/rollingringdrives.com\/product\/tension-wire-pay-off-stand-for-spooling\/"]}]},{"@type":"ImageObject","inLanguage":"es","@id":"https:\/\/rollingringdrives.com\/product\/tension-wire-pay-off-stand-for-spooling\/#primaryimage","url":"https:\/\/rollingringdrives.com\/wp-content\/uploads\/2023\/05\/1-22.jpg","contentUrl":"https:\/\/rollingringdrives.com\/wp-content\/uploads\/2023\/05\/1-22.jpg","width":600,"height":600,"caption":"Tension Wire Pay Off Stand For Spooling"},{"@type":"BreadcrumbList","@id":"https:\/\/rollingringdrives.com\/product\/tension-wire-pay-off-stand-for-spooling\/#breadcrumb","itemListElement":[{"@type":"ListItem","position":1,"name":"Home","item":"https:\/\/rollingringdrives.com\/"},{"@type":"ListItem","position":2,"name":"Machines","item":"https:\/\/rollingringdrives.com\/machines\/"},{"@type":"ListItem","position":3,"name":"Tension Wire Pay Off Stand For Spooling"}]},{"@type":"WebSite","@id":"https:\/\/rollingringdrives.com\/#website","url":"https:\/\/rollingringdrives.com\/","name":"Qi Pang","description":"Blog QiPang","publisher":{"@id":"https:\/\/rollingringdrives.com\/#organization"},"potentialAction":[{"@type":"SearchAction","target":{"@type":"EntryPoint","urlTemplate":"https:\/\/rollingringdrives.com\/?s={search_term_string}"},"query-input":{"@type":"PropertyValueSpecification","valueRequired":true,"valueName":"search_term_string"}}],"inLanguage":"es"},{"@type":"Organization","@id":"https:\/\/rollingringdrives.com\/#organization","name":"Qi Pang","url":"https:\/\/rollingringdrives.com\/","logo":{"@type":"ImageObject","inLanguage":"es","@id":"https:\/\/rollingringdrives.com\/#\/schema\/logo\/image\/","url":"https:\/\/rollingringdrives.com\/wp-content\/uploads\/2023\/05\/cropped-\u672a\u547d\u540d\u7684\u8bbe\u8ba1.png","contentUrl":"https:\/\/rollingringdrives.com\/wp-content\/uploads\/2023\/05\/cropped-\u672a\u547d\u540d\u7684\u8bbe\u8ba1.png","width":300,"height":191,"caption":"QiPang"},"image":{"@id":"https:\/\/rollingringdrives.com\/#\/schema\/logo\/image\/"}}]}},"_links":{"self":[{"href":"https:\/\/rollingringdrives.com\/es\/wp-json\/wp\/v2\/product\/26295","targetHints":{"allow":["GET"]}}],"collection":[{"href":"https:\/\/rollingringdrives.com\/es\/wp-json\/wp\/v2\/product"}],"about":[{"href":"https:\/\/rollingringdrives.com\/es\/wp-json\/wp\/v2\/types\/product"}],"version-history":[{"count":0,"href":"https:\/\/rollingringdrives.com\/es\/wp-json\/wp\/v2\/product\/26295\/revisions"}],"wp:featuredmedia":[{"embeddable":true,"href":"https:\/\/rollingringdrives.com\/es\/wp-json\/wp\/v2\/media\/26298"}],"wp:attachment":[{"href":"https:\/\/rollingringdrives.com\/es\/wp-json\/wp\/v2\/media?parent=26295"}],"wp:term":[{"taxonomy":"product_brand","embeddable":true,"href":"https:\/\/rollingringdrives.com\/es\/wp-json\/wp\/v2\/product_brand?post=26295"},{"taxonomy":"product_cat","embeddable":true,"href":"https:\/\/rollingringdrives.com\/es\/wp-json\/wp\/v2\/product_cat?post=26295"},{"taxonomy":"product_tag","embeddable":true,"href":"https:\/\/rollingringdrives.com\/es\/wp-json\/wp\/v2\/product_tag?post=26295"}],"curies":[{"name":"wp","href":"https:\/\/api.w.org\/{rel}","templated":true}]}}