{"id":26309,"date":"2023-05-24T01:11:47","date_gmt":"2023-05-24T01:11:47","guid":{"rendered":"https:\/\/rollingringdrives.com\/?post_type=product&#038;p=26309"},"modified":"2025-07-07T07:40:52","modified_gmt":"2025-07-07T07:40:52","slug":"630mm-shaftless-magnetic-powder-wire-payoff-stand","status":"publish","type":"product","link":"https:\/\/rollingringdrives.com\/es\/producto\/630mm-sin-eje-polvo-magnetico-alambre-devanador-soporte\/","title":{"rendered":"Soporte de pago de alambre de polvo magn\u00e9tico sin eje de \u03a6630 mm"},"content":{"rendered":"<p class=\"xsj_paragraph xsj_paragraph_level_0\" data-source-line=\"0\" data-source-line-display=\"true\">El\u00a0<strong class=\"markdown_strong_asterisk\">Polvo magn\u00e9tico sin eje de \u03a6630 mm, soporte de pago de alambre,<\/strong> es un equipo de primera l\u00ednea dise\u00f1ado para satisfacer las demandas de la fabricaci\u00f3n de alambres y cables. Este dispositivo utiliza tecnolog\u00eda de control de polvo magn\u00e9tico, lo que permite un control de tensi\u00f3n preciso y estable durante el pago. Tiene una capacidad de carga m\u00e1xima de 500 kg y su modo de mandril es un cilindro de sujeci\u00f3n manual para una sujeci\u00f3n segura. Adem\u00e1s, cuenta con un dise\u00f1o tipo voladizo sin eje que permite una carga y descarga de alambre f\u00e1cil y r\u00e1pida.<\/p>\n<p data-source-line=\"0\" data-source-line-display=\"true\"><div id=\"footable_parent_26311\"\n         class=\"footable_parent ninja_table_wrapper loading_ninja_table wp_table_data_press_parent semantic_ui\">\n                <table data-ninja_table_instance=\"ninja_table_instance_0\" data-footable_id=\"26311\" data-filter-delay=\"1000\" aria-label=\"9\u65b0\u5efa XL2dSX \u5de5\u4f5c\u8868 (2).csv\"            id=\"footable_26311\"\n           data-unique_identifier=\"ninja_table_unique_id_1191932603_26311\"\n           class=\"foo-table ninja_footable foo_table_26311 ninja_table_unique_id_1191932603_26311 ui table  nt_type_legacy_table selectable striped vertical_centered  footable-paging-right ninja_table_search_disabled ninja_table_pro\">\n                <colgroup>\n                            <col class=\"ninja_column_0\">\n                            <col class=\"ninja_column_1\">\n                    <\/colgroup>\n        <thead>\n<tr class=\"footable-header\">\n                                        <th scope=\"col\"  class=\"ninja_column_0 ninja_clmn_nm_parameter\">Par\u00e1metro<\/th><th scope=\"col\"  class=\"ninja_column_1 ninja_clmn_nm_value\">Valor<\/th><\/tr>\n<\/thead>\n<tbody>\n\n        <tr data-row_id=\"337\" class=\"ninja_table_row_0 nt_row_id_337\">\n            <td>Di\u00e1metro de carrete desenrollador aplicable<\/td><td>400-630 mm<\/td>        <\/tr>\n            <tr data-row_id=\"338\" class=\"ninja_table_row_1 nt_row_id_338\">\n            <td>Control de tensi\u00f3n<\/td><td>Control de polvo magn\u00e9tico (polvo magn\u00e9tico de 5 kg)<\/td>        <\/tr>\n            <tr data-row_id=\"339\" class=\"ninja_table_row_2 nt_row_id_339\">\n            <td>M\u00e9todo de la placa de elevaci\u00f3n<\/td><td>Elevaci\u00f3n de motores<\/td>        <\/tr>\n            <tr data-row_id=\"340\" class=\"ninja_table_row_3 nt_row_id_340\">\n            <td>Modo de mandril<\/td><td>Sujeci\u00f3n manual del cilindro de sujeci\u00f3n<\/td>        <\/tr>\n            <tr data-row_id=\"341\" class=\"ninja_table_row_4 nt_row_id_341\">\n            <td>tipo de pago<\/td><td>Tipo voladizo sin eje<\/td>        <\/tr>\n            <tr data-row_id=\"342\" class=\"ninja_table_row_5 nt_row_id_342\">\n            <td>motor de elevaci\u00f3n<\/td><td>1.5KW con reductor RV<\/td>        <\/tr>\n            <tr data-row_id=\"343\" class=\"ninja_table_row_6 nt_row_id_343\">\n            <td>M\u00e9todo de fijaci\u00f3n<\/td><td>Fijaci\u00f3n con tornillo de expansi\u00f3n<\/td>        <\/tr>\n            <tr data-row_id=\"344\" class=\"ninja_table_row_7 nt_row_id_344\">\n            <td>Freno<\/td><td>Freno de polvo magn\u00e9tico de 10 kg<\/td>        <\/tr>\n            <tr data-row_id=\"345\" class=\"ninja_table_row_8 nt_row_id_345\">\n            <td>Capacidad m\u00e1xima de carga<\/td><td>500 kg<\/td>        <\/tr>\n    <\/tbody><!--ninja_tobody_rendering_done-->\n    <\/table>\n    \n    \n    \n<\/div>\n<\/p>\n<div class=\"xiaoshujiang_element xsj_anchor\"><a class=\"blank_anchor_name\" name=\"applications_1\"><\/a><a id=\"applications_1\" class=\"blank_anchor_id\"><\/a><a class=\"blank_anchor_name\" name=\"applications\"><\/a><a id=\"applications\" class=\"blank_anchor_id\"><\/a><\/div>\n<h2 id=\"applications_1\" class=\"xsj_heading_hash xsj_heading xsj_heading_h2\" data-source-line=\"2\" data-source-line-display=\"true\"><span class=\"xsj_heading_content\">Aplicaciones:<\/span><\/h2>\n<p class=\"xsj_paragraph xsj_paragraph_level_0\" data-source-line=\"4\" data-source-line-display=\"true\">El \u03a6630 Shaftless Magnetic Powder, Wire Payoff Stand, es vers\u00e1til para la fabricaci\u00f3n y el procesamiento de alambres y cables. Es perfecto para una amplia gama de aplicaciones, incluyendo:<\/p>\n<ol class=\"markdown_ol\" data-source-line=\"6\">\n<li data-source-line=\"6\">Extrusi\u00f3n de cables.<\/li>\n<li data-source-line=\"7\">Dibujo de alambre.<\/li>\n<li data-source-line=\"8\">Torsi\u00f3n y trenzado de alambres.<\/li>\n<li data-source-line=\"9\">Montaje de cable.<\/li>\n<li data-source-line=\"10\">Fabricaci\u00f3n de componentes electr\u00f3nicos.<\/li>\n<li data-source-line=\"11\">Producci\u00f3n de arneses de cableado automotriz.<\/li>\n<li data-source-line=\"12\">Transmisi\u00f3n y distribuci\u00f3n de energ\u00eda el\u00e9ctrica.<\/li>\n<\/ol>\n<div class=\"xiaoshujiang_element xsj_anchor\"><a class=\"blank_anchor_name\" name=\"faqs_2\"><\/a><a id=\"faqs_2\" class=\"blank_anchor_id\"><\/a><a class=\"blank_anchor_name\" name=\"faqs\"><\/a><a id=\"faqs\" class=\"blank_anchor_id\"><\/a><\/div>\n<h2 id=\"faqs_2\" class=\"xsj_heading_hash xsj_heading xsj_heading_h2\" data-source-line=\"14\" data-source-line-display=\"true\"><span class=\"xsj_heading_content\">Preguntas frecuentes:<\/span><\/h2>\n<div class=\"xiaoshujiang_element xsj_anchor\"><a class=\"blank_anchor_name\" name=\"120what20is20magnetic20powder20control20and20how20does20it20work_3\"><\/a><a id=\"120what20is20magnetic20powder20control20and20how20does20it20work_3\" class=\"blank_anchor_id\"><\/a><a class=\"blank_anchor_name\" name=\"1-what-is-magnetic-powder-control-and-how-does-it-work\"><\/a><a id=\"1-what-is-magnetic-powder-control-and-how-does-it-work\" class=\"blank_anchor_id\"><\/a><\/div>\n<h4 id=\"120what20is20magnetic20powder20control20and20how20does20it20work_3\" class=\"xsj_heading_hash xsj_heading xsj_heading_h4\" data-source-line=\"16\" data-source-line-display=\"true\"><span class=\"xsj_heading_content\">1. \u00bfQu\u00e9 es el control de polvo magn\u00e9tico y c\u00f3mo funciona?<\/span><\/h4>\n<p class=\"xsj_paragraph xsj_paragraph_level_0\" data-source-line=\"18\" data-source-line-display=\"true\">R: El control de polvo magn\u00e9tico es una tecnolog\u00eda que utiliza polvo magn\u00e9tico para aplicar tensi\u00f3n al alambre durante el proceso de pago. Funciona ajustando el campo magn\u00e9tico para controlar la fricci\u00f3n entre las part\u00edculas de polvo magn\u00e9tico, regulando as\u00ed la presi\u00f3n sobre el cable.<\/p>\n<div class=\"xiaoshujiang_element xsj_anchor\"><a class=\"blank_anchor_name\" name=\"220what20is20the20maximum20load20capacity20of20the20cea663020shaftless20magnetic20powder20wire20payoff20stand_4\"><\/a><a id=\"220what20is20the20maximum20load20capacity20of20the20cea663020shaftless20magnetic20powder20wire20payoff20stand_4\" class=\"blank_anchor_id\"><\/a><a class=\"blank_anchor_name\" name=\"2-what-is-the-maximum-load-capacity-of-the-\u03c6630-shaftless-magnetic-powder-wire-payoff-stand\"><\/a><a id=\"2-what-is-the-maximum-load-capacity-of-the-\u03c6630-shaftless-magnetic-powder-wire-payoff-stand\" class=\"blank_anchor_id\"><\/a><\/div>\n<h4 id=\"220what20is20the20maximum20load20capacity20of20the20cea663020shaftless20magnetic20powder20wire20payoff20stand_4\" class=\"xsj_heading_hash xsj_heading xsj_heading_h4\" data-source-line=\"20\" data-source-line-display=\"true\"><span class=\"xsj_heading_content\">2. \u00bfCu\u00e1l es la capacidad de carga m\u00e1xima del soporte de desenrollado de alambre de polvo magn\u00e9tico sin eje \u03a6630?<\/span><\/h4>\n<p class=\"xsj_paragraph xsj_paragraph_level_0\" data-source-line=\"22\" data-source-line-display=\"true\">R: La capacidad de carga m\u00e1xima es de 500 kg.<\/p>\n<div class=\"xiaoshujiang_element xsj_anchor\"><a class=\"blank_anchor_name\" name=\"320what20is20the20chuck20mode20of20the20cea663020shaftless20magnetic20powder20wire20payoff20stand_5\"><\/a><a id=\"320what20is20the20chuck20mode20of20the20cea663020shaftless20magnetic20powder20wire20payoff20stand_5\" class=\"blank_anchor_id\"><\/a><a class=\"blank_anchor_name\" name=\"3-what-is-the-chuck-mode-of-the-\u03c6630-shaftless-magnetic-powder-wire-payoff-stand\"><\/a><a id=\"3-what-is-the-chuck-mode-of-the-\u03c6630-shaftless-magnetic-powder-wire-payoff-stand\" class=\"blank_anchor_id\"><\/a><\/div>\n<h4 id=\"320what20is20the20chuck20mode20of20the20cea663020shaftless20magnetic20powder20wire20payoff20stand_5\" class=\"xsj_heading_hash xsj_heading xsj_heading_h4\" data-source-line=\"24\" data-source-line-display=\"true\"><span class=\"xsj_heading_content\">3. \u00bfCu\u00e1l es el modo de mandril del soporte de desenrollado de alambre de polvo magn\u00e9tico sin eje \u03a6630?<\/span><\/h4>\n<p class=\"xsj_paragraph xsj_paragraph_level_0\" data-source-line=\"26\" data-source-line-display=\"true\">R: El modo de mandril es un cilindro de sujeci\u00f3n manual que sujeta para una sujeci\u00f3n segura.<\/p>\n<div class=\"xiaoshujiang_element xsj_anchor\"><a class=\"blank_anchor_name\" name=\"420what20is20the20lifting20plate20method20of20the20cea663020shaftless20magnetic20powder20wire20payoff20stand_6\"><\/a><a id=\"420what20is20the20lifting20plate20method20of20the20cea663020shaftless20magnetic20powder20wire20payoff20stand_6\" class=\"blank_anchor_id\"><\/a><a class=\"blank_anchor_name\" name=\"4-what-is-the-lifting-plate-method-of-the-\u03c6630-shaftless-magnetic-powder-wire-payoff-stand\"><\/a><a id=\"4-what-is-the-lifting-plate-method-of-the-\u03c6630-shaftless-magnetic-powder-wire-payoff-stand\" class=\"blank_anchor_id\"><\/a><\/div>\n<h4 id=\"420what20is20the20lifting20plate20method20of20the20cea663020shaftless20magnetic20powder20wire20payoff20stand_6\" class=\"xsj_heading_hash xsj_heading xsj_heading_h4\" data-source-line=\"28\" data-source-line-display=\"true\"><span class=\"xsj_heading_content\">4. \u00bfCu\u00e1l es el m\u00e9todo de la placa de elevaci\u00f3n del soporte de desenrollado de alambre de polvo magn\u00e9tico sin eje \u03a6630?<\/span><\/h4>\n<p class=\"xsj_paragraph xsj_paragraph_level_0\" data-source-line=\"30\" data-source-line-display=\"true\">R: El m\u00e9todo de la placa de elevaci\u00f3n es un mecanismo de elevaci\u00f3n del motor que permite ajustar la altura y la inclinaci\u00f3n.<\/p>\n<div class=\"xiaoshujiang_element xsj_anchor\"><a class=\"blank_anchor_name\" name=\"520what20is20the20brake20system20of20the20cea663020shaftless20magnetic20powder20wire20payoff20stand_7\"><\/a><a id=\"520what20is20the20brake20system20of20the20cea663020shaftless20magnetic20powder20wire20payoff20stand_7\" class=\"blank_anchor_id\"><\/a><a class=\"blank_anchor_name\" name=\"5-what-is-the-brake-system-of-the-\u03c6630-shaftless-magnetic-powder-wire-payoff-stand\"><\/a><a id=\"5-what-is-the-brake-system-of-the-\u03c6630-shaftless-magnetic-powder-wire-payoff-stand\" class=\"blank_anchor_id\"><\/a><\/div>\n<h4 id=\"520what20is20the20brake20system20of20the20cea663020shaftless20magnetic20powder20wire20payoff20stand_7\" class=\"xsj_heading_hash xsj_heading xsj_heading_h4\" data-source-line=\"32\" data-source-line-display=\"true\"><span class=\"xsj_heading_content\">5. \u00bfCu\u00e1l es el sistema de frenos del soporte de desenrollado de alambre de polvo magn\u00e9tico sin eje \u03a6630?<\/span><\/h4>\n<p class=\"xsj_paragraph xsj_paragraph_level_0\" data-source-line=\"34\" data-source-line-display=\"true\">R: El sistema de freno de polvo magn\u00e9tico de 10 kg garantiza un frenado de alambre estable y preciso durante el pago.<\/p>","protected":false},"excerpt":{"rendered":"<h2 id=\"features_1\" class=\"xsj_heading_hash xsj_heading xsj_heading_h2\" data-source-line=\"2\" data-source-line-display=\"true\"><span class=\"xsj_heading_content\">Caracter\u00edsticas:<\/span><\/h2>\n<ol class=\"markdown_ol\" data-source-line=\"4\">\n<li data-source-line=\"4\">Tecnolog\u00eda de control de polvo magn\u00e9tico para un control de tensi\u00f3n preciso y estable.<\/li>\n<li data-source-line=\"5\">Capacidad de carga m\u00e1xima de 500 kg.<\/li>\n<li data-source-line=\"6\">Cilindro de sujeci\u00f3n manual para una sujeci\u00f3n segura.<\/li>\n<li data-source-line=\"7\">Dise\u00f1o de tipo voladizo sin eje para una carga y descarga de alambre f\u00e1cil y r\u00e1pida.<\/li>\n<li data-source-line=\"8\">M\u00e9todo de la placa de elevaci\u00f3n del motor.<\/li>\n<li data-source-line=\"9\">Fijaci\u00f3n con tornillo de expansi\u00f3n para mayor estabilidad y durabilidad.<\/li>\n<li data-source-line=\"10\">Freno de polvo magn\u00e9tico de 10 kg para sistema de frenado.<\/li>\n<li data-source-line=\"11\">Altura de elevaci\u00f3n e inclinaci\u00f3n regulables.<\/li>\n<\/ol>","protected":false},"featured_media":26313,"template":"","meta":{"site-sidebar-layout":"default","site-content-layout":"default","ast-global-header-display":"","ast-banner-title-visibility":"","ast-main-header-display":"","ast-hfb-above-header-display":"","ast-hfb-below-header-display":"","ast-hfb-mobile-header-display":"","site-post-title":"","ast-breadcrumbs-content":"","ast-featured-img":"","footer-sml-layout":"","theme-transparent-header-meta":"default","adv-header-id-meta":"","stick-header-meta":"","header-above-stick-meta":"","header-main-stick-meta":"","header-below-stick-meta":""},"product_brand":[],"product_cat":[48,132],"product_tag":[],"class_list":{"0":"post-26309","1":"product","2":"type-product","3":"status-publish","4":"has-post-thumbnail","6":"product_cat-wire-payoff-machine","7":"product_cat-shaftless-passive-pay-off-machine","8":"desktop-align-left","9":"tablet-align-left","10":"mobile-align-left","12":"first","13":"instock","14":"shipping-taxable","15":"product-type-simple"},"yoast_head":"<!-- This site is optimized with the Yoast SEO Premium plugin v20.12 (Yoast SEO v26.0) - https:\/\/yoast.com\/wordpress\/plugins\/seo\/ -->\n<title>\u03a6630mm Shaftless Magnetic Powder Wire Payoff Stand - QiPang<\/title>\n<meta name=\"description\" content=\"Achieve precise wire payoff control with the \u03a6630mm Shaftless Magnetic Powder Wire Payoff Stand. Boost your cable manufacturing processes today!\" \/>\n<meta name=\"robots\" content=\"index, follow, max-snippet:-1, max-image-preview:large, max-video-preview:-1\" \/>\n<link rel=\"canonical\" href=\"https:\/\/rollingringdrives.com\/es\/producto\/630mm-sin-eje-polvo-magnetico-alambre-devanador-soporte\/\" \/>\n<meta property=\"og:locale\" content=\"es_MX\" \/>\n<meta property=\"og:type\" content=\"article\" \/>\n<meta property=\"og:title\" content=\"\u03a6630mm Shaftless Magnetic Powder Wire Payoff Stand\" \/>\n<meta property=\"og:description\" content=\"Achieve precise wire payoff control with the \u03a6630mm Shaftless Magnetic Powder Wire Payoff Stand. Boost your cable manufacturing processes today!\" \/>\n<meta property=\"og:url\" content=\"https:\/\/rollingringdrives.com\/es\/producto\/630mm-sin-eje-polvo-magnetico-alambre-devanador-soporte\/\" \/>\n<meta property=\"og:site_name\" content=\"QiPang\" \/>\n<meta property=\"article:modified_time\" content=\"2025-07-07T07:40:52+00:00\" \/>\n<meta property=\"og:image\" content=\"https:\/\/rollingringdrives.com\/wp-content\/uploads\/2023\/05\/2-26.jpg\" \/>\n\t<meta property=\"og:image:width\" content=\"600\" \/>\n\t<meta property=\"og:image:height\" content=\"600\" \/>\n\t<meta property=\"og:image:type\" content=\"image\/jpeg\" \/>\n<meta name=\"twitter:card\" content=\"summary_large_image\" \/>\n<meta name=\"twitter:label1\" content=\"Tiempo de lectura\" \/>\n\t<meta name=\"twitter:data1\" content=\"2 minutos\" \/>\n<script type=\"application\/ld+json\" class=\"yoast-schema-graph\">{\"@context\":\"https:\/\/schema.org\",\"@graph\":[{\"@type\":\"WebPage\",\"@id\":\"https:\/\/rollingringdrives.com\/product\/630mm-shaftless-magnetic-powder-wire-payoff-stand\/\",\"url\":\"https:\/\/rollingringdrives.com\/product\/630mm-shaftless-magnetic-powder-wire-payoff-stand\/\",\"name\":\"\u03a6630mm Shaftless Magnetic Powder Wire Payoff Stand - QiPang\",\"isPartOf\":{\"@id\":\"https:\/\/rollingringdrives.com\/#website\"},\"primaryImageOfPage\":{\"@id\":\"https:\/\/rollingringdrives.com\/product\/630mm-shaftless-magnetic-powder-wire-payoff-stand\/#primaryimage\"},\"image\":{\"@id\":\"https:\/\/rollingringdrives.com\/product\/630mm-shaftless-magnetic-powder-wire-payoff-stand\/#primaryimage\"},\"thumbnailUrl\":\"https:\/\/rollingringdrives.com\/wp-content\/uploads\/2023\/05\/2-26.jpg\",\"datePublished\":\"2023-05-24T01:11:47+00:00\",\"dateModified\":\"2025-07-07T07:40:52+00:00\",\"description\":\"Achieve precise wire payoff control with the \u03a6630mm Shaftless Magnetic Powder Wire Payoff Stand. Boost your cable manufacturing processes today!\",\"breadcrumb\":{\"@id\":\"https:\/\/rollingringdrives.com\/product\/630mm-shaftless-magnetic-powder-wire-payoff-stand\/#breadcrumb\"},\"inLanguage\":\"es\",\"potentialAction\":[{\"@type\":\"ReadAction\",\"target\":[\"https:\/\/rollingringdrives.com\/product\/630mm-shaftless-magnetic-powder-wire-payoff-stand\/\"]}]},{\"@type\":\"ImageObject\",\"inLanguage\":\"es\",\"@id\":\"https:\/\/rollingringdrives.com\/product\/630mm-shaftless-magnetic-powder-wire-payoff-stand\/#primaryimage\",\"url\":\"https:\/\/rollingringdrives.com\/wp-content\/uploads\/2023\/05\/2-26.jpg\",\"contentUrl\":\"https:\/\/rollingringdrives.com\/wp-content\/uploads\/2023\/05\/2-26.jpg\",\"width\":600,\"height\":600,\"caption\":\"\u03a6630 Shaftless Magnetic Powder Wire Payoff Stand\"},{\"@type\":\"BreadcrumbList\",\"@id\":\"https:\/\/rollingringdrives.com\/product\/630mm-shaftless-magnetic-powder-wire-payoff-stand\/#breadcrumb\",\"itemListElement\":[{\"@type\":\"ListItem\",\"position\":1,\"name\":\"Home\",\"item\":\"https:\/\/rollingringdrives.com\/\"},{\"@type\":\"ListItem\",\"position\":2,\"name\":\"Machines\",\"item\":\"https:\/\/rollingringdrives.com\/machines\/\"},{\"@type\":\"ListItem\",\"position\":3,\"name\":\"\u03a6630mm Shaftless Magnetic Powder Wire Payoff Stand\"}]},{\"@type\":\"WebSite\",\"@id\":\"https:\/\/rollingringdrives.com\/#website\",\"url\":\"https:\/\/rollingringdrives.com\/\",\"name\":\"QiPang\",\"description\":\"QiPang Blog\",\"publisher\":{\"@id\":\"https:\/\/rollingringdrives.com\/#organization\"},\"potentialAction\":[{\"@type\":\"SearchAction\",\"target\":{\"@type\":\"EntryPoint\",\"urlTemplate\":\"https:\/\/rollingringdrives.com\/?s={search_term_string}\"},\"query-input\":{\"@type\":\"PropertyValueSpecification\",\"valueRequired\":true,\"valueName\":\"search_term_string\"}}],\"inLanguage\":\"es\"},{\"@type\":\"Organization\",\"@id\":\"https:\/\/rollingringdrives.com\/#organization\",\"name\":\"QiPang\",\"url\":\"https:\/\/rollingringdrives.com\/\",\"logo\":{\"@type\":\"ImageObject\",\"inLanguage\":\"es\",\"@id\":\"https:\/\/rollingringdrives.com\/#\/schema\/logo\/image\/\",\"url\":\"https:\/\/rollingringdrives.com\/wp-content\/uploads\/2023\/05\/cropped-\u672a\u547d\u540d\u7684\u8bbe\u8ba1.png\",\"contentUrl\":\"https:\/\/rollingringdrives.com\/wp-content\/uploads\/2023\/05\/cropped-\u672a\u547d\u540d\u7684\u8bbe\u8ba1.png\",\"width\":300,\"height\":191,\"caption\":\"QiPang\"},\"image\":{\"@id\":\"https:\/\/rollingringdrives.com\/#\/schema\/logo\/image\/\"}}]}<\/script>\n<!-- \/ Yoast SEO Premium plugin. -->","yoast_head_json":{"title":"Soporte de desenrollado de alambre de polvo magn\u00e9tico sin eje de \u03a6630 mm - QiPang","description":"Logre un control preciso del desenrollado de alambre con el soporte de desenrollado de alambre de polvo magn\u00e9tico sin eje de \u03a6630 mm. \u00a1Impulse sus procesos de fabricaci\u00f3n de cables hoy mismo!","robots":{"index":"index","follow":"follow","max-snippet":"max-snippet:-1","max-image-preview":"max-image-preview:large","max-video-preview":"max-video-preview:-1"},"canonical":"https:\/\/rollingringdrives.com\/es\/producto\/630mm-sin-eje-polvo-magnetico-alambre-devanador-soporte\/","og_locale":"es_MX","og_type":"article","og_title":"\u03a6630mm Shaftless Magnetic Powder Wire Payoff Stand","og_description":"Achieve precise wire payoff control with the \u03a6630mm Shaftless Magnetic Powder Wire Payoff Stand. Boost your cable manufacturing processes today!","og_url":"https:\/\/rollingringdrives.com\/es\/producto\/630mm-sin-eje-polvo-magnetico-alambre-devanador-soporte\/","og_site_name":"QiPang","article_modified_time":"2025-07-07T07:40:52+00:00","og_image":[{"width":600,"height":600,"url":"https:\/\/rollingringdrives.com\/wp-content\/uploads\/2023\/05\/2-26.jpg","type":"image\/jpeg"}],"twitter_card":"summary_large_image","twitter_misc":{"Tiempo de lectura":"2 minutos"},"schema":{"@context":"https:\/\/schema.org","@graph":[{"@type":"WebPage","@id":"https:\/\/rollingringdrives.com\/product\/630mm-shaftless-magnetic-powder-wire-payoff-stand\/","url":"https:\/\/rollingringdrives.com\/product\/630mm-shaftless-magnetic-powder-wire-payoff-stand\/","name":"Soporte de desenrollado de alambre de polvo magn\u00e9tico sin eje de \u03a6630 mm - QiPang","isPartOf":{"@id":"https:\/\/rollingringdrives.com\/#website"},"primaryImageOfPage":{"@id":"https:\/\/rollingringdrives.com\/product\/630mm-shaftless-magnetic-powder-wire-payoff-stand\/#primaryimage"},"image":{"@id":"https:\/\/rollingringdrives.com\/product\/630mm-shaftless-magnetic-powder-wire-payoff-stand\/#primaryimage"},"thumbnailUrl":"https:\/\/rollingringdrives.com\/wp-content\/uploads\/2023\/05\/2-26.jpg","datePublished":"2023-05-24T01:11:47+00:00","dateModified":"2025-07-07T07:40:52+00:00","description":"Logre un control preciso del desenrollado de alambre con el soporte de desenrollado de alambre de polvo magn\u00e9tico sin eje de \u03a6630 mm. \u00a1Impulse sus procesos de fabricaci\u00f3n de cables hoy mismo!","breadcrumb":{"@id":"https:\/\/rollingringdrives.com\/product\/630mm-shaftless-magnetic-powder-wire-payoff-stand\/#breadcrumb"},"inLanguage":"es","potentialAction":[{"@type":"ReadAction","target":["https:\/\/rollingringdrives.com\/product\/630mm-shaftless-magnetic-powder-wire-payoff-stand\/"]}]},{"@type":"ImageObject","inLanguage":"es","@id":"https:\/\/rollingringdrives.com\/product\/630mm-shaftless-magnetic-powder-wire-payoff-stand\/#primaryimage","url":"https:\/\/rollingringdrives.com\/wp-content\/uploads\/2023\/05\/2-26.jpg","contentUrl":"https:\/\/rollingringdrives.com\/wp-content\/uploads\/2023\/05\/2-26.jpg","width":600,"height":600,"caption":"\u03a6630 Shaftless Magnetic Powder Wire Payoff Stand"},{"@type":"BreadcrumbList","@id":"https:\/\/rollingringdrives.com\/product\/630mm-shaftless-magnetic-powder-wire-payoff-stand\/#breadcrumb","itemListElement":[{"@type":"ListItem","position":1,"name":"Home","item":"https:\/\/rollingringdrives.com\/"},{"@type":"ListItem","position":2,"name":"Machines","item":"https:\/\/rollingringdrives.com\/machines\/"},{"@type":"ListItem","position":3,"name":"\u03a6630mm Shaftless Magnetic Powder Wire Payoff Stand"}]},{"@type":"WebSite","@id":"https:\/\/rollingringdrives.com\/#website","url":"https:\/\/rollingringdrives.com\/","name":"Qi Pang","description":"Blog QiPang","publisher":{"@id":"https:\/\/rollingringdrives.com\/#organization"},"potentialAction":[{"@type":"SearchAction","target":{"@type":"EntryPoint","urlTemplate":"https:\/\/rollingringdrives.com\/?s={search_term_string}"},"query-input":{"@type":"PropertyValueSpecification","valueRequired":true,"valueName":"search_term_string"}}],"inLanguage":"es"},{"@type":"Organization","@id":"https:\/\/rollingringdrives.com\/#organization","name":"Qi Pang","url":"https:\/\/rollingringdrives.com\/","logo":{"@type":"ImageObject","inLanguage":"es","@id":"https:\/\/rollingringdrives.com\/#\/schema\/logo\/image\/","url":"https:\/\/rollingringdrives.com\/wp-content\/uploads\/2023\/05\/cropped-\u672a\u547d\u540d\u7684\u8bbe\u8ba1.png","contentUrl":"https:\/\/rollingringdrives.com\/wp-content\/uploads\/2023\/05\/cropped-\u672a\u547d\u540d\u7684\u8bbe\u8ba1.png","width":300,"height":191,"caption":"QiPang"},"image":{"@id":"https:\/\/rollingringdrives.com\/#\/schema\/logo\/image\/"}}]}},"_links":{"self":[{"href":"https:\/\/rollingringdrives.com\/es\/wp-json\/wp\/v2\/product\/26309","targetHints":{"allow":["GET"]}}],"collection":[{"href":"https:\/\/rollingringdrives.com\/es\/wp-json\/wp\/v2\/product"}],"about":[{"href":"https:\/\/rollingringdrives.com\/es\/wp-json\/wp\/v2\/types\/product"}],"version-history":[{"count":0,"href":"https:\/\/rollingringdrives.com\/es\/wp-json\/wp\/v2\/product\/26309\/revisions"}],"wp:featuredmedia":[{"embeddable":true,"href":"https:\/\/rollingringdrives.com\/es\/wp-json\/wp\/v2\/media\/26313"}],"wp:attachment":[{"href":"https:\/\/rollingringdrives.com\/es\/wp-json\/wp\/v2\/media?parent=26309"}],"wp:term":[{"taxonomy":"product_brand","embeddable":true,"href":"https:\/\/rollingringdrives.com\/es\/wp-json\/wp\/v2\/product_brand?post=26309"},{"taxonomy":"product_cat","embeddable":true,"href":"https:\/\/rollingringdrives.com\/es\/wp-json\/wp\/v2\/product_cat?post=26309"},{"taxonomy":"product_tag","embeddable":true,"href":"https:\/\/rollingringdrives.com\/es\/wp-json\/wp\/v2\/product_tag?post=26309"}],"curies":[{"name":"wp","href":"https:\/\/api.w.org\/{rel}","templated":true}]}}