{"id":26328,"date":"2023-05-24T01:32:47","date_gmt":"2023-05-24T01:32:47","guid":{"rendered":"https:\/\/rollingringdrives.com\/?post_type=product&#038;p=26328"},"modified":"2025-07-07T07:40:23","modified_gmt":"2025-07-07T07:40:23","slug":"1250mm-shaftless-magnetic-powder-payoff-stand","status":"publish","type":"product","link":"https:\/\/rollingringdrives.com\/es\/producto\/soporte-de-desenrollado-de-polvo-magnetico-sin-eje-de-1250-mm\/","title":{"rendered":"Soporte de pago de polvo magn\u00e9tico sin eje de \u03a61250 mm"},"content":{"rendered":"<p class=\"xsj_paragraph xsj_paragraph_level_0\" data-source-line=\"0\" data-source-line-display=\"true\">El\u00a0<strong class=\"markdown_strong_asterisk\">Soporte de pago de polvo magn\u00e9tico sin eje \u03a61250<\/strong>\u00a0es altamente eficiente para aplicaciones continuas de trefilado, aislamiento y coloraci\u00f3n. El modelo de equipo est\u00e1 dise\u00f1ado para manejar el di\u00e1metro de carrete de pago aplicable que va desde 800 mm a 1250 mm. El sistema de tensi\u00f3n de control de polvo magn\u00e9tico, la placa de elevaci\u00f3n y el modo de mandril brindan la precisi\u00f3n y el control necesarios para el bobinado de alambre.<\/p>\n<p data-source-line=\"0\" data-source-line-display=\"true\"><div id=\"footable_parent_26330\"\n         class=\"footable_parent ninja_table_wrapper loading_ninja_table wp_table_data_press_parent semantic_ui\">\n                <table data-ninja_table_instance=\"ninja_table_instance_0\" data-footable_id=\"26330\" data-filter-delay=\"1000\" aria-label=\"2\u65b0\u5efa2 XL2dSX \u5de5\u4f5c\u8868 (2).csv\"            id=\"footable_26330\"\n           data-unique_identifier=\"ninja_table_unique_id_79509392_26330\"\n           class=\"foo-table ninja_footable foo_table_26330 ninja_table_unique_id_79509392_26330 ui table  nt_type_legacy_table selectable striped vertical_centered  footable-paging-right ninja_table_search_disabled ninja_table_pro\">\n                <colgroup>\n                            <col class=\"ninja_column_0\">\n                            <col class=\"ninja_column_1\">\n                    <\/colgroup>\n        <thead>\n<tr class=\"footable-header\">\n                                        <th scope=\"col\"  class=\"ninja_column_0 ninja_clmn_nm_parameter\">Par\u00e1metro<\/th><th scope=\"col\"  class=\"ninja_column_1 ninja_clmn_nm_value\">Valor<\/th><\/tr>\n<\/thead>\n<tbody>\n\n        <tr data-row_id=\"364\" class=\"ninja_table_row_0 nt_row_id_364\">\n            <td>Di\u00e1metro de carrete desenrollador aplicable<\/td><td>800-1250 mm<\/td>        <\/tr>\n            <tr data-row_id=\"365\" class=\"ninja_table_row_1 nt_row_id_365\">\n            <td>Control de tensi\u00f3n<\/td><td>Control de polvo magn\u00e9tico (10 kg de polvo magn\u00e9tico)<\/td>        <\/tr>\n            <tr data-row_id=\"366\" class=\"ninja_table_row_2 nt_row_id_366\">\n            <td>Modo placa elevadora<\/td><td>Ascensor motorizado<\/td>        <\/tr>\n            <tr data-row_id=\"367\" class=\"ninja_table_row_3 nt_row_id_367\">\n            <td>Modo de mandril<\/td><td>Sujeci\u00f3n manual o sujeci\u00f3n cil\u00edndrica<\/td>        <\/tr>\n            <tr data-row_id=\"368\" class=\"ninja_table_row_4 nt_row_id_368\">\n            <td>tipo de pago<\/td><td>Tipo voladizo sin eje<\/td>        <\/tr>\n            <tr data-row_id=\"369\" class=\"ninja_table_row_5 nt_row_id_369\">\n            <td>motor de elevaci\u00f3n<\/td><td>Motor de cuatro etapas de 0,75 KW + reductor RV75-30-80B5<\/td>        <\/tr>\n            <tr data-row_id=\"370\" class=\"ninja_table_row_6 nt_row_id_370\">\n            <td>M\u00e9todo de fijaci\u00f3n<\/td><td>Tornillos de expansi\u00f3n<\/td>        <\/tr>\n            <tr data-row_id=\"371\" class=\"ninja_table_row_7 nt_row_id_371\">\n            <td>Freno<\/td><td>Freno de polvo magn\u00e9tico de 10 kg<\/td>        <\/tr>\n            <tr data-row_id=\"372\" class=\"ninja_table_row_8 nt_row_id_372\">\n            <td>Capacidad m\u00e1xima de carga<\/td><td>1 tonelada<\/td>        <\/tr>\n            <tr data-row_id=\"373\" class=\"ninja_table_row_9 nt_row_id_373\">\n            <td>Velocidad de pago<\/td><td>300m\/min<\/td>        <\/tr>\n    <\/tbody><!--ninja_tobody_rendering_done-->\n    <\/table>\n    \n    \n    \n<\/div>\n<\/p>\n<div class=\"xiaoshujiang_element xsj_anchor\"><a class=\"blank_anchor_name\" name=\"features_1\"><\/a><a id=\"features_1\" class=\"blank_anchor_id\"><\/a><a class=\"blank_anchor_name\" name=\"features\"><\/a><a id=\"features\" class=\"blank_anchor_id\"><\/a><\/div>\n<h2 id=\"features_1\" class=\"xsj_heading_hash xsj_heading xsj_heading_h2\" data-source-line=\"2\" data-source-line-display=\"true\"><span class=\"xsj_heading_content\">Caracter\u00edsticas:<\/span><\/h2>\n<ol class=\"markdown_ol\" data-source-line=\"4\">\n<li data-source-line=\"4\">Tipo voladizo sin eje: el equipo es f\u00e1cil de operar con el dise\u00f1o voladizo sin eje y la capacidad de carga aumenta significativamente.<\/li>\n<li data-source-line=\"5\">Control de polvo magn\u00e9tico: el sistema de tensi\u00f3n de control de polvo magn\u00e9tico permite tirar de alambre de manera precisa y eficiente para garantizar una calidad de alambre uniforme.<\/li>\n<li data-source-line=\"6\">Elevaci\u00f3n del motor y sujeci\u00f3n del cilindro: Las caracter\u00edsticas de elevaci\u00f3n del motor y sujeci\u00f3n del cilindro brindan estabilidad y precisi\u00f3n para el bobinado de alambre.<\/li>\n<li data-source-line=\"7\">Control de velocidad: El equipo puede alcanzar una velocidad m\u00e1xima de 300 m\/min manteniendo un perfecto control de tensi\u00f3n.<\/li>\n<li data-source-line=\"8\">Frenos expandibles: con el freno de polvo magn\u00e9tico de 10 KG, el equipo puede manejar hasta 1 tonelada de peso m\u00e1ximo de carga.<\/li>\n<li data-source-line=\"9\">F\u00e1cil de Instalar: El equipo se fija con tornillos de expansi\u00f3n, lo que facilita su instalaci\u00f3n y desmontaje.<\/li>\n<\/ol>\n<div class=\"xiaoshujiang_element xsj_anchor\"><a class=\"blank_anchor_name\" name=\"applications_2\"><\/a><a id=\"applications_2\" class=\"blank_anchor_id\"><\/a><a class=\"blank_anchor_name\" name=\"applications\"><\/a><a id=\"applications\" class=\"blank_anchor_id\"><\/a><\/div>\n<h2 id=\"applications_2\" class=\"xsj_heading_hash xsj_heading xsj_heading_h2\" data-source-line=\"11\" data-source-line-display=\"true\"><span class=\"xsj_heading_content\">Aplicaciones:<\/span><\/h2>\n<p class=\"xsj_paragraph xsj_paragraph_level_0\" data-source-line=\"13\" data-source-line-display=\"true\">El soporte de devanado de polvo magn\u00e9tico sin eje \u03a61250 es ideal para aplicaciones de trefilado y bobinado en plantas de fabricaci\u00f3n de alambres y cables. Se puede utilizar para varios tipos de cables, incluidos cobre, aluminio y acero.<\/p>\n<div class=\"xiaoshujiang_element xsj_anchor\"><a class=\"blank_anchor_name\" name=\"faqs_3\"><\/a><a id=\"faqs_3\" class=\"blank_anchor_id\"><\/a><a class=\"blank_anchor_name\" name=\"faqs\"><\/a><a id=\"faqs\" class=\"blank_anchor_id\"><\/a><\/div>\n<h2 id=\"faqs_3\" class=\"xsj_heading_hash xsj_heading xsj_heading_h2\" data-source-line=\"15\" data-source-line-display=\"true\"><span class=\"xsj_heading_content\">Preguntas frecuentes:<\/span><\/h2>\n<div class=\"xiaoshujiang_element xsj_anchor\"><a class=\"blank_anchor_name\" name=\"120what20is20the20maximum20reel20diameter20the20equipment20can20handle_4\"><\/a><a id=\"120what20is20the20maximum20reel20diameter20the20equipment20can20handle_4\" class=\"blank_anchor_id\"><\/a><a class=\"blank_anchor_name\" name=\"1-what-is-the-maximum-reel-diameter-the-equipment-can-handle\"><\/a><a id=\"1-what-is-the-maximum-reel-diameter-the-equipment-can-handle\" class=\"blank_anchor_id\"><\/a><\/div>\n<h4 id=\"120what20is20the20maximum20reel20diameter20the20equipment20can20handle_4\" class=\"xsj_heading_hash xsj_heading xsj_heading_h4\" data-source-line=\"17\" data-source-line-display=\"true\"><span class=\"xsj_heading_content\">1. \u00bfCu\u00e1l es el di\u00e1metro m\u00e1ximo de bobina que puede manejar el equipo?<\/span><\/h4>\n<p class=\"xsj_paragraph xsj_paragraph_level_0\" data-source-line=\"19\" data-source-line-display=\"true\">El equipo puede manejar di\u00e1metros de bobina que van desde 800 mm hasta 1250 mm.<\/p>\n<div class=\"xiaoshujiang_element xsj_anchor\"><a class=\"blank_anchor_name\" name=\"220what20is20the20magnetic20powder20control20tension20system_5\"><\/a><a id=\"220what20is20the20magnetic20powder20control20tension20system_5\" class=\"blank_anchor_id\"><\/a><a class=\"blank_anchor_name\" name=\"2-what-is-the-magnetic-powder-control-tension-system\"><\/a><a id=\"2-what-is-the-magnetic-powder-control-tension-system\" class=\"blank_anchor_id\"><\/a><\/div>\n<h4 id=\"220what20is20the20magnetic20powder20control20tension20system_5\" class=\"xsj_heading_hash xsj_heading xsj_heading_h4\" data-source-line=\"21\" data-source-line-display=\"true\"><span class=\"xsj_heading_content\">2. \u00bfQu\u00e9 es el sistema de tensi\u00f3n de control de polvo magn\u00e9tico?<\/span><\/h4>\n<p class=\"xsj_paragraph xsj_paragraph_level_0\" data-source-line=\"23\" data-source-line-display=\"true\">El sistema de tensi\u00f3n de control de polvo magn\u00e9tico es un sistema de control de tensi\u00f3n que utiliza polvo magn\u00e9tico para crear fricci\u00f3n y controlar la tensi\u00f3n del cable.<\/p>\n<div class=\"xiaoshujiang_element xsj_anchor\"><a class=\"blank_anchor_name\" name=\"320how20is20the20equipment20fixed20in20place_6\"><\/a><a id=\"320how20is20the20equipment20fixed20in20place_6\" class=\"blank_anchor_id\"><\/a><a class=\"blank_anchor_name\" name=\"3-how-is-the-equipment-fixed-in-place\"><\/a><a id=\"3-how-is-the-equipment-fixed-in-place\" class=\"blank_anchor_id\"><\/a><\/div>\n<h4 id=\"320how20is20the20equipment20fixed20in20place_6\" class=\"xsj_heading_hash xsj_heading xsj_heading_h4\" data-source-line=\"25\" data-source-line-display=\"true\"><span class=\"xsj_heading_content\">3. \u00bfC\u00f3mo se fija el equipo en su lugar?<\/span><\/h4>\n<p class=\"xsj_paragraph xsj_paragraph_level_0\" data-source-line=\"27\" data-source-line-display=\"true\">El equipo se fija con tornillos de expansi\u00f3n, lo que facilita su instalaci\u00f3n y desmontaje.<\/p>\n<div class=\"xiaoshujiang_element xsj_anchor\"><a class=\"blank_anchor_name\" name=\"420what20is20the20maximum20load20capacity20of20the20equipment_7\"><\/a><a id=\"420what20is20the20maximum20load20capacity20of20the20equipment_7\" class=\"blank_anchor_id\"><\/a><a class=\"blank_anchor_name\" name=\"4-what-is-the-maximum-load-capacity-of-the-equipment\"><\/a><a id=\"4-what-is-the-maximum-load-capacity-of-the-equipment\" class=\"blank_anchor_id\"><\/a><\/div>\n<h4 id=\"420what20is20the20maximum20load20capacity20of20the20equipment_7\" class=\"xsj_heading_hash xsj_heading xsj_heading_h4\" data-source-line=\"29\" data-source-line-display=\"true\"><span class=\"xsj_heading_content\">4. \u00bfCu\u00e1l es la capacidad m\u00e1xima de carga del equipo?<\/span><\/h4>\n<p class=\"xsj_paragraph xsj_paragraph_level_0\" data-source-line=\"31\" data-source-line-display=\"true\">El equipo puede manejar un peso m\u00e1ximo de carga de 1 tonelada.<\/p>\n<div class=\"xiaoshujiang_element xsj_anchor\"><a class=\"blank_anchor_name\" name=\"520what20is20the20maximum20speed20the20equipment20can20achieve_8\"><\/a><a id=\"520what20is20the20maximum20speed20the20equipment20can20achieve_8\" class=\"blank_anchor_id\"><\/a><a class=\"blank_anchor_name\" name=\"5-what-is-the-maximum-speed-the-equipment-can-achieve\"><\/a><a id=\"5-what-is-the-maximum-speed-the-equipment-can-achieve\" class=\"blank_anchor_id\"><\/a><\/div>\n<h4 id=\"520what20is20the20maximum20speed20the20equipment20can20achieve_8\" class=\"xsj_heading_hash xsj_heading xsj_heading_h4\" data-source-line=\"33\" data-source-line-display=\"true\"><span class=\"xsj_heading_content\">5. \u00bfCu\u00e1l es la velocidad m\u00e1xima que puede alcanzar el equipo?<\/span><\/h4>\n<p class=\"xsj_paragraph xsj_paragraph_level_0\" data-source-line=\"35\" data-source-line-display=\"true\">El equipo puede alcanzar una velocidad m\u00e1xima de 300 m\/min manteniendo un perfecto control de la tensi\u00f3n.<\/p>","protected":false},"excerpt":{"rendered":"<h2 id=\"features_1\" class=\"xsj_heading_hash xsj_heading xsj_heading_h2\" data-source-line=\"2\" data-source-line-display=\"true\"><span class=\"xsj_heading_content\">Caracter\u00edsticas:<\/span><\/h2>\n<ol class=\"markdown_ol\" data-source-line=\"4\">\n<li data-source-line=\"4\">Tipo voladizo sin eje.<\/li>\n<li data-source-line=\"5\">Control de polvo magn\u00e9tico.<\/li>\n<li data-source-line=\"6\">Elevaci\u00f3n de motor y sujeci\u00f3n de cilindros.<\/li>\n<li data-source-line=\"7\">Control de velocidad.<\/li>\n<li data-source-line=\"8\">Frenos expandibles.<\/li>\n<li data-source-line=\"9\">F\u00e1cil de instalar.<\/li>\n<\/ol>","protected":false},"featured_media":26334,"template":"","meta":{"site-sidebar-layout":"default","site-content-layout":"default","ast-global-header-display":"","ast-banner-title-visibility":"","ast-main-header-display":"","ast-hfb-above-header-display":"","ast-hfb-below-header-display":"","ast-hfb-mobile-header-display":"","site-post-title":"","ast-breadcrumbs-content":"","ast-featured-img":"","footer-sml-layout":"","theme-transparent-header-meta":"default","adv-header-id-meta":"","stick-header-meta":"","header-above-stick-meta":"","header-main-stick-meta":"","header-below-stick-meta":""},"product_brand":[],"product_cat":[48,132],"product_tag":[],"class_list":{"0":"post-26328","1":"product","2":"type-product","3":"status-publish","4":"has-post-thumbnail","6":"product_cat-wire-payoff-machine","7":"product_cat-shaftless-passive-pay-off-machine","8":"desktop-align-left","9":"tablet-align-left","10":"mobile-align-left","12":"first","13":"instock","14":"shipping-taxable","15":"product-type-simple"},"yoast_head":"<!-- This site is optimized with the Yoast SEO Premium plugin v20.12 (Yoast SEO v26.0) - https:\/\/yoast.com\/wordpress\/plugins\/seo\/ -->\n<title>\u03a61250mm Shaftless Magnetic Powder Payoff Stand - QiPang<\/title>\n<meta name=\"description\" content=\"Revolutionize your wire drawing and insulation processes with the \u03a61250mm Shaftless Magnetic Powder Payoff Stand. Get precise, efficient, and continuous results today!\" \/>\n<meta name=\"robots\" content=\"index, follow, max-snippet:-1, max-image-preview:large, max-video-preview:-1\" \/>\n<link rel=\"canonical\" href=\"https:\/\/rollingringdrives.com\/es\/producto\/soporte-de-desenrollado-de-polvo-magnetico-sin-eje-de-1250-mm\/\" \/>\n<meta property=\"og:locale\" content=\"es_MX\" \/>\n<meta property=\"og:type\" content=\"article\" \/>\n<meta property=\"og:title\" content=\"\u03a61250mm Shaftless Magnetic Powder Payoff Stand\" \/>\n<meta property=\"og:description\" content=\"Revolutionize your wire drawing and insulation processes with the \u03a61250mm Shaftless Magnetic Powder Payoff Stand. Get precise, efficient, and continuous results today!\" \/>\n<meta property=\"og:url\" content=\"https:\/\/rollingringdrives.com\/es\/producto\/soporte-de-desenrollado-de-polvo-magnetico-sin-eje-de-1250-mm\/\" \/>\n<meta property=\"og:site_name\" content=\"QiPang\" \/>\n<meta property=\"article:modified_time\" content=\"2025-07-07T07:40:23+00:00\" \/>\n<meta property=\"og:image\" content=\"https:\/\/rollingringdrives.com\/wp-content\/uploads\/2023\/05\/4-21.jpg\" \/>\n\t<meta property=\"og:image:width\" content=\"600\" \/>\n\t<meta property=\"og:image:height\" content=\"600\" \/>\n\t<meta property=\"og:image:type\" content=\"image\/jpeg\" \/>\n<meta name=\"twitter:card\" content=\"summary_large_image\" \/>\n<meta name=\"twitter:label1\" content=\"Tiempo de lectura\" \/>\n\t<meta name=\"twitter:data1\" content=\"2 minutos\" \/>\n<script type=\"application\/ld+json\" class=\"yoast-schema-graph\">{\"@context\":\"https:\/\/schema.org\",\"@graph\":[{\"@type\":\"WebPage\",\"@id\":\"https:\/\/rollingringdrives.com\/product\/1250mm-shaftless-magnetic-powder-payoff-stand\/\",\"url\":\"https:\/\/rollingringdrives.com\/product\/1250mm-shaftless-magnetic-powder-payoff-stand\/\",\"name\":\"\u03a61250mm Shaftless Magnetic Powder Payoff Stand - QiPang\",\"isPartOf\":{\"@id\":\"https:\/\/rollingringdrives.com\/#website\"},\"primaryImageOfPage\":{\"@id\":\"https:\/\/rollingringdrives.com\/product\/1250mm-shaftless-magnetic-powder-payoff-stand\/#primaryimage\"},\"image\":{\"@id\":\"https:\/\/rollingringdrives.com\/product\/1250mm-shaftless-magnetic-powder-payoff-stand\/#primaryimage\"},\"thumbnailUrl\":\"https:\/\/rollingringdrives.com\/wp-content\/uploads\/2023\/05\/4-21.jpg\",\"datePublished\":\"2023-05-24T01:32:47+00:00\",\"dateModified\":\"2025-07-07T07:40:23+00:00\",\"description\":\"Revolutionize your wire drawing and insulation processes with the \u03a61250mm Shaftless Magnetic Powder Payoff Stand. Get precise, efficient, and continuous results today!\",\"breadcrumb\":{\"@id\":\"https:\/\/rollingringdrives.com\/product\/1250mm-shaftless-magnetic-powder-payoff-stand\/#breadcrumb\"},\"inLanguage\":\"es\",\"potentialAction\":[{\"@type\":\"ReadAction\",\"target\":[\"https:\/\/rollingringdrives.com\/product\/1250mm-shaftless-magnetic-powder-payoff-stand\/\"]}]},{\"@type\":\"ImageObject\",\"inLanguage\":\"es\",\"@id\":\"https:\/\/rollingringdrives.com\/product\/1250mm-shaftless-magnetic-powder-payoff-stand\/#primaryimage\",\"url\":\"https:\/\/rollingringdrives.com\/wp-content\/uploads\/2023\/05\/4-21.jpg\",\"contentUrl\":\"https:\/\/rollingringdrives.com\/wp-content\/uploads\/2023\/05\/4-21.jpg\",\"width\":600,\"height\":600,\"caption\":\"\u03a61250 Shaftless Magnetic Powder Payoff Stand\"},{\"@type\":\"BreadcrumbList\",\"@id\":\"https:\/\/rollingringdrives.com\/product\/1250mm-shaftless-magnetic-powder-payoff-stand\/#breadcrumb\",\"itemListElement\":[{\"@type\":\"ListItem\",\"position\":1,\"name\":\"Home\",\"item\":\"https:\/\/rollingringdrives.com\/\"},{\"@type\":\"ListItem\",\"position\":2,\"name\":\"Machines\",\"item\":\"https:\/\/rollingringdrives.com\/machines\/\"},{\"@type\":\"ListItem\",\"position\":3,\"name\":\"\u03a61250mm Shaftless Magnetic Powder Payoff Stand\"}]},{\"@type\":\"WebSite\",\"@id\":\"https:\/\/rollingringdrives.com\/#website\",\"url\":\"https:\/\/rollingringdrives.com\/\",\"name\":\"QiPang\",\"description\":\"QiPang Blog\",\"publisher\":{\"@id\":\"https:\/\/rollingringdrives.com\/#organization\"},\"potentialAction\":[{\"@type\":\"SearchAction\",\"target\":{\"@type\":\"EntryPoint\",\"urlTemplate\":\"https:\/\/rollingringdrives.com\/?s={search_term_string}\"},\"query-input\":{\"@type\":\"PropertyValueSpecification\",\"valueRequired\":true,\"valueName\":\"search_term_string\"}}],\"inLanguage\":\"es\"},{\"@type\":\"Organization\",\"@id\":\"https:\/\/rollingringdrives.com\/#organization\",\"name\":\"QiPang\",\"url\":\"https:\/\/rollingringdrives.com\/\",\"logo\":{\"@type\":\"ImageObject\",\"inLanguage\":\"es\",\"@id\":\"https:\/\/rollingringdrives.com\/#\/schema\/logo\/image\/\",\"url\":\"https:\/\/rollingringdrives.com\/wp-content\/uploads\/2023\/05\/cropped-\u672a\u547d\u540d\u7684\u8bbe\u8ba1.png\",\"contentUrl\":\"https:\/\/rollingringdrives.com\/wp-content\/uploads\/2023\/05\/cropped-\u672a\u547d\u540d\u7684\u8bbe\u8ba1.png\",\"width\":300,\"height\":191,\"caption\":\"QiPang\"},\"image\":{\"@id\":\"https:\/\/rollingringdrives.com\/#\/schema\/logo\/image\/\"}}]}<\/script>\n<!-- \/ Yoast SEO Premium plugin. -->","yoast_head_json":{"title":"Soporte de desenrollado de polvo magn\u00e9tico sin eje de \u03a61250 mm - QiPang","description":"Revolucione sus procesos de trefilado y aislamiento con el soporte de devanado de polvo magn\u00e9tico sin eje de \u03a61250 mm. \u00a1Obtenga resultados precisos, eficientes y continuos hoy!","robots":{"index":"index","follow":"follow","max-snippet":"max-snippet:-1","max-image-preview":"max-image-preview:large","max-video-preview":"max-video-preview:-1"},"canonical":"https:\/\/rollingringdrives.com\/es\/producto\/soporte-de-desenrollado-de-polvo-magnetico-sin-eje-de-1250-mm\/","og_locale":"es_MX","og_type":"article","og_title":"\u03a61250mm Shaftless Magnetic Powder Payoff Stand","og_description":"Revolutionize your wire drawing and insulation processes with the \u03a61250mm Shaftless Magnetic Powder Payoff Stand. Get precise, efficient, and continuous results today!","og_url":"https:\/\/rollingringdrives.com\/es\/producto\/soporte-de-desenrollado-de-polvo-magnetico-sin-eje-de-1250-mm\/","og_site_name":"QiPang","article_modified_time":"2025-07-07T07:40:23+00:00","og_image":[{"width":600,"height":600,"url":"https:\/\/rollingringdrives.com\/wp-content\/uploads\/2023\/05\/4-21.jpg","type":"image\/jpeg"}],"twitter_card":"summary_large_image","twitter_misc":{"Tiempo de lectura":"2 minutos"},"schema":{"@context":"https:\/\/schema.org","@graph":[{"@type":"WebPage","@id":"https:\/\/rollingringdrives.com\/product\/1250mm-shaftless-magnetic-powder-payoff-stand\/","url":"https:\/\/rollingringdrives.com\/product\/1250mm-shaftless-magnetic-powder-payoff-stand\/","name":"Soporte de desenrollado de polvo magn\u00e9tico sin eje de \u03a61250 mm - QiPang","isPartOf":{"@id":"https:\/\/rollingringdrives.com\/#website"},"primaryImageOfPage":{"@id":"https:\/\/rollingringdrives.com\/product\/1250mm-shaftless-magnetic-powder-payoff-stand\/#primaryimage"},"image":{"@id":"https:\/\/rollingringdrives.com\/product\/1250mm-shaftless-magnetic-powder-payoff-stand\/#primaryimage"},"thumbnailUrl":"https:\/\/rollingringdrives.com\/wp-content\/uploads\/2023\/05\/4-21.jpg","datePublished":"2023-05-24T01:32:47+00:00","dateModified":"2025-07-07T07:40:23+00:00","description":"Revolucione sus procesos de trefilado y aislamiento con el soporte de devanado de polvo magn\u00e9tico sin eje de \u03a61250 mm. \u00a1Obtenga resultados precisos, eficientes y continuos hoy!","breadcrumb":{"@id":"https:\/\/rollingringdrives.com\/product\/1250mm-shaftless-magnetic-powder-payoff-stand\/#breadcrumb"},"inLanguage":"es","potentialAction":[{"@type":"ReadAction","target":["https:\/\/rollingringdrives.com\/product\/1250mm-shaftless-magnetic-powder-payoff-stand\/"]}]},{"@type":"ImageObject","inLanguage":"es","@id":"https:\/\/rollingringdrives.com\/product\/1250mm-shaftless-magnetic-powder-payoff-stand\/#primaryimage","url":"https:\/\/rollingringdrives.com\/wp-content\/uploads\/2023\/05\/4-21.jpg","contentUrl":"https:\/\/rollingringdrives.com\/wp-content\/uploads\/2023\/05\/4-21.jpg","width":600,"height":600,"caption":"\u03a61250 Shaftless Magnetic Powder Payoff Stand"},{"@type":"BreadcrumbList","@id":"https:\/\/rollingringdrives.com\/product\/1250mm-shaftless-magnetic-powder-payoff-stand\/#breadcrumb","itemListElement":[{"@type":"ListItem","position":1,"name":"Home","item":"https:\/\/rollingringdrives.com\/"},{"@type":"ListItem","position":2,"name":"Machines","item":"https:\/\/rollingringdrives.com\/machines\/"},{"@type":"ListItem","position":3,"name":"\u03a61250mm Shaftless Magnetic Powder Payoff Stand"}]},{"@type":"WebSite","@id":"https:\/\/rollingringdrives.com\/#website","url":"https:\/\/rollingringdrives.com\/","name":"Qi Pang","description":"Blog QiPang","publisher":{"@id":"https:\/\/rollingringdrives.com\/#organization"},"potentialAction":[{"@type":"SearchAction","target":{"@type":"EntryPoint","urlTemplate":"https:\/\/rollingringdrives.com\/?s={search_term_string}"},"query-input":{"@type":"PropertyValueSpecification","valueRequired":true,"valueName":"search_term_string"}}],"inLanguage":"es"},{"@type":"Organization","@id":"https:\/\/rollingringdrives.com\/#organization","name":"Qi Pang","url":"https:\/\/rollingringdrives.com\/","logo":{"@type":"ImageObject","inLanguage":"es","@id":"https:\/\/rollingringdrives.com\/#\/schema\/logo\/image\/","url":"https:\/\/rollingringdrives.com\/wp-content\/uploads\/2023\/05\/cropped-\u672a\u547d\u540d\u7684\u8bbe\u8ba1.png","contentUrl":"https:\/\/rollingringdrives.com\/wp-content\/uploads\/2023\/05\/cropped-\u672a\u547d\u540d\u7684\u8bbe\u8ba1.png","width":300,"height":191,"caption":"QiPang"},"image":{"@id":"https:\/\/rollingringdrives.com\/#\/schema\/logo\/image\/"}}]}},"_links":{"self":[{"href":"https:\/\/rollingringdrives.com\/es\/wp-json\/wp\/v2\/product\/26328","targetHints":{"allow":["GET"]}}],"collection":[{"href":"https:\/\/rollingringdrives.com\/es\/wp-json\/wp\/v2\/product"}],"about":[{"href":"https:\/\/rollingringdrives.com\/es\/wp-json\/wp\/v2\/types\/product"}],"version-history":[{"count":0,"href":"https:\/\/rollingringdrives.com\/es\/wp-json\/wp\/v2\/product\/26328\/revisions"}],"wp:featuredmedia":[{"embeddable":true,"href":"https:\/\/rollingringdrives.com\/es\/wp-json\/wp\/v2\/media\/26334"}],"wp:attachment":[{"href":"https:\/\/rollingringdrives.com\/es\/wp-json\/wp\/v2\/media?parent=26328"}],"wp:term":[{"taxonomy":"product_brand","embeddable":true,"href":"https:\/\/rollingringdrives.com\/es\/wp-json\/wp\/v2\/product_brand?post=26328"},{"taxonomy":"product_cat","embeddable":true,"href":"https:\/\/rollingringdrives.com\/es\/wp-json\/wp\/v2\/product_cat?post=26328"},{"taxonomy":"product_tag","embeddable":true,"href":"https:\/\/rollingringdrives.com\/es\/wp-json\/wp\/v2\/product_tag?post=26328"}],"curies":[{"name":"wp","href":"https:\/\/api.w.org\/{rel}","templated":true}]}}