{"id":26358,"date":"2023-05-24T02:56:45","date_gmt":"2023-05-24T02:56:45","guid":{"rendered":"https:\/\/rollingringdrives.com\/?post_type=product&#038;p=26358"},"modified":"2025-07-07T07:39:25","modified_gmt":"2025-07-07T07:39:25","slug":"qp1250-2000-end-shaft-type-payoff-machine","status":"publish","type":"product","link":"https:\/\/rollingringdrives.com\/es\/producto\/qp1250-2000-end-shaft-type-payoff-machine\/","title":{"rendered":"M\u00e1quina de devanado tipo eje final QP1250-2000"},"content":{"rendered":"<p class=\"xsj_paragraph xsj_paragraph_level_0\" data-source-line=\"0\" data-source-line-display=\"true\">El\u00a0<strong class=\"markdown_strong_asterisk\">M\u00e1quina de devanado tipo eje final QP1250-2000<\/strong> es un bastidor de desenrollado de tensi\u00f3n pasiva dise\u00f1ado para manejar carretes PN1250-PN2000 de manera efectiva. Esta m\u00e1quina viene con un motor de elevaci\u00f3n y un motor de descarga de clip que funciona con un motor de CA de 1,5 kw y 1,1 kw, respectivamente, lo que ayuda a mantener una tensi\u00f3n constante y ajustable. Con una capacidad de carga de 8T, la QP1250-2000 ofrece una soluci\u00f3n perfecta para manipular bobinas de cables, alambres y otros materiales de servicio pesado.<\/p>\n<p data-source-line=\"0\" data-source-line-display=\"true\"><div id=\"footable_parent_26360\"\n         class=\"footable_parent ninja_table_wrapper loading_ninja_table wp_table_data_press_parent semantic_ui\">\n                <table data-ninja_table_instance=\"ninja_table_instance_0\" data-footable_id=\"26360\" data-filter-delay=\"1000\" aria-label=\"5\u65b0\u5efa2 XL2dSX \u5de5\u4f5c\u8868 (2).csv\"            id=\"footable_26360\"\n           data-unique_identifier=\"ninja_table_unique_id_95366064_26360\"\n           class=\"foo-table ninja_footable foo_table_26360 ninja_table_unique_id_95366064_26360 ui table  nt_type_legacy_table selectable striped vertical_centered  footable-paging-right ninja_table_search_disabled ninja_table_pro\">\n                <colgroup>\n                            <col class=\"ninja_column_0\">\n                            <col class=\"ninja_column_1\">\n                    <\/colgroup>\n        <thead>\n<tr class=\"footable-header\">\n                                        <th scope=\"col\"  class=\"ninja_column_0 ninja_clmn_nm_parameter\">Par\u00e1metro<\/th><th scope=\"col\"  class=\"ninja_column_1 ninja_clmn_nm_value\">Valor<\/th><\/tr>\n<\/thead>\n<tbody>\n\n        <tr data-row_id=\"392\" class=\"ninja_table_row_0 nt_row_id_392\">\n            <td>Formulario de rack de pago<\/td><td>tensi\u00f3n pasiva<\/td>        <\/tr>\n            <tr data-row_id=\"393\" class=\"ninja_table_row_1 nt_row_id_393\">\n            <td>Carretes aplicables<\/td><td>PN1250\u2014PN2000 (GB4004-84, DIN46391, 46395)<\/td>        <\/tr>\n            <tr data-row_id=\"394\" class=\"ninja_table_row_2 nt_row_id_394\">\n            <td>Rango de di\u00e1metro del carrete<\/td><td>\u03a61250\uff5e\u03a62000mm<\/td>        <\/tr>\n            <tr data-row_id=\"395\" class=\"ninja_table_row_3 nt_row_id_395\">\n            <td>Ancho de bobina aplicable<\/td><td>750\uff5e1500 mm<\/td>        <\/tr>\n            <tr data-row_id=\"396\" class=\"ninja_table_row_4 nt_row_id_396\">\n            <td>Di\u00e1metro de cable aplicable<\/td><td>\u03a63--\u03a680mm (m\u00e1x.)<\/td>        <\/tr>\n            <tr data-row_id=\"397\" class=\"ninja_table_row_5 nt_row_id_397\">\n            <td>motor de elevaci\u00f3n<\/td><td>Motor de CA de 1,5 kw + reductor cicloide (2 juegos)<\/td>        <\/tr>\n            <tr data-row_id=\"398\" class=\"ninja_table_row_6 nt_row_id_398\">\n            <td>Motor de descarga de clips<\/td><td>Motor de CA de 1,1 kw + reductor de molinete cicloidal (2 juegos)<\/td>        <\/tr>\n            <tr data-row_id=\"399\" class=\"ninja_table_row_7 nt_row_id_399\">\n            <td>Tensi\u00f3n de pago<\/td><td>Tensi\u00f3n de pinza de fricci\u00f3n mec\u00e1nica o freno de polvo magn\u00e9tico para controlar la tensi\u00f3n; la tensi\u00f3n es ajustable.<\/td>        <\/tr>\n            <tr data-row_id=\"400\" class=\"ninja_table_row_8 nt_row_id_400\">\n            <td>Capacidad de carga<\/td><td>8T (m\u00e1x.)<\/td>        <\/tr>\n    <\/tbody><!--ninja_tobody_rendering_done-->\n    <\/table>\n    \n    \n    \n<\/div>\n<\/p>\n<div class=\"xiaoshujiang_element xsj_anchor\"><a class=\"blank_anchor_name\" name=\"applications_1\"><\/a><a id=\"applications_1\" class=\"blank_anchor_id\"><\/a><a class=\"blank_anchor_name\" name=\"applications\"><\/a><a id=\"applications\" class=\"blank_anchor_id\"><\/a><\/div>\n<h2 id=\"applications_1\" class=\"xsj_heading_hash xsj_heading xsj_heading_h2\" data-source-line=\"2\" data-source-line-display=\"true\"><span class=\"xsj_heading_content\">Aplicaciones:<\/span><\/h2>\n<p class=\"xsj_paragraph xsj_paragraph_level_0\" data-source-line=\"4\" data-source-line-display=\"true\">La m\u00e1quina desenrolladora de eje final QP1250-2000 es ideal para diversas aplicaciones, incluida la fabricaci\u00f3n de alambres y cables, transmisi\u00f3n de energ\u00eda, telecomunicaciones y construcci\u00f3n. Est\u00e1 dise\u00f1ado para acomodar carretes con di\u00e1metros que van desde 1250 mm a 2000 mm y puede manejar anchos de carrete de entre 750 mm y 1500 mm. Esto lo hace vers\u00e1til para todas sus necesidades de manejo de cables y alambres.<\/p>\n<div class=\"xiaoshujiang_element xsj_anchor\"><a class=\"blank_anchor_name\" name=\"faqs_2\"><\/a><a id=\"faqs_2\" class=\"blank_anchor_id\"><\/a><a class=\"blank_anchor_name\" name=\"faqs\"><\/a><a id=\"faqs\" class=\"blank_anchor_id\"><\/a><\/div>\n<h2 id=\"faqs_2\" class=\"xsj_heading_hash xsj_heading xsj_heading_h2\" data-source-line=\"6\" data-source-line-display=\"true\"><span class=\"xsj_heading_content\">Preguntas frecuentes:<\/span><\/h2>\n<div class=\"xiaoshujiang_element xsj_anchor\"><a class=\"blank_anchor_name\" name=\"120what20is20the20maximum20load20capacity20of20qp1250-200020end20shaft20type20payoff20machine_3\"><\/a><a id=\"120what20is20the20maximum20load20capacity20of20qp1250-200020end20shaft20type20payoff20machine_3\" class=\"blank_anchor_id\"><\/a><a class=\"blank_anchor_name\" name=\"1-what-is-the-maximum-load-capacity-of-qp1250-2000-end-shaft-type-payoff-machine\"><\/a><a id=\"1-what-is-the-maximum-load-capacity-of-qp1250-2000-end-shaft-type-payoff-machine\" class=\"blank_anchor_id\"><\/a><\/div>\n<h4 id=\"120what20is20the20maximum20load20capacity20of20qp1250-200020end20shaft20type20payoff20machine_3\" class=\"xsj_heading_hash xsj_heading xsj_heading_h4\" data-source-line=\"8\" data-source-line-display=\"true\"><span class=\"xsj_heading_content\">1. \u00bfCu\u00e1l es la capacidad m\u00e1xima de carga de la m\u00e1quina desenrolladora QP1250-2000?<\/span><\/h4>\n<p class=\"xsj_paragraph xsj_paragraph_level_0\" data-source-line=\"10\" data-source-line-display=\"true\">La m\u00e1quina desenrolladora tipo eje final QP1250-2000 tiene una capacidad de carga m\u00e1xima de 8T.<\/p>\n<div class=\"xiaoshujiang_element xsj_anchor\"><a class=\"blank_anchor_name\" name=\"220what20is20the20applicable20reel20diameter20range20for20this20machine_4\"><\/a><a id=\"220what20is20the20applicable20reel20diameter20range20for20this20machine_4\" class=\"blank_anchor_id\"><\/a><a class=\"blank_anchor_name\" name=\"2-what-is-the-applicable-reel-diameter-range-for-this-machine\"><\/a><a id=\"2-what-is-the-applicable-reel-diameter-range-for-this-machine\" class=\"blank_anchor_id\"><\/a><\/div>\n<h4 id=\"220what20is20the20applicable20reel20diameter20range20for20this20machine_4\" class=\"xsj_heading_hash xsj_heading xsj_heading_h4\" data-source-line=\"12\" data-source-line-display=\"true\"><span class=\"xsj_heading_content\">2. \u00bfCu\u00e1l es el rango de di\u00e1metro del carrete aplicable para esta m\u00e1quina?<\/span><\/h4>\n<p class=\"xsj_paragraph xsj_paragraph_level_0\" data-source-line=\"14\" data-source-line-display=\"true\">Esta m\u00e1quina puede manejar di\u00e1metros de bobina que van desde 1250 mm hasta 2000 mm.<\/p>\n<div class=\"xiaoshujiang_element xsj_anchor\"><a class=\"blank_anchor_name\" name=\"320what20is20the20applicable20cable20diameter20range20for20this20machine_5\"><\/a><a id=\"320what20is20the20applicable20cable20diameter20range20for20this20machine_5\" class=\"blank_anchor_id\"><\/a><a class=\"blank_anchor_name\" name=\"3-what-is-the-applicable-cable-diameter-range-for-this-machine\"><\/a><a id=\"3-what-is-the-applicable-cable-diameter-range-for-this-machine\" class=\"blank_anchor_id\"><\/a><\/div>\n<h4 id=\"320what20is20the20applicable20cable20diameter20range20for20this20machine_5\" class=\"xsj_heading_hash xsj_heading xsj_heading_h4\" data-source-line=\"16\" data-source-line-display=\"true\"><span class=\"xsj_heading_content\">3. \u00bfCu\u00e1l es el rango de di\u00e1metro de cable aplicable para esta m\u00e1quina?<\/span><\/h4>\n<p class=\"xsj_paragraph xsj_paragraph_level_0\" data-source-line=\"18\" data-source-line-display=\"true\">La m\u00e1quina QP1250-2000 puede manejar cables con di\u00e1metros que van desde 3 mm hasta 80 mm.<\/p>\n<div class=\"xiaoshujiang_element xsj_anchor\"><a class=\"blank_anchor_name\" name=\"420what20type20of20tension20control20is20available20for20qp1250-200020end20shaft20type20payoff20machine_6\"><\/a><a id=\"420what20type20of20tension20control20is20available20for20qp1250-200020end20shaft20type20payoff20machine_6\" class=\"blank_anchor_id\"><\/a><a class=\"blank_anchor_name\" name=\"4-what-type-of-tension-control-is-available-for-qp1250-2000-end-shaft-type-payoff-machine\"><\/a><a id=\"4-what-type-of-tension-control-is-available-for-qp1250-2000-end-shaft-type-payoff-machine\" class=\"blank_anchor_id\"><\/a><\/div>\n<h4 id=\"420what20type20of20tension20control20is20available20for20qp1250-200020end20shaft20type20payoff20machine_6\" class=\"xsj_heading_hash xsj_heading xsj_heading_h4\" data-source-line=\"20\" data-source-line-display=\"true\"><span class=\"xsj_heading_content\">4. \u00bfQu\u00e9 tipo de control de tensi\u00f3n est\u00e1 disponible para la m\u00e1quina de desenrollado QP1250-2000?<\/span><\/h4>\n<p class=\"xsj_paragraph xsj_paragraph_level_0\" data-source-line=\"22\" data-source-line-display=\"true\">Esta m\u00e1quina ofrece dos opciones para el control de la tensi\u00f3n, incluida la tensi\u00f3n del calibrador de fricci\u00f3n mec\u00e1nica y el freno de polvo magn\u00e9tico para garantizar una presi\u00f3n estable y ajustable en los cables.<\/p>\n<div class=\"xiaoshujiang_element xsj_anchor\"><a class=\"blank_anchor_name\" name=\"520is20the20qp1250-200020end20shaft20type20payoff20machine20suitable20for20different20reel20specifications_7\"><\/a><a id=\"520is20the20qp1250-200020end20shaft20type20payoff20machine20suitable20for20different20reel20specifications_7\" class=\"blank_anchor_id\"><\/a><a class=\"blank_anchor_name\" name=\"5-is-the-qp1250-2000-end-shaft-type-payoff-machine-suitable-for-different-reel-specifications\"><\/a><a id=\"5-is-the-qp1250-2000-end-shaft-type-payoff-machine-suitable-for-different-reel-specifications\" class=\"blank_anchor_id\"><\/a><\/div>\n<h4 id=\"520is20the20qp1250-200020end20shaft20type20payoff20machine20suitable20for20different20reel20specifications_7\" class=\"xsj_heading_hash xsj_heading xsj_heading_h4\" data-source-line=\"24\" data-source-line-display=\"true\"><span class=\"xsj_heading_content\">5. \u00bfLa m\u00e1quina de pago QP1250-2000 es adecuada para diferentes especificaciones de carrete?<\/span><\/h4>\n<p class=\"xsj_paragraph xsj_paragraph_level_0\" data-source-line=\"26\" data-source-line-display=\"true\">S\u00ed, esta m\u00e1quina viene con un dispositivo de doble protecci\u00f3n, lo que permite el uso de diferentes especificaciones de mangas superiores para adaptarse a varios tama\u00f1os de carrete.<\/p>","protected":false},"excerpt":{"rendered":"<h2 id=\"features_1\" class=\"xsj_heading_hash xsj_heading xsj_heading_h2\" data-source-line=\"2\" data-source-line-display=\"true\"><span class=\"xsj_heading_content\">Caracter\u00edsticas:<\/span><\/h2>\n<ol class=\"markdown_ol\" data-source-line=\"4\">\n<li data-source-line=\"4\">La m\u00e1quina desenrolladora tipo eje final QP1250-2000 tiene un marco resistente, una m\u00e1quina de alta velocidad y un dispositivo de protecci\u00f3n doble para m\u00e1xima seguridad y eficiencia.<\/li>\n<li data-source-line=\"5\">Su estructura de eje final est\u00e1 hecha doblando y soldando el marco, lo que lo hace duradero y confiable.<\/li>\n<li data-source-line=\"6\">La m\u00e1quina de velocidad impulsa la tuerca roscada para permitir que cada asiento superior suba o baje individualmente o simult\u00e1neamente, brindando soluciones flexibles para diferentes tama\u00f1os de carrete.<\/li>\n<li data-source-line=\"7\">Esta m\u00e1quina integra aparatos mec\u00e1nicos y el\u00e9ctricos para una m\u00e1xima seguridad en el uso.<\/li>\n<\/ol>","protected":false},"featured_media":26361,"template":"","meta":{"site-sidebar-layout":"default","site-content-layout":"default","ast-global-header-display":"","ast-banner-title-visibility":"","ast-main-header-display":"","ast-hfb-above-header-display":"","ast-hfb-below-header-display":"","ast-hfb-mobile-header-display":"","site-post-title":"","ast-breadcrumbs-content":"","ast-featured-img":"","footer-sml-layout":"","theme-transparent-header-meta":"default","adv-header-id-meta":"","stick-header-meta":"","header-above-stick-meta":"","header-main-stick-meta":"","header-below-stick-meta":""},"product_brand":[],"product_cat":[48,134],"product_tag":[],"class_list":{"0":"post-26358","1":"product","2":"type-product","3":"status-publish","4":"has-post-thumbnail","6":"product_cat-wire-payoff-machine","7":"product_cat-end-shaft-unwinder-machine","8":"desktop-align-left","9":"tablet-align-left","10":"mobile-align-left","12":"first","13":"instock","14":"shipping-taxable","15":"product-type-simple"},"yoast_head":"<!-- This site is optimized with the Yoast SEO Premium plugin v20.12 (Yoast SEO v26.0) - https:\/\/yoast.com\/wordpress\/plugins\/seo\/ -->\n<title>QP1250-2000 End Shaft Type Payoff Machine - QiPang<\/title>\n<meta name=\"description\" content=\"Efficiently handle heavy-duty reels of cables and wires with the QP1250-2000 End Shaft Payoff Machine. Upgrade your wire handling today!\" \/>\n<meta name=\"robots\" content=\"index, follow, max-snippet:-1, max-image-preview:large, max-video-preview:-1\" \/>\n<link rel=\"canonical\" href=\"https:\/\/rollingringdrives.com\/es\/producto\/qp1250-2000-end-shaft-type-payoff-machine\/\" \/>\n<meta property=\"og:locale\" content=\"es_MX\" \/>\n<meta property=\"og:type\" content=\"article\" \/>\n<meta property=\"og:title\" content=\"QP1250-2000 End Shaft Type Payoff Machine\" \/>\n<meta property=\"og:description\" content=\"Efficiently handle heavy-duty reels of cables and wires with the QP1250-2000 End Shaft Payoff Machine. Upgrade your wire handling today!\" \/>\n<meta property=\"og:url\" content=\"https:\/\/rollingringdrives.com\/es\/producto\/qp1250-2000-end-shaft-type-payoff-machine\/\" \/>\n<meta property=\"og:site_name\" content=\"QiPang\" \/>\n<meta property=\"article:modified_time\" content=\"2025-07-07T07:39:25+00:00\" \/>\n<meta property=\"og:image\" content=\"https:\/\/rollingringdrives.com\/wp-content\/uploads\/2023\/05\/2-31.jpg\" \/>\n\t<meta property=\"og:image:width\" content=\"600\" \/>\n\t<meta property=\"og:image:height\" content=\"600\" \/>\n\t<meta property=\"og:image:type\" content=\"image\/jpeg\" \/>\n<meta name=\"twitter:card\" content=\"summary_large_image\" \/>\n<meta name=\"twitter:label1\" content=\"Tiempo de lectura\" \/>\n\t<meta name=\"twitter:data1\" content=\"2 minutos\" \/>\n<script type=\"application\/ld+json\" class=\"yoast-schema-graph\">{\"@context\":\"https:\/\/schema.org\",\"@graph\":[{\"@type\":\"WebPage\",\"@id\":\"https:\/\/rollingringdrives.com\/product\/qp1250-2000-end-shaft-type-payoff-machine\/\",\"url\":\"https:\/\/rollingringdrives.com\/product\/qp1250-2000-end-shaft-type-payoff-machine\/\",\"name\":\"QP1250-2000 End Shaft Type Payoff Machine - QiPang\",\"isPartOf\":{\"@id\":\"https:\/\/rollingringdrives.com\/#website\"},\"primaryImageOfPage\":{\"@id\":\"https:\/\/rollingringdrives.com\/product\/qp1250-2000-end-shaft-type-payoff-machine\/#primaryimage\"},\"image\":{\"@id\":\"https:\/\/rollingringdrives.com\/product\/qp1250-2000-end-shaft-type-payoff-machine\/#primaryimage\"},\"thumbnailUrl\":\"https:\/\/rollingringdrives.com\/wp-content\/uploads\/2023\/05\/2-31.jpg\",\"datePublished\":\"2023-05-24T02:56:45+00:00\",\"dateModified\":\"2025-07-07T07:39:25+00:00\",\"description\":\"Efficiently handle heavy-duty reels of cables and wires with the QP1250-2000 End Shaft Payoff Machine. Upgrade your wire handling today!\",\"breadcrumb\":{\"@id\":\"https:\/\/rollingringdrives.com\/product\/qp1250-2000-end-shaft-type-payoff-machine\/#breadcrumb\"},\"inLanguage\":\"es\",\"potentialAction\":[{\"@type\":\"ReadAction\",\"target\":[\"https:\/\/rollingringdrives.com\/product\/qp1250-2000-end-shaft-type-payoff-machine\/\"]}]},{\"@type\":\"ImageObject\",\"inLanguage\":\"es\",\"@id\":\"https:\/\/rollingringdrives.com\/product\/qp1250-2000-end-shaft-type-payoff-machine\/#primaryimage\",\"url\":\"https:\/\/rollingringdrives.com\/wp-content\/uploads\/2023\/05\/2-31.jpg\",\"contentUrl\":\"https:\/\/rollingringdrives.com\/wp-content\/uploads\/2023\/05\/2-31.jpg\",\"width\":600,\"height\":600,\"caption\":\"QP1250-2000 End Shaft Type Payoff Machine\"},{\"@type\":\"BreadcrumbList\",\"@id\":\"https:\/\/rollingringdrives.com\/product\/qp1250-2000-end-shaft-type-payoff-machine\/#breadcrumb\",\"itemListElement\":[{\"@type\":\"ListItem\",\"position\":1,\"name\":\"Home\",\"item\":\"https:\/\/rollingringdrives.com\/\"},{\"@type\":\"ListItem\",\"position\":2,\"name\":\"Machines\",\"item\":\"https:\/\/rollingringdrives.com\/machines\/\"},{\"@type\":\"ListItem\",\"position\":3,\"name\":\"QP1250-2000 End Shaft Type Payoff Machine\"}]},{\"@type\":\"WebSite\",\"@id\":\"https:\/\/rollingringdrives.com\/#website\",\"url\":\"https:\/\/rollingringdrives.com\/\",\"name\":\"QiPang\",\"description\":\"QiPang Blog\",\"publisher\":{\"@id\":\"https:\/\/rollingringdrives.com\/#organization\"},\"potentialAction\":[{\"@type\":\"SearchAction\",\"target\":{\"@type\":\"EntryPoint\",\"urlTemplate\":\"https:\/\/rollingringdrives.com\/?s={search_term_string}\"},\"query-input\":{\"@type\":\"PropertyValueSpecification\",\"valueRequired\":true,\"valueName\":\"search_term_string\"}}],\"inLanguage\":\"es\"},{\"@type\":\"Organization\",\"@id\":\"https:\/\/rollingringdrives.com\/#organization\",\"name\":\"QiPang\",\"url\":\"https:\/\/rollingringdrives.com\/\",\"logo\":{\"@type\":\"ImageObject\",\"inLanguage\":\"es\",\"@id\":\"https:\/\/rollingringdrives.com\/#\/schema\/logo\/image\/\",\"url\":\"https:\/\/rollingringdrives.com\/wp-content\/uploads\/2023\/05\/cropped-\u672a\u547d\u540d\u7684\u8bbe\u8ba1.png\",\"contentUrl\":\"https:\/\/rollingringdrives.com\/wp-content\/uploads\/2023\/05\/cropped-\u672a\u547d\u540d\u7684\u8bbe\u8ba1.png\",\"width\":300,\"height\":191,\"caption\":\"QiPang\"},\"image\":{\"@id\":\"https:\/\/rollingringdrives.com\/#\/schema\/logo\/image\/\"}}]}<\/script>\n<!-- \/ Yoast SEO Premium plugin. -->","yoast_head_json":{"title":"QP1250-2000 M\u00e1quina de desenrollado tipo eje final - QiPang","description":"Maneje de manera eficiente carretes de cables y alambres de servicio pesado con la m\u00e1quina desenrolladora de eje final QP1250-2000. \u00a1Actualice su manejo de cables hoy!","robots":{"index":"index","follow":"follow","max-snippet":"max-snippet:-1","max-image-preview":"max-image-preview:large","max-video-preview":"max-video-preview:-1"},"canonical":"https:\/\/rollingringdrives.com\/es\/producto\/qp1250-2000-end-shaft-type-payoff-machine\/","og_locale":"es_MX","og_type":"article","og_title":"QP1250-2000 End Shaft Type Payoff Machine","og_description":"Efficiently handle heavy-duty reels of cables and wires with the QP1250-2000 End Shaft Payoff Machine. Upgrade your wire handling today!","og_url":"https:\/\/rollingringdrives.com\/es\/producto\/qp1250-2000-end-shaft-type-payoff-machine\/","og_site_name":"QiPang","article_modified_time":"2025-07-07T07:39:25+00:00","og_image":[{"width":600,"height":600,"url":"https:\/\/rollingringdrives.com\/wp-content\/uploads\/2023\/05\/2-31.jpg","type":"image\/jpeg"}],"twitter_card":"summary_large_image","twitter_misc":{"Tiempo de lectura":"2 minutos"},"schema":{"@context":"https:\/\/schema.org","@graph":[{"@type":"WebPage","@id":"https:\/\/rollingringdrives.com\/product\/qp1250-2000-end-shaft-type-payoff-machine\/","url":"https:\/\/rollingringdrives.com\/product\/qp1250-2000-end-shaft-type-payoff-machine\/","name":"QP1250-2000 M\u00e1quina de desenrollado tipo eje final - QiPang","isPartOf":{"@id":"https:\/\/rollingringdrives.com\/#website"},"primaryImageOfPage":{"@id":"https:\/\/rollingringdrives.com\/product\/qp1250-2000-end-shaft-type-payoff-machine\/#primaryimage"},"image":{"@id":"https:\/\/rollingringdrives.com\/product\/qp1250-2000-end-shaft-type-payoff-machine\/#primaryimage"},"thumbnailUrl":"https:\/\/rollingringdrives.com\/wp-content\/uploads\/2023\/05\/2-31.jpg","datePublished":"2023-05-24T02:56:45+00:00","dateModified":"2025-07-07T07:39:25+00:00","description":"Maneje de manera eficiente carretes de cables y alambres de servicio pesado con la m\u00e1quina desenrolladora de eje final QP1250-2000. \u00a1Actualice su manejo de cables hoy!","breadcrumb":{"@id":"https:\/\/rollingringdrives.com\/product\/qp1250-2000-end-shaft-type-payoff-machine\/#breadcrumb"},"inLanguage":"es","potentialAction":[{"@type":"ReadAction","target":["https:\/\/rollingringdrives.com\/product\/qp1250-2000-end-shaft-type-payoff-machine\/"]}]},{"@type":"ImageObject","inLanguage":"es","@id":"https:\/\/rollingringdrives.com\/product\/qp1250-2000-end-shaft-type-payoff-machine\/#primaryimage","url":"https:\/\/rollingringdrives.com\/wp-content\/uploads\/2023\/05\/2-31.jpg","contentUrl":"https:\/\/rollingringdrives.com\/wp-content\/uploads\/2023\/05\/2-31.jpg","width":600,"height":600,"caption":"QP1250-2000 End Shaft Type Payoff Machine"},{"@type":"BreadcrumbList","@id":"https:\/\/rollingringdrives.com\/product\/qp1250-2000-end-shaft-type-payoff-machine\/#breadcrumb","itemListElement":[{"@type":"ListItem","position":1,"name":"Home","item":"https:\/\/rollingringdrives.com\/"},{"@type":"ListItem","position":2,"name":"Machines","item":"https:\/\/rollingringdrives.com\/machines\/"},{"@type":"ListItem","position":3,"name":"QP1250-2000 End Shaft Type Payoff Machine"}]},{"@type":"WebSite","@id":"https:\/\/rollingringdrives.com\/#website","url":"https:\/\/rollingringdrives.com\/","name":"Qi Pang","description":"Blog QiPang","publisher":{"@id":"https:\/\/rollingringdrives.com\/#organization"},"potentialAction":[{"@type":"SearchAction","target":{"@type":"EntryPoint","urlTemplate":"https:\/\/rollingringdrives.com\/?s={search_term_string}"},"query-input":{"@type":"PropertyValueSpecification","valueRequired":true,"valueName":"search_term_string"}}],"inLanguage":"es"},{"@type":"Organization","@id":"https:\/\/rollingringdrives.com\/#organization","name":"Qi Pang","url":"https:\/\/rollingringdrives.com\/","logo":{"@type":"ImageObject","inLanguage":"es","@id":"https:\/\/rollingringdrives.com\/#\/schema\/logo\/image\/","url":"https:\/\/rollingringdrives.com\/wp-content\/uploads\/2023\/05\/cropped-\u672a\u547d\u540d\u7684\u8bbe\u8ba1.png","contentUrl":"https:\/\/rollingringdrives.com\/wp-content\/uploads\/2023\/05\/cropped-\u672a\u547d\u540d\u7684\u8bbe\u8ba1.png","width":300,"height":191,"caption":"QiPang"},"image":{"@id":"https:\/\/rollingringdrives.com\/#\/schema\/logo\/image\/"}}]}},"_links":{"self":[{"href":"https:\/\/rollingringdrives.com\/es\/wp-json\/wp\/v2\/product\/26358","targetHints":{"allow":["GET"]}}],"collection":[{"href":"https:\/\/rollingringdrives.com\/es\/wp-json\/wp\/v2\/product"}],"about":[{"href":"https:\/\/rollingringdrives.com\/es\/wp-json\/wp\/v2\/types\/product"}],"version-history":[{"count":0,"href":"https:\/\/rollingringdrives.com\/es\/wp-json\/wp\/v2\/product\/26358\/revisions"}],"wp:featuredmedia":[{"embeddable":true,"href":"https:\/\/rollingringdrives.com\/es\/wp-json\/wp\/v2\/media\/26361"}],"wp:attachment":[{"href":"https:\/\/rollingringdrives.com\/es\/wp-json\/wp\/v2\/media?parent=26358"}],"wp:term":[{"taxonomy":"product_brand","embeddable":true,"href":"https:\/\/rollingringdrives.com\/es\/wp-json\/wp\/v2\/product_brand?post=26358"},{"taxonomy":"product_cat","embeddable":true,"href":"https:\/\/rollingringdrives.com\/es\/wp-json\/wp\/v2\/product_cat?post=26358"},{"taxonomy":"product_tag","embeddable":true,"href":"https:\/\/rollingringdrives.com\/es\/wp-json\/wp\/v2\/product_tag?post=26358"}],"curies":[{"name":"wp","href":"https:\/\/api.w.org\/{rel}","templated":true}]}}