{"id":26424,"date":"2023-05-24T08:35:49","date_gmt":"2023-05-24T08:35:49","guid":{"rendered":"https:\/\/rollingringdrives.com\/?post_type=product&#038;p=26424"},"modified":"2026-01-17T01:52:38","modified_gmt":"2026-01-17T01:52:38","slug":"500-horizontal-winding-machine-for-coil-diameter-pn200-pn500","status":"publish","type":"product","link":"https:\/\/rollingringdrives.com\/es\/producto\/500-bobinadora-horizontal-para-bobina-diametro-pn200-pn500\/","title":{"rendered":"Qp500 Bobinadora horizontal de alambre con unidad transversal"},"content":{"rendered":"<p class=\"xsj_paragraph xsj_paragraph_level_0\" data-source-line=\"0\" data-source-line-display=\"true\">El <strong>Bobinadora de alambre 500<\/strong>\u00a0est\u00e1 dise\u00f1ado espec\u00edficamente para envolver bobinas con un rango de di\u00e1metro de <strong>PN200-PN500<\/strong>. Con un rango de ancho de bobina de 100-375 mm y una apertura de bobina de \u03a680 mm, esta m\u00e1quina ofrece precisi\u00f3n y bobinado eficiente. Con una opci\u00f3n de sujeci\u00f3n manual\/de cilindro para el modo de eje superior, garantiza una sujeci\u00f3n f\u00e1cil y segura de la bobina durante el bobinado. La disposici\u00f3n de los cables de esta m\u00e1quina est\u00e1 hecha de una varilla pulida con precisi\u00f3n que ofrece un ancho y un espacio entre filas ajustables. El dispositivo tambi\u00e9n viene con un motor Nanjing Huatiao con una potencia de 2,2 KW-6 que brinda una experiencia de bobinado estable y eficiente.<\/p>\n<p data-source-line=\"0\" data-source-line-display=\"true\"><div id=\"footable_parent_26426\"\n         class=\"footable_parent ninja_table_wrapper loading_ninja_table wp_table_data_press_parent semantic_ui\">\n                <table data-ninja_table_instance=\"ninja_table_instance_0\" data-footable_id=\"26426\" data-filter-delay=\"1000\" aria-label=\"4\u65b0\u5efa3 XL2dSX \u5de5\u4f5c\u8868 (2).csv\"            id=\"footable_26426\"\n           data-unique_identifier=\"ninja_table_unique_id_1558757488_26426\"\n           class=\"foo-table ninja_footable foo_table_26426 ninja_table_unique_id_1558757488_26426 ui table  nt_type_legacy_table selectable striped vertical_centered  footable-paging-right ninja_table_search_disabled ninja_table_pro\">\n                <colgroup>\n                            <col class=\"ninja_column_0\">\n                            <col class=\"ninja_column_1\">\n                    <\/colgroup>\n        <thead>\n<tr class=\"footable-header\">\n                                        <th scope=\"col\"  class=\"ninja_column_0 ninja_clmn_nm_parameter\">Par\u00e1metro<\/th><th scope=\"col\"  class=\"ninja_column_1 ninja_clmn_nm_value\">Valor<\/th><\/tr>\n<\/thead>\n<tbody>\n\n        <tr data-row_id=\"474\" class=\"ninja_table_row_0 nt_row_id_474\">\n            <td>Di\u00e1metro de bobina aplicable<\/td><td>PN200-PN500<\/td>        <\/tr>\n            <tr data-row_id=\"475\" class=\"ninja_table_row_1 nt_row_id_475\">\n            <td>Ancho de la bobina<\/td><td>100-375 mm<\/td>        <\/tr>\n            <tr data-row_id=\"476\" class=\"ninja_table_row_2 nt_row_id_476\">\n            <td>Apertura de la bobina<\/td><td>\u03a680mm<\/td>        <\/tr>\n            <tr data-row_id=\"477\" class=\"ninja_table_row_3 nt_row_id_477\">\n            <td>Velocidad de l\u00ednea aplicable<\/td><td>200-500 rpm<\/td>        <\/tr>\n            <tr data-row_id=\"478\" class=\"ninja_table_row_4 nt_row_id_478\">\n            <td>Modo eje superior<\/td><td>Sujeci\u00f3n manual\/sujeci\u00f3n de cilindro (seleccionable)<\/td>        <\/tr>\n            <tr data-row_id=\"479\" class=\"ninja_table_row_5 nt_row_id_479\">\n            <td>Elevador de bobinas de alambre<\/td><td>Elevador el\u00e9ctrico de varilla roscada de 0,75 KW (sin configuraci\u00f3n est\u00e1ndar)<\/td>        <\/tr>\n            <tr data-row_id=\"480\" class=\"ninja_table_row_6 nt_row_id_480\">\n            <td>Arreglo de cables<\/td><td>Disposici\u00f3n de cable de varilla pulida de precisi\u00f3n \u03a620, espaciado y ancho de fila ajustables<\/td>        <\/tr>\n            <tr data-row_id=\"481\" class=\"ninja_table_row_7 nt_row_id_481\">\n            <td>Fuerza de motor<\/td><td>Motor 2.2KW-6 + convertidor de frecuencia<\/td>        <\/tr>\n            <tr data-row_id=\"482\" class=\"ninja_table_row_8 nt_row_id_482\">\n            <td>Motor<\/td><td>Nanjing Huatiao<\/td>        <\/tr>\n            <tr data-row_id=\"483\" class=\"ninja_table_row_9 nt_row_id_483\">\n            <td>tipo de recogida<\/td><td>Tipo de chasis (para estabilidad)<\/td>        <\/tr>\n    <\/tbody><!--ninja_tobody_rendering_done-->\n    <\/table>\n    \n    \n    \n<\/div>\n<\/p>\n<div class=\"xiaoshujiang_element xsj_anchor\"><a class=\"blank_anchor_name\" name=\"applications_1\"><\/a><a id=\"applications_1\" class=\"blank_anchor_id\"><\/a><a class=\"blank_anchor_name\" name=\"applications\"><\/a><a id=\"applications\" class=\"blank_anchor_id\"><\/a><\/div>\n<h2 id=\"applications_1\" class=\"xsj_heading_hash xsj_heading xsj_heading_h2\" data-source-line=\"2\" data-source-line-display=\"true\"><span class=\"xsj_heading_content\">Aplicaciones:<\/span><\/h2>\n<p class=\"xsj_paragraph xsj_paragraph_level_0\" data-source-line=\"4\" data-source-line-display=\"true\">La m\u00e1quina bobinadora horizontal 500 para di\u00e1metro de bobina PN200-PN500 tiene una variedad de aplicaciones en diferentes industrias. Se usa com\u00fanmente para producir transformadores, motores y bobinas similares dentro del rango de di\u00e1metro. Como resultado de su funci\u00f3n de disposici\u00f3n de cables personalizable, puede lograr un bobinado de precisi\u00f3n, lo que lo hace adecuado para aplicaciones de gama alta.<\/p>\n<div class=\"xiaoshujiang_element xsj_anchor\"><a class=\"blank_anchor_name\" name=\"faqs_2\"><\/a><a id=\"faqs_2\" class=\"blank_anchor_id\"><\/a><a class=\"blank_anchor_name\" name=\"faqs\"><\/a><a id=\"faqs\" class=\"blank_anchor_id\"><\/a><\/div>\n<h2 id=\"faqs_2\" class=\"xsj_heading_hash xsj_heading xsj_heading_h2\" data-source-line=\"6\" data-source-line-display=\"true\"><span class=\"xsj_heading_content\">Preguntas frecuentes:<\/span><\/h2>\n<div class=\"xiaoshujiang_element xsj_anchor\"><a class=\"blank_anchor_name\" name=\"q20what20is20the20maximum20coil20diameter20that20can20be20wound20on20this20machine_3\"><\/a><a id=\"q20what20is20the20maximum20coil20diameter20that20can20be20wound20on20this20machine_3\" class=\"blank_anchor_id\"><\/a><a class=\"blank_anchor_name\" name=\"q-what-is-the-maximum-coil-diameter-that-can-be-wound-on-this-machine\"><\/a><a id=\"q-what-is-the-maximum-coil-diameter-that-can-be-wound-on-this-machine\" class=\"blank_anchor_id\"><\/a><\/div>\n<h4 id=\"q20what20is20the20maximum20coil20diameter20that20can20be20wound20on20this20machine_3\" class=\"xsj_heading_hash xsj_heading xsj_heading_h4\" data-source-line=\"8\" data-source-line-display=\"true\"><span class=\"xsj_heading_content\">P: \u00bfCu\u00e1l es el di\u00e1metro m\u00e1ximo de bobina encontrado en esta m\u00e1quina?<\/span><\/h4>\n<p class=\"xsj_paragraph xsj_paragraph_level_0\" data-source-line=\"10\" data-source-line-display=\"true\">R: La m\u00e1quina de bobinado horizontal 500 puede adaptarse a di\u00e1metros de bobina que van desde PN200 a PN500.<\/p>\n<div class=\"xiaoshujiang_element xsj_anchor\"><a class=\"blank_anchor_name\" name=\"q20how20fast20is20the20machinee28099s20line20speed_4\"><\/a><a id=\"q20how20fast20is20the20machinee28099s20line20speed_4\" class=\"blank_anchor_id\"><\/a><a class=\"blank_anchor_name\" name=\"q-how-fast-is-the-machines-line-speed\"><\/a><a id=\"q-how-fast-is-the-machines-line-speed\" class=\"blank_anchor_id\"><\/a><\/div>\n<h4 id=\"q20how20fast20is20the20machinee28099s20line20speed_4\" class=\"xsj_heading_hash xsj_heading xsj_heading_h4\" data-source-line=\"12\" data-source-line-display=\"true\"><span class=\"xsj_heading_content\">P: \u00bfQu\u00e9 tan r\u00e1pida es la velocidad de la l\u00ednea de la m\u00e1quina?<\/span><\/h4>\n<p class=\"xsj_paragraph xsj_paragraph_level_0\" data-source-line=\"14\" data-source-line-display=\"true\">R: La velocidad de l\u00ednea de la m\u00e1quina oscila entre 200 y 500 R\/min, lo que la hace altamente eficiente.<\/p>\n<div class=\"xiaoshujiang_element xsj_anchor\"><a class=\"blank_anchor_name\" name=\"q20does20the20machine20come20with20a20motor_5\"><\/a><a id=\"q20does20the20machine20come20with20a20motor_5\" class=\"blank_anchor_id\"><\/a><a class=\"blank_anchor_name\" name=\"q-does-the-machine-come-with-a-motor\"><\/a><a id=\"q-does-the-machine-come-with-a-motor\" class=\"blank_anchor_id\"><\/a><\/div>\n<h4 id=\"q20does20the20machine20come20with20a20motor_5\" class=\"xsj_heading_hash xsj_heading xsj_heading_h4\" data-source-line=\"16\" data-source-line-display=\"true\"><span class=\"xsj_heading_content\">P: \u00bfLa m\u00e1quina viene con un motor?<\/span><\/h4>\n<p class=\"xsj_paragraph xsj_paragraph_level_0\" data-source-line=\"18\" data-source-line-display=\"true\">R: S\u00ed, la bobinadora horizontal 500 tiene un motor Nanjing Huatiao con una potencia de 2,2 KW-6.<\/p>\n<div class=\"xiaoshujiang_element xsj_anchor\"><a class=\"blank_anchor_name\" name=\"q20what20is20the20cable20arrangement20made20of_6\"><\/a><a id=\"q20what20is20the20cable20arrangement20made20of_6\" class=\"blank_anchor_id\"><\/a><a class=\"blank_anchor_name\" name=\"q-what-is-the-cable-arrangement-made-of\"><\/a><a id=\"q-what-is-the-cable-arrangement-made-of\" class=\"blank_anchor_id\"><\/a><\/div>\n<h4 id=\"q20what20is20the20cable20arrangement20made20of_6\" class=\"xsj_heading_hash xsj_heading xsj_heading_h4\" data-source-line=\"20\" data-source-line-display=\"true\"><span class=\"xsj_heading_content\">P: \u00bfDe qu\u00e9 est\u00e1 hecho el arreglo de cables?<\/span><\/h4>\n<p class=\"xsj_paragraph xsj_paragraph_level_0\" data-source-line=\"22\" data-source-line-display=\"true\">R: La disposici\u00f3n de los cables est\u00e1 hecha de una varilla pulida con precisi\u00f3n que ofrece ancho y espacio entre filas ajustable.<\/p>\n<div class=\"xiaoshujiang_element xsj_anchor\"><a class=\"blank_anchor_name\" name=\"q20can20the20top20shaft20mode20be20changed_7\"><\/a><a id=\"q20can20the20top20shaft20mode20be20changed_7\" class=\"blank_anchor_id\"><\/a><a class=\"blank_anchor_name\" name=\"q-can-the-top-shaft-mode-be-changed\"><\/a><a id=\"q-can-the-top-shaft-mode-be-changed\" class=\"blank_anchor_id\"><\/a><\/div>\n<h4 id=\"q20can20the20top20shaft20mode20be20changed_7\" class=\"xsj_heading_hash xsj_heading xsj_heading_h4\" data-source-line=\"24\" data-source-line-display=\"true\"><span class=\"xsj_heading_content\">P: \u00bfSe puede cambiar el modo del eje superior?<\/span><\/h4>\n<p class=\"xsj_paragraph xsj_paragraph_level_0\" data-source-line=\"26\" data-source-line-display=\"true\">R: S\u00ed, el modo de eje superior tiene una opci\u00f3n de sujeci\u00f3n manual\/cil\u00edndrica que se puede seleccionar seg\u00fan sus preferencias.<\/p>","protected":false},"excerpt":{"rendered":"<h2 id=\"features_1\" class=\"xsj_heading_hash xsj_heading xsj_heading_h2\" data-source-line=\"2\" data-source-line-display=\"true\"><span class=\"xsj_heading_content\">Caracter\u00edsticas:<\/span><\/h2>\n<ol class=\"markdown_ol\" data-source-line=\"4\">\n<li data-source-line=\"4\">La m\u00e1quina es adecuada para bobinar bobinas dentro del rango de di\u00e1metro PN200-PN500, lo que la hace vers\u00e1til.<\/li>\n<li data-source-line=\"5\">La disposici\u00f3n flexible de los cables le permite controlar el espaciado y el ancho de las filas para personalizar los resultados del bobinado seg\u00fan sus preferencias.<\/li>\n<li data-source-line=\"6\">Puede tener mayor seguridad y estabilidad con un modo de eje completo con capacidad de sujeci\u00f3n manual\/cil\u00edndrica.<\/li>\n<li data-source-line=\"7\">La bobinadora horizontal 500 tiene una velocidad de l\u00ednea r\u00e1pida de 200-500 R\/min, lo que la hace eficiente y ahorra tiempo.<\/li>\n<li data-source-line=\"8\">El dise\u00f1o robusto del chasis con elevador el\u00e9ctrico de varilla roscada asegura que la m\u00e1quina se mantenga estable durante todo el proceso de bobinado.<\/li>\n<\/ol>","protected":false},"featured_media":32861,"template":"","meta":{"site-sidebar-layout":"default","site-content-layout":"default","ast-global-header-display":"","ast-banner-title-visibility":"","ast-main-header-display":"","ast-hfb-above-header-display":"","ast-hfb-below-header-display":"","ast-hfb-mobile-header-display":"","site-post-title":"","ast-breadcrumbs-content":"","ast-featured-img":"","footer-sml-layout":"","theme-transparent-header-meta":"default","adv-header-id-meta":"","stick-header-meta":"","header-above-stick-meta":"","header-main-stick-meta":"","header-below-stick-meta":""},"product_brand":[],"product_cat":[51,151],"product_tag":[],"class_list":{"0":"post-26424","1":"product","2":"type-product","3":"status-publish","4":"has-post-thumbnail","6":"product_cat-wire-take-up-machine","7":"product_cat-shaftless-cable-take-up-machine","8":"desktop-align-left","9":"tablet-align-left","10":"mobile-align-left","12":"first","13":"instock","14":"shipping-taxable","15":"product-type-simple"},"yoast_head":"<!-- This site is optimized with the Yoast SEO Premium plugin v20.12 (Yoast SEO v26.0) - https:\/\/yoast.com\/wordpress\/plugins\/seo\/ -->\n<title>Qp500 Horizontal Wire Spooling Machine With Traverse Unit - QiPang<\/title>\n<meta name=\"description\" content=\"Experience precision and efficient winding with the 500 Horizontal Winding Machine. Order now for safe coil clamping and adjustable cable arrangement!\" \/>\n<meta name=\"robots\" content=\"index, follow, max-snippet:-1, max-image-preview:large, max-video-preview:-1\" \/>\n<link rel=\"canonical\" href=\"https:\/\/rollingringdrives.com\/es\/producto\/500-bobinadora-horizontal-para-bobina-diametro-pn200-pn500\/\" \/>\n<meta property=\"og:locale\" content=\"es_MX\" \/>\n<meta property=\"og:type\" content=\"article\" \/>\n<meta property=\"og:title\" content=\"Qp500 Horizontal Wire Spooling Machine With Traverse Unit\" \/>\n<meta property=\"og:description\" content=\"Experience precision and efficient winding with the 500 Horizontal Winding Machine. Order now for safe coil clamping and adjustable cable arrangement!\" \/>\n<meta property=\"og:url\" content=\"https:\/\/rollingringdrives.com\/es\/producto\/500-bobinadora-horizontal-para-bobina-diametro-pn200-pn500\/\" \/>\n<meta property=\"og:site_name\" content=\"QiPang\" \/>\n<meta property=\"article:modified_time\" content=\"2026-01-17T01:52:38+00:00\" \/>\n<meta name=\"twitter:card\" content=\"summary_large_image\" \/>\n<meta name=\"twitter:label1\" content=\"Tiempo de lectura\" \/>\n\t<meta name=\"twitter:data1\" content=\"2 minutos\" \/>\n<script type=\"application\/ld+json\" class=\"yoast-schema-graph\">{\"@context\":\"https:\/\/schema.org\",\"@graph\":[{\"@type\":\"WebPage\",\"@id\":\"https:\/\/rollingringdrives.com\/product\/500-horizontal-winding-machine-for-coil-diameter-pn200-pn500\/\",\"url\":\"https:\/\/rollingringdrives.com\/product\/500-horizontal-winding-machine-for-coil-diameter-pn200-pn500\/\",\"name\":\"Qp500 Horizontal Wire Spooling Machine With Traverse Unit - QiPang\",\"isPartOf\":{\"@id\":\"https:\/\/rollingringdrives.com\/#website\"},\"primaryImageOfPage\":{\"@id\":\"https:\/\/rollingringdrives.com\/product\/500-horizontal-winding-machine-for-coil-diameter-pn200-pn500\/#primaryimage\"},\"image\":{\"@id\":\"https:\/\/rollingringdrives.com\/product\/500-horizontal-winding-machine-for-coil-diameter-pn200-pn500\/#primaryimage\"},\"thumbnailUrl\":\"https:\/\/rollingringdrives.com\/wp-content\/uploads\/2023\/05\/1.avif\",\"datePublished\":\"2023-05-24T08:35:49+00:00\",\"dateModified\":\"2026-01-17T01:52:38+00:00\",\"description\":\"Experience precision and efficient winding with the 500 Horizontal Winding Machine. Order now for safe coil clamping and adjustable cable arrangement!\",\"breadcrumb\":{\"@id\":\"https:\/\/rollingringdrives.com\/product\/500-horizontal-winding-machine-for-coil-diameter-pn200-pn500\/#breadcrumb\"},\"inLanguage\":\"es\",\"potentialAction\":[{\"@type\":\"ReadAction\",\"target\":[\"https:\/\/rollingringdrives.com\/product\/500-horizontal-winding-machine-for-coil-diameter-pn200-pn500\/\"]}]},{\"@type\":\"ImageObject\",\"inLanguage\":\"es\",\"@id\":\"https:\/\/rollingringdrives.com\/product\/500-horizontal-winding-machine-for-coil-diameter-pn200-pn500\/#primaryimage\",\"url\":\"https:\/\/rollingringdrives.com\/wp-content\/uploads\/2023\/05\/1.avif\",\"contentUrl\":\"https:\/\/rollingringdrives.com\/wp-content\/uploads\/2023\/05\/1.avif\",\"width\":1000,\"height\":1000,\"caption\":\"wire spooling machine\"},{\"@type\":\"BreadcrumbList\",\"@id\":\"https:\/\/rollingringdrives.com\/product\/500-horizontal-winding-machine-for-coil-diameter-pn200-pn500\/#breadcrumb\",\"itemListElement\":[{\"@type\":\"ListItem\",\"position\":1,\"name\":\"Home\",\"item\":\"https:\/\/rollingringdrives.com\/\"},{\"@type\":\"ListItem\",\"position\":2,\"name\":\"Machines\",\"item\":\"https:\/\/rollingringdrives.com\/machines\/\"},{\"@type\":\"ListItem\",\"position\":3,\"name\":\"Qp500 Horizontal Wire Spooling Machine With Traverse Unit\"}]},{\"@type\":\"WebSite\",\"@id\":\"https:\/\/rollingringdrives.com\/#website\",\"url\":\"https:\/\/rollingringdrives.com\/\",\"name\":\"QiPang\",\"description\":\"QiPang Blog\",\"publisher\":{\"@id\":\"https:\/\/rollingringdrives.com\/#organization\"},\"potentialAction\":[{\"@type\":\"SearchAction\",\"target\":{\"@type\":\"EntryPoint\",\"urlTemplate\":\"https:\/\/rollingringdrives.com\/?s={search_term_string}\"},\"query-input\":{\"@type\":\"PropertyValueSpecification\",\"valueRequired\":true,\"valueName\":\"search_term_string\"}}],\"inLanguage\":\"es\"},{\"@type\":\"Organization\",\"@id\":\"https:\/\/rollingringdrives.com\/#organization\",\"name\":\"QiPang\",\"url\":\"https:\/\/rollingringdrives.com\/\",\"logo\":{\"@type\":\"ImageObject\",\"inLanguage\":\"es\",\"@id\":\"https:\/\/rollingringdrives.com\/#\/schema\/logo\/image\/\",\"url\":\"https:\/\/rollingringdrives.com\/wp-content\/uploads\/2023\/05\/cropped-\u672a\u547d\u540d\u7684\u8bbe\u8ba1.png\",\"contentUrl\":\"https:\/\/rollingringdrives.com\/wp-content\/uploads\/2023\/05\/cropped-\u672a\u547d\u540d\u7684\u8bbe\u8ba1.png\",\"width\":300,\"height\":191,\"caption\":\"QiPang\"},\"image\":{\"@id\":\"https:\/\/rollingringdrives.com\/#\/schema\/logo\/image\/\"}}]}<\/script>\n<!-- \/ Yoast SEO Premium plugin. -->","yoast_head_json":{"title":"Qp500 Bobinadora horizontal de alambre con unidad transversal - QiPang","description":"Experimente la precisi\u00f3n y el bobinado eficiente con la m\u00e1quina bobinadora horizontal 500. \u00a1Haga su pedido ahora para una sujeci\u00f3n segura de la bobina y una disposici\u00f3n de cables ajustable!","robots":{"index":"index","follow":"follow","max-snippet":"max-snippet:-1","max-image-preview":"max-image-preview:large","max-video-preview":"max-video-preview:-1"},"canonical":"https:\/\/rollingringdrives.com\/es\/producto\/500-bobinadora-horizontal-para-bobina-diametro-pn200-pn500\/","og_locale":"es_MX","og_type":"article","og_title":"Qp500 Horizontal Wire Spooling Machine With Traverse Unit","og_description":"Experience precision and efficient winding with the 500 Horizontal Winding Machine. Order now for safe coil clamping and adjustable cable arrangement!","og_url":"https:\/\/rollingringdrives.com\/es\/producto\/500-bobinadora-horizontal-para-bobina-diametro-pn200-pn500\/","og_site_name":"QiPang","article_modified_time":"2026-01-17T01:52:38+00:00","twitter_card":"summary_large_image","twitter_misc":{"Tiempo de lectura":"2 minutos"},"schema":{"@context":"https:\/\/schema.org","@graph":[{"@type":"WebPage","@id":"https:\/\/rollingringdrives.com\/product\/500-horizontal-winding-machine-for-coil-diameter-pn200-pn500\/","url":"https:\/\/rollingringdrives.com\/product\/500-horizontal-winding-machine-for-coil-diameter-pn200-pn500\/","name":"Qp500 Bobinadora horizontal de alambre con unidad transversal - QiPang","isPartOf":{"@id":"https:\/\/rollingringdrives.com\/#website"},"primaryImageOfPage":{"@id":"https:\/\/rollingringdrives.com\/product\/500-horizontal-winding-machine-for-coil-diameter-pn200-pn500\/#primaryimage"},"image":{"@id":"https:\/\/rollingringdrives.com\/product\/500-horizontal-winding-machine-for-coil-diameter-pn200-pn500\/#primaryimage"},"thumbnailUrl":"https:\/\/rollingringdrives.com\/wp-content\/uploads\/2023\/05\/1.avif","datePublished":"2023-05-24T08:35:49+00:00","dateModified":"2026-01-17T01:52:38+00:00","description":"Experimente la precisi\u00f3n y el bobinado eficiente con la m\u00e1quina bobinadora horizontal 500. \u00a1Haga su pedido ahora para una sujeci\u00f3n segura de la bobina y una disposici\u00f3n de cables ajustable!","breadcrumb":{"@id":"https:\/\/rollingringdrives.com\/product\/500-horizontal-winding-machine-for-coil-diameter-pn200-pn500\/#breadcrumb"},"inLanguage":"es","potentialAction":[{"@type":"ReadAction","target":["https:\/\/rollingringdrives.com\/product\/500-horizontal-winding-machine-for-coil-diameter-pn200-pn500\/"]}]},{"@type":"ImageObject","inLanguage":"es","@id":"https:\/\/rollingringdrives.com\/product\/500-horizontal-winding-machine-for-coil-diameter-pn200-pn500\/#primaryimage","url":"https:\/\/rollingringdrives.com\/wp-content\/uploads\/2023\/05\/1.avif","contentUrl":"https:\/\/rollingringdrives.com\/wp-content\/uploads\/2023\/05\/1.avif","width":1000,"height":1000,"caption":"wire spooling machine"},{"@type":"BreadcrumbList","@id":"https:\/\/rollingringdrives.com\/product\/500-horizontal-winding-machine-for-coil-diameter-pn200-pn500\/#breadcrumb","itemListElement":[{"@type":"ListItem","position":1,"name":"Home","item":"https:\/\/rollingringdrives.com\/"},{"@type":"ListItem","position":2,"name":"Machines","item":"https:\/\/rollingringdrives.com\/machines\/"},{"@type":"ListItem","position":3,"name":"Qp500 Horizontal Wire Spooling Machine With Traverse Unit"}]},{"@type":"WebSite","@id":"https:\/\/rollingringdrives.com\/#website","url":"https:\/\/rollingringdrives.com\/","name":"Qi Pang","description":"Blog QiPang","publisher":{"@id":"https:\/\/rollingringdrives.com\/#organization"},"potentialAction":[{"@type":"SearchAction","target":{"@type":"EntryPoint","urlTemplate":"https:\/\/rollingringdrives.com\/?s={search_term_string}"},"query-input":{"@type":"PropertyValueSpecification","valueRequired":true,"valueName":"search_term_string"}}],"inLanguage":"es"},{"@type":"Organization","@id":"https:\/\/rollingringdrives.com\/#organization","name":"Qi Pang","url":"https:\/\/rollingringdrives.com\/","logo":{"@type":"ImageObject","inLanguage":"es","@id":"https:\/\/rollingringdrives.com\/#\/schema\/logo\/image\/","url":"https:\/\/rollingringdrives.com\/wp-content\/uploads\/2023\/05\/cropped-\u672a\u547d\u540d\u7684\u8bbe\u8ba1.png","contentUrl":"https:\/\/rollingringdrives.com\/wp-content\/uploads\/2023\/05\/cropped-\u672a\u547d\u540d\u7684\u8bbe\u8ba1.png","width":300,"height":191,"caption":"QiPang"},"image":{"@id":"https:\/\/rollingringdrives.com\/#\/schema\/logo\/image\/"}}]}},"_links":{"self":[{"href":"https:\/\/rollingringdrives.com\/es\/wp-json\/wp\/v2\/product\/26424","targetHints":{"allow":["GET"]}}],"collection":[{"href":"https:\/\/rollingringdrives.com\/es\/wp-json\/wp\/v2\/product"}],"about":[{"href":"https:\/\/rollingringdrives.com\/es\/wp-json\/wp\/v2\/types\/product"}],"version-history":[{"count":0,"href":"https:\/\/rollingringdrives.com\/es\/wp-json\/wp\/v2\/product\/26424\/revisions"}],"wp:featuredmedia":[{"embeddable":true,"href":"https:\/\/rollingringdrives.com\/es\/wp-json\/wp\/v2\/media\/32861"}],"wp:attachment":[{"href":"https:\/\/rollingringdrives.com\/es\/wp-json\/wp\/v2\/media?parent=26424"}],"wp:term":[{"taxonomy":"product_brand","embeddable":true,"href":"https:\/\/rollingringdrives.com\/es\/wp-json\/wp\/v2\/product_brand?post=26424"},{"taxonomy":"product_cat","embeddable":true,"href":"https:\/\/rollingringdrives.com\/es\/wp-json\/wp\/v2\/product_cat?post=26424"},{"taxonomy":"product_tag","embeddable":true,"href":"https:\/\/rollingringdrives.com\/es\/wp-json\/wp\/v2\/product_tag?post=26424"}],"curies":[{"name":"wp","href":"https:\/\/api.w.org\/{rel}","templated":true}]}}