{"id":26613,"date":"2023-05-27T04:55:27","date_gmt":"2023-05-27T04:55:27","guid":{"rendered":"https:\/\/rollingringdrives.com\/?post_type=product&#038;p=26613"},"modified":"2023-07-04T00:35:57","modified_gmt":"2023-07-04T00:35:57","slug":"crawler-wire-and-cable-meter-counter","status":"publish","type":"product","link":"https:\/\/rollingringdrives.com\/es\/producto\/contador-de-medidores-de-cables-y-alambres-de-orugas\/","title":{"rendered":"Contador de medidor de cable y cable de oruga"},"content":{"rendered":"<p class=\"xsj_paragraph xsj_paragraph_level_0\" data-source-line=\"0\" data-source-line-display=\"true\">El\u00a0<strong class=\"markdown_strong_asterisk\">Contador de medidor de cable y cable de oruga<\/strong> es un dispositivo de conteo de medidores vers\u00e1til que utiliza un m\u00e9todo de transmisi\u00f3n de orugas para obtener mediciones precisas. Tiene un mecanismo de compresi\u00f3n, una manivela y un medidor de pantalla electr\u00f3nico para lecturas precisas que se pueden tensar f\u00e1cilmente. Adem\u00e1s, tiene una altura central ajustable dentro del rango de 300-1050 mm, con ajustes de rodillos delanteros y traseros para un posicionamiento suave del cable. Este dispositivo de conteo de medidores viene con una rueda de medidor confiable y par\u00e1metros de rueda s\u00edncrona para una medici\u00f3n precisa de alambres y cables.<\/p>\n<p data-source-line=\"0\" data-source-line-display=\"true\"><div id=\"footable_parent_26615\"\n         class=\"footable_parent ninja_table_wrapper loading_ninja_table wp_table_data_press_parent semantic_ui\">\n                <table data-ninja_table_instance=\"ninja_table_instance_0\" data-footable_id=\"26615\" data-filter-delay=\"1000\" aria-label=\"4\u65b0cx\u5efa XLSX \u5de5\u4f5c\u8868 (2).csv\"            id=\"footable_26615\"\n           data-unique_identifier=\"ninja_table_unique_id_2063363735_26615\"\n           class=\"foo-table ninja_footable foo_table_26615 ninja_table_unique_id_2063363735_26615 ui table  nt_type_legacy_table selectable striped vertical_centered  footable-paging-right ninja_table_search_disabled ninja_table_pro\">\n                <colgroup>\n                            <col class=\"ninja_column_0\">\n                            <col class=\"ninja_column_1\">\n                    <\/colgroup>\n        <thead>\n<tr class=\"footable-header\">\n                                        <th scope=\"col\"  class=\"ninja_column_0 ninja_clmn_nm_parameters\">Par\u00e1metros<\/th><th scope=\"col\"  class=\"ninja_column_1 ninja_clmn_nm_values\">Valores<\/th><\/tr>\n<\/thead>\n<tbody>\n\n        <tr data-row_id=\"583\" class=\"ninja_table_row_0 nt_row_id_583\">\n            <td>Tipo de conteo de medidores<\/td><td>Contador de metros sobre orugas<\/td>        <\/tr>\n            <tr data-row_id=\"584\" class=\"ninja_table_row_1 nt_row_id_584\">\n            <td>M\u00e9todo de conteo de medidores<\/td><td>Accionamiento de oruga\/oruga<\/td>        <\/tr>\n            <tr data-row_id=\"585\" class=\"ninja_table_row_2 nt_row_id_585\">\n            <td>Par\u00e1metros de la rueda de medidores<\/td><td>sin<\/td>        <\/tr>\n            <tr data-row_id=\"586\" class=\"ninja_table_row_3 nt_row_id_586\">\n            <td>Par\u00e1metros de rueda s\u00edncrona<\/td><td>5M5030<\/td>        <\/tr>\n            <tr data-row_id=\"587\" class=\"ninja_table_row_4 nt_row_id_587\">\n            <td>Par\u00e1metros de rueda s\u00edncrona<\/td><td>HTD480- 5M<\/td>        <\/tr>\n            <tr data-row_id=\"588\" class=\"ninja_table_row_5 nt_row_id_588\">\n            <td>Rango de medidor<\/td><td>1-30 mm .1-50 mm<\/td>        <\/tr>\n            <tr data-row_id=\"589\" class=\"ninja_table_row_6 nt_row_id_589\">\n            <td>\u00c1mbito de tolerancia<\/td><td>1 \u2030<\/td>        <\/tr>\n            <tr data-row_id=\"590\" class=\"ninja_table_row_7 nt_row_id_590\">\n            <td>Velocidad de medici\u00f3n<\/td><td>200m\/min<\/td>        <\/tr>\n            <tr data-row_id=\"591\" class=\"ninja_table_row_8 nt_row_id_591\">\n            <td>M\u00e9todo de compresi\u00f3n<\/td><td>manivela tensada<\/td>        <\/tr>\n            <tr data-row_id=\"592\" class=\"ninja_table_row_9 nt_row_id_592\">\n            <td>m\u00e9todo de visualizaci\u00f3n<\/td><td>Medidor electr\u00f3nico de visualizaci\u00f3n<\/td>        <\/tr>\n            <tr data-row_id=\"593\" class=\"ninja_table_row_10 nt_row_id_593\">\n            <td>Altura del centro<\/td><td>Ajustable dentro del rango de 300- 1050 mm<\/td>        <\/tr>\n            <tr data-row_id=\"594\" class=\"ninja_table_row_11 nt_row_id_594\">\n            <td>M\u00e9todo de medida<\/td><td>Se puede utilizar codificador o inducci\u00f3n<\/td>        <\/tr>\n            <tr data-row_id=\"595\" class=\"ninja_table_row_12 nt_row_id_595\">\n            <td>direcci\u00f3n entrante<\/td><td>Cable gu\u00eda de ajuste de rodillos delantero y trasero hacia adentro y hacia afuera<\/td>        <\/tr>\n            <tr data-row_id=\"596\" class=\"ninja_table_row_13 nt_row_id_596\">\n            <td>Regla de apariencia general<\/td><td>580*330*320mm<\/td>        <\/tr>\n    <\/tbody><!--ninja_tobody_rendering_done-->\n    <\/table>\n    \n    \n    \n<\/div>\n<\/p>\n<div class=\"xiaoshujiang_element xsj_anchor\"><a class=\"blank_anchor_name\" name=\"applications_1\"><\/a><a id=\"applications_1\" class=\"blank_anchor_id\"><\/a><a class=\"blank_anchor_name\" name=\"applications\"><\/a><a id=\"applications\" class=\"blank_anchor_id\"><\/a><\/div>\n<h2 id=\"applications_1\" class=\"xsj_heading_hash xsj_heading xsj_heading_h2\" data-source-line=\"2\" data-source-line-display=\"true\"><span class=\"xsj_heading_content\">Aplicaciones:<\/span><\/h2>\n<p class=\"xsj_paragraph xsj_paragraph_level_0\" data-source-line=\"4\" data-source-line-display=\"true\">El contador de medidores de cables y alambres sobre orugas se adapta a varias industrias, incluidas la el\u00e9ctrica, automotriz, telecomunicaciones y m\u00e1s. Es ampliamente utilizado para medir la longitud de alambres y cables durante la fabricaci\u00f3n, lo que garantiza mediciones consistentes y precisas para una calidad \u00f3ptima del producto.<\/p>\n<div class=\"xiaoshujiang_element xsj_anchor\"><a class=\"blank_anchor_name\" name=\"measuring20principle_2\"><\/a><a id=\"measuring20principle_2\" class=\"blank_anchor_id\"><\/a><a class=\"blank_anchor_name\" name=\"measuring-principle\"><\/a><a id=\"measuring-principle\" class=\"blank_anchor_id\"><\/a><\/div>\n<h2 id=\"measuring20principle_2\" class=\"xsj_heading_hash xsj_heading xsj_heading_h2\" data-source-line=\"6\" data-source-line-display=\"true\"><span class=\"xsj_heading_content\">Principio de medici\u00f3n:<\/span><\/h2>\n<p class=\"xsj_paragraph xsj_paragraph_level_0\" data-source-line=\"8\" data-source-line-display=\"true\">El contador de medidores de cables y alambres sobre orugas utiliza un m\u00e9todo de transmisi\u00f3n de orugas para medir la longitud del alambre y el cable. El mecanismo de compresi\u00f3n asegura que el alambre est\u00e9 tensado correctamente y el medidor de pantalla electr\u00f3nico proporciona lecturas claras y precisas. Adem\u00e1s, la altura central ajustable y el ajuste de los rodillos delantero y trasero aseguran que el alambre se coloque correctamente para obtener medidas exactas.<\/p>\n<div class=\"xiaoshujiang_element xsj_anchor\"><a class=\"blank_anchor_name\" name=\"faqs_3\"><\/a><a id=\"faqs_3\" class=\"blank_anchor_id\"><\/a><a class=\"blank_anchor_name\" name=\"faqs\"><\/a><a id=\"faqs\" class=\"blank_anchor_id\"><\/a><\/div>","protected":false},"excerpt":{"rendered":"<h2 id=\"features_1\" class=\"xsj_heading_hash xsj_heading xsj_heading_h2\" data-source-line=\"2\" data-source-line-display=\"true\"><span class=\"xsj_heading_content\">Caracter\u00edsticas:<\/span><\/h2>\n<ol class=\"markdown_ol\" data-source-line=\"4\">\n<li data-source-line=\"4\">El contador de medidores de cables y alambres sobre orugas est\u00e1 dise\u00f1ado para medir una amplia gama de di\u00e1metros de alambres y cables, que van desde 1-30 mm hasta 0,1-50 mm.<\/li>\n<li data-source-line=\"5\">Tiene un alcance de alta tolerancia de 1 \u2030, lo que garantiza resultados de medici\u00f3n precisos.<\/li>\n<li data-source-line=\"6\">El dispositivo presenta una construcci\u00f3n robusta y duradera, lo que lo hace adecuado para un uso a largo plazo.<\/li>\n<li data-source-line=\"7\">Tiene dos m\u00e9todos de medici\u00f3n, codificador o inducci\u00f3n, que se pueden utilizar en funci\u00f3n de sus necesidades espec\u00edficas.<\/li>\n<li data-source-line=\"8\">La altura central ajustable y el ajuste de los rodillos delantero y trasero proporcionan un posicionamiento f\u00e1cil y suave del alambre y el cable.<\/li>\n<\/ol>","protected":false},"featured_media":26687,"template":"","meta":{"site-sidebar-layout":"default","site-content-layout":"default","ast-global-header-display":"","ast-banner-title-visibility":"","ast-main-header-display":"","ast-hfb-above-header-display":"","ast-hfb-below-header-display":"","ast-hfb-mobile-header-display":"","site-post-title":"","ast-breadcrumbs-content":"","ast-featured-img":"","footer-sml-layout":"","theme-transparent-header-meta":"default","adv-header-id-meta":"","stick-header-meta":"","header-above-stick-meta":"","header-main-stick-meta":"","header-below-stick-meta":""},"product_brand":[],"product_cat":[59],"product_tag":[],"class_list":{"0":"post-26613","1":"product","2":"type-product","3":"status-publish","4":"has-post-thumbnail","6":"product_cat-length-measuring-instrument","7":"desktop-align-left","8":"tablet-align-left","9":"mobile-align-left","11":"first","12":"instock","13":"shipping-taxable","14":"product-type-simple"},"yoast_head":"<!-- This site is optimized with the Yoast SEO Premium plugin v20.12 (Yoast SEO v26.0) - https:\/\/yoast.com\/wordpress\/plugins\/seo\/ -->\n<title>Crawler Wire And Cable Meter Counter - QiPang<\/title>\n<meta name=\"description\" content=\"Get accurate measurements every time with Crawler Wire Meter Counter - reliable, versatile, and easy-to-use. Upgrade your wire production today!\" \/>\n<meta name=\"robots\" content=\"index, follow, max-snippet:-1, max-image-preview:large, max-video-preview:-1\" \/>\n<link rel=\"canonical\" href=\"https:\/\/rollingringdrives.com\/es\/producto\/contador-de-medidores-de-cables-y-alambres-de-orugas\/\" \/>\n<meta property=\"og:locale\" content=\"es_MX\" \/>\n<meta property=\"og:type\" content=\"article\" \/>\n<meta property=\"og:title\" content=\"Crawler Wire And Cable Meter Counter\" \/>\n<meta property=\"og:description\" content=\"Get accurate measurements every time with Crawler Wire Meter Counter - reliable, versatile, and easy-to-use. Upgrade your wire production today!\" \/>\n<meta property=\"og:url\" content=\"https:\/\/rollingringdrives.com\/es\/producto\/contador-de-medidores-de-cables-y-alambres-de-orugas\/\" \/>\n<meta property=\"og:site_name\" content=\"QiPang\" \/>\n<meta property=\"article:modified_time\" content=\"2023-07-04T00:35:57+00:00\" \/>\n<meta property=\"og:image\" content=\"https:\/\/rollingringdrives.com\/wp-content\/uploads\/2023\/05\/1-47.jpg\" \/>\n\t<meta property=\"og:image:width\" content=\"600\" \/>\n\t<meta property=\"og:image:height\" content=\"600\" \/>\n\t<meta property=\"og:image:type\" content=\"image\/jpeg\" \/>\n<meta name=\"twitter:card\" content=\"summary_large_image\" \/>\n<meta name=\"twitter:label1\" content=\"Tiempo de lectura\" \/>\n\t<meta name=\"twitter:data1\" content=\"1 minuto\" \/>\n<script type=\"application\/ld+json\" class=\"yoast-schema-graph\">{\"@context\":\"https:\/\/schema.org\",\"@graph\":[{\"@type\":\"WebPage\",\"@id\":\"https:\/\/rollingringdrives.com\/product\/crawler-wire-and-cable-meter-counter\/\",\"url\":\"https:\/\/rollingringdrives.com\/product\/crawler-wire-and-cable-meter-counter\/\",\"name\":\"Crawler Wire And Cable Meter Counter - QiPang\",\"isPartOf\":{\"@id\":\"https:\/\/rollingringdrives.com\/#website\"},\"primaryImageOfPage\":{\"@id\":\"https:\/\/rollingringdrives.com\/product\/crawler-wire-and-cable-meter-counter\/#primaryimage\"},\"image\":{\"@id\":\"https:\/\/rollingringdrives.com\/product\/crawler-wire-and-cable-meter-counter\/#primaryimage\"},\"thumbnailUrl\":\"https:\/\/rollingringdrives.com\/wp-content\/uploads\/2023\/05\/1-47.jpg\",\"datePublished\":\"2023-05-27T04:55:27+00:00\",\"dateModified\":\"2023-07-04T00:35:57+00:00\",\"description\":\"Get accurate measurements every time with Crawler Wire Meter Counter - reliable, versatile, and easy-to-use. Upgrade your wire production today!\",\"breadcrumb\":{\"@id\":\"https:\/\/rollingringdrives.com\/product\/crawler-wire-and-cable-meter-counter\/#breadcrumb\"},\"inLanguage\":\"es\",\"potentialAction\":[{\"@type\":\"ReadAction\",\"target\":[\"https:\/\/rollingringdrives.com\/product\/crawler-wire-and-cable-meter-counter\/\"]}]},{\"@type\":\"ImageObject\",\"inLanguage\":\"es\",\"@id\":\"https:\/\/rollingringdrives.com\/product\/crawler-wire-and-cable-meter-counter\/#primaryimage\",\"url\":\"https:\/\/rollingringdrives.com\/wp-content\/uploads\/2023\/05\/1-47.jpg\",\"contentUrl\":\"https:\/\/rollingringdrives.com\/wp-content\/uploads\/2023\/05\/1-47.jpg\",\"width\":600,\"height\":600,\"caption\":\"Crawler Wire And Cable Meter Counter\"},{\"@type\":\"BreadcrumbList\",\"@id\":\"https:\/\/rollingringdrives.com\/product\/crawler-wire-and-cable-meter-counter\/#breadcrumb\",\"itemListElement\":[{\"@type\":\"ListItem\",\"position\":1,\"name\":\"Home\",\"item\":\"https:\/\/rollingringdrives.com\/\"},{\"@type\":\"ListItem\",\"position\":2,\"name\":\"Machines\",\"item\":\"https:\/\/rollingringdrives.com\/machines\/\"},{\"@type\":\"ListItem\",\"position\":3,\"name\":\"Crawler Wire And Cable Meter Counter\"}]},{\"@type\":\"WebSite\",\"@id\":\"https:\/\/rollingringdrives.com\/#website\",\"url\":\"https:\/\/rollingringdrives.com\/\",\"name\":\"QiPang\",\"description\":\"QiPang Blog\",\"publisher\":{\"@id\":\"https:\/\/rollingringdrives.com\/#organization\"},\"potentialAction\":[{\"@type\":\"SearchAction\",\"target\":{\"@type\":\"EntryPoint\",\"urlTemplate\":\"https:\/\/rollingringdrives.com\/?s={search_term_string}\"},\"query-input\":{\"@type\":\"PropertyValueSpecification\",\"valueRequired\":true,\"valueName\":\"search_term_string\"}}],\"inLanguage\":\"es\"},{\"@type\":\"Organization\",\"@id\":\"https:\/\/rollingringdrives.com\/#organization\",\"name\":\"QiPang\",\"url\":\"https:\/\/rollingringdrives.com\/\",\"logo\":{\"@type\":\"ImageObject\",\"inLanguage\":\"es\",\"@id\":\"https:\/\/rollingringdrives.com\/#\/schema\/logo\/image\/\",\"url\":\"https:\/\/rollingringdrives.com\/wp-content\/uploads\/2023\/05\/cropped-\u672a\u547d\u540d\u7684\u8bbe\u8ba1.png\",\"contentUrl\":\"https:\/\/rollingringdrives.com\/wp-content\/uploads\/2023\/05\/cropped-\u672a\u547d\u540d\u7684\u8bbe\u8ba1.png\",\"width\":300,\"height\":191,\"caption\":\"QiPang\"},\"image\":{\"@id\":\"https:\/\/rollingringdrives.com\/#\/schema\/logo\/image\/\"}}]}<\/script>\n<!-- \/ Yoast SEO Premium plugin. -->","yoast_head_json":{"title":"Contador de medidores de cables y alambres sobre orugas - QiPang","description":"Obtenga mediciones precisas en todo momento con el contador de medidores de alambre sobre orugas: confiable, vers\u00e1til y f\u00e1cil de usar. \u00a1Actualice su producci\u00f3n de alambre hoy!","robots":{"index":"index","follow":"follow","max-snippet":"max-snippet:-1","max-image-preview":"max-image-preview:large","max-video-preview":"max-video-preview:-1"},"canonical":"https:\/\/rollingringdrives.com\/es\/producto\/contador-de-medidores-de-cables-y-alambres-de-orugas\/","og_locale":"es_MX","og_type":"article","og_title":"Crawler Wire And Cable Meter Counter","og_description":"Get accurate measurements every time with Crawler Wire Meter Counter - reliable, versatile, and easy-to-use. Upgrade your wire production today!","og_url":"https:\/\/rollingringdrives.com\/es\/producto\/contador-de-medidores-de-cables-y-alambres-de-orugas\/","og_site_name":"QiPang","article_modified_time":"2023-07-04T00:35:57+00:00","og_image":[{"width":600,"height":600,"url":"https:\/\/rollingringdrives.com\/wp-content\/uploads\/2023\/05\/1-47.jpg","type":"image\/jpeg"}],"twitter_card":"summary_large_image","twitter_misc":{"Tiempo de lectura":"1 minuto"},"schema":{"@context":"https:\/\/schema.org","@graph":[{"@type":"WebPage","@id":"https:\/\/rollingringdrives.com\/product\/crawler-wire-and-cable-meter-counter\/","url":"https:\/\/rollingringdrives.com\/product\/crawler-wire-and-cable-meter-counter\/","name":"Contador de medidores de cables y alambres sobre orugas - QiPang","isPartOf":{"@id":"https:\/\/rollingringdrives.com\/#website"},"primaryImageOfPage":{"@id":"https:\/\/rollingringdrives.com\/product\/crawler-wire-and-cable-meter-counter\/#primaryimage"},"image":{"@id":"https:\/\/rollingringdrives.com\/product\/crawler-wire-and-cable-meter-counter\/#primaryimage"},"thumbnailUrl":"https:\/\/rollingringdrives.com\/wp-content\/uploads\/2023\/05\/1-47.jpg","datePublished":"2023-05-27T04:55:27+00:00","dateModified":"2023-07-04T00:35:57+00:00","description":"Obtenga mediciones precisas en todo momento con el contador de medidores de alambre sobre orugas: confiable, vers\u00e1til y f\u00e1cil de usar. \u00a1Actualice su producci\u00f3n de alambre hoy!","breadcrumb":{"@id":"https:\/\/rollingringdrives.com\/product\/crawler-wire-and-cable-meter-counter\/#breadcrumb"},"inLanguage":"es","potentialAction":[{"@type":"ReadAction","target":["https:\/\/rollingringdrives.com\/product\/crawler-wire-and-cable-meter-counter\/"]}]},{"@type":"ImageObject","inLanguage":"es","@id":"https:\/\/rollingringdrives.com\/product\/crawler-wire-and-cable-meter-counter\/#primaryimage","url":"https:\/\/rollingringdrives.com\/wp-content\/uploads\/2023\/05\/1-47.jpg","contentUrl":"https:\/\/rollingringdrives.com\/wp-content\/uploads\/2023\/05\/1-47.jpg","width":600,"height":600,"caption":"Crawler Wire And Cable Meter Counter"},{"@type":"BreadcrumbList","@id":"https:\/\/rollingringdrives.com\/product\/crawler-wire-and-cable-meter-counter\/#breadcrumb","itemListElement":[{"@type":"ListItem","position":1,"name":"Home","item":"https:\/\/rollingringdrives.com\/"},{"@type":"ListItem","position":2,"name":"Machines","item":"https:\/\/rollingringdrives.com\/machines\/"},{"@type":"ListItem","position":3,"name":"Crawler Wire And Cable Meter Counter"}]},{"@type":"WebSite","@id":"https:\/\/rollingringdrives.com\/#website","url":"https:\/\/rollingringdrives.com\/","name":"Qi Pang","description":"Blog QiPang","publisher":{"@id":"https:\/\/rollingringdrives.com\/#organization"},"potentialAction":[{"@type":"SearchAction","target":{"@type":"EntryPoint","urlTemplate":"https:\/\/rollingringdrives.com\/?s={search_term_string}"},"query-input":{"@type":"PropertyValueSpecification","valueRequired":true,"valueName":"search_term_string"}}],"inLanguage":"es"},{"@type":"Organization","@id":"https:\/\/rollingringdrives.com\/#organization","name":"Qi Pang","url":"https:\/\/rollingringdrives.com\/","logo":{"@type":"ImageObject","inLanguage":"es","@id":"https:\/\/rollingringdrives.com\/#\/schema\/logo\/image\/","url":"https:\/\/rollingringdrives.com\/wp-content\/uploads\/2023\/05\/cropped-\u672a\u547d\u540d\u7684\u8bbe\u8ba1.png","contentUrl":"https:\/\/rollingringdrives.com\/wp-content\/uploads\/2023\/05\/cropped-\u672a\u547d\u540d\u7684\u8bbe\u8ba1.png","width":300,"height":191,"caption":"QiPang"},"image":{"@id":"https:\/\/rollingringdrives.com\/#\/schema\/logo\/image\/"}}]}},"_links":{"self":[{"href":"https:\/\/rollingringdrives.com\/es\/wp-json\/wp\/v2\/product\/26613","targetHints":{"allow":["GET"]}}],"collection":[{"href":"https:\/\/rollingringdrives.com\/es\/wp-json\/wp\/v2\/product"}],"about":[{"href":"https:\/\/rollingringdrives.com\/es\/wp-json\/wp\/v2\/types\/product"}],"version-history":[{"count":0,"href":"https:\/\/rollingringdrives.com\/es\/wp-json\/wp\/v2\/product\/26613\/revisions"}],"wp:featuredmedia":[{"embeddable":true,"href":"https:\/\/rollingringdrives.com\/es\/wp-json\/wp\/v2\/media\/26687"}],"wp:attachment":[{"href":"https:\/\/rollingringdrives.com\/es\/wp-json\/wp\/v2\/media?parent=26613"}],"wp:term":[{"taxonomy":"product_brand","embeddable":true,"href":"https:\/\/rollingringdrives.com\/es\/wp-json\/wp\/v2\/product_brand?post=26613"},{"taxonomy":"product_cat","embeddable":true,"href":"https:\/\/rollingringdrives.com\/es\/wp-json\/wp\/v2\/product_cat?post=26613"},{"taxonomy":"product_tag","embeddable":true,"href":"https:\/\/rollingringdrives.com\/es\/wp-json\/wp\/v2\/product_tag?post=26613"}],"curies":[{"name":"wp","href":"https:\/\/api.w.org\/{rel}","templated":true}]}}