{"id":26634,"date":"2023-05-27T05:52:09","date_gmt":"2023-05-27T05:52:09","guid":{"rendered":"https:\/\/rollingringdrives.com\/?post_type=product&#038;p=26634"},"modified":"2024-05-10T08:01:19","modified_gmt":"2024-05-10T08:01:19","slug":"power-frequency-cable-spark-test-machine","status":"publish","type":"product","link":"https:\/\/rollingringdrives.com\/es\/producto\/maquina-de-prueba-de-chispa-del-cable-de-frecuencia-de-potencia\/","title":{"rendered":"M\u00e1quina de prueba de chispa de cable de frecuencia de potencia"},"content":{"rendered":"<p class=\"xsj_paragraph xsj_paragraph_level_0\" data-source-line=\"0\" data-source-line-display=\"true\">El\u00a0<strong class=\"markdown_strong_asterisk\">M\u00e1quina de prueba de chispa de cable de frecuencia de potencia<\/strong> es un dispositivo especializado dise\u00f1ado para detectar la calidad de alambres y cables. Con la capacidad de probar cables de diferentes di\u00e1metros y longitudes, esta m\u00e1quina garantiza que el producto cumpla con los est\u00e1ndares requeridos especificados en varios est\u00e1ndares nacionales e internacionales. Su voltaje de detecci\u00f3n alcanza hasta 15KV, lo que le permite detectar los m\u00e1s m\u00ednimos defectos o fallas en los hilos del cable.<\/p>\n<p data-source-line=\"0\" data-source-line-display=\"true\"><div id=\"footable_parent_26636\"\n         class=\"footable_parent ninja_table_wrapper loading_ninja_table wp_table_data_press_parent semantic_ui\">\n                <table data-ninja_table_instance=\"ninja_table_instance_0\" data-footable_id=\"26636\" data-filter-delay=\"1000\" aria-label=\"6\u65b0cx\u5efa XLSX \u5de5\u4f5c\u8868 (2).csv\"            id=\"footable_26636\"\n           data-unique_identifier=\"ninja_table_unique_id_996402278_26636\"\n           class=\"foo-table ninja_footable foo_table_26636 ninja_table_unique_id_996402278_26636 ui table  nt_type_legacy_table selectable striped vertical_centered  footable-paging-right ninja_table_search_disabled ninja_table_pro\">\n                <colgroup>\n                            <col class=\"ninja_column_0\">\n                            <col class=\"ninja_column_1\">\n                    <\/colgroup>\n        <thead>\n<tr class=\"footable-header\">\n                                        <th scope=\"col\"  class=\"ninja_column_0 ninja_clmn_nm_parameters\">Par\u00e1metros<\/th><th scope=\"col\"  class=\"ninja_column_1 ninja_clmn_nm_values\">Valores<\/th><\/tr>\n<\/thead>\n<tbody>\n\n        <tr data-row_id=\"609\" class=\"ninja_table_row_0 nt_row_id_609\">\n            <td>Voltaje de detecci\u00f3n<\/td><td>0-25KV<\/td>        <\/tr>\n            <tr data-row_id=\"610\" class=\"ninja_table_row_1 nt_row_id_610\">\n            <td>Altura del centro del suelo de la l\u00ednea<\/td><td>850-1050MM (+ 15% ajustable)<\/td>        <\/tr>\n            <tr data-row_id=\"611\" class=\"ninja_table_row_2 nt_row_id_611\">\n            <td>Tama\u00f1o del electrodo<\/td><td>Tambor de \u03c630*120mm<\/td>        <\/tr>\n            <tr data-row_id=\"612\" class=\"ninja_table_row_3 nt_row_id_612\">\n            <td>Velocidad m\u00e1xima de la l\u00ednea de asunto<\/td><td>GB5=30-40m\/min<\/td>        <\/tr>\n            <tr data-row_id=\"613\" class=\"ninja_table_row_4 nt_row_id_613\">\n            <td>Ancho m\u00e1ximo de orden marcada<\/td><td>\u03c6150<\/td>        <\/tr>\n            <tr data-row_id=\"614\" class=\"ninja_table_row_5 nt_row_id_614\">\n            <td>Cabezal de electrodo de prueba de alto voltaje<\/td><td>escobilla de cobre, escobilla de carb\u00f3n, tambor<\/td>        <\/tr>\n            <tr data-row_id=\"616\" class=\"ninja_table_row_6 nt_row_id_616\">\n            <td>Peso<\/td><td>190KG<\/td>        <\/tr>\n            <tr data-row_id=\"617\" class=\"ninja_table_row_7 nt_row_id_617\">\n            <td>Tama\u00f1o<\/td><td>1040*590*1300mm<\/td>        <\/tr>\n    <\/tbody><!--ninja_tobody_rendering_done-->\n    <\/table>\n    \n    \n    \n<\/div>\n<\/p>\n<div class=\"xiaoshujiang_element xsj_anchor\"><a class=\"blank_anchor_name\" name=\"applications_1\"><\/a><a id=\"applications_1\" class=\"blank_anchor_id\"><\/a><a class=\"blank_anchor_name\" name=\"applications\"><\/a><a id=\"applications\" class=\"blank_anchor_id\"><\/a><\/div>\n<h2 id=\"applications_1\" class=\"xsj_heading_hash xsj_heading xsj_heading_h2\" data-source-line=\"2\" data-source-line-display=\"true\"><span class=\"xsj_heading_content\">Aplicaciones:<\/span><\/h2>\n<p class=\"xsj_paragraph xsj_paragraph_level_0\" data-source-line=\"4\" data-source-line-display=\"true\">La m\u00e1quina de prueba de chispa de cable de frecuencia de potencia se usa com\u00fanmente en ingenier\u00eda el\u00e9ctrica, empresas de fabricaci\u00f3n de cables y alambres y empresas de suministro de energ\u00eda. Ayuda a detectar fallas en los cables, que pueden comprometer su confiabilidad y desempe\u00f1o. Con esta m\u00e1quina, los fabricantes pueden asegurarse de que sus productos cumplan con los est\u00e1ndares pertinentes y sean seguros de usar.<\/p>\n<div class=\"xiaoshujiang_element xsj_anchor\"><a class=\"blank_anchor_name\" name=\"measuring20principle_2\"><\/a><a id=\"measuring20principle_2\" class=\"blank_anchor_id\"><\/a><a class=\"blank_anchor_name\" name=\"measuring-principle\"><\/a><a id=\"measuring-principle\" class=\"blank_anchor_id\"><\/a><\/div>\n<h2 id=\"measuring20principle_2\" class=\"xsj_heading_hash xsj_heading xsj_heading_h2\" data-source-line=\"6\" data-source-line-display=\"true\"><span class=\"xsj_heading_content\">Principio de medici\u00f3n:<\/span><\/h2>\n<p class=\"xsj_paragraph xsj_paragraph_level_0\" data-source-line=\"8\" data-source-line-display=\"true\">El principio de medici\u00f3n de la m\u00e1quina de prueba de chispas para cables de frecuencia industrial se basa en principios de prueba de alto voltaje. La m\u00e1quina genera una corriente de alto voltaje que pasa a trav\u00e9s del cable o alambre que se est\u00e1 probando. Cualquier defecto o falla dentro del cable provoca una chispa, detectada por el dispositivo e indicada como aver\u00eda.<\/p>\n<h3 id=\"implementation20of20relevant20standards_1\" class=\"xsj_heading_hash xsj_heading xsj_heading_h3\" data-source-line=\"0\" data-source-line-display=\"true\"><span class=\"xsj_heading_content\">Implementaci\u00f3n de est\u00e1ndares relevantes:<\/span><\/h3>\n<p class=\"xsj_paragraph xsj_paragraph_level_0\" data-source-line=\"2\" data-source-line-display=\"true\">GB\/3048 9-94 JB\/T4278 10-19JJF1659-1999, VD0281, EN50356 y BS5099.<br \/>\nCCC y otras normas nacionales aplicables. La sensibilidad de detecci\u00f3n es \u2264 600UA.<\/p>\n<p class=\"xsj_paragraph xsj_paragraph_level_0\" data-source-line=\"5\" data-source-line-display=\"true\">Cumple con los est\u00e1ndares extranjeros relevantes como UL1581-1990, VDE, etc.<\/p>\n<div class=\"xiaoshujiang_element xsj_anchor\"><a class=\"blank_anchor_name\" name=\"faqs_3\"><\/a><a id=\"faqs_3\" class=\"blank_anchor_id\"><\/a><a class=\"blank_anchor_name\" name=\"faqs\"><\/a><a id=\"faqs\" class=\"blank_anchor_id\"><\/a><\/div>\n<h2 id=\"faqs_3\" class=\"xsj_heading_hash xsj_heading xsj_heading_h2\" data-source-line=\"10\" data-source-line-display=\"true\"><span class=\"xsj_heading_content\">Preguntas frecuentes:<\/span><\/h2>\n<div class=\"xiaoshujiang_element xsj_anchor\"><a class=\"blank_anchor_name\" name=\"120what20is20the20voltage20range20of20the20power20frequency20cable20spark20test20machine_4\"><\/a><a id=\"120what20is20the20voltage20range20of20the20power20frequency20cable20spark20test20machine_4\" class=\"blank_anchor_id\"><\/a><a class=\"blank_anchor_name\" name=\"1-what-is-the-voltage-range-of-the-power-frequency-cable-spark-test-machine\"><\/a><a id=\"1-what-is-the-voltage-range-of-the-power-frequency-cable-spark-test-machine\" class=\"blank_anchor_id\"><\/a><\/div>\n<h4 id=\"120what20is20the20voltage20range20of20the20power20frequency20cable20spark20test20machine_4\" class=\"xsj_heading_hash xsj_heading xsj_heading_h4\" data-source-line=\"12\" data-source-line-display=\"true\"><span class=\"xsj_heading_content\">1. \u00bfCu\u00e1l es el rango de voltaje de la m\u00e1quina de prueba de chispa de cable de frecuencia de potencia?<\/span><\/h4>\n<p class=\"xsj_paragraph xsj_paragraph_level_0\" data-source-line=\"14\" data-source-line-display=\"true\">El voltaje de detecci\u00f3n de la m\u00e1quina var\u00eda hasta 15KV.<\/p>\n<div class=\"xiaoshujiang_element xsj_anchor\"><a class=\"blank_anchor_name\" name=\"220what20are20the20applications20of20the20machine_5\"><\/a><a id=\"220what20are20the20applications20of20the20machine_5\" class=\"blank_anchor_id\"><\/a><a class=\"blank_anchor_name\" name=\"2-what-are-the-applications-of-the-machine\"><\/a><a id=\"2-what-are-the-applications-of-the-machine\" class=\"blank_anchor_id\"><\/a><\/div>\n<h4 id=\"220what20are20the20applications20of20the20machine_5\" class=\"xsj_heading_hash xsj_heading xsj_heading_h4\" data-source-line=\"16\" data-source-line-display=\"true\"><span class=\"xsj_heading_content\">2. \u00bfCu\u00e1les son las aplicaciones de la m\u00e1quina?<\/span><\/h4>\n<p class=\"xsj_paragraph xsj_paragraph_level_0\" data-source-line=\"18\" data-source-line-display=\"true\">La m\u00e1quina se usa com\u00fanmente en ingenier\u00eda el\u00e9ctrica, fabricaci\u00f3n de cables y alambres y empresas de suministro de energ\u00eda.<\/p>\n<div class=\"xiaoshujiang_element xsj_anchor\"><a class=\"blank_anchor_name\" name=\"320how20does20the20machine20detect20faults20in20the20cables_6\"><\/a><a id=\"320how20does20the20machine20detect20faults20in20the20cables_6\" class=\"blank_anchor_id\"><\/a><a class=\"blank_anchor_name\" name=\"3-how-does-the-machine-detect-faults-in-the-cables\"><\/a><a id=\"3-how-does-the-machine-detect-faults-in-the-cables\" class=\"blank_anchor_id\"><\/a><\/div>\n<h4 id=\"320how20does20the20machine20detect20faults20in20the20cables_6\" class=\"xsj_heading_hash xsj_heading xsj_heading_h4\" data-source-line=\"20\" data-source-line-display=\"true\"><span class=\"xsj_heading_content\">3. \u00bfC\u00f3mo detecta la m\u00e1quina las fallas en los cables?<\/span><\/h4>\n<p class=\"xsj_paragraph xsj_paragraph_level_0\" data-source-line=\"22\" data-source-line-display=\"true\">La m\u00e1quina genera una corriente de alto voltaje y cualquier falla en el cable provoca una chispa, que es detectada por el dispositivo y se\u00f1alada como aver\u00eda.<\/p>\n<div class=\"xiaoshujiang_element xsj_anchor\"><a class=\"blank_anchor_name\" name=\"420does20the20machine20shut20down20automatically20in20case20of20a20breakdown_7\"><\/a><a id=\"420does20the20machine20shut20down20automatically20in20case20of20a20breakdown_7\" class=\"blank_anchor_id\"><\/a><a class=\"blank_anchor_name\" name=\"4-does-the-machine-shut-down-automatically-in-case-of-a-breakdown\"><\/a><a id=\"4-does-the-machine-shut-down-automatically-in-case-of-a-breakdown\" class=\"blank_anchor_id\"><\/a><\/div>\n<h4 id=\"420does20the20machine20shut20down20automatically20in20case20of20a20breakdown_7\" class=\"xsj_heading_hash xsj_heading xsj_heading_h4\" data-source-line=\"24\" data-source-line-display=\"true\"><span class=\"xsj_heading_content\">4. \u00bfLa m\u00e1quina se apaga autom\u00e1ticamente en caso de aver\u00eda?<\/span><\/h4>\n<p class=\"xsj_paragraph xsj_paragraph_level_0\" data-source-line=\"26\" data-source-line-display=\"true\">S\u00ed, la m\u00e1quina est\u00e1 dise\u00f1ada para apagarse autom\u00e1ticamente para evitar m\u00e1s da\u00f1os en caso de aver\u00eda.<\/p>\n<div class=\"xiaoshujiang_element xsj_anchor\"><a class=\"blank_anchor_name\" name=\"520can20the20machine20test20wires20of20different20diameters_8\"><\/a><a id=\"520can20the20machine20test20wires20of20different20diameters_8\" class=\"blank_anchor_id\"><\/a><a class=\"blank_anchor_name\" name=\"5-can-the-machine-test-wires-of-different-diameters\"><\/a><a id=\"5-can-the-machine-test-wires-of-different-diameters\" class=\"blank_anchor_id\"><\/a><\/div>\n<h4 id=\"520can20the20machine20test20wires20of20different20diameters_8\" class=\"xsj_heading_hash xsj_heading xsj_heading_h4\" data-source-line=\"28\" data-source-line-display=\"true\"><span class=\"xsj_heading_content\">5. \u00bfPuede la m\u00e1quina probar cables de diferentes di\u00e1metros?<\/span><\/h4>\n<p class=\"xsj_paragraph xsj_paragraph_level_0\" data-source-line=\"30\" data-source-line-display=\"true\">S\u00ed, la m\u00e1quina es flexible y puede probar diferentes tipos de cables y alambres de diferentes di\u00e1metros.<\/p>","protected":false},"excerpt":{"rendered":"<h2 id=\"features_1\" class=\"xsj_heading_hash xsj_heading xsj_heading_h2\" data-source-line=\"2\" data-source-line-display=\"true\"><span class=\"xsj_heading_content\">Caracter\u00edsticas:<\/span><\/h2>\n<ol class=\"markdown_ol\" data-source-line=\"4\">\n<li data-source-line=\"4\">La m\u00e1quina de prueba de chispa de cable de frecuencia de potencia tiene una altura central de tierra de l\u00ednea ajustable de 850-1050MM.<\/li>\n<li data-source-line=\"5\">Tama\u00f1o de electrodo de tambor de o30 * 120 mm y una velocidad m\u00e1xima de 30-40 m\/min para la l\u00ednea de sujeci\u00f3n.<\/li>\n<li data-source-line=\"6\">Ancho m\u00e1ximo de 0120, con un cabezal de electrodo de prueba de alto voltaje compuesto por una escobilla de cobre, una escobilla de carb\u00f3n y un tambor.<\/li>\n<li data-source-line=\"7\">Flexible: puede probar diferentes tipos de cables y alambres de diferentes di\u00e1metros.<\/li>\n<\/ol>","protected":false},"featured_media":31379,"template":"","meta":{"site-sidebar-layout":"default","site-content-layout":"default","ast-global-header-display":"","ast-banner-title-visibility":"","ast-main-header-display":"","ast-hfb-above-header-display":"","ast-hfb-below-header-display":"","ast-hfb-mobile-header-display":"","site-post-title":"","ast-breadcrumbs-content":"","ast-featured-img":"","footer-sml-layout":"","theme-transparent-header-meta":"default","adv-header-id-meta":"","stick-header-meta":"","header-above-stick-meta":"","header-main-stick-meta":"","header-below-stick-meta":""},"product_brand":[],"product_cat":[65,57],"product_tag":[],"class_list":{"0":"post-26634","1":"product","2":"type-product","3":"status-publish","4":"has-post-thumbnail","6":"product_cat-wire-and-cable-testing-equipment","7":"product_cat-cable-spark-test","8":"desktop-align-left","9":"tablet-align-left","10":"mobile-align-left","12":"first","13":"instock","14":"shipping-taxable","15":"product-type-simple"},"yoast_head":"<!-- This site is optimized with the Yoast SEO Premium plugin v20.12 (Yoast SEO v26.0) - https:\/\/yoast.com\/wordpress\/plugins\/seo\/ -->\n<title>Power Frequency Cable Spark Test Machine - QiPang<\/title>\n<meta name=\"description\" content=\"Ensure top-quality production with Power Frequency Cable Spark Test - specialized, reliable, and accurate. Upgrade your cable quality control today!\" \/>\n<meta name=\"robots\" content=\"index, follow, max-snippet:-1, max-image-preview:large, max-video-preview:-1\" \/>\n<link rel=\"canonical\" href=\"https:\/\/rollingringdrives.com\/es\/producto\/maquina-de-prueba-de-chispa-del-cable-de-frecuencia-de-potencia\/\" \/>\n<meta property=\"og:locale\" content=\"es_MX\" \/>\n<meta property=\"og:type\" content=\"article\" \/>\n<meta property=\"og:title\" content=\"Power Frequency Cable Spark Test Machine\" \/>\n<meta property=\"og:description\" content=\"Ensure top-quality production with Power Frequency Cable Spark Test - specialized, reliable, and accurate. Upgrade your cable quality control today!\" \/>\n<meta property=\"og:url\" content=\"https:\/\/rollingringdrives.com\/es\/producto\/maquina-de-prueba-de-chispa-del-cable-de-frecuencia-de-potencia\/\" \/>\n<meta property=\"og:site_name\" content=\"QiPang\" \/>\n<meta property=\"article:modified_time\" content=\"2024-05-10T08:01:19+00:00\" \/>\n<meta property=\"og:image\" content=\"https:\/\/rollingringdrives.com\/wp-content\/uploads\/2024\/05\/Power-Frequency-Cable-Spark-Test-Machine-1.png\" \/>\n\t<meta property=\"og:image:width\" content=\"600\" \/>\n\t<meta property=\"og:image:height\" content=\"600\" \/>\n\t<meta property=\"og:image:type\" content=\"image\/png\" \/>\n<meta name=\"twitter:card\" content=\"summary_large_image\" \/>\n<meta name=\"twitter:label1\" content=\"Tiempo de lectura\" \/>\n\t<meta name=\"twitter:data1\" content=\"2 minutos\" \/>\n<script type=\"application\/ld+json\" class=\"yoast-schema-graph\">{\"@context\":\"https:\/\/schema.org\",\"@graph\":[{\"@type\":\"WebPage\",\"@id\":\"https:\/\/rollingringdrives.com\/product\/power-frequency-cable-spark-test-machine\/\",\"url\":\"https:\/\/rollingringdrives.com\/product\/power-frequency-cable-spark-test-machine\/\",\"name\":\"Power Frequency Cable Spark Test Machine - QiPang\",\"isPartOf\":{\"@id\":\"https:\/\/rollingringdrives.com\/#website\"},\"primaryImageOfPage\":{\"@id\":\"https:\/\/rollingringdrives.com\/product\/power-frequency-cable-spark-test-machine\/#primaryimage\"},\"image\":{\"@id\":\"https:\/\/rollingringdrives.com\/product\/power-frequency-cable-spark-test-machine\/#primaryimage\"},\"thumbnailUrl\":\"https:\/\/rollingringdrives.com\/wp-content\/uploads\/2024\/05\/Power-Frequency-Cable-Spark-Test-Machine-1.png\",\"datePublished\":\"2023-05-27T05:52:09+00:00\",\"dateModified\":\"2024-05-10T08:01:19+00:00\",\"description\":\"Ensure top-quality production with Power Frequency Cable Spark Test - specialized, reliable, and accurate. Upgrade your cable quality control today!\",\"breadcrumb\":{\"@id\":\"https:\/\/rollingringdrives.com\/product\/power-frequency-cable-spark-test-machine\/#breadcrumb\"},\"inLanguage\":\"es\",\"potentialAction\":[{\"@type\":\"ReadAction\",\"target\":[\"https:\/\/rollingringdrives.com\/product\/power-frequency-cable-spark-test-machine\/\"]}]},{\"@type\":\"ImageObject\",\"inLanguage\":\"es\",\"@id\":\"https:\/\/rollingringdrives.com\/product\/power-frequency-cable-spark-test-machine\/#primaryimage\",\"url\":\"https:\/\/rollingringdrives.com\/wp-content\/uploads\/2024\/05\/Power-Frequency-Cable-Spark-Test-Machine-1.png\",\"contentUrl\":\"https:\/\/rollingringdrives.com\/wp-content\/uploads\/2024\/05\/Power-Frequency-Cable-Spark-Test-Machine-1.png\",\"width\":600,\"height\":600,\"caption\":\"Cable spark tester\"},{\"@type\":\"BreadcrumbList\",\"@id\":\"https:\/\/rollingringdrives.com\/product\/power-frequency-cable-spark-test-machine\/#breadcrumb\",\"itemListElement\":[{\"@type\":\"ListItem\",\"position\":1,\"name\":\"Home\",\"item\":\"https:\/\/rollingringdrives.com\/\"},{\"@type\":\"ListItem\",\"position\":2,\"name\":\"Machines\",\"item\":\"https:\/\/rollingringdrives.com\/machines\/\"},{\"@type\":\"ListItem\",\"position\":3,\"name\":\"Power Frequency Cable Spark Test Machine\"}]},{\"@type\":\"WebSite\",\"@id\":\"https:\/\/rollingringdrives.com\/#website\",\"url\":\"https:\/\/rollingringdrives.com\/\",\"name\":\"QiPang\",\"description\":\"QiPang Blog\",\"publisher\":{\"@id\":\"https:\/\/rollingringdrives.com\/#organization\"},\"potentialAction\":[{\"@type\":\"SearchAction\",\"target\":{\"@type\":\"EntryPoint\",\"urlTemplate\":\"https:\/\/rollingringdrives.com\/?s={search_term_string}\"},\"query-input\":{\"@type\":\"PropertyValueSpecification\",\"valueRequired\":true,\"valueName\":\"search_term_string\"}}],\"inLanguage\":\"es\"},{\"@type\":\"Organization\",\"@id\":\"https:\/\/rollingringdrives.com\/#organization\",\"name\":\"QiPang\",\"url\":\"https:\/\/rollingringdrives.com\/\",\"logo\":{\"@type\":\"ImageObject\",\"inLanguage\":\"es\",\"@id\":\"https:\/\/rollingringdrives.com\/#\/schema\/logo\/image\/\",\"url\":\"https:\/\/rollingringdrives.com\/wp-content\/uploads\/2023\/05\/cropped-\u672a\u547d\u540d\u7684\u8bbe\u8ba1.png\",\"contentUrl\":\"https:\/\/rollingringdrives.com\/wp-content\/uploads\/2023\/05\/cropped-\u672a\u547d\u540d\u7684\u8bbe\u8ba1.png\",\"width\":300,\"height\":191,\"caption\":\"QiPang\"},\"image\":{\"@id\":\"https:\/\/rollingringdrives.com\/#\/schema\/logo\/image\/\"}}]}<\/script>\n<!-- \/ Yoast SEO Premium plugin. -->","yoast_head_json":{"title":"M\u00e1quina de prueba de chispa de cable de frecuencia de potencia - QiPang","description":"Garantice una producci\u00f3n de alta calidad con la prueba de chispa de cable de frecuencia de potencia: especializada, confiable y precisa. \u00a1Actualice su control de calidad de cable hoy!","robots":{"index":"index","follow":"follow","max-snippet":"max-snippet:-1","max-image-preview":"max-image-preview:large","max-video-preview":"max-video-preview:-1"},"canonical":"https:\/\/rollingringdrives.com\/es\/producto\/maquina-de-prueba-de-chispa-del-cable-de-frecuencia-de-potencia\/","og_locale":"es_MX","og_type":"article","og_title":"Power Frequency Cable Spark Test Machine","og_description":"Ensure top-quality production with Power Frequency Cable Spark Test - specialized, reliable, and accurate. Upgrade your cable quality control today!","og_url":"https:\/\/rollingringdrives.com\/es\/producto\/maquina-de-prueba-de-chispa-del-cable-de-frecuencia-de-potencia\/","og_site_name":"QiPang","article_modified_time":"2024-05-10T08:01:19+00:00","og_image":[{"width":600,"height":600,"url":"https:\/\/rollingringdrives.com\/wp-content\/uploads\/2024\/05\/Power-Frequency-Cable-Spark-Test-Machine-1.png","type":"image\/png"}],"twitter_card":"summary_large_image","twitter_misc":{"Tiempo de lectura":"2 minutos"},"schema":{"@context":"https:\/\/schema.org","@graph":[{"@type":"WebPage","@id":"https:\/\/rollingringdrives.com\/product\/power-frequency-cable-spark-test-machine\/","url":"https:\/\/rollingringdrives.com\/product\/power-frequency-cable-spark-test-machine\/","name":"M\u00e1quina de prueba de chispa de cable de frecuencia de potencia - QiPang","isPartOf":{"@id":"https:\/\/rollingringdrives.com\/#website"},"primaryImageOfPage":{"@id":"https:\/\/rollingringdrives.com\/product\/power-frequency-cable-spark-test-machine\/#primaryimage"},"image":{"@id":"https:\/\/rollingringdrives.com\/product\/power-frequency-cable-spark-test-machine\/#primaryimage"},"thumbnailUrl":"https:\/\/rollingringdrives.com\/wp-content\/uploads\/2024\/05\/Power-Frequency-Cable-Spark-Test-Machine-1.png","datePublished":"2023-05-27T05:52:09+00:00","dateModified":"2024-05-10T08:01:19+00:00","description":"Garantice una producci\u00f3n de alta calidad con la prueba de chispa de cable de frecuencia de potencia: especializada, confiable y precisa. \u00a1Actualice su control de calidad de cable hoy!","breadcrumb":{"@id":"https:\/\/rollingringdrives.com\/product\/power-frequency-cable-spark-test-machine\/#breadcrumb"},"inLanguage":"es","potentialAction":[{"@type":"ReadAction","target":["https:\/\/rollingringdrives.com\/product\/power-frequency-cable-spark-test-machine\/"]}]},{"@type":"ImageObject","inLanguage":"es","@id":"https:\/\/rollingringdrives.com\/product\/power-frequency-cable-spark-test-machine\/#primaryimage","url":"https:\/\/rollingringdrives.com\/wp-content\/uploads\/2024\/05\/Power-Frequency-Cable-Spark-Test-Machine-1.png","contentUrl":"https:\/\/rollingringdrives.com\/wp-content\/uploads\/2024\/05\/Power-Frequency-Cable-Spark-Test-Machine-1.png","width":600,"height":600,"caption":"Cable spark tester"},{"@type":"BreadcrumbList","@id":"https:\/\/rollingringdrives.com\/product\/power-frequency-cable-spark-test-machine\/#breadcrumb","itemListElement":[{"@type":"ListItem","position":1,"name":"Home","item":"https:\/\/rollingringdrives.com\/"},{"@type":"ListItem","position":2,"name":"Machines","item":"https:\/\/rollingringdrives.com\/machines\/"},{"@type":"ListItem","position":3,"name":"Power Frequency Cable Spark Test Machine"}]},{"@type":"WebSite","@id":"https:\/\/rollingringdrives.com\/#website","url":"https:\/\/rollingringdrives.com\/","name":"Qi Pang","description":"Blog QiPang","publisher":{"@id":"https:\/\/rollingringdrives.com\/#organization"},"potentialAction":[{"@type":"SearchAction","target":{"@type":"EntryPoint","urlTemplate":"https:\/\/rollingringdrives.com\/?s={search_term_string}"},"query-input":{"@type":"PropertyValueSpecification","valueRequired":true,"valueName":"search_term_string"}}],"inLanguage":"es"},{"@type":"Organization","@id":"https:\/\/rollingringdrives.com\/#organization","name":"Qi Pang","url":"https:\/\/rollingringdrives.com\/","logo":{"@type":"ImageObject","inLanguage":"es","@id":"https:\/\/rollingringdrives.com\/#\/schema\/logo\/image\/","url":"https:\/\/rollingringdrives.com\/wp-content\/uploads\/2023\/05\/cropped-\u672a\u547d\u540d\u7684\u8bbe\u8ba1.png","contentUrl":"https:\/\/rollingringdrives.com\/wp-content\/uploads\/2023\/05\/cropped-\u672a\u547d\u540d\u7684\u8bbe\u8ba1.png","width":300,"height":191,"caption":"QiPang"},"image":{"@id":"https:\/\/rollingringdrives.com\/#\/schema\/logo\/image\/"}}]}},"_links":{"self":[{"href":"https:\/\/rollingringdrives.com\/es\/wp-json\/wp\/v2\/product\/26634","targetHints":{"allow":["GET"]}}],"collection":[{"href":"https:\/\/rollingringdrives.com\/es\/wp-json\/wp\/v2\/product"}],"about":[{"href":"https:\/\/rollingringdrives.com\/es\/wp-json\/wp\/v2\/types\/product"}],"version-history":[{"count":0,"href":"https:\/\/rollingringdrives.com\/es\/wp-json\/wp\/v2\/product\/26634\/revisions"}],"wp:featuredmedia":[{"embeddable":true,"href":"https:\/\/rollingringdrives.com\/es\/wp-json\/wp\/v2\/media\/31379"}],"wp:attachment":[{"href":"https:\/\/rollingringdrives.com\/es\/wp-json\/wp\/v2\/media?parent=26634"}],"wp:term":[{"taxonomy":"product_brand","embeddable":true,"href":"https:\/\/rollingringdrives.com\/es\/wp-json\/wp\/v2\/product_brand?post=26634"},{"taxonomy":"product_cat","embeddable":true,"href":"https:\/\/rollingringdrives.com\/es\/wp-json\/wp\/v2\/product_cat?post=26634"},{"taxonomy":"product_tag","embeddable":true,"href":"https:\/\/rollingringdrives.com\/es\/wp-json\/wp\/v2\/product_tag?post=26634"}],"curies":[{"name":"wp","href":"https:\/\/api.w.org\/{rel}","templated":true}]}}