{"id":26819,"date":"2023-05-28T08:40:48","date_gmt":"2023-05-28T08:40:48","guid":{"rendered":"https:\/\/rollingringdrives.com\/?post_type=product&#038;p=26819"},"modified":"2023-05-28T08:40:50","modified_gmt":"2023-05-28T08:40:50","slug":"plastic-storage-wire-accumulator-wheel-model-217","status":"publish","type":"product","link":"https:\/\/rollingringdrives.com\/es\/producto\/plastico-almacenamiento-alambre-acumulador-rueda-modelo-217\/","title":{"rendered":"Rueda acumuladora de alambre de almacenamiento de pl\u00e1stico modelo 217"},"content":{"rendered":"<p class=\"xsj_paragraph xsj_paragraph_level_0\" data-source-line=\"0\" data-source-line-display=\"true\">La rueda acumuladora de cable es un tipo de rueda de alambre de almacenamiento utilizada en m\u00e1quinas de almacenamiento de alambre, acumuladores de alambre y l\u00edneas de producci\u00f3n de extrusi\u00f3n. Est\u00e1 disponible en diferentes materiales, como pl\u00e1stico, caucho y metal. El <strong>Modelo 217<\/strong> es la versi\u00f3n de pl\u00e1stico de esta rueda, con un di\u00e1metro exterior de 217 mm y ranura plana.<\/p>\n<p data-source-line=\"0\" data-source-line-display=\"true\"><\/p>\n<div class=\"xiaoshujiang_element xsj_anchor\"><a class=\"blank_anchor_name\" name=\"applications_1\"><\/a><a id=\"applications_1\" class=\"blank_anchor_id\"><\/a><a class=\"blank_anchor_name\" name=\"applications\"><\/a><a id=\"applications\" class=\"blank_anchor_id\"><\/a><\/div>\n<h2 id=\"applications_1\" class=\"xsj_heading_hash xsj_heading xsj_heading_h2\" data-source-line=\"2\" data-source-line-display=\"true\"><span class=\"xsj_heading_content\">Aplicaciones:<\/span><\/h2>\n<p class=\"xsj_paragraph xsj_paragraph_level_0\" data-source-line=\"4\" data-source-line-display=\"true\">El acumulador de alambre de pl\u00e1stico modelo 217, con su gran di\u00e1metro exterior de 217 mm, se utiliza en m\u00e1quinas de almacenamiento de alambre, acumuladores de alambre y l\u00edneas de producci\u00f3n de extrusi\u00f3n. Est\u00e1 dise\u00f1ado para mantener una tasa de tensi\u00f3n constante al soltar el alambre.<\/p>\n<div class=\"xiaoshujiang_element xsj_anchor\"><a class=\"blank_anchor_name\" name=\"characteristics_2\"><\/a><a id=\"characteristics_2\" class=\"blank_anchor_id\"><\/a><a class=\"blank_anchor_name\" name=\"characteristics\"><\/a><a id=\"characteristics\" class=\"blank_anchor_id\"><\/a><\/div>\n<h2 id=\"characteristics_2\" class=\"xsj_heading_hash xsj_heading xsj_heading_h2\" data-source-line=\"6\" data-source-line-display=\"true\"><span class=\"xsj_heading_content\">Caracter\u00edsticas:<\/span><\/h2>\n<p class=\"xsj_paragraph xsj_paragraph_level_0\" data-source-line=\"8\" data-source-line-display=\"true\">La rueda acumuladora de alambre de almacenamiento de pl\u00e1stico 217 tiene las siguientes caracter\u00edsticas excepcionales:<\/p>\n<ol class=\"markdown_ol\" data-source-line=\"10\">\n<li data-source-line=\"10\">Un material pl\u00e1stico resistente al desgaste de alta calidad.<\/li>\n<li data-source-line=\"11\">Ligero y flexible, por lo que es f\u00e1cil de usar y operar.<\/li>\n<li data-source-line=\"12\">La apariencia elegante es amigable con los cables y adecuada para operaciones de alta velocidad.<\/li>\n<li data-source-line=\"13\">De alta velocidad y duradero sin deformaci\u00f3n.<\/li>\n<li data-source-line=\"14\">Especificaciones personalizables de ruedas o rodamientos.<\/li>\n<\/ol>\n<div class=\"xiaoshujiang_element xsj_anchor\"><a class=\"blank_anchor_name\" name=\"faqs_3\"><\/a><a id=\"faqs_3\" class=\"blank_anchor_id\"><\/a><a class=\"blank_anchor_name\" name=\"faqs\"><\/a><a id=\"faqs\" class=\"blank_anchor_id\"><\/a><\/div>\n<h2 id=\"faqs_3\" class=\"xsj_heading_hash xsj_heading xsj_heading_h2\" data-source-line=\"15\" data-source-line-display=\"true\"><span class=\"xsj_heading_content\">Preguntas frecuentes sobre el acumulador de alambre de pl\u00e1stico modelo 217:<\/span><\/h2>\n<div class=\"xiaoshujiang_element xsj_anchor\"><a class=\"blank_anchor_name\" name=\"120what20is20the20outer20diameter20of20the20plastic20storage20wire20accumulator20wheel20model20217_4\"><\/a><a id=\"120what20is20the20outer20diameter20of20the20plastic20storage20wire20accumulator20wheel20model20217_4\" class=\"blank_anchor_id\"><\/a><a class=\"blank_anchor_name\" name=\"1-what-is-the-outer-diameter-of-the-plastic-storage-wire-accumulator-wheel-model-217\"><\/a><a id=\"1-what-is-the-outer-diameter-of-the-plastic-storage-wire-accumulator-wheel-model-217\" class=\"blank_anchor_id\"><\/a><\/div>\n<h4 id=\"120what20is20the20outer20diameter20of20the20plastic20storage20wire20accumulator20wheel20model20217_4\" class=\"xsj_heading_hash xsj_heading xsj_heading_h4\" data-source-line=\"17\" data-source-line-display=\"true\"><span class=\"xsj_heading_content\">1. \u00bfCu\u00e1l es el di\u00e1metro exterior de la rueda acumuladora de alambre de almacenamiento de pl\u00e1stico 217?<\/span><\/h4>\n<p class=\"xsj_paragraph xsj_paragraph_level_0\" data-source-line=\"19\" data-source-line-display=\"true\">Respuesta: El di\u00e1metro exterior de la rueda acumuladora de alambre de almacenamiento de pl\u00e1stico modelo 217 es de 217 mm.<\/p>\n<div class=\"xiaoshujiang_element xsj_anchor\"><a class=\"blank_anchor_name\" name=\"220what20is20the20material20used20in20making20the20plastic20storage20wire20accumulator20wheel20model20217_5\"><\/a><a id=\"220what20is20the20material20used20in20making20the20plastic20storage20wire20accumulator20wheel20model20217_5\" class=\"blank_anchor_id\"><\/a><a class=\"blank_anchor_name\" name=\"2-what-is-the-material-used-in-making-the-plastic-storage-wire-accumulator-wheel-model-217\"><\/a><a id=\"2-what-is-the-material-used-in-making-the-plastic-storage-wire-accumulator-wheel-model-217\" class=\"blank_anchor_id\"><\/a><\/div>\n<h4 id=\"220what20is20the20material20used20in20making20the20plastic20storage20wire20accumulator20wheel20model20217_5\" class=\"xsj_heading_hash xsj_heading xsj_heading_h4\" data-source-line=\"21\" data-source-line-display=\"true\"><span class=\"xsj_heading_content\">2. \u00bfQu\u00e9 material se utiliza para la rueda de alambre de almacenamiento de pl\u00e1stico 217?<\/span><\/h4>\n<p class=\"xsj_paragraph xsj_paragraph_level_0\" data-source-line=\"23\" data-source-line-display=\"true\">Respuesta: Est\u00e1 hecho de material pl\u00e1stico resistente al desgaste de alta calidad.<\/p>\n<div class=\"xiaoshujiang_element xsj_anchor\"><a class=\"blank_anchor_name\" name=\"320what20applications20is20the20plastic20storage20wire20accumulator20wheel20model2021720suitable20for_6\"><\/a><a id=\"320what20applications20is20the20plastic20storage20wire20accumulator20wheel20model2021720suitable20for_6\" class=\"blank_anchor_id\"><\/a><a class=\"blank_anchor_name\" name=\"3-what-applications-is-the-plastic-storage-wire-accumulator-wheel-model-217-suitable-for\"><\/a><a id=\"3-what-applications-is-the-plastic-storage-wire-accumulator-wheel-model-217-suitable-for\" class=\"blank_anchor_id\"><\/a><\/div>\n<h4 id=\"320what20applications20is20the20plastic20storage20wire20accumulator20wheel20model2021720suitable20for_6\" class=\"xsj_heading_hash xsj_heading xsj_heading_h4\" data-source-line=\"25\" data-source-line-display=\"true\"><span class=\"xsj_heading_content\">3. \u00bfPara qu\u00e9 aplicaciones es adecuada la rueda de alambre de almacenamiento de pl\u00e1stico 217?<\/span><\/h4>\n<p class=\"xsj_paragraph xsj_paragraph_level_0\" data-source-line=\"27\" data-source-line-display=\"true\">Respuesta: Es adecuado para m\u00e1quinas de almacenamiento de alambre, acumuladores y l\u00edneas de producci\u00f3n de extrusi\u00f3n.<\/p>\n<div class=\"xiaoshujiang_element xsj_anchor\"><a class=\"blank_anchor_name\" name=\"420is20this20wheel20flexible20and20easy20to20operate_7\"><\/a><a id=\"420is20this20wheel20flexible20and20easy20to20operate_7\" class=\"blank_anchor_id\"><\/a><a class=\"blank_anchor_name\" name=\"4-is-this-wheel-flexible-and-easy-to-operate\"><\/a><a id=\"4-is-this-wheel-flexible-and-easy-to-operate\" class=\"blank_anchor_id\"><\/a><\/div>\n<h4 id=\"420is20this20wheel20flexible20and20easy20to20operate_7\" class=\"xsj_heading_hash xsj_heading xsj_heading_h4\" data-source-line=\"29\" data-source-line-display=\"true\"><span class=\"xsj_heading_content\">4. \u00bfEs esta rueda flexible y f\u00e1cil de operar?<\/span><\/h4>\n<p class=\"xsj_paragraph xsj_paragraph_level_0\" data-source-line=\"31\" data-source-line-display=\"true\">Respuesta: S\u00ed, es liviano, flexible y f\u00e1cil de operar.<\/p>\n<div class=\"xiaoshujiang_element xsj_anchor\"><a class=\"blank_anchor_name\" name=\"520can20i20customize20the20wheel20or20bearing20specifications20of20the20plastic20storage20wire20accumulator20wheel20model20217_8\"><\/a><a id=\"520can20i20customize20the20wheel20or20bearing20specifications20of20the20plastic20storage20wire20accumulator20wheel20model20217_8\" class=\"blank_anchor_id\"><\/a><a class=\"blank_anchor_name\" name=\"5-can-i-customize-the-wheel-or-bearing-specifications-of-the-plastic-storage-wire-accumulator-wheel-model-217\"><\/a><a id=\"5-can-i-customize-the-wheel-or-bearing-specifications-of-the-plastic-storage-wire-accumulator-wheel-model-217\" class=\"blank_anchor_id\"><\/a><\/div>\n<h4 id=\"520can20i20customize20the20wheel20or20bearing20specifications20of20the20plastic20storage20wire20accumulator20wheel20model20217_8\" class=\"xsj_heading_hash xsj_heading xsj_heading_h4\" data-source-line=\"33\" data-source-line-display=\"true\"><span class=\"xsj_heading_content\">5. \u00bfPuedo personalizar las especificaciones de la rueda o el cojinete de la rueda acumuladora de alambre de almacenamiento de pl\u00e1stico 217?<\/span><\/h4>\n<p class=\"xsj_paragraph xsj_paragraph_level_0\" data-source-line=\"35\" data-source-line-display=\"true\">Respuesta: Tiene una gama personalizable de especificaciones de ruedas o rodamientos. P\u00f3ngase en contacto con nuestro servicio de atenci\u00f3n al cliente para obtener m\u00e1s informaci\u00f3n.<\/p>","protected":false},"excerpt":{"rendered":"<h2 id=\"features_1\" class=\"xsj_heading_hash xsj_heading xsj_heading_h2\" data-source-line=\"2\" data-source-line-display=\"true\"><span class=\"xsj_heading_content\">Caracter\u00edsticas:<\/span><\/h2>\n<ol class=\"markdown_ol\" data-source-line=\"4\">\n<li data-source-line=\"4\">La rueda acumuladora de alambre de almacenamiento de pl\u00e1stico modelo 217 est\u00e1 fabricada con un material pl\u00e1stico de alta calidad que es resistente al desgaste y duradero.<\/li>\n<li data-source-line=\"5\">Tiene una apariencia elegante que no da\u00f1a el cable, incluso a altas velocidades.<\/li>\n<li data-source-line=\"6\">Es ligero y flexible, por lo que es f\u00e1cil de operar.<\/li>\n<li data-source-line=\"7\">Tiene opciones personalizables para especificaciones de ruedas o rodamientos.<\/li>\n<li data-source-line=\"8\">Ninguna deformaci\u00f3n garantiza su alta velocidad y su naturaleza duradera.<\/li>\n<\/ol>","protected":false},"featured_media":26824,"template":"","meta":{"site-sidebar-layout":"default","site-content-layout":"default","ast-global-header-display":"","ast-banner-title-visibility":"","ast-main-header-display":"","ast-hfb-above-header-display":"","ast-hfb-below-header-display":"","ast-hfb-mobile-header-display":"","site-post-title":"","ast-breadcrumbs-content":"","ast-featured-img":"","footer-sml-layout":"","theme-transparent-header-meta":"default","adv-header-id-meta":"","stick-header-meta":"","header-above-stick-meta":"","header-main-stick-meta":"","header-below-stick-meta":""},"product_brand":[],"product_cat":[61],"product_tag":[],"class_list":{"0":"post-26819","1":"product","2":"type-product","3":"status-publish","4":"has-post-thumbnail","6":"product_cat-cable-accumulator-pulley","7":"desktop-align-left","8":"tablet-align-left","9":"mobile-align-left","11":"first","12":"instock","13":"shipping-taxable","14":"product-type-simple"},"yoast_head":"<!-- This site is optimized with the Yoast SEO Premium plugin v20.12 (Yoast SEO v26.0) - https:\/\/yoast.com\/wordpress\/plugins\/seo\/ -->\n<title>Plastic Storage Wire Accumulator Wheel Model 217 - QiPang<\/title>\n<meta name=\"description\" content=\"Upgrade your wire storage today with Plastic Wire Accumulator Model 217 - reliable, durable, and perfect for wire production lines. Order now!\" \/>\n<meta name=\"robots\" content=\"index, follow, max-snippet:-1, max-image-preview:large, max-video-preview:-1\" \/>\n<link rel=\"canonical\" href=\"https:\/\/rollingringdrives.com\/es\/producto\/plastico-almacenamiento-alambre-acumulador-rueda-modelo-217\/\" \/>\n<meta property=\"og:locale\" content=\"es_MX\" \/>\n<meta property=\"og:type\" content=\"article\" \/>\n<meta property=\"og:title\" content=\"Plastic Storage Wire Accumulator Wheel Model 217\" \/>\n<meta property=\"og:description\" content=\"Upgrade your wire storage today with Plastic Wire Accumulator Model 217 - reliable, durable, and perfect for wire production lines. Order now!\" \/>\n<meta property=\"og:url\" content=\"https:\/\/rollingringdrives.com\/es\/producto\/plastico-almacenamiento-alambre-acumulador-rueda-modelo-217\/\" \/>\n<meta property=\"og:site_name\" content=\"QiPang\" \/>\n<meta property=\"article:modified_time\" content=\"2023-05-28T08:40:50+00:00\" \/>\n<meta property=\"og:image\" content=\"https:\/\/rollingringdrives.com\/wp-content\/uploads\/2023\/05\/\u4e3b\u56fe-4-15.jpg\" \/>\n\t<meta property=\"og:image:width\" content=\"600\" \/>\n\t<meta property=\"og:image:height\" content=\"600\" \/>\n\t<meta property=\"og:image:type\" content=\"image\/jpeg\" \/>\n<meta name=\"twitter:card\" content=\"summary_large_image\" \/>\n<meta name=\"twitter:label1\" content=\"Tiempo de lectura\" \/>\n\t<meta name=\"twitter:data1\" content=\"2 minutos\" \/>\n<script type=\"application\/ld+json\" class=\"yoast-schema-graph\">{\"@context\":\"https:\/\/schema.org\",\"@graph\":[{\"@type\":\"WebPage\",\"@id\":\"https:\/\/rollingringdrives.com\/product\/plastic-storage-wire-accumulator-wheel-model-217\/\",\"url\":\"https:\/\/rollingringdrives.com\/product\/plastic-storage-wire-accumulator-wheel-model-217\/\",\"name\":\"Plastic Storage Wire Accumulator Wheel Model 217 - QiPang\",\"isPartOf\":{\"@id\":\"https:\/\/rollingringdrives.com\/#website\"},\"primaryImageOfPage\":{\"@id\":\"https:\/\/rollingringdrives.com\/product\/plastic-storage-wire-accumulator-wheel-model-217\/#primaryimage\"},\"image\":{\"@id\":\"https:\/\/rollingringdrives.com\/product\/plastic-storage-wire-accumulator-wheel-model-217\/#primaryimage\"},\"thumbnailUrl\":\"https:\/\/rollingringdrives.com\/wp-content\/uploads\/2023\/05\/\u4e3b\u56fe-4-15.jpg\",\"datePublished\":\"2023-05-28T08:40:48+00:00\",\"dateModified\":\"2023-05-28T08:40:50+00:00\",\"description\":\"Upgrade your wire storage today with Plastic Wire Accumulator Model 217 - reliable, durable, and perfect for wire production lines. Order now!\",\"breadcrumb\":{\"@id\":\"https:\/\/rollingringdrives.com\/product\/plastic-storage-wire-accumulator-wheel-model-217\/#breadcrumb\"},\"inLanguage\":\"es\",\"potentialAction\":[{\"@type\":\"ReadAction\",\"target\":[\"https:\/\/rollingringdrives.com\/product\/plastic-storage-wire-accumulator-wheel-model-217\/\"]}]},{\"@type\":\"ImageObject\",\"inLanguage\":\"es\",\"@id\":\"https:\/\/rollingringdrives.com\/product\/plastic-storage-wire-accumulator-wheel-model-217\/#primaryimage\",\"url\":\"https:\/\/rollingringdrives.com\/wp-content\/uploads\/2023\/05\/\u4e3b\u56fe-4-15.jpg\",\"contentUrl\":\"https:\/\/rollingringdrives.com\/wp-content\/uploads\/2023\/05\/\u4e3b\u56fe-4-15.jpg\",\"width\":600,\"height\":600,\"caption\":\"Plastic Storage Wire Accumulator Wheel Model 217\"},{\"@type\":\"BreadcrumbList\",\"@id\":\"https:\/\/rollingringdrives.com\/product\/plastic-storage-wire-accumulator-wheel-model-217\/#breadcrumb\",\"itemListElement\":[{\"@type\":\"ListItem\",\"position\":1,\"name\":\"Home\",\"item\":\"https:\/\/rollingringdrives.com\/\"},{\"@type\":\"ListItem\",\"position\":2,\"name\":\"Machines\",\"item\":\"https:\/\/rollingringdrives.com\/machines\/\"},{\"@type\":\"ListItem\",\"position\":3,\"name\":\"Plastic Storage Wire Accumulator Wheel Model 217\"}]},{\"@type\":\"WebSite\",\"@id\":\"https:\/\/rollingringdrives.com\/#website\",\"url\":\"https:\/\/rollingringdrives.com\/\",\"name\":\"QiPang\",\"description\":\"QiPang Blog\",\"publisher\":{\"@id\":\"https:\/\/rollingringdrives.com\/#organization\"},\"potentialAction\":[{\"@type\":\"SearchAction\",\"target\":{\"@type\":\"EntryPoint\",\"urlTemplate\":\"https:\/\/rollingringdrives.com\/?s={search_term_string}\"},\"query-input\":{\"@type\":\"PropertyValueSpecification\",\"valueRequired\":true,\"valueName\":\"search_term_string\"}}],\"inLanguage\":\"es\"},{\"@type\":\"Organization\",\"@id\":\"https:\/\/rollingringdrives.com\/#organization\",\"name\":\"QiPang\",\"url\":\"https:\/\/rollingringdrives.com\/\",\"logo\":{\"@type\":\"ImageObject\",\"inLanguage\":\"es\",\"@id\":\"https:\/\/rollingringdrives.com\/#\/schema\/logo\/image\/\",\"url\":\"https:\/\/rollingringdrives.com\/wp-content\/uploads\/2023\/05\/cropped-\u672a\u547d\u540d\u7684\u8bbe\u8ba1.png\",\"contentUrl\":\"https:\/\/rollingringdrives.com\/wp-content\/uploads\/2023\/05\/cropped-\u672a\u547d\u540d\u7684\u8bbe\u8ba1.png\",\"width\":300,\"height\":191,\"caption\":\"QiPang\"},\"image\":{\"@id\":\"https:\/\/rollingringdrives.com\/#\/schema\/logo\/image\/\"}}]}<\/script>\n<!-- \/ Yoast SEO Premium plugin. -->","yoast_head_json":{"title":"Rueda acumuladora de alambre de almacenamiento de pl\u00e1stico modelo 217 - QiPang","description":"Actualice su almacenamiento de alambre hoy con el acumulador de alambre de pl\u00e1stico modelo 217: confiable, duradero y perfecto para las l\u00edneas de producci\u00f3n de alambre. \u00a1Ordenar ahora!","robots":{"index":"index","follow":"follow","max-snippet":"max-snippet:-1","max-image-preview":"max-image-preview:large","max-video-preview":"max-video-preview:-1"},"canonical":"https:\/\/rollingringdrives.com\/es\/producto\/plastico-almacenamiento-alambre-acumulador-rueda-modelo-217\/","og_locale":"es_MX","og_type":"article","og_title":"Plastic Storage Wire Accumulator Wheel Model 217","og_description":"Upgrade your wire storage today with Plastic Wire Accumulator Model 217 - reliable, durable, and perfect for wire production lines. Order now!","og_url":"https:\/\/rollingringdrives.com\/es\/producto\/plastico-almacenamiento-alambre-acumulador-rueda-modelo-217\/","og_site_name":"QiPang","article_modified_time":"2023-05-28T08:40:50+00:00","og_image":[{"width":600,"height":600,"url":"https:\/\/rollingringdrives.com\/wp-content\/uploads\/2023\/05\/\u4e3b\u56fe-4-15.jpg","type":"image\/jpeg"}],"twitter_card":"summary_large_image","twitter_misc":{"Tiempo de lectura":"2 minutos"},"schema":{"@context":"https:\/\/schema.org","@graph":[{"@type":"WebPage","@id":"https:\/\/rollingringdrives.com\/product\/plastic-storage-wire-accumulator-wheel-model-217\/","url":"https:\/\/rollingringdrives.com\/product\/plastic-storage-wire-accumulator-wheel-model-217\/","name":"Rueda acumuladora de alambre de almacenamiento de pl\u00e1stico modelo 217 - QiPang","isPartOf":{"@id":"https:\/\/rollingringdrives.com\/#website"},"primaryImageOfPage":{"@id":"https:\/\/rollingringdrives.com\/product\/plastic-storage-wire-accumulator-wheel-model-217\/#primaryimage"},"image":{"@id":"https:\/\/rollingringdrives.com\/product\/plastic-storage-wire-accumulator-wheel-model-217\/#primaryimage"},"thumbnailUrl":"https:\/\/rollingringdrives.com\/wp-content\/uploads\/2023\/05\/\u4e3b\u56fe-4-15.jpg","datePublished":"2023-05-28T08:40:48+00:00","dateModified":"2023-05-28T08:40:50+00:00","description":"Actualice su almacenamiento de alambre hoy con el acumulador de alambre de pl\u00e1stico modelo 217: confiable, duradero y perfecto para las l\u00edneas de producci\u00f3n de alambre. \u00a1Ordenar ahora!","breadcrumb":{"@id":"https:\/\/rollingringdrives.com\/product\/plastic-storage-wire-accumulator-wheel-model-217\/#breadcrumb"},"inLanguage":"es","potentialAction":[{"@type":"ReadAction","target":["https:\/\/rollingringdrives.com\/product\/plastic-storage-wire-accumulator-wheel-model-217\/"]}]},{"@type":"ImageObject","inLanguage":"es","@id":"https:\/\/rollingringdrives.com\/product\/plastic-storage-wire-accumulator-wheel-model-217\/#primaryimage","url":"https:\/\/rollingringdrives.com\/wp-content\/uploads\/2023\/05\/\u4e3b\u56fe-4-15.jpg","contentUrl":"https:\/\/rollingringdrives.com\/wp-content\/uploads\/2023\/05\/\u4e3b\u56fe-4-15.jpg","width":600,"height":600,"caption":"Plastic Storage Wire Accumulator Wheel Model 217"},{"@type":"BreadcrumbList","@id":"https:\/\/rollingringdrives.com\/product\/plastic-storage-wire-accumulator-wheel-model-217\/#breadcrumb","itemListElement":[{"@type":"ListItem","position":1,"name":"Home","item":"https:\/\/rollingringdrives.com\/"},{"@type":"ListItem","position":2,"name":"Machines","item":"https:\/\/rollingringdrives.com\/machines\/"},{"@type":"ListItem","position":3,"name":"Plastic Storage Wire Accumulator Wheel Model 217"}]},{"@type":"WebSite","@id":"https:\/\/rollingringdrives.com\/#website","url":"https:\/\/rollingringdrives.com\/","name":"Qi Pang","description":"Blog QiPang","publisher":{"@id":"https:\/\/rollingringdrives.com\/#organization"},"potentialAction":[{"@type":"SearchAction","target":{"@type":"EntryPoint","urlTemplate":"https:\/\/rollingringdrives.com\/?s={search_term_string}"},"query-input":{"@type":"PropertyValueSpecification","valueRequired":true,"valueName":"search_term_string"}}],"inLanguage":"es"},{"@type":"Organization","@id":"https:\/\/rollingringdrives.com\/#organization","name":"Qi Pang","url":"https:\/\/rollingringdrives.com\/","logo":{"@type":"ImageObject","inLanguage":"es","@id":"https:\/\/rollingringdrives.com\/#\/schema\/logo\/image\/","url":"https:\/\/rollingringdrives.com\/wp-content\/uploads\/2023\/05\/cropped-\u672a\u547d\u540d\u7684\u8bbe\u8ba1.png","contentUrl":"https:\/\/rollingringdrives.com\/wp-content\/uploads\/2023\/05\/cropped-\u672a\u547d\u540d\u7684\u8bbe\u8ba1.png","width":300,"height":191,"caption":"QiPang"},"image":{"@id":"https:\/\/rollingringdrives.com\/#\/schema\/logo\/image\/"}}]}},"_links":{"self":[{"href":"https:\/\/rollingringdrives.com\/es\/wp-json\/wp\/v2\/product\/26819","targetHints":{"allow":["GET"]}}],"collection":[{"href":"https:\/\/rollingringdrives.com\/es\/wp-json\/wp\/v2\/product"}],"about":[{"href":"https:\/\/rollingringdrives.com\/es\/wp-json\/wp\/v2\/types\/product"}],"version-history":[{"count":0,"href":"https:\/\/rollingringdrives.com\/es\/wp-json\/wp\/v2\/product\/26819\/revisions"}],"wp:featuredmedia":[{"embeddable":true,"href":"https:\/\/rollingringdrives.com\/es\/wp-json\/wp\/v2\/media\/26824"}],"wp:attachment":[{"href":"https:\/\/rollingringdrives.com\/es\/wp-json\/wp\/v2\/media?parent=26819"}],"wp:term":[{"taxonomy":"product_brand","embeddable":true,"href":"https:\/\/rollingringdrives.com\/es\/wp-json\/wp\/v2\/product_brand?post=26819"},{"taxonomy":"product_cat","embeddable":true,"href":"https:\/\/rollingringdrives.com\/es\/wp-json\/wp\/v2\/product_cat?post=26819"},{"taxonomy":"product_tag","embeddable":true,"href":"https:\/\/rollingringdrives.com\/es\/wp-json\/wp\/v2\/product_tag?post=26819"}],"curies":[{"name":"wp","href":"https:\/\/api.w.org\/{rel}","templated":true}]}}