{"id":26861,"date":"2023-05-29T01:21:30","date_gmt":"2023-05-29T01:21:30","guid":{"rendered":"https:\/\/rollingringdrives.com\/?post_type=product&#038;p=26861"},"modified":"2023-05-29T01:21:32","modified_gmt":"2023-05-29T01:21:32","slug":"plastic-storage-wire-accumulator-wheel-model-390","status":"publish","type":"product","link":"https:\/\/rollingringdrives.com\/es\/producto\/plastico-almacenamiento-alambre-acumulador-rueda-modelo-390\/","title":{"rendered":"Rueda acumuladora de alambre de almacenamiento de pl\u00e1stico modelo 390"},"content":{"rendered":"<p class=\"xsj_paragraph xsj_paragraph_level_0\" data-source-line=\"0\" data-source-line-display=\"true\">La rueda acumuladora de cable es una rueda de alambre de almacenamiento que se utiliza principalmente en m\u00e1quinas de almacenamiento de alambre, acumuladores de alambre y l\u00edneas de producci\u00f3n de extrusi\u00f3n. El\u00a0<strong class=\"markdown_strong_asterisk\">Rueda de alambre de almacenamiento modelo 390<\/strong>\u00a0tiene un\u00a0<strong class=\"markdown_strong_asterisk\">di\u00e1metro exterior de 390 mm<\/strong>, y est\u00e1 hecho de material pl\u00e1stico de alta calidad, dividido en dos tipos de ruedas de goma, cada una con dos rodamientos con el n\u00famero 61907.<\/p>\n<p data-source-line=\"0\" data-source-line-display=\"true\"><\/p>\n<div class=\"xiaoshujiang_element xsj_anchor\"><a class=\"blank_anchor_name\" name=\"applications_1\"><\/a><a id=\"applications_1\" class=\"blank_anchor_id\"><\/a><a class=\"blank_anchor_name\" name=\"applications\"><\/a><a id=\"applications\" class=\"blank_anchor_id\"><\/a><\/div>\n<h2 id=\"applications_1\" class=\"xsj_heading_hash xsj_heading xsj_heading_h2\" data-source-line=\"2\" data-source-line-display=\"true\"><span class=\"xsj_heading_content\">Aplicaciones:<\/span><\/h2>\n<p class=\"xsj_paragraph xsj_paragraph_level_0\" data-source-line=\"4\" data-source-line-display=\"true\">La rueda acumuladora de cables es vers\u00e1til en varios entornos, incluidas las m\u00e1quinas de almacenamiento de cables, los acumuladores de cables, las l\u00edneas de producci\u00f3n de extrusi\u00f3n y los equipos de fabricaci\u00f3n de cables y alambres. Se usa principalmente en entornos que requieren almacenamiento de cables, y el dise\u00f1o limpio de la rueda del acumulador de cable significa que se puede usar en entornos de sala limpia.<\/p>\n<div class=\"xiaoshujiang_element xsj_anchor\"><a class=\"blank_anchor_name\" name=\"characteristics20of20different20materials20of20wire20storage20wheels_2\"><\/a><a id=\"characteristics20of20different20materials20of20wire20storage20wheels_2\" class=\"blank_anchor_id\"><\/a><a class=\"blank_anchor_name\" name=\"characteristics-of-different-materials-of-wire-storage-wheels\"><\/a><a id=\"characteristics-of-different-materials-of-wire-storage-wheels\" class=\"blank_anchor_id\"><\/a><\/div>\n<h2 id=\"characteristics20of20different20materials20of20wire20storage20wheels_2\" class=\"xsj_heading_hash xsj_heading xsj_heading_h2\" data-source-line=\"6\" data-source-line-display=\"true\"><span class=\"xsj_heading_content\">Caracter\u00edsticas de los diferentes materiales de las ruedas de almacenamiento de alambre:<\/span><\/h2>\n<p class=\"xsj_paragraph xsj_paragraph_level_0\" data-source-line=\"8\" data-source-line-display=\"true\">Rueda gu\u00eda de pl\u00e1stico:<\/p>\n<ol class=\"markdown_ol\" data-source-line=\"9\">\n<li data-source-line=\"9\">Materiales pl\u00e1sticos de alta calidad, que son m\u00e1s resistentes al desgaste.<\/li>\n<li data-source-line=\"10\">Hermosa apariencia, sin da\u00f1ar las l\u00edneas.<\/li>\n<li data-source-line=\"11\">De alta velocidad y duradero, sin deformaci\u00f3n.<\/li>\n<li data-source-line=\"12\">F\u00e1cil de usar, con bajo costo.<\/li>\n<li data-source-line=\"13\">Ligero y muy flexible.<\/li>\n<li data-source-line=\"14\">Otras especificaciones de ruedas y rodamientos personalizables.<\/li>\n<\/ol>\n<div class=\"xiaoshujiang_element xsj_anchor\"><a class=\"blank_anchor_name\" name=\"faqs20about20the20plastic20storage20wire20accumulator20wheel20model20390_3\"><\/a><a id=\"faqs20about20the20plastic20storage20wire20accumulator20wheel20model20390_3\" class=\"blank_anchor_id\"><\/a><a class=\"blank_anchor_name\" name=\"faqs-about-the-plastic-storage-wire-accumulator-wheel-model-390\"><\/a><a id=\"faqs-about-the-plastic-storage-wire-accumulator-wheel-model-390\" class=\"blank_anchor_id\"><\/a><\/div>\n<h2 id=\"faqs20about20the20plastic20storage20wire20accumulator20wheel20model20390_3\" class=\"xsj_heading_hash xsj_heading xsj_heading_h2\" data-source-line=\"16\" data-source-line-display=\"true\"><span class=\"xsj_heading_content\">Preguntas frecuentes sobre la rueda acumuladora de alambre de almacenamiento de pl\u00e1stico modelo 390:<\/span><\/h2>\n<div class=\"xiaoshujiang_element xsj_anchor\"><a class=\"blank_anchor_name\" name=\"120what20is20the20outer20diameter20of20the20model2039020storage20wire20wheel_4\"><\/a><a id=\"120what20is20the20outer20diameter20of20the20model2039020storage20wire20wheel_4\" class=\"blank_anchor_id\"><\/a><a class=\"blank_anchor_name\" name=\"1-what-is-the-outer-diameter-of-the-model-390-storage-wire-wheel\"><\/a><a id=\"1-what-is-the-outer-diameter-of-the-model-390-storage-wire-wheel\" class=\"blank_anchor_id\"><\/a><\/div>\n<h4 id=\"120what20is20the20outer20diameter20of20the20model2039020storage20wire20wheel_4\" class=\"xsj_heading_hash xsj_heading xsj_heading_h4\" data-source-line=\"18\" data-source-line-display=\"true\"><span class=\"xsj_heading_content\">1. \u00bfCu\u00e1l es el di\u00e1metro exterior de la rueda de alambre de almacenamiento Modelo 390?<\/span><\/h4>\n<p class=\"xsj_paragraph xsj_paragraph_level_0\" data-source-line=\"20\" data-source-line-display=\"true\">El di\u00e1metro exterior de la rueda de alambre de almacenamiento modelo 390 es de 390 mm.<\/p>\n<div class=\"xiaoshujiang_element xsj_anchor\"><a class=\"blank_anchor_name\" name=\"220what20material20is20used20to20make20the20model2039020storage20wire20wheel_5\"><\/a><a id=\"220what20material20is20used20to20make20the20model2039020storage20wire20wheel_5\" class=\"blank_anchor_id\"><\/a><a class=\"blank_anchor_name\" name=\"2-what-material-is-used-to-make-the-model-390-storage-wire-wheel\"><\/a><a id=\"2-what-material-is-used-to-make-the-model-390-storage-wire-wheel\" class=\"blank_anchor_id\"><\/a><\/div>\n<h4 id=\"220what20material20is20used20to20make20the20model2039020storage20wire20wheel_5\" class=\"xsj_heading_hash xsj_heading xsj_heading_h4\" data-source-line=\"22\" data-source-line-display=\"true\"><span class=\"xsj_heading_content\">2. \u00bfQu\u00e9 material se utiliza para la rueda de alambre de almacenamiento Modelo 390?<\/span><\/h4>\n<p class=\"xsj_paragraph xsj_paragraph_level_0\" data-source-line=\"24\" data-source-line-display=\"true\">La rueda de alambre de almacenamiento modelo 390 est\u00e1 hecha principalmente de material pl\u00e1stico de alta calidad.<\/p>\n<div class=\"xiaoshujiang_element xsj_anchor\"><a class=\"blank_anchor_name\" name=\"320how20many20types20of20rubber20wheels20does20the20model2039020storage20wire20wheel20have_6\"><\/a><a id=\"320how20many20types20of20rubber20wheels20does20the20model2039020storage20wire20wheel20have_6\" class=\"blank_anchor_id\"><\/a><a class=\"blank_anchor_name\" name=\"3-how-many-types-of-rubber-wheels-does-the-model-390-storage-wire-wheel-have\"><\/a><a id=\"3-how-many-types-of-rubber-wheels-does-the-model-390-storage-wire-wheel-have\" class=\"blank_anchor_id\"><\/a><\/div>\n<h4 id=\"320how20many20types20of20rubber20wheels20does20the20model2039020storage20wire20wheel20have_6\" class=\"xsj_heading_hash xsj_heading xsj_heading_h4\" data-source-line=\"26\" data-source-line-display=\"true\"><span class=\"xsj_heading_content\">3. \u00bfCu\u00e1ntos tipos de ruedas de goma tiene la rueda de alambre de almacenamiento Modelo 390?<\/span><\/h4>\n<p class=\"xsj_paragraph xsj_paragraph_level_0\" data-source-line=\"28\" data-source-line-display=\"true\">La rueda de alambre de almacenamiento Modelo 390 viene en dos tipos de ruedas de goma.<\/p>\n<div class=\"xiaoshujiang_element xsj_anchor\"><a class=\"blank_anchor_name\" name=\"420how20many20bearings20does20a20plastic20wheel20typically20have_7\"><\/a><a id=\"420how20many20bearings20does20a20plastic20wheel20typically20have_7\" class=\"blank_anchor_id\"><\/a><a class=\"blank_anchor_name\" name=\"4-how-many-bearings-does-a-plastic-wheel-typically-have\"><\/a><a id=\"4-how-many-bearings-does-a-plastic-wheel-typically-have\" class=\"blank_anchor_id\"><\/a><\/div>\n<h4 id=\"420how20many20bearings20does20a20plastic20wheel20typically20have_7\" class=\"xsj_heading_hash xsj_heading xsj_heading_h4\" data-source-line=\"30\" data-source-line-display=\"true\"><span class=\"xsj_heading_content\">4. \u00bfCu\u00e1ntos cojinetes tiene normalmente una rueda de pl\u00e1stico?<\/span><\/h4>\n<p class=\"xsj_paragraph xsj_paragraph_level_0\" data-source-line=\"32\" data-source-line-display=\"true\">Una rueda de pl\u00e1stico normalmente tiene dos rodamientos.<\/p>\n<div class=\"xiaoshujiang_element xsj_anchor\"><a class=\"blank_anchor_name\" name=\"520can20i20customize20the20bearings20and20wheel20specifications20of20the20model2039020storage20wire20wheel_8\"><\/a><a id=\"520can20i20customize20the20bearings20and20wheel20specifications20of20the20model2039020storage20wire20wheel_8\" class=\"blank_anchor_id\"><\/a><a class=\"blank_anchor_name\" name=\"5-can-i-customize-the-bearings-and-wheel-specifications-of-the-model-390-storage-wire-wheel\"><\/a><a id=\"5-can-i-customize-the-bearings-and-wheel-specifications-of-the-model-390-storage-wire-wheel\" class=\"blank_anchor_id\"><\/a><\/div>\n<h4 id=\"520can20i20customize20the20bearings20and20wheel20specifications20of20the20model2039020storage20wire20wheel_8\" class=\"xsj_heading_hash xsj_heading xsj_heading_h4\" data-source-line=\"34\" data-source-line-display=\"true\"><span class=\"xsj_heading_content\">5. \u00bfPuedo personalizar los cojinetes y las especificaciones de las ruedas de la rueda de alambre de almacenamiento Modelo 390?<\/span><\/h4>\n<p class=\"xsj_paragraph xsj_paragraph_level_0\" data-source-line=\"36\" data-source-line-display=\"true\">S\u00ed, puede personalizar los cojinetes y las especificaciones de las ruedas de la rueda de alambre de almacenamiento modelo 390 poni\u00e9ndose en contacto con el servicio de atenci\u00f3n al cliente.<\/p>","protected":false},"excerpt":{"rendered":"<h2 id=\"features_1\" class=\"xsj_heading_hash xsj_heading xsj_heading_h2\" data-source-line=\"2\" data-source-line-display=\"true\"><span class=\"xsj_heading_content\">Caracter\u00edsticas:<\/span><\/h2>\n<p class=\"xsj_paragraph xsj_paragraph_level_0\" data-source-line=\"4\" data-source-line-display=\"true\">El <strong>Rueda acumuladora de cable<\/strong> tiene varias caracter\u00edsticas notables, incluido su dise\u00f1o liviano, material pl\u00e1stico resistente al desgaste y durabilidad duradera. A diferencia de otros productos de la competencia, esta rueda de alambre de almacenamiento est\u00e1 dise\u00f1ada para ser f\u00e1cil de usar, con un bajo costo, lo que la hace accesible a una amplia gama de industrias. La rueda acumuladora de cables no se deforma y tiene una gran flexibilidad, lo que la convierte en un accesorio \u00f3ptimo para los equipos de fabricaci\u00f3n de alambres y cables.<\/p>","protected":false},"featured_media":26863,"template":"","meta":{"site-sidebar-layout":"default","site-content-layout":"default","ast-global-header-display":"","ast-banner-title-visibility":"","ast-main-header-display":"","ast-hfb-above-header-display":"","ast-hfb-below-header-display":"","ast-hfb-mobile-header-display":"","site-post-title":"","ast-breadcrumbs-content":"","ast-featured-img":"","footer-sml-layout":"","theme-transparent-header-meta":"default","adv-header-id-meta":"","stick-header-meta":"","header-above-stick-meta":"","header-main-stick-meta":"","header-below-stick-meta":""},"product_brand":[],"product_cat":[61],"product_tag":[],"class_list":{"0":"post-26861","1":"product","2":"type-product","3":"status-publish","4":"has-post-thumbnail","6":"product_cat-cable-accumulator-pulley","7":"desktop-align-left","8":"tablet-align-left","9":"mobile-align-left","11":"first","12":"instock","13":"shipping-taxable","14":"product-type-simple"},"yoast_head":"<!-- This site is optimized with the Yoast SEO Premium plugin v20.12 (Yoast SEO v26.0) - https:\/\/yoast.com\/wordpress\/plugins\/seo\/ -->\n<title>Plastic Storage Wire Accumulator Wheel Model 390 - QiPang<\/title>\n<meta name=\"description\" content=\"Get the most out of your wire storage with Plastic Wire Accumulator Model 390 - durable, efficient, and perfect for any wire production line. Order today!\" \/>\n<meta name=\"robots\" content=\"index, follow, max-snippet:-1, max-image-preview:large, max-video-preview:-1\" \/>\n<link rel=\"canonical\" href=\"https:\/\/rollingringdrives.com\/es\/producto\/plastico-almacenamiento-alambre-acumulador-rueda-modelo-390\/\" \/>\n<meta property=\"og:locale\" content=\"es_MX\" \/>\n<meta property=\"og:type\" content=\"article\" \/>\n<meta property=\"og:title\" content=\"Plastic Storage Wire Accumulator Wheel Model 390\" \/>\n<meta property=\"og:description\" content=\"Get the most out of your wire storage with Plastic Wire Accumulator Model 390 - durable, efficient, and perfect for any wire production line. Order today!\" \/>\n<meta property=\"og:url\" content=\"https:\/\/rollingringdrives.com\/es\/producto\/plastico-almacenamiento-alambre-acumulador-rueda-modelo-390\/\" \/>\n<meta property=\"og:site_name\" content=\"QiPang\" \/>\n<meta property=\"article:modified_time\" content=\"2023-05-29T01:21:32+00:00\" \/>\n<meta property=\"og:image\" content=\"https:\/\/rollingringdrives.com\/wp-content\/uploads\/2023\/05\/\u4e3b\u56fe-2-18.jpg\" \/>\n\t<meta property=\"og:image:width\" content=\"600\" \/>\n\t<meta property=\"og:image:height\" content=\"600\" \/>\n\t<meta property=\"og:image:type\" content=\"image\/jpeg\" \/>\n<meta name=\"twitter:card\" content=\"summary_large_image\" \/>\n<meta name=\"twitter:label1\" content=\"Tiempo de lectura\" \/>\n\t<meta name=\"twitter:data1\" content=\"2 minutos\" \/>\n<script type=\"application\/ld+json\" class=\"yoast-schema-graph\">{\"@context\":\"https:\/\/schema.org\",\"@graph\":[{\"@type\":\"WebPage\",\"@id\":\"https:\/\/rollingringdrives.com\/product\/plastic-storage-wire-accumulator-wheel-model-390\/\",\"url\":\"https:\/\/rollingringdrives.com\/product\/plastic-storage-wire-accumulator-wheel-model-390\/\",\"name\":\"Plastic Storage Wire Accumulator Wheel Model 390 - QiPang\",\"isPartOf\":{\"@id\":\"https:\/\/rollingringdrives.com\/#website\"},\"primaryImageOfPage\":{\"@id\":\"https:\/\/rollingringdrives.com\/product\/plastic-storage-wire-accumulator-wheel-model-390\/#primaryimage\"},\"image\":{\"@id\":\"https:\/\/rollingringdrives.com\/product\/plastic-storage-wire-accumulator-wheel-model-390\/#primaryimage\"},\"thumbnailUrl\":\"https:\/\/rollingringdrives.com\/wp-content\/uploads\/2023\/05\/\u4e3b\u56fe-2-18.jpg\",\"datePublished\":\"2023-05-29T01:21:30+00:00\",\"dateModified\":\"2023-05-29T01:21:32+00:00\",\"description\":\"Get the most out of your wire storage with Plastic Wire Accumulator Model 390 - durable, efficient, and perfect for any wire production line. Order today!\",\"breadcrumb\":{\"@id\":\"https:\/\/rollingringdrives.com\/product\/plastic-storage-wire-accumulator-wheel-model-390\/#breadcrumb\"},\"inLanguage\":\"es\",\"potentialAction\":[{\"@type\":\"ReadAction\",\"target\":[\"https:\/\/rollingringdrives.com\/product\/plastic-storage-wire-accumulator-wheel-model-390\/\"]}]},{\"@type\":\"ImageObject\",\"inLanguage\":\"es\",\"@id\":\"https:\/\/rollingringdrives.com\/product\/plastic-storage-wire-accumulator-wheel-model-390\/#primaryimage\",\"url\":\"https:\/\/rollingringdrives.com\/wp-content\/uploads\/2023\/05\/\u4e3b\u56fe-2-18.jpg\",\"contentUrl\":\"https:\/\/rollingringdrives.com\/wp-content\/uploads\/2023\/05\/\u4e3b\u56fe-2-18.jpg\",\"width\":600,\"height\":600,\"caption\":\"Plastic Storage Wire Accumulator Wheel Model 390\"},{\"@type\":\"BreadcrumbList\",\"@id\":\"https:\/\/rollingringdrives.com\/product\/plastic-storage-wire-accumulator-wheel-model-390\/#breadcrumb\",\"itemListElement\":[{\"@type\":\"ListItem\",\"position\":1,\"name\":\"Home\",\"item\":\"https:\/\/rollingringdrives.com\/\"},{\"@type\":\"ListItem\",\"position\":2,\"name\":\"Machines\",\"item\":\"https:\/\/rollingringdrives.com\/machines\/\"},{\"@type\":\"ListItem\",\"position\":3,\"name\":\"Plastic Storage Wire Accumulator Wheel Model 390\"}]},{\"@type\":\"WebSite\",\"@id\":\"https:\/\/rollingringdrives.com\/#website\",\"url\":\"https:\/\/rollingringdrives.com\/\",\"name\":\"QiPang\",\"description\":\"QiPang Blog\",\"publisher\":{\"@id\":\"https:\/\/rollingringdrives.com\/#organization\"},\"potentialAction\":[{\"@type\":\"SearchAction\",\"target\":{\"@type\":\"EntryPoint\",\"urlTemplate\":\"https:\/\/rollingringdrives.com\/?s={search_term_string}\"},\"query-input\":{\"@type\":\"PropertyValueSpecification\",\"valueRequired\":true,\"valueName\":\"search_term_string\"}}],\"inLanguage\":\"es\"},{\"@type\":\"Organization\",\"@id\":\"https:\/\/rollingringdrives.com\/#organization\",\"name\":\"QiPang\",\"url\":\"https:\/\/rollingringdrives.com\/\",\"logo\":{\"@type\":\"ImageObject\",\"inLanguage\":\"es\",\"@id\":\"https:\/\/rollingringdrives.com\/#\/schema\/logo\/image\/\",\"url\":\"https:\/\/rollingringdrives.com\/wp-content\/uploads\/2023\/05\/cropped-\u672a\u547d\u540d\u7684\u8bbe\u8ba1.png\",\"contentUrl\":\"https:\/\/rollingringdrives.com\/wp-content\/uploads\/2023\/05\/cropped-\u672a\u547d\u540d\u7684\u8bbe\u8ba1.png\",\"width\":300,\"height\":191,\"caption\":\"QiPang\"},\"image\":{\"@id\":\"https:\/\/rollingringdrives.com\/#\/schema\/logo\/image\/\"}}]}<\/script>\n<!-- \/ Yoast SEO Premium plugin. -->","yoast_head_json":{"title":"Rueda acumuladora de alambre de almacenamiento de pl\u00e1stico modelo 390 - QiPang","description":"Aproveche al m\u00e1ximo su almacenamiento de alambre con el acumulador de alambre de pl\u00e1stico modelo 390: duradero, eficiente y perfecto para cualquier l\u00ednea de producci\u00f3n de alambre. \u00a1Ordenar hoy!","robots":{"index":"index","follow":"follow","max-snippet":"max-snippet:-1","max-image-preview":"max-image-preview:large","max-video-preview":"max-video-preview:-1"},"canonical":"https:\/\/rollingringdrives.com\/es\/producto\/plastico-almacenamiento-alambre-acumulador-rueda-modelo-390\/","og_locale":"es_MX","og_type":"article","og_title":"Plastic Storage Wire Accumulator Wheel Model 390","og_description":"Get the most out of your wire storage with Plastic Wire Accumulator Model 390 - durable, efficient, and perfect for any wire production line. Order today!","og_url":"https:\/\/rollingringdrives.com\/es\/producto\/plastico-almacenamiento-alambre-acumulador-rueda-modelo-390\/","og_site_name":"QiPang","article_modified_time":"2023-05-29T01:21:32+00:00","og_image":[{"width":600,"height":600,"url":"https:\/\/rollingringdrives.com\/wp-content\/uploads\/2023\/05\/\u4e3b\u56fe-2-18.jpg","type":"image\/jpeg"}],"twitter_card":"summary_large_image","twitter_misc":{"Tiempo de lectura":"2 minutos"},"schema":{"@context":"https:\/\/schema.org","@graph":[{"@type":"WebPage","@id":"https:\/\/rollingringdrives.com\/product\/plastic-storage-wire-accumulator-wheel-model-390\/","url":"https:\/\/rollingringdrives.com\/product\/plastic-storage-wire-accumulator-wheel-model-390\/","name":"Rueda acumuladora de alambre de almacenamiento de pl\u00e1stico modelo 390 - QiPang","isPartOf":{"@id":"https:\/\/rollingringdrives.com\/#website"},"primaryImageOfPage":{"@id":"https:\/\/rollingringdrives.com\/product\/plastic-storage-wire-accumulator-wheel-model-390\/#primaryimage"},"image":{"@id":"https:\/\/rollingringdrives.com\/product\/plastic-storage-wire-accumulator-wheel-model-390\/#primaryimage"},"thumbnailUrl":"https:\/\/rollingringdrives.com\/wp-content\/uploads\/2023\/05\/\u4e3b\u56fe-2-18.jpg","datePublished":"2023-05-29T01:21:30+00:00","dateModified":"2023-05-29T01:21:32+00:00","description":"Aproveche al m\u00e1ximo su almacenamiento de alambre con el acumulador de alambre de pl\u00e1stico modelo 390: duradero, eficiente y perfecto para cualquier l\u00ednea de producci\u00f3n de alambre. \u00a1Ordenar hoy!","breadcrumb":{"@id":"https:\/\/rollingringdrives.com\/product\/plastic-storage-wire-accumulator-wheel-model-390\/#breadcrumb"},"inLanguage":"es","potentialAction":[{"@type":"ReadAction","target":["https:\/\/rollingringdrives.com\/product\/plastic-storage-wire-accumulator-wheel-model-390\/"]}]},{"@type":"ImageObject","inLanguage":"es","@id":"https:\/\/rollingringdrives.com\/product\/plastic-storage-wire-accumulator-wheel-model-390\/#primaryimage","url":"https:\/\/rollingringdrives.com\/wp-content\/uploads\/2023\/05\/\u4e3b\u56fe-2-18.jpg","contentUrl":"https:\/\/rollingringdrives.com\/wp-content\/uploads\/2023\/05\/\u4e3b\u56fe-2-18.jpg","width":600,"height":600,"caption":"Plastic Storage Wire Accumulator Wheel Model 390"},{"@type":"BreadcrumbList","@id":"https:\/\/rollingringdrives.com\/product\/plastic-storage-wire-accumulator-wheel-model-390\/#breadcrumb","itemListElement":[{"@type":"ListItem","position":1,"name":"Home","item":"https:\/\/rollingringdrives.com\/"},{"@type":"ListItem","position":2,"name":"Machines","item":"https:\/\/rollingringdrives.com\/machines\/"},{"@type":"ListItem","position":3,"name":"Plastic Storage Wire Accumulator Wheel Model 390"}]},{"@type":"WebSite","@id":"https:\/\/rollingringdrives.com\/#website","url":"https:\/\/rollingringdrives.com\/","name":"Qi Pang","description":"Blog QiPang","publisher":{"@id":"https:\/\/rollingringdrives.com\/#organization"},"potentialAction":[{"@type":"SearchAction","target":{"@type":"EntryPoint","urlTemplate":"https:\/\/rollingringdrives.com\/?s={search_term_string}"},"query-input":{"@type":"PropertyValueSpecification","valueRequired":true,"valueName":"search_term_string"}}],"inLanguage":"es"},{"@type":"Organization","@id":"https:\/\/rollingringdrives.com\/#organization","name":"Qi Pang","url":"https:\/\/rollingringdrives.com\/","logo":{"@type":"ImageObject","inLanguage":"es","@id":"https:\/\/rollingringdrives.com\/#\/schema\/logo\/image\/","url":"https:\/\/rollingringdrives.com\/wp-content\/uploads\/2023\/05\/cropped-\u672a\u547d\u540d\u7684\u8bbe\u8ba1.png","contentUrl":"https:\/\/rollingringdrives.com\/wp-content\/uploads\/2023\/05\/cropped-\u672a\u547d\u540d\u7684\u8bbe\u8ba1.png","width":300,"height":191,"caption":"QiPang"},"image":{"@id":"https:\/\/rollingringdrives.com\/#\/schema\/logo\/image\/"}}]}},"_links":{"self":[{"href":"https:\/\/rollingringdrives.com\/es\/wp-json\/wp\/v2\/product\/26861","targetHints":{"allow":["GET"]}}],"collection":[{"href":"https:\/\/rollingringdrives.com\/es\/wp-json\/wp\/v2\/product"}],"about":[{"href":"https:\/\/rollingringdrives.com\/es\/wp-json\/wp\/v2\/types\/product"}],"version-history":[{"count":0,"href":"https:\/\/rollingringdrives.com\/es\/wp-json\/wp\/v2\/product\/26861\/revisions"}],"wp:featuredmedia":[{"embeddable":true,"href":"https:\/\/rollingringdrives.com\/es\/wp-json\/wp\/v2\/media\/26863"}],"wp:attachment":[{"href":"https:\/\/rollingringdrives.com\/es\/wp-json\/wp\/v2\/media?parent=26861"}],"wp:term":[{"taxonomy":"product_brand","embeddable":true,"href":"https:\/\/rollingringdrives.com\/es\/wp-json\/wp\/v2\/product_brand?post=26861"},{"taxonomy":"product_cat","embeddable":true,"href":"https:\/\/rollingringdrives.com\/es\/wp-json\/wp\/v2\/product_cat?post=26861"},{"taxonomy":"product_tag","embeddable":true,"href":"https:\/\/rollingringdrives.com\/es\/wp-json\/wp\/v2\/product_tag?post=26861"}],"curies":[{"name":"wp","href":"https:\/\/api.w.org\/{rel}","templated":true}]}}