{"id":26894,"date":"2023-05-29T03:10:26","date_gmt":"2023-05-29T03:10:26","guid":{"rendered":"https:\/\/rollingringdrives.com\/?post_type=product&#038;p=26894"},"modified":"2023-05-29T03:10:28","modified_gmt":"2023-05-29T03:10:28","slug":"plastic-storage-wire-accumulator-wheel-model-550","status":"publish","type":"product","link":"https:\/\/rollingringdrives.com\/es\/producto\/plastico-almacenamiento-alambre-acumulador-rueda-modelo-550\/","title":{"rendered":"Rueda acumuladora de alambre de almacenamiento de pl\u00e1stico modelo 550"},"content":{"rendered":"<p class=\"xsj_paragraph xsj_paragraph_level_0\" data-source-line=\"0\" data-source-line-display=\"true\">La rueda acumuladora de cables es un accesorio esencial para los equipos de fabricaci\u00f3n de alambres y cables. Se utiliza para m\u00e1quinas de almacenamiento de alambre, acumuladores y l\u00edneas de producci\u00f3n de extrusi\u00f3n. La rueda viene en diferentes materiales, pero el <strong class=\"markdown_strong_asterisk\">La rueda de alambre de almacenamiento modelo 550 est\u00e1 hecha de pl\u00e1stico de alta calidad.<\/strong>. tiene un\u00a0<strong class=\"markdown_strong_asterisk\">di\u00e1metro exterior de 550 mm<\/strong>\u00a0y usa un\u00a0<strong class=\"markdown_strong_asterisk\">6006 teniendo<\/strong>. El material pl\u00e1stico est\u00e1 dise\u00f1ado para ser m\u00e1s resistente al desgaste, liviano y flexible. Esto proporciona una larga vida \u00fatil y un rendimiento de alta calidad, lo que lo convierte en un accesorio \u00f3ptimo para equipos de fabricaci\u00f3n de alambres y cables.<\/p>\n<figure id=\"attachment_26900\" aria-describedby=\"caption-attachment-26900\" style=\"width: 1104px\" class=\"wp-caption alignnone\"><img fetchpriority=\"high\" decoding=\"async\" class=\"wp-image-26900 size-full\" src=\"https:\/\/rollingringdrives.com\/wp-content\/uploads\/2023\/05\/550\u56fe\u7eb8.png\" alt=\"Dibujos del modelo 550\" width=\"1104\" height=\"630\" srcset=\"https:\/\/rollingringdrives.com\/wp-content\/uploads\/2023\/05\/550\u56fe\u7eb8.png 1104w, https:\/\/rollingringdrives.com\/wp-content\/uploads\/2023\/05\/550\u56fe\u7eb8-300x171.png 300w, https:\/\/rollingringdrives.com\/wp-content\/uploads\/2023\/05\/550\u56fe\u7eb8-1024x584.png 1024w, https:\/\/rollingringdrives.com\/wp-content\/uploads\/2023\/05\/550\u56fe\u7eb8-768x438.png 768w, https:\/\/rollingringdrives.com\/wp-content\/uploads\/2023\/05\/550\u56fe\u7eb8-600x342.png 600w\" sizes=\"(max-width: 1104px) 100vw, 1104px\" \/><figcaption id=\"caption-attachment-26900\" class=\"wp-caption-text\">Dibujos del modelo 550<\/figcaption><\/figure>\n<div class=\"xiaoshujiang_element xsj_anchor\"><a class=\"blank_anchor_name\" name=\"applications_1\"><\/a><a id=\"applications_1\" class=\"blank_anchor_id\"><\/a><a class=\"blank_anchor_name\" name=\"applications\"><\/a><a id=\"applications\" class=\"blank_anchor_id\"><\/a><\/div>\n<h2 id=\"applications_1\" class=\"xsj_heading_hash xsj_heading xsj_heading_h2\" data-source-line=\"2\" data-source-line-display=\"true\"><span style=\"text-decoration: underline;\"><span class=\"xsj_heading_content\">Aplicaciones:<\/span><\/span><\/h2>\n<p class=\"xsj_paragraph xsj_paragraph_level_0\" data-source-line=\"4\" data-source-line-display=\"true\">La rueda acumuladora de cable est\u00e1 dise\u00f1ada para m\u00e1quinas de almacenamiento de alambre, acumuladores y l\u00edneas de producci\u00f3n de extrusi\u00f3n. Su material pl\u00e1stico resistente al desgaste, liviano y flexible lo convierte en un accesorio \u00f3ptimo para equipos de fabricaci\u00f3n de alambres y cables.<\/p>\n<div class=\"xiaoshujiang_element xsj_anchor\"><a class=\"blank_anchor_name\" name=\"characteristics20of20different20materials_2\"><\/a><a id=\"characteristics20of20different20materials_2\" class=\"blank_anchor_id\"><\/a><a class=\"blank_anchor_name\" name=\"characteristics-of-different-materials\"><\/a><a id=\"characteristics-of-different-materials\" class=\"blank_anchor_id\"><\/a><\/div>\n<h2 id=\"characteristics20of20different20materials_2\" class=\"xsj_heading_hash xsj_heading xsj_heading_h2\" data-source-line=\"6\" data-source-line-display=\"true\"><span style=\"text-decoration: underline;\"><span class=\"xsj_heading_content\">Caracter\u00edsticas de los diferentes materiales:<\/span><\/span><\/h2>\n<p class=\"xsj_paragraph xsj_paragraph_level_0\" data-source-line=\"8\" data-source-line-display=\"true\">Diferentes materiales tienen diferentes caracter\u00edsticas cuando se trata de ruedas de almacenamiento de alambre. Por ejemplo, las ruedas gu\u00eda de pl\u00e1stico se caracterizan por su alta resistencia al desgaste, belleza, alta velocidad y durabilidad, ausencia de deformaci\u00f3n y flexibilidad. Sin embargo, las ruedas de metal se caracterizan por su alta resistencia, rigidez y durabilidad, lo que las hace ideales para procesos de fabricaci\u00f3n de alambre m\u00e1s pesados y exigentes.<\/p>\n<div class=\"xiaoshujiang_element xsj_anchor\"><a class=\"blank_anchor_name\" name=\"faqs20about20the20plastic20storage20wire20accumulator20wheel20model20550_3\"><\/a><a id=\"faqs20about20the20plastic20storage20wire20accumulator20wheel20model20550_3\" class=\"blank_anchor_id\"><\/a><a class=\"blank_anchor_name\" name=\"faqs-about-the-plastic-storage-wire-accumulator-wheel-model-550\"><\/a><a id=\"faqs-about-the-plastic-storage-wire-accumulator-wheel-model-550\" class=\"blank_anchor_id\"><\/a><\/div>\n<h2 id=\"faqs20about20the20plastic20storage20wire20accumulator20wheel20model20550_3\" class=\"xsj_heading_hash xsj_heading xsj_heading_h2\" data-source-line=\"10\" data-source-line-display=\"true\"><span style=\"text-decoration: underline;\"><span class=\"xsj_heading_content\">Preguntas frecuentes sobre la rueda acumuladora de alambre de almacenamiento de pl\u00e1stico modelo 550:<\/span><\/span><\/h2>\n<div class=\"xiaoshujiang_element xsj_anchor\"><a class=\"blank_anchor_name\" name=\"120what20is20the20maximum20weight20that20the20plastic20storage20wire20accumulator20wheel20can20carry_4\"><\/a><a id=\"120what20is20the20maximum20weight20that20the20plastic20storage20wire20accumulator20wheel20can20carry_4\" class=\"blank_anchor_id\"><\/a><a class=\"blank_anchor_name\" name=\"1-what-is-the-maximum-weight-that-the-plastic-storage-wire-accumulator-wheel-can-carry\"><\/a><a id=\"1-what-is-the-maximum-weight-that-the-plastic-storage-wire-accumulator-wheel-can-carry\" class=\"blank_anchor_id\"><\/a><\/div>\n<h4 id=\"120what20is20the20maximum20weight20that20the20plastic20storage20wire20accumulator20wheel20can20carry_4\" class=\"xsj_heading_hash xsj_heading xsj_heading_h4\" data-source-line=\"12\" data-source-line-display=\"true\"><span class=\"xsj_heading_content\">1. \u00bfQu\u00e9 peso m\u00e1ximo puede soportar el acumulador de alambre de pl\u00e1stico modelo 550?<\/span><\/h4>\n<p class=\"xsj_paragraph xsj_paragraph_level_0\" data-source-line=\"14\" data-source-line-display=\"true\">Respuesta: La rueda acumuladora de alambre de almacenamiento de pl\u00e1stico puede soportar un peso m\u00e1ximo de 3000 kg.<\/p>\n<div class=\"xiaoshujiang_element xsj_anchor\"><a class=\"blank_anchor_name\" name=\"220what20is20the20expected20lifespan20of20the20model2055020storage20wire20wheel_5\"><\/a><a id=\"220what20is20the20expected20lifespan20of20the20model2055020storage20wire20wheel_5\" class=\"blank_anchor_id\"><\/a><a class=\"blank_anchor_name\" name=\"2-what-is-the-expected-lifespan-of-the-model-550-storage-wire-wheel\"><\/a><a id=\"2-what-is-the-expected-lifespan-of-the-model-550-storage-wire-wheel\" class=\"blank_anchor_id\"><\/a><\/div>\n<h4 id=\"220what20is20the20expected20lifespan20of20the20model2055020storage20wire20wheel_5\" class=\"xsj_heading_hash xsj_heading xsj_heading_h4\" data-source-line=\"16\" data-source-line-display=\"true\"><span class=\"xsj_heading_content\">2. \u00bfCu\u00e1l es la vida \u00fatil esperada de la rueda de alambre de almacenamiento modelo 550?<\/span><\/h4>\n<p class=\"xsj_paragraph xsj_paragraph_level_0\" data-source-line=\"18\" data-source-line-display=\"true\">Respuesta: La rueda de alambre de almacenamiento modelo 550 tiene una vida \u00fatil de hasta cinco a\u00f1os. Sin embargo, esto puede variar seg\u00fan el uso y el mantenimiento.<\/p>\n<div class=\"xiaoshujiang_element xsj_anchor\"><a class=\"blank_anchor_name\" name=\"320how20do20i20know20if20the20model2055020storage20wire20wheel20is20compatible20with20my20wire20storage20machine_6\"><\/a><a id=\"320how20do20i20know20if20the20model2055020storage20wire20wheel20is20compatible20with20my20wire20storage20machine_6\" class=\"blank_anchor_id\"><\/a><a class=\"blank_anchor_name\" name=\"3-how-do-i-know-if-the-model-550-storage-wire-wheel-is-compatible-with-my-wire-storage-machine\"><\/a><a id=\"3-how-do-i-know-if-the-model-550-storage-wire-wheel-is-compatible-with-my-wire-storage-machine\" class=\"blank_anchor_id\"><\/a><\/div>\n<h4 id=\"320how20do20i20know20if20the20model2055020storage20wire20wheel20is20compatible20with20my20wire20storage20machine_6\" class=\"xsj_heading_hash xsj_heading xsj_heading_h4\" data-source-line=\"20\" data-source-line-display=\"true\"><span class=\"xsj_heading_content\">3. \u00bfC\u00f3mo puedo saber si la rueda de almacenamiento de alambre modelo 550 es compatible con mi m\u00e1quina de almacenamiento de alambre?<\/span><\/h4>\n<p class=\"xsj_paragraph xsj_paragraph_level_0\" data-source-line=\"22\" data-source-line-display=\"true\">Respuesta: La rueda de almacenamiento de alambre modelo 550 es compatible con la mayor\u00eda de las m\u00e1quinas de almacenamiento de alambre. Sin embargo, siempre es mejor verificar dos veces las especificaciones de la rueda antes de comprar.<\/p>\n<div class=\"xiaoshujiang_element xsj_anchor\"><a class=\"blank_anchor_name\" name=\"420can20i20customize20the20wheels20specifications20to20suit20my20wire20manufacturing20needs_7\"><\/a><a id=\"420can20i20customize20the20wheels20specifications20to20suit20my20wire20manufacturing20needs_7\" class=\"blank_anchor_id\"><\/a><a class=\"blank_anchor_name\" name=\"4-can-i-customize-the-wheels-specifications-to-suit-my-wire-manufacturing-needs\"><\/a><a id=\"4-can-i-customize-the-wheels-specifications-to-suit-my-wire-manufacturing-needs\" class=\"blank_anchor_id\"><\/a><\/div>\n<h4 id=\"420can20i20customize20the20wheels20specifications20to20suit20my20wire20manufacturing20needs_7\" class=\"xsj_heading_hash xsj_heading xsj_heading_h4\" data-source-line=\"24\" data-source-line-display=\"true\"><span class=\"xsj_heading_content\">4. \u00bfPuedo personalizar las especificaciones de la rueda para adaptarla a mis necesidades de fabricaci\u00f3n de alambre?<\/span><\/h4>\n<p class=\"xsj_paragraph xsj_paragraph_level_0\" data-source-line=\"26\" data-source-line-display=\"true\">Respuesta: Puede personalizar las especificaciones de la rueda para adaptarla a sus requisitos de fabricaci\u00f3n de alambre. Por favor, p\u00f3ngase en contacto con nuestro servicio de atenci\u00f3n al cliente para obtener m\u00e1s informaci\u00f3n.<\/p>\n<div class=\"xiaoshujiang_element xsj_anchor\"><a class=\"blank_anchor_name\" name=\"520are20the20bearings20included20in20the20package20or20do20i20have20to20purchase20them20separately_8\"><\/a><a id=\"520are20the20bearings20included20in20the20package20or20do20i20have20to20purchase20them20separately_8\" class=\"blank_anchor_id\"><\/a><a class=\"blank_anchor_name\" name=\"5-are-the-bearings-included-in-the-package-or-do-i-have-to-purchase-them-separately\"><\/a><a id=\"5-are-the-bearings-included-in-the-package-or-do-i-have-to-purchase-them-separately\" class=\"blank_anchor_id\"><\/a><\/div>\n<h4 id=\"520are20the20bearings20included20in20the20package20or20do20i20have20to20purchase20them20separately_8\" class=\"xsj_heading_hash xsj_heading xsj_heading_h4\" data-source-line=\"28\" data-source-line-display=\"true\"><span class=\"xsj_heading_content\">5. \u00bfLos rodamientos est\u00e1n incluidos en el paquete o debo comprarlos por separado?<\/span><\/h4>\n<p class=\"xsj_paragraph xsj_paragraph_level_0\" data-source-line=\"30\" data-source-line-display=\"true\">Respuesta: La rueda de alambre de almacenamiento modelo 550 viene con dos rodamientos 6006. No es necesaria ninguna compra adicional.<\/p>","protected":false},"excerpt":{"rendered":"<h2 id=\"features_1\" class=\"xsj_heading_hash xsj_heading xsj_heading_h2\" data-source-line=\"2\" data-source-line-display=\"true\"><span class=\"xsj_heading_content\">Caracter\u00edsticas:<\/span><\/h2>\n<ol class=\"markdown_ol\" data-source-line=\"4\">\n<li data-source-line=\"4\">La rueda acumuladora de alambre de almacenamiento de pl\u00e1stico es un material pl\u00e1stico resistente al desgaste y de alta calidad.<\/li>\n<li data-source-line=\"5\">Su atractivo dise\u00f1o evita da\u00f1os en el cable y proporciona una est\u00e9tica atractiva.<\/li>\n<li data-source-line=\"6\">La rueda es liviana y flexible, por lo que es f\u00e1cil de maniobrar.<\/li>\n<li data-source-line=\"7\">Tiene alta velocidad y puede soportar cargas pesadas sin deformarse.<\/li>\n<li data-source-line=\"8\">Es econ\u00f3mico y altamente personalizable para satisfacer las necesidades del cliente.<\/li>\n<\/ol>","protected":false},"featured_media":26898,"template":"","meta":{"site-sidebar-layout":"default","site-content-layout":"default","ast-global-header-display":"","ast-banner-title-visibility":"","ast-main-header-display":"","ast-hfb-above-header-display":"","ast-hfb-below-header-display":"","ast-hfb-mobile-header-display":"","site-post-title":"","ast-breadcrumbs-content":"","ast-featured-img":"","footer-sml-layout":"","theme-transparent-header-meta":"default","adv-header-id-meta":"","stick-header-meta":"","header-above-stick-meta":"","header-main-stick-meta":"","header-below-stick-meta":""},"product_brand":[],"product_cat":[61],"product_tag":[],"class_list":{"0":"post-26894","1":"product","2":"type-product","3":"status-publish","4":"has-post-thumbnail","6":"product_cat-cable-accumulator-pulley","7":"desktop-align-left","8":"tablet-align-left","9":"mobile-align-left","11":"first","12":"instock","13":"shipping-taxable","14":"product-type-simple"},"yoast_head":"<!-- This site is optimized with the Yoast SEO Premium plugin v20.12 (Yoast SEO v26.0) - https:\/\/yoast.com\/wordpress\/plugins\/seo\/ -->\n<title>Plastic Storage Wire Accumulator Wheel Model 550 - QiPang<\/title>\n<meta name=\"description\" content=\"Take your wire production to the next level with Plastic Wire Accumulator Model 550 - high-quality, wear-resistant, and efficient. Order now!\" \/>\n<meta name=\"robots\" content=\"index, follow, max-snippet:-1, max-image-preview:large, max-video-preview:-1\" \/>\n<link rel=\"canonical\" href=\"https:\/\/rollingringdrives.com\/es\/producto\/plastico-almacenamiento-alambre-acumulador-rueda-modelo-550\/\" \/>\n<meta property=\"og:locale\" content=\"es_MX\" \/>\n<meta property=\"og:type\" content=\"article\" \/>\n<meta property=\"og:title\" content=\"Plastic Storage Wire Accumulator Wheel Model 550\" \/>\n<meta property=\"og:description\" content=\"Take your wire production to the next level with Plastic Wire Accumulator Model 550 - high-quality, wear-resistant, and efficient. Order now!\" \/>\n<meta property=\"og:url\" content=\"https:\/\/rollingringdrives.com\/es\/producto\/plastico-almacenamiento-alambre-acumulador-rueda-modelo-550\/\" \/>\n<meta property=\"og:site_name\" content=\"QiPang\" \/>\n<meta property=\"article:modified_time\" content=\"2023-05-29T03:10:28+00:00\" \/>\n<meta property=\"og:image\" content=\"https:\/\/rollingringdrives.com\/wp-content\/uploads\/2023\/05\/\u4e3b\u56fe-3-21.jpg\" \/>\n\t<meta property=\"og:image:width\" content=\"600\" \/>\n\t<meta property=\"og:image:height\" content=\"600\" \/>\n\t<meta property=\"og:image:type\" content=\"image\/jpeg\" \/>\n<meta name=\"twitter:card\" content=\"summary_large_image\" \/>\n<meta name=\"twitter:label1\" content=\"Tiempo de lectura\" \/>\n\t<meta name=\"twitter:data1\" content=\"2 minutos\" \/>\n<script type=\"application\/ld+json\" class=\"yoast-schema-graph\">{\"@context\":\"https:\/\/schema.org\",\"@graph\":[{\"@type\":\"WebPage\",\"@id\":\"https:\/\/rollingringdrives.com\/product\/plastic-storage-wire-accumulator-wheel-model-550\/\",\"url\":\"https:\/\/rollingringdrives.com\/product\/plastic-storage-wire-accumulator-wheel-model-550\/\",\"name\":\"Plastic Storage Wire Accumulator Wheel Model 550 - QiPang\",\"isPartOf\":{\"@id\":\"https:\/\/rollingringdrives.com\/#website\"},\"primaryImageOfPage\":{\"@id\":\"https:\/\/rollingringdrives.com\/product\/plastic-storage-wire-accumulator-wheel-model-550\/#primaryimage\"},\"image\":{\"@id\":\"https:\/\/rollingringdrives.com\/product\/plastic-storage-wire-accumulator-wheel-model-550\/#primaryimage\"},\"thumbnailUrl\":\"https:\/\/rollingringdrives.com\/wp-content\/uploads\/2023\/05\/\u4e3b\u56fe-3-21.jpg\",\"datePublished\":\"2023-05-29T03:10:26+00:00\",\"dateModified\":\"2023-05-29T03:10:28+00:00\",\"description\":\"Take your wire production to the next level with Plastic Wire Accumulator Model 550 - high-quality, wear-resistant, and efficient. Order now!\",\"breadcrumb\":{\"@id\":\"https:\/\/rollingringdrives.com\/product\/plastic-storage-wire-accumulator-wheel-model-550\/#breadcrumb\"},\"inLanguage\":\"es\",\"potentialAction\":[{\"@type\":\"ReadAction\",\"target\":[\"https:\/\/rollingringdrives.com\/product\/plastic-storage-wire-accumulator-wheel-model-550\/\"]}]},{\"@type\":\"ImageObject\",\"inLanguage\":\"es\",\"@id\":\"https:\/\/rollingringdrives.com\/product\/plastic-storage-wire-accumulator-wheel-model-550\/#primaryimage\",\"url\":\"https:\/\/rollingringdrives.com\/wp-content\/uploads\/2023\/05\/\u4e3b\u56fe-3-21.jpg\",\"contentUrl\":\"https:\/\/rollingringdrives.com\/wp-content\/uploads\/2023\/05\/\u4e3b\u56fe-3-21.jpg\",\"width\":600,\"height\":600,\"caption\":\"Plastic Storage Wire Accumulator Wheel Model 550\"},{\"@type\":\"BreadcrumbList\",\"@id\":\"https:\/\/rollingringdrives.com\/product\/plastic-storage-wire-accumulator-wheel-model-550\/#breadcrumb\",\"itemListElement\":[{\"@type\":\"ListItem\",\"position\":1,\"name\":\"Home\",\"item\":\"https:\/\/rollingringdrives.com\/\"},{\"@type\":\"ListItem\",\"position\":2,\"name\":\"Machines\",\"item\":\"https:\/\/rollingringdrives.com\/machines\/\"},{\"@type\":\"ListItem\",\"position\":3,\"name\":\"Plastic Storage Wire Accumulator Wheel Model 550\"}]},{\"@type\":\"WebSite\",\"@id\":\"https:\/\/rollingringdrives.com\/#website\",\"url\":\"https:\/\/rollingringdrives.com\/\",\"name\":\"QiPang\",\"description\":\"QiPang Blog\",\"publisher\":{\"@id\":\"https:\/\/rollingringdrives.com\/#organization\"},\"potentialAction\":[{\"@type\":\"SearchAction\",\"target\":{\"@type\":\"EntryPoint\",\"urlTemplate\":\"https:\/\/rollingringdrives.com\/?s={search_term_string}\"},\"query-input\":{\"@type\":\"PropertyValueSpecification\",\"valueRequired\":true,\"valueName\":\"search_term_string\"}}],\"inLanguage\":\"es\"},{\"@type\":\"Organization\",\"@id\":\"https:\/\/rollingringdrives.com\/#organization\",\"name\":\"QiPang\",\"url\":\"https:\/\/rollingringdrives.com\/\",\"logo\":{\"@type\":\"ImageObject\",\"inLanguage\":\"es\",\"@id\":\"https:\/\/rollingringdrives.com\/#\/schema\/logo\/image\/\",\"url\":\"https:\/\/rollingringdrives.com\/wp-content\/uploads\/2023\/05\/cropped-\u672a\u547d\u540d\u7684\u8bbe\u8ba1.png\",\"contentUrl\":\"https:\/\/rollingringdrives.com\/wp-content\/uploads\/2023\/05\/cropped-\u672a\u547d\u540d\u7684\u8bbe\u8ba1.png\",\"width\":300,\"height\":191,\"caption\":\"QiPang\"},\"image\":{\"@id\":\"https:\/\/rollingringdrives.com\/#\/schema\/logo\/image\/\"}}]}<\/script>\n<!-- \/ Yoast SEO Premium plugin. -->","yoast_head_json":{"title":"Rueda acumuladora de alambre de almacenamiento de pl\u00e1stico modelo 550 - QiPang","description":"Lleve su producci\u00f3n de alambre al siguiente nivel con el acumulador de alambre de pl\u00e1stico modelo 550: de alta calidad, resistente al desgaste y eficiente. \u00a1Ordenar ahora!","robots":{"index":"index","follow":"follow","max-snippet":"max-snippet:-1","max-image-preview":"max-image-preview:large","max-video-preview":"max-video-preview:-1"},"canonical":"https:\/\/rollingringdrives.com\/es\/producto\/plastico-almacenamiento-alambre-acumulador-rueda-modelo-550\/","og_locale":"es_MX","og_type":"article","og_title":"Plastic Storage Wire Accumulator Wheel Model 550","og_description":"Take your wire production to the next level with Plastic Wire Accumulator Model 550 - high-quality, wear-resistant, and efficient. Order now!","og_url":"https:\/\/rollingringdrives.com\/es\/producto\/plastico-almacenamiento-alambre-acumulador-rueda-modelo-550\/","og_site_name":"QiPang","article_modified_time":"2023-05-29T03:10:28+00:00","og_image":[{"width":600,"height":600,"url":"https:\/\/rollingringdrives.com\/wp-content\/uploads\/2023\/05\/\u4e3b\u56fe-3-21.jpg","type":"image\/jpeg"}],"twitter_card":"summary_large_image","twitter_misc":{"Tiempo de lectura":"2 minutos"},"schema":{"@context":"https:\/\/schema.org","@graph":[{"@type":"WebPage","@id":"https:\/\/rollingringdrives.com\/product\/plastic-storage-wire-accumulator-wheel-model-550\/","url":"https:\/\/rollingringdrives.com\/product\/plastic-storage-wire-accumulator-wheel-model-550\/","name":"Rueda acumuladora de alambre de almacenamiento de pl\u00e1stico modelo 550 - QiPang","isPartOf":{"@id":"https:\/\/rollingringdrives.com\/#website"},"primaryImageOfPage":{"@id":"https:\/\/rollingringdrives.com\/product\/plastic-storage-wire-accumulator-wheel-model-550\/#primaryimage"},"image":{"@id":"https:\/\/rollingringdrives.com\/product\/plastic-storage-wire-accumulator-wheel-model-550\/#primaryimage"},"thumbnailUrl":"https:\/\/rollingringdrives.com\/wp-content\/uploads\/2023\/05\/\u4e3b\u56fe-3-21.jpg","datePublished":"2023-05-29T03:10:26+00:00","dateModified":"2023-05-29T03:10:28+00:00","description":"Lleve su producci\u00f3n de alambre al siguiente nivel con el acumulador de alambre de pl\u00e1stico modelo 550: de alta calidad, resistente al desgaste y eficiente. \u00a1Ordenar ahora!","breadcrumb":{"@id":"https:\/\/rollingringdrives.com\/product\/plastic-storage-wire-accumulator-wheel-model-550\/#breadcrumb"},"inLanguage":"es","potentialAction":[{"@type":"ReadAction","target":["https:\/\/rollingringdrives.com\/product\/plastic-storage-wire-accumulator-wheel-model-550\/"]}]},{"@type":"ImageObject","inLanguage":"es","@id":"https:\/\/rollingringdrives.com\/product\/plastic-storage-wire-accumulator-wheel-model-550\/#primaryimage","url":"https:\/\/rollingringdrives.com\/wp-content\/uploads\/2023\/05\/\u4e3b\u56fe-3-21.jpg","contentUrl":"https:\/\/rollingringdrives.com\/wp-content\/uploads\/2023\/05\/\u4e3b\u56fe-3-21.jpg","width":600,"height":600,"caption":"Plastic Storage Wire Accumulator Wheel Model 550"},{"@type":"BreadcrumbList","@id":"https:\/\/rollingringdrives.com\/product\/plastic-storage-wire-accumulator-wheel-model-550\/#breadcrumb","itemListElement":[{"@type":"ListItem","position":1,"name":"Home","item":"https:\/\/rollingringdrives.com\/"},{"@type":"ListItem","position":2,"name":"Machines","item":"https:\/\/rollingringdrives.com\/machines\/"},{"@type":"ListItem","position":3,"name":"Plastic Storage Wire Accumulator Wheel Model 550"}]},{"@type":"WebSite","@id":"https:\/\/rollingringdrives.com\/#website","url":"https:\/\/rollingringdrives.com\/","name":"Qi Pang","description":"Blog QiPang","publisher":{"@id":"https:\/\/rollingringdrives.com\/#organization"},"potentialAction":[{"@type":"SearchAction","target":{"@type":"EntryPoint","urlTemplate":"https:\/\/rollingringdrives.com\/?s={search_term_string}"},"query-input":{"@type":"PropertyValueSpecification","valueRequired":true,"valueName":"search_term_string"}}],"inLanguage":"es"},{"@type":"Organization","@id":"https:\/\/rollingringdrives.com\/#organization","name":"Qi Pang","url":"https:\/\/rollingringdrives.com\/","logo":{"@type":"ImageObject","inLanguage":"es","@id":"https:\/\/rollingringdrives.com\/#\/schema\/logo\/image\/","url":"https:\/\/rollingringdrives.com\/wp-content\/uploads\/2023\/05\/cropped-\u672a\u547d\u540d\u7684\u8bbe\u8ba1.png","contentUrl":"https:\/\/rollingringdrives.com\/wp-content\/uploads\/2023\/05\/cropped-\u672a\u547d\u540d\u7684\u8bbe\u8ba1.png","width":300,"height":191,"caption":"QiPang"},"image":{"@id":"https:\/\/rollingringdrives.com\/#\/schema\/logo\/image\/"}}]}},"_links":{"self":[{"href":"https:\/\/rollingringdrives.com\/es\/wp-json\/wp\/v2\/product\/26894","targetHints":{"allow":["GET"]}}],"collection":[{"href":"https:\/\/rollingringdrives.com\/es\/wp-json\/wp\/v2\/product"}],"about":[{"href":"https:\/\/rollingringdrives.com\/es\/wp-json\/wp\/v2\/types\/product"}],"version-history":[{"count":0,"href":"https:\/\/rollingringdrives.com\/es\/wp-json\/wp\/v2\/product\/26894\/revisions"}],"wp:featuredmedia":[{"embeddable":true,"href":"https:\/\/rollingringdrives.com\/es\/wp-json\/wp\/v2\/media\/26898"}],"wp:attachment":[{"href":"https:\/\/rollingringdrives.com\/es\/wp-json\/wp\/v2\/media?parent=26894"}],"wp:term":[{"taxonomy":"product_brand","embeddable":true,"href":"https:\/\/rollingringdrives.com\/es\/wp-json\/wp\/v2\/product_brand?post=26894"},{"taxonomy":"product_cat","embeddable":true,"href":"https:\/\/rollingringdrives.com\/es\/wp-json\/wp\/v2\/product_cat?post=26894"},{"taxonomy":"product_tag","embeddable":true,"href":"https:\/\/rollingringdrives.com\/es\/wp-json\/wp\/v2\/product_tag?post=26894"}],"curies":[{"name":"wp","href":"https:\/\/api.w.org\/{rel}","templated":true}]}}