{"id":26905,"date":"2023-05-29T06:33:52","date_gmt":"2023-05-29T06:33:52","guid":{"rendered":"https:\/\/rollingringdrives.com\/?post_type=product&#038;p=26905"},"modified":"2023-05-29T06:37:44","modified_gmt":"2023-05-29T06:37:44","slug":"5-wheels-wire-straightening-machine","status":"publish","type":"product","link":"https:\/\/rollingringdrives.com\/es\/producto\/enderezadora-alambre-5-ruedas\/","title":{"rendered":"M\u00e1quina enderezadora de alambre de 5 ruedas"},"content":{"rendered":"<p class=\"xsj_paragraph xsj_paragraph_level_0\" data-source-line=\"0\" data-source-line-display=\"true\">El\u00a0<strong class=\"markdown_strong_asterisk\">M\u00e1quina enderezadora de alambre de 5 ruedas<\/strong> es una superficie cromada, un dispositivo libre de \u00f3xido capaz de corregir y enderezar el alambre central liberado del marco desenrollador mientras lo alinea con el centro de la cabeza de la m\u00e1quina. La m\u00e1quina tiene una rueda recta con cinco rondas y tres ranuras est\u00e1ndar para ruedas rectas. Adem\u00e1s, la estructura de la m\u00e1quina incluye una caja de herramientas, lo que facilita el almacenamiento y uso de las herramientas.<\/p>\n<figure id=\"attachment_26919\" aria-describedby=\"caption-attachment-26919\" style=\"width: 1000px\" class=\"wp-caption alignnone\"><img fetchpriority=\"high\" decoding=\"async\" class=\"wp-image-26919 size-full\" src=\"https:\/\/rollingringdrives.com\/wp-content\/uploads\/2023\/05\/4fca199ed34cdfe41ead47b7be0b6c61.jpg\" alt=\"M\u00e1quina enderezadora de alambre de 5 ruedas\" width=\"1000\" height=\"450\" srcset=\"https:\/\/rollingringdrives.com\/wp-content\/uploads\/2023\/05\/4fca199ed34cdfe41ead47b7be0b6c61.jpg 1000w, https:\/\/rollingringdrives.com\/wp-content\/uploads\/2023\/05\/4fca199ed34cdfe41ead47b7be0b6c61-300x135.jpg 300w, https:\/\/rollingringdrives.com\/wp-content\/uploads\/2023\/05\/4fca199ed34cdfe41ead47b7be0b6c61-768x346.jpg 768w, https:\/\/rollingringdrives.com\/wp-content\/uploads\/2023\/05\/4fca199ed34cdfe41ead47b7be0b6c61-600x270.jpg 600w\" sizes=\"(max-width: 1000px) 100vw, 1000px\" \/><figcaption id=\"caption-attachment-26919\" class=\"wp-caption-text\">M\u00e1quina enderezadora de alambre de 5 ruedas<\/figcaption><\/figure>\n<div class=\"xiaoshujiang_element xsj_anchor\"><a class=\"blank_anchor_name\" name=\"features_1\"><\/a><a id=\"features_1\" class=\"blank_anchor_id\"><\/a><a class=\"blank_anchor_name\" name=\"features\"><\/a><a id=\"features\" class=\"blank_anchor_id\"><\/a><\/div>\n<h2 id=\"features_1\" class=\"xsj_heading_hash xsj_heading xsj_heading_h2\" data-source-line=\"3\" data-source-line-display=\"true\"><span class=\"xsj_heading_content\">Caracter\u00edsticas:<\/span><\/h2>\n<ol class=\"markdown_ol\" data-source-line=\"5\">\n<li data-source-line=\"5\">\n<p class=\"xsj_paragraph xsj_paragraph_level_2\"><strong>F\u00e1cil ajuste y alineaci\u00f3n:<\/strong><br \/>\nLa rueda de enderezamiento de la m\u00e1quina se puede ajustar en tres dimensiones hacia arriba y hacia abajo, izquierda y derecha, y adelante y atr\u00e1s. Esta caracter\u00edstica es conveniente para la alineaci\u00f3n de cables en el centro de la cabeza de la m\u00e1quina.<\/p>\n<\/li>\n<li data-source-line=\"8\">\n<p class=\"xsj_paragraph xsj_paragraph_level_2\"><strong>Almacenamiento de herramientas multiusos:<\/strong><br \/>\nLa m\u00e1quina viene con una caja de herramientas que est\u00e1 integrada con el dispositivo. La caja de herramientas est\u00e1 formateada para permitir la colocaci\u00f3n y clasificaci\u00f3n de varias herramientas, como llaves, cepillos, tijeras, pantallas de filtro, calibradores, calibres, juegos de moldes y otras piezas de medici\u00f3n. La organizaci\u00f3n de las herramientas dentro de la caja de herramientas evita el mal manejo y el extrav\u00edo, lo que ahorra tiempo a los operadores para encontrar dispositivos espec\u00edficos.<\/p>\n<\/li>\n<li data-source-line=\"11\">\n<p class=\"xsj_paragraph xsj_paragraph_level_2\"><strong>Material libre de \u00f3xido:<\/strong><br \/>\nLa m\u00e1quina est\u00e1 hecha de un material de superficie cromado que la hace libre de \u00f3xido. Esta caracter\u00edstica es ideal para una m\u00e1quina enderezadora de cables, ya que elimina el riesgo de da\u00f1o causado por la formaci\u00f3n de \u00f3xido que podr\u00eda afectar negativamente el rendimiento y la longevidad del dispositivo.<\/p>\n<\/li>\n<li data-source-line=\"14\">\n<p class=\"xsj_paragraph xsj_paragraph_level_2\"><strong>Ajuste de altura:<\/strong><br \/>\nLa altura de la m\u00e1quina es ajustable y se puede configurar a 1020 mm. Esta caracter\u00edstica es beneficiosa cuando el tama\u00f1o es demasiado grande o bajo, lo que permite una posici\u00f3n de trabajo c\u00f3moda.<\/p>\n<\/li>\n<li data-source-line=\"17\">\n<p class=\"xsj_paragraph xsj_paragraph_level_2\"><strong>M\u00faltiples ruedas de enderezamiento:<\/strong><br \/>\nLa rueda enderezadora de la m\u00e1quina est\u00e1 equipada con cinco rondas, lo que hace que el dispositivo sea capaz de manipular cargas pesadas y brindar resultados precisos.<\/p>\n<\/li>\n<\/ol>\n<div class=\"xiaoshujiang_element xsj_anchor\"><a class=\"blank_anchor_name\" name=\"applications_2\"><\/a><a id=\"applications_2\" class=\"blank_anchor_id\"><\/a><a class=\"blank_anchor_name\" name=\"applications\"><\/a><a id=\"applications\" class=\"blank_anchor_id\"><\/a><\/div>\n<h2 id=\"applications_2\" class=\"xsj_heading_hash xsj_heading xsj_heading_h2\" data-source-line=\"20\" data-source-line-display=\"true\"><span class=\"xsj_heading_content\">Aplicaciones:<\/span><\/h2>\n<p class=\"xsj_paragraph xsj_paragraph_level_0\" data-source-line=\"22\" data-source-line-display=\"true\">La m\u00e1quina enderezadora de alambre de 5 ruedas es adecuada para su uso en varios entornos. Se utiliza principalmente en la fabricaci\u00f3n de alambres donde la precisi\u00f3n es vital. Industrias como la el\u00e9ctrica, la automotriz y la construcci\u00f3n conf\u00edan en las m\u00e1quinas enderezadoras de alambre para garantizar que sus productos cumplan con los est\u00e1ndares requeridos.<\/p>\n<div class=\"xiaoshujiang_element xsj_anchor\"><a class=\"blank_anchor_name\" name=\"characteristics_3\"><\/a><a id=\"characteristics_3\" class=\"blank_anchor_id\"><\/a><a class=\"blank_anchor_name\" name=\"characteristics\"><\/a><a id=\"characteristics\" class=\"blank_anchor_id\"><\/a><\/div>\n<h2 id=\"characteristics_3\" class=\"xsj_heading_hash xsj_heading xsj_heading_h2\" data-source-line=\"24\" data-source-line-display=\"true\"><span class=\"xsj_heading_content\">Caracter\u00edsticas:<\/span><\/h2>\n<p class=\"xsj_paragraph xsj_paragraph_level_0\" data-source-line=\"26\" data-source-line-display=\"true\">La m\u00e1quina enderezadora de alambre de 5 ruedas es una m\u00e1quina vers\u00e1til y eficiente que brinda resultados precisos. Est\u00e1 construido para ser duradero y libre de \u00f3xido, lo que garantiza un rendimiento duradero. La caja de herramientas de la m\u00e1quina facilita el almacenamiento y uso de herramientas, ahorrando tiempo y esfuerzo en la b\u00fasqueda y uso de herramientas. La altura de la m\u00e1quina tambi\u00e9n es ajustable y est\u00e1 equipada con m\u00faltiples ruedas de enderezamiento, lo que la hace adecuada para tareas de trabajo pesado.<\/p>\n<div class=\"xiaoshujiang_element xsj_anchor\"><a class=\"blank_anchor_name\" name=\"faqs_4\"><\/a><a id=\"faqs_4\" class=\"blank_anchor_id\"><\/a><a class=\"blank_anchor_name\" name=\"faqs\"><\/a><a id=\"faqs\" class=\"blank_anchor_id\"><\/a><\/div>\n<h2 id=\"faqs_4\" class=\"xsj_heading_hash xsj_heading xsj_heading_h2\" data-source-line=\"28\" data-source-line-display=\"true\"><span class=\"xsj_heading_content\">Preguntas frecuentes:<\/span><\/h2>\n<div class=\"xiaoshujiang_element xsj_anchor\"><a class=\"blank_anchor_name\" name=\"120what20is20the20maximum20wire20size20that20this20machine20can20straighten_5\"><\/a><a id=\"120what20is20the20maximum20wire20size20that20this20machine20can20straighten_5\" class=\"blank_anchor_id\"><\/a><a class=\"blank_anchor_name\" name=\"1-what-is-the-maximum-wire-size-that-this-machine-can-straighten\"><\/a><a id=\"1-what-is-the-maximum-wire-size-that-this-machine-can-straighten\" class=\"blank_anchor_id\"><\/a><\/div>\n<h4 id=\"120what20is20the20maximum20wire20size20that20this20machine20can20straighten_5\" class=\"xsj_heading_hash xsj_heading xsj_heading_h4\" data-source-line=\"30\" data-source-line-display=\"true\"><span class=\"xsj_heading_content\">1. \u00bfCu\u00e1l es el tama\u00f1o m\u00e1ximo de alambre que esta m\u00e1quina puede enderezar?<\/span><\/h4>\n<p class=\"xsj_paragraph xsj_paragraph_level_0\" data-source-line=\"32\" data-source-line-display=\"true\">La m\u00e1quina enderezadora de alambre de 5 ruedas puede manejar tama\u00f1os de alambre de hasta 10 mm.<\/p>\n<div class=\"xiaoshujiang_element xsj_anchor\"><a class=\"blank_anchor_name\" name=\"220can20the20machines20straightening20wheel20be20replaced_6\"><\/a><a id=\"220can20the20machines20straightening20wheel20be20replaced_6\" class=\"blank_anchor_id\"><\/a><a class=\"blank_anchor_name\" name=\"2-can-the-machines-straightening-wheel-be-replaced\"><\/a><a id=\"2-can-the-machines-straightening-wheel-be-replaced\" class=\"blank_anchor_id\"><\/a><\/div>\n<h4 id=\"220can20the20machines20straightening20wheel20be20replaced_6\" class=\"xsj_heading_hash xsj_heading xsj_heading_h4\" data-source-line=\"34\" data-source-line-display=\"true\"><span class=\"xsj_heading_content\">2. \u00bfSe puede reemplazar la rueda enderezadora de la m\u00e1quina?<\/span><\/h4>\n<p class=\"xsj_paragraph xsj_paragraph_level_0\" data-source-line=\"36\" data-source-line-display=\"true\">S\u00ed, la rueda de enderezamiento se puede reemplazar y el proceso es simple.<\/p>\n<div class=\"xiaoshujiang_element xsj_anchor\"><a class=\"blank_anchor_name\" name=\"320how20does20the20machine20alignment20work_7\"><\/a><a id=\"320how20does20the20machine20alignment20work_7\" class=\"blank_anchor_id\"><\/a><a class=\"blank_anchor_name\" name=\"3-how-does-the-machine-alignment-work\"><\/a><a id=\"3-how-does-the-machine-alignment-work\" class=\"blank_anchor_id\"><\/a><\/div>\n<h4 id=\"320how20does20the20machine20alignment20work_7\" class=\"xsj_heading_hash xsj_heading xsj_heading_h4\" data-source-line=\"38\" data-source-line-display=\"true\"><span class=\"xsj_heading_content\">3. \u00bfC\u00f3mo funciona la alineaci\u00f3n de la m\u00e1quina?<\/span><\/h4>\n<p class=\"xsj_paragraph xsj_paragraph_level_0\" data-source-line=\"40\" data-source-line-display=\"true\">La rueda de enderezamiento de la m\u00e1quina se puede ajustar en tres dimensiones, arriba y abajo, izquierda y derecha, y adelante y atr\u00e1s. Esta funci\u00f3n se utiliza para alinear el cable con el centro de la cabeza de la m\u00e1quina.<\/p>\n<div class=\"xiaoshujiang_element xsj_anchor\"><a class=\"blank_anchor_name\" name=\"420is20the20machine20easy20to20maintain_8\"><\/a><a id=\"420is20the20machine20easy20to20maintain_8\" class=\"blank_anchor_id\"><\/a><a class=\"blank_anchor_name\" name=\"4-is-the-machine-easy-to-maintain\"><\/a><a id=\"4-is-the-machine-easy-to-maintain\" class=\"blank_anchor_id\"><\/a><\/div>\n<h4 id=\"420is20the20machine20easy20to20maintain_8\" class=\"xsj_heading_hash xsj_heading xsj_heading_h4\" data-source-line=\"42\" data-source-line-display=\"true\"><span class=\"xsj_heading_content\">4. \u00bfLa m\u00e1quina es f\u00e1cil de mantener?<\/span><\/h4>\n<p class=\"xsj_paragraph xsj_paragraph_level_0\" data-source-line=\"44\" data-source-line-display=\"true\">La m\u00e1quina es f\u00e1cil de mantener y el mantenimiento regular garantiza un rendimiento \u00f3ptimo de la m\u00e1quina.<\/p>\n<div class=\"xiaoshujiang_element xsj_anchor\"><a class=\"blank_anchor_name\" name=\"520can20the20machine20be20used20for20both20heavy-duty20and20light-duty20tasks_9\"><\/a><a id=\"520can20the20machine20be20used20for20both20heavy-duty20and20light-duty20tasks_9\" class=\"blank_anchor_id\"><\/a><a class=\"blank_anchor_name\" name=\"5-can-the-machine-be-used-for-both-heavy-duty-and-light-duty-tasks\"><\/a><a id=\"5-can-the-machine-be-used-for-both-heavy-duty-and-light-duty-tasks\" class=\"blank_anchor_id\"><\/a><\/div>\n<h4 id=\"520can20the20machine20be20used20for20both20heavy-duty20and20light-duty20tasks_9\" class=\"xsj_heading_hash xsj_heading xsj_heading_h4\" data-source-line=\"46\" data-source-line-display=\"true\"><span class=\"xsj_heading_content\">5. \u00bfSe puede utilizar la m\u00e1quina tanto para tareas pesadas como ligeras?<\/span><\/h4>\n<p class=\"xsj_paragraph xsj_paragraph_level_0\" data-source-line=\"48\" data-source-line-display=\"true\">S\u00ed, las cinco rondas de ruedas enderezadoras de la m\u00e1quina la hacen adecuada para tareas pesadas, mientras que la altura ajustable y la caja de herramientas multiprop\u00f3sito la hacen ideal para trabajos livianos.<\/p>","protected":false},"excerpt":{"rendered":"<h2 id=\"features_1\" class=\"xsj_heading_hash xsj_heading xsj_heading_h2\" data-source-line=\"40\" data-source-line-display=\"true\"><span class=\"xsj_heading_content\">Caracter\u00edsticas:<\/span><\/h2>\n<ol class=\"markdown_ol\" data-source-line=\"41\">\n<li data-source-line=\"41\">F\u00e1cil ajuste y alineaci\u00f3n.<\/li>\n<li data-source-line=\"42\">Almacenamiento de herramientas multiusos.<\/li>\n<li data-source-line=\"43\">Material libre de \u00f3xido.<\/li>\n<li data-source-line=\"44\">Ajuste de altura.<\/li>\n<li data-source-line=\"45\">M\u00faltiples ruedas de enderezamiento.<\/li>\n<\/ol>","protected":false},"featured_media":26914,"template":"","meta":{"site-sidebar-layout":"default","site-content-layout":"default","ast-global-header-display":"","ast-banner-title-visibility":"","ast-main-header-display":"","ast-hfb-above-header-display":"","ast-hfb-below-header-display":"","ast-hfb-mobile-header-display":"","site-post-title":"","ast-breadcrumbs-content":"","ast-featured-img":"","footer-sml-layout":"","theme-transparent-header-meta":"default","adv-header-id-meta":"","stick-header-meta":"","header-above-stick-meta":"","header-main-stick-meta":"","header-below-stick-meta":""},"product_brand":[],"product_cat":[62],"product_tag":[],"class_list":{"0":"post-26905","1":"product","2":"type-product","3":"status-publish","4":"has-post-thumbnail","6":"product_cat-extruder-equipment","7":"desktop-align-left","8":"tablet-align-left","9":"mobile-align-left","11":"first","12":"instock","13":"shipping-taxable","14":"product-type-simple"},"yoast_head":"<!-- This site is optimized with the Yoast SEO Premium plugin v20.12 (Yoast SEO v26.0) - https:\/\/yoast.com\/wordpress\/plugins\/seo\/ -->\n<title>5 Wheels Wire Straightening Machine - QiPang<\/title>\n<meta name=\"description\" content=\"Achieve precise wire straightening with our 5 Wheels Wire Straightening Machine - rust-free, efficient, and easy to use. Order yours today!\" \/>\n<meta name=\"robots\" content=\"index, follow, max-snippet:-1, max-image-preview:large, max-video-preview:-1\" \/>\n<link rel=\"canonical\" href=\"https:\/\/rollingringdrives.com\/es\/producto\/enderezadora-alambre-5-ruedas\/\" \/>\n<meta property=\"og:locale\" content=\"es_MX\" \/>\n<meta property=\"og:type\" content=\"article\" \/>\n<meta property=\"og:title\" content=\"5 Wheels Wire Straightening Machine\" \/>\n<meta property=\"og:description\" content=\"Achieve precise wire straightening with our 5 Wheels Wire Straightening Machine - rust-free, efficient, and easy to use. Order yours today!\" \/>\n<meta property=\"og:url\" content=\"https:\/\/rollingringdrives.com\/es\/producto\/enderezadora-alambre-5-ruedas\/\" \/>\n<meta property=\"og:site_name\" content=\"QiPang\" \/>\n<meta property=\"article:modified_time\" content=\"2023-05-29T06:37:44+00:00\" \/>\n<meta property=\"og:image\" content=\"https:\/\/rollingringdrives.com\/wp-content\/uploads\/2023\/05\/1-2.png\" \/>\n\t<meta property=\"og:image:width\" content=\"600\" \/>\n\t<meta property=\"og:image:height\" content=\"600\" \/>\n\t<meta property=\"og:image:type\" content=\"image\/png\" \/>\n<meta name=\"twitter:card\" content=\"summary_large_image\" \/>\n<meta name=\"twitter:label1\" content=\"Tiempo de lectura\" \/>\n\t<meta name=\"twitter:data1\" content=\"3 minutos\" \/>\n<script type=\"application\/ld+json\" class=\"yoast-schema-graph\">{\"@context\":\"https:\/\/schema.org\",\"@graph\":[{\"@type\":\"WebPage\",\"@id\":\"https:\/\/rollingringdrives.com\/product\/5-wheels-wire-straightening-machine\/\",\"url\":\"https:\/\/rollingringdrives.com\/product\/5-wheels-wire-straightening-machine\/\",\"name\":\"5 Wheels Wire Straightening Machine - QiPang\",\"isPartOf\":{\"@id\":\"https:\/\/rollingringdrives.com\/#website\"},\"primaryImageOfPage\":{\"@id\":\"https:\/\/rollingringdrives.com\/product\/5-wheels-wire-straightening-machine\/#primaryimage\"},\"image\":{\"@id\":\"https:\/\/rollingringdrives.com\/product\/5-wheels-wire-straightening-machine\/#primaryimage\"},\"thumbnailUrl\":\"https:\/\/rollingringdrives.com\/wp-content\/uploads\/2023\/05\/1-2.png\",\"datePublished\":\"2023-05-29T06:33:52+00:00\",\"dateModified\":\"2023-05-29T06:37:44+00:00\",\"description\":\"Achieve precise wire straightening with our 5 Wheels Wire Straightening Machine - rust-free, efficient, and easy to use. Order yours today!\",\"breadcrumb\":{\"@id\":\"https:\/\/rollingringdrives.com\/product\/5-wheels-wire-straightening-machine\/#breadcrumb\"},\"inLanguage\":\"es\",\"potentialAction\":[{\"@type\":\"ReadAction\",\"target\":[\"https:\/\/rollingringdrives.com\/product\/5-wheels-wire-straightening-machine\/\"]}]},{\"@type\":\"ImageObject\",\"inLanguage\":\"es\",\"@id\":\"https:\/\/rollingringdrives.com\/product\/5-wheels-wire-straightening-machine\/#primaryimage\",\"url\":\"https:\/\/rollingringdrives.com\/wp-content\/uploads\/2023\/05\/1-2.png\",\"contentUrl\":\"https:\/\/rollingringdrives.com\/wp-content\/uploads\/2023\/05\/1-2.png\",\"width\":600,\"height\":600,\"caption\":\"5 Wheels Wire Straightening Machine\"},{\"@type\":\"BreadcrumbList\",\"@id\":\"https:\/\/rollingringdrives.com\/product\/5-wheels-wire-straightening-machine\/#breadcrumb\",\"itemListElement\":[{\"@type\":\"ListItem\",\"position\":1,\"name\":\"Home\",\"item\":\"https:\/\/rollingringdrives.com\/\"},{\"@type\":\"ListItem\",\"position\":2,\"name\":\"Machines\",\"item\":\"https:\/\/rollingringdrives.com\/machines\/\"},{\"@type\":\"ListItem\",\"position\":3,\"name\":\"5 Wheels Wire Straightening Machine\"}]},{\"@type\":\"WebSite\",\"@id\":\"https:\/\/rollingringdrives.com\/#website\",\"url\":\"https:\/\/rollingringdrives.com\/\",\"name\":\"QiPang\",\"description\":\"QiPang Blog\",\"publisher\":{\"@id\":\"https:\/\/rollingringdrives.com\/#organization\"},\"potentialAction\":[{\"@type\":\"SearchAction\",\"target\":{\"@type\":\"EntryPoint\",\"urlTemplate\":\"https:\/\/rollingringdrives.com\/?s={search_term_string}\"},\"query-input\":{\"@type\":\"PropertyValueSpecification\",\"valueRequired\":true,\"valueName\":\"search_term_string\"}}],\"inLanguage\":\"es\"},{\"@type\":\"Organization\",\"@id\":\"https:\/\/rollingringdrives.com\/#organization\",\"name\":\"QiPang\",\"url\":\"https:\/\/rollingringdrives.com\/\",\"logo\":{\"@type\":\"ImageObject\",\"inLanguage\":\"es\",\"@id\":\"https:\/\/rollingringdrives.com\/#\/schema\/logo\/image\/\",\"url\":\"https:\/\/rollingringdrives.com\/wp-content\/uploads\/2023\/05\/cropped-\u672a\u547d\u540d\u7684\u8bbe\u8ba1.png\",\"contentUrl\":\"https:\/\/rollingringdrives.com\/wp-content\/uploads\/2023\/05\/cropped-\u672a\u547d\u540d\u7684\u8bbe\u8ba1.png\",\"width\":300,\"height\":191,\"caption\":\"QiPang\"},\"image\":{\"@id\":\"https:\/\/rollingringdrives.com\/#\/schema\/logo\/image\/\"}}]}<\/script>\n<!-- \/ Yoast SEO Premium plugin. -->","yoast_head_json":{"title":"M\u00e1quina enderezadora de alambre de 5 ruedas - QiPang","description":"Logre un enderezamiento de alambre preciso con nuestra m\u00e1quina enderezadora de alambre de 5 ruedas: libre de \u00f3xido, eficiente y f\u00e1cil de usar. \u00a1Ordene el suyo hoy!","robots":{"index":"index","follow":"follow","max-snippet":"max-snippet:-1","max-image-preview":"max-image-preview:large","max-video-preview":"max-video-preview:-1"},"canonical":"https:\/\/rollingringdrives.com\/es\/producto\/enderezadora-alambre-5-ruedas\/","og_locale":"es_MX","og_type":"article","og_title":"5 Wheels Wire Straightening Machine","og_description":"Achieve precise wire straightening with our 5 Wheels Wire Straightening Machine - rust-free, efficient, and easy to use. Order yours today!","og_url":"https:\/\/rollingringdrives.com\/es\/producto\/enderezadora-alambre-5-ruedas\/","og_site_name":"QiPang","article_modified_time":"2023-05-29T06:37:44+00:00","og_image":[{"width":600,"height":600,"url":"https:\/\/rollingringdrives.com\/wp-content\/uploads\/2023\/05\/1-2.png","type":"image\/png"}],"twitter_card":"summary_large_image","twitter_misc":{"Tiempo de lectura":"3 minutos"},"schema":{"@context":"https:\/\/schema.org","@graph":[{"@type":"WebPage","@id":"https:\/\/rollingringdrives.com\/product\/5-wheels-wire-straightening-machine\/","url":"https:\/\/rollingringdrives.com\/product\/5-wheels-wire-straightening-machine\/","name":"M\u00e1quina enderezadora de alambre de 5 ruedas - QiPang","isPartOf":{"@id":"https:\/\/rollingringdrives.com\/#website"},"primaryImageOfPage":{"@id":"https:\/\/rollingringdrives.com\/product\/5-wheels-wire-straightening-machine\/#primaryimage"},"image":{"@id":"https:\/\/rollingringdrives.com\/product\/5-wheels-wire-straightening-machine\/#primaryimage"},"thumbnailUrl":"https:\/\/rollingringdrives.com\/wp-content\/uploads\/2023\/05\/1-2.png","datePublished":"2023-05-29T06:33:52+00:00","dateModified":"2023-05-29T06:37:44+00:00","description":"Logre un enderezamiento de alambre preciso con nuestra m\u00e1quina enderezadora de alambre de 5 ruedas: libre de \u00f3xido, eficiente y f\u00e1cil de usar. \u00a1Ordene el suyo hoy!","breadcrumb":{"@id":"https:\/\/rollingringdrives.com\/product\/5-wheels-wire-straightening-machine\/#breadcrumb"},"inLanguage":"es","potentialAction":[{"@type":"ReadAction","target":["https:\/\/rollingringdrives.com\/product\/5-wheels-wire-straightening-machine\/"]}]},{"@type":"ImageObject","inLanguage":"es","@id":"https:\/\/rollingringdrives.com\/product\/5-wheels-wire-straightening-machine\/#primaryimage","url":"https:\/\/rollingringdrives.com\/wp-content\/uploads\/2023\/05\/1-2.png","contentUrl":"https:\/\/rollingringdrives.com\/wp-content\/uploads\/2023\/05\/1-2.png","width":600,"height":600,"caption":"5 Wheels Wire Straightening Machine"},{"@type":"BreadcrumbList","@id":"https:\/\/rollingringdrives.com\/product\/5-wheels-wire-straightening-machine\/#breadcrumb","itemListElement":[{"@type":"ListItem","position":1,"name":"Home","item":"https:\/\/rollingringdrives.com\/"},{"@type":"ListItem","position":2,"name":"Machines","item":"https:\/\/rollingringdrives.com\/machines\/"},{"@type":"ListItem","position":3,"name":"5 Wheels Wire Straightening Machine"}]},{"@type":"WebSite","@id":"https:\/\/rollingringdrives.com\/#website","url":"https:\/\/rollingringdrives.com\/","name":"Qi Pang","description":"Blog QiPang","publisher":{"@id":"https:\/\/rollingringdrives.com\/#organization"},"potentialAction":[{"@type":"SearchAction","target":{"@type":"EntryPoint","urlTemplate":"https:\/\/rollingringdrives.com\/?s={search_term_string}"},"query-input":{"@type":"PropertyValueSpecification","valueRequired":true,"valueName":"search_term_string"}}],"inLanguage":"es"},{"@type":"Organization","@id":"https:\/\/rollingringdrives.com\/#organization","name":"Qi Pang","url":"https:\/\/rollingringdrives.com\/","logo":{"@type":"ImageObject","inLanguage":"es","@id":"https:\/\/rollingringdrives.com\/#\/schema\/logo\/image\/","url":"https:\/\/rollingringdrives.com\/wp-content\/uploads\/2023\/05\/cropped-\u672a\u547d\u540d\u7684\u8bbe\u8ba1.png","contentUrl":"https:\/\/rollingringdrives.com\/wp-content\/uploads\/2023\/05\/cropped-\u672a\u547d\u540d\u7684\u8bbe\u8ba1.png","width":300,"height":191,"caption":"QiPang"},"image":{"@id":"https:\/\/rollingringdrives.com\/#\/schema\/logo\/image\/"}}]}},"_links":{"self":[{"href":"https:\/\/rollingringdrives.com\/es\/wp-json\/wp\/v2\/product\/26905","targetHints":{"allow":["GET"]}}],"collection":[{"href":"https:\/\/rollingringdrives.com\/es\/wp-json\/wp\/v2\/product"}],"about":[{"href":"https:\/\/rollingringdrives.com\/es\/wp-json\/wp\/v2\/types\/product"}],"version-history":[{"count":0,"href":"https:\/\/rollingringdrives.com\/es\/wp-json\/wp\/v2\/product\/26905\/revisions"}],"wp:featuredmedia":[{"embeddable":true,"href":"https:\/\/rollingringdrives.com\/es\/wp-json\/wp\/v2\/media\/26914"}],"wp:attachment":[{"href":"https:\/\/rollingringdrives.com\/es\/wp-json\/wp\/v2\/media?parent=26905"}],"wp:term":[{"taxonomy":"product_brand","embeddable":true,"href":"https:\/\/rollingringdrives.com\/es\/wp-json\/wp\/v2\/product_brand?post=26905"},{"taxonomy":"product_cat","embeddable":true,"href":"https:\/\/rollingringdrives.com\/es\/wp-json\/wp\/v2\/product_cat?post=26905"},{"taxonomy":"product_tag","embeddable":true,"href":"https:\/\/rollingringdrives.com\/es\/wp-json\/wp\/v2\/product_tag?post=26905"}],"curies":[{"name":"wp","href":"https:\/\/api.w.org\/{rel}","templated":true}]}}