{"id":27304,"date":"2023-06-01T02:39:47","date_gmt":"2023-06-01T02:39:47","guid":{"rendered":"https:\/\/rollingringdrives.com\/?post_type=product&#038;p=27304"},"modified":"2023-06-01T02:39:50","modified_gmt":"2023-06-01T02:39:50","slug":"adjustable-knob-derrick-wire-guide","status":"publish","type":"product","link":"https:\/\/rollingringdrives.com\/es\/producto\/guia-alambre-derrick-perilla-ajustable\/","title":{"rendered":"Gu\u00eda de cable de torre de perforaci\u00f3n con perilla ajustable"},"content":{"rendered":"<p class=\"xsj_paragraph xsj_paragraph_level_0\" data-source-line=\"10\" data-source-line-display=\"true\">El <strong>Gu\u00eda de cable de torre de perforaci\u00f3n con perilla ajustable<\/strong> es esencial en varias industrias, incluida la fabricaci\u00f3n de alambre, la impresi\u00f3n y el embalaje. Es una versi\u00f3n mejorada de la gu\u00eda de cable Derrick tradicional con una caracter\u00edstica \u00fanica de perillas ajustables, lo que permite un f\u00e1cil posicionamiento durante el uso.<\/p>\n<div class=\"xiaoshujiang_element xsj_anchor\"><a class=\"blank_anchor_name\" name=\"applications_1\"><\/a><a id=\"applications_1\" class=\"blank_anchor_id\"><\/a><a class=\"blank_anchor_name\" name=\"applications\"><\/a><a id=\"applications\" class=\"blank_anchor_id\"><\/a><\/div>\n<h2 id=\"applications_1\" class=\"xsj_heading_hash xsj_heading xsj_heading_h2\" data-source-line=\"12\" data-source-line-display=\"true\"><span class=\"xsj_heading_content\">Aplicaciones<\/span><\/h2>\n<p class=\"xsj_paragraph xsj_paragraph_level_0\" data-source-line=\"14\" data-source-line-display=\"true\">La gu\u00eda de alambre de perilla ajustable Derrick es indispensable para la fabricaci\u00f3n de alambres y cables. Se usa com\u00fanmente en la m\u00e1quina de trefilado, enderezadora, equipo sobre la l\u00ednea y otros equipos relacionados para controlar el movimiento de una l\u00ednea fija o cable durante la producci\u00f3n. Esta herramienta ayuda a estabilizar el cable y guiarlo sobre diferentes obst\u00e1culos, asegurando que el material permanezca en su posici\u00f3n, evitando que el cable se escurra o salte.<\/p>\n<p class=\"xsj_paragraph xsj_paragraph_level_0\" data-source-line=\"16\" data-source-line-display=\"true\">Adem\u00e1s, esta herramienta es valiosa en la industria de impresi\u00f3n y embalaje, donde apoya el movimiento de cajas de papel y cart\u00f3n durante la impresi\u00f3n. Su caracter\u00edstica de perilla ajustable facilita el ajuste y la colocaci\u00f3n del material en la posici\u00f3n correcta para una impresi\u00f3n y empaque precisos.<\/p>","protected":false},"excerpt":{"rendered":"<h2 id=\"features_2\" class=\"xsj_heading_hash xsj_heading xsj_heading_h2\" data-source-line=\"18\" data-source-line-display=\"true\"><span class=\"xsj_heading_content\">Caracter\u00edsticas<\/span><\/h2>\n<p class=\"xsj_paragraph xsj_paragraph_level_0\" data-source-line=\"20\" data-source-line-display=\"true\">La gu\u00eda de alambre de perilla ajustable Derrick es una herramienta \u00fanica con caracter\u00edsticas excepcionales, lo que la convierte en la opci\u00f3n preferida por los fabricantes. Algunas de sus caracter\u00edsticas incluyen:<\/p>\n<ol class=\"markdown_ol\" data-source-line=\"22\">\n<li data-source-line=\"22\">\n<p class=\"xsj_paragraph xsj_paragraph_level_2\">Capacidad de ajuste: esta herramienta viene con perillas ajustables que permiten colocar f\u00e1cilmente el cable o alambre en la posici\u00f3n deseada.<\/p>\n<\/li>\n<li data-source-line=\"24\">\n<p class=\"xsj_paragraph xsj_paragraph_level_2\">Durabilidad: Est\u00e1 hecho de materiales de alta calidad que aseguran la longevidad. Su dise\u00f1o robusto puede soportar los rigores del uso diario.<\/p>\n<\/li>\n<li data-source-line=\"26\">\n<p class=\"xsj_paragraph xsj_paragraph_level_2\">Varios tama\u00f1os: viene en varios tama\u00f1os que se adaptan a diferentes di\u00e1metros de alambre. Los fabricantes pueden elegir el tama\u00f1o que mejor se adapte a sus necesidades de producci\u00f3n.<\/p>\n<\/li>\n<li data-source-line=\"28\">\n<p class=\"xsj_paragraph xsj_paragraph_level_2\">F\u00e1cil instalaci\u00f3n: la instalaci\u00f3n de la gu\u00eda de alambre Derrick es sencilla y se puede realizar en diferentes tipos de equipos sin necesidad de herramientas o experiencia especiales.<\/p>\n<\/li>\n<\/ol>","protected":false},"featured_media":27309,"template":"","meta":{"site-sidebar-layout":"default","site-content-layout":"default","ast-global-header-display":"","ast-banner-title-visibility":"","ast-main-header-display":"","ast-hfb-above-header-display":"","ast-hfb-below-header-display":"","ast-hfb-mobile-header-display":"","site-post-title":"","ast-breadcrumbs-content":"","ast-featured-img":"","footer-sml-layout":"","theme-transparent-header-meta":"default","adv-header-id-meta":"","stick-header-meta":"","header-above-stick-meta":"","header-main-stick-meta":"","header-below-stick-meta":""},"product_brand":[],"product_cat":[78],"product_tag":[],"class_list":{"0":"post-27304","1":"product","2":"type-product","3":"status-publish","4":"has-post-thumbnail","6":"product_cat-wire-guide","7":"desktop-align-left","8":"tablet-align-left","9":"mobile-align-left","11":"first","12":"instock","13":"shipping-taxable","14":"product-type-simple"},"yoast_head":"<!-- This site is optimized with the Yoast SEO Premium plugin v20.12 (Yoast SEO v26.0) - https:\/\/yoast.com\/wordpress\/plugins\/seo\/ -->\n<title>Adjustable Knob Derrick Wire Guide - QiPang<\/title>\n<meta name=\"description\" content=\"Upgrade your industrial wire guidance with the Adjustable Derrick Wire Guide! Perfect for wire manufacturing, printing, and packaging.\" \/>\n<meta name=\"robots\" content=\"index, follow, max-snippet:-1, max-image-preview:large, max-video-preview:-1\" \/>\n<link rel=\"canonical\" href=\"https:\/\/rollingringdrives.com\/es\/producto\/guia-alambre-derrick-perilla-ajustable\/\" \/>\n<meta property=\"og:locale\" content=\"es_MX\" \/>\n<meta property=\"og:type\" content=\"article\" \/>\n<meta property=\"og:title\" content=\"Adjustable Knob Derrick Wire Guide\" \/>\n<meta property=\"og:description\" content=\"Upgrade your industrial wire guidance with the Adjustable Derrick Wire Guide! Perfect for wire manufacturing, printing, and packaging.\" \/>\n<meta property=\"og:url\" content=\"https:\/\/rollingringdrives.com\/es\/producto\/guia-alambre-derrick-perilla-ajustable\/\" \/>\n<meta property=\"og:site_name\" content=\"QiPang\" \/>\n<meta property=\"article:modified_time\" content=\"2023-06-01T02:39:50+00:00\" \/>\n<meta property=\"og:image\" content=\"https:\/\/rollingringdrives.com\/wp-content\/uploads\/2023\/06\/4.jpg\" \/>\n\t<meta property=\"og:image:width\" content=\"600\" \/>\n\t<meta property=\"og:image:height\" content=\"600\" \/>\n\t<meta property=\"og:image:type\" content=\"image\/jpeg\" \/>\n<meta name=\"twitter:card\" content=\"summary_large_image\" \/>\n<meta name=\"twitter:label1\" content=\"Tiempo de lectura\" \/>\n\t<meta name=\"twitter:data1\" content=\"1 minuto\" \/>\n<script type=\"application\/ld+json\" class=\"yoast-schema-graph\">{\"@context\":\"https:\/\/schema.org\",\"@graph\":[{\"@type\":\"WebPage\",\"@id\":\"https:\/\/rollingringdrives.com\/product\/adjustable-knob-derrick-wire-guide\/\",\"url\":\"https:\/\/rollingringdrives.com\/product\/adjustable-knob-derrick-wire-guide\/\",\"name\":\"Adjustable Knob Derrick Wire Guide - QiPang\",\"isPartOf\":{\"@id\":\"https:\/\/rollingringdrives.com\/#website\"},\"primaryImageOfPage\":{\"@id\":\"https:\/\/rollingringdrives.com\/product\/adjustable-knob-derrick-wire-guide\/#primaryimage\"},\"image\":{\"@id\":\"https:\/\/rollingringdrives.com\/product\/adjustable-knob-derrick-wire-guide\/#primaryimage\"},\"thumbnailUrl\":\"https:\/\/rollingringdrives.com\/wp-content\/uploads\/2023\/06\/4.jpg\",\"datePublished\":\"2023-06-01T02:39:47+00:00\",\"dateModified\":\"2023-06-01T02:39:50+00:00\",\"description\":\"Upgrade your industrial wire guidance with the Adjustable Derrick Wire Guide! Perfect for wire manufacturing, printing, and packaging.\",\"breadcrumb\":{\"@id\":\"https:\/\/rollingringdrives.com\/product\/adjustable-knob-derrick-wire-guide\/#breadcrumb\"},\"inLanguage\":\"es\",\"potentialAction\":[{\"@type\":\"ReadAction\",\"target\":[\"https:\/\/rollingringdrives.com\/product\/adjustable-knob-derrick-wire-guide\/\"]}]},{\"@type\":\"ImageObject\",\"inLanguage\":\"es\",\"@id\":\"https:\/\/rollingringdrives.com\/product\/adjustable-knob-derrick-wire-guide\/#primaryimage\",\"url\":\"https:\/\/rollingringdrives.com\/wp-content\/uploads\/2023\/06\/4.jpg\",\"contentUrl\":\"https:\/\/rollingringdrives.com\/wp-content\/uploads\/2023\/06\/4.jpg\",\"width\":600,\"height\":600,\"caption\":\"Adjustable Knob Derrick Wire Guide\"},{\"@type\":\"BreadcrumbList\",\"@id\":\"https:\/\/rollingringdrives.com\/product\/adjustable-knob-derrick-wire-guide\/#breadcrumb\",\"itemListElement\":[{\"@type\":\"ListItem\",\"position\":1,\"name\":\"Home\",\"item\":\"https:\/\/rollingringdrives.com\/\"},{\"@type\":\"ListItem\",\"position\":2,\"name\":\"Machines\",\"item\":\"https:\/\/rollingringdrives.com\/machines\/\"},{\"@type\":\"ListItem\",\"position\":3,\"name\":\"Adjustable Knob Derrick Wire Guide\"}]},{\"@type\":\"WebSite\",\"@id\":\"https:\/\/rollingringdrives.com\/#website\",\"url\":\"https:\/\/rollingringdrives.com\/\",\"name\":\"QiPang\",\"description\":\"QiPang Blog\",\"publisher\":{\"@id\":\"https:\/\/rollingringdrives.com\/#organization\"},\"potentialAction\":[{\"@type\":\"SearchAction\",\"target\":{\"@type\":\"EntryPoint\",\"urlTemplate\":\"https:\/\/rollingringdrives.com\/?s={search_term_string}\"},\"query-input\":{\"@type\":\"PropertyValueSpecification\",\"valueRequired\":true,\"valueName\":\"search_term_string\"}}],\"inLanguage\":\"es\"},{\"@type\":\"Organization\",\"@id\":\"https:\/\/rollingringdrives.com\/#organization\",\"name\":\"QiPang\",\"url\":\"https:\/\/rollingringdrives.com\/\",\"logo\":{\"@type\":\"ImageObject\",\"inLanguage\":\"es\",\"@id\":\"https:\/\/rollingringdrives.com\/#\/schema\/logo\/image\/\",\"url\":\"https:\/\/rollingringdrives.com\/wp-content\/uploads\/2023\/05\/cropped-\u672a\u547d\u540d\u7684\u8bbe\u8ba1.png\",\"contentUrl\":\"https:\/\/rollingringdrives.com\/wp-content\/uploads\/2023\/05\/cropped-\u672a\u547d\u540d\u7684\u8bbe\u8ba1.png\",\"width\":300,\"height\":191,\"caption\":\"QiPang\"},\"image\":{\"@id\":\"https:\/\/rollingringdrives.com\/#\/schema\/logo\/image\/\"}}]}<\/script>\n<!-- \/ Yoast SEO Premium plugin. -->","yoast_head_json":{"title":"Gu\u00eda de alambre de torre de perforaci\u00f3n con perilla ajustable - QiPang","description":"\u00a1Actualice su gu\u00eda de cable industrial con la gu\u00eda de cable ajustable Derrick! Perfecto para la fabricaci\u00f3n, impresi\u00f3n y embalaje de alambre.","robots":{"index":"index","follow":"follow","max-snippet":"max-snippet:-1","max-image-preview":"max-image-preview:large","max-video-preview":"max-video-preview:-1"},"canonical":"https:\/\/rollingringdrives.com\/es\/producto\/guia-alambre-derrick-perilla-ajustable\/","og_locale":"es_MX","og_type":"article","og_title":"Adjustable Knob Derrick Wire Guide","og_description":"Upgrade your industrial wire guidance with the Adjustable Derrick Wire Guide! Perfect for wire manufacturing, printing, and packaging.","og_url":"https:\/\/rollingringdrives.com\/es\/producto\/guia-alambre-derrick-perilla-ajustable\/","og_site_name":"QiPang","article_modified_time":"2023-06-01T02:39:50+00:00","og_image":[{"width":600,"height":600,"url":"https:\/\/rollingringdrives.com\/wp-content\/uploads\/2023\/06\/4.jpg","type":"image\/jpeg"}],"twitter_card":"summary_large_image","twitter_misc":{"Tiempo de lectura":"1 minuto"},"schema":{"@context":"https:\/\/schema.org","@graph":[{"@type":"WebPage","@id":"https:\/\/rollingringdrives.com\/product\/adjustable-knob-derrick-wire-guide\/","url":"https:\/\/rollingringdrives.com\/product\/adjustable-knob-derrick-wire-guide\/","name":"Gu\u00eda de alambre de torre de perforaci\u00f3n con perilla ajustable - QiPang","isPartOf":{"@id":"https:\/\/rollingringdrives.com\/#website"},"primaryImageOfPage":{"@id":"https:\/\/rollingringdrives.com\/product\/adjustable-knob-derrick-wire-guide\/#primaryimage"},"image":{"@id":"https:\/\/rollingringdrives.com\/product\/adjustable-knob-derrick-wire-guide\/#primaryimage"},"thumbnailUrl":"https:\/\/rollingringdrives.com\/wp-content\/uploads\/2023\/06\/4.jpg","datePublished":"2023-06-01T02:39:47+00:00","dateModified":"2023-06-01T02:39:50+00:00","description":"\u00a1Actualice su gu\u00eda de cable industrial con la gu\u00eda de cable ajustable Derrick! Perfecto para la fabricaci\u00f3n, impresi\u00f3n y embalaje de alambre.","breadcrumb":{"@id":"https:\/\/rollingringdrives.com\/product\/adjustable-knob-derrick-wire-guide\/#breadcrumb"},"inLanguage":"es","potentialAction":[{"@type":"ReadAction","target":["https:\/\/rollingringdrives.com\/product\/adjustable-knob-derrick-wire-guide\/"]}]},{"@type":"ImageObject","inLanguage":"es","@id":"https:\/\/rollingringdrives.com\/product\/adjustable-knob-derrick-wire-guide\/#primaryimage","url":"https:\/\/rollingringdrives.com\/wp-content\/uploads\/2023\/06\/4.jpg","contentUrl":"https:\/\/rollingringdrives.com\/wp-content\/uploads\/2023\/06\/4.jpg","width":600,"height":600,"caption":"Adjustable Knob Derrick Wire Guide"},{"@type":"BreadcrumbList","@id":"https:\/\/rollingringdrives.com\/product\/adjustable-knob-derrick-wire-guide\/#breadcrumb","itemListElement":[{"@type":"ListItem","position":1,"name":"Home","item":"https:\/\/rollingringdrives.com\/"},{"@type":"ListItem","position":2,"name":"Machines","item":"https:\/\/rollingringdrives.com\/machines\/"},{"@type":"ListItem","position":3,"name":"Adjustable Knob Derrick Wire Guide"}]},{"@type":"WebSite","@id":"https:\/\/rollingringdrives.com\/#website","url":"https:\/\/rollingringdrives.com\/","name":"Qi Pang","description":"Blog QiPang","publisher":{"@id":"https:\/\/rollingringdrives.com\/#organization"},"potentialAction":[{"@type":"SearchAction","target":{"@type":"EntryPoint","urlTemplate":"https:\/\/rollingringdrives.com\/?s={search_term_string}"},"query-input":{"@type":"PropertyValueSpecification","valueRequired":true,"valueName":"search_term_string"}}],"inLanguage":"es"},{"@type":"Organization","@id":"https:\/\/rollingringdrives.com\/#organization","name":"Qi Pang","url":"https:\/\/rollingringdrives.com\/","logo":{"@type":"ImageObject","inLanguage":"es","@id":"https:\/\/rollingringdrives.com\/#\/schema\/logo\/image\/","url":"https:\/\/rollingringdrives.com\/wp-content\/uploads\/2023\/05\/cropped-\u672a\u547d\u540d\u7684\u8bbe\u8ba1.png","contentUrl":"https:\/\/rollingringdrives.com\/wp-content\/uploads\/2023\/05\/cropped-\u672a\u547d\u540d\u7684\u8bbe\u8ba1.png","width":300,"height":191,"caption":"QiPang"},"image":{"@id":"https:\/\/rollingringdrives.com\/#\/schema\/logo\/image\/"}}]}},"_links":{"self":[{"href":"https:\/\/rollingringdrives.com\/es\/wp-json\/wp\/v2\/product\/27304","targetHints":{"allow":["GET"]}}],"collection":[{"href":"https:\/\/rollingringdrives.com\/es\/wp-json\/wp\/v2\/product"}],"about":[{"href":"https:\/\/rollingringdrives.com\/es\/wp-json\/wp\/v2\/types\/product"}],"version-history":[{"count":0,"href":"https:\/\/rollingringdrives.com\/es\/wp-json\/wp\/v2\/product\/27304\/revisions"}],"wp:featuredmedia":[{"embeddable":true,"href":"https:\/\/rollingringdrives.com\/es\/wp-json\/wp\/v2\/media\/27309"}],"wp:attachment":[{"href":"https:\/\/rollingringdrives.com\/es\/wp-json\/wp\/v2\/media?parent=27304"}],"wp:term":[{"taxonomy":"product_brand","embeddable":true,"href":"https:\/\/rollingringdrives.com\/es\/wp-json\/wp\/v2\/product_brand?post=27304"},{"taxonomy":"product_cat","embeddable":true,"href":"https:\/\/rollingringdrives.com\/es\/wp-json\/wp\/v2\/product_cat?post=27304"},{"taxonomy":"product_tag","embeddable":true,"href":"https:\/\/rollingringdrives.com\/es\/wp-json\/wp\/v2\/product_tag?post=27304"}],"curies":[{"name":"wp","href":"https:\/\/api.w.org\/{rel}","templated":true}]}}