{"id":27322,"date":"2023-06-01T03:06:44","date_gmt":"2023-06-01T03:06:44","guid":{"rendered":"https:\/\/rollingringdrives.com\/?post_type=product&#038;p=27322"},"modified":"2023-06-01T03:06:46","modified_gmt":"2023-06-01T03:06:46","slug":"three-frame-wire-guide","status":"publish","type":"product","link":"https:\/\/rollingringdrives.com\/es\/producto\/guia-de-alambre-de-tres-marcos\/","title":{"rendered":"Gu\u00eda de alambre de tres marcos"},"content":{"rendered":"<p class=\"xsj_paragraph xsj_paragraph_level_0\" data-source-line=\"10\" data-source-line-display=\"true\">El <strong>Gu\u00eda de alambre de tres marcos<\/strong> es ampliamente utilizado en la industria de alambres y cables. Es una gu\u00eda de alambre Derrick dise\u00f1ada para guiar materiales a trav\u00e9s de los diferentes equipos utilizados en la producci\u00f3n de alambre, asegurando el flujo uniforme de materiales y evitando problemas de escorrent\u00eda o salto. Consta de tres marcos que mantienen el alambre en su lugar mientras se alimenta a trav\u00e9s de m\u00e1quinas trefiladoras, enderezadoras y otros equipos similares.<\/p>\n<div class=\"xiaoshujiang_element xsj_anchor\"><a class=\"blank_anchor_name\" name=\"applications_1\"><\/a><a id=\"applications_1\" class=\"blank_anchor_id\"><\/a><a class=\"blank_anchor_name\" name=\"applications\"><\/a><a id=\"applications\" class=\"blank_anchor_id\"><\/a><\/div>\n<h2 id=\"applications_1\" class=\"xsj_heading_hash xsj_heading xsj_heading_h2\" data-source-line=\"12\" data-source-line-display=\"true\"><span class=\"xsj_heading_content\">Aplicaciones:<\/span><\/h2>\n<p class=\"xsj_paragraph xsj_paragraph_level_0\" data-source-line=\"14\" data-source-line-display=\"true\">La gu\u00eda de alambre de tres marcos se utiliza en diversas aplicaciones en la industria de alambres y cables. Uno de sus principales usos es en m\u00e1quinas trefiladoras, que reducen el di\u00e1metro de los cables para diferentes aplicaciones. La gu\u00eda de alambre de tres marcos ayuda a guiar el alambre a trav\u00e9s de la m\u00e1quina trefiladora para garantizar reducciones de tama\u00f1o uniformes y precisas. Tambi\u00e9n se usa com\u00fanmente en m\u00e1quinas enderezadoras, donde ayuda a guiar el alambre a trav\u00e9s de rodillos y otros mecanismos para enderezarlo.<\/p>\n<p class=\"xsj_paragraph xsj_paragraph_level_0\" data-source-line=\"16\" data-source-line-display=\"true\">Otras aplicaciones de la gu\u00eda de alambre de tres marcos incluyen la producci\u00f3n de cables y cuerdas, que se utilizan para guiar m\u00faltiples hebras y evitar enredos, y en la producci\u00f3n de alambre de acero para fines de construcci\u00f3n, donde asegura el flujo uniforme del alambre a trav\u00e9s de m\u00e1quinas y evita da\u00f1os en el cable.<\/p>\n<div id=\"footable_parent_27328\"\n         class=\"footable_parent ninja_table_wrapper loading_ninja_table wp_table_data_press_parent semantic_ui\">\n                <table data-ninja_table_instance=\"ninja_table_instance_0\" data-footable_id=\"27328\" data-filter-delay=\"1000\" aria-label=\"1a2SX \u5de5\u4f5c\u8868 (2).csv\"            id=\"footable_27328\"\n           data-unique_identifier=\"ninja_table_unique_id_1509027192_27328\"\n           class=\"foo-table ninja_footable foo_table_27328 ninja_table_unique_id_1509027192_27328 ui table  nt_type_legacy_table selectable striped vertical_centered  footable-paging-right ninja_table_search_disabled ninja_table_pro\">\n                <colgroup>\n                            <col class=\"ninja_column_0\">\n                            <col class=\"ninja_column_1\">\n                            <col class=\"ninja_column_2\">\n                            <col class=\"ninja_column_3\">\n                            <col class=\"ninja_column_4\">\n                    <\/colgroup>\n        <thead>\n<tr class=\"footable-header\">\n                                                                                        <th scope=\"col\"  class=\"ninja_column_0 ninja_clmn_nm_threeframeseries\">Serie de tres marcos<\/th><th scope=\"col\"  class=\"ninja_column_1 ninja_clmn_nm_ninja_column_2\"><\/th><th scope=\"col\"  class=\"ninja_column_2 ninja_clmn_nm_ninja_column_3\"><\/th><th scope=\"col\"  class=\"ninja_column_3 ninja_clmn_nm_ninja_column_4\"><\/th><th scope=\"col\"  class=\"ninja_column_4 ninja_clmn_nm_ninja_column_5\"><\/th><\/tr>\n<\/thead>\n<tbody>\n\n        <tr data-row_id=\"769\" class=\"ninja_table_row_0 nt_row_id_769\">\n            <td>Nombre <\/td><td>Medio sobre la distancia del cable <\/td><td>Distancia entre los ojos del tornillo<\/td><td>modelos de transmisi\u00f3n por anillo rodante<\/td><td>Tama\u00f1o base<\/td>        <\/tr>\n            <tr data-row_id=\"770\" class=\"ninja_table_row_1 nt_row_id_770\">\n            <td>QIPANG<\/td><td>QP 40mm \u00d825<\/td><td>70*40<\/td><td>20<\/td><td>100*65<\/td>        <\/tr>\n            <tr data-row_id=\"771\" class=\"ninja_table_row_2 nt_row_id_771\">\n            <td><\/td><td>QP 40mm \u00d825<\/td><td>70*60<\/td><td>30<\/td><td>100*80<\/td>        <\/tr>\n            <tr data-row_id=\"772\" class=\"ninja_table_row_3 nt_row_id_772\">\n            <td><\/td><td>QP 55mm \u00d8 32<\/td><td>72*72<\/td><td>40<\/td><td>125*90<\/td>        <\/tr>\n            <tr data-row_id=\"773\" class=\"ninja_table_row_4 nt_row_id_773\">\n            <td><\/td><td>QP 90mm \u00d8 38<\/td><td>90*104<\/td><td>50<\/td><td>132*161<\/td>        <\/tr>\n            <tr data-row_id=\"774\" class=\"ninja_table_row_5 nt_row_id_774\">\n            <td><\/td><td>QP 95mm \u00d8 38<\/td><td>104*110<\/td><td>60<\/td><td>140*180<\/td>        <\/tr>\n            <tr data-row_id=\"775\" class=\"ninja_table_row_6 nt_row_id_775\">\n            <td><\/td><td>QP 140mm \u00d8 38<\/td><td>104*110<\/td><td>60 m\u00e1s<\/td><td>140*180<\/td>        <\/tr>\n            <tr data-row_id=\"776\" class=\"ninja_table_row_7 nt_row_id_776\">\n            <td>XDD<\/td><td>XD 35mm \u00d8 25<\/td><td>40*42<\/td><td>20<\/td><td>95*65<\/td>        <\/tr>\n            <tr data-row_id=\"777\" class=\"ninja_table_row_8 nt_row_id_777\">\n            <td><\/td><td>XD 35mm \u00d825<\/td><td>60*62<\/td><td>30<\/td><td>95*80<\/td>        <\/tr>\n            <tr data-row_id=\"778\" class=\"ninja_table_row_9 nt_row_id_778\">\n            <td><\/td><td>XD 42mm \u00d8 32<\/td><td>70*80<\/td><td>40<\/td><td>126*106<\/td>        <\/tr>\n            <tr data-row_id=\"779\" class=\"ninja_table_row_10 nt_row_id_779\">\n            <td><\/td><td>XD 54mm \u00d8 38<\/td><td>102*110<\/td><td>50<\/td><td>160*132<\/td>        <\/tr>\n            <tr data-row_id=\"780\" class=\"ninja_table_row_11 nt_row_id_780\">\n            <td><\/td><td>XD 64mm \u00d8 38<\/td><td>110*119<\/td><td>60<\/td><td>180*150<\/td>        <\/tr>\n            <tr data-row_id=\"781\" class=\"ninja_table_row_12 nt_row_id_781\">\n            <td><\/td><td>QPX 36mm \u00d8 25<\/td><td>60*40<\/td><td>20<\/td><td>104*64<\/td>        <\/tr>\n            <tr data-row_id=\"782\" class=\"ninja_table_row_13 nt_row_id_782\">\n            <td><\/td><td>QPX 40mm \u00d8 25<\/td><td>70*64<\/td><td>30<\/td><td>104*80<\/td>        <\/tr>\n            <tr data-row_id=\"783\" class=\"ninja_table_row_14 nt_row_id_783\">\n            <td><\/td><td>Hierro tres marcos<\/td><td>60*60<\/td><td>30<\/td><td>102*82<\/td>        <\/tr>\n    <\/tbody><!--ninja_tobody_rendering_done-->\n    <\/table>\n    \n    \n    \n<\/div>","protected":false},"excerpt":{"rendered":"<h2 id=\"features_2\" class=\"xsj_heading_hash xsj_heading xsj_heading_h2\" data-source-line=\"18\" data-source-line-display=\"true\"><span class=\"xsj_heading_content\">Caracter\u00edsticas:<\/span><\/h2>\n<ol class=\"markdown_ol\" data-source-line=\"20\">\n<li data-source-line=\"20\">La gu\u00eda de alambre de tres marcos es duradera y est\u00e1 hecha de materiales de alta calidad como el acero inoxidable.<\/li>\n<li data-source-line=\"21\">Es f\u00e1cil de instalar y usar, con un dise\u00f1o simple que permite a los usuarios guiar el cable a trav\u00e9s de las m\u00e1quinas de manera r\u00e1pida y eficiente.<\/li>\n<li data-source-line=\"22\">Su versatilidad le permite ser utilizado con una amplia gama de alambres y cables, haci\u00e9ndolo \u00fatil para diversas aplicaciones.<\/li>\n<li data-source-line=\"23\">A menudo es ajustable, lo que permite personalizar el tama\u00f1o y la ubicaci\u00f3n del marco.<\/li>\n<\/ol>","protected":false},"featured_media":27324,"template":"","meta":{"site-sidebar-layout":"default","site-content-layout":"default","ast-global-header-display":"","ast-banner-title-visibility":"","ast-main-header-display":"","ast-hfb-above-header-display":"","ast-hfb-below-header-display":"","ast-hfb-mobile-header-display":"","site-post-title":"","ast-breadcrumbs-content":"","ast-featured-img":"","footer-sml-layout":"","theme-transparent-header-meta":"default","adv-header-id-meta":"","stick-header-meta":"","header-above-stick-meta":"","header-main-stick-meta":"","header-below-stick-meta":""},"product_brand":[],"product_cat":[78],"product_tag":[],"class_list":{"0":"post-27322","1":"product","2":"type-product","3":"status-publish","4":"has-post-thumbnail","6":"product_cat-wire-guide","7":"desktop-align-left","8":"tablet-align-left","9":"mobile-align-left","11":"first","12":"instock","13":"shipping-taxable","14":"product-type-simple"},"yoast_head":"<!-- This site is optimized with the Yoast SEO Premium plugin v20.12 (Yoast SEO v26.0) - https:\/\/yoast.com\/wordpress\/plugins\/seo\/ -->\n<title>Three-Frame Wire Guide - QiPang<\/title>\n<meta name=\"description\" content=\"Upgrade your wire and cable production process with the Three-Frame Wire Guide! Perfect for smooth material flow and preventing runoff problems.\" \/>\n<meta name=\"robots\" content=\"index, follow, max-snippet:-1, max-image-preview:large, max-video-preview:-1\" \/>\n<link rel=\"canonical\" href=\"https:\/\/rollingringdrives.com\/es\/producto\/guia-de-alambre-de-tres-marcos\/\" \/>\n<meta property=\"og:locale\" content=\"es_MX\" \/>\n<meta property=\"og:type\" content=\"article\" \/>\n<meta property=\"og:title\" content=\"Three-Frame Wire Guide\" \/>\n<meta property=\"og:description\" content=\"Upgrade your wire and cable production process with the Three-Frame Wire Guide! Perfect for smooth material flow and preventing runoff problems.\" \/>\n<meta property=\"og:url\" content=\"https:\/\/rollingringdrives.com\/es\/producto\/guia-de-alambre-de-tres-marcos\/\" \/>\n<meta property=\"og:site_name\" content=\"QiPang\" \/>\n<meta property=\"article:modified_time\" content=\"2023-06-01T03:06:46+00:00\" \/>\n<meta property=\"og:image\" content=\"https:\/\/rollingringdrives.com\/wp-content\/uploads\/2023\/06\/XD30.jpg\" \/>\n\t<meta property=\"og:image:width\" content=\"600\" \/>\n\t<meta property=\"og:image:height\" content=\"600\" \/>\n\t<meta property=\"og:image:type\" content=\"image\/jpeg\" \/>\n<meta name=\"twitter:card\" content=\"summary_large_image\" \/>\n<meta name=\"twitter:label1\" content=\"Tiempo de lectura\" \/>\n\t<meta name=\"twitter:data1\" content=\"1 minuto\" \/>\n<script type=\"application\/ld+json\" class=\"yoast-schema-graph\">{\"@context\":\"https:\/\/schema.org\",\"@graph\":[{\"@type\":\"WebPage\",\"@id\":\"https:\/\/rollingringdrives.com\/product\/three-frame-wire-guide\/\",\"url\":\"https:\/\/rollingringdrives.com\/product\/three-frame-wire-guide\/\",\"name\":\"Three-Frame Wire Guide - QiPang\",\"isPartOf\":{\"@id\":\"https:\/\/rollingringdrives.com\/#website\"},\"primaryImageOfPage\":{\"@id\":\"https:\/\/rollingringdrives.com\/product\/three-frame-wire-guide\/#primaryimage\"},\"image\":{\"@id\":\"https:\/\/rollingringdrives.com\/product\/three-frame-wire-guide\/#primaryimage\"},\"thumbnailUrl\":\"https:\/\/rollingringdrives.com\/wp-content\/uploads\/2023\/06\/XD30.jpg\",\"datePublished\":\"2023-06-01T03:06:44+00:00\",\"dateModified\":\"2023-06-01T03:06:46+00:00\",\"description\":\"Upgrade your wire and cable production process with the Three-Frame Wire Guide! Perfect for smooth material flow and preventing runoff problems.\",\"breadcrumb\":{\"@id\":\"https:\/\/rollingringdrives.com\/product\/three-frame-wire-guide\/#breadcrumb\"},\"inLanguage\":\"es\",\"potentialAction\":[{\"@type\":\"ReadAction\",\"target\":[\"https:\/\/rollingringdrives.com\/product\/three-frame-wire-guide\/\"]}]},{\"@type\":\"ImageObject\",\"inLanguage\":\"es\",\"@id\":\"https:\/\/rollingringdrives.com\/product\/three-frame-wire-guide\/#primaryimage\",\"url\":\"https:\/\/rollingringdrives.com\/wp-content\/uploads\/2023\/06\/XD30.jpg\",\"contentUrl\":\"https:\/\/rollingringdrives.com\/wp-content\/uploads\/2023\/06\/XD30.jpg\",\"width\":600,\"height\":600,\"caption\":\"Three-Frame Wire Guide\"},{\"@type\":\"BreadcrumbList\",\"@id\":\"https:\/\/rollingringdrives.com\/product\/three-frame-wire-guide\/#breadcrumb\",\"itemListElement\":[{\"@type\":\"ListItem\",\"position\":1,\"name\":\"Home\",\"item\":\"https:\/\/rollingringdrives.com\/\"},{\"@type\":\"ListItem\",\"position\":2,\"name\":\"Machines\",\"item\":\"https:\/\/rollingringdrives.com\/machines\/\"},{\"@type\":\"ListItem\",\"position\":3,\"name\":\"Three-Frame Wire Guide\"}]},{\"@type\":\"WebSite\",\"@id\":\"https:\/\/rollingringdrives.com\/#website\",\"url\":\"https:\/\/rollingringdrives.com\/\",\"name\":\"QiPang\",\"description\":\"QiPang Blog\",\"publisher\":{\"@id\":\"https:\/\/rollingringdrives.com\/#organization\"},\"potentialAction\":[{\"@type\":\"SearchAction\",\"target\":{\"@type\":\"EntryPoint\",\"urlTemplate\":\"https:\/\/rollingringdrives.com\/?s={search_term_string}\"},\"query-input\":{\"@type\":\"PropertyValueSpecification\",\"valueRequired\":true,\"valueName\":\"search_term_string\"}}],\"inLanguage\":\"es\"},{\"@type\":\"Organization\",\"@id\":\"https:\/\/rollingringdrives.com\/#organization\",\"name\":\"QiPang\",\"url\":\"https:\/\/rollingringdrives.com\/\",\"logo\":{\"@type\":\"ImageObject\",\"inLanguage\":\"es\",\"@id\":\"https:\/\/rollingringdrives.com\/#\/schema\/logo\/image\/\",\"url\":\"https:\/\/rollingringdrives.com\/wp-content\/uploads\/2023\/05\/cropped-\u672a\u547d\u540d\u7684\u8bbe\u8ba1.png\",\"contentUrl\":\"https:\/\/rollingringdrives.com\/wp-content\/uploads\/2023\/05\/cropped-\u672a\u547d\u540d\u7684\u8bbe\u8ba1.png\",\"width\":300,\"height\":191,\"caption\":\"QiPang\"},\"image\":{\"@id\":\"https:\/\/rollingringdrives.com\/#\/schema\/logo\/image\/\"}}]}<\/script>\n<!-- \/ Yoast SEO Premium plugin. -->","yoast_head_json":{"title":"Gu\u00eda de alambre de tres marcos - QiPang","description":"\u00a1Mejore su proceso de producci\u00f3n de alambres y cables con la gu\u00eda de alambre de tres marcos! Perfecto para un flujo de material uniforme y para evitar problemas de escorrent\u00eda.","robots":{"index":"index","follow":"follow","max-snippet":"max-snippet:-1","max-image-preview":"max-image-preview:large","max-video-preview":"max-video-preview:-1"},"canonical":"https:\/\/rollingringdrives.com\/es\/producto\/guia-de-alambre-de-tres-marcos\/","og_locale":"es_MX","og_type":"article","og_title":"Three-Frame Wire Guide","og_description":"Upgrade your wire and cable production process with the Three-Frame Wire Guide! Perfect for smooth material flow and preventing runoff problems.","og_url":"https:\/\/rollingringdrives.com\/es\/producto\/guia-de-alambre-de-tres-marcos\/","og_site_name":"QiPang","article_modified_time":"2023-06-01T03:06:46+00:00","og_image":[{"width":600,"height":600,"url":"https:\/\/rollingringdrives.com\/wp-content\/uploads\/2023\/06\/XD30.jpg","type":"image\/jpeg"}],"twitter_card":"summary_large_image","twitter_misc":{"Tiempo de lectura":"1 minuto"},"schema":{"@context":"https:\/\/schema.org","@graph":[{"@type":"WebPage","@id":"https:\/\/rollingringdrives.com\/product\/three-frame-wire-guide\/","url":"https:\/\/rollingringdrives.com\/product\/three-frame-wire-guide\/","name":"Gu\u00eda de alambre de tres marcos - QiPang","isPartOf":{"@id":"https:\/\/rollingringdrives.com\/#website"},"primaryImageOfPage":{"@id":"https:\/\/rollingringdrives.com\/product\/three-frame-wire-guide\/#primaryimage"},"image":{"@id":"https:\/\/rollingringdrives.com\/product\/three-frame-wire-guide\/#primaryimage"},"thumbnailUrl":"https:\/\/rollingringdrives.com\/wp-content\/uploads\/2023\/06\/XD30.jpg","datePublished":"2023-06-01T03:06:44+00:00","dateModified":"2023-06-01T03:06:46+00:00","description":"\u00a1Mejore su proceso de producci\u00f3n de alambres y cables con la gu\u00eda de alambre de tres marcos! Perfecto para un flujo de material uniforme y para evitar problemas de escorrent\u00eda.","breadcrumb":{"@id":"https:\/\/rollingringdrives.com\/product\/three-frame-wire-guide\/#breadcrumb"},"inLanguage":"es","potentialAction":[{"@type":"ReadAction","target":["https:\/\/rollingringdrives.com\/product\/three-frame-wire-guide\/"]}]},{"@type":"ImageObject","inLanguage":"es","@id":"https:\/\/rollingringdrives.com\/product\/three-frame-wire-guide\/#primaryimage","url":"https:\/\/rollingringdrives.com\/wp-content\/uploads\/2023\/06\/XD30.jpg","contentUrl":"https:\/\/rollingringdrives.com\/wp-content\/uploads\/2023\/06\/XD30.jpg","width":600,"height":600,"caption":"Three-Frame Wire Guide"},{"@type":"BreadcrumbList","@id":"https:\/\/rollingringdrives.com\/product\/three-frame-wire-guide\/#breadcrumb","itemListElement":[{"@type":"ListItem","position":1,"name":"Home","item":"https:\/\/rollingringdrives.com\/"},{"@type":"ListItem","position":2,"name":"Machines","item":"https:\/\/rollingringdrives.com\/machines\/"},{"@type":"ListItem","position":3,"name":"Three-Frame Wire Guide"}]},{"@type":"WebSite","@id":"https:\/\/rollingringdrives.com\/#website","url":"https:\/\/rollingringdrives.com\/","name":"Qi Pang","description":"Blog QiPang","publisher":{"@id":"https:\/\/rollingringdrives.com\/#organization"},"potentialAction":[{"@type":"SearchAction","target":{"@type":"EntryPoint","urlTemplate":"https:\/\/rollingringdrives.com\/?s={search_term_string}"},"query-input":{"@type":"PropertyValueSpecification","valueRequired":true,"valueName":"search_term_string"}}],"inLanguage":"es"},{"@type":"Organization","@id":"https:\/\/rollingringdrives.com\/#organization","name":"Qi Pang","url":"https:\/\/rollingringdrives.com\/","logo":{"@type":"ImageObject","inLanguage":"es","@id":"https:\/\/rollingringdrives.com\/#\/schema\/logo\/image\/","url":"https:\/\/rollingringdrives.com\/wp-content\/uploads\/2023\/05\/cropped-\u672a\u547d\u540d\u7684\u8bbe\u8ba1.png","contentUrl":"https:\/\/rollingringdrives.com\/wp-content\/uploads\/2023\/05\/cropped-\u672a\u547d\u540d\u7684\u8bbe\u8ba1.png","width":300,"height":191,"caption":"QiPang"},"image":{"@id":"https:\/\/rollingringdrives.com\/#\/schema\/logo\/image\/"}}]}},"_links":{"self":[{"href":"https:\/\/rollingringdrives.com\/es\/wp-json\/wp\/v2\/product\/27322","targetHints":{"allow":["GET"]}}],"collection":[{"href":"https:\/\/rollingringdrives.com\/es\/wp-json\/wp\/v2\/product"}],"about":[{"href":"https:\/\/rollingringdrives.com\/es\/wp-json\/wp\/v2\/types\/product"}],"version-history":[{"count":0,"href":"https:\/\/rollingringdrives.com\/es\/wp-json\/wp\/v2\/product\/27322\/revisions"}],"wp:featuredmedia":[{"embeddable":true,"href":"https:\/\/rollingringdrives.com\/es\/wp-json\/wp\/v2\/media\/27324"}],"wp:attachment":[{"href":"https:\/\/rollingringdrives.com\/es\/wp-json\/wp\/v2\/media?parent=27322"}],"wp:term":[{"taxonomy":"product_brand","embeddable":true,"href":"https:\/\/rollingringdrives.com\/es\/wp-json\/wp\/v2\/product_brand?post=27322"},{"taxonomy":"product_cat","embeddable":true,"href":"https:\/\/rollingringdrives.com\/es\/wp-json\/wp\/v2\/product_cat?post=27322"},{"taxonomy":"product_tag","embeddable":true,"href":"https:\/\/rollingringdrives.com\/es\/wp-json\/wp\/v2\/product_tag?post=27322"}],"curies":[{"name":"wp","href":"https:\/\/api.w.org\/{rel}","templated":true}]}}