{"id":28701,"date":"2023-07-27T12:32:29","date_gmt":"2023-07-27T12:32:29","guid":{"rendered":"https:\/\/rollingringdrives.com\/?post_type=product&#038;p=28701"},"modified":"2023-07-27T12:32:30","modified_gmt":"2023-07-27T12:32:30","slug":"easylock-ss-12-ss-15-ss-30-for-take-up-machine","status":"publish","type":"product","link":"https:\/\/rollingringdrives.com\/es\/producto\/easylock-ss-12-ss-15-ss-30-for-take-up-machine\/","title":{"rendered":"Easylock SS-12, SS-15, SS-30 para m\u00e1quina de recogida"},"content":{"rendered":"<p class=\"xsj_paragraph xsj_paragraph_level_0\" data-source-line=\"93\" data-source-line-display=\"true\">Cabezal de bloqueo r\u00e1pido Cuando el objeto se bloquea axialmente, el extremo del manguito c\u00f3nico interno del dispositivo se coloca en el eje y la cubierta se empuja directamente hacia adentro para hacer que todo el dispositivo se mueva a lo largo del eje hasta que el objeto se comprime. Durante todo el proceso de movimiento, tirar del abrigo en la direcci\u00f3n del poste en reversa no puede hacer que el dispositivo se mueva en reversa.<\/p>\n<div class=\"xiaoshujiang_element xsj_anchor\"><a class=\"blank_anchor_name\" name=\"easy20lock20features_6\"><\/a><a id=\"easy20lock20features_6\" class=\"blank_anchor_id\"><\/a><a class=\"blank_anchor_name\" name=\"easy-lock-features\"><\/a><a id=\"easy-lock-features\" class=\"blank_anchor_id\"><\/a><\/div>\n<h3 id=\"easy20lock20features_6\" class=\"xsj_heading_hash xsj_heading xsj_heading_h3\" data-source-line=\"95\" data-source-line-display=\"true\"><span class=\"xsj_heading_content\">Caracter\u00edsticas de las abrazaderas de acci\u00f3n r\u00e1pida (bloqueo f\u00e1cil)<\/span><\/h3>\n<p class=\"xsj_paragraph xsj_paragraph_level_0\" data-source-line=\"97\" data-source-line-display=\"true\">Bloqueo f\u00e1cil: seguro, r\u00e1pido, fiable, r\u00e1pido<br \/>\ntiempos de cambio m\u00e1s cortos posibles<br \/>\ntambi\u00e9n adecuado para aplicaciones est\u00e1ticas<br \/>\nLa construcci\u00f3n modular garantiza una adaptaci\u00f3n sencilla a la tarea en cuesti\u00f3n<br \/>\nno se requieren herramientas<br \/>\noperaci\u00f3n con una sola mano<br \/>\nAltas fuerzas de sujeci\u00f3n en un eje liso<br \/>\ntambi\u00e9n ideal para usar con ejes accionados<br \/>\nTransmisi\u00f3n sencilla de los momentos de frenado al rollo o bobina: paradas de emergencia seguras<br \/>\ndise\u00f1o compacto y sim\u00e9trico<br \/>\nlibre de mantenimiento<br \/>\nresistente a las vibraciones<\/p>\n<p data-source-line=\"97\" data-source-line-display=\"true\"><img fetchpriority=\"high\" decoding=\"async\" class=\"alignnone wp-image-28698 size-full\" src=\"https:\/\/rollingringdrives.com\/wp-content\/uploads\/2023\/07\/SS-12.jpg\" alt=\"SS-12\" width=\"400\" height=\"400\" srcset=\"https:\/\/rollingringdrives.com\/wp-content\/uploads\/2023\/07\/SS-12.jpg 400w, https:\/\/rollingringdrives.com\/wp-content\/uploads\/2023\/07\/SS-12-300x300.jpg 300w, https:\/\/rollingringdrives.com\/wp-content\/uploads\/2023\/07\/SS-12-150x150.jpg 150w, https:\/\/rollingringdrives.com\/wp-content\/uploads\/2023\/07\/SS-12-12x12.jpg 12w, https:\/\/rollingringdrives.com\/wp-content\/uploads\/2023\/07\/SS-12-100x100.jpg 100w\" sizes=\"(max-width: 400px) 100vw, 400px\" \/><img decoding=\"async\" class=\"alignnone wp-image-28699 size-full\" src=\"https:\/\/rollingringdrives.com\/wp-content\/uploads\/2023\/07\/SS-15.jpg\" alt=\"SS-15\" width=\"400\" height=\"400\" srcset=\"https:\/\/rollingringdrives.com\/wp-content\/uploads\/2023\/07\/SS-15.jpg 400w, https:\/\/rollingringdrives.com\/wp-content\/uploads\/2023\/07\/SS-15-300x300.jpg 300w, https:\/\/rollingringdrives.com\/wp-content\/uploads\/2023\/07\/SS-15-150x150.jpg 150w, https:\/\/rollingringdrives.com\/wp-content\/uploads\/2023\/07\/SS-15-12x12.jpg 12w, https:\/\/rollingringdrives.com\/wp-content\/uploads\/2023\/07\/SS-15-100x100.jpg 100w\" sizes=\"(max-width: 400px) 100vw, 400px\" \/><img decoding=\"async\" class=\"alignnone wp-image-28695 size-full\" src=\"https:\/\/rollingringdrives.com\/wp-content\/uploads\/2023\/07\/SL-20.jpg\" alt=\"SL-20\" width=\"400\" height=\"400\" srcset=\"https:\/\/rollingringdrives.com\/wp-content\/uploads\/2023\/07\/SL-20.jpg 400w, https:\/\/rollingringdrives.com\/wp-content\/uploads\/2023\/07\/SL-20-300x300.jpg 300w, https:\/\/rollingringdrives.com\/wp-content\/uploads\/2023\/07\/SL-20-150x150.jpg 150w, https:\/\/rollingringdrives.com\/wp-content\/uploads\/2023\/07\/SL-20-12x12.jpg 12w, https:\/\/rollingringdrives.com\/wp-content\/uploads\/2023\/07\/SL-20-100x100.jpg 100w\" sizes=\"(max-width: 400px) 100vw, 400px\" \/> <img loading=\"lazy\" decoding=\"async\" class=\"alignnone size-medium wp-image-28696\" src=\"https:\/\/rollingringdrives.com\/wp-content\/uploads\/2023\/07\/SL-25-300x300.jpg\" alt=\"SL-25\" width=\"300\" height=\"300\" srcset=\"https:\/\/rollingringdrives.com\/wp-content\/uploads\/2023\/07\/SL-25-300x300.jpg 300w, https:\/\/rollingringdrives.com\/wp-content\/uploads\/2023\/07\/SL-25-150x150.jpg 150w, https:\/\/rollingringdrives.com\/wp-content\/uploads\/2023\/07\/SL-25-12x12.jpg 12w, https:\/\/rollingringdrives.com\/wp-content\/uploads\/2023\/07\/SL-25-100x100.jpg 100w, https:\/\/rollingringdrives.com\/wp-content\/uploads\/2023\/07\/SL-25.jpg 400w\" sizes=\"(max-width: 300px) 100vw, 300px\" \/> <img loading=\"lazy\" decoding=\"async\" class=\"alignnone size-medium wp-image-28697\" src=\"https:\/\/rollingringdrives.com\/wp-content\/uploads\/2023\/07\/SL-30-300x300.jpg\" alt=\"SL-30\" width=\"300\" height=\"300\" srcset=\"https:\/\/rollingringdrives.com\/wp-content\/uploads\/2023\/07\/SL-30-300x300.jpg 300w, https:\/\/rollingringdrives.com\/wp-content\/uploads\/2023\/07\/SL-30-150x150.jpg 150w, https:\/\/rollingringdrives.com\/wp-content\/uploads\/2023\/07\/SL-30-12x12.jpg 12w, https:\/\/rollingringdrives.com\/wp-content\/uploads\/2023\/07\/SL-30-100x100.jpg 100w, https:\/\/rollingringdrives.com\/wp-content\/uploads\/2023\/07\/SL-30.jpg 400w\" sizes=\"(max-width: 300px) 100vw, 300px\" \/><\/p>\n<p data-source-line=\"97\" data-source-line-display=\"true\"><img loading=\"lazy\" decoding=\"async\" class=\"alignnone wp-image-28581 size-large\" src=\"https:\/\/rollingringdrives.com\/wp-content\/uploads\/2023\/07\/\u672a\u547d\u540d\u7684\u8bbe\u8ba1-19-1024x533.jpg\" alt=\"\" width=\"1024\" height=\"533\" srcset=\"https:\/\/rollingringdrives.com\/wp-content\/uploads\/2023\/07\/\u672a\u547d\u540d\u7684\u8bbe\u8ba1-19-1024x533.jpg 1024w, https:\/\/rollingringdrives.com\/wp-content\/uploads\/2023\/07\/\u672a\u547d\u540d\u7684\u8bbe\u8ba1-19-300x156.jpg 300w, https:\/\/rollingringdrives.com\/wp-content\/uploads\/2023\/07\/\u672a\u547d\u540d\u7684\u8bbe\u8ba1-19-768x400.jpg 768w, https:\/\/rollingringdrives.com\/wp-content\/uploads\/2023\/07\/\u672a\u547d\u540d\u7684\u8bbe\u8ba1-19-18x9.jpg 18w, https:\/\/rollingringdrives.com\/wp-content\/uploads\/2023\/07\/\u672a\u547d\u540d\u7684\u8bbe\u8ba1-19-600x312.jpg 600w, https:\/\/rollingringdrives.com\/wp-content\/uploads\/2023\/07\/\u672a\u547d\u540d\u7684\u8bbe\u8ba1-19.jpg 1345w\" sizes=\"(max-width: 1024px) 100vw, 1024px\" \/><\/p>\n<p data-source-line=\"97\" data-source-line-display=\"true\">","protected":false},"excerpt":{"rendered":"<p>Significado de las letras del modelo de producto:<br \/>\n1. F=r\u00e1pido\/R\u00e1pido<br \/>\n2. L = bloqueo<br \/>\n3. H=agujero<br \/>\n4. T = punta<br \/>\n5. M=metal<br \/>\n6. S= con resorte<br \/>\n7. B = rodamiento de agujas<br \/>\n8. R= Giratorio<br \/>\nPor ejemplo FLB-20-SMT<br \/>\nEl extremo delantero tiene un di\u00e1metro de eje de rodamiento de agujas de 20,<br \/>\nEl extremo posterior es un cono de punta de metal con un resorte.<\/p>","protected":false},"featured_media":28698,"template":"","meta":{"site-sidebar-layout":"default","site-content-layout":"default","ast-global-header-display":"","ast-banner-title-visibility":"","ast-main-header-display":"","ast-hfb-above-header-display":"","ast-hfb-below-header-display":"","ast-hfb-mobile-header-display":"","site-post-title":"","ast-breadcrumbs-content":"","ast-featured-img":"","footer-sml-layout":"","theme-transparent-header-meta":"default","adv-header-id-meta":"","stick-header-meta":"","header-above-stick-meta":"","header-main-stick-meta":"","header-below-stick-meta":""},"product_brand":[],"product_cat":[79,93],"product_tag":[],"class_list":{"0":"post-28701","1":"product","2":"type-product","3":"status-publish","4":"has-post-thumbnail","6":"product_cat-easylock","7":"product_cat-sl-ss","8":"desktop-align-left","9":"tablet-align-left","10":"mobile-align-left","12":"first","13":"instock","14":"shipping-taxable","15":"product-type-simple"},"yoast_head":"<!-- This site is optimized with the Yoast SEO Premium plugin v20.12 (Yoast SEO v26.0) - https:\/\/yoast.com\/wordpress\/plugins\/seo\/ -->\n<title>Easylock SS-12, SS-15, SS-30 for Take Up Machine - QiPang<\/title>\n<meta name=\"robots\" content=\"index, follow, max-snippet:-1, max-image-preview:large, max-video-preview:-1\" \/>\n<link rel=\"canonical\" href=\"https:\/\/rollingringdrives.com\/es\/producto\/easylock-ss-12-ss-15-ss-30-for-take-up-machine\/\" \/>\n<meta property=\"og:locale\" content=\"es_MX\" \/>\n<meta property=\"og:type\" content=\"article\" \/>\n<meta property=\"og:title\" content=\"Easylock SS-12, SS-15, SS-30 for Take Up Machine\" \/>\n<meta property=\"og:description\" content=\"Meaning of commodity model letters: 1. F=fast\/Quick 2. L=lock 3. H=hole 4. T=tip 5. M= metal 6. S= with spring 7. B= needle roller bearing 8. R= Rotary For example FLB-20-SMT The front end has a needle-bearing shaft diameter of 20, The back end is a metal tip cone with a spring.\" \/>\n<meta property=\"og:url\" content=\"https:\/\/rollingringdrives.com\/es\/producto\/easylock-ss-12-ss-15-ss-30-for-take-up-machine\/\" \/>\n<meta property=\"og:site_name\" content=\"QiPang\" \/>\n<meta property=\"article:modified_time\" content=\"2023-07-27T12:32:30+00:00\" \/>\n<meta property=\"og:image\" content=\"https:\/\/rollingringdrives.com\/wp-content\/uploads\/2023\/07\/SS-12.jpg\" \/>\n\t<meta property=\"og:image:width\" content=\"400\" \/>\n\t<meta property=\"og:image:height\" content=\"400\" \/>\n\t<meta property=\"og:image:type\" content=\"image\/jpeg\" \/>\n<meta name=\"twitter:card\" content=\"summary_large_image\" \/>\n<meta name=\"twitter:label1\" content=\"Tiempo de lectura\" \/>\n\t<meta name=\"twitter:data1\" content=\"2 minutos\" \/>\n<script type=\"application\/ld+json\" class=\"yoast-schema-graph\">{\"@context\":\"https:\/\/schema.org\",\"@graph\":[{\"@type\":\"WebPage\",\"@id\":\"https:\/\/rollingringdrives.com\/product\/easylock-ss-12-ss-15-ss-30-for-take-up-machine\/\",\"url\":\"https:\/\/rollingringdrives.com\/product\/easylock-ss-12-ss-15-ss-30-for-take-up-machine\/\",\"name\":\"Easylock SS-12, SS-15, SS-30 for Take Up Machine - QiPang\",\"isPartOf\":{\"@id\":\"https:\/\/rollingringdrives.com\/#website\"},\"primaryImageOfPage\":{\"@id\":\"https:\/\/rollingringdrives.com\/product\/easylock-ss-12-ss-15-ss-30-for-take-up-machine\/#primaryimage\"},\"image\":{\"@id\":\"https:\/\/rollingringdrives.com\/product\/easylock-ss-12-ss-15-ss-30-for-take-up-machine\/#primaryimage\"},\"thumbnailUrl\":\"https:\/\/rollingringdrives.com\/wp-content\/uploads\/2023\/07\/SS-12.jpg\",\"datePublished\":\"2023-07-27T12:32:29+00:00\",\"dateModified\":\"2023-07-27T12:32:30+00:00\",\"breadcrumb\":{\"@id\":\"https:\/\/rollingringdrives.com\/product\/easylock-ss-12-ss-15-ss-30-for-take-up-machine\/#breadcrumb\"},\"inLanguage\":\"es\",\"potentialAction\":[{\"@type\":\"ReadAction\",\"target\":[\"https:\/\/rollingringdrives.com\/product\/easylock-ss-12-ss-15-ss-30-for-take-up-machine\/\"]}]},{\"@type\":\"ImageObject\",\"inLanguage\":\"es\",\"@id\":\"https:\/\/rollingringdrives.com\/product\/easylock-ss-12-ss-15-ss-30-for-take-up-machine\/#primaryimage\",\"url\":\"https:\/\/rollingringdrives.com\/wp-content\/uploads\/2023\/07\/SS-12.jpg\",\"contentUrl\":\"https:\/\/rollingringdrives.com\/wp-content\/uploads\/2023\/07\/SS-12.jpg\",\"width\":400,\"height\":400,\"caption\":\"SS-12\"},{\"@type\":\"BreadcrumbList\",\"@id\":\"https:\/\/rollingringdrives.com\/product\/easylock-ss-12-ss-15-ss-30-for-take-up-machine\/#breadcrumb\",\"itemListElement\":[{\"@type\":\"ListItem\",\"position\":1,\"name\":\"Home\",\"item\":\"https:\/\/rollingringdrives.com\/\"},{\"@type\":\"ListItem\",\"position\":2,\"name\":\"Machines\",\"item\":\"https:\/\/rollingringdrives.com\/machines\/\"},{\"@type\":\"ListItem\",\"position\":3,\"name\":\"Easylock SS-12, SS-15, SS-30 for Take Up Machine\"}]},{\"@type\":\"WebSite\",\"@id\":\"https:\/\/rollingringdrives.com\/#website\",\"url\":\"https:\/\/rollingringdrives.com\/\",\"name\":\"QiPang\",\"description\":\"QiPang Blog\",\"publisher\":{\"@id\":\"https:\/\/rollingringdrives.com\/#organization\"},\"potentialAction\":[{\"@type\":\"SearchAction\",\"target\":{\"@type\":\"EntryPoint\",\"urlTemplate\":\"https:\/\/rollingringdrives.com\/?s={search_term_string}\"},\"query-input\":{\"@type\":\"PropertyValueSpecification\",\"valueRequired\":true,\"valueName\":\"search_term_string\"}}],\"inLanguage\":\"es\"},{\"@type\":\"Organization\",\"@id\":\"https:\/\/rollingringdrives.com\/#organization\",\"name\":\"QiPang\",\"url\":\"https:\/\/rollingringdrives.com\/\",\"logo\":{\"@type\":\"ImageObject\",\"inLanguage\":\"es\",\"@id\":\"https:\/\/rollingringdrives.com\/#\/schema\/logo\/image\/\",\"url\":\"https:\/\/rollingringdrives.com\/wp-content\/uploads\/2023\/05\/cropped-\u672a\u547d\u540d\u7684\u8bbe\u8ba1.png\",\"contentUrl\":\"https:\/\/rollingringdrives.com\/wp-content\/uploads\/2023\/05\/cropped-\u672a\u547d\u540d\u7684\u8bbe\u8ba1.png\",\"width\":300,\"height\":191,\"caption\":\"QiPang\"},\"image\":{\"@id\":\"https:\/\/rollingringdrives.com\/#\/schema\/logo\/image\/\"}}]}<\/script>\n<!-- \/ Yoast SEO Premium plugin. -->","yoast_head_json":{"title":"Easylock SS-12, SS-15, SS-30 para m\u00e1quina de recogida - QiPang","robots":{"index":"index","follow":"follow","max-snippet":"max-snippet:-1","max-image-preview":"max-image-preview:large","max-video-preview":"max-video-preview:-1"},"canonical":"https:\/\/rollingringdrives.com\/es\/producto\/easylock-ss-12-ss-15-ss-30-for-take-up-machine\/","og_locale":"es_MX","og_type":"article","og_title":"Easylock SS-12, SS-15, SS-30 for Take Up Machine","og_description":"Meaning of commodity model letters: 1. F=fast\/Quick 2. L=lock 3. H=hole 4. T=tip 5. M= metal 6. S= with spring 7. B= needle roller bearing 8. R= Rotary For example FLB-20-SMT The front end has a needle-bearing shaft diameter of 20, The back end is a metal tip cone with a spring.","og_url":"https:\/\/rollingringdrives.com\/es\/producto\/easylock-ss-12-ss-15-ss-30-for-take-up-machine\/","og_site_name":"QiPang","article_modified_time":"2023-07-27T12:32:30+00:00","og_image":[{"width":400,"height":400,"url":"https:\/\/rollingringdrives.com\/wp-content\/uploads\/2023\/07\/SS-12.jpg","type":"image\/jpeg"}],"twitter_card":"summary_large_image","twitter_misc":{"Tiempo de lectura":"2 minutos"},"schema":{"@context":"https:\/\/schema.org","@graph":[{"@type":"WebPage","@id":"https:\/\/rollingringdrives.com\/product\/easylock-ss-12-ss-15-ss-30-for-take-up-machine\/","url":"https:\/\/rollingringdrives.com\/product\/easylock-ss-12-ss-15-ss-30-for-take-up-machine\/","name":"Easylock SS-12, SS-15, SS-30 para m\u00e1quina de recogida - QiPang","isPartOf":{"@id":"https:\/\/rollingringdrives.com\/#website"},"primaryImageOfPage":{"@id":"https:\/\/rollingringdrives.com\/product\/easylock-ss-12-ss-15-ss-30-for-take-up-machine\/#primaryimage"},"image":{"@id":"https:\/\/rollingringdrives.com\/product\/easylock-ss-12-ss-15-ss-30-for-take-up-machine\/#primaryimage"},"thumbnailUrl":"https:\/\/rollingringdrives.com\/wp-content\/uploads\/2023\/07\/SS-12.jpg","datePublished":"2023-07-27T12:32:29+00:00","dateModified":"2023-07-27T12:32:30+00:00","breadcrumb":{"@id":"https:\/\/rollingringdrives.com\/product\/easylock-ss-12-ss-15-ss-30-for-take-up-machine\/#breadcrumb"},"inLanguage":"es","potentialAction":[{"@type":"ReadAction","target":["https:\/\/rollingringdrives.com\/product\/easylock-ss-12-ss-15-ss-30-for-take-up-machine\/"]}]},{"@type":"ImageObject","inLanguage":"es","@id":"https:\/\/rollingringdrives.com\/product\/easylock-ss-12-ss-15-ss-30-for-take-up-machine\/#primaryimage","url":"https:\/\/rollingringdrives.com\/wp-content\/uploads\/2023\/07\/SS-12.jpg","contentUrl":"https:\/\/rollingringdrives.com\/wp-content\/uploads\/2023\/07\/SS-12.jpg","width":400,"height":400,"caption":"SS-12"},{"@type":"BreadcrumbList","@id":"https:\/\/rollingringdrives.com\/product\/easylock-ss-12-ss-15-ss-30-for-take-up-machine\/#breadcrumb","itemListElement":[{"@type":"ListItem","position":1,"name":"Home","item":"https:\/\/rollingringdrives.com\/"},{"@type":"ListItem","position":2,"name":"Machines","item":"https:\/\/rollingringdrives.com\/machines\/"},{"@type":"ListItem","position":3,"name":"Easylock SS-12, SS-15, SS-30 for Take Up Machine"}]},{"@type":"WebSite","@id":"https:\/\/rollingringdrives.com\/#website","url":"https:\/\/rollingringdrives.com\/","name":"Qi Pang","description":"Blog QiPang","publisher":{"@id":"https:\/\/rollingringdrives.com\/#organization"},"potentialAction":[{"@type":"SearchAction","target":{"@type":"EntryPoint","urlTemplate":"https:\/\/rollingringdrives.com\/?s={search_term_string}"},"query-input":{"@type":"PropertyValueSpecification","valueRequired":true,"valueName":"search_term_string"}}],"inLanguage":"es"},{"@type":"Organization","@id":"https:\/\/rollingringdrives.com\/#organization","name":"Qi Pang","url":"https:\/\/rollingringdrives.com\/","logo":{"@type":"ImageObject","inLanguage":"es","@id":"https:\/\/rollingringdrives.com\/#\/schema\/logo\/image\/","url":"https:\/\/rollingringdrives.com\/wp-content\/uploads\/2023\/05\/cropped-\u672a\u547d\u540d\u7684\u8bbe\u8ba1.png","contentUrl":"https:\/\/rollingringdrives.com\/wp-content\/uploads\/2023\/05\/cropped-\u672a\u547d\u540d\u7684\u8bbe\u8ba1.png","width":300,"height":191,"caption":"QiPang"},"image":{"@id":"https:\/\/rollingringdrives.com\/#\/schema\/logo\/image\/"}}]}},"_links":{"self":[{"href":"https:\/\/rollingringdrives.com\/es\/wp-json\/wp\/v2\/product\/28701","targetHints":{"allow":["GET"]}}],"collection":[{"href":"https:\/\/rollingringdrives.com\/es\/wp-json\/wp\/v2\/product"}],"about":[{"href":"https:\/\/rollingringdrives.com\/es\/wp-json\/wp\/v2\/types\/product"}],"version-history":[{"count":0,"href":"https:\/\/rollingringdrives.com\/es\/wp-json\/wp\/v2\/product\/28701\/revisions"}],"wp:featuredmedia":[{"embeddable":true,"href":"https:\/\/rollingringdrives.com\/es\/wp-json\/wp\/v2\/media\/28698"}],"wp:attachment":[{"href":"https:\/\/rollingringdrives.com\/es\/wp-json\/wp\/v2\/media?parent=28701"}],"wp:term":[{"taxonomy":"product_brand","embeddable":true,"href":"https:\/\/rollingringdrives.com\/es\/wp-json\/wp\/v2\/product_brand?post=28701"},{"taxonomy":"product_cat","embeddable":true,"href":"https:\/\/rollingringdrives.com\/es\/wp-json\/wp\/v2\/product_cat?post=28701"},{"taxonomy":"product_tag","embeddable":true,"href":"https:\/\/rollingringdrives.com\/es\/wp-json\/wp\/v2\/product_tag?post=28701"}],"curies":[{"name":"wp","href":"https:\/\/api.w.org\/{rel}","templated":true}]}}