{"id":29177,"date":"2023-08-26T07:01:34","date_gmt":"2023-08-26T07:01:34","guid":{"rendered":"https:\/\/rollingringdrives.com\/?post_type=product&#038;p=29177"},"modified":"2026-01-13T03:09:20","modified_gmt":"2026-01-13T03:09:20","slug":"adjustable-fast-coiling-head","status":"publish","type":"product","link":"https:\/\/rollingringdrives.com\/es\/producto\/cabezal-de-enrollamiento-rapido-ajustable\/","title":{"rendered":"Cabezal de enrollado r\u00e1pido de cables ajustable"},"content":{"rendered":"<p data-source-line=\"0\" data-source-line-display=\"true\">Shanghai Qipang se dedica a la investigaci\u00f3n, el desarrollo y la fabricaci\u00f3n de <strong>cabezales de bobina de cable.<\/strong>Ofrecemos tres series de enrolladores plegables: de nylon, r\u00e1pidos y de estilo japon\u00e9s, que se adaptan con precisi\u00f3n a los requisitos de procesamiento de diferentes alambres, velocidades y precisi\u00f3n, ayud\u00e1ndole a lograr una producci\u00f3n eficiente.<\/p>\n<p data-source-line=\"0\" data-source-line-display=\"true\">El dispositivo est\u00e1 dise\u00f1ado para enrollar uniformemente cables o alambres en una bobina. Los enrolladores plegables est\u00e1n dise\u00f1ados para su uso con nuestra maquinaria de enrollado con y sin eje. Se conectan y desmontan f\u00e1cilmente, ahorrando muchas horas de trabajo. Estos enrolladores est\u00e1n disponibles en varios tama\u00f1os est\u00e1ndar<\/p>\n<div class=\"xiaoshujiang_element xsj_anchor\"><a class=\"blank_anchor_name\" name=\"main20features_2\"><\/a><a id=\"main20features_2\" class=\"blank_anchor_id\"><\/a><a class=\"blank_anchor_name\" name=\"main-features\"><\/a><a id=\"main-features\" class=\"blank_anchor_id\"><\/a><\/div>\n<h3 id=\"main20features_2\" class=\"xsj_heading_hash xsj_heading xsj_heading_h3\" data-source-line=\"4\" data-source-line-display=\"true\"><span class=\"xsj_heading_content\">Principales caracter\u00edsticas<\/span><\/h3>\n<p>1. Apriete autom\u00e1tico y la placa de batido r\u00e1pido se puede completar en 2-3 segundos. 2. Despu\u00e9s de la liquidaci\u00f3n del alambre atado en la m\u00e1quina y se puede quitar f\u00e1cilmente. 2. F\u00e1cil de operar.<br \/>\n2. La posici\u00f3n del port\u00f3n trasero del cargador r\u00e1pido puede ajustarse desliz\u00e1ndolo libremente, lo que puede satisfacer los requisitos de<br \/>\ndiferentes alturas de perforaci\u00f3n.<br \/>\n3. La altura de los 3 deflectores se puede personalizar seg\u00fan los requisitos de diferentes tama\u00f1os.<br \/>\n4. Altura de la brida: 40-200 mm<br \/>\n5. N\u00famero de ranuras: 3 ranuras<\/p>\n<div class=\"ast-oembed-container\" style=\"height: 100%;\"><iframe title=\"\u00bfc\u00f3mo utilizar el cabezal de bobina fast cable?\" width=\"422\" height=\"750\" src=\"https:\/\/www.youtube.com\/embed\/KXU4RQp2Ryk?feature=oembed\" frameborder=\"0\" allow=\"accelerometer; autoplay; clipboard-write; encrypted-media; gyroscope; picture-in-picture; web-share\" referrerpolicy=\"strict-origin-when-cross-origin\" allowfullscreen><\/iframe><\/div>\n<p>&nbsp;<\/p>\n<h3 id=\"product20parameters_2\" class=\"xsj_heading_hash xsj_heading xsj_heading_h3\" data-source-line=\"4\" data-source-line-display=\"true\"><span class=\"xsj_heading_content\">Par\u00e1metros del cabezal de la bobina de cable<\/span><\/h3>\n<p><strong>En la tabla encontrar\u00e1 nuestros tama\u00f1os est\u00e1ndar. Adem\u00e1s, tambi\u00e9n podemos personalizar seg\u00fan los tama\u00f1os proporcionados por los clientes.<\/strong><\/p>\n<p><img fetchpriority=\"high\" decoding=\"async\" class=\"alignnone wp-image-29184 size-full\" src=\"https:\/\/rollingringdrives.com\/wp-content\/uploads\/2023\/08\/af7b788ce163cc151f4e0f0748da4df.png\" alt=\"\" width=\"891\" height=\"500\" srcset=\"https:\/\/rollingringdrives.com\/wp-content\/uploads\/2023\/08\/af7b788ce163cc151f4e0f0748da4df.png 891w, https:\/\/rollingringdrives.com\/wp-content\/uploads\/2023\/08\/af7b788ce163cc151f4e0f0748da4df-300x168.png 300w, https:\/\/rollingringdrives.com\/wp-content\/uploads\/2023\/08\/af7b788ce163cc151f4e0f0748da4df-768x431.png 768w, https:\/\/rollingringdrives.com\/wp-content\/uploads\/2023\/08\/af7b788ce163cc151f4e0f0748da4df-18x10.png 18w, https:\/\/rollingringdrives.com\/wp-content\/uploads\/2023\/08\/af7b788ce163cc151f4e0f0748da4df-600x337.png 600w\" sizes=\"(max-width: 891px) 100vw, 891px\" \/><div id=\"footable_parent_32807\"\n         class=\"footable_parent ninja_table_wrapper loading_ninja_table wp_table_data_press_parent semantic_ui\">\n                <table data-ninja_table_instance=\"ninja_table_instance_0\" data-footable_id=\"32807\" data-filter-delay=\"1000\" aria-label=\"cabeza bobina rapida.csv\"            id=\"footable_32807\"\n           data-unique_identifier=\"ninja_table_unique_id_1254577013_32807\"\n           class=\"foo-table ninja_footable foo_table_32807 ninja_table_unique_id_1254577013_32807 ui table  ninja_search_right nt_type_legacy_table selectable celled striped vertical_centered  footable-paging-right ninja_table_pro\">\n                <colgroup>\n                            <col class=\"ninja_column_0\">\n                            <col class=\"ninja_column_1\">\n                            <col class=\"ninja_column_2\">\n                    <\/colgroup>\n        <thead>\n<tr class=\"footable-header\">\n                                                        <th scope=\"col\"  class=\"ninja_column_0 ninja_clmn_nm_innerdiameter\">Di\u00e1metro interior<\/th><th scope=\"col\"  class=\"ninja_column_1 ninja_clmn_nm_adjustablewidth\">Anchura ajustable<\/th><th scope=\"col\"  class=\"ninja_column_2 ninja_clmn_nm_outerdiameter\">Di\u00e1metro exterior<\/th><\/tr>\n<\/thead>\n<tbody>\n\n        <tr data-row_id=\"2156\" class=\"ninja_table_row_0 nt_row_id_2156\">\n            <td>100 mm (3,937\")<\/td><td>40-100 mm (1,575\" - 3,937\")<\/td><td>320 mm (12,598\")<\/td>        <\/tr>\n            <tr data-row_id=\"2157\" class=\"ninja_table_row_1 nt_row_id_2157\">\n            <td>120 mm (4,724\")<\/td><td>35-100 mm (1,378\" - 3,937\")<\/td><td>320 mm (12,598\")<\/td>        <\/tr>\n            <tr data-row_id=\"2158\" class=\"ninja_table_row_2 nt_row_id_2158\">\n            <td>130 mm (5,118\")<\/td><td>35-100 mm (1,378\" - 3,937\")<\/td><td>320 mm (12,598\")<\/td>        <\/tr>\n            <tr data-row_id=\"2159\" class=\"ninja_table_row_3 nt_row_id_2159\">\n            <td>140 mm (5,512\")<\/td><td>35-100 mm (1,378\" - 3,937\")<\/td><td>400 mm (15,748\")<\/td>        <\/tr>\n            <tr data-row_id=\"2160\" class=\"ninja_table_row_4 nt_row_id_2160\">\n            <td>140 mm (5,512\")<\/td><td>60-140 mm (2,362\" - 5,512\")<\/td><td>400 mm (15,748\")<\/td>        <\/tr>\n            <tr data-row_id=\"2161\" class=\"ninja_table_row_5 nt_row_id_2161\">\n            <td>150 mm (5,906\")<\/td><td>35-100 mm (1,378\" - 3,937\")<\/td><td>400 mm (15,748\")<\/td>        <\/tr>\n            <tr data-row_id=\"2162\" class=\"ninja_table_row_6 nt_row_id_2162\">\n            <td>160 mm (6,299\")<\/td><td>35-100 mm (1,378\" - 3,937\")<\/td><td>400 mm (15,748\")<\/td>        <\/tr>\n            <tr data-row_id=\"2163\" class=\"ninja_table_row_7 nt_row_id_2163\">\n            <td>160 mm (6,299\")<\/td><td>60-140 mm (2,362\" - 5,512\")<\/td><td>400 mm (15,748\")<\/td>        <\/tr>\n            <tr data-row_id=\"2164\" class=\"ninja_table_row_8 nt_row_id_2164\">\n            <td>180 mm (7,087\")<\/td><td>75-150 mm (2,953\" - 5,906\")<\/td><td>500 mm (19,685\")<\/td>        <\/tr>\n            <tr data-row_id=\"2165\" class=\"ninja_table_row_9 nt_row_id_2165\">\n            <td>200 mm (7,874\")<\/td><td>75-150 mm (1,575\" - 3,937\")<\/td><td>500 mm (19,685\")<\/td>        <\/tr>\n            <tr data-row_id=\"2166\" class=\"ninja_table_row_10 nt_row_id_2166\">\n            <td>200 mm (7,874\")<\/td><td>100-200 mm (3,937\" - 7,874\")<\/td><td>500 mm (19,685\")<\/td>        <\/tr>\n            <tr data-row_id=\"2167\" class=\"ninja_table_row_11 nt_row_id_2167\">\n            <td>250 mm (9,843\")<\/td><td>100-200 mm (3,937\" - 7,874\")<\/td><td>500 mm (19,685\")<\/td>        <\/tr>\n            <tr data-row_id=\"2168\" class=\"ninja_table_row_12 nt_row_id_2168\">\n            <td>300 mm (11,811\")<\/td><td>140-250 mm (5,512\" - 9,843\"\")<\/td><td>500 mm (19,685\")<\/td>        <\/tr>\n            <tr data-row_id=\"2169\" class=\"ninja_table_row_13 nt_row_id_2169\">\n            <td>80\/90 mm (3,150\" \/ 3,543\")<\/td><td>40-100 mm (1,575\" - 3,937\")<\/td><td>320 mm (12,598\")<\/td>        <\/tr>\n    <\/tbody><!--ninja_tobody_rendering_done-->\n    <\/table>\n    \n    \n    \n<\/div>\n<\/p>\n<h3 id=\"product20details20display_1\" class=\"xsj_heading_hash xsj_heading xsj_heading_h3\" data-source-line=\"0\" data-source-line-display=\"true\"><span class=\"xsj_heading_content\">Pantalla de detalles de la cabeza de la bobina:<\/span><\/h3>\n<p class=\"xsj_paragraph xsj_paragraph_level_0\" data-source-line=\"2\" data-source-line-display=\"true\">La superficie del cabezal de bobinado r\u00e1pido ajustado es de galvanoplastia multicapa y la superficie es hermosa y lisa.<br \/>\nEl deflector se puede ajustar en ancho y se puede quitar en sentido antihorario.<\/p>\n<ul class=\"markdown_ul\" data-source-line=\"0\">\n<li data-source-line=\"0\">Desmontaje r\u00e1pido<\/li>\n<li data-source-line=\"1\">F\u00e1cil instalaci\u00f3n<\/li>\n<li data-source-line=\"2\">Ancho ajustable<\/li>\n<\/ul>\n<h2>Composici\u00f3n del cabezal de la bobina de cable<\/h2>\n<figure id=\"attachment_32829\" aria-describedby=\"caption-attachment-32829\" style=\"width: 1920px\" class=\"wp-caption alignnone\"><img decoding=\"async\" class=\"size-full wp-image-32829\" src=\"https:\/\/rollingringdrives.com\/wp-content\/uploads\/2023\/08\/721918e5568bb955194b5f3dd75c98cb.jpg\" alt=\"cabezal de bobina de cable\" width=\"1920\" height=\"1440\" srcset=\"https:\/\/rollingringdrives.com\/wp-content\/uploads\/2023\/08\/721918e5568bb955194b5f3dd75c98cb.jpg 1920w, https:\/\/rollingringdrives.com\/wp-content\/uploads\/2023\/08\/721918e5568bb955194b5f3dd75c98cb-300x225.jpg 300w, https:\/\/rollingringdrives.com\/wp-content\/uploads\/2023\/08\/721918e5568bb955194b5f3dd75c98cb-1024x768.jpg 1024w, https:\/\/rollingringdrives.com\/wp-content\/uploads\/2023\/08\/721918e5568bb955194b5f3dd75c98cb-768x576.jpg 768w, https:\/\/rollingringdrives.com\/wp-content\/uploads\/2023\/08\/721918e5568bb955194b5f3dd75c98cb-1536x1152.jpg 1536w, https:\/\/rollingringdrives.com\/wp-content\/uploads\/2023\/08\/721918e5568bb955194b5f3dd75c98cb-16x12.jpg 16w, https:\/\/rollingringdrives.com\/wp-content\/uploads\/2023\/08\/721918e5568bb955194b5f3dd75c98cb-600x450.jpg 600w\" sizes=\"(max-width: 1920px) 100vw, 1920px\" \/><figcaption id=\"caption-attachment-32829\" class=\"wp-caption-text\">cabezal de bobina de cable<\/figcaption><\/figure>\n<p>La brida es opcional. Si ya hay una brida en la m\u00e1quina, puede optar por no comprarla.<\/p>\n<h2>El paquete del cabezal de bobina de cable<\/h2>\n<figure id=\"attachment_32849\" aria-describedby=\"caption-attachment-32849\" style=\"width: 1920px\" class=\"wp-caption alignnone\"><img decoding=\"async\" class=\"size-full wp-image-32849\" src=\"https:\/\/rollingringdrives.com\/wp-content\/uploads\/2023\/08\/368aa8e7c04143b87884485f86e886dd_\u526f\u672c.avif\" alt=\"paquete de cabezal de bobina\" width=\"1920\" height=\"1440\" srcset=\"https:\/\/rollingringdrives.com\/wp-content\/uploads\/2023\/08\/368aa8e7c04143b87884485f86e886dd_\u526f\u672c.avif 1920w, https:\/\/rollingringdrives.com\/wp-content\/uploads\/2023\/08\/368aa8e7c04143b87884485f86e886dd_\u526f\u672c-300x225.avif 300w, https:\/\/rollingringdrives.com\/wp-content\/uploads\/2023\/08\/368aa8e7c04143b87884485f86e886dd_\u526f\u672c-1024x768.avif 1024w, https:\/\/rollingringdrives.com\/wp-content\/uploads\/2023\/08\/368aa8e7c04143b87884485f86e886dd_\u526f\u672c-768x576.avif 768w, https:\/\/rollingringdrives.com\/wp-content\/uploads\/2023\/08\/368aa8e7c04143b87884485f86e886dd_\u526f\u672c-1536x1152.avif 1536w, https:\/\/rollingringdrives.com\/wp-content\/uploads\/2023\/08\/368aa8e7c04143b87884485f86e886dd_\u526f\u672c-16x12.avif 16w, https:\/\/rollingringdrives.com\/wp-content\/uploads\/2023\/08\/368aa8e7c04143b87884485f86e886dd_\u526f\u672c-600x450.avif 600w\" sizes=\"(max-width: 1920px) 100vw, 1920px\" \/><figcaption id=\"caption-attachment-32849\" class=\"wp-caption-text\">paquete de cabezal de bobina<\/figcaption><\/figure>","protected":false},"excerpt":{"rendered":"<p class=\"xsj_paragraph xsj_paragraph_level_0\" data-source-line=\"0\" data-source-line-display=\"true\">QIPANG fabricado bobinador de placa lateral es un producto excepcional que cuenta con ranuras de amarre, brida exterior de liberaci\u00f3n r\u00e1pida, tambi\u00e9n apoyamos la personalizaci\u00f3n del di\u00e1metro interior c\u00f3nico. Durante el bobinado, el n\u00facleo interno se expande significativamente, mientras que durante el desenrollado, el n\u00facleo interno se contrae. Este dise\u00f1o permite una extracci\u00f3n r\u00e1pida y c\u00f3moda de la l\u00ednea en s\u00f3lo 3 segundos.<\/p>\n<p class=\"xsj_paragraph xsj_paragraph_level_0\" data-source-line=\"0\" data-source-line-display=\"true\">Caracter\u00edstica<br \/>\nDisposici\u00f3n eficaz de los cables: Capaz de organizar r\u00e1pida y uniformemente alambres y cables en bucles, adecuado para operaciones de alta velocidad en l\u00edneas de producci\u00f3n.<br \/>\nControl preciso de la tensi\u00f3n: Garantiza una tensi\u00f3n estable del hilo durante el funcionamiento a alta velocidad, asegurando un bucle ordenado y sin desenredos.<br \/>\nGran adaptabilidad: Puede ajustar el paso y la anchura de la disposici\u00f3n del alambre de acuerdo con diferentes di\u00e1metros de alambre (cables o alambres finos), con una amplia compatibilidad.<br \/>\nDise\u00f1o estable: Buena calibraci\u00f3n del equilibrio din\u00e1mico, funcionamiento suave y reducci\u00f3n del ruido y las vibraciones.<\/p>","protected":false},"featured_media":32850,"template":"","meta":{"site-sidebar-layout":"default","site-content-layout":"default","ast-global-header-display":"","ast-banner-title-visibility":"","ast-main-header-display":"","ast-hfb-above-header-display":"","ast-hfb-below-header-display":"","ast-hfb-mobile-header-display":"","site-post-title":"","ast-breadcrumbs-content":"","ast-featured-img":"","footer-sml-layout":"","theme-transparent-header-meta":"default","adv-header-id-meta":"","stick-header-meta":"","header-above-stick-meta":"","header-main-stick-meta":"","header-below-stick-meta":""},"product_brand":[],"product_cat":[140],"product_tag":[],"class_list":{"0":"post-29177","1":"product","2":"type-product","3":"status-publish","4":"has-post-thumbnail","6":"product_cat-coil-head","7":"desktop-align-left","8":"tablet-align-left","9":"mobile-align-left","11":"first","12":"instock","13":"shipping-taxable","14":"product-type-simple"},"yoast_head":"<!-- This site is optimized with the Yoast SEO Premium plugin v20.12 (Yoast SEO v26.0) - https:\/\/yoast.com\/wordpress\/plugins\/seo\/ -->\n<title>Adjustable Fast Cable Coiling Head - QiPang<\/title>\n<meta name=\"description\" content=\"This Adjusted Fast Coiling Head equipment is used for 0.5-6mm\u00b2 cable and small section cables&#039; circling and bundling.\" \/>\n<meta name=\"robots\" content=\"index, follow, max-snippet:-1, max-image-preview:large, max-video-preview:-1\" \/>\n<link rel=\"canonical\" href=\"https:\/\/rollingringdrives.com\/es\/producto\/cabezal-de-enrollamiento-rapido-ajustable\/\" \/>\n<meta property=\"og:locale\" content=\"es_MX\" \/>\n<meta property=\"og:type\" content=\"article\" \/>\n<meta property=\"og:title\" content=\"Adjustable Fast Cable Coiling Head\" \/>\n<meta property=\"og:description\" content=\"This Adjusted Fast Coiling Head equipment is used for 0.5-6mm\u00b2 cable and small section cables&#039; circling and bundling.\" \/>\n<meta property=\"og:url\" content=\"https:\/\/rollingringdrives.com\/es\/producto\/cabezal-de-enrollamiento-rapido-ajustable\/\" \/>\n<meta property=\"og:site_name\" content=\"QiPang\" \/>\n<meta property=\"article:modified_time\" content=\"2026-01-13T03:09:20+00:00\" \/>\n<meta name=\"twitter:card\" content=\"summary_large_image\" \/>\n<meta name=\"twitter:label1\" content=\"Tiempo de lectura\" \/>\n\t<meta name=\"twitter:data1\" content=\"3 minutos\" \/>\n<script type=\"application\/ld+json\" class=\"yoast-schema-graph\">{\"@context\":\"https:\/\/schema.org\",\"@graph\":[{\"@type\":\"WebPage\",\"@id\":\"https:\/\/rollingringdrives.com\/product\/adjustable-fast-coiling-head\/\",\"url\":\"https:\/\/rollingringdrives.com\/product\/adjustable-fast-coiling-head\/\",\"name\":\"Adjustable Fast Cable Coiling Head - QiPang\",\"isPartOf\":{\"@id\":\"https:\/\/rollingringdrives.com\/#website\"},\"primaryImageOfPage\":{\"@id\":\"https:\/\/rollingringdrives.com\/product\/adjustable-fast-coiling-head\/#primaryimage\"},\"image\":{\"@id\":\"https:\/\/rollingringdrives.com\/product\/adjustable-fast-coiling-head\/#primaryimage\"},\"thumbnailUrl\":\"https:\/\/rollingringdrives.com\/wp-content\/uploads\/2023\/08\/be7bf9c4-62c6-4d8a-8544-36859d97b8fb_\u526f\u672c-1.avif\",\"datePublished\":\"2023-08-26T07:01:34+00:00\",\"dateModified\":\"2026-01-13T03:09:20+00:00\",\"description\":\"This Adjusted Fast Coiling Head equipment is used for 0.5-6mm\u00b2 cable and small section cables' circling and bundling.\",\"breadcrumb\":{\"@id\":\"https:\/\/rollingringdrives.com\/product\/adjustable-fast-coiling-head\/#breadcrumb\"},\"inLanguage\":\"es\",\"potentialAction\":[{\"@type\":\"ReadAction\",\"target\":[\"https:\/\/rollingringdrives.com\/product\/adjustable-fast-coiling-head\/\"]}]},{\"@type\":\"ImageObject\",\"inLanguage\":\"es\",\"@id\":\"https:\/\/rollingringdrives.com\/product\/adjustable-fast-coiling-head\/#primaryimage\",\"url\":\"https:\/\/rollingringdrives.com\/wp-content\/uploads\/2023\/08\/be7bf9c4-62c6-4d8a-8544-36859d97b8fb_\u526f\u672c-1.avif\",\"contentUrl\":\"https:\/\/rollingringdrives.com\/wp-content\/uploads\/2023\/08\/be7bf9c4-62c6-4d8a-8544-36859d97b8fb_\u526f\u672c-1.avif\",\"width\":2048,\"height\":2048,\"caption\":\"fast cable coiling head\"},{\"@type\":\"BreadcrumbList\",\"@id\":\"https:\/\/rollingringdrives.com\/product\/adjustable-fast-coiling-head\/#breadcrumb\",\"itemListElement\":[{\"@type\":\"ListItem\",\"position\":1,\"name\":\"Home\",\"item\":\"https:\/\/rollingringdrives.com\/\"},{\"@type\":\"ListItem\",\"position\":2,\"name\":\"Machines\",\"item\":\"https:\/\/rollingringdrives.com\/machines\/\"},{\"@type\":\"ListItem\",\"position\":3,\"name\":\"Adjustable Fast Cable Coiling Head\"}]},{\"@type\":\"WebSite\",\"@id\":\"https:\/\/rollingringdrives.com\/#website\",\"url\":\"https:\/\/rollingringdrives.com\/\",\"name\":\"QiPang\",\"description\":\"QiPang Blog\",\"publisher\":{\"@id\":\"https:\/\/rollingringdrives.com\/#organization\"},\"potentialAction\":[{\"@type\":\"SearchAction\",\"target\":{\"@type\":\"EntryPoint\",\"urlTemplate\":\"https:\/\/rollingringdrives.com\/?s={search_term_string}\"},\"query-input\":{\"@type\":\"PropertyValueSpecification\",\"valueRequired\":true,\"valueName\":\"search_term_string\"}}],\"inLanguage\":\"es\"},{\"@type\":\"Organization\",\"@id\":\"https:\/\/rollingringdrives.com\/#organization\",\"name\":\"QiPang\",\"url\":\"https:\/\/rollingringdrives.com\/\",\"logo\":{\"@type\":\"ImageObject\",\"inLanguage\":\"es\",\"@id\":\"https:\/\/rollingringdrives.com\/#\/schema\/logo\/image\/\",\"url\":\"https:\/\/rollingringdrives.com\/wp-content\/uploads\/2023\/05\/cropped-\u672a\u547d\u540d\u7684\u8bbe\u8ba1.png\",\"contentUrl\":\"https:\/\/rollingringdrives.com\/wp-content\/uploads\/2023\/05\/cropped-\u672a\u547d\u540d\u7684\u8bbe\u8ba1.png\",\"width\":300,\"height\":191,\"caption\":\"QiPang\"},\"image\":{\"@id\":\"https:\/\/rollingringdrives.com\/#\/schema\/logo\/image\/\"}}]}<\/script>\n<!-- \/ Yoast SEO Premium plugin. -->","yoast_head_json":{"title":"Cabezal de enrollado r\u00e1pido de cable ajustable - QiPang","description":"Este equipo de cabezal de bobinado r\u00e1pido ajustado se utiliza para enrollar y agrupar cables de 0,5-6 mm\u00b2 y cables de secci\u00f3n peque\u00f1a.","robots":{"index":"index","follow":"follow","max-snippet":"max-snippet:-1","max-image-preview":"max-image-preview:large","max-video-preview":"max-video-preview:-1"},"canonical":"https:\/\/rollingringdrives.com\/es\/producto\/cabezal-de-enrollamiento-rapido-ajustable\/","og_locale":"es_MX","og_type":"article","og_title":"Adjustable Fast Cable Coiling Head","og_description":"This Adjusted Fast Coiling Head equipment is used for 0.5-6mm\u00b2 cable and small section cables' circling and bundling.","og_url":"https:\/\/rollingringdrives.com\/es\/producto\/cabezal-de-enrollamiento-rapido-ajustable\/","og_site_name":"QiPang","article_modified_time":"2026-01-13T03:09:20+00:00","twitter_card":"summary_large_image","twitter_misc":{"Tiempo de lectura":"3 minutos"},"schema":{"@context":"https:\/\/schema.org","@graph":[{"@type":"WebPage","@id":"https:\/\/rollingringdrives.com\/product\/adjustable-fast-coiling-head\/","url":"https:\/\/rollingringdrives.com\/product\/adjustable-fast-coiling-head\/","name":"Cabezal de enrollado r\u00e1pido de cable ajustable - QiPang","isPartOf":{"@id":"https:\/\/rollingringdrives.com\/#website"},"primaryImageOfPage":{"@id":"https:\/\/rollingringdrives.com\/product\/adjustable-fast-coiling-head\/#primaryimage"},"image":{"@id":"https:\/\/rollingringdrives.com\/product\/adjustable-fast-coiling-head\/#primaryimage"},"thumbnailUrl":"https:\/\/rollingringdrives.com\/wp-content\/uploads\/2023\/08\/be7bf9c4-62c6-4d8a-8544-36859d97b8fb_\u526f\u672c-1.avif","datePublished":"2023-08-26T07:01:34+00:00","dateModified":"2026-01-13T03:09:20+00:00","description":"Este equipo de cabezal de bobinado r\u00e1pido ajustado se utiliza para enrollar y agrupar cables de 0,5-6 mm\u00b2 y cables de secci\u00f3n peque\u00f1a.","breadcrumb":{"@id":"https:\/\/rollingringdrives.com\/product\/adjustable-fast-coiling-head\/#breadcrumb"},"inLanguage":"es","potentialAction":[{"@type":"ReadAction","target":["https:\/\/rollingringdrives.com\/product\/adjustable-fast-coiling-head\/"]}]},{"@type":"ImageObject","inLanguage":"es","@id":"https:\/\/rollingringdrives.com\/product\/adjustable-fast-coiling-head\/#primaryimage","url":"https:\/\/rollingringdrives.com\/wp-content\/uploads\/2023\/08\/be7bf9c4-62c6-4d8a-8544-36859d97b8fb_\u526f\u672c-1.avif","contentUrl":"https:\/\/rollingringdrives.com\/wp-content\/uploads\/2023\/08\/be7bf9c4-62c6-4d8a-8544-36859d97b8fb_\u526f\u672c-1.avif","width":2048,"height":2048,"caption":"fast cable coiling head"},{"@type":"BreadcrumbList","@id":"https:\/\/rollingringdrives.com\/product\/adjustable-fast-coiling-head\/#breadcrumb","itemListElement":[{"@type":"ListItem","position":1,"name":"Home","item":"https:\/\/rollingringdrives.com\/"},{"@type":"ListItem","position":2,"name":"Machines","item":"https:\/\/rollingringdrives.com\/machines\/"},{"@type":"ListItem","position":3,"name":"Adjustable Fast Cable Coiling Head"}]},{"@type":"WebSite","@id":"https:\/\/rollingringdrives.com\/#website","url":"https:\/\/rollingringdrives.com\/","name":"Qi Pang","description":"Blog QiPang","publisher":{"@id":"https:\/\/rollingringdrives.com\/#organization"},"potentialAction":[{"@type":"SearchAction","target":{"@type":"EntryPoint","urlTemplate":"https:\/\/rollingringdrives.com\/?s={search_term_string}"},"query-input":{"@type":"PropertyValueSpecification","valueRequired":true,"valueName":"search_term_string"}}],"inLanguage":"es"},{"@type":"Organization","@id":"https:\/\/rollingringdrives.com\/#organization","name":"Qi Pang","url":"https:\/\/rollingringdrives.com\/","logo":{"@type":"ImageObject","inLanguage":"es","@id":"https:\/\/rollingringdrives.com\/#\/schema\/logo\/image\/","url":"https:\/\/rollingringdrives.com\/wp-content\/uploads\/2023\/05\/cropped-\u672a\u547d\u540d\u7684\u8bbe\u8ba1.png","contentUrl":"https:\/\/rollingringdrives.com\/wp-content\/uploads\/2023\/05\/cropped-\u672a\u547d\u540d\u7684\u8bbe\u8ba1.png","width":300,"height":191,"caption":"QiPang"},"image":{"@id":"https:\/\/rollingringdrives.com\/#\/schema\/logo\/image\/"}}]}},"_links":{"self":[{"href":"https:\/\/rollingringdrives.com\/es\/wp-json\/wp\/v2\/product\/29177","targetHints":{"allow":["GET"]}}],"collection":[{"href":"https:\/\/rollingringdrives.com\/es\/wp-json\/wp\/v2\/product"}],"about":[{"href":"https:\/\/rollingringdrives.com\/es\/wp-json\/wp\/v2\/types\/product"}],"version-history":[{"count":0,"href":"https:\/\/rollingringdrives.com\/es\/wp-json\/wp\/v2\/product\/29177\/revisions"}],"wp:featuredmedia":[{"embeddable":true,"href":"https:\/\/rollingringdrives.com\/es\/wp-json\/wp\/v2\/media\/32850"}],"wp:attachment":[{"href":"https:\/\/rollingringdrives.com\/es\/wp-json\/wp\/v2\/media?parent=29177"}],"wp:term":[{"taxonomy":"product_brand","embeddable":true,"href":"https:\/\/rollingringdrives.com\/es\/wp-json\/wp\/v2\/product_brand?post=29177"},{"taxonomy":"product_cat","embeddable":true,"href":"https:\/\/rollingringdrives.com\/es\/wp-json\/wp\/v2\/product_cat?post=29177"},{"taxonomy":"product_tag","embeddable":true,"href":"https:\/\/rollingringdrives.com\/es\/wp-json\/wp\/v2\/product_tag?post=29177"}],"curies":[{"name":"wp","href":"https:\/\/api.w.org\/{rel}","templated":true}]}}