{"id":29199,"date":"2023-08-28T00:59:55","date_gmt":"2023-08-28T00:59:55","guid":{"rendered":"https:\/\/rollingringdrives.com\/?post_type=product&#038;p=29199"},"modified":"2026-01-12T09:54:37","modified_gmt":"2026-01-12T09:54:37","slug":"nylon-fast-coiling-head","status":"publish","type":"product","link":"https:\/\/rollingringdrives.com\/es\/producto\/cabezal-de-enrollamiento-rapido-de-nylon\/","title":{"rendered":"Cabezal de enrollado r\u00e1pido de nailon"},"content":{"rendered":"<p>QIPANG fabricado bobinador de placa lateral es un producto excepcional que cuenta con ranuras de amarre, brida exterior de liberaci\u00f3n r\u00e1pida, tambi\u00e9n apoyamos la personalizaci\u00f3n del di\u00e1metro interior c\u00f3nico. Durante el bobinado, el n\u00facleo interno se expande significativamente, mientras que durante el desenrollado, el n\u00facleo interno se contrae. Este dise\u00f1o permite una extracci\u00f3n r\u00e1pida y c\u00f3moda de la l\u00ednea en s\u00f3lo 3 segundos.<\/p>\n<h3 id=\"1-eael-table-of-content\" class=\"xsj_heading_hash xsj_heading xsj_heading_h3 eael-heading-content\" data-source-line=\"4\" data-source-line-display=\"true\"><span class=\"xsj_heading_content\">Principales caracter\u00edsticas<\/span><\/h3>\n<p>1. Apriete autom\u00e1tico y la placa de batido r\u00e1pido se puede completar en 2-3 segundos. 2. Despu\u00e9s de la liquidaci\u00f3n del alambre atado en la m\u00e1quina y se puede quitar f\u00e1cilmente. 2. F\u00e1cil de operar.<br \/>\n2. La posici\u00f3n del port\u00f3n trasero del cargador r\u00e1pido puede ajustarse desliz\u00e1ndolo libremente, lo que puede satisfacer los requisitos de<br \/>\ndiferentes alturas de perforaci\u00f3n.<br \/>\n3. La altura de los 3 deflectores se puede personalizar seg\u00fan los requisitos de diferentes tama\u00f1os.<br \/>\n4. Altura de la brida: 40-200 mm<br \/>\n5. N\u00famero de ranuras: 3 ranuras \uff08Personalizable 4 ranuras\uff09<\/p>\n<p>6.Personalice el n\u00facleo, el di\u00e1metro exterior y la anchura seg\u00fan los requisitos del cliente.<\/p>\n<h2>Uso del cabezal de la bobina<\/h2>\n<div class=\"ast-oembed-container\" style=\"height: 100%;\"><iframe title=\"V\u00eddeo sobre el uso de diferentes tipos de cabezales de bobinado plegables\" width=\"422\" height=\"750\" src=\"https:\/\/www.youtube.com\/embed\/z2CtVXSoT88?feature=oembed\" frameborder=\"0\" allow=\"accelerometer; autoplay; clipboard-write; encrypted-media; gyroscope; picture-in-picture; web-share\" referrerpolicy=\"strict-origin-when-cross-origin\" allowfullscreen><\/iframe><\/div>\n<p>&nbsp;<\/p>","protected":false},"excerpt":{"rendered":"<p><strong>N\u00famero de modelo<\/strong><\/p>\n<p>N\u00facleo interior 200 mm, anchura 90\/100 mm, di\u00e1metro exterior 400 mm<br \/>\nN\u00facleo interior 300 mm, anchura 90\/100 mm, di\u00e1metro exterior 400 mm<\/p>","protected":false},"featured_media":32846,"template":"","meta":{"site-sidebar-layout":"default","site-content-layout":"default","ast-global-header-display":"","ast-banner-title-visibility":"","ast-main-header-display":"","ast-hfb-above-header-display":"","ast-hfb-below-header-display":"","ast-hfb-mobile-header-display":"","site-post-title":"","ast-breadcrumbs-content":"","ast-featured-img":"","footer-sml-layout":"","theme-transparent-header-meta":"default","adv-header-id-meta":"","stick-header-meta":"","header-above-stick-meta":"","header-main-stick-meta":"","header-below-stick-meta":""},"product_brand":[],"product_cat":[140],"product_tag":[],"class_list":{"0":"post-29199","1":"product","2":"type-product","3":"status-publish","4":"has-post-thumbnail","6":"product_cat-coil-head","7":"desktop-align-left","8":"tablet-align-left","9":"mobile-align-left","11":"first","12":"instock","13":"shipping-taxable","14":"product-type-simple"},"yoast_head":"<!-- This site is optimized with the Yoast SEO Premium plugin v20.12 (Yoast SEO v26.0) - https:\/\/yoast.com\/wordpress\/plugins\/seo\/ -->\n<title>Nylon Fast Coiling Head - QiPang<\/title>\n<meta name=\"robots\" content=\"index, follow, max-snippet:-1, max-image-preview:large, max-video-preview:-1\" \/>\n<link rel=\"canonical\" href=\"https:\/\/rollingringdrives.com\/es\/producto\/cabezal-de-enrollamiento-rapido-de-nylon\/\" \/>\n<meta property=\"og:locale\" content=\"es_MX\" \/>\n<meta property=\"og:type\" content=\"article\" \/>\n<meta property=\"og:title\" content=\"Nylon Fast Coiling Head\" \/>\n<meta property=\"og:description\" content=\"Model Number  Inner core 200mm, width 90\/100mm, outer diameter 400mm Inner Core 300mm, Width 90\/100mm OD 400mm\" \/>\n<meta property=\"og:url\" content=\"https:\/\/rollingringdrives.com\/es\/producto\/cabezal-de-enrollamiento-rapido-de-nylon\/\" \/>\n<meta property=\"og:site_name\" content=\"QiPang\" \/>\n<meta property=\"article:modified_time\" content=\"2026-01-12T09:54:37+00:00\" \/>\n<meta name=\"twitter:card\" content=\"summary_large_image\" \/>\n<meta name=\"twitter:label1\" content=\"Tiempo de lectura\" \/>\n\t<meta name=\"twitter:data1\" content=\"1 minuto\" \/>\n<script type=\"application\/ld+json\" class=\"yoast-schema-graph\">{\"@context\":\"https:\/\/schema.org\",\"@graph\":[{\"@type\":\"WebPage\",\"@id\":\"https:\/\/rollingringdrives.com\/product\/nylon-fast-coiling-head\/\",\"url\":\"https:\/\/rollingringdrives.com\/product\/nylon-fast-coiling-head\/\",\"name\":\"Nylon Fast Coiling Head - QiPang\",\"isPartOf\":{\"@id\":\"https:\/\/rollingringdrives.com\/#website\"},\"primaryImageOfPage\":{\"@id\":\"https:\/\/rollingringdrives.com\/product\/nylon-fast-coiling-head\/#primaryimage\"},\"image\":{\"@id\":\"https:\/\/rollingringdrives.com\/product\/nylon-fast-coiling-head\/#primaryimage\"},\"thumbnailUrl\":\"https:\/\/rollingringdrives.com\/wp-content\/uploads\/2023\/08\/05202ace-beed-4c53-9071-fe40b077c477_\u526f\u672c.avif\",\"datePublished\":\"2023-08-28T00:59:55+00:00\",\"dateModified\":\"2026-01-12T09:54:37+00:00\",\"breadcrumb\":{\"@id\":\"https:\/\/rollingringdrives.com\/product\/nylon-fast-coiling-head\/#breadcrumb\"},\"inLanguage\":\"es\",\"potentialAction\":[{\"@type\":\"ReadAction\",\"target\":[\"https:\/\/rollingringdrives.com\/product\/nylon-fast-coiling-head\/\"]}]},{\"@type\":\"ImageObject\",\"inLanguage\":\"es\",\"@id\":\"https:\/\/rollingringdrives.com\/product\/nylon-fast-coiling-head\/#primaryimage\",\"url\":\"https:\/\/rollingringdrives.com\/wp-content\/uploads\/2023\/08\/05202ace-beed-4c53-9071-fe40b077c477_\u526f\u672c.avif\",\"contentUrl\":\"https:\/\/rollingringdrives.com\/wp-content\/uploads\/2023\/08\/05202ace-beed-4c53-9071-fe40b077c477_\u526f\u672c.avif\",\"width\":2048,\"height\":2048,\"caption\":\"nylon fast coil head\"},{\"@type\":\"BreadcrumbList\",\"@id\":\"https:\/\/rollingringdrives.com\/product\/nylon-fast-coiling-head\/#breadcrumb\",\"itemListElement\":[{\"@type\":\"ListItem\",\"position\":1,\"name\":\"Home\",\"item\":\"https:\/\/rollingringdrives.com\/\"},{\"@type\":\"ListItem\",\"position\":2,\"name\":\"Machines\",\"item\":\"https:\/\/rollingringdrives.com\/machines\/\"},{\"@type\":\"ListItem\",\"position\":3,\"name\":\"Nylon Fast Coiling Head\"}]},{\"@type\":\"WebSite\",\"@id\":\"https:\/\/rollingringdrives.com\/#website\",\"url\":\"https:\/\/rollingringdrives.com\/\",\"name\":\"QiPang\",\"description\":\"QiPang Blog\",\"publisher\":{\"@id\":\"https:\/\/rollingringdrives.com\/#organization\"},\"potentialAction\":[{\"@type\":\"SearchAction\",\"target\":{\"@type\":\"EntryPoint\",\"urlTemplate\":\"https:\/\/rollingringdrives.com\/?s={search_term_string}\"},\"query-input\":{\"@type\":\"PropertyValueSpecification\",\"valueRequired\":true,\"valueName\":\"search_term_string\"}}],\"inLanguage\":\"es\"},{\"@type\":\"Organization\",\"@id\":\"https:\/\/rollingringdrives.com\/#organization\",\"name\":\"QiPang\",\"url\":\"https:\/\/rollingringdrives.com\/\",\"logo\":{\"@type\":\"ImageObject\",\"inLanguage\":\"es\",\"@id\":\"https:\/\/rollingringdrives.com\/#\/schema\/logo\/image\/\",\"url\":\"https:\/\/rollingringdrives.com\/wp-content\/uploads\/2023\/05\/cropped-\u672a\u547d\u540d\u7684\u8bbe\u8ba1.png\",\"contentUrl\":\"https:\/\/rollingringdrives.com\/wp-content\/uploads\/2023\/05\/cropped-\u672a\u547d\u540d\u7684\u8bbe\u8ba1.png\",\"width\":300,\"height\":191,\"caption\":\"QiPang\"},\"image\":{\"@id\":\"https:\/\/rollingringdrives.com\/#\/schema\/logo\/image\/\"}}]}<\/script>\n<!-- \/ Yoast SEO Premium plugin. -->","yoast_head_json":{"title":"Cabezal de enrollado r\u00e1pido de nailon - QiPang","robots":{"index":"index","follow":"follow","max-snippet":"max-snippet:-1","max-image-preview":"max-image-preview:large","max-video-preview":"max-video-preview:-1"},"canonical":"https:\/\/rollingringdrives.com\/es\/producto\/cabezal-de-enrollamiento-rapido-de-nylon\/","og_locale":"es_MX","og_type":"article","og_title":"Nylon Fast Coiling Head","og_description":"Model Number  Inner core 200mm, width 90\/100mm, outer diameter 400mm Inner Core 300mm, Width 90\/100mm OD 400mm","og_url":"https:\/\/rollingringdrives.com\/es\/producto\/cabezal-de-enrollamiento-rapido-de-nylon\/","og_site_name":"QiPang","article_modified_time":"2026-01-12T09:54:37+00:00","twitter_card":"summary_large_image","twitter_misc":{"Tiempo de lectura":"1 minuto"},"schema":{"@context":"https:\/\/schema.org","@graph":[{"@type":"WebPage","@id":"https:\/\/rollingringdrives.com\/product\/nylon-fast-coiling-head\/","url":"https:\/\/rollingringdrives.com\/product\/nylon-fast-coiling-head\/","name":"Cabezal de enrollado r\u00e1pido de nailon - QiPang","isPartOf":{"@id":"https:\/\/rollingringdrives.com\/#website"},"primaryImageOfPage":{"@id":"https:\/\/rollingringdrives.com\/product\/nylon-fast-coiling-head\/#primaryimage"},"image":{"@id":"https:\/\/rollingringdrives.com\/product\/nylon-fast-coiling-head\/#primaryimage"},"thumbnailUrl":"https:\/\/rollingringdrives.com\/wp-content\/uploads\/2023\/08\/05202ace-beed-4c53-9071-fe40b077c477_\u526f\u672c.avif","datePublished":"2023-08-28T00:59:55+00:00","dateModified":"2026-01-12T09:54:37+00:00","breadcrumb":{"@id":"https:\/\/rollingringdrives.com\/product\/nylon-fast-coiling-head\/#breadcrumb"},"inLanguage":"es","potentialAction":[{"@type":"ReadAction","target":["https:\/\/rollingringdrives.com\/product\/nylon-fast-coiling-head\/"]}]},{"@type":"ImageObject","inLanguage":"es","@id":"https:\/\/rollingringdrives.com\/product\/nylon-fast-coiling-head\/#primaryimage","url":"https:\/\/rollingringdrives.com\/wp-content\/uploads\/2023\/08\/05202ace-beed-4c53-9071-fe40b077c477_\u526f\u672c.avif","contentUrl":"https:\/\/rollingringdrives.com\/wp-content\/uploads\/2023\/08\/05202ace-beed-4c53-9071-fe40b077c477_\u526f\u672c.avif","width":2048,"height":2048,"caption":"nylon fast coil head"},{"@type":"BreadcrumbList","@id":"https:\/\/rollingringdrives.com\/product\/nylon-fast-coiling-head\/#breadcrumb","itemListElement":[{"@type":"ListItem","position":1,"name":"Home","item":"https:\/\/rollingringdrives.com\/"},{"@type":"ListItem","position":2,"name":"Machines","item":"https:\/\/rollingringdrives.com\/machines\/"},{"@type":"ListItem","position":3,"name":"Nylon Fast Coiling Head"}]},{"@type":"WebSite","@id":"https:\/\/rollingringdrives.com\/#website","url":"https:\/\/rollingringdrives.com\/","name":"Qi Pang","description":"Blog QiPang","publisher":{"@id":"https:\/\/rollingringdrives.com\/#organization"},"potentialAction":[{"@type":"SearchAction","target":{"@type":"EntryPoint","urlTemplate":"https:\/\/rollingringdrives.com\/?s={search_term_string}"},"query-input":{"@type":"PropertyValueSpecification","valueRequired":true,"valueName":"search_term_string"}}],"inLanguage":"es"},{"@type":"Organization","@id":"https:\/\/rollingringdrives.com\/#organization","name":"Qi Pang","url":"https:\/\/rollingringdrives.com\/","logo":{"@type":"ImageObject","inLanguage":"es","@id":"https:\/\/rollingringdrives.com\/#\/schema\/logo\/image\/","url":"https:\/\/rollingringdrives.com\/wp-content\/uploads\/2023\/05\/cropped-\u672a\u547d\u540d\u7684\u8bbe\u8ba1.png","contentUrl":"https:\/\/rollingringdrives.com\/wp-content\/uploads\/2023\/05\/cropped-\u672a\u547d\u540d\u7684\u8bbe\u8ba1.png","width":300,"height":191,"caption":"QiPang"},"image":{"@id":"https:\/\/rollingringdrives.com\/#\/schema\/logo\/image\/"}}]}},"_links":{"self":[{"href":"https:\/\/rollingringdrives.com\/es\/wp-json\/wp\/v2\/product\/29199","targetHints":{"allow":["GET"]}}],"collection":[{"href":"https:\/\/rollingringdrives.com\/es\/wp-json\/wp\/v2\/product"}],"about":[{"href":"https:\/\/rollingringdrives.com\/es\/wp-json\/wp\/v2\/types\/product"}],"version-history":[{"count":0,"href":"https:\/\/rollingringdrives.com\/es\/wp-json\/wp\/v2\/product\/29199\/revisions"}],"wp:featuredmedia":[{"embeddable":true,"href":"https:\/\/rollingringdrives.com\/es\/wp-json\/wp\/v2\/media\/32846"}],"wp:attachment":[{"href":"https:\/\/rollingringdrives.com\/es\/wp-json\/wp\/v2\/media?parent=29199"}],"wp:term":[{"taxonomy":"product_brand","embeddable":true,"href":"https:\/\/rollingringdrives.com\/es\/wp-json\/wp\/v2\/product_brand?post=29199"},{"taxonomy":"product_cat","embeddable":true,"href":"https:\/\/rollingringdrives.com\/es\/wp-json\/wp\/v2\/product_cat?post=29199"},{"taxonomy":"product_tag","embeddable":true,"href":"https:\/\/rollingringdrives.com\/es\/wp-json\/wp\/v2\/product_tag?post=29199"}],"curies":[{"name":"wp","href":"https:\/\/api.w.org\/{rel}","templated":true}]}}