{"id":29208,"date":"2023-08-28T01:06:56","date_gmt":"2023-08-28T01:06:56","guid":{"rendered":"https:\/\/rollingringdrives.com\/?post_type=product&#038;p=29208"},"modified":"2026-01-13T06:15:55","modified_gmt":"2026-01-13T06:15:55","slug":"japanese-fast-coiling-head","status":"publish","type":"product","link":"https:\/\/rollingringdrives.com\/es\/producto\/cabezal-de-enrollamiento-rapido-japones\/","title":{"rendered":"Cabezal de bobinado r\u00e1pido japon\u00e9s\/Cabezal de bobinado plegable"},"content":{"rendered":"<p data-imt_insert_failed=\"1\">Shanghai Qipang se dedica a la investigaci\u00f3n, el desarrollo y la fabricaci\u00f3n de\u00a0<strong>cabezales de bobina de cable.<\/strong>Ofrecemos tres series de enrolladores plegables: de nylon, r\u00e1pidos y de estilo japon\u00e9s, que se adaptan con precisi\u00f3n a los requisitos de procesamiento de diferentes alambres, velocidades y precisi\u00f3n, ayud\u00e1ndole a lograr una producci\u00f3n eficiente.<\/p>\n<p data-imt_insert_failed=\"1\">Estos cabezales de enrollado plegables est\u00e1n dise\u00f1ados para enrollar material en el n\u00facleo, enfajar material y colapsar el<br \/>\ncabezal de bobinado para facilitar la retirada del material. Las palas exteriores plegables y las almohadillas ID, permiten la extracci\u00f3n de bobinas<br \/>\nsin manipular una pesada y engorrosa brida o brazos de retenci\u00f3n.<\/p>\n<p data-imt_insert_failed=\"1\">Vedio del cabezal de bobinado r\u00e1pido japon\u00e9s<\/p>\n<div class=\"ast-oembed-container\" style=\"height: 100%;\"><iframe title=\"Nuestro cabezal de enrollado r\u00e1pido de estilo japon\u00e9s se dise\u00f1\u00f3 desde el principio pensando en la comodidad.\" width=\"422\" height=\"750\" src=\"https:\/\/www.youtube.com\/embed\/3elgmstYVhY?feature=oembed\" frameborder=\"0\" allow=\"accelerometer; autoplay; clipboard-write; encrypted-media; gyroscope; picture-in-picture; web-share\" referrerpolicy=\"strict-origin-when-cross-origin\" allowfullscreen><\/iframe><\/div>\n<p data-imt_insert_failed=\"1\">Caracter\u00edsticas de la m\u00e1quina<\/p>\n<p data-imt_insert_failed=\"1\">Estos cabezales son de acero mecanizado y construcci\u00f3n soldada para tolerancias estrechas para una larga vida.<br \/>\n- De cuatro (4) a diecis\u00e9is (16) brazos de paletas reforzados para una mayor uniformidad de la bobina.<br \/>\n- Almohadillas de identificaci\u00f3n de radio de acero<br \/>\n- Estructura trasera desplazada para facilitar el anillado.<br \/>\n- Ganchos de captura de arranque de material.<br \/>\n- La anchura de la bobina es ajustable.<br \/>\n- Pestillo de desbloqueo externo, que al desbloquearse colapsa suavemente la estructura frontal de los cabezales para<br \/>\nretire la bobina anillada.<br \/>\n- Variedad de disposiciones de montaje disponibles.<br \/>\n- Las palas son de dise\u00f1o mecanizado y est\u00e1n fabricadas en chapa de acero al carbono reforzada.<br \/>\n- El conjunto delantero, una vez desbloqueado, se desplaza sobre un soporte de eje central de acero laminado en fr\u00edo mecanizado que se<br \/>\nfijado a la placa trasera fija.<\/p>\n<h2 data-imt_insert_failed=\"1\">Principio de funcionamiento del cabezal de bobinado plegable<\/h2>\n<figure id=\"attachment_32853\" aria-describedby=\"caption-attachment-32853\" style=\"width: 2457px\" class=\"wp-caption alignnone\"><img fetchpriority=\"high\" decoding=\"async\" class=\"size-full wp-image-32853\" src=\"https:\/\/rollingringdrives.com\/wp-content\/uploads\/2023\/08\/9c7b9409-d575-4c24-895f-523377bfef2a_\u526f\u672c_\u526f\u672c.avif\" alt=\"cabezal de bobinado plegable\" width=\"2457\" height=\"1842\" srcset=\"https:\/\/rollingringdrives.com\/wp-content\/uploads\/2023\/08\/9c7b9409-d575-4c24-895f-523377bfef2a_\u526f\u672c_\u526f\u672c.avif 2457w, https:\/\/rollingringdrives.com\/wp-content\/uploads\/2023\/08\/9c7b9409-d575-4c24-895f-523377bfef2a_\u526f\u672c_\u526f\u672c-300x225.avif 300w, https:\/\/rollingringdrives.com\/wp-content\/uploads\/2023\/08\/9c7b9409-d575-4c24-895f-523377bfef2a_\u526f\u672c_\u526f\u672c-1024x768.avif 1024w, https:\/\/rollingringdrives.com\/wp-content\/uploads\/2023\/08\/9c7b9409-d575-4c24-895f-523377bfef2a_\u526f\u672c_\u526f\u672c-768x576.avif 768w, https:\/\/rollingringdrives.com\/wp-content\/uploads\/2023\/08\/9c7b9409-d575-4c24-895f-523377bfef2a_\u526f\u672c_\u526f\u672c-1536x1152.avif 1536w, https:\/\/rollingringdrives.com\/wp-content\/uploads\/2023\/08\/9c7b9409-d575-4c24-895f-523377bfef2a_\u526f\u672c_\u526f\u672c-2048x1535.avif 2048w, https:\/\/rollingringdrives.com\/wp-content\/uploads\/2023\/08\/9c7b9409-d575-4c24-895f-523377bfef2a_\u526f\u672c_\u526f\u672c-16x12.avif 16w, https:\/\/rollingringdrives.com\/wp-content\/uploads\/2023\/08\/9c7b9409-d575-4c24-895f-523377bfef2a_\u526f\u672c_\u526f\u672c-600x450.avif 600w\" sizes=\"(max-width: 2457px) 100vw, 2457px\" \/><figcaption id=\"caption-attachment-32853\" class=\"wp-caption-text\">cabezal de bobinado plegable<\/figcaption><\/figure>\n<h2 data-imt_insert_failed=\"1\">Aplicaci\u00f3n del cabezal de bobinado plegable<\/h2>\n<figure id=\"attachment_32854\" aria-describedby=\"caption-attachment-32854\" style=\"width: 1200px\" class=\"wp-caption alignnone\"><img decoding=\"async\" class=\"size-full wp-image-32854\" src=\"https:\/\/rollingringdrives.com\/wp-content\/uploads\/2023\/08\/ba54cd35b1e893fc8f0ec0e7e15d084b_\u526f\u672c_\u526f\u672c.avif\" alt=\"cabezal de bobinado plegable\" width=\"1200\" height=\"900\" srcset=\"https:\/\/rollingringdrives.com\/wp-content\/uploads\/2023\/08\/ba54cd35b1e893fc8f0ec0e7e15d084b_\u526f\u672c_\u526f\u672c.avif 1200w, https:\/\/rollingringdrives.com\/wp-content\/uploads\/2023\/08\/ba54cd35b1e893fc8f0ec0e7e15d084b_\u526f\u672c_\u526f\u672c-300x225.avif 300w, https:\/\/rollingringdrives.com\/wp-content\/uploads\/2023\/08\/ba54cd35b1e893fc8f0ec0e7e15d084b_\u526f\u672c_\u526f\u672c-1024x768.avif 1024w, https:\/\/rollingringdrives.com\/wp-content\/uploads\/2023\/08\/ba54cd35b1e893fc8f0ec0e7e15d084b_\u526f\u672c_\u526f\u672c-768x576.avif 768w, https:\/\/rollingringdrives.com\/wp-content\/uploads\/2023\/08\/ba54cd35b1e893fc8f0ec0e7e15d084b_\u526f\u672c_\u526f\u672c-16x12.avif 16w, https:\/\/rollingringdrives.com\/wp-content\/uploads\/2023\/08\/ba54cd35b1e893fc8f0ec0e7e15d084b_\u526f\u672c_\u526f\u672c-600x450.avif 600w\" sizes=\"(max-width: 1200px) 100vw, 1200px\" \/><figcaption id=\"caption-attachment-32854\" class=\"wp-caption-text\">cabezal de bobinado plegable<\/figcaption><\/figure>","protected":false},"excerpt":{"rendered":"<p><strong>N\u00famero de modelo<\/strong><\/p>\n<p>N\u00facleo interior 200, ancho 50-100, di\u00e1metro exterior 400<br \/>\nN\u00facleo interior 200, ancho 70-150 OD 400<\/p>","protected":false},"featured_media":32855,"template":"","meta":{"site-sidebar-layout":"default","site-content-layout":"default","ast-global-header-display":"","ast-banner-title-visibility":"","ast-main-header-display":"","ast-hfb-above-header-display":"","ast-hfb-below-header-display":"","ast-hfb-mobile-header-display":"","site-post-title":"","ast-breadcrumbs-content":"","ast-featured-img":"","footer-sml-layout":"","theme-transparent-header-meta":"default","adv-header-id-meta":"","stick-header-meta":"","header-above-stick-meta":"","header-main-stick-meta":"","header-below-stick-meta":""},"product_brand":[],"product_cat":[140],"product_tag":[],"class_list":{"0":"post-29208","1":"product","2":"type-product","3":"status-publish","4":"has-post-thumbnail","6":"product_cat-coil-head","7":"desktop-align-left","8":"tablet-align-left","9":"mobile-align-left","11":"first","12":"instock","13":"shipping-taxable","14":"product-type-simple"},"yoast_head":"<!-- This site is optimized with the Yoast SEO Premium plugin v20.12 (Yoast SEO v26.0) - https:\/\/yoast.com\/wordpress\/plugins\/seo\/ -->\n<title>Japanese Fast Coiling Head\/Collapsible Coiling Head - QiPang<\/title>\n<meta name=\"robots\" content=\"index, follow, max-snippet:-1, max-image-preview:large, max-video-preview:-1\" \/>\n<link rel=\"canonical\" href=\"https:\/\/rollingringdrives.com\/es\/producto\/cabezal-de-enrollamiento-rapido-japones\/\" \/>\n<meta property=\"og:locale\" content=\"es_MX\" \/>\n<meta property=\"og:type\" content=\"article\" \/>\n<meta property=\"og:title\" content=\"Japanese Fast Coiling Head\/Collapsible Coiling Head\" \/>\n<meta property=\"og:description\" content=\"Model Number  Inner core 200, width 50-100, outer diameter 400 Inner core 200, width 70-150 OD 400\" \/>\n<meta property=\"og:url\" content=\"https:\/\/rollingringdrives.com\/es\/producto\/cabezal-de-enrollamiento-rapido-japones\/\" \/>\n<meta property=\"og:site_name\" content=\"QiPang\" \/>\n<meta property=\"article:modified_time\" content=\"2026-01-13T06:15:55+00:00\" \/>\n<meta name=\"twitter:card\" content=\"summary_large_image\" \/>\n<meta name=\"twitter:label1\" content=\"Tiempo de lectura\" \/>\n\t<meta name=\"twitter:data1\" content=\"2 minutos\" \/>\n<script type=\"application\/ld+json\" class=\"yoast-schema-graph\">{\"@context\":\"https:\/\/schema.org\",\"@graph\":[{\"@type\":\"WebPage\",\"@id\":\"https:\/\/rollingringdrives.com\/product\/japanese-fast-coiling-head\/\",\"url\":\"https:\/\/rollingringdrives.com\/product\/japanese-fast-coiling-head\/\",\"name\":\"Japanese Fast Coiling Head\/Collapsible Coiling Head - QiPang\",\"isPartOf\":{\"@id\":\"https:\/\/rollingringdrives.com\/#website\"},\"primaryImageOfPage\":{\"@id\":\"https:\/\/rollingringdrives.com\/product\/japanese-fast-coiling-head\/#primaryimage\"},\"image\":{\"@id\":\"https:\/\/rollingringdrives.com\/product\/japanese-fast-coiling-head\/#primaryimage\"},\"thumbnailUrl\":\"https:\/\/rollingringdrives.com\/wp-content\/uploads\/2023\/08\/9c7b9409-d575-4c24-895f-523377bfef2a_\u526f\u672c_\u526f\u672c-1.avif\",\"datePublished\":\"2023-08-28T01:06:56+00:00\",\"dateModified\":\"2026-01-13T06:15:55+00:00\",\"breadcrumb\":{\"@id\":\"https:\/\/rollingringdrives.com\/product\/japanese-fast-coiling-head\/#breadcrumb\"},\"inLanguage\":\"es\",\"potentialAction\":[{\"@type\":\"ReadAction\",\"target\":[\"https:\/\/rollingringdrives.com\/product\/japanese-fast-coiling-head\/\"]}]},{\"@type\":\"ImageObject\",\"inLanguage\":\"es\",\"@id\":\"https:\/\/rollingringdrives.com\/product\/japanese-fast-coiling-head\/#primaryimage\",\"url\":\"https:\/\/rollingringdrives.com\/wp-content\/uploads\/2023\/08\/9c7b9409-d575-4c24-895f-523377bfef2a_\u526f\u672c_\u526f\u672c-1.avif\",\"contentUrl\":\"https:\/\/rollingringdrives.com\/wp-content\/uploads\/2023\/08\/9c7b9409-d575-4c24-895f-523377bfef2a_\u526f\u672c_\u526f\u672c-1.avif\",\"width\":2457,\"height\":2457,\"caption\":\"collapsible coiling head\"},{\"@type\":\"BreadcrumbList\",\"@id\":\"https:\/\/rollingringdrives.com\/product\/japanese-fast-coiling-head\/#breadcrumb\",\"itemListElement\":[{\"@type\":\"ListItem\",\"position\":1,\"name\":\"Home\",\"item\":\"https:\/\/rollingringdrives.com\/\"},{\"@type\":\"ListItem\",\"position\":2,\"name\":\"Machines\",\"item\":\"https:\/\/rollingringdrives.com\/machines\/\"},{\"@type\":\"ListItem\",\"position\":3,\"name\":\"Japanese Fast Coiling Head\/Collapsible Coiling Head\"}]},{\"@type\":\"WebSite\",\"@id\":\"https:\/\/rollingringdrives.com\/#website\",\"url\":\"https:\/\/rollingringdrives.com\/\",\"name\":\"QiPang\",\"description\":\"QiPang Blog\",\"publisher\":{\"@id\":\"https:\/\/rollingringdrives.com\/#organization\"},\"potentialAction\":[{\"@type\":\"SearchAction\",\"target\":{\"@type\":\"EntryPoint\",\"urlTemplate\":\"https:\/\/rollingringdrives.com\/?s={search_term_string}\"},\"query-input\":{\"@type\":\"PropertyValueSpecification\",\"valueRequired\":true,\"valueName\":\"search_term_string\"}}],\"inLanguage\":\"es\"},{\"@type\":\"Organization\",\"@id\":\"https:\/\/rollingringdrives.com\/#organization\",\"name\":\"QiPang\",\"url\":\"https:\/\/rollingringdrives.com\/\",\"logo\":{\"@type\":\"ImageObject\",\"inLanguage\":\"es\",\"@id\":\"https:\/\/rollingringdrives.com\/#\/schema\/logo\/image\/\",\"url\":\"https:\/\/rollingringdrives.com\/wp-content\/uploads\/2023\/05\/cropped-\u672a\u547d\u540d\u7684\u8bbe\u8ba1.png\",\"contentUrl\":\"https:\/\/rollingringdrives.com\/wp-content\/uploads\/2023\/05\/cropped-\u672a\u547d\u540d\u7684\u8bbe\u8ba1.png\",\"width\":300,\"height\":191,\"caption\":\"QiPang\"},\"image\":{\"@id\":\"https:\/\/rollingringdrives.com\/#\/schema\/logo\/image\/\"}}]}<\/script>\n<!-- \/ Yoast SEO Premium plugin. -->","yoast_head_json":{"title":"Cabezal de bobinado r\u00e1pido japon\u00e9s\/Cabezal de bobinado plegable - QiPang","robots":{"index":"index","follow":"follow","max-snippet":"max-snippet:-1","max-image-preview":"max-image-preview:large","max-video-preview":"max-video-preview:-1"},"canonical":"https:\/\/rollingringdrives.com\/es\/producto\/cabezal-de-enrollamiento-rapido-japones\/","og_locale":"es_MX","og_type":"article","og_title":"Japanese Fast Coiling Head\/Collapsible Coiling Head","og_description":"Model Number  Inner core 200, width 50-100, outer diameter 400 Inner core 200, width 70-150 OD 400","og_url":"https:\/\/rollingringdrives.com\/es\/producto\/cabezal-de-enrollamiento-rapido-japones\/","og_site_name":"QiPang","article_modified_time":"2026-01-13T06:15:55+00:00","twitter_card":"summary_large_image","twitter_misc":{"Tiempo de lectura":"2 minutos"},"schema":{"@context":"https:\/\/schema.org","@graph":[{"@type":"WebPage","@id":"https:\/\/rollingringdrives.com\/product\/japanese-fast-coiling-head\/","url":"https:\/\/rollingringdrives.com\/product\/japanese-fast-coiling-head\/","name":"Cabezal de bobinado r\u00e1pido japon\u00e9s\/Cabezal de bobinado plegable - QiPang","isPartOf":{"@id":"https:\/\/rollingringdrives.com\/#website"},"primaryImageOfPage":{"@id":"https:\/\/rollingringdrives.com\/product\/japanese-fast-coiling-head\/#primaryimage"},"image":{"@id":"https:\/\/rollingringdrives.com\/product\/japanese-fast-coiling-head\/#primaryimage"},"thumbnailUrl":"https:\/\/rollingringdrives.com\/wp-content\/uploads\/2023\/08\/9c7b9409-d575-4c24-895f-523377bfef2a_\u526f\u672c_\u526f\u672c-1.avif","datePublished":"2023-08-28T01:06:56+00:00","dateModified":"2026-01-13T06:15:55+00:00","breadcrumb":{"@id":"https:\/\/rollingringdrives.com\/product\/japanese-fast-coiling-head\/#breadcrumb"},"inLanguage":"es","potentialAction":[{"@type":"ReadAction","target":["https:\/\/rollingringdrives.com\/product\/japanese-fast-coiling-head\/"]}]},{"@type":"ImageObject","inLanguage":"es","@id":"https:\/\/rollingringdrives.com\/product\/japanese-fast-coiling-head\/#primaryimage","url":"https:\/\/rollingringdrives.com\/wp-content\/uploads\/2023\/08\/9c7b9409-d575-4c24-895f-523377bfef2a_\u526f\u672c_\u526f\u672c-1.avif","contentUrl":"https:\/\/rollingringdrives.com\/wp-content\/uploads\/2023\/08\/9c7b9409-d575-4c24-895f-523377bfef2a_\u526f\u672c_\u526f\u672c-1.avif","width":2457,"height":2457,"caption":"collapsible coiling head"},{"@type":"BreadcrumbList","@id":"https:\/\/rollingringdrives.com\/product\/japanese-fast-coiling-head\/#breadcrumb","itemListElement":[{"@type":"ListItem","position":1,"name":"Home","item":"https:\/\/rollingringdrives.com\/"},{"@type":"ListItem","position":2,"name":"Machines","item":"https:\/\/rollingringdrives.com\/machines\/"},{"@type":"ListItem","position":3,"name":"Japanese Fast Coiling Head\/Collapsible Coiling Head"}]},{"@type":"WebSite","@id":"https:\/\/rollingringdrives.com\/#website","url":"https:\/\/rollingringdrives.com\/","name":"Qi Pang","description":"Blog QiPang","publisher":{"@id":"https:\/\/rollingringdrives.com\/#organization"},"potentialAction":[{"@type":"SearchAction","target":{"@type":"EntryPoint","urlTemplate":"https:\/\/rollingringdrives.com\/?s={search_term_string}"},"query-input":{"@type":"PropertyValueSpecification","valueRequired":true,"valueName":"search_term_string"}}],"inLanguage":"es"},{"@type":"Organization","@id":"https:\/\/rollingringdrives.com\/#organization","name":"Qi Pang","url":"https:\/\/rollingringdrives.com\/","logo":{"@type":"ImageObject","inLanguage":"es","@id":"https:\/\/rollingringdrives.com\/#\/schema\/logo\/image\/","url":"https:\/\/rollingringdrives.com\/wp-content\/uploads\/2023\/05\/cropped-\u672a\u547d\u540d\u7684\u8bbe\u8ba1.png","contentUrl":"https:\/\/rollingringdrives.com\/wp-content\/uploads\/2023\/05\/cropped-\u672a\u547d\u540d\u7684\u8bbe\u8ba1.png","width":300,"height":191,"caption":"QiPang"},"image":{"@id":"https:\/\/rollingringdrives.com\/#\/schema\/logo\/image\/"}}]}},"_links":{"self":[{"href":"https:\/\/rollingringdrives.com\/es\/wp-json\/wp\/v2\/product\/29208","targetHints":{"allow":["GET"]}}],"collection":[{"href":"https:\/\/rollingringdrives.com\/es\/wp-json\/wp\/v2\/product"}],"about":[{"href":"https:\/\/rollingringdrives.com\/es\/wp-json\/wp\/v2\/types\/product"}],"version-history":[{"count":0,"href":"https:\/\/rollingringdrives.com\/es\/wp-json\/wp\/v2\/product\/29208\/revisions"}],"wp:featuredmedia":[{"embeddable":true,"href":"https:\/\/rollingringdrives.com\/es\/wp-json\/wp\/v2\/media\/32855"}],"wp:attachment":[{"href":"https:\/\/rollingringdrives.com\/es\/wp-json\/wp\/v2\/media?parent=29208"}],"wp:term":[{"taxonomy":"product_brand","embeddable":true,"href":"https:\/\/rollingringdrives.com\/es\/wp-json\/wp\/v2\/product_brand?post=29208"},{"taxonomy":"product_cat","embeddable":true,"href":"https:\/\/rollingringdrives.com\/es\/wp-json\/wp\/v2\/product_cat?post=29208"},{"taxonomy":"product_tag","embeddable":true,"href":"https:\/\/rollingringdrives.com\/es\/wp-json\/wp\/v2\/product_tag?post=29208"}],"curies":[{"name":"wp","href":"https:\/\/api.w.org\/{rel}","templated":true}]}}