{"id":30226,"date":"2023-10-24T11:13:22","date_gmt":"2023-10-24T11:13:22","guid":{"rendered":"https:\/\/rollingringdrives.com\/?post_type=product&#038;p=30226"},"modified":"2023-10-25T06:24:39","modified_gmt":"2023-10-25T06:24:39","slug":"titanium-dioxide-ceramic-wire-guide","status":"publish","type":"product","link":"https:\/\/rollingringdrives.com\/es\/producto\/guia-de-alambre-ceramica-de-dioxido-de-titanio\/","title":{"rendered":"Gu\u00eda de alambre cer\u00e1mico de di\u00f3xido de titanio"},"content":{"rendered":"<p>Gu\u00eda de alambre cer\u00e1mico de di\u00f3xido de titanio, es decir, cer\u00e1mica compuesta de circonio y titanio, compuesta principalmente de dos materiales de circonio y \u00f3xido de titanio. Entre ellos, la circona tiene las caracter\u00edsticas de alta resistencia, alta dureza y alta estabilidad, que puede usarse para fabricar pr\u00f3tesis cer\u00e1micas de alta resistencia. El \u00f3xido de titanio tiene las caracter\u00edsticas de alta biocompatibilidad y buena adaptabilidad biol\u00f3gica, que pueden usarse para mejorar la biocompatibilidad entre la pr\u00f3tesis y el tejido y mejorar el efecto de reparaci\u00f3n.<\/p>\n<h3>Aplicaciones<\/h3>\n<p>En el aspecto de gu\u00eda de alambre cer\u00e1mico de di\u00f3xido de titanio funcional, su excelente resistencia a altas temperaturas se utiliza como tubo de calentamiento por inducci\u00f3n, material refractario y elemento calefactor. La gu\u00eda de alambre cer\u00e1mico de di\u00f3xido de titanio tiene propiedades el\u00e9ctricas sensibles y se utiliza principalmente en sensores de ox\u00edgeno, celdas de combustible de \u00f3xido s\u00f3lido y cuerpos calefactores de alta temperatura. Adem\u00e1s, la gu\u00eda de alambre cer\u00e1mico de di\u00f3xido de titanio se usa ampliamente en recubrimientos de barrera t\u00e9rmica, portadores de catalizadores, medicina, atenci\u00f3n m\u00e9dica, refractarios, textiles y otros campos.<\/p>\n<p>&nbsp;<\/p>\n<p><img fetchpriority=\"high\" decoding=\"async\" class=\"alignnone wp-image-30228\" src=\"https:\/\/rollingringdrives.com\/wp-content\/uploads\/2023\/10\/\u6c27\u5316\u949b\u74f7\u773c\u4e3b\u56fe-2-300x300.jpg\" alt=\"\" width=\"450\" height=\"450\" srcset=\"https:\/\/rollingringdrives.com\/wp-content\/uploads\/2023\/10\/\u6c27\u5316\u949b\u74f7\u773c\u4e3b\u56fe-2-300x300.jpg 300w, https:\/\/rollingringdrives.com\/wp-content\/uploads\/2023\/10\/\u6c27\u5316\u949b\u74f7\u773c\u4e3b\u56fe-2-150x150.jpg 150w, https:\/\/rollingringdrives.com\/wp-content\/uploads\/2023\/10\/\u6c27\u5316\u949b\u74f7\u773c\u4e3b\u56fe-2-12x12.jpg 12w, https:\/\/rollingringdrives.com\/wp-content\/uploads\/2023\/10\/\u6c27\u5316\u949b\u74f7\u773c\u4e3b\u56fe-2-600x600.jpg 600w, https:\/\/rollingringdrives.com\/wp-content\/uploads\/2023\/10\/\u6c27\u5316\u949b\u74f7\u773c\u4e3b\u56fe-2-100x100.jpg 100w, https:\/\/rollingringdrives.com\/wp-content\/uploads\/2023\/10\/\u6c27\u5316\u949b\u74f7\u773c\u4e3b\u56fe-2.jpg 750w\" sizes=\"(max-width: 450px) 100vw, 450px\" \/> <img decoding=\"async\" class=\"alignnone wp-image-30229\" src=\"https:\/\/rollingringdrives.com\/wp-content\/uploads\/2023\/10\/\u6c27\u5316\u949b\u74f7\u773c\u4e3b\u56fe-4-300x300.jpg\" alt=\"\" width=\"450\" height=\"450\" srcset=\"https:\/\/rollingringdrives.com\/wp-content\/uploads\/2023\/10\/\u6c27\u5316\u949b\u74f7\u773c\u4e3b\u56fe-4-300x300.jpg 300w, https:\/\/rollingringdrives.com\/wp-content\/uploads\/2023\/10\/\u6c27\u5316\u949b\u74f7\u773c\u4e3b\u56fe-4-150x150.jpg 150w, https:\/\/rollingringdrives.com\/wp-content\/uploads\/2023\/10\/\u6c27\u5316\u949b\u74f7\u773c\u4e3b\u56fe-4-12x12.jpg 12w, https:\/\/rollingringdrives.com\/wp-content\/uploads\/2023\/10\/\u6c27\u5316\u949b\u74f7\u773c\u4e3b\u56fe-4-600x600.jpg 600w, https:\/\/rollingringdrives.com\/wp-content\/uploads\/2023\/10\/\u6c27\u5316\u949b\u74f7\u773c\u4e3b\u56fe-4-100x100.jpg 100w, https:\/\/rollingringdrives.com\/wp-content\/uploads\/2023\/10\/\u6c27\u5316\u949b\u74f7\u773c\u4e3b\u56fe-4.jpg 750w\" sizes=\"(max-width: 450px) 100vw, 450px\" \/><\/p>","protected":false},"excerpt":{"rendered":"<h4>1. Alta resistencia: excelente durabilidad y antidesgaste, no es f\u00e1cil de usar ni romper.<br \/>\n2. Alta biocompatibilidad: el titanio y el circonio en materiales de porcelana de titanio tienen buena biocompatibilidad con los tejidos humanos.<br \/>\n3. Fuerte plasticidad:<br \/>\n4. Color natural: la porcelana de titanio tiene un color y brillo similar al de los dientes naturales.<br \/>\n5. Seguro y confiable: la seguridad del material de porcelana de titanio es de composici\u00f3n alta, estable y confiable<\/h4>\n<h4>6. Alta resistencia, alta dureza, alta estabilidad<\/h4>\n<h3>7.antiest\u00e1tico<\/h3>","protected":false},"featured_media":30230,"template":"","meta":{"site-sidebar-layout":"default","site-content-layout":"default","ast-global-header-display":"","ast-banner-title-visibility":"","ast-main-header-display":"","ast-hfb-above-header-display":"","ast-hfb-below-header-display":"","ast-hfb-mobile-header-display":"","site-post-title":"","ast-breadcrumbs-content":"","ast-featured-img":"","footer-sml-layout":"","theme-transparent-header-meta":"default","adv-header-id-meta":"","stick-header-meta":"","header-above-stick-meta":"","header-main-stick-meta":"","header-below-stick-meta":""},"product_brand":[],"product_cat":[100,111],"product_tag":[],"class_list":{"0":"post-30226","1":"product","2":"type-product","3":"status-publish","4":"has-post-thumbnail","6":"product_cat-spindle-winding-machine","7":"product_cat-porcelain-eye","8":"desktop-align-left","9":"tablet-align-left","10":"mobile-align-left","12":"first","13":"instock","14":"shipping-taxable","15":"product-type-simple"},"yoast_head":"<!-- This site is optimized with the Yoast SEO Premium plugin v20.12 (Yoast SEO v26.0) - https:\/\/yoast.com\/wordpress\/plugins\/seo\/ -->\n<title>Titanium Dioxide Ceramic Wire Guide - QiPang<\/title>\n<meta name=\"robots\" content=\"index, follow, max-snippet:-1, max-image-preview:large, max-video-preview:-1\" \/>\n<link rel=\"canonical\" href=\"https:\/\/rollingringdrives.com\/es\/producto\/guia-de-alambre-ceramica-de-dioxido-de-titanio\/\" \/>\n<meta property=\"og:locale\" content=\"es_MX\" \/>\n<meta property=\"og:type\" content=\"article\" \/>\n<meta property=\"og:title\" content=\"Titanium Dioxide Ceramic Wire Guide\" \/>\n<meta property=\"og:description\" content=\"1. High strength: excellent durability and anti-wear, not easy to wear and break. 2. High biocompatibility: titanium and zirconia in titanium porcelain materials have good biocompatibility with human tissues 3. Strong plasticity: 4. Natural color: titanium porcelain has a color and luster similar to natural teeth 5. Safe and reliable: titanium porcelain material safety is high, stable and reliable composition 6. High strength, high hardness, high stability 7.antistatic\" \/>\n<meta property=\"og:url\" content=\"https:\/\/rollingringdrives.com\/es\/producto\/guia-de-alambre-ceramica-de-dioxido-de-titanio\/\" \/>\n<meta property=\"og:site_name\" content=\"QiPang\" \/>\n<meta property=\"article:modified_time\" content=\"2023-10-25T06:24:39+00:00\" \/>\n<meta property=\"og:image\" content=\"https:\/\/rollingringdrives.com\/wp-content\/uploads\/2023\/10\/\u6c27\u5316\u949b\u74f7\u773c\u4e3b\u56fe-3_\u526f\u672c.png\" \/>\n\t<meta property=\"og:image:width\" content=\"612\" \/>\n\t<meta property=\"og:image:height\" content=\"612\" \/>\n\t<meta property=\"og:image:type\" content=\"image\/png\" \/>\n<meta name=\"twitter:card\" content=\"summary_large_image\" \/>\n<meta name=\"twitter:label1\" content=\"Tiempo de lectura\" \/>\n\t<meta name=\"twitter:data1\" content=\"2 minutos\" \/>\n<script type=\"application\/ld+json\" class=\"yoast-schema-graph\">{\"@context\":\"https:\/\/schema.org\",\"@graph\":[{\"@type\":\"WebPage\",\"@id\":\"https:\/\/rollingringdrives.com\/product\/titanium-dioxide-ceramic-wire-guide\/\",\"url\":\"https:\/\/rollingringdrives.com\/product\/titanium-dioxide-ceramic-wire-guide\/\",\"name\":\"Titanium Dioxide Ceramic Wire Guide - QiPang\",\"isPartOf\":{\"@id\":\"https:\/\/rollingringdrives.com\/#website\"},\"primaryImageOfPage\":{\"@id\":\"https:\/\/rollingringdrives.com\/product\/titanium-dioxide-ceramic-wire-guide\/#primaryimage\"},\"image\":{\"@id\":\"https:\/\/rollingringdrives.com\/product\/titanium-dioxide-ceramic-wire-guide\/#primaryimage\"},\"thumbnailUrl\":\"https:\/\/rollingringdrives.com\/wp-content\/uploads\/2023\/10\/\u6c27\u5316\u949b\u74f7\u773c\u4e3b\u56fe-3_\u526f\u672c.png\",\"datePublished\":\"2023-10-24T11:13:22+00:00\",\"dateModified\":\"2023-10-25T06:24:39+00:00\",\"breadcrumb\":{\"@id\":\"https:\/\/rollingringdrives.com\/product\/titanium-dioxide-ceramic-wire-guide\/#breadcrumb\"},\"inLanguage\":\"es\",\"potentialAction\":[{\"@type\":\"ReadAction\",\"target\":[\"https:\/\/rollingringdrives.com\/product\/titanium-dioxide-ceramic-wire-guide\/\"]}]},{\"@type\":\"ImageObject\",\"inLanguage\":\"es\",\"@id\":\"https:\/\/rollingringdrives.com\/product\/titanium-dioxide-ceramic-wire-guide\/#primaryimage\",\"url\":\"https:\/\/rollingringdrives.com\/wp-content\/uploads\/2023\/10\/\u6c27\u5316\u949b\u74f7\u773c\u4e3b\u56fe-3_\u526f\u672c.png\",\"contentUrl\":\"https:\/\/rollingringdrives.com\/wp-content\/uploads\/2023\/10\/\u6c27\u5316\u949b\u74f7\u773c\u4e3b\u56fe-3_\u526f\u672c.png\",\"width\":612,\"height\":612,\"caption\":\"Titanium Dioxide Ceramic Wire Guide\"},{\"@type\":\"BreadcrumbList\",\"@id\":\"https:\/\/rollingringdrives.com\/product\/titanium-dioxide-ceramic-wire-guide\/#breadcrumb\",\"itemListElement\":[{\"@type\":\"ListItem\",\"position\":1,\"name\":\"Home\",\"item\":\"https:\/\/rollingringdrives.com\/\"},{\"@type\":\"ListItem\",\"position\":2,\"name\":\"Machines\",\"item\":\"https:\/\/rollingringdrives.com\/machines\/\"},{\"@type\":\"ListItem\",\"position\":3,\"name\":\"Titanium Dioxide Ceramic Wire Guide\"}]},{\"@type\":\"WebSite\",\"@id\":\"https:\/\/rollingringdrives.com\/#website\",\"url\":\"https:\/\/rollingringdrives.com\/\",\"name\":\"QiPang\",\"description\":\"QiPang Blog\",\"publisher\":{\"@id\":\"https:\/\/rollingringdrives.com\/#organization\"},\"potentialAction\":[{\"@type\":\"SearchAction\",\"target\":{\"@type\":\"EntryPoint\",\"urlTemplate\":\"https:\/\/rollingringdrives.com\/?s={search_term_string}\"},\"query-input\":{\"@type\":\"PropertyValueSpecification\",\"valueRequired\":true,\"valueName\":\"search_term_string\"}}],\"inLanguage\":\"es\"},{\"@type\":\"Organization\",\"@id\":\"https:\/\/rollingringdrives.com\/#organization\",\"name\":\"QiPang\",\"url\":\"https:\/\/rollingringdrives.com\/\",\"logo\":{\"@type\":\"ImageObject\",\"inLanguage\":\"es\",\"@id\":\"https:\/\/rollingringdrives.com\/#\/schema\/logo\/image\/\",\"url\":\"https:\/\/rollingringdrives.com\/wp-content\/uploads\/2023\/05\/cropped-\u672a\u547d\u540d\u7684\u8bbe\u8ba1.png\",\"contentUrl\":\"https:\/\/rollingringdrives.com\/wp-content\/uploads\/2023\/05\/cropped-\u672a\u547d\u540d\u7684\u8bbe\u8ba1.png\",\"width\":300,\"height\":191,\"caption\":\"QiPang\"},\"image\":{\"@id\":\"https:\/\/rollingringdrives.com\/#\/schema\/logo\/image\/\"}}]}<\/script>\n<!-- \/ Yoast SEO Premium plugin. -->","yoast_head_json":{"title":"Gu\u00eda de alambre cer\u00e1mico de di\u00f3xido de titanio - QiPang","robots":{"index":"index","follow":"follow","max-snippet":"max-snippet:-1","max-image-preview":"max-image-preview:large","max-video-preview":"max-video-preview:-1"},"canonical":"https:\/\/rollingringdrives.com\/es\/producto\/guia-de-alambre-ceramica-de-dioxido-de-titanio\/","og_locale":"es_MX","og_type":"article","og_title":"Titanium Dioxide Ceramic Wire Guide","og_description":"1. High strength: excellent durability and anti-wear, not easy to wear and break. 2. High biocompatibility: titanium and zirconia in titanium porcelain materials have good biocompatibility with human tissues 3. Strong plasticity: 4. Natural color: titanium porcelain has a color and luster similar to natural teeth 5. Safe and reliable: titanium porcelain material safety is high, stable and reliable composition 6. High strength, high hardness, high stability 7.antistatic","og_url":"https:\/\/rollingringdrives.com\/es\/producto\/guia-de-alambre-ceramica-de-dioxido-de-titanio\/","og_site_name":"QiPang","article_modified_time":"2023-10-25T06:24:39+00:00","og_image":[{"width":612,"height":612,"url":"https:\/\/rollingringdrives.com\/wp-content\/uploads\/2023\/10\/\u6c27\u5316\u949b\u74f7\u773c\u4e3b\u56fe-3_\u526f\u672c.png","type":"image\/png"}],"twitter_card":"summary_large_image","twitter_misc":{"Tiempo de lectura":"2 minutos"},"schema":{"@context":"https:\/\/schema.org","@graph":[{"@type":"WebPage","@id":"https:\/\/rollingringdrives.com\/product\/titanium-dioxide-ceramic-wire-guide\/","url":"https:\/\/rollingringdrives.com\/product\/titanium-dioxide-ceramic-wire-guide\/","name":"Gu\u00eda de alambre cer\u00e1mico de di\u00f3xido de titanio - QiPang","isPartOf":{"@id":"https:\/\/rollingringdrives.com\/#website"},"primaryImageOfPage":{"@id":"https:\/\/rollingringdrives.com\/product\/titanium-dioxide-ceramic-wire-guide\/#primaryimage"},"image":{"@id":"https:\/\/rollingringdrives.com\/product\/titanium-dioxide-ceramic-wire-guide\/#primaryimage"},"thumbnailUrl":"https:\/\/rollingringdrives.com\/wp-content\/uploads\/2023\/10\/\u6c27\u5316\u949b\u74f7\u773c\u4e3b\u56fe-3_\u526f\u672c.png","datePublished":"2023-10-24T11:13:22+00:00","dateModified":"2023-10-25T06:24:39+00:00","breadcrumb":{"@id":"https:\/\/rollingringdrives.com\/product\/titanium-dioxide-ceramic-wire-guide\/#breadcrumb"},"inLanguage":"es","potentialAction":[{"@type":"ReadAction","target":["https:\/\/rollingringdrives.com\/product\/titanium-dioxide-ceramic-wire-guide\/"]}]},{"@type":"ImageObject","inLanguage":"es","@id":"https:\/\/rollingringdrives.com\/product\/titanium-dioxide-ceramic-wire-guide\/#primaryimage","url":"https:\/\/rollingringdrives.com\/wp-content\/uploads\/2023\/10\/\u6c27\u5316\u949b\u74f7\u773c\u4e3b\u56fe-3_\u526f\u672c.png","contentUrl":"https:\/\/rollingringdrives.com\/wp-content\/uploads\/2023\/10\/\u6c27\u5316\u949b\u74f7\u773c\u4e3b\u56fe-3_\u526f\u672c.png","width":612,"height":612,"caption":"Titanium Dioxide Ceramic Wire Guide"},{"@type":"BreadcrumbList","@id":"https:\/\/rollingringdrives.com\/product\/titanium-dioxide-ceramic-wire-guide\/#breadcrumb","itemListElement":[{"@type":"ListItem","position":1,"name":"Home","item":"https:\/\/rollingringdrives.com\/"},{"@type":"ListItem","position":2,"name":"Machines","item":"https:\/\/rollingringdrives.com\/machines\/"},{"@type":"ListItem","position":3,"name":"Titanium Dioxide Ceramic Wire Guide"}]},{"@type":"WebSite","@id":"https:\/\/rollingringdrives.com\/#website","url":"https:\/\/rollingringdrives.com\/","name":"Qi Pang","description":"Blog QiPang","publisher":{"@id":"https:\/\/rollingringdrives.com\/#organization"},"potentialAction":[{"@type":"SearchAction","target":{"@type":"EntryPoint","urlTemplate":"https:\/\/rollingringdrives.com\/?s={search_term_string}"},"query-input":{"@type":"PropertyValueSpecification","valueRequired":true,"valueName":"search_term_string"}}],"inLanguage":"es"},{"@type":"Organization","@id":"https:\/\/rollingringdrives.com\/#organization","name":"Qi Pang","url":"https:\/\/rollingringdrives.com\/","logo":{"@type":"ImageObject","inLanguage":"es","@id":"https:\/\/rollingringdrives.com\/#\/schema\/logo\/image\/","url":"https:\/\/rollingringdrives.com\/wp-content\/uploads\/2023\/05\/cropped-\u672a\u547d\u540d\u7684\u8bbe\u8ba1.png","contentUrl":"https:\/\/rollingringdrives.com\/wp-content\/uploads\/2023\/05\/cropped-\u672a\u547d\u540d\u7684\u8bbe\u8ba1.png","width":300,"height":191,"caption":"QiPang"},"image":{"@id":"https:\/\/rollingringdrives.com\/#\/schema\/logo\/image\/"}}]}},"_links":{"self":[{"href":"https:\/\/rollingringdrives.com\/es\/wp-json\/wp\/v2\/product\/30226","targetHints":{"allow":["GET"]}}],"collection":[{"href":"https:\/\/rollingringdrives.com\/es\/wp-json\/wp\/v2\/product"}],"about":[{"href":"https:\/\/rollingringdrives.com\/es\/wp-json\/wp\/v2\/types\/product"}],"version-history":[{"count":0,"href":"https:\/\/rollingringdrives.com\/es\/wp-json\/wp\/v2\/product\/30226\/revisions"}],"wp:featuredmedia":[{"embeddable":true,"href":"https:\/\/rollingringdrives.com\/es\/wp-json\/wp\/v2\/media\/30230"}],"wp:attachment":[{"href":"https:\/\/rollingringdrives.com\/es\/wp-json\/wp\/v2\/media?parent=30226"}],"wp:term":[{"taxonomy":"product_brand","embeddable":true,"href":"https:\/\/rollingringdrives.com\/es\/wp-json\/wp\/v2\/product_brand?post=30226"},{"taxonomy":"product_cat","embeddable":true,"href":"https:\/\/rollingringdrives.com\/es\/wp-json\/wp\/v2\/product_cat?post=30226"},{"taxonomy":"product_tag","embeddable":true,"href":"https:\/\/rollingringdrives.com\/es\/wp-json\/wp\/v2\/product_tag?post=30226"}],"curies":[{"name":"wp","href":"https:\/\/api.w.org\/{rel}","templated":true}]}}