{"id":30246,"date":"2023-10-25T01:23:09","date_gmt":"2023-10-25T01:23:09","guid":{"rendered":"https:\/\/rollingringdrives.com\/?post_type=product&#038;p=30246"},"modified":"2023-10-25T01:29:06","modified_gmt":"2023-10-25T01:29:06","slug":"threaded-porcelain-eye-3","status":"publish","type":"product","link":"https:\/\/rollingringdrives.com\/es\/producto\/ojo-de-porcelana-roscado-3\/","title":{"rendered":"Ojo de porcelana roscado"},"content":{"rendered":"<p>Las cer\u00e1micas de alto rendimiento producidas mediante granulaci\u00f3n por pulverizaci\u00f3n, prensado isost\u00e1tico y proceso de sinterizaci\u00f3n a alta temperatura se denominan ojo de porcelana roscado. Tiene las caracter\u00edsticas de alta dureza, resistencia al desgaste y buena resistencia a la corrosi\u00f3n. Puede ser ampliamente utilizado en medios de molienda de molinos de bolas, molinos vibratorios, molinos planetarios y molinos agitadores. La tasa de desgaste de los ojos de porcelana roscada es peque\u00f1a, sin suciedad, larga vida \u00fatil y alta eficiencia de pulido.<\/p>\n<h3 id=\"4-eael-table-of-content\" class=\"eael-heading-content\"><strong>Aplicaciones:<\/strong><\/h3>\n<p>El ojo de porcelana roscado se puede utilizar en biocer\u00e1mica, rendimiento superior, para satisfacer las necesidades de rendimiento diario y especial, ampliamente utilizado en aparatos de iluminaci\u00f3n, aparatos de calefacci\u00f3n el\u00e9ctrica, petroqu\u00edmicos, maquinaria, textiles, automotrices y otras industrias.<\/p>\n<p><img fetchpriority=\"high\" decoding=\"async\" class=\"alignnone wp-image-30248 size-full\" src=\"https:\/\/rollingringdrives.com\/wp-content\/uploads\/2023\/10\/3-2.jpg\" alt=\"\" width=\"1000\" height=\"1000\" srcset=\"https:\/\/rollingringdrives.com\/wp-content\/uploads\/2023\/10\/3-2.jpg 1000w, https:\/\/rollingringdrives.com\/wp-content\/uploads\/2023\/10\/3-2-300x300.jpg 300w, https:\/\/rollingringdrives.com\/wp-content\/uploads\/2023\/10\/3-2-150x150.jpg 150w, https:\/\/rollingringdrives.com\/wp-content\/uploads\/2023\/10\/3-2-768x768.jpg 768w, https:\/\/rollingringdrives.com\/wp-content\/uploads\/2023\/10\/3-2-12x12.jpg 12w, https:\/\/rollingringdrives.com\/wp-content\/uploads\/2023\/10\/3-2-600x600.jpg 600w, https:\/\/rollingringdrives.com\/wp-content\/uploads\/2023\/10\/3-2-100x100.jpg 100w\" sizes=\"(max-width: 1000px) 100vw, 1000px\" \/><\/p>\n<p><img decoding=\"async\" class=\"wp-image-30238 size-full\" src=\"https:\/\/rollingringdrives.com\/wp-content\/uploads\/2023\/10\/4-2.jpg\" alt=\"Ojo de porcelana roscado\" width=\"1000\" height=\"1000\" srcset=\"https:\/\/rollingringdrives.com\/wp-content\/uploads\/2023\/10\/4-2.jpg 1000w, https:\/\/rollingringdrives.com\/wp-content\/uploads\/2023\/10\/4-2-300x300.jpg 300w, https:\/\/rollingringdrives.com\/wp-content\/uploads\/2023\/10\/4-2-150x150.jpg 150w, https:\/\/rollingringdrives.com\/wp-content\/uploads\/2023\/10\/4-2-768x768.jpg 768w, https:\/\/rollingringdrives.com\/wp-content\/uploads\/2023\/10\/4-2-12x12.jpg 12w, https:\/\/rollingringdrives.com\/wp-content\/uploads\/2023\/10\/4-2-600x600.jpg 600w, https:\/\/rollingringdrives.com\/wp-content\/uploads\/2023\/10\/4-2-100x100.jpg 100w\" sizes=\"(max-width: 1000px) 100vw, 1000px\" \/><\/p>","protected":false},"excerpt":{"rendered":"<h3 id=\"1-eael-table-of-content\" class=\"eael-heading-content\">1.Alta resistencia mec\u00e1nica, resistente al desgaste.<br \/>\n2.Fuerte resistencia a \u00e1cidos, \u00e1lcalis y otras erosiones qu\u00edmicas.<br \/>\n3.Buen rendimiento de aislamiento el\u00e9ctrico a temperatura ambiente y alta temperatura.<br \/>\n4. Baja p\u00e9rdida de resistencia mec\u00e1nica a alta temperatura.<\/h3>\n<h3 id=\"2-eael-table-of-content\" class=\"eael-heading-content\">5.Buen acabado y estabilidad t\u00e9rmica.<\/h3>\n<h3 id=\"3-eael-table-of-content\" class=\"eael-heading-content\">6.Resistencia a la flexi\u00f3n y compresi\u00f3n<\/h3>","protected":false},"featured_media":30249,"template":"","meta":{"site-sidebar-layout":"default","site-content-layout":"default","ast-global-header-display":"","ast-banner-title-visibility":"","ast-main-header-display":"","ast-hfb-above-header-display":"","ast-hfb-below-header-display":"","ast-hfb-mobile-header-display":"","site-post-title":"","ast-breadcrumbs-content":"","ast-featured-img":"","footer-sml-layout":"","theme-transparent-header-meta":"default","adv-header-id-meta":"","stick-header-meta":"","header-above-stick-meta":"","header-main-stick-meta":"","header-below-stick-meta":""},"product_brand":[],"product_cat":[100,111],"product_tag":[],"class_list":{"0":"post-30246","1":"product","2":"type-product","3":"status-publish","4":"has-post-thumbnail","6":"product_cat-spindle-winding-machine","7":"product_cat-porcelain-eye","8":"desktop-align-left","9":"tablet-align-left","10":"mobile-align-left","12":"first","13":"instock","14":"shipping-taxable","15":"product-type-simple"},"yoast_head":"<!-- This site is optimized with the Yoast SEO Premium plugin v20.12 (Yoast SEO v26.0) - https:\/\/yoast.com\/wordpress\/plugins\/seo\/ -->\n<title>Threaded Porcelain Eye - QiPang<\/title>\n<meta name=\"robots\" content=\"index, follow, max-snippet:-1, max-image-preview:large, max-video-preview:-1\" \/>\n<link rel=\"canonical\" href=\"https:\/\/rollingringdrives.com\/es\/producto\/ojo-de-porcelana-roscado-3\/\" \/>\n<meta property=\"og:locale\" content=\"es_MX\" \/>\n<meta property=\"og:type\" content=\"article\" \/>\n<meta property=\"og:title\" content=\"Threaded Porcelain Eye\" \/>\n<meta property=\"og:description\" content=\"1.High mechanical strength, wear-resistant 2.Strong resistance to acid and alkali and other chemical erosion. 3.Good electrical insulation performance at room temperature and high temperature. 4. Low mechanical strength loss at high temperature 5.Good finish and thermal stability 6.Flexural and compressive strength\" \/>\n<meta property=\"og:url\" content=\"https:\/\/rollingringdrives.com\/es\/producto\/ojo-de-porcelana-roscado-3\/\" \/>\n<meta property=\"og:site_name\" content=\"QiPang\" \/>\n<meta property=\"article:modified_time\" content=\"2023-10-25T01:29:06+00:00\" \/>\n<meta property=\"og:image\" content=\"https:\/\/rollingringdrives.com\/wp-content\/uploads\/2023\/10\/1-4.jpg\" \/>\n\t<meta property=\"og:image:width\" content=\"1000\" \/>\n\t<meta property=\"og:image:height\" content=\"1000\" \/>\n\t<meta property=\"og:image:type\" content=\"image\/jpeg\" \/>\n<meta name=\"twitter:card\" content=\"summary_large_image\" \/>\n<meta name=\"twitter:label1\" content=\"Tiempo de lectura\" \/>\n\t<meta name=\"twitter:data1\" content=\"1 minuto\" \/>\n<script type=\"application\/ld+json\" class=\"yoast-schema-graph\">{\"@context\":\"https:\/\/schema.org\",\"@graph\":[{\"@type\":\"WebPage\",\"@id\":\"https:\/\/rollingringdrives.com\/product\/threaded-porcelain-eye-3\/\",\"url\":\"https:\/\/rollingringdrives.com\/product\/threaded-porcelain-eye-3\/\",\"name\":\"Threaded Porcelain Eye - QiPang\",\"isPartOf\":{\"@id\":\"https:\/\/rollingringdrives.com\/#website\"},\"primaryImageOfPage\":{\"@id\":\"https:\/\/rollingringdrives.com\/product\/threaded-porcelain-eye-3\/#primaryimage\"},\"image\":{\"@id\":\"https:\/\/rollingringdrives.com\/product\/threaded-porcelain-eye-3\/#primaryimage\"},\"thumbnailUrl\":\"https:\/\/rollingringdrives.com\/wp-content\/uploads\/2023\/10\/1-4.jpg\",\"datePublished\":\"2023-10-25T01:23:09+00:00\",\"dateModified\":\"2023-10-25T01:29:06+00:00\",\"breadcrumb\":{\"@id\":\"https:\/\/rollingringdrives.com\/product\/threaded-porcelain-eye-3\/#breadcrumb\"},\"inLanguage\":\"es\",\"potentialAction\":[{\"@type\":\"ReadAction\",\"target\":[\"https:\/\/rollingringdrives.com\/product\/threaded-porcelain-eye-3\/\"]}]},{\"@type\":\"ImageObject\",\"inLanguage\":\"es\",\"@id\":\"https:\/\/rollingringdrives.com\/product\/threaded-porcelain-eye-3\/#primaryimage\",\"url\":\"https:\/\/rollingringdrives.com\/wp-content\/uploads\/2023\/10\/1-4.jpg\",\"contentUrl\":\"https:\/\/rollingringdrives.com\/wp-content\/uploads\/2023\/10\/1-4.jpg\",\"width\":1000,\"height\":1000},{\"@type\":\"BreadcrumbList\",\"@id\":\"https:\/\/rollingringdrives.com\/product\/threaded-porcelain-eye-3\/#breadcrumb\",\"itemListElement\":[{\"@type\":\"ListItem\",\"position\":1,\"name\":\"Home\",\"item\":\"https:\/\/rollingringdrives.com\/\"},{\"@type\":\"ListItem\",\"position\":2,\"name\":\"Machines\",\"item\":\"https:\/\/rollingringdrives.com\/machines\/\"},{\"@type\":\"ListItem\",\"position\":3,\"name\":\"Threaded Porcelain Eye\"}]},{\"@type\":\"WebSite\",\"@id\":\"https:\/\/rollingringdrives.com\/#website\",\"url\":\"https:\/\/rollingringdrives.com\/\",\"name\":\"QiPang\",\"description\":\"QiPang Blog\",\"publisher\":{\"@id\":\"https:\/\/rollingringdrives.com\/#organization\"},\"potentialAction\":[{\"@type\":\"SearchAction\",\"target\":{\"@type\":\"EntryPoint\",\"urlTemplate\":\"https:\/\/rollingringdrives.com\/?s={search_term_string}\"},\"query-input\":{\"@type\":\"PropertyValueSpecification\",\"valueRequired\":true,\"valueName\":\"search_term_string\"}}],\"inLanguage\":\"es\"},{\"@type\":\"Organization\",\"@id\":\"https:\/\/rollingringdrives.com\/#organization\",\"name\":\"QiPang\",\"url\":\"https:\/\/rollingringdrives.com\/\",\"logo\":{\"@type\":\"ImageObject\",\"inLanguage\":\"es\",\"@id\":\"https:\/\/rollingringdrives.com\/#\/schema\/logo\/image\/\",\"url\":\"https:\/\/rollingringdrives.com\/wp-content\/uploads\/2023\/05\/cropped-\u672a\u547d\u540d\u7684\u8bbe\u8ba1.png\",\"contentUrl\":\"https:\/\/rollingringdrives.com\/wp-content\/uploads\/2023\/05\/cropped-\u672a\u547d\u540d\u7684\u8bbe\u8ba1.png\",\"width\":300,\"height\":191,\"caption\":\"QiPang\"},\"image\":{\"@id\":\"https:\/\/rollingringdrives.com\/#\/schema\/logo\/image\/\"}}]}<\/script>\n<!-- \/ Yoast SEO Premium plugin. -->","yoast_head_json":{"title":"Ojo de porcelana roscado - QiPang","robots":{"index":"index","follow":"follow","max-snippet":"max-snippet:-1","max-image-preview":"max-image-preview:large","max-video-preview":"max-video-preview:-1"},"canonical":"https:\/\/rollingringdrives.com\/es\/producto\/ojo-de-porcelana-roscado-3\/","og_locale":"es_MX","og_type":"article","og_title":"Threaded Porcelain Eye","og_description":"1.High mechanical strength, wear-resistant 2.Strong resistance to acid and alkali and other chemical erosion. 3.Good electrical insulation performance at room temperature and high temperature. 4. Low mechanical strength loss at high temperature 5.Good finish and thermal stability 6.Flexural and compressive strength","og_url":"https:\/\/rollingringdrives.com\/es\/producto\/ojo-de-porcelana-roscado-3\/","og_site_name":"QiPang","article_modified_time":"2023-10-25T01:29:06+00:00","og_image":[{"width":1000,"height":1000,"url":"https:\/\/rollingringdrives.com\/wp-content\/uploads\/2023\/10\/1-4.jpg","type":"image\/jpeg"}],"twitter_card":"summary_large_image","twitter_misc":{"Tiempo de lectura":"1 minuto"},"schema":{"@context":"https:\/\/schema.org","@graph":[{"@type":"WebPage","@id":"https:\/\/rollingringdrives.com\/product\/threaded-porcelain-eye-3\/","url":"https:\/\/rollingringdrives.com\/product\/threaded-porcelain-eye-3\/","name":"Ojo de porcelana roscado - QiPang","isPartOf":{"@id":"https:\/\/rollingringdrives.com\/#website"},"primaryImageOfPage":{"@id":"https:\/\/rollingringdrives.com\/product\/threaded-porcelain-eye-3\/#primaryimage"},"image":{"@id":"https:\/\/rollingringdrives.com\/product\/threaded-porcelain-eye-3\/#primaryimage"},"thumbnailUrl":"https:\/\/rollingringdrives.com\/wp-content\/uploads\/2023\/10\/1-4.jpg","datePublished":"2023-10-25T01:23:09+00:00","dateModified":"2023-10-25T01:29:06+00:00","breadcrumb":{"@id":"https:\/\/rollingringdrives.com\/product\/threaded-porcelain-eye-3\/#breadcrumb"},"inLanguage":"es","potentialAction":[{"@type":"ReadAction","target":["https:\/\/rollingringdrives.com\/product\/threaded-porcelain-eye-3\/"]}]},{"@type":"ImageObject","inLanguage":"es","@id":"https:\/\/rollingringdrives.com\/product\/threaded-porcelain-eye-3\/#primaryimage","url":"https:\/\/rollingringdrives.com\/wp-content\/uploads\/2023\/10\/1-4.jpg","contentUrl":"https:\/\/rollingringdrives.com\/wp-content\/uploads\/2023\/10\/1-4.jpg","width":1000,"height":1000},{"@type":"BreadcrumbList","@id":"https:\/\/rollingringdrives.com\/product\/threaded-porcelain-eye-3\/#breadcrumb","itemListElement":[{"@type":"ListItem","position":1,"name":"Home","item":"https:\/\/rollingringdrives.com\/"},{"@type":"ListItem","position":2,"name":"Machines","item":"https:\/\/rollingringdrives.com\/machines\/"},{"@type":"ListItem","position":3,"name":"Threaded Porcelain Eye"}]},{"@type":"WebSite","@id":"https:\/\/rollingringdrives.com\/#website","url":"https:\/\/rollingringdrives.com\/","name":"Qi Pang","description":"Blog QiPang","publisher":{"@id":"https:\/\/rollingringdrives.com\/#organization"},"potentialAction":[{"@type":"SearchAction","target":{"@type":"EntryPoint","urlTemplate":"https:\/\/rollingringdrives.com\/?s={search_term_string}"},"query-input":{"@type":"PropertyValueSpecification","valueRequired":true,"valueName":"search_term_string"}}],"inLanguage":"es"},{"@type":"Organization","@id":"https:\/\/rollingringdrives.com\/#organization","name":"Qi Pang","url":"https:\/\/rollingringdrives.com\/","logo":{"@type":"ImageObject","inLanguage":"es","@id":"https:\/\/rollingringdrives.com\/#\/schema\/logo\/image\/","url":"https:\/\/rollingringdrives.com\/wp-content\/uploads\/2023\/05\/cropped-\u672a\u547d\u540d\u7684\u8bbe\u8ba1.png","contentUrl":"https:\/\/rollingringdrives.com\/wp-content\/uploads\/2023\/05\/cropped-\u672a\u547d\u540d\u7684\u8bbe\u8ba1.png","width":300,"height":191,"caption":"QiPang"},"image":{"@id":"https:\/\/rollingringdrives.com\/#\/schema\/logo\/image\/"}}]}},"_links":{"self":[{"href":"https:\/\/rollingringdrives.com\/es\/wp-json\/wp\/v2\/product\/30246","targetHints":{"allow":["GET"]}}],"collection":[{"href":"https:\/\/rollingringdrives.com\/es\/wp-json\/wp\/v2\/product"}],"about":[{"href":"https:\/\/rollingringdrives.com\/es\/wp-json\/wp\/v2\/types\/product"}],"version-history":[{"count":0,"href":"https:\/\/rollingringdrives.com\/es\/wp-json\/wp\/v2\/product\/30246\/revisions"}],"wp:featuredmedia":[{"embeddable":true,"href":"https:\/\/rollingringdrives.com\/es\/wp-json\/wp\/v2\/media\/30249"}],"wp:attachment":[{"href":"https:\/\/rollingringdrives.com\/es\/wp-json\/wp\/v2\/media?parent=30246"}],"wp:term":[{"taxonomy":"product_brand","embeddable":true,"href":"https:\/\/rollingringdrives.com\/es\/wp-json\/wp\/v2\/product_brand?post=30246"},{"taxonomy":"product_cat","embeddable":true,"href":"https:\/\/rollingringdrives.com\/es\/wp-json\/wp\/v2\/product_cat?post=30246"},{"taxonomy":"product_tag","embeddable":true,"href":"https:\/\/rollingringdrives.com\/es\/wp-json\/wp\/v2\/product_tag?post=30246"}],"curies":[{"name":"wp","href":"https:\/\/api.w.org\/{rel}","templated":true}]}}