{"id":30444,"date":"2023-11-02T08:31:37","date_gmt":"2023-11-02T08:31:37","guid":{"rendered":"https:\/\/rollingringdrives.com\/?post_type=product&#038;p=30444"},"modified":"2023-11-03T10:11:18","modified_gmt":"2023-11-03T10:11:18","slug":"vertical-soft-winding-machine","status":"publish","type":"product","link":"https:\/\/rollingringdrives.com\/es\/producto\/maquina-de-bobinado-suave-vertical\/","title":{"rendered":"M\u00e1quina de bobinado suave vertical"},"content":{"rendered":"<h3>Solicitud:<\/h3>\n<h5>adecuado para enrollar hilo en conos con densidad uniforme y paquete suave antes de te\u00f1ir<\/h5>\n<h3><\/h3>\n<h3>Principales caracter\u00edsticas<\/h3>\n<ol>\n<li>Camino enrollador vertical sin punto de inflexi\u00f3n, poco rozamiento y menor vellosidad, equipado con luz LED.<\/li>\n<li>Sistema de control de tensi\u00f3n de doble punto con micromotores, tensi\u00f3n uniforme del hilo.<\/li>\n<li>Utilizando tambores de aleaci\u00f3n de alta calidad con forma de ranura optimizada, que tienen las ventajas de buenas caracter\u00edsticas anti-superposici\u00f3n, peso ligero, buena resistencia al desgaste y eliminaci\u00f3n de est\u00e1tica.<\/li>\n<li>\u00a0Control de motor de bobinado \u00fanico para cada huso con ajuste de longitud, parada autom\u00e1tica de un solo huso cuando el hilo se rompe o est\u00e1 completamente lleno.<\/li>\n<li>Fileta de alta velocidad con resorte de gas, que puede mantener una presi\u00f3n de bobinado constante. Esta fileta es estable y confiable.<\/li>\n<li>El dispositivo transversal para el borde suave es muy f\u00e1cil de ajustar, lo que har\u00e1 que la bobina sea adecuada para te\u00f1ir uniformemente.<\/li>\n<\/ol>\n<p>&nbsp;<\/p>\n<div id=\"footable_parent_30446\"\n         class=\"footable_parent ninja_table_wrapper loading_ninja_table wp_table_data_press_parent semantic_ui\">\n                <table data-ninja_table_instance=\"ninja_table_instance_0\" data-footable_id=\"30446\" data-filter-delay=\"1000\" aria-label=\"m\u00e1quina de bobinado suave\"            id=\"footable_30446\"\n           data-unique_identifier=\"ninja_table_unique_id_723465516_30446\"\n           class=\"foo-table ninja_footable foo_table_30446 ninja_table_unique_id_723465516_30446 ui table  nt_type_legacy_table selectable striped vertical_centered  footable-paging-right ninja_table_pro\">\n                <colgroup>\n                            <col class=\"ninja_column_0\">\n                            <col class=\"ninja_column_1\">\n                    <\/colgroup>\n        <thead>\n<tr class=\"footable-header\">\n                                        <th scope=\"col\"  class=\"ninja_column_0 ninja_clmn_nm_item\">Art\u00edculo<\/th><th scope=\"col\"  class=\"ninja_column_1 ninja_clmn_nm_technicalparameters\">Par\u00e1metros t\u00e9cnicos<\/th><\/tr>\n<\/thead>\n<tbody>\n\n        <tr data-row_id=\"1217\" class=\"ninja_table_row_0 nt_row_id_1217\">\n            <td>Velocidad mec\u00e1nica<\/td><td>1200m\/min(dependiendo de la calidad y el n\u00famero del hilo)<\/td>        <\/tr>\n            <tr data-row_id=\"1251\" class=\"ninja_table_row_1 nt_row_id_1251\">\n            <td>Forma de anti-superposici\u00f3n<\/td><td>Conversi\u00f3n de frecuencia<\/td>        <\/tr>\n            <tr data-row_id=\"1218\" class=\"ninja_table_row_2 nt_row_id_1218\">\n            <td>bobina del paquete<\/td><td>0\u00b0,3\u00b030<\/td>        <\/tr>\n            <tr data-row_id=\"1219\" class=\"ninja_table_row_3 nt_row_id_1219\">\n            <td>Di\u00e1metro del paquete<\/td><td>Hasta \u03c6 290 mm<\/td>        <\/tr>\n            <tr data-row_id=\"1222\" class=\"ninja_table_row_4 nt_row_id_1222\">\n            <td>Peso del paquete<\/td><td>Hasta 3 kilos<\/td>        <\/tr>\n            <tr data-row_id=\"1223\" class=\"ninja_table_row_5 nt_row_id_1223\">\n            <td>Hilos\/cuenta<\/td><td>Algod\u00f3n. lino, lana, seda, fibra qu\u00edmica \/Ne 6--180<\/td>        <\/tr>\n            <tr data-row_id=\"1224\" class=\"ninja_table_row_6 nt_row_id_1224\">\n            <td>El consumo de energ\u00eda<\/td><td>Potencia instalada: 100 W\/husillo, Consumo de energ\u00eda: 65 W\/husillo<\/td>        <\/tr>\n            <tr data-row_id=\"1225\" class=\"ninja_table_row_7 nt_row_id_1225\">\n            <td>Parada autom\u00e1tica mientras se rompe el hilo<\/td><td>Con sensor de hilo electr\u00f3nico, el husillo se detendr\u00e1 cuando se rompa el hilo.<\/td>        <\/tr>\n            <tr data-row_id=\"1226\" class=\"ninja_table_row_8 nt_row_id_1226\">\n            <td>Fijaci\u00f3n autom\u00e1tica de longitud<\/td><td>Fijaci\u00f3n autom\u00e1tica de longitud, m\u00e1x.: 999999 m<\/td>        <\/tr>\n            <tr data-row_id=\"1227\" class=\"ninja_table_row_9 nt_row_id_1227\">\n            <td>Comienzo lento<\/td><td>Para un arranque suave y una mejor calidad de bobinado, admitiendo un arranque lento individual para cada husillo (disponible bajo pedido)<\/td>        <\/tr>\n            <tr data-row_id=\"1228\" class=\"ninja_table_row_10 nt_row_id_1228\">\n            <td>Limpiador de hilo electr\u00f3nico\/empalmador de aire\/convrey<\/td><td>Opcional<\/td>        <\/tr>\n            <tr data-row_id=\"1248\" class=\"ninja_table_row_11 nt_row_id_1248\">\n            <td>empalmadora de aire<\/td><td>Opcional<\/td>        <\/tr>\n            <tr data-row_id=\"1229\" class=\"ninja_table_row_12 nt_row_id_1229\">\n            <td>Unidad de soplado\/aspiraci\u00f3n m\u00f3vil<\/td><td>Opcional, consumo de energ\u00eda 1.1KW<\/td>        <\/tr>\n            <tr data-row_id=\"1232\" class=\"ninja_table_row_13 nt_row_id_1232\">\n            <td>Dimensiones externas<\/td><td>2180mmxN+380mm<\/td>        <\/tr>\n            <tr data-row_id=\"1249\" class=\"ninja_table_row_14 nt_row_id_1249\">\n            <td>Peso de cada secci\u00f3n<\/td><td>270 kilos<\/td>        <\/tr>\n            <tr data-row_id=\"1250\" class=\"ninja_table_row_15 nt_row_id_1250\">\n            <td>Fuente de alimentaci\u00f3n<\/td><td>Trif\u00e1sico 380V+10%,50\/60HZ<\/td>        <\/tr>\n    <\/tbody><!--ninja_tobody_rendering_done-->\n    <\/table>\n    \n    \n    \n<\/div>","protected":false},"excerpt":{"rendered":"<h4>1. Se adopta el devanado oscilante de la lanzadera deslizante.<\/h4>\n<h4>2.Control de motor de bobinado \u00fanico para cada husillo,<\/h4>\n<h4>3.electr\u00f3nico de longitud fija<\/h4>\n<h4>4. Parada autom\u00e1tica de un solo husillo mientras se rompe el hilo o se llena por completo.<\/h4>\n<h4>5.Esta fileta es estable y confiable.<\/h4>","protected":false},"featured_media":30449,"template":"","meta":{"site-sidebar-layout":"default","site-content-layout":"default","ast-global-header-display":"","ast-banner-title-visibility":"","ast-main-header-display":"","ast-hfb-above-header-display":"","ast-hfb-below-header-display":"","ast-hfb-mobile-header-display":"","site-post-title":"","ast-breadcrumbs-content":"","ast-featured-img":"","footer-sml-layout":"","theme-transparent-header-meta":"default","adv-header-id-meta":"","stick-header-meta":"","header-above-stick-meta":"","header-main-stick-meta":"","header-below-stick-meta":""},"product_brand":[],"product_cat":[100,122],"product_tag":[],"class_list":{"0":"post-30444","1":"product","2":"type-product","3":"status-publish","4":"has-post-thumbnail","6":"product_cat-spindle-winding-machine","7":"product_cat-yarn-winding-machine","8":"desktop-align-left","9":"tablet-align-left","10":"mobile-align-left","12":"first","13":"instock","14":"shipping-taxable","15":"product-type-simple"},"yoast_head":"<!-- This site is optimized with the Yoast SEO Premium plugin v20.12 (Yoast SEO v26.0) - https:\/\/yoast.com\/wordpress\/plugins\/seo\/ -->\n<title>Vertical Soft Winding Machine - QiPang<\/title>\n<meta name=\"robots\" content=\"index, follow, max-snippet:-1, max-image-preview:large, max-video-preview:-1\" \/>\n<link rel=\"canonical\" href=\"https:\/\/rollingringdrives.com\/es\/producto\/maquina-de-bobinado-suave-vertical\/\" \/>\n<meta property=\"og:locale\" content=\"es_MX\" \/>\n<meta property=\"og:type\" content=\"article\" \/>\n<meta property=\"og:title\" content=\"Vertical Soft Winding Machine\" \/>\n<meta property=\"og:description\" content=\"1.The sliding shuttle swing winding is adopted 2.Single winding motor control for each spindle, 3.electronic fixed-length 4.single spindle automatic stop while yarn breaking or fully filled. 5.This creel is stable and reliable.\" \/>\n<meta property=\"og:url\" content=\"https:\/\/rollingringdrives.com\/es\/producto\/maquina-de-bobinado-suave-vertical\/\" \/>\n<meta property=\"og:site_name\" content=\"QiPang\" \/>\n<meta property=\"article:modified_time\" content=\"2023-11-03T10:11:18+00:00\" \/>\n<meta property=\"og:image\" content=\"https:\/\/rollingringdrives.com\/wp-content\/uploads\/2023\/11\/\u677e\u5f0f\u7edc\u7b52\u673a\u56fe\u7247_\u526f\u672c.png\" \/>\n\t<meta property=\"og:image:width\" content=\"600\" \/>\n\t<meta property=\"og:image:height\" content=\"600\" \/>\n\t<meta property=\"og:image:type\" content=\"image\/png\" \/>\n<meta name=\"twitter:card\" content=\"summary_large_image\" \/>\n<meta name=\"twitter:label1\" content=\"Tiempo de lectura\" \/>\n\t<meta name=\"twitter:data1\" content=\"1 minuto\" \/>\n<script type=\"application\/ld+json\" class=\"yoast-schema-graph\">{\"@context\":\"https:\/\/schema.org\",\"@graph\":[{\"@type\":\"WebPage\",\"@id\":\"https:\/\/rollingringdrives.com\/product\/vertical-soft-winding-machine\/\",\"url\":\"https:\/\/rollingringdrives.com\/product\/vertical-soft-winding-machine\/\",\"name\":\"Vertical Soft Winding Machine - QiPang\",\"isPartOf\":{\"@id\":\"https:\/\/rollingringdrives.com\/#website\"},\"primaryImageOfPage\":{\"@id\":\"https:\/\/rollingringdrives.com\/product\/vertical-soft-winding-machine\/#primaryimage\"},\"image\":{\"@id\":\"https:\/\/rollingringdrives.com\/product\/vertical-soft-winding-machine\/#primaryimage\"},\"thumbnailUrl\":\"https:\/\/rollingringdrives.com\/wp-content\/uploads\/2023\/11\/\u677e\u5f0f\u7edc\u7b52\u673a\u56fe\u7247_\u526f\u672c.png\",\"datePublished\":\"2023-11-02T08:31:37+00:00\",\"dateModified\":\"2023-11-03T10:11:18+00:00\",\"breadcrumb\":{\"@id\":\"https:\/\/rollingringdrives.com\/product\/vertical-soft-winding-machine\/#breadcrumb\"},\"inLanguage\":\"es\",\"potentialAction\":[{\"@type\":\"ReadAction\",\"target\":[\"https:\/\/rollingringdrives.com\/product\/vertical-soft-winding-machine\/\"]}]},{\"@type\":\"ImageObject\",\"inLanguage\":\"es\",\"@id\":\"https:\/\/rollingringdrives.com\/product\/vertical-soft-winding-machine\/#primaryimage\",\"url\":\"https:\/\/rollingringdrives.com\/wp-content\/uploads\/2023\/11\/\u677e\u5f0f\u7edc\u7b52\u673a\u56fe\u7247_\u526f\u672c.png\",\"contentUrl\":\"https:\/\/rollingringdrives.com\/wp-content\/uploads\/2023\/11\/\u677e\u5f0f\u7edc\u7b52\u673a\u56fe\u7247_\u526f\u672c.png\",\"width\":600,\"height\":600},{\"@type\":\"BreadcrumbList\",\"@id\":\"https:\/\/rollingringdrives.com\/product\/vertical-soft-winding-machine\/#breadcrumb\",\"itemListElement\":[{\"@type\":\"ListItem\",\"position\":1,\"name\":\"Home\",\"item\":\"https:\/\/rollingringdrives.com\/\"},{\"@type\":\"ListItem\",\"position\":2,\"name\":\"Machines\",\"item\":\"https:\/\/rollingringdrives.com\/machines\/\"},{\"@type\":\"ListItem\",\"position\":3,\"name\":\"Vertical Soft Winding Machine\"}]},{\"@type\":\"WebSite\",\"@id\":\"https:\/\/rollingringdrives.com\/#website\",\"url\":\"https:\/\/rollingringdrives.com\/\",\"name\":\"QiPang\",\"description\":\"QiPang Blog\",\"publisher\":{\"@id\":\"https:\/\/rollingringdrives.com\/#organization\"},\"potentialAction\":[{\"@type\":\"SearchAction\",\"target\":{\"@type\":\"EntryPoint\",\"urlTemplate\":\"https:\/\/rollingringdrives.com\/?s={search_term_string}\"},\"query-input\":{\"@type\":\"PropertyValueSpecification\",\"valueRequired\":true,\"valueName\":\"search_term_string\"}}],\"inLanguage\":\"es\"},{\"@type\":\"Organization\",\"@id\":\"https:\/\/rollingringdrives.com\/#organization\",\"name\":\"QiPang\",\"url\":\"https:\/\/rollingringdrives.com\/\",\"logo\":{\"@type\":\"ImageObject\",\"inLanguage\":\"es\",\"@id\":\"https:\/\/rollingringdrives.com\/#\/schema\/logo\/image\/\",\"url\":\"https:\/\/rollingringdrives.com\/wp-content\/uploads\/2023\/05\/cropped-\u672a\u547d\u540d\u7684\u8bbe\u8ba1.png\",\"contentUrl\":\"https:\/\/rollingringdrives.com\/wp-content\/uploads\/2023\/05\/cropped-\u672a\u547d\u540d\u7684\u8bbe\u8ba1.png\",\"width\":300,\"height\":191,\"caption\":\"QiPang\"},\"image\":{\"@id\":\"https:\/\/rollingringdrives.com\/#\/schema\/logo\/image\/\"}}]}<\/script>\n<!-- \/ Yoast SEO Premium plugin. -->","yoast_head_json":{"title":"M\u00e1quina de bobinado suave vertical - QiPang","robots":{"index":"index","follow":"follow","max-snippet":"max-snippet:-1","max-image-preview":"max-image-preview:large","max-video-preview":"max-video-preview:-1"},"canonical":"https:\/\/rollingringdrives.com\/es\/producto\/maquina-de-bobinado-suave-vertical\/","og_locale":"es_MX","og_type":"article","og_title":"Vertical Soft Winding Machine","og_description":"1.The sliding shuttle swing winding is adopted 2.Single winding motor control for each spindle, 3.electronic fixed-length 4.single spindle automatic stop while yarn breaking or fully filled. 5.This creel is stable and reliable.","og_url":"https:\/\/rollingringdrives.com\/es\/producto\/maquina-de-bobinado-suave-vertical\/","og_site_name":"QiPang","article_modified_time":"2023-11-03T10:11:18+00:00","og_image":[{"width":600,"height":600,"url":"https:\/\/rollingringdrives.com\/wp-content\/uploads\/2023\/11\/\u677e\u5f0f\u7edc\u7b52\u673a\u56fe\u7247_\u526f\u672c.png","type":"image\/png"}],"twitter_card":"summary_large_image","twitter_misc":{"Tiempo de lectura":"1 minuto"},"schema":{"@context":"https:\/\/schema.org","@graph":[{"@type":"WebPage","@id":"https:\/\/rollingringdrives.com\/product\/vertical-soft-winding-machine\/","url":"https:\/\/rollingringdrives.com\/product\/vertical-soft-winding-machine\/","name":"M\u00e1quina de bobinado suave vertical - QiPang","isPartOf":{"@id":"https:\/\/rollingringdrives.com\/#website"},"primaryImageOfPage":{"@id":"https:\/\/rollingringdrives.com\/product\/vertical-soft-winding-machine\/#primaryimage"},"image":{"@id":"https:\/\/rollingringdrives.com\/product\/vertical-soft-winding-machine\/#primaryimage"},"thumbnailUrl":"https:\/\/rollingringdrives.com\/wp-content\/uploads\/2023\/11\/\u677e\u5f0f\u7edc\u7b52\u673a\u56fe\u7247_\u526f\u672c.png","datePublished":"2023-11-02T08:31:37+00:00","dateModified":"2023-11-03T10:11:18+00:00","breadcrumb":{"@id":"https:\/\/rollingringdrives.com\/product\/vertical-soft-winding-machine\/#breadcrumb"},"inLanguage":"es","potentialAction":[{"@type":"ReadAction","target":["https:\/\/rollingringdrives.com\/product\/vertical-soft-winding-machine\/"]}]},{"@type":"ImageObject","inLanguage":"es","@id":"https:\/\/rollingringdrives.com\/product\/vertical-soft-winding-machine\/#primaryimage","url":"https:\/\/rollingringdrives.com\/wp-content\/uploads\/2023\/11\/\u677e\u5f0f\u7edc\u7b52\u673a\u56fe\u7247_\u526f\u672c.png","contentUrl":"https:\/\/rollingringdrives.com\/wp-content\/uploads\/2023\/11\/\u677e\u5f0f\u7edc\u7b52\u673a\u56fe\u7247_\u526f\u672c.png","width":600,"height":600},{"@type":"BreadcrumbList","@id":"https:\/\/rollingringdrives.com\/product\/vertical-soft-winding-machine\/#breadcrumb","itemListElement":[{"@type":"ListItem","position":1,"name":"Home","item":"https:\/\/rollingringdrives.com\/"},{"@type":"ListItem","position":2,"name":"Machines","item":"https:\/\/rollingringdrives.com\/machines\/"},{"@type":"ListItem","position":3,"name":"Vertical Soft Winding Machine"}]},{"@type":"WebSite","@id":"https:\/\/rollingringdrives.com\/#website","url":"https:\/\/rollingringdrives.com\/","name":"Qi Pang","description":"Blog QiPang","publisher":{"@id":"https:\/\/rollingringdrives.com\/#organization"},"potentialAction":[{"@type":"SearchAction","target":{"@type":"EntryPoint","urlTemplate":"https:\/\/rollingringdrives.com\/?s={search_term_string}"},"query-input":{"@type":"PropertyValueSpecification","valueRequired":true,"valueName":"search_term_string"}}],"inLanguage":"es"},{"@type":"Organization","@id":"https:\/\/rollingringdrives.com\/#organization","name":"Qi Pang","url":"https:\/\/rollingringdrives.com\/","logo":{"@type":"ImageObject","inLanguage":"es","@id":"https:\/\/rollingringdrives.com\/#\/schema\/logo\/image\/","url":"https:\/\/rollingringdrives.com\/wp-content\/uploads\/2023\/05\/cropped-\u672a\u547d\u540d\u7684\u8bbe\u8ba1.png","contentUrl":"https:\/\/rollingringdrives.com\/wp-content\/uploads\/2023\/05\/cropped-\u672a\u547d\u540d\u7684\u8bbe\u8ba1.png","width":300,"height":191,"caption":"QiPang"},"image":{"@id":"https:\/\/rollingringdrives.com\/#\/schema\/logo\/image\/"}}]}},"_links":{"self":[{"href":"https:\/\/rollingringdrives.com\/es\/wp-json\/wp\/v2\/product\/30444","targetHints":{"allow":["GET"]}}],"collection":[{"href":"https:\/\/rollingringdrives.com\/es\/wp-json\/wp\/v2\/product"}],"about":[{"href":"https:\/\/rollingringdrives.com\/es\/wp-json\/wp\/v2\/types\/product"}],"version-history":[{"count":0,"href":"https:\/\/rollingringdrives.com\/es\/wp-json\/wp\/v2\/product\/30444\/revisions"}],"wp:featuredmedia":[{"embeddable":true,"href":"https:\/\/rollingringdrives.com\/es\/wp-json\/wp\/v2\/media\/30449"}],"wp:attachment":[{"href":"https:\/\/rollingringdrives.com\/es\/wp-json\/wp\/v2\/media?parent=30444"}],"wp:term":[{"taxonomy":"product_brand","embeddable":true,"href":"https:\/\/rollingringdrives.com\/es\/wp-json\/wp\/v2\/product_brand?post=30444"},{"taxonomy":"product_cat","embeddable":true,"href":"https:\/\/rollingringdrives.com\/es\/wp-json\/wp\/v2\/product_cat?post=30444"},{"taxonomy":"product_tag","embeddable":true,"href":"https:\/\/rollingringdrives.com\/es\/wp-json\/wp\/v2\/product_tag?post=30444"}],"curies":[{"name":"wp","href":"https:\/\/api.w.org\/{rel}","templated":true}]}}