{"id":30506,"date":"2023-11-03T06:43:38","date_gmt":"2023-11-03T06:43:38","guid":{"rendered":"https:\/\/rollingringdrives.com\/?post_type=product&#038;p=30506"},"modified":"2023-11-03T10:11:11","modified_gmt":"2023-11-03T10:11:11","slug":"vertical-hard-winding-machine","status":"publish","type":"product","link":"https:\/\/rollingringdrives.com\/es\/producto\/maquina-de-bobinado-duro-vertical\/","title":{"rendered":"M\u00e1quina de bobinado duro vertical"},"content":{"rendered":"<h3>Solicitud:<\/h3>\n<h5>Se utiliza en la producci\u00f3n de varios tipos de hilo c\u00f3nico, para urdidores, m\u00e1quinas de tejer, m\u00e1quinas de frivolit\u00e9 y m\u00e1quinas de calceter\u00eda.<\/h5>\n<h3><\/h3>\n<h3>Principales caracter\u00edsticas<\/h3>\n<h5>1. Dise\u00f1o de trayectoria de hilo vertical, sin punto de inflexi\u00f3n, la fricci\u00f3n del hilo es peque\u00f1a, menos vellosidad, equipado con luz LED.<br \/>\n2. Sistema de control de tensi\u00f3n de puntos dobles con micromotores, tensi\u00f3n uniforme del hilo.3. Utilizando tambores de aleaci\u00f3n de alta calidad con forma de ranura optimizada, buen antipatr\u00f3n y buena resistencia al desgaste.<br \/>\n4. Control de motor de bobinado \u00fanico para cada husillo, parada autom\u00e1tica electr\u00f3nica de longitud fija de un solo husillo mientras el var\u00f3n se rompe o se llena por completo.<br \/>\n5. Nuestro controlador de anillo de gas bi-rodante puede estabilizar la tensi\u00f3n de desenrollado y mejorar el efecto de formaci\u00f3n del queso.<\/h5>\n<p>&nbsp;<\/p>\n<div id=\"footable_parent_30510\"\n         class=\"footable_parent ninja_table_wrapper loading_ninja_table wp_table_data_press_parent semantic_ui\">\n                <table data-ninja_table_instance=\"ninja_table_instance_0\" data-footable_id=\"30510\" data-filter-delay=\"1000\" aria-label=\"M\u00e1quina de bobinado duro vertical\"            id=\"footable_30510\"\n           data-unique_identifier=\"ninja_table_unique_id_1681480707_30510\"\n           class=\"foo-table ninja_footable foo_table_30510 ninja_table_unique_id_1681480707_30510 ui table  nt_type_legacy_table selectable striped vertical_centered  footable-paging-right ninja_table_pro\">\n                <colgroup>\n                            <col class=\"ninja_column_0\">\n                            <col class=\"ninja_column_1\">\n                    <\/colgroup>\n        <thead>\n<tr class=\"footable-header\">\n                                        <th scope=\"col\"  class=\"ninja_column_0 ninja_clmn_nm_item\">Art\u00edculo<\/th><th scope=\"col\"  class=\"ninja_column_1 ninja_clmn_nm_technicalparameters\">Par\u00e1metros t\u00e9cnicos<\/th><\/tr>\n<\/thead>\n<tbody>\n\n        <tr data-row_id=\"1314\" class=\"ninja_table_row_0 nt_row_id_1314\">\n            <td>Velocidad mec\u00e1nica<\/td><td>1200m\/min(dependiendo de la calidad y el n\u00famero del hilo)<\/td>        <\/tr>\n            <tr data-row_id=\"1329\" class=\"ninja_table_row_1 nt_row_id_1329\">\n            <td>Forma de anti-superposici\u00f3n<\/td><td>Conversi\u00f3n de frecuencia<\/td>        <\/tr>\n            <tr data-row_id=\"1315\" class=\"ninja_table_row_2 nt_row_id_1315\">\n            <td>bobina del paquete<\/td><td>0\u00b0,3\u00b030<\/td>        <\/tr>\n            <tr data-row_id=\"1316\" class=\"ninja_table_row_3 nt_row_id_1316\">\n            <td>Di\u00e1metro del paquete<\/td><td>Hasta \u03c6 290 mm<\/td>        <\/tr>\n            <tr data-row_id=\"1317\" class=\"ninja_table_row_4 nt_row_id_1317\">\n            <td>Peso del paquete<\/td><td>Hasta 3 kilos<\/td>        <\/tr>\n            <tr data-row_id=\"1318\" class=\"ninja_table_row_5 nt_row_id_1318\">\n            <td>Hilos\/cuenta<\/td><td>Algod\u00f3n. lino, lana, seda, fibra qu\u00edmica \/Ne 6--180<\/td>        <\/tr>\n            <tr data-row_id=\"1319\" class=\"ninja_table_row_6 nt_row_id_1319\">\n            <td>El consumo de energ\u00eda<\/td><td>Potencia instalada: 100 W\/husillo, Consumo de energ\u00eda: 65 W\/husillo<\/td>        <\/tr>\n            <tr data-row_id=\"1320\" class=\"ninja_table_row_7 nt_row_id_1320\">\n            <td>Parada autom\u00e1tica mientras se rompe el hilo<\/td><td>Con sensor de hilo electr\u00f3nico, el husillo se detendr\u00e1 cuando se rompa el hilo.<\/td>        <\/tr>\n            <tr data-row_id=\"1321\" class=\"ninja_table_row_8 nt_row_id_1321\">\n            <td>Fijaci\u00f3n autom\u00e1tica de longitud<\/td><td>Fijaci\u00f3n autom\u00e1tica de longitud, m\u00e1x.: 999999 m<\/td>        <\/tr>\n            <tr data-row_id=\"1322\" class=\"ninja_table_row_9 nt_row_id_1322\">\n            <td>Comienzo lento<\/td><td>Para un arranque suave y una mejor calidad de bobinado, admitiendo un arranque lento individual para cada husillo (disponible bajo pedido)<\/td>        <\/tr>\n            <tr data-row_id=\"1323\" class=\"ninja_table_row_10 nt_row_id_1323\">\n            <td>Limpiador de hilo electr\u00f3nico\/empalmador de aire\/convrey<\/td><td>Opcional<\/td>        <\/tr>\n            <tr data-row_id=\"1326\" class=\"ninja_table_row_11 nt_row_id_1326\">\n            <td>empalmadora de aire<\/td><td>Opcional<\/td>        <\/tr>\n            <tr data-row_id=\"1324\" class=\"ninja_table_row_12 nt_row_id_1324\">\n            <td>Unidad de soplado\/aspiraci\u00f3n m\u00f3vil<\/td><td>Opcional, consumo de energ\u00eda 1.1KW<\/td>        <\/tr>\n            <tr data-row_id=\"1325\" class=\"ninja_table_row_13 nt_row_id_1325\">\n            <td>Dimensiones externas<\/td><td>2180mmxN+380mm<\/td>        <\/tr>\n            <tr data-row_id=\"1327\" class=\"ninja_table_row_14 nt_row_id_1327\">\n            <td>Peso de cada secci\u00f3n<\/td><td>270 kilos<\/td>        <\/tr>\n            <tr data-row_id=\"1328\" class=\"ninja_table_row_15 nt_row_id_1328\">\n            <td>Fuente de alimentaci\u00f3n<\/td><td>Trif\u00e1sico 380V+10%,50\/60HZ<\/td>        <\/tr>\n    <\/tbody><!--ninja_tobody_rendering_done-->\n    <\/table>\n    \n    \n    \n<\/div>","protected":false},"excerpt":{"rendered":"<div class=\"elementor-element elementor-element-74120ef2 elementor-widget elementor-widget-woocommerce-product-short-description\" data-id=\"74120ef2\" data-element_type=\"widget\" data-widget_type=\"woocommerce-product-short-description.default\">\n<div class=\"elementor-widget-container\">\n<div class=\"woocommerce-product-details__short-description\">\n<h3 id=\"1-eael-table-of-content\" class=\"eael-heading-content\">1.Velocidad r\u00e1pida<\/h3>\n<h3 id=\"2-eael-table-of-content\" class=\"eael-heading-content\">2.Operaci\u00f3n sencilla<\/h3>\n<h3 id=\"3-eael-table-of-content\" class=\"eael-heading-content\">3.Bajo ruido<\/h3>\n<h3 id=\"4-eael-table-of-content\" class=\"eael-heading-content\">4.adecuado para bobinado y pruebas de laboratorio o de lotes peque\u00f1os<\/h3>\n<\/div>\n<\/div>\n<\/div>\n<div class=\"elementor-element elementor-element-51a33f37 elementor-widget elementor-widget-button\" data-id=\"51a33f37\" data-element_type=\"widget\" data-widget_type=\"button.default\">\n<div class=\"elementor-widget-container\">\n<div class=\"elementor-button-wrapper\"><\/div>\n<\/div>\n<\/div>","protected":false},"featured_media":30511,"template":"","meta":{"site-sidebar-layout":"default","site-content-layout":"default","ast-global-header-display":"","ast-banner-title-visibility":"","ast-main-header-display":"","ast-hfb-above-header-display":"","ast-hfb-below-header-display":"","ast-hfb-mobile-header-display":"","site-post-title":"","ast-breadcrumbs-content":"","ast-featured-img":"","footer-sml-layout":"","theme-transparent-header-meta":"default","adv-header-id-meta":"","stick-header-meta":"","header-above-stick-meta":"","header-main-stick-meta":"","header-below-stick-meta":""},"product_brand":[],"product_cat":[100,122],"product_tag":[],"class_list":{"0":"post-30506","1":"product","2":"type-product","3":"status-publish","4":"has-post-thumbnail","6":"product_cat-spindle-winding-machine","7":"product_cat-yarn-winding-machine","8":"desktop-align-left","9":"tablet-align-left","10":"mobile-align-left","12":"first","13":"instock","14":"shipping-taxable","15":"product-type-simple"},"yoast_head":"<!-- This site is optimized with the Yoast SEO Premium plugin v20.12 (Yoast SEO v26.0) - https:\/\/yoast.com\/wordpress\/plugins\/seo\/ -->\n<title>Vertical Hard Winding Machine - QiPang<\/title>\n<meta name=\"robots\" content=\"index, follow, max-snippet:-1, max-image-preview:large, max-video-preview:-1\" \/>\n<link rel=\"canonical\" href=\"https:\/\/rollingringdrives.com\/es\/producto\/maquina-de-bobinado-duro-vertical\/\" \/>\n<meta property=\"og:locale\" content=\"es_MX\" \/>\n<meta property=\"og:type\" content=\"article\" \/>\n<meta property=\"og:title\" content=\"Vertical Hard Winding Machine\" \/>\n<meta property=\"og:description\" content=\"1.Fast speed 2.Simple operation 3.Low noise 4.suitable for laboratory or small-batch winding\u00a0 \u00a0 \u00a0and proofing\" \/>\n<meta property=\"og:url\" content=\"https:\/\/rollingringdrives.com\/es\/producto\/maquina-de-bobinado-duro-vertical\/\" \/>\n<meta property=\"og:site_name\" content=\"QiPang\" \/>\n<meta property=\"article:modified_time\" content=\"2023-11-03T10:11:11+00:00\" \/>\n<meta property=\"og:image\" content=\"https:\/\/rollingringdrives.com\/wp-content\/uploads\/2023\/11\/\u5fae\u4fe1\u56fe\u7247_20231103143457_\u526f\u672c.png\" \/>\n\t<meta property=\"og:image:width\" content=\"600\" \/>\n\t<meta property=\"og:image:height\" content=\"600\" \/>\n\t<meta property=\"og:image:type\" content=\"image\/png\" \/>\n<meta name=\"twitter:card\" content=\"summary_large_image\" \/>\n<meta name=\"twitter:label1\" content=\"Tiempo de lectura\" \/>\n\t<meta name=\"twitter:data1\" content=\"1 minuto\" \/>\n<script type=\"application\/ld+json\" class=\"yoast-schema-graph\">{\"@context\":\"https:\/\/schema.org\",\"@graph\":[{\"@type\":\"WebPage\",\"@id\":\"https:\/\/rollingringdrives.com\/product\/vertical-hard-winding-machine\/\",\"url\":\"https:\/\/rollingringdrives.com\/product\/vertical-hard-winding-machine\/\",\"name\":\"Vertical Hard Winding Machine - QiPang\",\"isPartOf\":{\"@id\":\"https:\/\/rollingringdrives.com\/#website\"},\"primaryImageOfPage\":{\"@id\":\"https:\/\/rollingringdrives.com\/product\/vertical-hard-winding-machine\/#primaryimage\"},\"image\":{\"@id\":\"https:\/\/rollingringdrives.com\/product\/vertical-hard-winding-machine\/#primaryimage\"},\"thumbnailUrl\":\"https:\/\/rollingringdrives.com\/wp-content\/uploads\/2023\/11\/\u5fae\u4fe1\u56fe\u7247_20231103143457_\u526f\u672c.png\",\"datePublished\":\"2023-11-03T06:43:38+00:00\",\"dateModified\":\"2023-11-03T10:11:11+00:00\",\"breadcrumb\":{\"@id\":\"https:\/\/rollingringdrives.com\/product\/vertical-hard-winding-machine\/#breadcrumb\"},\"inLanguage\":\"es\",\"potentialAction\":[{\"@type\":\"ReadAction\",\"target\":[\"https:\/\/rollingringdrives.com\/product\/vertical-hard-winding-machine\/\"]}]},{\"@type\":\"ImageObject\",\"inLanguage\":\"es\",\"@id\":\"https:\/\/rollingringdrives.com\/product\/vertical-hard-winding-machine\/#primaryimage\",\"url\":\"https:\/\/rollingringdrives.com\/wp-content\/uploads\/2023\/11\/\u5fae\u4fe1\u56fe\u7247_20231103143457_\u526f\u672c.png\",\"contentUrl\":\"https:\/\/rollingringdrives.com\/wp-content\/uploads\/2023\/11\/\u5fae\u4fe1\u56fe\u7247_20231103143457_\u526f\u672c.png\",\"width\":600,\"height\":600,\"caption\":\"Yarn Cone Winder\"},{\"@type\":\"BreadcrumbList\",\"@id\":\"https:\/\/rollingringdrives.com\/product\/vertical-hard-winding-machine\/#breadcrumb\",\"itemListElement\":[{\"@type\":\"ListItem\",\"position\":1,\"name\":\"Home\",\"item\":\"https:\/\/rollingringdrives.com\/\"},{\"@type\":\"ListItem\",\"position\":2,\"name\":\"Machines\",\"item\":\"https:\/\/rollingringdrives.com\/machines\/\"},{\"@type\":\"ListItem\",\"position\":3,\"name\":\"Vertical Hard Winding Machine\"}]},{\"@type\":\"WebSite\",\"@id\":\"https:\/\/rollingringdrives.com\/#website\",\"url\":\"https:\/\/rollingringdrives.com\/\",\"name\":\"QiPang\",\"description\":\"QiPang Blog\",\"publisher\":{\"@id\":\"https:\/\/rollingringdrives.com\/#organization\"},\"potentialAction\":[{\"@type\":\"SearchAction\",\"target\":{\"@type\":\"EntryPoint\",\"urlTemplate\":\"https:\/\/rollingringdrives.com\/?s={search_term_string}\"},\"query-input\":{\"@type\":\"PropertyValueSpecification\",\"valueRequired\":true,\"valueName\":\"search_term_string\"}}],\"inLanguage\":\"es\"},{\"@type\":\"Organization\",\"@id\":\"https:\/\/rollingringdrives.com\/#organization\",\"name\":\"QiPang\",\"url\":\"https:\/\/rollingringdrives.com\/\",\"logo\":{\"@type\":\"ImageObject\",\"inLanguage\":\"es\",\"@id\":\"https:\/\/rollingringdrives.com\/#\/schema\/logo\/image\/\",\"url\":\"https:\/\/rollingringdrives.com\/wp-content\/uploads\/2023\/05\/cropped-\u672a\u547d\u540d\u7684\u8bbe\u8ba1.png\",\"contentUrl\":\"https:\/\/rollingringdrives.com\/wp-content\/uploads\/2023\/05\/cropped-\u672a\u547d\u540d\u7684\u8bbe\u8ba1.png\",\"width\":300,\"height\":191,\"caption\":\"QiPang\"},\"image\":{\"@id\":\"https:\/\/rollingringdrives.com\/#\/schema\/logo\/image\/\"}}]}<\/script>\n<!-- \/ Yoast SEO Premium plugin. -->","yoast_head_json":{"title":"M\u00e1quina de bobinado duro vertical - QiPang","robots":{"index":"index","follow":"follow","max-snippet":"max-snippet:-1","max-image-preview":"max-image-preview:large","max-video-preview":"max-video-preview:-1"},"canonical":"https:\/\/rollingringdrives.com\/es\/producto\/maquina-de-bobinado-duro-vertical\/","og_locale":"es_MX","og_type":"article","og_title":"Vertical Hard Winding Machine","og_description":"1.Fast speed 2.Simple operation 3.Low noise 4.suitable for laboratory or small-batch winding\u00a0 \u00a0 \u00a0and proofing","og_url":"https:\/\/rollingringdrives.com\/es\/producto\/maquina-de-bobinado-duro-vertical\/","og_site_name":"QiPang","article_modified_time":"2023-11-03T10:11:11+00:00","og_image":[{"width":600,"height":600,"url":"https:\/\/rollingringdrives.com\/wp-content\/uploads\/2023\/11\/\u5fae\u4fe1\u56fe\u7247_20231103143457_\u526f\u672c.png","type":"image\/png"}],"twitter_card":"summary_large_image","twitter_misc":{"Tiempo de lectura":"1 minuto"},"schema":{"@context":"https:\/\/schema.org","@graph":[{"@type":"WebPage","@id":"https:\/\/rollingringdrives.com\/product\/vertical-hard-winding-machine\/","url":"https:\/\/rollingringdrives.com\/product\/vertical-hard-winding-machine\/","name":"M\u00e1quina de bobinado duro vertical - QiPang","isPartOf":{"@id":"https:\/\/rollingringdrives.com\/#website"},"primaryImageOfPage":{"@id":"https:\/\/rollingringdrives.com\/product\/vertical-hard-winding-machine\/#primaryimage"},"image":{"@id":"https:\/\/rollingringdrives.com\/product\/vertical-hard-winding-machine\/#primaryimage"},"thumbnailUrl":"https:\/\/rollingringdrives.com\/wp-content\/uploads\/2023\/11\/\u5fae\u4fe1\u56fe\u7247_20231103143457_\u526f\u672c.png","datePublished":"2023-11-03T06:43:38+00:00","dateModified":"2023-11-03T10:11:11+00:00","breadcrumb":{"@id":"https:\/\/rollingringdrives.com\/product\/vertical-hard-winding-machine\/#breadcrumb"},"inLanguage":"es","potentialAction":[{"@type":"ReadAction","target":["https:\/\/rollingringdrives.com\/product\/vertical-hard-winding-machine\/"]}]},{"@type":"ImageObject","inLanguage":"es","@id":"https:\/\/rollingringdrives.com\/product\/vertical-hard-winding-machine\/#primaryimage","url":"https:\/\/rollingringdrives.com\/wp-content\/uploads\/2023\/11\/\u5fae\u4fe1\u56fe\u7247_20231103143457_\u526f\u672c.png","contentUrl":"https:\/\/rollingringdrives.com\/wp-content\/uploads\/2023\/11\/\u5fae\u4fe1\u56fe\u7247_20231103143457_\u526f\u672c.png","width":600,"height":600,"caption":"Yarn Cone Winder"},{"@type":"BreadcrumbList","@id":"https:\/\/rollingringdrives.com\/product\/vertical-hard-winding-machine\/#breadcrumb","itemListElement":[{"@type":"ListItem","position":1,"name":"Home","item":"https:\/\/rollingringdrives.com\/"},{"@type":"ListItem","position":2,"name":"Machines","item":"https:\/\/rollingringdrives.com\/machines\/"},{"@type":"ListItem","position":3,"name":"Vertical Hard Winding Machine"}]},{"@type":"WebSite","@id":"https:\/\/rollingringdrives.com\/#website","url":"https:\/\/rollingringdrives.com\/","name":"Qi Pang","description":"Blog QiPang","publisher":{"@id":"https:\/\/rollingringdrives.com\/#organization"},"potentialAction":[{"@type":"SearchAction","target":{"@type":"EntryPoint","urlTemplate":"https:\/\/rollingringdrives.com\/?s={search_term_string}"},"query-input":{"@type":"PropertyValueSpecification","valueRequired":true,"valueName":"search_term_string"}}],"inLanguage":"es"},{"@type":"Organization","@id":"https:\/\/rollingringdrives.com\/#organization","name":"Qi Pang","url":"https:\/\/rollingringdrives.com\/","logo":{"@type":"ImageObject","inLanguage":"es","@id":"https:\/\/rollingringdrives.com\/#\/schema\/logo\/image\/","url":"https:\/\/rollingringdrives.com\/wp-content\/uploads\/2023\/05\/cropped-\u672a\u547d\u540d\u7684\u8bbe\u8ba1.png","contentUrl":"https:\/\/rollingringdrives.com\/wp-content\/uploads\/2023\/05\/cropped-\u672a\u547d\u540d\u7684\u8bbe\u8ba1.png","width":300,"height":191,"caption":"QiPang"},"image":{"@id":"https:\/\/rollingringdrives.com\/#\/schema\/logo\/image\/"}}]}},"_links":{"self":[{"href":"https:\/\/rollingringdrives.com\/es\/wp-json\/wp\/v2\/product\/30506","targetHints":{"allow":["GET"]}}],"collection":[{"href":"https:\/\/rollingringdrives.com\/es\/wp-json\/wp\/v2\/product"}],"about":[{"href":"https:\/\/rollingringdrives.com\/es\/wp-json\/wp\/v2\/types\/product"}],"version-history":[{"count":0,"href":"https:\/\/rollingringdrives.com\/es\/wp-json\/wp\/v2\/product\/30506\/revisions"}],"wp:featuredmedia":[{"embeddable":true,"href":"https:\/\/rollingringdrives.com\/es\/wp-json\/wp\/v2\/media\/30511"}],"wp:attachment":[{"href":"https:\/\/rollingringdrives.com\/es\/wp-json\/wp\/v2\/media?parent=30506"}],"wp:term":[{"taxonomy":"product_brand","embeddable":true,"href":"https:\/\/rollingringdrives.com\/es\/wp-json\/wp\/v2\/product_brand?post=30506"},{"taxonomy":"product_cat","embeddable":true,"href":"https:\/\/rollingringdrives.com\/es\/wp-json\/wp\/v2\/product_cat?post=30506"},{"taxonomy":"product_tag","embeddable":true,"href":"https:\/\/rollingringdrives.com\/es\/wp-json\/wp\/v2\/product_tag?post=30506"}],"curies":[{"name":"wp","href":"https:\/\/api.w.org\/{rel}","templated":true}]}}