{"id":30514,"date":"2023-11-03T07:08:04","date_gmt":"2023-11-03T07:08:04","guid":{"rendered":"https:\/\/rollingringdrives.com\/?post_type=product&#038;p=30514"},"modified":"2023-11-03T10:10:58","modified_gmt":"2023-11-03T10:10:58","slug":"draw-heat-setting-winding-machine","status":"publish","type":"product","link":"https:\/\/rollingringdrives.com\/es\/producto\/dibujar-maquina-bobinadora-termofijadora\/","title":{"rendered":"M\u00e1quina bobinadora termofijadora"},"content":{"rendered":"<h3>Solicitud:<\/h3>\n<h5>Adecuado para hilos de filamentos retorcidos como hilos de coser.<\/h5>\n<p>&nbsp;<\/p>\n<h3>Principales caracter\u00edsticas<\/h3>\n<h5>1. En esta m\u00e1quina se puede configurar la longitud del bobinado. Cuando el hilo se rompe, se detendr\u00e1 autom\u00e1ticamente; cuando el hilo est\u00e9 completamente lleno, tambi\u00e9n se detendr\u00e1; tambi\u00e9n tiene la funci\u00f3n de inicio lento, termofijado y engrase.<\/h5>\n<h5>2. Esta m\u00e1quina ensambla con tambores ranurados de aleaci\u00f3n Ni-P XKH de 8 o 10 pulgadas con una gran forma de ranura que tienen las ventajas de una buena resistencia al desgaste y eliminaci\u00f3n de est\u00e1tica.<\/h5>\n<h5>3. Dispositivo de estiramiento y termofijado de doble rodillo cruzado, puede relajar el var\u00f3n y no tener tendencia a los bucles, hacer que el hilo sea mucho m\u00e1s recto y lograr una resistencia y alargamiento espec\u00edficos del hilo.<\/h5>\n<p>&nbsp;<\/p>\n<div id=\"footable_parent_30524\"\n         class=\"footable_parent ninja_table_wrapper loading_ninja_table wp_table_data_press_parent semantic_ui\">\n                <table data-ninja_table_instance=\"ninja_table_instance_0\" data-footable_id=\"30524\" data-filter-delay=\"1000\" aria-label=\"M\u00e1quina bobinadora termofijadora\"            id=\"footable_30524\"\n           data-unique_identifier=\"ninja_table_unique_id_1329299468_30524\"\n           class=\"foo-table ninja_footable foo_table_30524 ninja_table_unique_id_1329299468_30524 ui table  nt_type_legacy_table selectable striped vertical_centered  footable-paging-right ninja_table_pro\">\n                <colgroup>\n                            <col class=\"ninja_column_0\">\n                            <col class=\"ninja_column_1\">\n                    <\/colgroup>\n        <thead>\n<tr class=\"footable-header\">\n                                        <th scope=\"col\"  class=\"ninja_column_0 ninja_clmn_nm_item\">Art\u00edculo<\/th><th scope=\"col\"  class=\"ninja_column_1 ninja_clmn_nm_technicalparameters\">Par\u00e1metros t\u00e9cnicos<\/th><\/tr>\n<\/thead>\n<tbody>\n\n        <tr data-row_id=\"1345\" class=\"ninja_table_row_0 nt_row_id_1345\">\n            <td>Longitud transversal<\/td><td>200 mm, 250 mm<\/td>        <\/tr>\n            <tr data-row_id=\"1360\" class=\"ninja_table_row_1 nt_row_id_1360\">\n            <td>Di\u00e1metro del paquete<\/td><td>\u00f8290mm<\/td>        <\/tr>\n            <tr data-row_id=\"1346\" class=\"ninja_table_row_2 nt_row_id_1346\">\n            <td>Forma de anti-superposici\u00f3n<\/td><td>Por electronico<\/td>        <\/tr>\n            <tr data-row_id=\"1347\" class=\"ninja_table_row_3 nt_row_id_1347\">\n            <td>Peso del paquete<\/td><td>10 kilos<\/td>        <\/tr>\n            <tr data-row_id=\"1348\" class=\"ninja_table_row_4 nt_row_id_1348\">\n            <td>Fijaci\u00f3n autom\u00e1tica de longitud<\/td><td>Fijaci\u00f3n autom\u00e1tica de longitud, hasta 999999 m.<\/td>        <\/tr>\n            <tr data-row_id=\"1349\" class=\"ninja_table_row_5 nt_row_id_1349\">\n            <td>Dimensiones<\/td><td>1600*500*1800mm<\/td>        <\/tr>\n            <tr data-row_id=\"1350\" class=\"ninja_table_row_6 nt_row_id_1350\">\n            <td>Peso<\/td><td>30kg<\/td>        <\/tr>\n    <\/tbody><!--ninja_tobody_rendering_done-->\n    <\/table>\n    \n    \n    \n<\/div>","protected":false},"excerpt":{"rendered":"<h4>1. Cilindro ranurado de alta resistencia, resistencia al desgaste, resistencia a la separaci\u00f3n de hilos.<br \/>\n3. El rendimiento del resorte de gas es estable y confiable.<br \/>\n4. Eliminar la tensi\u00f3n del hilo, para que no tenga tendencia a formar c\u00edrculos.<br \/>\n5. Hilo redondo y completo, mayor sentido tridimensional.<br \/>\n6. Realizar hilo de coser avanzado con aceite no espumoso<\/h4>","protected":false},"featured_media":30516,"template":"","meta":{"site-sidebar-layout":"default","site-content-layout":"default","ast-global-header-display":"","ast-banner-title-visibility":"","ast-main-header-display":"","ast-hfb-above-header-display":"","ast-hfb-below-header-display":"","ast-hfb-mobile-header-display":"","site-post-title":"","ast-breadcrumbs-content":"","ast-featured-img":"","footer-sml-layout":"","theme-transparent-header-meta":"default","adv-header-id-meta":"","stick-header-meta":"","header-above-stick-meta":"","header-main-stick-meta":"","header-below-stick-meta":""},"product_brand":[],"product_cat":[100,122],"product_tag":[],"class_list":{"0":"post-30514","1":"product","2":"type-product","3":"status-publish","4":"has-post-thumbnail","6":"product_cat-spindle-winding-machine","7":"product_cat-yarn-winding-machine","8":"desktop-align-left","9":"tablet-align-left","10":"mobile-align-left","12":"first","13":"instock","14":"shipping-taxable","15":"product-type-simple"},"yoast_head":"<!-- This site is optimized with the Yoast SEO Premium plugin v20.12 (Yoast SEO v26.0) - https:\/\/yoast.com\/wordpress\/plugins\/seo\/ -->\n<title>Draw Heat-setting Winding Machine - QiPang<\/title>\n<meta name=\"robots\" content=\"index, follow, max-snippet:-1, max-image-preview:large, max-video-preview:-1\" \/>\n<link rel=\"canonical\" href=\"https:\/\/rollingringdrives.com\/es\/producto\/dibujar-maquina-bobinadora-termofijadora\/\" \/>\n<meta property=\"og:locale\" content=\"es_MX\" \/>\n<meta property=\"og:type\" content=\"article\" \/>\n<meta property=\"og:title\" content=\"Draw Heat-setting Winding Machine\" \/>\n<meta property=\"og:description\" content=\"1. Groove cylinder high strength, wear resistance, yarn separation\u00a0 \u00a0 \u00a0 resistance 3. Gas spring performance is stable and reliable. 4. Eliminate yarn stress, so that it has no tendency to circle 5. Round and full yarn, higher three-dimensional sense 6. Realize non-foaming oil advanced sewing thread\" \/>\n<meta property=\"og:url\" content=\"https:\/\/rollingringdrives.com\/es\/producto\/dibujar-maquina-bobinadora-termofijadora\/\" \/>\n<meta property=\"og:site_name\" content=\"QiPang\" \/>\n<meta property=\"article:modified_time\" content=\"2023-11-03T10:10:58+00:00\" \/>\n<meta property=\"og:image\" content=\"https:\/\/rollingringdrives.com\/wp-content\/uploads\/2023\/11\/\u5fae\u4fe1\u56fe\u7247_20231103145317_\u526f\u672c.png\" \/>\n\t<meta property=\"og:image:width\" content=\"600\" \/>\n\t<meta property=\"og:image:height\" content=\"600\" \/>\n\t<meta property=\"og:image:type\" content=\"image\/png\" \/>\n<meta name=\"twitter:card\" content=\"summary_large_image\" \/>\n<meta name=\"twitter:label1\" content=\"Tiempo de lectura\" \/>\n\t<meta name=\"twitter:data1\" content=\"1 minuto\" \/>\n<script type=\"application\/ld+json\" class=\"yoast-schema-graph\">{\"@context\":\"https:\/\/schema.org\",\"@graph\":[{\"@type\":\"WebPage\",\"@id\":\"https:\/\/rollingringdrives.com\/product\/draw-heat-setting-winding-machine\/\",\"url\":\"https:\/\/rollingringdrives.com\/product\/draw-heat-setting-winding-machine\/\",\"name\":\"Draw Heat-setting Winding Machine - QiPang\",\"isPartOf\":{\"@id\":\"https:\/\/rollingringdrives.com\/#website\"},\"primaryImageOfPage\":{\"@id\":\"https:\/\/rollingringdrives.com\/product\/draw-heat-setting-winding-machine\/#primaryimage\"},\"image\":{\"@id\":\"https:\/\/rollingringdrives.com\/product\/draw-heat-setting-winding-machine\/#primaryimage\"},\"thumbnailUrl\":\"https:\/\/rollingringdrives.com\/wp-content\/uploads\/2023\/11\/\u5fae\u4fe1\u56fe\u7247_20231103145317_\u526f\u672c.png\",\"datePublished\":\"2023-11-03T07:08:04+00:00\",\"dateModified\":\"2023-11-03T10:10:58+00:00\",\"breadcrumb\":{\"@id\":\"https:\/\/rollingringdrives.com\/product\/draw-heat-setting-winding-machine\/#breadcrumb\"},\"inLanguage\":\"es\",\"potentialAction\":[{\"@type\":\"ReadAction\",\"target\":[\"https:\/\/rollingringdrives.com\/product\/draw-heat-setting-winding-machine\/\"]}]},{\"@type\":\"ImageObject\",\"inLanguage\":\"es\",\"@id\":\"https:\/\/rollingringdrives.com\/product\/draw-heat-setting-winding-machine\/#primaryimage\",\"url\":\"https:\/\/rollingringdrives.com\/wp-content\/uploads\/2023\/11\/\u5fae\u4fe1\u56fe\u7247_20231103145317_\u526f\u672c.png\",\"contentUrl\":\"https:\/\/rollingringdrives.com\/wp-content\/uploads\/2023\/11\/\u5fae\u4fe1\u56fe\u7247_20231103145317_\u526f\u672c.png\",\"width\":600,\"height\":600,\"caption\":\"Yarn Cone Winder\"},{\"@type\":\"BreadcrumbList\",\"@id\":\"https:\/\/rollingringdrives.com\/product\/draw-heat-setting-winding-machine\/#breadcrumb\",\"itemListElement\":[{\"@type\":\"ListItem\",\"position\":1,\"name\":\"Home\",\"item\":\"https:\/\/rollingringdrives.com\/\"},{\"@type\":\"ListItem\",\"position\":2,\"name\":\"Machines\",\"item\":\"https:\/\/rollingringdrives.com\/machines\/\"},{\"@type\":\"ListItem\",\"position\":3,\"name\":\"Draw Heat-setting Winding Machine\"}]},{\"@type\":\"WebSite\",\"@id\":\"https:\/\/rollingringdrives.com\/#website\",\"url\":\"https:\/\/rollingringdrives.com\/\",\"name\":\"QiPang\",\"description\":\"QiPang Blog\",\"publisher\":{\"@id\":\"https:\/\/rollingringdrives.com\/#organization\"},\"potentialAction\":[{\"@type\":\"SearchAction\",\"target\":{\"@type\":\"EntryPoint\",\"urlTemplate\":\"https:\/\/rollingringdrives.com\/?s={search_term_string}\"},\"query-input\":{\"@type\":\"PropertyValueSpecification\",\"valueRequired\":true,\"valueName\":\"search_term_string\"}}],\"inLanguage\":\"es\"},{\"@type\":\"Organization\",\"@id\":\"https:\/\/rollingringdrives.com\/#organization\",\"name\":\"QiPang\",\"url\":\"https:\/\/rollingringdrives.com\/\",\"logo\":{\"@type\":\"ImageObject\",\"inLanguage\":\"es\",\"@id\":\"https:\/\/rollingringdrives.com\/#\/schema\/logo\/image\/\",\"url\":\"https:\/\/rollingringdrives.com\/wp-content\/uploads\/2023\/05\/cropped-\u672a\u547d\u540d\u7684\u8bbe\u8ba1.png\",\"contentUrl\":\"https:\/\/rollingringdrives.com\/wp-content\/uploads\/2023\/05\/cropped-\u672a\u547d\u540d\u7684\u8bbe\u8ba1.png\",\"width\":300,\"height\":191,\"caption\":\"QiPang\"},\"image\":{\"@id\":\"https:\/\/rollingringdrives.com\/#\/schema\/logo\/image\/\"}}]}<\/script>\n<!-- \/ Yoast SEO Premium plugin. -->","yoast_head_json":{"title":"M\u00e1quina bobinadora termofijadora - QiPang","robots":{"index":"index","follow":"follow","max-snippet":"max-snippet:-1","max-image-preview":"max-image-preview:large","max-video-preview":"max-video-preview:-1"},"canonical":"https:\/\/rollingringdrives.com\/es\/producto\/dibujar-maquina-bobinadora-termofijadora\/","og_locale":"es_MX","og_type":"article","og_title":"Draw Heat-setting Winding Machine","og_description":"1. Groove cylinder high strength, wear resistance, yarn separation\u00a0 \u00a0 \u00a0 resistance 3. Gas spring performance is stable and reliable. 4. Eliminate yarn stress, so that it has no tendency to circle 5. Round and full yarn, higher three-dimensional sense 6. Realize non-foaming oil advanced sewing thread","og_url":"https:\/\/rollingringdrives.com\/es\/producto\/dibujar-maquina-bobinadora-termofijadora\/","og_site_name":"QiPang","article_modified_time":"2023-11-03T10:10:58+00:00","og_image":[{"width":600,"height":600,"url":"https:\/\/rollingringdrives.com\/wp-content\/uploads\/2023\/11\/\u5fae\u4fe1\u56fe\u7247_20231103145317_\u526f\u672c.png","type":"image\/png"}],"twitter_card":"summary_large_image","twitter_misc":{"Tiempo de lectura":"1 minuto"},"schema":{"@context":"https:\/\/schema.org","@graph":[{"@type":"WebPage","@id":"https:\/\/rollingringdrives.com\/product\/draw-heat-setting-winding-machine\/","url":"https:\/\/rollingringdrives.com\/product\/draw-heat-setting-winding-machine\/","name":"M\u00e1quina bobinadora termofijadora - QiPang","isPartOf":{"@id":"https:\/\/rollingringdrives.com\/#website"},"primaryImageOfPage":{"@id":"https:\/\/rollingringdrives.com\/product\/draw-heat-setting-winding-machine\/#primaryimage"},"image":{"@id":"https:\/\/rollingringdrives.com\/product\/draw-heat-setting-winding-machine\/#primaryimage"},"thumbnailUrl":"https:\/\/rollingringdrives.com\/wp-content\/uploads\/2023\/11\/\u5fae\u4fe1\u56fe\u7247_20231103145317_\u526f\u672c.png","datePublished":"2023-11-03T07:08:04+00:00","dateModified":"2023-11-03T10:10:58+00:00","breadcrumb":{"@id":"https:\/\/rollingringdrives.com\/product\/draw-heat-setting-winding-machine\/#breadcrumb"},"inLanguage":"es","potentialAction":[{"@type":"ReadAction","target":["https:\/\/rollingringdrives.com\/product\/draw-heat-setting-winding-machine\/"]}]},{"@type":"ImageObject","inLanguage":"es","@id":"https:\/\/rollingringdrives.com\/product\/draw-heat-setting-winding-machine\/#primaryimage","url":"https:\/\/rollingringdrives.com\/wp-content\/uploads\/2023\/11\/\u5fae\u4fe1\u56fe\u7247_20231103145317_\u526f\u672c.png","contentUrl":"https:\/\/rollingringdrives.com\/wp-content\/uploads\/2023\/11\/\u5fae\u4fe1\u56fe\u7247_20231103145317_\u526f\u672c.png","width":600,"height":600,"caption":"Yarn Cone Winder"},{"@type":"BreadcrumbList","@id":"https:\/\/rollingringdrives.com\/product\/draw-heat-setting-winding-machine\/#breadcrumb","itemListElement":[{"@type":"ListItem","position":1,"name":"Home","item":"https:\/\/rollingringdrives.com\/"},{"@type":"ListItem","position":2,"name":"Machines","item":"https:\/\/rollingringdrives.com\/machines\/"},{"@type":"ListItem","position":3,"name":"Draw Heat-setting Winding Machine"}]},{"@type":"WebSite","@id":"https:\/\/rollingringdrives.com\/#website","url":"https:\/\/rollingringdrives.com\/","name":"Qi Pang","description":"Blog QiPang","publisher":{"@id":"https:\/\/rollingringdrives.com\/#organization"},"potentialAction":[{"@type":"SearchAction","target":{"@type":"EntryPoint","urlTemplate":"https:\/\/rollingringdrives.com\/?s={search_term_string}"},"query-input":{"@type":"PropertyValueSpecification","valueRequired":true,"valueName":"search_term_string"}}],"inLanguage":"es"},{"@type":"Organization","@id":"https:\/\/rollingringdrives.com\/#organization","name":"Qi Pang","url":"https:\/\/rollingringdrives.com\/","logo":{"@type":"ImageObject","inLanguage":"es","@id":"https:\/\/rollingringdrives.com\/#\/schema\/logo\/image\/","url":"https:\/\/rollingringdrives.com\/wp-content\/uploads\/2023\/05\/cropped-\u672a\u547d\u540d\u7684\u8bbe\u8ba1.png","contentUrl":"https:\/\/rollingringdrives.com\/wp-content\/uploads\/2023\/05\/cropped-\u672a\u547d\u540d\u7684\u8bbe\u8ba1.png","width":300,"height":191,"caption":"QiPang"},"image":{"@id":"https:\/\/rollingringdrives.com\/#\/schema\/logo\/image\/"}}]}},"_links":{"self":[{"href":"https:\/\/rollingringdrives.com\/es\/wp-json\/wp\/v2\/product\/30514","targetHints":{"allow":["GET"]}}],"collection":[{"href":"https:\/\/rollingringdrives.com\/es\/wp-json\/wp\/v2\/product"}],"about":[{"href":"https:\/\/rollingringdrives.com\/es\/wp-json\/wp\/v2\/types\/product"}],"version-history":[{"count":0,"href":"https:\/\/rollingringdrives.com\/es\/wp-json\/wp\/v2\/product\/30514\/revisions"}],"wp:featuredmedia":[{"embeddable":true,"href":"https:\/\/rollingringdrives.com\/es\/wp-json\/wp\/v2\/media\/30516"}],"wp:attachment":[{"href":"https:\/\/rollingringdrives.com\/es\/wp-json\/wp\/v2\/media?parent=30514"}],"wp:term":[{"taxonomy":"product_brand","embeddable":true,"href":"https:\/\/rollingringdrives.com\/es\/wp-json\/wp\/v2\/product_brand?post=30514"},{"taxonomy":"product_cat","embeddable":true,"href":"https:\/\/rollingringdrives.com\/es\/wp-json\/wp\/v2\/product_cat?post=30514"},{"taxonomy":"product_tag","embeddable":true,"href":"https:\/\/rollingringdrives.com\/es\/wp-json\/wp\/v2\/product_tag?post=30514"}],"curies":[{"name":"wp","href":"https:\/\/api.w.org\/{rel}","templated":true}]}}