{"id":30546,"date":"2023-11-03T09:02:42","date_gmt":"2023-11-03T09:02:42","guid":{"rendered":"https:\/\/rollingringdrives.com\/?post_type=product&#038;p=30546"},"modified":"2023-11-03T10:10:36","modified_gmt":"2023-11-03T10:10:36","slug":"high-speed-rewinding-machine","status":"publish","type":"product","link":"https:\/\/rollingringdrives.com\/es\/producto\/maquina-rebobinadora-de-alta-velocidad\/","title":{"rendered":"M\u00e1quina rebobinadora de alta velocidad"},"content":{"rendered":"<h3>Solicitud:<\/h3>\n<h5>Se utiliza para encerar el hilo en f\u00e1bricas de calceter\u00eda y f\u00e1bricas de lana. Se puede utilizar para m\u00e1quinas de tejer planas computarizadas y m\u00e1quinas de tejer circulares de gran di\u00e1metro.<\/h5>\n<p>&nbsp;<\/p>\n<h3>Principales caracter\u00edsticas<\/h3>\n<h5>1. Control de motor de bobinado \u00fanico para cada huso, longitud fija electr\u00f3nica y parada autom\u00e1tica de un solo husillo mientras se rompe el hilo o se llena por completo.<\/h5>\n<h5>2. Fileta de alta velocidad con resorte de gas, que puede mantener una presi\u00f3n de bobinado constante. Esta fileta es estable y confiable.<\/h5>\n<p>&nbsp;<\/p>\n<div id=\"footable_parent_30545\"\n         class=\"footable_parent ninja_table_wrapper loading_ninja_table wp_table_data_press_parent semantic_ui\">\n                <table data-ninja_table_instance=\"ninja_table_instance_0\" data-footable_id=\"30545\" data-filter-delay=\"1000\" aria-label=\"M\u00e1quina rebobinadora de alta velocidad\"            id=\"footable_30545\"\n           data-unique_identifier=\"ninja_table_unique_id_1489189153_30545\"\n           class=\"foo-table ninja_footable foo_table_30545 ninja_table_unique_id_1489189153_30545 ui table  nt_type_legacy_table selectable striped vertical_centered  footable-paging-right ninja_table_pro\">\n                <colgroup>\n                            <col class=\"ninja_column_0\">\n                            <col class=\"ninja_column_1\">\n                    <\/colgroup>\n        <thead>\n<tr class=\"footable-header\">\n                                        <th scope=\"col\"  class=\"ninja_column_0 ninja_clmn_nm_item\">Art\u00edculo<\/th><th scope=\"col\"  class=\"ninja_column_1 ninja_clmn_nm_technicalparameters\">Par\u00e1metros t\u00e9cnicos<\/th><\/tr>\n<\/thead>\n<tbody>\n\n        <tr data-row_id=\"1472\" class=\"ninja_table_row_0 nt_row_id_1472\">\n            <td>Velocidad mec\u00e1nica<\/td><td>Hasta 800 m\/min (dependiendo de la calidad y el recuento del \u00f1ame)<\/td>        <\/tr>\n            <tr data-row_id=\"1473\" class=\"ninja_table_row_1 nt_row_id_1473\">\n            <td>bobina del paquete<\/td><td> 0&#039;,3\u00b030&#039;,4\u00b020&#039;,5\u00b057,9\u00b015&#039;<\/td>        <\/tr>\n            <tr data-row_id=\"1474\" class=\"ninja_table_row_2 nt_row_id_1474\">\n            <td>Di\u00e1metro del paquete<\/td><td>Hasta \u03c6290 mm<\/td>        <\/tr>\n            <tr data-row_id=\"1475\" class=\"ninja_table_row_3 nt_row_id_1475\">\n            <td>Peso del paquete<\/td><td>Hasta 3 kilos<\/td>        <\/tr>\n            <tr data-row_id=\"1476\" class=\"ninja_table_row_4 nt_row_id_1476\">\n            <td>Hilos\/cuenta<\/td><td>Algod\u00f3n. lino, lana, seda, fibra qu\u00edmica \/Ne 6--180<\/td>        <\/tr>\n            <tr data-row_id=\"1477\" class=\"ninja_table_row_5 nt_row_id_1477\">\n            <td>El consumo de energ\u00eda<\/td><td>Potencia instalada: 100W\/husillo para m\u00e1quina de 8 pulgadas, 180W\/husillo para m\u00e1quina de 10 pulgadas.<\/td>        <\/tr>\n            <tr data-row_id=\"1478\" class=\"ninja_table_row_6 nt_row_id_1478\">\n            <td>Parada autom\u00e1tica mientras se rompe el hilo<\/td><td>Con sensor de hilo electr\u00f3nico, el husillo se detendr\u00e1 cuando se rompa el hilo.<\/td>        <\/tr>\n            <tr data-row_id=\"1479\" class=\"ninja_table_row_7 nt_row_id_1479\">\n            <td>Fijaci\u00f3n autom\u00e1tica de longitud<\/td><td>Fijaci\u00f3n autom\u00e1tica de longitud, m\u00e1x.: 999999 m<\/td>        <\/tr>\n            <tr data-row_id=\"1480\" class=\"ninja_table_row_8 nt_row_id_1480\">\n            <td>Comienzo lento<\/td><td>Para un arranque suave y una mejor calidad de bobinado, admitiendo un arranque lento individual para cada husillo (disponible bajo pedido)<\/td>        <\/tr>\n            <tr data-row_id=\"1481\" class=\"ninja_table_row_9 nt_row_id_1481\">\n            <td>Limpiador de hilo electr\u00f3nico\/empalmador de aire\/convrey<\/td><td>Opcional<\/td>        <\/tr>\n            <tr data-row_id=\"1484\" class=\"ninja_table_row_10 nt_row_id_1484\">\n            <td>empalmadora de aire<\/td><td>Opcional<\/td>        <\/tr>\n            <tr data-row_id=\"1482\" class=\"ninja_table_row_11 nt_row_id_1482\">\n            <td>Unidad de soplado\/aspiraci\u00f3n m\u00f3vil<\/td><td>Opcional, consumo de energ\u00eda 1.1KW<\/td>        <\/tr>\n            <tr data-row_id=\"1483\" class=\"ninja_table_row_12 nt_row_id_1483\">\n            <td>Dimensiones externas<\/td><td>4 husillos: 1270 mm x 408 mm x 1510 mm<\/td>        <\/tr>\n            <tr data-row_id=\"1488\" class=\"ninja_table_row_13 nt_row_id_1488\">\n            <td><\/td><td> 6 husillos: 1870x408mmx1510mm<\/td>        <\/tr>\n            <tr data-row_id=\"1485\" class=\"ninja_table_row_14 nt_row_id_1485\">\n            <td>Peso de toda la m\u00e1quina<\/td><td>4 husillos: 89kg<\/td>        <\/tr>\n            <tr data-row_id=\"1489\" class=\"ninja_table_row_15 nt_row_id_1489\">\n            <td><\/td><td>6 husillos: 121kg<\/td>        <\/tr>\n            <tr data-row_id=\"1486\" class=\"ninja_table_row_16 nt_row_id_1486\">\n            <td>Fuente de alimentaci\u00f3n<\/td><td>Monof\u00e1sico 220V, 50\/60HZ<\/td>        <\/tr>\n    <\/tbody><!--ninja_tobody_rendering_done-->\n    <\/table>\n    \n    \n    \n<\/div>","protected":false},"excerpt":{"rendered":"<h4 id=\"1-eael-table-of-content\" class=\"eael-heading-content\">1. Cilindro ranurado de alta resistencia, resistencia al desgaste, resistencia a la separaci\u00f3n de hilos.<br \/>\n3. El rendimiento del resorte de gas es estable y confiable.<br \/>\n4. Eliminar la tensi\u00f3n del hilo, para que no tenga tendencia a formar c\u00edrculos.<br \/>\n5. Hilo redondo y completo, mayor sentido tridimensional.<br \/>\n6. Realizar hilo de coser avanzado con aceite no espumoso<\/h4>","protected":false},"featured_media":30548,"template":"","meta":{"site-sidebar-layout":"default","site-content-layout":"default","ast-global-header-display":"","ast-banner-title-visibility":"","ast-main-header-display":"","ast-hfb-above-header-display":"","ast-hfb-below-header-display":"","ast-hfb-mobile-header-display":"","site-post-title":"","ast-breadcrumbs-content":"","ast-featured-img":"","footer-sml-layout":"","theme-transparent-header-meta":"default","adv-header-id-meta":"","stick-header-meta":"","header-above-stick-meta":"","header-main-stick-meta":"","header-below-stick-meta":""},"product_brand":[],"product_cat":[100,122],"product_tag":[],"class_list":{"0":"post-30546","1":"product","2":"type-product","3":"status-publish","4":"has-post-thumbnail","6":"product_cat-spindle-winding-machine","7":"product_cat-yarn-winding-machine","8":"desktop-align-left","9":"tablet-align-left","10":"mobile-align-left","12":"first","13":"instock","14":"shipping-taxable","15":"product-type-simple"},"yoast_head":"<!-- This site is optimized with the Yoast SEO Premium plugin v20.12 (Yoast SEO v26.0) - https:\/\/yoast.com\/wordpress\/plugins\/seo\/ -->\n<title>High Speed Rewinding Machine - QiPang<\/title>\n<meta name=\"robots\" content=\"index, follow, max-snippet:-1, max-image-preview:large, max-video-preview:-1\" \/>\n<link rel=\"canonical\" href=\"https:\/\/rollingringdrives.com\/es\/producto\/maquina-rebobinadora-de-alta-velocidad\/\" \/>\n<meta property=\"og:locale\" content=\"es_MX\" \/>\n<meta property=\"og:type\" content=\"article\" \/>\n<meta property=\"og:title\" content=\"High Speed Rewinding Machine\" \/>\n<meta property=\"og:description\" content=\"1. Groove cylinder high strength, wear resistance, yarn separation\u00a0 \u00a0 \u00a0 resistance 3. Gas spring performance is stable and reliable. 4. Eliminate yarn stress, so that it has no tendency to circle 5. Round and full yarn, higher three-dimensional sense 6. Realize non-foaming oil advanced sewing thread\" \/>\n<meta property=\"og:url\" content=\"https:\/\/rollingringdrives.com\/es\/producto\/maquina-rebobinadora-de-alta-velocidad\/\" \/>\n<meta property=\"og:site_name\" content=\"QiPang\" \/>\n<meta property=\"article:modified_time\" content=\"2023-11-03T10:10:36+00:00\" \/>\n<meta property=\"og:image\" content=\"https:\/\/rollingringdrives.com\/wp-content\/uploads\/2023\/11\/\u5fae\u4fe1\u56fe\u7247_20231103164846_\u526f\u672c.png\" \/>\n\t<meta property=\"og:image:width\" content=\"600\" \/>\n\t<meta property=\"og:image:height\" content=\"600\" \/>\n\t<meta property=\"og:image:type\" content=\"image\/png\" \/>\n<meta name=\"twitter:card\" content=\"summary_large_image\" \/>\n<meta name=\"twitter:label1\" content=\"Tiempo de lectura\" \/>\n\t<meta name=\"twitter:data1\" content=\"1 minuto\" \/>\n<script type=\"application\/ld+json\" class=\"yoast-schema-graph\">{\"@context\":\"https:\/\/schema.org\",\"@graph\":[{\"@type\":\"WebPage\",\"@id\":\"https:\/\/rollingringdrives.com\/product\/high-speed-rewinding-machine\/\",\"url\":\"https:\/\/rollingringdrives.com\/product\/high-speed-rewinding-machine\/\",\"name\":\"High Speed Rewinding Machine - QiPang\",\"isPartOf\":{\"@id\":\"https:\/\/rollingringdrives.com\/#website\"},\"primaryImageOfPage\":{\"@id\":\"https:\/\/rollingringdrives.com\/product\/high-speed-rewinding-machine\/#primaryimage\"},\"image\":{\"@id\":\"https:\/\/rollingringdrives.com\/product\/high-speed-rewinding-machine\/#primaryimage\"},\"thumbnailUrl\":\"https:\/\/rollingringdrives.com\/wp-content\/uploads\/2023\/11\/\u5fae\u4fe1\u56fe\u7247_20231103164846_\u526f\u672c.png\",\"datePublished\":\"2023-11-03T09:02:42+00:00\",\"dateModified\":\"2023-11-03T10:10:36+00:00\",\"breadcrumb\":{\"@id\":\"https:\/\/rollingringdrives.com\/product\/high-speed-rewinding-machine\/#breadcrumb\"},\"inLanguage\":\"es\",\"potentialAction\":[{\"@type\":\"ReadAction\",\"target\":[\"https:\/\/rollingringdrives.com\/product\/high-speed-rewinding-machine\/\"]}]},{\"@type\":\"ImageObject\",\"inLanguage\":\"es\",\"@id\":\"https:\/\/rollingringdrives.com\/product\/high-speed-rewinding-machine\/#primaryimage\",\"url\":\"https:\/\/rollingringdrives.com\/wp-content\/uploads\/2023\/11\/\u5fae\u4fe1\u56fe\u7247_20231103164846_\u526f\u672c.png\",\"contentUrl\":\"https:\/\/rollingringdrives.com\/wp-content\/uploads\/2023\/11\/\u5fae\u4fe1\u56fe\u7247_20231103164846_\u526f\u672c.png\",\"width\":600,\"height\":600,\"caption\":\"Yarn Cone Winder\"},{\"@type\":\"BreadcrumbList\",\"@id\":\"https:\/\/rollingringdrives.com\/product\/high-speed-rewinding-machine\/#breadcrumb\",\"itemListElement\":[{\"@type\":\"ListItem\",\"position\":1,\"name\":\"Home\",\"item\":\"https:\/\/rollingringdrives.com\/\"},{\"@type\":\"ListItem\",\"position\":2,\"name\":\"Machines\",\"item\":\"https:\/\/rollingringdrives.com\/machines\/\"},{\"@type\":\"ListItem\",\"position\":3,\"name\":\"High Speed Rewinding Machine\"}]},{\"@type\":\"WebSite\",\"@id\":\"https:\/\/rollingringdrives.com\/#website\",\"url\":\"https:\/\/rollingringdrives.com\/\",\"name\":\"QiPang\",\"description\":\"QiPang Blog\",\"publisher\":{\"@id\":\"https:\/\/rollingringdrives.com\/#organization\"},\"potentialAction\":[{\"@type\":\"SearchAction\",\"target\":{\"@type\":\"EntryPoint\",\"urlTemplate\":\"https:\/\/rollingringdrives.com\/?s={search_term_string}\"},\"query-input\":{\"@type\":\"PropertyValueSpecification\",\"valueRequired\":true,\"valueName\":\"search_term_string\"}}],\"inLanguage\":\"es\"},{\"@type\":\"Organization\",\"@id\":\"https:\/\/rollingringdrives.com\/#organization\",\"name\":\"QiPang\",\"url\":\"https:\/\/rollingringdrives.com\/\",\"logo\":{\"@type\":\"ImageObject\",\"inLanguage\":\"es\",\"@id\":\"https:\/\/rollingringdrives.com\/#\/schema\/logo\/image\/\",\"url\":\"https:\/\/rollingringdrives.com\/wp-content\/uploads\/2023\/05\/cropped-\u672a\u547d\u540d\u7684\u8bbe\u8ba1.png\",\"contentUrl\":\"https:\/\/rollingringdrives.com\/wp-content\/uploads\/2023\/05\/cropped-\u672a\u547d\u540d\u7684\u8bbe\u8ba1.png\",\"width\":300,\"height\":191,\"caption\":\"QiPang\"},\"image\":{\"@id\":\"https:\/\/rollingringdrives.com\/#\/schema\/logo\/image\/\"}}]}<\/script>\n<!-- \/ Yoast SEO Premium plugin. -->","yoast_head_json":{"title":"M\u00e1quina rebobinadora de alta velocidad - QiPang","robots":{"index":"index","follow":"follow","max-snippet":"max-snippet:-1","max-image-preview":"max-image-preview:large","max-video-preview":"max-video-preview:-1"},"canonical":"https:\/\/rollingringdrives.com\/es\/producto\/maquina-rebobinadora-de-alta-velocidad\/","og_locale":"es_MX","og_type":"article","og_title":"High Speed Rewinding Machine","og_description":"1. Groove cylinder high strength, wear resistance, yarn separation\u00a0 \u00a0 \u00a0 resistance 3. Gas spring performance is stable and reliable. 4. Eliminate yarn stress, so that it has no tendency to circle 5. Round and full yarn, higher three-dimensional sense 6. Realize non-foaming oil advanced sewing thread","og_url":"https:\/\/rollingringdrives.com\/es\/producto\/maquina-rebobinadora-de-alta-velocidad\/","og_site_name":"QiPang","article_modified_time":"2023-11-03T10:10:36+00:00","og_image":[{"width":600,"height":600,"url":"https:\/\/rollingringdrives.com\/wp-content\/uploads\/2023\/11\/\u5fae\u4fe1\u56fe\u7247_20231103164846_\u526f\u672c.png","type":"image\/png"}],"twitter_card":"summary_large_image","twitter_misc":{"Tiempo de lectura":"1 minuto"},"schema":{"@context":"https:\/\/schema.org","@graph":[{"@type":"WebPage","@id":"https:\/\/rollingringdrives.com\/product\/high-speed-rewinding-machine\/","url":"https:\/\/rollingringdrives.com\/product\/high-speed-rewinding-machine\/","name":"M\u00e1quina rebobinadora de alta velocidad - QiPang","isPartOf":{"@id":"https:\/\/rollingringdrives.com\/#website"},"primaryImageOfPage":{"@id":"https:\/\/rollingringdrives.com\/product\/high-speed-rewinding-machine\/#primaryimage"},"image":{"@id":"https:\/\/rollingringdrives.com\/product\/high-speed-rewinding-machine\/#primaryimage"},"thumbnailUrl":"https:\/\/rollingringdrives.com\/wp-content\/uploads\/2023\/11\/\u5fae\u4fe1\u56fe\u7247_20231103164846_\u526f\u672c.png","datePublished":"2023-11-03T09:02:42+00:00","dateModified":"2023-11-03T10:10:36+00:00","breadcrumb":{"@id":"https:\/\/rollingringdrives.com\/product\/high-speed-rewinding-machine\/#breadcrumb"},"inLanguage":"es","potentialAction":[{"@type":"ReadAction","target":["https:\/\/rollingringdrives.com\/product\/high-speed-rewinding-machine\/"]}]},{"@type":"ImageObject","inLanguage":"es","@id":"https:\/\/rollingringdrives.com\/product\/high-speed-rewinding-machine\/#primaryimage","url":"https:\/\/rollingringdrives.com\/wp-content\/uploads\/2023\/11\/\u5fae\u4fe1\u56fe\u7247_20231103164846_\u526f\u672c.png","contentUrl":"https:\/\/rollingringdrives.com\/wp-content\/uploads\/2023\/11\/\u5fae\u4fe1\u56fe\u7247_20231103164846_\u526f\u672c.png","width":600,"height":600,"caption":"Yarn Cone Winder"},{"@type":"BreadcrumbList","@id":"https:\/\/rollingringdrives.com\/product\/high-speed-rewinding-machine\/#breadcrumb","itemListElement":[{"@type":"ListItem","position":1,"name":"Home","item":"https:\/\/rollingringdrives.com\/"},{"@type":"ListItem","position":2,"name":"Machines","item":"https:\/\/rollingringdrives.com\/machines\/"},{"@type":"ListItem","position":3,"name":"High Speed Rewinding Machine"}]},{"@type":"WebSite","@id":"https:\/\/rollingringdrives.com\/#website","url":"https:\/\/rollingringdrives.com\/","name":"Qi Pang","description":"Blog QiPang","publisher":{"@id":"https:\/\/rollingringdrives.com\/#organization"},"potentialAction":[{"@type":"SearchAction","target":{"@type":"EntryPoint","urlTemplate":"https:\/\/rollingringdrives.com\/?s={search_term_string}"},"query-input":{"@type":"PropertyValueSpecification","valueRequired":true,"valueName":"search_term_string"}}],"inLanguage":"es"},{"@type":"Organization","@id":"https:\/\/rollingringdrives.com\/#organization","name":"Qi Pang","url":"https:\/\/rollingringdrives.com\/","logo":{"@type":"ImageObject","inLanguage":"es","@id":"https:\/\/rollingringdrives.com\/#\/schema\/logo\/image\/","url":"https:\/\/rollingringdrives.com\/wp-content\/uploads\/2023\/05\/cropped-\u672a\u547d\u540d\u7684\u8bbe\u8ba1.png","contentUrl":"https:\/\/rollingringdrives.com\/wp-content\/uploads\/2023\/05\/cropped-\u672a\u547d\u540d\u7684\u8bbe\u8ba1.png","width":300,"height":191,"caption":"QiPang"},"image":{"@id":"https:\/\/rollingringdrives.com\/#\/schema\/logo\/image\/"}}]}},"_links":{"self":[{"href":"https:\/\/rollingringdrives.com\/es\/wp-json\/wp\/v2\/product\/30546","targetHints":{"allow":["GET"]}}],"collection":[{"href":"https:\/\/rollingringdrives.com\/es\/wp-json\/wp\/v2\/product"}],"about":[{"href":"https:\/\/rollingringdrives.com\/es\/wp-json\/wp\/v2\/types\/product"}],"version-history":[{"count":0,"href":"https:\/\/rollingringdrives.com\/es\/wp-json\/wp\/v2\/product\/30546\/revisions"}],"wp:featuredmedia":[{"embeddable":true,"href":"https:\/\/rollingringdrives.com\/es\/wp-json\/wp\/v2\/media\/30548"}],"wp:attachment":[{"href":"https:\/\/rollingringdrives.com\/es\/wp-json\/wp\/v2\/media?parent=30546"}],"wp:term":[{"taxonomy":"product_brand","embeddable":true,"href":"https:\/\/rollingringdrives.com\/es\/wp-json\/wp\/v2\/product_brand?post=30546"},{"taxonomy":"product_cat","embeddable":true,"href":"https:\/\/rollingringdrives.com\/es\/wp-json\/wp\/v2\/product_cat?post=30546"},{"taxonomy":"product_tag","embeddable":true,"href":"https:\/\/rollingringdrives.com\/es\/wp-json\/wp\/v2\/product_tag?post=30546"}],"curies":[{"name":"wp","href":"https:\/\/api.w.org\/{rel}","templated":true}]}}