{"id":30561,"date":"2023-11-03T09:29:24","date_gmt":"2023-11-03T09:29:24","guid":{"rendered":"https:\/\/rollingringdrives.com\/?post_type=product&#038;p=30561"},"modified":"2023-11-03T10:10:08","modified_gmt":"2023-11-03T10:10:08","slug":"doubling-winding-machine","status":"publish","type":"product","link":"https:\/\/rollingringdrives.com\/es\/producto\/maquina-de-bobinado-doble\/","title":{"rendered":"M\u00e1quina de bobinado duplicadora"},"content":{"rendered":"<h3>Solicitud:<\/h3>\n<h5>Se utiliza para doblar de 2 a 12 hebras de hilo en 1 bobina, que es adecuada para algod\u00f3n. lino, piel, poli\u00e9ster y mezclas<\/h5>\n<p>&nbsp;<\/p>\n<h3>Principales caracter\u00edsticas<\/h3>\n<h5>1. Este tipo de m\u00e1quina tiene 4 o 6 husillos en cada lado, es f\u00e1cil de instalar.<\/h5>\n<h5>2. Sistema de encerado de doble punto con micromotores, encerado estable y uniforme. La formaci\u00f3n del queso es mejor.<\/h5>\n<h5>3. Utiliza tambores de aleaci\u00f3n de alta calidad con forma de ranura optimizada, que tiene las ventajas de buenas caracter\u00edsticas antisuperposici\u00f3n, peso ligero, buena resistencia al desgaste y eliminaci\u00f3n de est\u00e1tica.<\/h5>\n<h5>4.Control del motor de bobinado sinale para cada huso, longitud fija electr\u00f3nica y parada autom\u00e1tica de un solo husillo mientras se rompe el hilo o se llena por completo.<\/h5>\n<h5>5. Fileta de alta velocidad con resorte de gas, que puede mantener una presi\u00f3n de bobinado constante. Esta cesta es estable.<br \/>\ny fiable.<\/h5>\n<p>&nbsp;<\/p>\n<div id=\"footable_parent_30563\"\n         class=\"footable_parent ninja_table_wrapper loading_ninja_table wp_table_data_press_parent semantic_ui\">\n                <table data-ninja_table_instance=\"ninja_table_instance_0\" data-footable_id=\"30563\" data-filter-delay=\"1000\" aria-label=\"M\u00e1quina de bobinado duplicadora\"            id=\"footable_30563\"\n           data-unique_identifier=\"ninja_table_unique_id_2014445959_30563\"\n           class=\"foo-table ninja_footable foo_table_30563 ninja_table_unique_id_2014445959_30563 ui table  nt_type_legacy_table selectable striped vertical_centered  footable-paging-right ninja_table_pro\">\n                <colgroup>\n                            <col class=\"ninja_column_0\">\n                            <col class=\"ninja_column_1\">\n                    <\/colgroup>\n        <thead>\n<tr class=\"footable-header\">\n                                        <th scope=\"col\"  class=\"ninja_column_0 ninja_clmn_nm_item\">Art\u00edculo<\/th><th scope=\"col\"  class=\"ninja_column_1 ninja_clmn_nm_technicalparameters\">Par\u00e1metros t\u00e9cnicos<\/th><\/tr>\n<\/thead>\n<tbody>\n\n        <tr data-row_id=\"1539\" class=\"ninja_table_row_0 nt_row_id_1539\">\n            <td>Velocidad mec\u00e1nica<\/td><td>Hasta 800 m\/min (dependiendo de la calidad y el recuento del \u00f1ame)<\/td>        <\/tr>\n            <tr data-row_id=\"1554\" class=\"ninja_table_row_1 nt_row_id_1554\">\n            <td>N\u00b0 de hilos<\/td><td>2-12 puestos de hilos<\/td>        <\/tr>\n            <tr data-row_id=\"1540\" class=\"ninja_table_row_2 nt_row_id_1540\">\n            <td>bobina del paquete<\/td><td>0\u00b0<\/td>        <\/tr>\n            <tr data-row_id=\"1541\" class=\"ninja_table_row_3 nt_row_id_1541\">\n            <td>Di\u00e1metro del paquete<\/td><td>Hasta \u03c6330 mm<\/td>        <\/tr>\n            <tr data-row_id=\"1542\" class=\"ninja_table_row_4 nt_row_id_1542\">\n            <td>Peso del paquete<\/td><td>Hasta 10kg<\/td>        <\/tr>\n            <tr data-row_id=\"1570\" class=\"ninja_table_row_5 nt_row_id_1570\">\n            <td>Hilos\/cuenta<\/td><td>Algod\u00f3n. lino, lana, seda, fibras qu\u00edmicas \/Ne 6...180<\/td>        <\/tr>\n            <tr data-row_id=\"1543\" class=\"ninja_table_row_6 nt_row_id_1543\">\n            <td>El consumo de energ\u00eda<\/td><td>Potencia instalada de 6 pulgadas: 100 W\/husillo, potencia instalada de 10 pulgadas: 150 W\/husillo<\/td>        <\/tr>\n            <tr data-row_id=\"1571\" class=\"ninja_table_row_7 nt_row_id_1571\">\n            <td>Sistema de tensi\u00f3n<\/td><td>Cada huso tiene un tensor de hilo y un encerador.<\/td>        <\/tr>\n            <tr data-row_id=\"1544\" class=\"ninja_table_row_8 nt_row_id_1544\">\n            <td>Parada autom\u00e1tica mientras se rompe el hilo<\/td><td>Con sensor de hilo electr\u00f3nico, el husillo se detendr\u00e1 cuando se rompa el hilo.<\/td>        <\/tr>\n            <tr data-row_id=\"1545\" class=\"ninja_table_row_9 nt_row_id_1545\">\n            <td>Fijaci\u00f3n autom\u00e1tica de longitud<\/td><td>Fijaci\u00f3n autom\u00e1tica de longitud, m\u00e1x.: 999999 m<\/td>        <\/tr>\n            <tr data-row_id=\"1546\" class=\"ninja_table_row_10 nt_row_id_1546\">\n            <td>Comienzo lento<\/td><td>Para un arranque suave y una mejor calidad de bobinado, admitiendo un arranque lento individual para cada husillo (disponible bajo pedido)<\/td>        <\/tr>\n            <tr data-row_id=\"1547\" class=\"ninja_table_row_11 nt_row_id_1547\">\n            <td>Limpiador de hilo electr\u00f3nico\/empalmador de aire<\/td><td>Opcional<\/td>        <\/tr>\n            <tr data-row_id=\"1548\" class=\"ninja_table_row_12 nt_row_id_1548\">\n            <td>Unidad de soplado\/aspiraci\u00f3n m\u00f3vil<\/td><td>Opcional, consumo de energ\u00eda 1.1KW<\/td>        <\/tr>\n            <tr data-row_id=\"1552\" class=\"ninja_table_row_13 nt_row_id_1552\">\n            <td>Dimension externa<\/td><td>4 husillos: 1270mmx408mmx1550mm<\/td>        <\/tr>\n            <tr data-row_id=\"1556\" class=\"ninja_table_row_14 nt_row_id_1556\">\n            <td><\/td><td>6 husillos: 61870x408mmx1550mm<\/td>        <\/tr>\n            <tr data-row_id=\"1550\" class=\"ninja_table_row_15 nt_row_id_1550\">\n            <td>Peso de la m\u00e1quina<\/td><td>6 pulgadas 4 husillos 99 kg<\/td>        <\/tr>\n            <tr data-row_id=\"1553\" class=\"ninja_table_row_16 nt_row_id_1553\">\n            <td><\/td><td>6 pulgadas 6 husillos 105 kg<\/td>        <\/tr>\n            <tr data-row_id=\"1557\" class=\"ninja_table_row_17 nt_row_id_1557\">\n            <td><\/td><td>8 pulgadas 4 husillos 105 kg<\/td>        <\/tr>\n            <tr data-row_id=\"1572\" class=\"ninja_table_row_18 nt_row_id_1572\">\n            <td><\/td><td>10 pulgadas 4 husillos 115 kg<\/td>        <\/tr>\n            <tr data-row_id=\"1551\" class=\"ninja_table_row_19 nt_row_id_1551\">\n            <td>Fuente de alimentaci\u00f3n<\/td><td>Monof\u00e1sico 220V, 50\/60HZ<\/td>        <\/tr>\n    <\/tbody><!--ninja_tobody_rendering_done-->\n    <\/table>\n    \n    \n    \n<\/div>\n\n<p>&nbsp;<\/p>","protected":false},"excerpt":{"rendered":"<h4 id=\"1-eael-table-of-content\" class=\"eael-heading-content\">1. Cilindro ranurado de alta resistencia, resistencia al desgaste, resistencia a la separaci\u00f3n de hilos.<br \/>\n3. El rendimiento del resorte de gas es estable y confiable.<br \/>\n4. Eliminar la tensi\u00f3n del hilo, para que no tenga tendencia a formar c\u00edrculos.<br \/>\n5. Hilo redondo y completo, mayor sentido tridimensional.<br \/>\n6. Realizar hilo de coser avanzado con aceite no espumoso<\/h4>","protected":false},"featured_media":30564,"template":"","meta":{"site-sidebar-layout":"default","site-content-layout":"default","ast-global-header-display":"","ast-banner-title-visibility":"","ast-main-header-display":"","ast-hfb-above-header-display":"","ast-hfb-below-header-display":"","ast-hfb-mobile-header-display":"","site-post-title":"","ast-breadcrumbs-content":"","ast-featured-img":"","footer-sml-layout":"","theme-transparent-header-meta":"default","adv-header-id-meta":"","stick-header-meta":"","header-above-stick-meta":"","header-main-stick-meta":"","header-below-stick-meta":""},"product_brand":[],"product_cat":[100,122],"product_tag":[],"class_list":{"0":"post-30561","1":"product","2":"type-product","3":"status-publish","4":"has-post-thumbnail","6":"product_cat-spindle-winding-machine","7":"product_cat-yarn-winding-machine","8":"desktop-align-left","9":"tablet-align-left","10":"mobile-align-left","12":"first","13":"instock","14":"shipping-taxable","15":"product-type-simple"},"yoast_head":"<!-- This site is optimized with the Yoast SEO Premium plugin v20.12 (Yoast SEO v26.0) - https:\/\/yoast.com\/wordpress\/plugins\/seo\/ -->\n<title>Doubling Winding Machine - QiPang<\/title>\n<meta name=\"robots\" content=\"index, follow, max-snippet:-1, max-image-preview:large, max-video-preview:-1\" \/>\n<link rel=\"canonical\" href=\"https:\/\/rollingringdrives.com\/es\/producto\/maquina-de-bobinado-doble\/\" \/>\n<meta property=\"og:locale\" content=\"es_MX\" \/>\n<meta property=\"og:type\" content=\"article\" \/>\n<meta property=\"og:title\" content=\"Doubling Winding Machine\" \/>\n<meta property=\"og:description\" content=\"1. Groove cylinder high strength, wear resistance, yarn separation\u00a0 \u00a0 \u00a0 resistance 3. Gas spring performance is stable and reliable. 4. Eliminate yarn stress, so that it has no tendency to circle 5. Round and full yarn, higher three-dimensional sense 6. Realize non-foaming oil advanced sewing thread\" \/>\n<meta property=\"og:url\" content=\"https:\/\/rollingringdrives.com\/es\/producto\/maquina-de-bobinado-doble\/\" \/>\n<meta property=\"og:site_name\" content=\"QiPang\" \/>\n<meta property=\"article:modified_time\" content=\"2023-11-03T10:10:08+00:00\" \/>\n<meta property=\"og:image\" content=\"https:\/\/rollingringdrives.com\/wp-content\/uploads\/2023\/11\/\u5fae\u4fe1\u56fe\u7247_20231103172744_\u526f\u672c.png\" \/>\n\t<meta property=\"og:image:width\" content=\"600\" \/>\n\t<meta property=\"og:image:height\" content=\"600\" \/>\n\t<meta property=\"og:image:type\" content=\"image\/png\" \/>\n<meta name=\"twitter:card\" content=\"summary_large_image\" \/>\n<meta name=\"twitter:label1\" content=\"Tiempo de lectura\" \/>\n\t<meta name=\"twitter:data1\" content=\"1 minuto\" \/>\n<script type=\"application\/ld+json\" class=\"yoast-schema-graph\">{\"@context\":\"https:\/\/schema.org\",\"@graph\":[{\"@type\":\"WebPage\",\"@id\":\"https:\/\/rollingringdrives.com\/product\/doubling-winding-machine\/\",\"url\":\"https:\/\/rollingringdrives.com\/product\/doubling-winding-machine\/\",\"name\":\"Doubling Winding Machine - QiPang\",\"isPartOf\":{\"@id\":\"https:\/\/rollingringdrives.com\/#website\"},\"primaryImageOfPage\":{\"@id\":\"https:\/\/rollingringdrives.com\/product\/doubling-winding-machine\/#primaryimage\"},\"image\":{\"@id\":\"https:\/\/rollingringdrives.com\/product\/doubling-winding-machine\/#primaryimage\"},\"thumbnailUrl\":\"https:\/\/rollingringdrives.com\/wp-content\/uploads\/2023\/11\/\u5fae\u4fe1\u56fe\u7247_20231103172744_\u526f\u672c.png\",\"datePublished\":\"2023-11-03T09:29:24+00:00\",\"dateModified\":\"2023-11-03T10:10:08+00:00\",\"breadcrumb\":{\"@id\":\"https:\/\/rollingringdrives.com\/product\/doubling-winding-machine\/#breadcrumb\"},\"inLanguage\":\"es\",\"potentialAction\":[{\"@type\":\"ReadAction\",\"target\":[\"https:\/\/rollingringdrives.com\/product\/doubling-winding-machine\/\"]}]},{\"@type\":\"ImageObject\",\"inLanguage\":\"es\",\"@id\":\"https:\/\/rollingringdrives.com\/product\/doubling-winding-machine\/#primaryimage\",\"url\":\"https:\/\/rollingringdrives.com\/wp-content\/uploads\/2023\/11\/\u5fae\u4fe1\u56fe\u7247_20231103172744_\u526f\u672c.png\",\"contentUrl\":\"https:\/\/rollingringdrives.com\/wp-content\/uploads\/2023\/11\/\u5fae\u4fe1\u56fe\u7247_20231103172744_\u526f\u672c.png\",\"width\":600,\"height\":600,\"caption\":\"Yarn Cone Winder\"},{\"@type\":\"BreadcrumbList\",\"@id\":\"https:\/\/rollingringdrives.com\/product\/doubling-winding-machine\/#breadcrumb\",\"itemListElement\":[{\"@type\":\"ListItem\",\"position\":1,\"name\":\"Home\",\"item\":\"https:\/\/rollingringdrives.com\/\"},{\"@type\":\"ListItem\",\"position\":2,\"name\":\"Machines\",\"item\":\"https:\/\/rollingringdrives.com\/machines\/\"},{\"@type\":\"ListItem\",\"position\":3,\"name\":\"Doubling Winding Machine\"}]},{\"@type\":\"WebSite\",\"@id\":\"https:\/\/rollingringdrives.com\/#website\",\"url\":\"https:\/\/rollingringdrives.com\/\",\"name\":\"QiPang\",\"description\":\"QiPang Blog\",\"publisher\":{\"@id\":\"https:\/\/rollingringdrives.com\/#organization\"},\"potentialAction\":[{\"@type\":\"SearchAction\",\"target\":{\"@type\":\"EntryPoint\",\"urlTemplate\":\"https:\/\/rollingringdrives.com\/?s={search_term_string}\"},\"query-input\":{\"@type\":\"PropertyValueSpecification\",\"valueRequired\":true,\"valueName\":\"search_term_string\"}}],\"inLanguage\":\"es\"},{\"@type\":\"Organization\",\"@id\":\"https:\/\/rollingringdrives.com\/#organization\",\"name\":\"QiPang\",\"url\":\"https:\/\/rollingringdrives.com\/\",\"logo\":{\"@type\":\"ImageObject\",\"inLanguage\":\"es\",\"@id\":\"https:\/\/rollingringdrives.com\/#\/schema\/logo\/image\/\",\"url\":\"https:\/\/rollingringdrives.com\/wp-content\/uploads\/2023\/05\/cropped-\u672a\u547d\u540d\u7684\u8bbe\u8ba1.png\",\"contentUrl\":\"https:\/\/rollingringdrives.com\/wp-content\/uploads\/2023\/05\/cropped-\u672a\u547d\u540d\u7684\u8bbe\u8ba1.png\",\"width\":300,\"height\":191,\"caption\":\"QiPang\"},\"image\":{\"@id\":\"https:\/\/rollingringdrives.com\/#\/schema\/logo\/image\/\"}}]}<\/script>\n<!-- \/ Yoast SEO Premium plugin. -->","yoast_head_json":{"title":"M\u00e1quina de bobinado duplicadora - QiPang","robots":{"index":"index","follow":"follow","max-snippet":"max-snippet:-1","max-image-preview":"max-image-preview:large","max-video-preview":"max-video-preview:-1"},"canonical":"https:\/\/rollingringdrives.com\/es\/producto\/maquina-de-bobinado-doble\/","og_locale":"es_MX","og_type":"article","og_title":"Doubling Winding Machine","og_description":"1. Groove cylinder high strength, wear resistance, yarn separation\u00a0 \u00a0 \u00a0 resistance 3. Gas spring performance is stable and reliable. 4. Eliminate yarn stress, so that it has no tendency to circle 5. Round and full yarn, higher three-dimensional sense 6. Realize non-foaming oil advanced sewing thread","og_url":"https:\/\/rollingringdrives.com\/es\/producto\/maquina-de-bobinado-doble\/","og_site_name":"QiPang","article_modified_time":"2023-11-03T10:10:08+00:00","og_image":[{"width":600,"height":600,"url":"https:\/\/rollingringdrives.com\/wp-content\/uploads\/2023\/11\/\u5fae\u4fe1\u56fe\u7247_20231103172744_\u526f\u672c.png","type":"image\/png"}],"twitter_card":"summary_large_image","twitter_misc":{"Tiempo de lectura":"1 minuto"},"schema":{"@context":"https:\/\/schema.org","@graph":[{"@type":"WebPage","@id":"https:\/\/rollingringdrives.com\/product\/doubling-winding-machine\/","url":"https:\/\/rollingringdrives.com\/product\/doubling-winding-machine\/","name":"M\u00e1quina de bobinado duplicadora - QiPang","isPartOf":{"@id":"https:\/\/rollingringdrives.com\/#website"},"primaryImageOfPage":{"@id":"https:\/\/rollingringdrives.com\/product\/doubling-winding-machine\/#primaryimage"},"image":{"@id":"https:\/\/rollingringdrives.com\/product\/doubling-winding-machine\/#primaryimage"},"thumbnailUrl":"https:\/\/rollingringdrives.com\/wp-content\/uploads\/2023\/11\/\u5fae\u4fe1\u56fe\u7247_20231103172744_\u526f\u672c.png","datePublished":"2023-11-03T09:29:24+00:00","dateModified":"2023-11-03T10:10:08+00:00","breadcrumb":{"@id":"https:\/\/rollingringdrives.com\/product\/doubling-winding-machine\/#breadcrumb"},"inLanguage":"es","potentialAction":[{"@type":"ReadAction","target":["https:\/\/rollingringdrives.com\/product\/doubling-winding-machine\/"]}]},{"@type":"ImageObject","inLanguage":"es","@id":"https:\/\/rollingringdrives.com\/product\/doubling-winding-machine\/#primaryimage","url":"https:\/\/rollingringdrives.com\/wp-content\/uploads\/2023\/11\/\u5fae\u4fe1\u56fe\u7247_20231103172744_\u526f\u672c.png","contentUrl":"https:\/\/rollingringdrives.com\/wp-content\/uploads\/2023\/11\/\u5fae\u4fe1\u56fe\u7247_20231103172744_\u526f\u672c.png","width":600,"height":600,"caption":"Yarn Cone Winder"},{"@type":"BreadcrumbList","@id":"https:\/\/rollingringdrives.com\/product\/doubling-winding-machine\/#breadcrumb","itemListElement":[{"@type":"ListItem","position":1,"name":"Home","item":"https:\/\/rollingringdrives.com\/"},{"@type":"ListItem","position":2,"name":"Machines","item":"https:\/\/rollingringdrives.com\/machines\/"},{"@type":"ListItem","position":3,"name":"Doubling Winding Machine"}]},{"@type":"WebSite","@id":"https:\/\/rollingringdrives.com\/#website","url":"https:\/\/rollingringdrives.com\/","name":"Qi Pang","description":"Blog QiPang","publisher":{"@id":"https:\/\/rollingringdrives.com\/#organization"},"potentialAction":[{"@type":"SearchAction","target":{"@type":"EntryPoint","urlTemplate":"https:\/\/rollingringdrives.com\/?s={search_term_string}"},"query-input":{"@type":"PropertyValueSpecification","valueRequired":true,"valueName":"search_term_string"}}],"inLanguage":"es"},{"@type":"Organization","@id":"https:\/\/rollingringdrives.com\/#organization","name":"Qi Pang","url":"https:\/\/rollingringdrives.com\/","logo":{"@type":"ImageObject","inLanguage":"es","@id":"https:\/\/rollingringdrives.com\/#\/schema\/logo\/image\/","url":"https:\/\/rollingringdrives.com\/wp-content\/uploads\/2023\/05\/cropped-\u672a\u547d\u540d\u7684\u8bbe\u8ba1.png","contentUrl":"https:\/\/rollingringdrives.com\/wp-content\/uploads\/2023\/05\/cropped-\u672a\u547d\u540d\u7684\u8bbe\u8ba1.png","width":300,"height":191,"caption":"QiPang"},"image":{"@id":"https:\/\/rollingringdrives.com\/#\/schema\/logo\/image\/"}}]}},"_links":{"self":[{"href":"https:\/\/rollingringdrives.com\/es\/wp-json\/wp\/v2\/product\/30561","targetHints":{"allow":["GET"]}}],"collection":[{"href":"https:\/\/rollingringdrives.com\/es\/wp-json\/wp\/v2\/product"}],"about":[{"href":"https:\/\/rollingringdrives.com\/es\/wp-json\/wp\/v2\/types\/product"}],"version-history":[{"count":0,"href":"https:\/\/rollingringdrives.com\/es\/wp-json\/wp\/v2\/product\/30561\/revisions"}],"wp:featuredmedia":[{"embeddable":true,"href":"https:\/\/rollingringdrives.com\/es\/wp-json\/wp\/v2\/media\/30564"}],"wp:attachment":[{"href":"https:\/\/rollingringdrives.com\/es\/wp-json\/wp\/v2\/media?parent=30561"}],"wp:term":[{"taxonomy":"product_brand","embeddable":true,"href":"https:\/\/rollingringdrives.com\/es\/wp-json\/wp\/v2\/product_brand?post=30561"},{"taxonomy":"product_cat","embeddable":true,"href":"https:\/\/rollingringdrives.com\/es\/wp-json\/wp\/v2\/product_cat?post=30561"},{"taxonomy":"product_tag","embeddable":true,"href":"https:\/\/rollingringdrives.com\/es\/wp-json\/wp\/v2\/product_tag?post=30561"}],"curies":[{"name":"wp","href":"https:\/\/api.w.org\/{rel}","templated":true}]}}