{"id":30571,"date":"2023-11-03T09:39:35","date_gmt":"2023-11-03T09:39:35","guid":{"rendered":"https:\/\/rollingringdrives.com\/?post_type=product&#038;p=30571"},"modified":"2023-11-03T10:09:58","modified_gmt":"2023-11-03T10:09:58","slug":"parallel-doubler-winder","status":"publish","type":"product","link":"https:\/\/rollingringdrives.com\/es\/producto\/enrollador-doble-paralelo\/","title":{"rendered":"Bobinadora dobladora paralela"},"content":{"rendered":"<h3>Solicitud:<\/h3>\n<h5>Es apropiado para realizar redes por boquilla, aumentando la densidad de los filamentos. ahorro de procesamiento textil<\/h5>\n<p>&nbsp;<\/p>\n<h3>Principales caracter\u00edsticas<\/h3>\n<h5>1. Utiliza tambores de aleaci\u00f3n de alta calidad con forma de ranura optimizada, que tiene las ventajas de buenas caracter\u00edsticas antisuperposici\u00f3n, peso ligero, buena resistencia al desgaste y eliminaci\u00f3n de est\u00e1tica.<\/h5>\n<h5>2. Control de motor de bobinado \u00fanico para cada huso, longitud fija electr\u00f3nica y parada autom\u00e1tica de un solo husillo mientras se rompe el hilo o se llena por completo.<br \/>\n3.Equipado con una boquilla importada de alta calidad para hilo de 50D a 1000D, con una larga vida \u00fatil<\/h5>\n<p>&nbsp;<\/p>\n<p>&nbsp;<\/p>\n<div id=\"footable_parent_30573\"\n         class=\"footable_parent ninja_table_wrapper loading_ninja_table wp_table_data_press_parent semantic_ui\">\n                <table data-ninja_table_instance=\"ninja_table_instance_0\" data-footable_id=\"30573\" data-filter-delay=\"1000\" aria-label=\"Bobinadora dobladora paralela\"            id=\"footable_30573\"\n           data-unique_identifier=\"ninja_table_unique_id_1616555227_30573\"\n           class=\"foo-table ninja_footable foo_table_30573 ninja_table_unique_id_1616555227_30573 ui table  nt_type_legacy_table selectable striped vertical_centered  footable-paging-right ninja_table_pro\">\n                <colgroup>\n                            <col class=\"ninja_column_0\">\n                            <col class=\"ninja_column_1\">\n                    <\/colgroup>\n        <thead>\n<tr class=\"footable-header\">\n                                        <th scope=\"col\"  class=\"ninja_column_0 ninja_clmn_nm_item\">Art\u00edculo<\/th><th scope=\"col\"  class=\"ninja_column_1 ninja_clmn_nm_technicalparameters\">Par\u00e1metros t\u00e9cnicos<\/th><\/tr>\n<\/thead>\n<tbody>\n\n        <tr data-row_id=\"1573\" class=\"ninja_table_row_0 nt_row_id_1573\">\n            <td>Velocidad mec\u00e1nica<\/td><td>Hasta 800 m\/min (dependiendo de la calidad y el recuento del \u00f1ame)<\/td>        <\/tr>\n            <tr data-row_id=\"1587\" class=\"ninja_table_row_1 nt_row_id_1587\">\n            <td>N\u00b0 de hilos<\/td><td>3 puestos de hilos<\/td>        <\/tr>\n            <tr data-row_id=\"1574\" class=\"ninja_table_row_2 nt_row_id_1574\">\n            <td>bobina del paquete<\/td><td>0\u00b0<\/td>        <\/tr>\n            <tr data-row_id=\"1575\" class=\"ninja_table_row_3 nt_row_id_1575\">\n            <td>Di\u00e1metro del paquete<\/td><td>Hasta \u03c6290 mm<\/td>        <\/tr>\n            <tr data-row_id=\"1576\" class=\"ninja_table_row_4 nt_row_id_1576\">\n            <td>Peso del paquete<\/td><td>Hasta 10kg<\/td>        <\/tr>\n            <tr data-row_id=\"1590\" class=\"ninja_table_row_5 nt_row_id_1590\">\n            <td>Hilos\/cuenta<\/td><td>fibra qu\u00edmica DTY\/50D-1000D<\/td>        <\/tr>\n            <tr data-row_id=\"1577\" class=\"ninja_table_row_6 nt_row_id_1577\">\n            <td>El consumo de energ\u00eda<\/td><td>150W por husillo<\/td>        <\/tr>\n            <tr data-row_id=\"1591\" class=\"ninja_table_row_7 nt_row_id_1591\">\n            <td>Sistema de tensi\u00f3n<\/td><td>Cada huso tiene un tensor de hilo y un encerador.<\/td>        <\/tr>\n            <tr data-row_id=\"1578\" class=\"ninja_table_row_8 nt_row_id_1578\">\n            <td>Parada autom\u00e1tica mientras se rompe el hilo<\/td><td>Con sensor de hilo electr\u00f3nico, el husillo se detendr\u00e1 cuando se rompa el hilo.<\/td>        <\/tr>\n            <tr data-row_id=\"1579\" class=\"ninja_table_row_9 nt_row_id_1579\">\n            <td>Fijaci\u00f3n autom\u00e1tica de longitud<\/td><td>Fijaci\u00f3n autom\u00e1tica de longitud, m\u00e1x.: 999999 m<\/td>        <\/tr>\n            <tr data-row_id=\"1580\" class=\"ninja_table_row_10 nt_row_id_1580\">\n            <td>Comienzo lento<\/td><td>Para un arranque suave y una mejor calidad de bobinado, admitiendo un arranque lento individual para cada husillo (disponible bajo pedido)<\/td>        <\/tr>\n            <tr data-row_id=\"1582\" class=\"ninja_table_row_11 nt_row_id_1582\">\n            <td>Unidad de soplado\/aspiraci\u00f3n m\u00f3vil<\/td><td>Opcional, consumo de energ\u00eda 1.1KW<\/td>        <\/tr>\n            <tr data-row_id=\"1585\" class=\"ninja_table_row_12 nt_row_id_1585\">\n            <td>Dimension externa<\/td><td>4 husillos: 1270mmx408mmx1550mm<\/td>        <\/tr>\n            <tr data-row_id=\"1583\" class=\"ninja_table_row_13 nt_row_id_1583\">\n            <td>Peso de la m\u00e1quina<\/td><td>10 pulgadas 4 husillos 115 kg<\/td>        <\/tr>\n            <tr data-row_id=\"1584\" class=\"ninja_table_row_14 nt_row_id_1584\">\n            <td>Fuente de alimentaci\u00f3n<\/td><td>Monof\u00e1sico 220V, 50\/60HZ<\/td>        <\/tr>\n    <\/tbody><!--ninja_tobody_rendering_done-->\n    <\/table>\n    \n    \n    \n<\/div>","protected":false},"excerpt":{"rendered":"<h4 id=\"1-eael-table-of-content\" class=\"eael-heading-content\">1. Cilindro ranurado de alta resistencia, resistencia al desgaste, resistencia a la separaci\u00f3n de hilos.<br \/>\n3. El rendimiento del resorte de gas es estable y confiable.<br \/>\n4. Eliminar la tensi\u00f3n del hilo, para que no tenga tendencia a formar c\u00edrculos.<br \/>\n5. Hilo redondo y completo, mayor sentido tridimensional.<br \/>\n6. Realizar hilo de coser avanzado con aceite no espumoso<\/h4>","protected":false},"featured_media":30574,"template":"","meta":{"site-sidebar-layout":"default","site-content-layout":"default","ast-global-header-display":"","ast-banner-title-visibility":"","ast-main-header-display":"","ast-hfb-above-header-display":"","ast-hfb-below-header-display":"","ast-hfb-mobile-header-display":"","site-post-title":"","ast-breadcrumbs-content":"","ast-featured-img":"","footer-sml-layout":"","theme-transparent-header-meta":"default","adv-header-id-meta":"","stick-header-meta":"","header-above-stick-meta":"","header-main-stick-meta":"","header-below-stick-meta":""},"product_brand":[],"product_cat":[100,122],"product_tag":[],"class_list":{"0":"post-30571","1":"product","2":"type-product","3":"status-publish","4":"has-post-thumbnail","6":"product_cat-spindle-winding-machine","7":"product_cat-yarn-winding-machine","8":"desktop-align-left","9":"tablet-align-left","10":"mobile-align-left","12":"first","13":"instock","14":"shipping-taxable","15":"product-type-simple"},"yoast_head":"<!-- This site is optimized with the Yoast SEO Premium plugin v20.12 (Yoast SEO v26.0) - https:\/\/yoast.com\/wordpress\/plugins\/seo\/ -->\n<title>Parallel Doubler Winder - QiPang<\/title>\n<meta name=\"robots\" content=\"index, follow, max-snippet:-1, max-image-preview:large, max-video-preview:-1\" \/>\n<link rel=\"canonical\" href=\"https:\/\/rollingringdrives.com\/es\/producto\/enrollador-doble-paralelo\/\" \/>\n<meta property=\"og:locale\" content=\"es_MX\" \/>\n<meta property=\"og:type\" content=\"article\" \/>\n<meta property=\"og:title\" content=\"Parallel Doubler Winder\" \/>\n<meta property=\"og:description\" content=\"1. Groove cylinder high strength, wear resistance, yarn separation\u00a0 \u00a0 \u00a0 resistance 3. Gas spring performance is stable and reliable. 4. Eliminate yarn stress, so that it has no tendency to circle 5. Round and full yarn, higher three-dimensional sense 6. Realize non-foaming oil advanced sewing thread\" \/>\n<meta property=\"og:url\" content=\"https:\/\/rollingringdrives.com\/es\/producto\/enrollador-doble-paralelo\/\" \/>\n<meta property=\"og:site_name\" content=\"QiPang\" \/>\n<meta property=\"article:modified_time\" content=\"2023-11-03T10:09:58+00:00\" \/>\n<meta property=\"og:image\" content=\"https:\/\/rollingringdrives.com\/wp-content\/uploads\/2023\/11\/\u5fae\u4fe1\u56fe\u7247_20231103173839_\u526f\u672c.png\" \/>\n\t<meta property=\"og:image:width\" content=\"600\" \/>\n\t<meta property=\"og:image:height\" content=\"600\" \/>\n\t<meta property=\"og:image:type\" content=\"image\/png\" \/>\n<meta name=\"twitter:card\" content=\"summary_large_image\" \/>\n<meta name=\"twitter:label1\" content=\"Tiempo de lectura\" \/>\n\t<meta name=\"twitter:data1\" content=\"1 minuto\" \/>\n<script type=\"application\/ld+json\" class=\"yoast-schema-graph\">{\"@context\":\"https:\/\/schema.org\",\"@graph\":[{\"@type\":\"WebPage\",\"@id\":\"https:\/\/rollingringdrives.com\/product\/parallel-doubler-winder\/\",\"url\":\"https:\/\/rollingringdrives.com\/product\/parallel-doubler-winder\/\",\"name\":\"Parallel Doubler Winder - QiPang\",\"isPartOf\":{\"@id\":\"https:\/\/rollingringdrives.com\/#website\"},\"primaryImageOfPage\":{\"@id\":\"https:\/\/rollingringdrives.com\/product\/parallel-doubler-winder\/#primaryimage\"},\"image\":{\"@id\":\"https:\/\/rollingringdrives.com\/product\/parallel-doubler-winder\/#primaryimage\"},\"thumbnailUrl\":\"https:\/\/rollingringdrives.com\/wp-content\/uploads\/2023\/11\/\u5fae\u4fe1\u56fe\u7247_20231103173839_\u526f\u672c.png\",\"datePublished\":\"2023-11-03T09:39:35+00:00\",\"dateModified\":\"2023-11-03T10:09:58+00:00\",\"breadcrumb\":{\"@id\":\"https:\/\/rollingringdrives.com\/product\/parallel-doubler-winder\/#breadcrumb\"},\"inLanguage\":\"es\",\"potentialAction\":[{\"@type\":\"ReadAction\",\"target\":[\"https:\/\/rollingringdrives.com\/product\/parallel-doubler-winder\/\"]}]},{\"@type\":\"ImageObject\",\"inLanguage\":\"es\",\"@id\":\"https:\/\/rollingringdrives.com\/product\/parallel-doubler-winder\/#primaryimage\",\"url\":\"https:\/\/rollingringdrives.com\/wp-content\/uploads\/2023\/11\/\u5fae\u4fe1\u56fe\u7247_20231103173839_\u526f\u672c.png\",\"contentUrl\":\"https:\/\/rollingringdrives.com\/wp-content\/uploads\/2023\/11\/\u5fae\u4fe1\u56fe\u7247_20231103173839_\u526f\u672c.png\",\"width\":600,\"height\":600,\"caption\":\"Yarn Cone Winder\"},{\"@type\":\"BreadcrumbList\",\"@id\":\"https:\/\/rollingringdrives.com\/product\/parallel-doubler-winder\/#breadcrumb\",\"itemListElement\":[{\"@type\":\"ListItem\",\"position\":1,\"name\":\"Home\",\"item\":\"https:\/\/rollingringdrives.com\/\"},{\"@type\":\"ListItem\",\"position\":2,\"name\":\"Machines\",\"item\":\"https:\/\/rollingringdrives.com\/machines\/\"},{\"@type\":\"ListItem\",\"position\":3,\"name\":\"Parallel Doubler Winder\"}]},{\"@type\":\"WebSite\",\"@id\":\"https:\/\/rollingringdrives.com\/#website\",\"url\":\"https:\/\/rollingringdrives.com\/\",\"name\":\"QiPang\",\"description\":\"QiPang Blog\",\"publisher\":{\"@id\":\"https:\/\/rollingringdrives.com\/#organization\"},\"potentialAction\":[{\"@type\":\"SearchAction\",\"target\":{\"@type\":\"EntryPoint\",\"urlTemplate\":\"https:\/\/rollingringdrives.com\/?s={search_term_string}\"},\"query-input\":{\"@type\":\"PropertyValueSpecification\",\"valueRequired\":true,\"valueName\":\"search_term_string\"}}],\"inLanguage\":\"es\"},{\"@type\":\"Organization\",\"@id\":\"https:\/\/rollingringdrives.com\/#organization\",\"name\":\"QiPang\",\"url\":\"https:\/\/rollingringdrives.com\/\",\"logo\":{\"@type\":\"ImageObject\",\"inLanguage\":\"es\",\"@id\":\"https:\/\/rollingringdrives.com\/#\/schema\/logo\/image\/\",\"url\":\"https:\/\/rollingringdrives.com\/wp-content\/uploads\/2023\/05\/cropped-\u672a\u547d\u540d\u7684\u8bbe\u8ba1.png\",\"contentUrl\":\"https:\/\/rollingringdrives.com\/wp-content\/uploads\/2023\/05\/cropped-\u672a\u547d\u540d\u7684\u8bbe\u8ba1.png\",\"width\":300,\"height\":191,\"caption\":\"QiPang\"},\"image\":{\"@id\":\"https:\/\/rollingringdrives.com\/#\/schema\/logo\/image\/\"}}]}<\/script>\n<!-- \/ Yoast SEO Premium plugin. -->","yoast_head_json":{"title":"Bobinadora dobladora paralela - QiPang","robots":{"index":"index","follow":"follow","max-snippet":"max-snippet:-1","max-image-preview":"max-image-preview:large","max-video-preview":"max-video-preview:-1"},"canonical":"https:\/\/rollingringdrives.com\/es\/producto\/enrollador-doble-paralelo\/","og_locale":"es_MX","og_type":"article","og_title":"Parallel Doubler Winder","og_description":"1. Groove cylinder high strength, wear resistance, yarn separation\u00a0 \u00a0 \u00a0 resistance 3. Gas spring performance is stable and reliable. 4. Eliminate yarn stress, so that it has no tendency to circle 5. Round and full yarn, higher three-dimensional sense 6. Realize non-foaming oil advanced sewing thread","og_url":"https:\/\/rollingringdrives.com\/es\/producto\/enrollador-doble-paralelo\/","og_site_name":"QiPang","article_modified_time":"2023-11-03T10:09:58+00:00","og_image":[{"width":600,"height":600,"url":"https:\/\/rollingringdrives.com\/wp-content\/uploads\/2023\/11\/\u5fae\u4fe1\u56fe\u7247_20231103173839_\u526f\u672c.png","type":"image\/png"}],"twitter_card":"summary_large_image","twitter_misc":{"Tiempo de lectura":"1 minuto"},"schema":{"@context":"https:\/\/schema.org","@graph":[{"@type":"WebPage","@id":"https:\/\/rollingringdrives.com\/product\/parallel-doubler-winder\/","url":"https:\/\/rollingringdrives.com\/product\/parallel-doubler-winder\/","name":"Bobinadora dobladora paralela - QiPang","isPartOf":{"@id":"https:\/\/rollingringdrives.com\/#website"},"primaryImageOfPage":{"@id":"https:\/\/rollingringdrives.com\/product\/parallel-doubler-winder\/#primaryimage"},"image":{"@id":"https:\/\/rollingringdrives.com\/product\/parallel-doubler-winder\/#primaryimage"},"thumbnailUrl":"https:\/\/rollingringdrives.com\/wp-content\/uploads\/2023\/11\/\u5fae\u4fe1\u56fe\u7247_20231103173839_\u526f\u672c.png","datePublished":"2023-11-03T09:39:35+00:00","dateModified":"2023-11-03T10:09:58+00:00","breadcrumb":{"@id":"https:\/\/rollingringdrives.com\/product\/parallel-doubler-winder\/#breadcrumb"},"inLanguage":"es","potentialAction":[{"@type":"ReadAction","target":["https:\/\/rollingringdrives.com\/product\/parallel-doubler-winder\/"]}]},{"@type":"ImageObject","inLanguage":"es","@id":"https:\/\/rollingringdrives.com\/product\/parallel-doubler-winder\/#primaryimage","url":"https:\/\/rollingringdrives.com\/wp-content\/uploads\/2023\/11\/\u5fae\u4fe1\u56fe\u7247_20231103173839_\u526f\u672c.png","contentUrl":"https:\/\/rollingringdrives.com\/wp-content\/uploads\/2023\/11\/\u5fae\u4fe1\u56fe\u7247_20231103173839_\u526f\u672c.png","width":600,"height":600,"caption":"Yarn Cone Winder"},{"@type":"BreadcrumbList","@id":"https:\/\/rollingringdrives.com\/product\/parallel-doubler-winder\/#breadcrumb","itemListElement":[{"@type":"ListItem","position":1,"name":"Home","item":"https:\/\/rollingringdrives.com\/"},{"@type":"ListItem","position":2,"name":"Machines","item":"https:\/\/rollingringdrives.com\/machines\/"},{"@type":"ListItem","position":3,"name":"Parallel Doubler Winder"}]},{"@type":"WebSite","@id":"https:\/\/rollingringdrives.com\/#website","url":"https:\/\/rollingringdrives.com\/","name":"Qi Pang","description":"Blog QiPang","publisher":{"@id":"https:\/\/rollingringdrives.com\/#organization"},"potentialAction":[{"@type":"SearchAction","target":{"@type":"EntryPoint","urlTemplate":"https:\/\/rollingringdrives.com\/?s={search_term_string}"},"query-input":{"@type":"PropertyValueSpecification","valueRequired":true,"valueName":"search_term_string"}}],"inLanguage":"es"},{"@type":"Organization","@id":"https:\/\/rollingringdrives.com\/#organization","name":"Qi Pang","url":"https:\/\/rollingringdrives.com\/","logo":{"@type":"ImageObject","inLanguage":"es","@id":"https:\/\/rollingringdrives.com\/#\/schema\/logo\/image\/","url":"https:\/\/rollingringdrives.com\/wp-content\/uploads\/2023\/05\/cropped-\u672a\u547d\u540d\u7684\u8bbe\u8ba1.png","contentUrl":"https:\/\/rollingringdrives.com\/wp-content\/uploads\/2023\/05\/cropped-\u672a\u547d\u540d\u7684\u8bbe\u8ba1.png","width":300,"height":191,"caption":"QiPang"},"image":{"@id":"https:\/\/rollingringdrives.com\/#\/schema\/logo\/image\/"}}]}},"_links":{"self":[{"href":"https:\/\/rollingringdrives.com\/es\/wp-json\/wp\/v2\/product\/30571","targetHints":{"allow":["GET"]}}],"collection":[{"href":"https:\/\/rollingringdrives.com\/es\/wp-json\/wp\/v2\/product"}],"about":[{"href":"https:\/\/rollingringdrives.com\/es\/wp-json\/wp\/v2\/types\/product"}],"version-history":[{"count":0,"href":"https:\/\/rollingringdrives.com\/es\/wp-json\/wp\/v2\/product\/30571\/revisions"}],"wp:featuredmedia":[{"embeddable":true,"href":"https:\/\/rollingringdrives.com\/es\/wp-json\/wp\/v2\/media\/30574"}],"wp:attachment":[{"href":"https:\/\/rollingringdrives.com\/es\/wp-json\/wp\/v2\/media?parent=30571"}],"wp:term":[{"taxonomy":"product_brand","embeddable":true,"href":"https:\/\/rollingringdrives.com\/es\/wp-json\/wp\/v2\/product_brand?post=30571"},{"taxonomy":"product_cat","embeddable":true,"href":"https:\/\/rollingringdrives.com\/es\/wp-json\/wp\/v2\/product_cat?post=30571"},{"taxonomy":"product_tag","embeddable":true,"href":"https:\/\/rollingringdrives.com\/es\/wp-json\/wp\/v2\/product_tag?post=30571"}],"curies":[{"name":"wp","href":"https:\/\/api.w.org\/{rel}","templated":true}]}}