{"id":30897,"date":"2024-01-05T06:43:47","date_gmt":"2024-01-05T06:43:47","guid":{"rendered":"https:\/\/rollingringdrives.com\/?post_type=product&#038;p=30897"},"modified":"2024-01-16T06:04:35","modified_gmt":"2024-01-16T06:04:35","slug":"industrial-yarn-winder","status":"publish","type":"product","link":"https:\/\/rollingringdrives.com\/es\/producto\/bobinadora-de-hilo-industrial\/","title":{"rendered":"Bobinadora de hilo industrial"},"content":{"rendered":"<h3 id=\"5-eael-table-of-content\" class=\"eael-heading-content\">Ventajas<\/h3>\n<p>Es adecuado para bobinado y pruebas de laboratorio o de lotes peque\u00f1os. El paquete se puede rebobinar. Puedes colocarlo sobre la mesa o hacer una rejilla con tus propias manos si lo deseas. Tambi\u00e9n puedes agregar un marco de ovillo para rebobinar el ovillo. La bobina es generalmente recta o c\u00f3nica de 170-180 mm. Tubo.<\/p>\n<h3 id=\"6-eael-table-of-content\" class=\"eael-heading-content\"><strong>METRO<\/strong><strong>caracter\u00edsticas principales<\/strong><\/h3>\n<ol>\n<li>Utiliza tambores de aleaci\u00f3n de alta calidad con forma de ranura optimizada, que tiene las ventajas de buenas caracter\u00edsticas antisuperposici\u00f3n, peso ligero, buena resistencia al desgaste y eliminaci\u00f3n de est\u00e1tica.<\/li>\n<li>Control de motor de bobinado \u00fanico para cada huso, longitud fija electr\u00f3nica y parada autom\u00e1tica de un solo husillo mientras se rompe el hilo o se llena por completo.<\/li>\n<li>Fileta de alta velocidad con resorte de gas, que puede mantener una presi\u00f3n de bobinado constante. Esta fileta es estable y confiable.<\/li>\n<\/ol>\n<div id=\"footable_parent_30394\"\n         class=\"footable_parent ninja_table_wrapper loading_ninja_table wp_table_data_press_parent semantic_ui\">\n                <table data-ninja_table_instance=\"ninja_table_instance_0\" data-footable_id=\"30394\" data-filter-delay=\"1000\" aria-label=\"husillo \u00fanico\"            id=\"footable_30394\"\n           data-unique_identifier=\"ninja_table_unique_id_219503815_30394\"\n           class=\"foo-table ninja_footable foo_table_30394 ninja_table_unique_id_219503815_30394 ui table  nt_type_legacy_table selectable striped vertical_centered  footable-paging-right ninja_table_pro\">\n                <colgroup>\n                            <col class=\"ninja_column_0\">\n                            <col class=\"ninja_column_1\">\n                    <\/colgroup>\n        <thead>\n<tr class=\"footable-header\">\n                                        <th scope=\"col\"  class=\"ninja_column_0 ninja_clmn_nm_item\">Art\u00edculo<\/th><th scope=\"col\"  class=\"ninja_column_1 ninja_clmn_nm_technicalparameters\">Par\u00e1metros t\u00e9cnicos<\/th><\/tr>\n<\/thead>\n<tbody>\n\n        <tr data-row_id=\"1101\" class=\"ninja_table_row_0 nt_row_id_1101\">\n            <td>Velocidad mec\u00e1nica<\/td><td>Hasta 1000 m\/min (dependiendo de la calidad y el n\u00famero del hilo) Hasta 25 m\/min<\/td>        <\/tr>\n            <tr data-row_id=\"1102\" class=\"ninja_table_row_1 nt_row_id_1102\">\n            <td>bobina del paquete<\/td><td>0\u00b0, 3\u00b030&#039;, 4\u00b020&#039;, 5\u00b057&#039;, 9\u00b015&#039;<\/td>        <\/tr>\n            <tr data-row_id=\"1103\" class=\"ninja_table_row_2 nt_row_id_1103\">\n            <td>Di\u00e1metro del paquete<\/td><td>6 pulgadas (175 mm)<\/td>        <\/tr>\n            <tr data-row_id=\"1104\" class=\"ninja_table_row_3 nt_row_id_1104\">\n            <td><\/td><td> 8 pulgadas (230 mm) <\/td>        <\/tr>\n            <tr data-row_id=\"1105\" class=\"ninja_table_row_4 nt_row_id_1105\">\n            <td><\/td><td>10 pulgadas (290 mm)<\/td>        <\/tr>\n            <tr data-row_id=\"1106\" class=\"ninja_table_row_5 nt_row_id_1106\">\n            <td>Peso del paquete<\/td><td>Hasta 3 kilos<\/td>        <\/tr>\n            <tr data-row_id=\"1107\" class=\"ninja_table_row_6 nt_row_id_1107\">\n            <td>Hilos\/cuenta<\/td><td>Algod\u00f3n. lino, lana, seda, fibra qu\u00edmica \/Ne 6--180<\/td>        <\/tr>\n            <tr data-row_id=\"1108\" class=\"ninja_table_row_7 nt_row_id_1108\">\n            <td>El consumo de energ\u00eda<\/td><td>Potencia instalada: 100 W\/husillo, Consumo de energ\u00eda: 65 W\/husillo<\/td>        <\/tr>\n            <tr data-row_id=\"1109\" class=\"ninja_table_row_8 nt_row_id_1109\">\n            <td>Parada autom\u00e1tica mientras se rompe el hilo<\/td><td>Con sensor de hilo electr\u00f3nico, el husillo se detendr\u00e1 cuando se rompa el hilo.<\/td>        <\/tr>\n            <tr data-row_id=\"1110\" class=\"ninja_table_row_9 nt_row_id_1110\">\n            <td>Fijaci\u00f3n autom\u00e1tica de longitud<\/td><td>Fijaci\u00f3n autom\u00e1tica de longitud, m\u00e1x.: 999999 m<\/td>        <\/tr>\n            <tr data-row_id=\"1111\" class=\"ninja_table_row_10 nt_row_id_1111\">\n            <td>Comienzo lento<\/td><td>Para un arranque suave y una mejor calidad de bobinado, admitiendo un arranque lento individual para cada husillo<\/td>        <\/tr>\n            <tr data-row_id=\"1112\" class=\"ninja_table_row_11 nt_row_id_1112\">\n            <td>Limpiador de hilo electr\u00f3nico\/empalmador de aire<\/td><td>Opcional<\/td>        <\/tr>\n            <tr data-row_id=\"1114\" class=\"ninja_table_row_12 nt_row_id_1114\">\n            <td>Soplador viajero\/unidad de succi\u00f3n<\/td><td>Opcional, consumo de energ\u00eda 1.1KW<\/td>        <\/tr>\n            <tr data-row_id=\"1116\" class=\"ninja_table_row_13 nt_row_id_1116\">\n            <td>Dimensiones externas<\/td><td>6 pulgadas (175 mm): Tama\u00f1o de la m\u00e1quina 340*360*470 mm Incluyendo el tama\u00f1o de la caja de madera 385*385*500 mm<\/td>        <\/tr>\n            <tr data-row_id=\"1120\" class=\"ninja_table_row_14 nt_row_id_1120\">\n            <td><\/td><td>8 pulgadas (230 MM): Tama\u00f1o de la m\u00e1quina 360*410*510 mm Incluyendo el tama\u00f1o de la caja de madera 390*440*525 mm<\/td>        <\/tr>\n            <tr data-row_id=\"1121\" class=\"ninja_table_row_15 nt_row_id_1121\">\n            <td><\/td><td>10 pulgadas (290 MM): Tama\u00f1o de la m\u00e1quina 360*410*510 mm Incluyendo el tama\u00f1o de la caja de madera 390*440*525 mm<\/td>        <\/tr>\n            <tr data-row_id=\"1117\" class=\"ninja_table_row_16 nt_row_id_1117\">\n            <td>Peso<\/td><td>6 pulgadas (175 mm) Peso neto: 22 kg Peso bruto: 29 kg <\/td>        <\/tr>\n            <tr data-row_id=\"1122\" class=\"ninja_table_row_17 nt_row_id_1122\">\n            <td><\/td><td>8 pulgadas (230 mm) Peso neto: 34 kg Peso bruto: 40 kg <\/td>        <\/tr>\n            <tr data-row_id=\"1123\" class=\"ninja_table_row_18 nt_row_id_1123\">\n            <td><\/td><td>10 pulgadas (290 mm) Peso neto: 34 kg Peso bruto: 40 kg<\/td>        <\/tr>\n            <tr data-row_id=\"1118\" class=\"ninja_table_row_19 nt_row_id_1118\">\n            <td>Fuente de alimentaci\u00f3n<\/td><td>Personalizaci\u00f3n monof\u00e1sica de 220 V, 50\/60 HZ.<\/td>        <\/tr>\n    <\/tbody><!--ninja_tobody_rendering_done-->\n    <\/table>\n    \n    \n    \n<\/div>","protected":false},"excerpt":{"rendered":"<h3 id=\"1-eael-table-of-content\" class=\"eael-heading-content\">1.Velocidad r\u00e1pida<\/h3>\n<h3 id=\"2-eael-table-of-content\" class=\"eael-heading-content\">2.Operaci\u00f3n sencilla<\/h3>\n<h3 id=\"3-eael-table-of-content\" class=\"eael-heading-content\">3.Bajo ruido<\/h3>\n<h3 id=\"4-eael-table-of-content\" class=\"eael-heading-content\">4.adecuado para bobinado y pruebas de laboratorio o de lotes peque\u00f1os<\/h3>","protected":false},"featured_media":31130,"template":"","meta":{"site-sidebar-layout":"default","site-content-layout":"default","ast-global-header-display":"","ast-banner-title-visibility":"","ast-main-header-display":"","ast-hfb-above-header-display":"","ast-hfb-below-header-display":"","ast-hfb-mobile-header-display":"","site-post-title":"","ast-breadcrumbs-content":"","ast-featured-img":"","footer-sml-layout":"","theme-transparent-header-meta":"default","adv-header-id-meta":"","stick-header-meta":"","header-above-stick-meta":"","header-main-stick-meta":"","header-below-stick-meta":""},"product_brand":[],"product_cat":[100,122],"product_tag":[],"class_list":{"0":"post-30897","1":"product","2":"type-product","3":"status-publish","4":"has-post-thumbnail","6":"product_cat-spindle-winding-machine","7":"product_cat-yarn-winding-machine","8":"desktop-align-left","9":"tablet-align-left","10":"mobile-align-left","12":"first","13":"instock","14":"shipping-taxable","15":"product-type-simple"},"yoast_head":"<!-- This site is optimized with the Yoast SEO Premium plugin v20.12 (Yoast SEO v26.0) - https:\/\/yoast.com\/wordpress\/plugins\/seo\/ -->\n<title>Industrial Yarn Winder - QiPang<\/title>\n<meta name=\"robots\" content=\"index, follow, max-snippet:-1, max-image-preview:large, max-video-preview:-1\" \/>\n<link rel=\"canonical\" href=\"https:\/\/rollingringdrives.com\/es\/producto\/bobinadora-de-hilo-industrial\/\" \/>\n<meta property=\"og:locale\" content=\"es_MX\" \/>\n<meta property=\"og:type\" content=\"article\" \/>\n<meta property=\"og:title\" content=\"Industrial Yarn Winder\" \/>\n<meta property=\"og:description\" content=\"1.Fast speed 2.Simple operation 3.Low noise 4.suitable for laboratory or small-batch winding\u00a0 \u00a0 \u00a0and proofing\" \/>\n<meta property=\"og:url\" content=\"https:\/\/rollingringdrives.com\/es\/producto\/bobinadora-de-hilo-industrial\/\" \/>\n<meta property=\"og:site_name\" content=\"QiPang\" \/>\n<meta property=\"article:modified_time\" content=\"2024-01-16T06:04:35+00:00\" \/>\n<meta property=\"og:image\" content=\"https:\/\/rollingringdrives.com\/wp-content\/uploads\/2024\/01\/950f2ef9ba1e22f4ab35c0ee6f93053_\u526f\u672c_\u526f\u672c.png\" \/>\n\t<meta property=\"og:image:width\" content=\"600\" \/>\n\t<meta property=\"og:image:height\" content=\"600\" \/>\n\t<meta property=\"og:image:type\" content=\"image\/png\" \/>\n<meta name=\"twitter:card\" content=\"summary_large_image\" \/>\n<meta name=\"twitter:label1\" content=\"Tiempo de lectura\" \/>\n\t<meta name=\"twitter:data1\" content=\"1 minuto\" \/>\n<script type=\"application\/ld+json\" class=\"yoast-schema-graph\">{\"@context\":\"https:\/\/schema.org\",\"@graph\":[{\"@type\":\"WebPage\",\"@id\":\"https:\/\/rollingringdrives.com\/product\/industrial-yarn-winder\/\",\"url\":\"https:\/\/rollingringdrives.com\/product\/industrial-yarn-winder\/\",\"name\":\"Industrial Yarn Winder - QiPang\",\"isPartOf\":{\"@id\":\"https:\/\/rollingringdrives.com\/#website\"},\"primaryImageOfPage\":{\"@id\":\"https:\/\/rollingringdrives.com\/product\/industrial-yarn-winder\/#primaryimage\"},\"image\":{\"@id\":\"https:\/\/rollingringdrives.com\/product\/industrial-yarn-winder\/#primaryimage\"},\"thumbnailUrl\":\"https:\/\/rollingringdrives.com\/wp-content\/uploads\/2024\/01\/950f2ef9ba1e22f4ab35c0ee6f93053_\u526f\u672c_\u526f\u672c.png\",\"datePublished\":\"2024-01-05T06:43:47+00:00\",\"dateModified\":\"2024-01-16T06:04:35+00:00\",\"breadcrumb\":{\"@id\":\"https:\/\/rollingringdrives.com\/product\/industrial-yarn-winder\/#breadcrumb\"},\"inLanguage\":\"es\",\"potentialAction\":[{\"@type\":\"ReadAction\",\"target\":[\"https:\/\/rollingringdrives.com\/product\/industrial-yarn-winder\/\"]}]},{\"@type\":\"ImageObject\",\"inLanguage\":\"es\",\"@id\":\"https:\/\/rollingringdrives.com\/product\/industrial-yarn-winder\/#primaryimage\",\"url\":\"https:\/\/rollingringdrives.com\/wp-content\/uploads\/2024\/01\/950f2ef9ba1e22f4ab35c0ee6f93053_\u526f\u672c_\u526f\u672c.png\",\"contentUrl\":\"https:\/\/rollingringdrives.com\/wp-content\/uploads\/2024\/01\/950f2ef9ba1e22f4ab35c0ee6f93053_\u526f\u672c_\u526f\u672c.png\",\"width\":600,\"height\":600,\"caption\":\"Industrial Yarn Winder\"},{\"@type\":\"BreadcrumbList\",\"@id\":\"https:\/\/rollingringdrives.com\/product\/industrial-yarn-winder\/#breadcrumb\",\"itemListElement\":[{\"@type\":\"ListItem\",\"position\":1,\"name\":\"Home\",\"item\":\"https:\/\/rollingringdrives.com\/\"},{\"@type\":\"ListItem\",\"position\":2,\"name\":\"Machines\",\"item\":\"https:\/\/rollingringdrives.com\/machines\/\"},{\"@type\":\"ListItem\",\"position\":3,\"name\":\"Industrial Yarn Winder\"}]},{\"@type\":\"WebSite\",\"@id\":\"https:\/\/rollingringdrives.com\/#website\",\"url\":\"https:\/\/rollingringdrives.com\/\",\"name\":\"QiPang\",\"description\":\"QiPang Blog\",\"publisher\":{\"@id\":\"https:\/\/rollingringdrives.com\/#organization\"},\"potentialAction\":[{\"@type\":\"SearchAction\",\"target\":{\"@type\":\"EntryPoint\",\"urlTemplate\":\"https:\/\/rollingringdrives.com\/?s={search_term_string}\"},\"query-input\":{\"@type\":\"PropertyValueSpecification\",\"valueRequired\":true,\"valueName\":\"search_term_string\"}}],\"inLanguage\":\"es\"},{\"@type\":\"Organization\",\"@id\":\"https:\/\/rollingringdrives.com\/#organization\",\"name\":\"QiPang\",\"url\":\"https:\/\/rollingringdrives.com\/\",\"logo\":{\"@type\":\"ImageObject\",\"inLanguage\":\"es\",\"@id\":\"https:\/\/rollingringdrives.com\/#\/schema\/logo\/image\/\",\"url\":\"https:\/\/rollingringdrives.com\/wp-content\/uploads\/2023\/05\/cropped-\u672a\u547d\u540d\u7684\u8bbe\u8ba1.png\",\"contentUrl\":\"https:\/\/rollingringdrives.com\/wp-content\/uploads\/2023\/05\/cropped-\u672a\u547d\u540d\u7684\u8bbe\u8ba1.png\",\"width\":300,\"height\":191,\"caption\":\"QiPang\"},\"image\":{\"@id\":\"https:\/\/rollingringdrives.com\/#\/schema\/logo\/image\/\"}}]}<\/script>\n<!-- \/ Yoast SEO Premium plugin. -->","yoast_head_json":{"title":"Bobinadora de hilo industrial - QiPang","robots":{"index":"index","follow":"follow","max-snippet":"max-snippet:-1","max-image-preview":"max-image-preview:large","max-video-preview":"max-video-preview:-1"},"canonical":"https:\/\/rollingringdrives.com\/es\/producto\/bobinadora-de-hilo-industrial\/","og_locale":"es_MX","og_type":"article","og_title":"Industrial Yarn Winder","og_description":"1.Fast speed 2.Simple operation 3.Low noise 4.suitable for laboratory or small-batch winding\u00a0 \u00a0 \u00a0and proofing","og_url":"https:\/\/rollingringdrives.com\/es\/producto\/bobinadora-de-hilo-industrial\/","og_site_name":"QiPang","article_modified_time":"2024-01-16T06:04:35+00:00","og_image":[{"width":600,"height":600,"url":"https:\/\/rollingringdrives.com\/wp-content\/uploads\/2024\/01\/950f2ef9ba1e22f4ab35c0ee6f93053_\u526f\u672c_\u526f\u672c.png","type":"image\/png"}],"twitter_card":"summary_large_image","twitter_misc":{"Tiempo de lectura":"1 minuto"},"schema":{"@context":"https:\/\/schema.org","@graph":[{"@type":"WebPage","@id":"https:\/\/rollingringdrives.com\/product\/industrial-yarn-winder\/","url":"https:\/\/rollingringdrives.com\/product\/industrial-yarn-winder\/","name":"Bobinadora de hilo industrial - QiPang","isPartOf":{"@id":"https:\/\/rollingringdrives.com\/#website"},"primaryImageOfPage":{"@id":"https:\/\/rollingringdrives.com\/product\/industrial-yarn-winder\/#primaryimage"},"image":{"@id":"https:\/\/rollingringdrives.com\/product\/industrial-yarn-winder\/#primaryimage"},"thumbnailUrl":"https:\/\/rollingringdrives.com\/wp-content\/uploads\/2024\/01\/950f2ef9ba1e22f4ab35c0ee6f93053_\u526f\u672c_\u526f\u672c.png","datePublished":"2024-01-05T06:43:47+00:00","dateModified":"2024-01-16T06:04:35+00:00","breadcrumb":{"@id":"https:\/\/rollingringdrives.com\/product\/industrial-yarn-winder\/#breadcrumb"},"inLanguage":"es","potentialAction":[{"@type":"ReadAction","target":["https:\/\/rollingringdrives.com\/product\/industrial-yarn-winder\/"]}]},{"@type":"ImageObject","inLanguage":"es","@id":"https:\/\/rollingringdrives.com\/product\/industrial-yarn-winder\/#primaryimage","url":"https:\/\/rollingringdrives.com\/wp-content\/uploads\/2024\/01\/950f2ef9ba1e22f4ab35c0ee6f93053_\u526f\u672c_\u526f\u672c.png","contentUrl":"https:\/\/rollingringdrives.com\/wp-content\/uploads\/2024\/01\/950f2ef9ba1e22f4ab35c0ee6f93053_\u526f\u672c_\u526f\u672c.png","width":600,"height":600,"caption":"Industrial Yarn Winder"},{"@type":"BreadcrumbList","@id":"https:\/\/rollingringdrives.com\/product\/industrial-yarn-winder\/#breadcrumb","itemListElement":[{"@type":"ListItem","position":1,"name":"Home","item":"https:\/\/rollingringdrives.com\/"},{"@type":"ListItem","position":2,"name":"Machines","item":"https:\/\/rollingringdrives.com\/machines\/"},{"@type":"ListItem","position":3,"name":"Industrial Yarn Winder"}]},{"@type":"WebSite","@id":"https:\/\/rollingringdrives.com\/#website","url":"https:\/\/rollingringdrives.com\/","name":"Qi Pang","description":"Blog QiPang","publisher":{"@id":"https:\/\/rollingringdrives.com\/#organization"},"potentialAction":[{"@type":"SearchAction","target":{"@type":"EntryPoint","urlTemplate":"https:\/\/rollingringdrives.com\/?s={search_term_string}"},"query-input":{"@type":"PropertyValueSpecification","valueRequired":true,"valueName":"search_term_string"}}],"inLanguage":"es"},{"@type":"Organization","@id":"https:\/\/rollingringdrives.com\/#organization","name":"Qi Pang","url":"https:\/\/rollingringdrives.com\/","logo":{"@type":"ImageObject","inLanguage":"es","@id":"https:\/\/rollingringdrives.com\/#\/schema\/logo\/image\/","url":"https:\/\/rollingringdrives.com\/wp-content\/uploads\/2023\/05\/cropped-\u672a\u547d\u540d\u7684\u8bbe\u8ba1.png","contentUrl":"https:\/\/rollingringdrives.com\/wp-content\/uploads\/2023\/05\/cropped-\u672a\u547d\u540d\u7684\u8bbe\u8ba1.png","width":300,"height":191,"caption":"QiPang"},"image":{"@id":"https:\/\/rollingringdrives.com\/#\/schema\/logo\/image\/"}}]}},"_links":{"self":[{"href":"https:\/\/rollingringdrives.com\/es\/wp-json\/wp\/v2\/product\/30897","targetHints":{"allow":["GET"]}}],"collection":[{"href":"https:\/\/rollingringdrives.com\/es\/wp-json\/wp\/v2\/product"}],"about":[{"href":"https:\/\/rollingringdrives.com\/es\/wp-json\/wp\/v2\/types\/product"}],"version-history":[{"count":0,"href":"https:\/\/rollingringdrives.com\/es\/wp-json\/wp\/v2\/product\/30897\/revisions"}],"wp:featuredmedia":[{"embeddable":true,"href":"https:\/\/rollingringdrives.com\/es\/wp-json\/wp\/v2\/media\/31130"}],"wp:attachment":[{"href":"https:\/\/rollingringdrives.com\/es\/wp-json\/wp\/v2\/media?parent=30897"}],"wp:term":[{"taxonomy":"product_brand","embeddable":true,"href":"https:\/\/rollingringdrives.com\/es\/wp-json\/wp\/v2\/product_brand?post=30897"},{"taxonomy":"product_cat","embeddable":true,"href":"https:\/\/rollingringdrives.com\/es\/wp-json\/wp\/v2\/product_cat?post=30897"},{"taxonomy":"product_tag","embeddable":true,"href":"https:\/\/rollingringdrives.com\/es\/wp-json\/wp\/v2\/product_tag?post=30897"}],"curies":[{"name":"wp","href":"https:\/\/api.w.org\/{rel}","templated":true}]}}