{"id":30900,"date":"2024-01-05T10:44:11","date_gmt":"2024-01-05T10:44:11","guid":{"rendered":"https:\/\/rollingringdrives.com\/?post_type=product&#038;p=30900"},"modified":"2025-07-07T06:13:11","modified_gmt":"2025-07-07T06:13:11","slug":"tc400-wire-coiling-machine","status":"publish","type":"product","link":"https:\/\/rollingringdrives.com\/es\/producto\/maquina-bobinadora-de-alambre-tc400\/","title":{"rendered":"M\u00e1quina enrolladora de alambre TC400"},"content":{"rendered":"<p>El\u00a0<strong><b>M\u00e1quina bobinadora vertical 400\u00a0<\/b><\/strong>Est\u00e1 construido con acero cuadrado, lo que lo hace duradero y duradero. Se incluye el gabinete de distribuci\u00f3n de energ\u00eda, que consta de una fuente de alimentaci\u00f3n y un convertidor de frecuencia. Es posible personalizar otras velocidades con una velocidad ajustable de aproximadamente 120 N de vueltas por minuto. La m\u00e1quina tiene cuatro ojales de tornillo de expansi\u00f3n fijos en la parte inferior y un dispositivo antideslizante en la parte superior que puede soportar hasta 30 kg. Los accionamientos de precisi\u00f3n del anillo rodante garantizan la precisi\u00f3n del proceso de bobinado, lo que lo convierte en el complemento perfecto para cualquier l\u00ednea de producci\u00f3n.<\/p>\n<div id=\"footable_parent_30902\"\n         class=\"footable_parent ninja_table_wrapper loading_ninja_table wp_table_data_press_parent semantic_ui\">\n                <table data-ninja_table_instance=\"ninja_table_instance_0\" data-footable_id=\"30902\" data-filter-delay=\"1000\" aria-label=\"\u5de5\u4f5c\u7c3f2.csv\"            id=\"footable_30902\"\n           data-unique_identifier=\"ninja_table_unique_id_443707273_30902\"\n           class=\"foo-table ninja_footable foo_table_30902 ninja_table_unique_id_443707273_30902 ui table  nt_type_legacy_table selectable striped vertical_centered  footable-paging-right ninja_table_pro\">\n                <colgroup>\n                            <col class=\"ninja_column_0\">\n                            <col class=\"ninja_column_1\">\n                    <\/colgroup>\n        <thead>\n<tr class=\"footable-header\">\n                                        <th scope=\"col\"  class=\"ninja_column_0 ninja_clmn_nm_parameter\">Par\u00e1metro<\/th><th scope=\"col\"  class=\"ninja_column_1 ninja_clmn_nm_value\">Valor<\/th><\/tr>\n<\/thead>\n<tbody>\n\n        <tr data-row_id=\"1664\" class=\"ninja_table_row_0 nt_row_id_1664\">\n            <td>Acero cuadrado<\/td><td>Vital<\/td>        <\/tr>\n            <tr data-row_id=\"1665\" class=\"ninja_table_row_1 nt_row_id_1665\">\n            <td>puntas c\u00f3nicas<\/td><td>1 par (compatible con varias bobinas de orificio interno)<\/td>        <\/tr>\n            <tr data-row_id=\"1666\" class=\"ninja_table_row_2 nt_row_id_1666\">\n            <td>Gabinete de distribuci\u00f3n de energ\u00eda<\/td><td>Incluye fuente de alimentaci\u00f3n y convertidor de frecuencia.<\/td>        <\/tr>\n            <tr data-row_id=\"1667\" class=\"ninja_table_row_3 nt_row_id_1667\">\n            <td>Velocidad ajustable<\/td><td>Aproximadamente 120 N vueltas por minuto (se pueden personalizar otras velocidades)<\/td>        <\/tr>\n            <tr data-row_id=\"1668\" class=\"ninja_table_row_4 nt_row_id_1668\">\n            <td>Ojos de tornillo de expansi\u00f3n fija<\/td><td>4 en la parte inferior<\/td>        <\/tr>\n            <tr data-row_id=\"1669\" class=\"ninja_table_row_5 nt_row_id_1669\">\n            <td>Dispositivo antideslizante<\/td><td>S\u00ed (con 30 kg de peso)<\/td>        <\/tr>\n            <tr data-row_id=\"1670\" class=\"ninja_table_row_6 nt_row_id_1670\">\n            <td>Accionamientos de anillos rodantes de precisi\u00f3n<\/td><td>S\u00ed (con 30 kg de peso)<\/td>        <\/tr>\n            <tr data-row_id=\"1671\" class=\"ninja_table_row_7 nt_row_id_1671\">\n            <td>Fuerza <\/td><td>220V (alimentaci\u00f3n personalizada disponible)<\/td>        <\/tr>\n            <tr data-row_id=\"1672\" class=\"ninja_table_row_8 nt_row_id_1672\">\n            <td>Configuraci\u00f3n seleccionable<\/td><td><\/td>        <\/tr>\n            <tr data-row_id=\"1673\" class=\"ninja_table_row_9 nt_row_id_1673\">\n            <td>Contador de metros<\/td><td>Opci\u00f3n: establezca el n\u00famero de medidores para detener y alarma<\/td>        <\/tr>\n            <tr data-row_id=\"1674\" class=\"ninja_table_row_10 nt_row_id_1674\">\n            <td>Dispositivo de tensi\u00f3n de polvo magn\u00e9tico<\/td><td>Opci\u00f3n: Para igualar la l\u00ednea de producci\u00f3n para una velocidad constante y evitar la tensi\u00f3n del cable<\/td>        <\/tr>\n            <tr data-row_id=\"1675\" class=\"ninja_table_row_11 nt_row_id_1675\">\n            <td><\/td><td><\/td>        <\/tr>\n    <\/tbody><!--ninja_tobody_rendering_done-->\n    <\/table>\n    \n    \n    \n<\/div>\n\n<p>La m\u00e1quina bobinadora vertical 400 se puede utilizar en diversas industrias, como las industrias el\u00e9ctrica, textil y automotriz. Es ideal para bobinar diferentes bobinas con agujeros interiores, lo que la convierte en el complemento perfecto para cualquier l\u00ednea de producci\u00f3n.<\/p>\n<p>&nbsp;<\/p>","protected":false},"excerpt":{"rendered":"<h2 id=\"1-eael-table-of-content\" class=\"xsj_heading_hash xsj_heading xsj_heading_h2 eael-heading-content\" data-source-line=\"2\" data-source-line-display=\"true\"><span class=\"xsj_heading_content\">Caracter\u00edsticas:<\/span><\/h2>\n<ol class=\"markdown_ol\" data-source-line=\"4\">\n<li data-source-line=\"4\">Construcci\u00f3n duradera con acero cuadrado.<\/li>\n<li data-source-line=\"5\">Velocidad ajustable con opciones de personalizaci\u00f3n.<\/li>\n<li data-source-line=\"6\">Cuatro ojos de tornillo de expansi\u00f3n fijos en la parte inferior.<\/li>\n<li data-source-line=\"7\">Dispositivo antideslizante en la parte superior que puede soportar hasta 30 kg.<\/li>\n<li data-source-line=\"8\">Accionamientos de anillo rodante de precisi\u00f3n para un bobinado preciso.<\/li>\n<\/ol>","protected":false},"featured_media":31872,"template":"","meta":{"site-sidebar-layout":"default","site-content-layout":"default","ast-global-header-display":"","ast-banner-title-visibility":"","ast-main-header-display":"","ast-hfb-above-header-display":"","ast-hfb-below-header-display":"","ast-hfb-mobile-header-display":"","site-post-title":"","ast-breadcrumbs-content":"","ast-featured-img":"","footer-sml-layout":"","theme-transparent-header-meta":"default","adv-header-id-meta":"","stick-header-meta":"","header-above-stick-meta":"","header-main-stick-meta":"","header-below-stick-meta":""},"product_brand":[],"product_cat":[136,137],"product_tag":[],"class_list":{"0":"post-30900","1":"product","2":"type-product","3":"status-publish","4":"has-post-thumbnail","6":"product_cat-coiling-machine","7":"product_cat-coiling-and-reeling-machine","8":"desktop-align-left","9":"tablet-align-left","10":"mobile-align-left","12":"first","13":"instock","14":"shipping-taxable","15":"product-type-simple"},"yoast_head":"<!-- This site is optimized with the Yoast SEO Premium plugin v20.12 (Yoast SEO v26.0) - https:\/\/yoast.com\/wordpress\/plugins\/seo\/ -->\n<title>TC400 Wire Coiling Machine - QiPang<\/title>\n<meta name=\"robots\" content=\"index, follow, max-snippet:-1, max-image-preview:large, max-video-preview:-1\" \/>\n<link rel=\"canonical\" href=\"https:\/\/rollingringdrives.com\/es\/producto\/maquina-bobinadora-de-alambre-tc400\/\" \/>\n<meta property=\"og:locale\" content=\"es_MX\" \/>\n<meta property=\"og:type\" content=\"article\" \/>\n<meta property=\"og:title\" content=\"TC400 Wire Coiling Machine\" \/>\n<meta property=\"og:description\" content=\"Features:   Durable construction with square steel.  Adjustable speed with customization options.  Four fixed expansion screw eyes at the bottom.  Anti-slip device at the top that can bear up to 30 kg.  Precision rolling ring drives for accurate winding.\" \/>\n<meta property=\"og:url\" content=\"https:\/\/rollingringdrives.com\/es\/producto\/maquina-bobinadora-de-alambre-tc400\/\" \/>\n<meta property=\"og:site_name\" content=\"QiPang\" \/>\n<meta property=\"article:modified_time\" content=\"2025-07-07T06:13:11+00:00\" \/>\n<meta property=\"og:image\" content=\"https:\/\/rollingringdrives.com\/wp-content\/uploads\/2024\/01\/\u4e3b\u56fe\u6a21\u7248.jpg\" \/>\n\t<meta property=\"og:image:width\" content=\"600\" \/>\n\t<meta property=\"og:image:height\" content=\"600\" \/>\n\t<meta property=\"og:image:type\" content=\"image\/jpeg\" \/>\n<meta name=\"twitter:card\" content=\"summary_large_image\" \/>\n<meta name=\"twitter:label1\" content=\"Tiempo de lectura\" \/>\n\t<meta name=\"twitter:data1\" content=\"1 minuto\" \/>\n<script type=\"application\/ld+json\" class=\"yoast-schema-graph\">{\"@context\":\"https:\/\/schema.org\",\"@graph\":[{\"@type\":\"WebPage\",\"@id\":\"https:\/\/rollingringdrives.com\/product\/tc400-wire-coiling-machine\/\",\"url\":\"https:\/\/rollingringdrives.com\/product\/tc400-wire-coiling-machine\/\",\"name\":\"TC400 Wire Coiling Machine - QiPang\",\"isPartOf\":{\"@id\":\"https:\/\/rollingringdrives.com\/#website\"},\"primaryImageOfPage\":{\"@id\":\"https:\/\/rollingringdrives.com\/product\/tc400-wire-coiling-machine\/#primaryimage\"},\"image\":{\"@id\":\"https:\/\/rollingringdrives.com\/product\/tc400-wire-coiling-machine\/#primaryimage\"},\"thumbnailUrl\":\"https:\/\/rollingringdrives.com\/wp-content\/uploads\/2024\/01\/\u4e3b\u56fe\u6a21\u7248.jpg\",\"datePublished\":\"2024-01-05T10:44:11+00:00\",\"dateModified\":\"2025-07-07T06:13:11+00:00\",\"breadcrumb\":{\"@id\":\"https:\/\/rollingringdrives.com\/product\/tc400-wire-coiling-machine\/#breadcrumb\"},\"inLanguage\":\"es\",\"potentialAction\":[{\"@type\":\"ReadAction\",\"target\":[\"https:\/\/rollingringdrives.com\/product\/tc400-wire-coiling-machine\/\"]}]},{\"@type\":\"ImageObject\",\"inLanguage\":\"es\",\"@id\":\"https:\/\/rollingringdrives.com\/product\/tc400-wire-coiling-machine\/#primaryimage\",\"url\":\"https:\/\/rollingringdrives.com\/wp-content\/uploads\/2024\/01\/\u4e3b\u56fe\u6a21\u7248.jpg\",\"contentUrl\":\"https:\/\/rollingringdrives.com\/wp-content\/uploads\/2024\/01\/\u4e3b\u56fe\u6a21\u7248.jpg\",\"width\":600,\"height\":600,\"caption\":\"Wire reel machine\"},{\"@type\":\"BreadcrumbList\",\"@id\":\"https:\/\/rollingringdrives.com\/product\/tc400-wire-coiling-machine\/#breadcrumb\",\"itemListElement\":[{\"@type\":\"ListItem\",\"position\":1,\"name\":\"Home\",\"item\":\"https:\/\/rollingringdrives.com\/\"},{\"@type\":\"ListItem\",\"position\":2,\"name\":\"Machines\",\"item\":\"https:\/\/rollingringdrives.com\/machines\/\"},{\"@type\":\"ListItem\",\"position\":3,\"name\":\"TC400 Wire Coiling Machine\"}]},{\"@type\":\"WebSite\",\"@id\":\"https:\/\/rollingringdrives.com\/#website\",\"url\":\"https:\/\/rollingringdrives.com\/\",\"name\":\"QiPang\",\"description\":\"QiPang Blog\",\"publisher\":{\"@id\":\"https:\/\/rollingringdrives.com\/#organization\"},\"potentialAction\":[{\"@type\":\"SearchAction\",\"target\":{\"@type\":\"EntryPoint\",\"urlTemplate\":\"https:\/\/rollingringdrives.com\/?s={search_term_string}\"},\"query-input\":{\"@type\":\"PropertyValueSpecification\",\"valueRequired\":true,\"valueName\":\"search_term_string\"}}],\"inLanguage\":\"es\"},{\"@type\":\"Organization\",\"@id\":\"https:\/\/rollingringdrives.com\/#organization\",\"name\":\"QiPang\",\"url\":\"https:\/\/rollingringdrives.com\/\",\"logo\":{\"@type\":\"ImageObject\",\"inLanguage\":\"es\",\"@id\":\"https:\/\/rollingringdrives.com\/#\/schema\/logo\/image\/\",\"url\":\"https:\/\/rollingringdrives.com\/wp-content\/uploads\/2023\/05\/cropped-\u672a\u547d\u540d\u7684\u8bbe\u8ba1.png\",\"contentUrl\":\"https:\/\/rollingringdrives.com\/wp-content\/uploads\/2023\/05\/cropped-\u672a\u547d\u540d\u7684\u8bbe\u8ba1.png\",\"width\":300,\"height\":191,\"caption\":\"QiPang\"},\"image\":{\"@id\":\"https:\/\/rollingringdrives.com\/#\/schema\/logo\/image\/\"}}]}<\/script>\n<!-- \/ Yoast SEO Premium plugin. -->","yoast_head_json":{"title":"M\u00e1quina bobinadora de alambre TC400 - QiPang","robots":{"index":"index","follow":"follow","max-snippet":"max-snippet:-1","max-image-preview":"max-image-preview:large","max-video-preview":"max-video-preview:-1"},"canonical":"https:\/\/rollingringdrives.com\/es\/producto\/maquina-bobinadora-de-alambre-tc400\/","og_locale":"es_MX","og_type":"article","og_title":"TC400 Wire Coiling Machine","og_description":"Features:   Durable construction with square steel.  Adjustable speed with customization options.  Four fixed expansion screw eyes at the bottom.  Anti-slip device at the top that can bear up to 30 kg.  Precision rolling ring drives for accurate winding.","og_url":"https:\/\/rollingringdrives.com\/es\/producto\/maquina-bobinadora-de-alambre-tc400\/","og_site_name":"QiPang","article_modified_time":"2025-07-07T06:13:11+00:00","og_image":[{"width":600,"height":600,"url":"https:\/\/rollingringdrives.com\/wp-content\/uploads\/2024\/01\/\u4e3b\u56fe\u6a21\u7248.jpg","type":"image\/jpeg"}],"twitter_card":"summary_large_image","twitter_misc":{"Tiempo de lectura":"1 minuto"},"schema":{"@context":"https:\/\/schema.org","@graph":[{"@type":"WebPage","@id":"https:\/\/rollingringdrives.com\/product\/tc400-wire-coiling-machine\/","url":"https:\/\/rollingringdrives.com\/product\/tc400-wire-coiling-machine\/","name":"M\u00e1quina bobinadora de alambre TC400 - QiPang","isPartOf":{"@id":"https:\/\/rollingringdrives.com\/#website"},"primaryImageOfPage":{"@id":"https:\/\/rollingringdrives.com\/product\/tc400-wire-coiling-machine\/#primaryimage"},"image":{"@id":"https:\/\/rollingringdrives.com\/product\/tc400-wire-coiling-machine\/#primaryimage"},"thumbnailUrl":"https:\/\/rollingringdrives.com\/wp-content\/uploads\/2024\/01\/\u4e3b\u56fe\u6a21\u7248.jpg","datePublished":"2024-01-05T10:44:11+00:00","dateModified":"2025-07-07T06:13:11+00:00","breadcrumb":{"@id":"https:\/\/rollingringdrives.com\/product\/tc400-wire-coiling-machine\/#breadcrumb"},"inLanguage":"es","potentialAction":[{"@type":"ReadAction","target":["https:\/\/rollingringdrives.com\/product\/tc400-wire-coiling-machine\/"]}]},{"@type":"ImageObject","inLanguage":"es","@id":"https:\/\/rollingringdrives.com\/product\/tc400-wire-coiling-machine\/#primaryimage","url":"https:\/\/rollingringdrives.com\/wp-content\/uploads\/2024\/01\/\u4e3b\u56fe\u6a21\u7248.jpg","contentUrl":"https:\/\/rollingringdrives.com\/wp-content\/uploads\/2024\/01\/\u4e3b\u56fe\u6a21\u7248.jpg","width":600,"height":600,"caption":"Wire reel machine"},{"@type":"BreadcrumbList","@id":"https:\/\/rollingringdrives.com\/product\/tc400-wire-coiling-machine\/#breadcrumb","itemListElement":[{"@type":"ListItem","position":1,"name":"Home","item":"https:\/\/rollingringdrives.com\/"},{"@type":"ListItem","position":2,"name":"Machines","item":"https:\/\/rollingringdrives.com\/machines\/"},{"@type":"ListItem","position":3,"name":"TC400 Wire Coiling Machine"}]},{"@type":"WebSite","@id":"https:\/\/rollingringdrives.com\/#website","url":"https:\/\/rollingringdrives.com\/","name":"Qi Pang","description":"Blog QiPang","publisher":{"@id":"https:\/\/rollingringdrives.com\/#organization"},"potentialAction":[{"@type":"SearchAction","target":{"@type":"EntryPoint","urlTemplate":"https:\/\/rollingringdrives.com\/?s={search_term_string}"},"query-input":{"@type":"PropertyValueSpecification","valueRequired":true,"valueName":"search_term_string"}}],"inLanguage":"es"},{"@type":"Organization","@id":"https:\/\/rollingringdrives.com\/#organization","name":"Qi Pang","url":"https:\/\/rollingringdrives.com\/","logo":{"@type":"ImageObject","inLanguage":"es","@id":"https:\/\/rollingringdrives.com\/#\/schema\/logo\/image\/","url":"https:\/\/rollingringdrives.com\/wp-content\/uploads\/2023\/05\/cropped-\u672a\u547d\u540d\u7684\u8bbe\u8ba1.png","contentUrl":"https:\/\/rollingringdrives.com\/wp-content\/uploads\/2023\/05\/cropped-\u672a\u547d\u540d\u7684\u8bbe\u8ba1.png","width":300,"height":191,"caption":"QiPang"},"image":{"@id":"https:\/\/rollingringdrives.com\/#\/schema\/logo\/image\/"}}]}},"_links":{"self":[{"href":"https:\/\/rollingringdrives.com\/es\/wp-json\/wp\/v2\/product\/30900","targetHints":{"allow":["GET"]}}],"collection":[{"href":"https:\/\/rollingringdrives.com\/es\/wp-json\/wp\/v2\/product"}],"about":[{"href":"https:\/\/rollingringdrives.com\/es\/wp-json\/wp\/v2\/types\/product"}],"version-history":[{"count":0,"href":"https:\/\/rollingringdrives.com\/es\/wp-json\/wp\/v2\/product\/30900\/revisions"}],"wp:featuredmedia":[{"embeddable":true,"href":"https:\/\/rollingringdrives.com\/es\/wp-json\/wp\/v2\/media\/31872"}],"wp:attachment":[{"href":"https:\/\/rollingringdrives.com\/es\/wp-json\/wp\/v2\/media?parent=30900"}],"wp:term":[{"taxonomy":"product_brand","embeddable":true,"href":"https:\/\/rollingringdrives.com\/es\/wp-json\/wp\/v2\/product_brand?post=30900"},{"taxonomy":"product_cat","embeddable":true,"href":"https:\/\/rollingringdrives.com\/es\/wp-json\/wp\/v2\/product_cat?post=30900"},{"taxonomy":"product_tag","embeddable":true,"href":"https:\/\/rollingringdrives.com\/es\/wp-json\/wp\/v2\/product_tag?post=30900"}],"curies":[{"name":"wp","href":"https:\/\/api.w.org\/{rel}","templated":true}]}}