{"id":30925,"date":"2024-01-08T10:41:28","date_gmt":"2024-01-08T10:41:28","guid":{"rendered":"https:\/\/rollingringdrives.com\/?post_type=product&#038;p=30925"},"modified":"2025-07-07T06:12:31","modified_gmt":"2025-07-07T06:12:31","slug":"automatic-cable-coiling-machine","status":"publish","type":"product","link":"https:\/\/rollingringdrives.com\/es\/producto\/maquina-automatica-para-enrollar-cables-2\/","title":{"rendered":"M\u00e1quina enrolladora autom\u00e1tica de cables"},"content":{"rendered":"<p><strong>Descripci\u00f3n<\/strong><\/p>\n<p>La m\u00e1quina enrolladora est\u00e1 dise\u00f1ada para enrollar f\u00e1cilmente varias bobinas con orificios interiores. La m\u00e1quina est\u00e1 construida con acero cuadrado, lo que la hace resistente y duradera. Se incluye el gabinete de distribuci\u00f3n de energ\u00eda, que consta de una fuente de alimentaci\u00f3n y un convertidor de frecuencia. Es posible personalizar otras velocidades con una velocidad ajustable de aproximadamente 120 N de vueltas por minuto. La m\u00e1quina tiene cuatro ojales de tornillo de expansi\u00f3n fijos en la parte inferior y un dispositivo antideslizante en la parte superior que puede soportar hasta 30 kg. Los accionamientos de precisi\u00f3n del anillo rodante garantizan la precisi\u00f3n del proceso de bobinado, lo que lo convierte en el complemento perfecto para cualquier l\u00ednea de producci\u00f3n.<\/p>\n<div id=\"footable_parent_30902\"\n         class=\"footable_parent ninja_table_wrapper loading_ninja_table wp_table_data_press_parent semantic_ui\">\n                <table data-ninja_table_instance=\"ninja_table_instance_0\" data-footable_id=\"30902\" data-filter-delay=\"1000\" aria-label=\"\u5de5\u4f5c\u7c3f2.csv\"            id=\"footable_30902\"\n           data-unique_identifier=\"ninja_table_unique_id_1432215581_30902\"\n           class=\"foo-table ninja_footable foo_table_30902 ninja_table_unique_id_1432215581_30902 ui table  nt_type_legacy_table selectable striped vertical_centered  footable-paging-right ninja_table_pro\">\n                <colgroup>\n                            <col class=\"ninja_column_0\">\n                            <col class=\"ninja_column_1\">\n                    <\/colgroup>\n        <thead>\n<tr class=\"footable-header\">\n                                        <th scope=\"col\"  class=\"ninja_column_0 ninja_clmn_nm_parameter\">Par\u00e1metro<\/th><th scope=\"col\"  class=\"ninja_column_1 ninja_clmn_nm_value\">Valor<\/th><\/tr>\n<\/thead>\n<tbody>\n\n        <tr data-row_id=\"1664\" class=\"ninja_table_row_0 nt_row_id_1664\">\n            <td>Acero cuadrado<\/td><td>Vital<\/td>        <\/tr>\n            <tr data-row_id=\"1665\" class=\"ninja_table_row_1 nt_row_id_1665\">\n            <td>puntas c\u00f3nicas<\/td><td>1 par (compatible con varias bobinas de orificio interno)<\/td>        <\/tr>\n            <tr data-row_id=\"1666\" class=\"ninja_table_row_2 nt_row_id_1666\">\n            <td>Gabinete de distribuci\u00f3n de energ\u00eda<\/td><td>Incluye fuente de alimentaci\u00f3n y convertidor de frecuencia.<\/td>        <\/tr>\n            <tr data-row_id=\"1667\" class=\"ninja_table_row_3 nt_row_id_1667\">\n            <td>Velocidad ajustable<\/td><td>Aproximadamente 120 N vueltas por minuto (se pueden personalizar otras velocidades)<\/td>        <\/tr>\n            <tr data-row_id=\"1668\" class=\"ninja_table_row_4 nt_row_id_1668\">\n            <td>Ojos de tornillo de expansi\u00f3n fija<\/td><td>4 en la parte inferior<\/td>        <\/tr>\n            <tr data-row_id=\"1669\" class=\"ninja_table_row_5 nt_row_id_1669\">\n            <td>Dispositivo antideslizante<\/td><td>S\u00ed (con 30 kg de peso)<\/td>        <\/tr>\n            <tr data-row_id=\"1670\" class=\"ninja_table_row_6 nt_row_id_1670\">\n            <td>Accionamientos de anillos rodantes de precisi\u00f3n<\/td><td>S\u00ed (con 30 kg de peso)<\/td>        <\/tr>\n            <tr data-row_id=\"1671\" class=\"ninja_table_row_7 nt_row_id_1671\">\n            <td>Fuerza <\/td><td>220V (alimentaci\u00f3n personalizada disponible)<\/td>        <\/tr>\n            <tr data-row_id=\"1672\" class=\"ninja_table_row_8 nt_row_id_1672\">\n            <td>Configuraci\u00f3n seleccionable<\/td><td><\/td>        <\/tr>\n            <tr data-row_id=\"1673\" class=\"ninja_table_row_9 nt_row_id_1673\">\n            <td>Contador de metros<\/td><td>Opci\u00f3n: establezca el n\u00famero de medidores para detener y alarma<\/td>        <\/tr>\n            <tr data-row_id=\"1674\" class=\"ninja_table_row_10 nt_row_id_1674\">\n            <td>Dispositivo de tensi\u00f3n de polvo magn\u00e9tico<\/td><td>Opci\u00f3n: Para igualar la l\u00ednea de producci\u00f3n para una velocidad constante y evitar la tensi\u00f3n del cable<\/td>        <\/tr>\n            <tr data-row_id=\"1675\" class=\"ninja_table_row_11 nt_row_id_1675\">\n            <td><\/td><td><\/td>        <\/tr>\n    <\/tbody><!--ninja_tobody_rendering_done-->\n    <\/table>\n    \n    \n    \n<\/div>\n\n<h2 id=\"3-eael-table-of-content\" class=\"xsj_heading_hash xsj_heading xsj_heading_h2 eael-heading-content\" data-source-line=\"6\" data-source-line-display=\"true\"><span class=\"xsj_heading_content\">Preguntas frecuentes:<\/span><\/h2>\n<div class=\"xiaoshujiang_element xsj_anchor\"><a class=\"blank_anchor_name\" name=\"120what20is20the20weight20capacity20of20the20anti-slip20device20at20the20top20of20the20machine_3\"><\/a><a id=\"120what20is20the20weight20capacity20of20the20anti-slip20device20at20the20top20of20the20machine_3\" class=\"blank_anchor_id\"><\/a><a class=\"blank_anchor_name\" name=\"1-what-is-the-weight-capacity-of-the-anti-slip-device-at-the-top-of-the-machine\"><\/a><a id=\"1-what-is-the-weight-capacity-of-the-anti-slip-device-at-the-top-of-the-machine\" class=\"blank_anchor_id\"><\/a><\/div>\n<h4 id=\"4-eael-table-of-content\" class=\"xsj_heading_hash xsj_heading xsj_heading_h4 eael-heading-content\" data-source-line=\"8\" data-source-line-display=\"true\"><span class=\"xsj_heading_content\">1. \u00bfCu\u00e1l es la capacidad de peso del dispositivo antideslizante en la parte superior de la m\u00e1quina?<\/span><\/h4>\n<p class=\"xsj_paragraph xsj_paragraph_level_0\" data-source-line=\"10\" data-source-line-display=\"true\">El dispositivo antideslizante puede soportar hasta 30 kg.<\/p>\n<div class=\"xiaoshujiang_element xsj_anchor\"><a class=\"blank_anchor_name\" name=\"220what20is20the20adjustable20speed20of20the20machine_4\"><\/a><a id=\"220what20is20the20adjustable20speed20of20the20machine_4\" class=\"blank_anchor_id\"><\/a><a class=\"blank_anchor_name\" name=\"2-what-is-the-adjustable-speed-of-the-machine\"><\/a><a id=\"2-what-is-the-adjustable-speed-of-the-machine\" class=\"blank_anchor_id\"><\/a><\/div>\n<h4 id=\"5-eael-table-of-content\" class=\"xsj_heading_hash xsj_heading xsj_heading_h4 eael-heading-content\" data-source-line=\"12\" data-source-line-display=\"true\"><span class=\"xsj_heading_content\">2. \u00bfCu\u00e1l es la velocidad ajustable de la m\u00e1quina?<\/span><\/h4>\n<p class=\"xsj_paragraph xsj_paragraph_level_0\" data-source-line=\"14\" data-source-line-display=\"true\">La velocidad ajustable es de aproximadamente 120 N vueltas por minuto; otras tarifas se pueden personalizar.<\/p>\n<div class=\"xiaoshujiang_element xsj_anchor\"><a class=\"blank_anchor_name\" name=\"320what20kind20of20industries20can20use20this20machine_5\"><\/a><a id=\"320what20kind20of20industries20can20use20this20machine_5\" class=\"blank_anchor_id\"><\/a><a class=\"blank_anchor_name\" name=\"3-what-kind-of-industries-can-use-this-machine\"><\/a><a id=\"3-what-kind-of-industries-can-use-this-machine\" class=\"blank_anchor_id\"><\/a><\/div>\n<h4 id=\"6-eael-table-of-content\" class=\"xsj_heading_hash xsj_heading xsj_heading_h4 eael-heading-content\" data-source-line=\"16\" data-source-line-display=\"true\"><span class=\"xsj_heading_content\">3. \u00bfQu\u00e9 tipo de industrias pueden usar esta m\u00e1quina?<\/span><\/h4>\n<p class=\"xsj_paragraph xsj_paragraph_level_0\" data-source-line=\"18\" data-source-line-display=\"true\">La bobinadora vertical 400 se puede utilizar en diversas industrias el\u00e9ctrica, textil y automotriz.<\/p>\n<div class=\"xiaoshujiang_element xsj_anchor\"><a class=\"blank_anchor_name\" name=\"420does20the20machine20come20with20a20power20distribution20cabinet_6\"><\/a><a id=\"420does20the20machine20come20with20a20power20distribution20cabinet_6\" class=\"blank_anchor_id\"><\/a><a class=\"blank_anchor_name\" name=\"4-does-the-machine-come-with-a-power-distribution-cabinet\"><\/a><a id=\"4-does-the-machine-come-with-a-power-distribution-cabinet\" class=\"blank_anchor_id\"><\/a><\/div>\n<h4 id=\"7-eael-table-of-content\" class=\"xsj_heading_hash xsj_heading xsj_heading_h4 eael-heading-content\" data-source-line=\"20\" data-source-line-display=\"true\"><span class=\"xsj_heading_content\">4. \u00bfLa m\u00e1quina viene con un gabinete de distribuci\u00f3n de energ\u00eda?<\/span><\/h4>\n<p class=\"xsj_paragraph xsj_paragraph_level_0\" data-source-line=\"22\" data-source-line-display=\"true\">S\u00ed, la m\u00e1quina tiene un gabinete de distribuci\u00f3n de energ\u00eda con fuente de alimentaci\u00f3n y convertidor de frecuencia.<\/p>\n<div class=\"xiaoshujiang_element xsj_anchor\"><a class=\"blank_anchor_name\" name=\"520are20there20any20additional20features20i20can20add20to20the20machine_7\"><\/a><a id=\"520are20there20any20additional20features20i20can20add20to20the20machine_7\" class=\"blank_anchor_id\"><\/a><a class=\"blank_anchor_name\" name=\"5-are-there-any-additional-features-i-can-add-to-the-machine\"><\/a><a id=\"5-are-there-any-additional-features-i-can-add-to-the-machine\" class=\"blank_anchor_id\"><\/a><\/div>\n<h4 id=\"8-eael-table-of-content\" class=\"xsj_heading_hash xsj_heading xsj_heading_h4 eael-heading-content\" data-source-line=\"24\" data-source-line-display=\"true\"><span class=\"xsj_heading_content\">5. \u00bfHay funciones adicionales que pueda agregar a la m\u00e1quina?<\/span><\/h4>\n<p class=\"xsj_paragraph xsj_paragraph_level_0\" data-source-line=\"26\" data-source-line-display=\"true\">S\u00ed, puede agregar un contador de medidores para configurar el n\u00famero de medidores para detener y alarmar y un dispositivo de tensi\u00f3n de polvo magn\u00e9tico para que coincida con la l\u00ednea de producci\u00f3n, asegurando una velocidad constante y evitando la tensi\u00f3n del cable.<\/p>","protected":false},"excerpt":{"rendered":"<p>tomar maquina<\/p>\n<p>1.bobina de carrete: &lt;= 400 mm<\/p>\n<p>2. la velocidad es ajustable<\/p>\n<p>3.Parte opcional: contador de metros o motor de torsi\u00f3n.<\/p>","protected":false},"featured_media":31884,"template":"","meta":{"site-sidebar-layout":"default","site-content-layout":"default","ast-global-header-display":"","ast-banner-title-visibility":"","ast-main-header-display":"","ast-hfb-above-header-display":"","ast-hfb-below-header-display":"","ast-hfb-mobile-header-display":"","site-post-title":"","ast-breadcrumbs-content":"","ast-featured-img":"","footer-sml-layout":"","theme-transparent-header-meta":"default","adv-header-id-meta":"","stick-header-meta":"","header-above-stick-meta":"","header-main-stick-meta":"","header-below-stick-meta":""},"product_brand":[],"product_cat":[136,137],"product_tag":[],"class_list":{"0":"post-30925","1":"product","2":"type-product","3":"status-publish","4":"has-post-thumbnail","6":"product_cat-coiling-machine","7":"product_cat-coiling-and-reeling-machine","8":"desktop-align-left","9":"tablet-align-left","10":"mobile-align-left","12":"first","13":"instock","14":"shipping-taxable","15":"product-type-simple"},"yoast_head":"<!-- This site is optimized with the Yoast SEO Premium plugin v20.12 (Yoast SEO v26.0) - https:\/\/yoast.com\/wordpress\/plugins\/seo\/ -->\n<title>Automatic Cable Coiling Machine - QiPang<\/title>\n<meta name=\"robots\" content=\"index, follow, max-snippet:-1, max-image-preview:large, max-video-preview:-1\" \/>\n<link rel=\"canonical\" href=\"https:\/\/rollingringdrives.com\/es\/producto\/maquina-automatica-para-enrollar-cables-2\/\" \/>\n<meta property=\"og:locale\" content=\"es_MX\" \/>\n<meta property=\"og:type\" content=\"article\" \/>\n<meta property=\"og:title\" content=\"Automatic Cable Coiling Machine\" \/>\n<meta property=\"og:description\" content=\"Take up machine  1.spool bobbin\uff1a&lt;=400mm  2. speed is adjustable  3.Optional part: meter counter or torque motor\" \/>\n<meta property=\"og:url\" content=\"https:\/\/rollingringdrives.com\/es\/producto\/maquina-automatica-para-enrollar-cables-2\/\" \/>\n<meta property=\"og:site_name\" content=\"QiPang\" \/>\n<meta property=\"article:modified_time\" content=\"2025-07-07T06:12:31+00:00\" \/>\n<meta property=\"og:image\" content=\"https:\/\/rollingringdrives.com\/wp-content\/uploads\/2024\/01\/\u4e3b\u56fe10.jpg\" \/>\n\t<meta property=\"og:image:width\" content=\"600\" \/>\n\t<meta property=\"og:image:height\" content=\"600\" \/>\n\t<meta property=\"og:image:type\" content=\"image\/jpeg\" \/>\n<meta name=\"twitter:card\" content=\"summary_large_image\" \/>\n<meta name=\"twitter:label1\" content=\"Tiempo de lectura\" \/>\n\t<meta name=\"twitter:data1\" content=\"2 minutos\" \/>\n<script type=\"application\/ld+json\" class=\"yoast-schema-graph\">{\"@context\":\"https:\/\/schema.org\",\"@graph\":[{\"@type\":\"WebPage\",\"@id\":\"https:\/\/rollingringdrives.com\/product\/automatic-cable-coiling-machine\/\",\"url\":\"https:\/\/rollingringdrives.com\/product\/automatic-cable-coiling-machine\/\",\"name\":\"Automatic Cable Coiling Machine - QiPang\",\"isPartOf\":{\"@id\":\"https:\/\/rollingringdrives.com\/#website\"},\"primaryImageOfPage\":{\"@id\":\"https:\/\/rollingringdrives.com\/product\/automatic-cable-coiling-machine\/#primaryimage\"},\"image\":{\"@id\":\"https:\/\/rollingringdrives.com\/product\/automatic-cable-coiling-machine\/#primaryimage\"},\"thumbnailUrl\":\"https:\/\/rollingringdrives.com\/wp-content\/uploads\/2024\/01\/\u4e3b\u56fe10.jpg\",\"datePublished\":\"2024-01-08T10:41:28+00:00\",\"dateModified\":\"2025-07-07T06:12:31+00:00\",\"breadcrumb\":{\"@id\":\"https:\/\/rollingringdrives.com\/product\/automatic-cable-coiling-machine\/#breadcrumb\"},\"inLanguage\":\"es\",\"potentialAction\":[{\"@type\":\"ReadAction\",\"target\":[\"https:\/\/rollingringdrives.com\/product\/automatic-cable-coiling-machine\/\"]}]},{\"@type\":\"ImageObject\",\"inLanguage\":\"es\",\"@id\":\"https:\/\/rollingringdrives.com\/product\/automatic-cable-coiling-machine\/#primaryimage\",\"url\":\"https:\/\/rollingringdrives.com\/wp-content\/uploads\/2024\/01\/\u4e3b\u56fe10.jpg\",\"contentUrl\":\"https:\/\/rollingringdrives.com\/wp-content\/uploads\/2024\/01\/\u4e3b\u56fe10.jpg\",\"width\":600,\"height\":600,\"caption\":\"cable winder machine\"},{\"@type\":\"BreadcrumbList\",\"@id\":\"https:\/\/rollingringdrives.com\/product\/automatic-cable-coiling-machine\/#breadcrumb\",\"itemListElement\":[{\"@type\":\"ListItem\",\"position\":1,\"name\":\"Home\",\"item\":\"https:\/\/rollingringdrives.com\/\"},{\"@type\":\"ListItem\",\"position\":2,\"name\":\"Machines\",\"item\":\"https:\/\/rollingringdrives.com\/machines\/\"},{\"@type\":\"ListItem\",\"position\":3,\"name\":\"Automatic Cable Coiling Machine\"}]},{\"@type\":\"WebSite\",\"@id\":\"https:\/\/rollingringdrives.com\/#website\",\"url\":\"https:\/\/rollingringdrives.com\/\",\"name\":\"QiPang\",\"description\":\"QiPang Blog\",\"publisher\":{\"@id\":\"https:\/\/rollingringdrives.com\/#organization\"},\"potentialAction\":[{\"@type\":\"SearchAction\",\"target\":{\"@type\":\"EntryPoint\",\"urlTemplate\":\"https:\/\/rollingringdrives.com\/?s={search_term_string}\"},\"query-input\":{\"@type\":\"PropertyValueSpecification\",\"valueRequired\":true,\"valueName\":\"search_term_string\"}}],\"inLanguage\":\"es\"},{\"@type\":\"Organization\",\"@id\":\"https:\/\/rollingringdrives.com\/#organization\",\"name\":\"QiPang\",\"url\":\"https:\/\/rollingringdrives.com\/\",\"logo\":{\"@type\":\"ImageObject\",\"inLanguage\":\"es\",\"@id\":\"https:\/\/rollingringdrives.com\/#\/schema\/logo\/image\/\",\"url\":\"https:\/\/rollingringdrives.com\/wp-content\/uploads\/2023\/05\/cropped-\u672a\u547d\u540d\u7684\u8bbe\u8ba1.png\",\"contentUrl\":\"https:\/\/rollingringdrives.com\/wp-content\/uploads\/2023\/05\/cropped-\u672a\u547d\u540d\u7684\u8bbe\u8ba1.png\",\"width\":300,\"height\":191,\"caption\":\"QiPang\"},\"image\":{\"@id\":\"https:\/\/rollingringdrives.com\/#\/schema\/logo\/image\/\"}}]}<\/script>\n<!-- \/ Yoast SEO Premium plugin. -->","yoast_head_json":{"title":"M\u00e1quina enrolladora autom\u00e1tica de cables - QiPang","robots":{"index":"index","follow":"follow","max-snippet":"max-snippet:-1","max-image-preview":"max-image-preview:large","max-video-preview":"max-video-preview:-1"},"canonical":"https:\/\/rollingringdrives.com\/es\/producto\/maquina-automatica-para-enrollar-cables-2\/","og_locale":"es_MX","og_type":"article","og_title":"Automatic Cable Coiling Machine","og_description":"Take up machine  1.spool bobbin\uff1a&lt;=400mm  2. speed is adjustable  3.Optional part: meter counter or torque motor","og_url":"https:\/\/rollingringdrives.com\/es\/producto\/maquina-automatica-para-enrollar-cables-2\/","og_site_name":"QiPang","article_modified_time":"2025-07-07T06:12:31+00:00","og_image":[{"width":600,"height":600,"url":"https:\/\/rollingringdrives.com\/wp-content\/uploads\/2024\/01\/\u4e3b\u56fe10.jpg","type":"image\/jpeg"}],"twitter_card":"summary_large_image","twitter_misc":{"Tiempo de lectura":"2 minutos"},"schema":{"@context":"https:\/\/schema.org","@graph":[{"@type":"WebPage","@id":"https:\/\/rollingringdrives.com\/product\/automatic-cable-coiling-machine\/","url":"https:\/\/rollingringdrives.com\/product\/automatic-cable-coiling-machine\/","name":"M\u00e1quina enrolladora autom\u00e1tica de cables - QiPang","isPartOf":{"@id":"https:\/\/rollingringdrives.com\/#website"},"primaryImageOfPage":{"@id":"https:\/\/rollingringdrives.com\/product\/automatic-cable-coiling-machine\/#primaryimage"},"image":{"@id":"https:\/\/rollingringdrives.com\/product\/automatic-cable-coiling-machine\/#primaryimage"},"thumbnailUrl":"https:\/\/rollingringdrives.com\/wp-content\/uploads\/2024\/01\/\u4e3b\u56fe10.jpg","datePublished":"2024-01-08T10:41:28+00:00","dateModified":"2025-07-07T06:12:31+00:00","breadcrumb":{"@id":"https:\/\/rollingringdrives.com\/product\/automatic-cable-coiling-machine\/#breadcrumb"},"inLanguage":"es","potentialAction":[{"@type":"ReadAction","target":["https:\/\/rollingringdrives.com\/product\/automatic-cable-coiling-machine\/"]}]},{"@type":"ImageObject","inLanguage":"es","@id":"https:\/\/rollingringdrives.com\/product\/automatic-cable-coiling-machine\/#primaryimage","url":"https:\/\/rollingringdrives.com\/wp-content\/uploads\/2024\/01\/\u4e3b\u56fe10.jpg","contentUrl":"https:\/\/rollingringdrives.com\/wp-content\/uploads\/2024\/01\/\u4e3b\u56fe10.jpg","width":600,"height":600,"caption":"cable winder machine"},{"@type":"BreadcrumbList","@id":"https:\/\/rollingringdrives.com\/product\/automatic-cable-coiling-machine\/#breadcrumb","itemListElement":[{"@type":"ListItem","position":1,"name":"Home","item":"https:\/\/rollingringdrives.com\/"},{"@type":"ListItem","position":2,"name":"Machines","item":"https:\/\/rollingringdrives.com\/machines\/"},{"@type":"ListItem","position":3,"name":"Automatic Cable Coiling Machine"}]},{"@type":"WebSite","@id":"https:\/\/rollingringdrives.com\/#website","url":"https:\/\/rollingringdrives.com\/","name":"Qi Pang","description":"Blog QiPang","publisher":{"@id":"https:\/\/rollingringdrives.com\/#organization"},"potentialAction":[{"@type":"SearchAction","target":{"@type":"EntryPoint","urlTemplate":"https:\/\/rollingringdrives.com\/?s={search_term_string}"},"query-input":{"@type":"PropertyValueSpecification","valueRequired":true,"valueName":"search_term_string"}}],"inLanguage":"es"},{"@type":"Organization","@id":"https:\/\/rollingringdrives.com\/#organization","name":"Qi Pang","url":"https:\/\/rollingringdrives.com\/","logo":{"@type":"ImageObject","inLanguage":"es","@id":"https:\/\/rollingringdrives.com\/#\/schema\/logo\/image\/","url":"https:\/\/rollingringdrives.com\/wp-content\/uploads\/2023\/05\/cropped-\u672a\u547d\u540d\u7684\u8bbe\u8ba1.png","contentUrl":"https:\/\/rollingringdrives.com\/wp-content\/uploads\/2023\/05\/cropped-\u672a\u547d\u540d\u7684\u8bbe\u8ba1.png","width":300,"height":191,"caption":"QiPang"},"image":{"@id":"https:\/\/rollingringdrives.com\/#\/schema\/logo\/image\/"}}]}},"_links":{"self":[{"href":"https:\/\/rollingringdrives.com\/es\/wp-json\/wp\/v2\/product\/30925","targetHints":{"allow":["GET"]}}],"collection":[{"href":"https:\/\/rollingringdrives.com\/es\/wp-json\/wp\/v2\/product"}],"about":[{"href":"https:\/\/rollingringdrives.com\/es\/wp-json\/wp\/v2\/types\/product"}],"version-history":[{"count":0,"href":"https:\/\/rollingringdrives.com\/es\/wp-json\/wp\/v2\/product\/30925\/revisions"}],"wp:featuredmedia":[{"embeddable":true,"href":"https:\/\/rollingringdrives.com\/es\/wp-json\/wp\/v2\/media\/31884"}],"wp:attachment":[{"href":"https:\/\/rollingringdrives.com\/es\/wp-json\/wp\/v2\/media?parent=30925"}],"wp:term":[{"taxonomy":"product_brand","embeddable":true,"href":"https:\/\/rollingringdrives.com\/es\/wp-json\/wp\/v2\/product_brand?post=30925"},{"taxonomy":"product_cat","embeddable":true,"href":"https:\/\/rollingringdrives.com\/es\/wp-json\/wp\/v2\/product_cat?post=30925"},{"taxonomy":"product_tag","embeddable":true,"href":"https:\/\/rollingringdrives.com\/es\/wp-json\/wp\/v2\/product_tag?post=30925"}],"curies":[{"name":"wp","href":"https:\/\/api.w.org\/{rel}","templated":true}]}}